{"id":18119,"date":"2020-03-13T14:56:13","date_gmt":"2020-03-13T14:56:13","guid":{"rendered":"https:\/\/luggagehero.com\/?page_id=18119"},"modified":"2022-08-08T12:28:29","modified_gmt":"2022-08-08T12:28:29","slug":"mustek","status":"publish","type":"page","link":"https:\/\/luggagehero.com\/da\/prague\/mustek\/","title":{"rendered":"M\u016fstek"},"content":{"rendered":"<h3><b>Our service is similar to hotel luggage storage<\/b><\/h3>\n<p><span style=\"font-weight: 400;\">Many travelers who have been customers at hotels have asked the staff at the reception if they could store their luggage until they depart the city later in the day. For the most part, we offer the same service for everyone &#8211; no matter if they stay at a hotel, Airbnb or anywhere else. We are always ready to help you out.<\/span><\/p>\n<p><span style=\"font-weight: 400;\"> <youtube-embed class=\"youtube-embed\" yt-id=\"JQHjUFfd_TQ\"><\/youtube-embed><\/span><\/p>\n<p><span style=\"font-weight: 400;\"><img decoding=\"async\" src=\"https:\/\/luggagehero.com\/wp-content\/uploads\/2020\/03\/mustek-scaled.jpg\" \/><\/span><\/p>\n<h2 style=\"text-align: center;\">M\u016fstek<\/h2>\n<p>M\u016fstek is a Prague metro station and interchange point of line A and line B where each one has a separate platform. During the time of excavation in the area, workers discovered a medieval bridge which explained why the place has been named M\u016fstek, which means \u2018a small bridge\u2019. Line A was opened in 1978 and line B in 1985. The station has two exits, one of which takes you to the end of Wenceslas Square, where you can also see the preserved medieval bridge.<\/p>\n<p>The metro station M\u016fstek is situated in a very good location, with many shops, restaurants and during a holiday Christmas season also a market with local food and homemade souvenirs. Walking down the Wenceslas Square, you get to the majestic building of National Museum which you are able to see right away when you get out of the metro.<\/p>\n<p>From M\u016fstek, you can get to other important Prague metro stations such as preceding Starom\u011bstsk\u00e1 and following <a href=\"https:\/\/luggagehero.com\/prague\/namesti-republiky\/\">N\u00e1m\u011bst\u00ed Republiky<\/a>.<\/p>\n","protected":false},"excerpt":{"rendered":"<p>Our service is similar to hotel luggage storage Many travelers who have been customers at hotels have asked the staff at the reception if they could store their luggage until they depart the city later in the day. For the most part, we offer the same service for everyone &#8211; no matter if they stay [&hellip;]<\/p>\n","protected":false},"author":22,"featured_media":40555,"parent":17847,"menu_order":0,"comment_status":"closed","ping_status":"closed","template":"template-location.php","meta":{"_acf_changed":false,"footnotes":""},"class_list":["post-18119","page","type-page","status-publish","has-post-thumbnail","hentry"],"acf":[],"yoast_head":"<!-- This site is optimized with the Yoast SEO Premium plugin v27.0 (Yoast SEO v27.0) - https:\/\/yoast.com\/product\/yoast-seo-premium-wordpress\/ -->\n<title>M\u016fstek - LuggageHero<\/title>\n<meta name=\"description\" content=\"Drop off your luggage with LuggageHero network of local shops, cafes and hotels near M\u016fstek in Prague. Luggage storage in Prague has never been easier!\" \/>\n<meta name=\"robots\" content=\"index, follow, max-snippet:-1, max-image-preview:large, max-video-preview:-1\" \/>\n<link rel=\"canonical\" href=\"https:\/\/luggagehero.com\/da\/prague\/mustek\/\" \/>\n<meta property=\"og:locale\" content=\"da_DK\" \/>\n<meta property=\"og:type\" content=\"article\" \/>\n<meta property=\"og:title\" content=\"M\u016fstek\" \/>\n<meta property=\"og:description\" content=\"Drop off your luggage with LuggageHero network of local shops, cafes and hotels near M\u016fstek in Prague. Luggage storage in Prague has never been easier!\" \/>\n<meta property=\"og:url\" content=\"https:\/\/luggagehero.com\/da\/prague\/mustek\/\" \/>\n<meta property=\"og:site_name\" content=\"LuggageHero\" \/>\n<meta property=\"article:publisher\" content=\"https:\/\/www.facebook.com\/luggagehero\" \/>\n<meta property=\"article:modified_time\" content=\"2022-08-08T12:28:29+00:00\" \/>\n<meta property=\"og:image\" content=\"https:\/\/luggagehero.com\/wp-content\/uploads\/2021\/11\/Mustek.jpg\" \/>\n\t<meta property=\"og:image:width\" content=\"600\" \/>\n\t<meta property=\"og:image:height\" content=\"600\" \/>\n\t<meta property=\"og:image:type\" content=\"image\/jpeg\" \/>\n<meta name=\"twitter:card\" content=\"summary_large_image\" \/>\n<meta name=\"twitter:site\" content=\"@luggagehero\" \/>\n<meta name=\"twitter:label1\" content=\"Est. reading time\" \/>\n\t<meta name=\"twitter:data1\" content=\"2 minutes\" \/>\n<script type=\"application\/ld+json\" class=\"yoast-schema-graph\">{\"@context\":\"https:\/\/schema.org\",\"@graph\":[{\"@type\":\"WebPage\",\"@id\":\"https:\/\/luggagehero.com\/da\/prague\/mustek\/\",\"url\":\"https:\/\/luggagehero.com\/da\/prague\/mustek\/\",\"name\":\"M\u016fstek - LuggageHero\",\"isPartOf\":{\"@id\":\"https:\/\/luggagehero.com\/da\/#website\"},\"primaryImageOfPage\":{\"@id\":\"https:\/\/luggagehero.com\/da\/prague\/mustek\/#primaryimage\"},\"image\":{\"@id\":\"https:\/\/luggagehero.com\/da\/prague\/mustek\/#primaryimage\"},\"thumbnailUrl\":\"https:\/\/luggagehero.com\/wp-content\/uploads\/2021\/11\/Mustek.jpg\",\"datePublished\":\"2020-03-13T14:56:13+00:00\",\"dateModified\":\"2022-08-08T12:28:29+00:00\",\"description\":\"Drop off your luggage with LuggageHero network of local shops, cafes and hotels near M\u016fstek in Prague. Luggage storage in Prague has never been easier!\",\"breadcrumb\":{\"@id\":\"https:\/\/luggagehero.com\/da\/prague\/mustek\/#breadcrumb\"},\"inLanguage\":\"da-DK\",\"potentialAction\":[{\"@type\":\"ReadAction\",\"target\":[\"https:\/\/luggagehero.com\/da\/prague\/mustek\/\"]}]},{\"@type\":\"ImageObject\",\"inLanguage\":\"da-DK\",\"@id\":\"https:\/\/luggagehero.com\/da\/prague\/mustek\/#primaryimage\",\"url\":\"https:\/\/luggagehero.com\/wp-content\/uploads\/2021\/11\/Mustek.jpg\",\"contentUrl\":\"https:\/\/luggagehero.com\/wp-content\/uploads\/2021\/11\/Mustek.jpg\",\"width\":600,\"height\":600},{\"@type\":\"BreadcrumbList\",\"@id\":\"https:\/\/luggagehero.com\/da\/prague\/mustek\/#breadcrumb\",\"itemListElement\":[{\"@type\":\"ListItem\",\"position\":1,\"name\":\"Home\",\"item\":\"https:\/\/luggagehero.com\/da\/\"},{\"@type\":\"ListItem\",\"position\":2,\"name\":\"Prague\",\"item\":\"https:\/\/luggagehero.com\/da\/prague\/\"},{\"@type\":\"ListItem\",\"position\":3,\"name\":\"M\u016fstek\"}]},{\"@type\":\"WebSite\",\"@id\":\"https:\/\/luggagehero.com\/da\/#website\",\"url\":\"https:\/\/luggagehero.com\/da\/\",\"name\":\"LuggageHero\",\"description\":\"Free yourself from luggage\",\"publisher\":{\"@id\":\"https:\/\/luggagehero.com\/da\/#organization\"},\"potentialAction\":[{\"@type\":\"SearchAction\",\"target\":{\"@type\":\"EntryPoint\",\"urlTemplate\":\"https:\/\/luggagehero.com\/da\/?s={search_term_string}\"},\"query-input\":{\"@type\":\"PropertyValueSpecification\",\"valueRequired\":true,\"valueName\":\"search_term_string\"}}],\"inLanguage\":\"da-DK\"},{\"@type\":\"Organization\",\"@id\":\"https:\/\/luggagehero.com\/da\/#organization\",\"name\":\"LuggageHero\",\"url\":\"https:\/\/luggagehero.com\/da\/\",\"logo\":{\"@type\":\"ImageObject\",\"inLanguage\":\"da-DK\",\"@id\":\"https:\/\/luggagehero.com\/da\/#\/schema\/logo\/image\/\",\"url\":\"https:\/\/luggagehero.com\/wp-content\/uploads\/2017\/04\/luggagehero_LOGO-RGB_kort_POS_200x200.png\",\"contentUrl\":\"https:\/\/luggagehero.com\/wp-content\/uploads\/2017\/04\/luggagehero_LOGO-RGB_kort_POS_200x200.png\",\"width\":200,\"height\":200,\"caption\":\"LuggageHero\"},\"image\":{\"@id\":\"https:\/\/luggagehero.com\/da\/#\/schema\/logo\/image\/\"},\"sameAs\":[\"https:\/\/www.facebook.com\/luggagehero\",\"https:\/\/x.com\/luggagehero\",\"https:\/\/www.instagram.com\/luggagehero\",\"https:\/\/www.linkedin.com\/company\/luggagehero\/\"]}]}<\/script>\n<!-- \/ Yoast SEO Premium plugin. -->","yoast_head_json":{"title":"M\u016fstek - LuggageHero","description":"Drop off your luggage with LuggageHero network of local shops, cafes and hotels near M\u016fstek in Prague. Luggage storage in Prague has never been easier!","robots":{"index":"index","follow":"follow","max-snippet":"max-snippet:-1","max-image-preview":"max-image-preview:large","max-video-preview":"max-video-preview:-1"},"canonical":"https:\/\/luggagehero.com\/da\/prague\/mustek\/","og_locale":"da_DK","og_type":"article","og_title":"M\u016fstek","og_description":"Drop off your luggage with LuggageHero network of local shops, cafes and hotels near M\u016fstek in Prague. Luggage storage in Prague has never been easier!","og_url":"https:\/\/luggagehero.com\/da\/prague\/mustek\/","og_site_name":"LuggageHero","article_publisher":"https:\/\/www.facebook.com\/luggagehero","article_modified_time":"2022-08-08T12:28:29+00:00","og_image":[{"width":600,"height":600,"url":"https:\/\/luggagehero.com\/wp-content\/uploads\/2021\/11\/Mustek.jpg","type":"image\/jpeg"}],"twitter_card":"summary_large_image","twitter_site":"@luggagehero","twitter_misc":{"Est. reading time":"2 minutes"},"schema":{"@context":"https:\/\/schema.org","@graph":[{"@type":"WebPage","@id":"https:\/\/luggagehero.com\/da\/prague\/mustek\/","url":"https:\/\/luggagehero.com\/da\/prague\/mustek\/","name":"M\u016fstek - LuggageHero","isPartOf":{"@id":"https:\/\/luggagehero.com\/da\/#website"},"primaryImageOfPage":{"@id":"https:\/\/luggagehero.com\/da\/prague\/mustek\/#primaryimage"},"image":{"@id":"https:\/\/luggagehero.com\/da\/prague\/mustek\/#primaryimage"},"thumbnailUrl":"https:\/\/luggagehero.com\/wp-content\/uploads\/2021\/11\/Mustek.jpg","datePublished":"2020-03-13T14:56:13+00:00","dateModified":"2022-08-08T12:28:29+00:00","description":"Drop off your luggage with LuggageHero network of local shops, cafes and hotels near M\u016fstek in Prague. Luggage storage in Prague has never been easier!","breadcrumb":{"@id":"https:\/\/luggagehero.com\/da\/prague\/mustek\/#breadcrumb"},"inLanguage":"da-DK","potentialAction":[{"@type":"ReadAction","target":["https:\/\/luggagehero.com\/da\/prague\/mustek\/"]}]},{"@type":"ImageObject","inLanguage":"da-DK","@id":"https:\/\/luggagehero.com\/da\/prague\/mustek\/#primaryimage","url":"https:\/\/luggagehero.com\/wp-content\/uploads\/2021\/11\/Mustek.jpg","contentUrl":"https:\/\/luggagehero.com\/wp-content\/uploads\/2021\/11\/Mustek.jpg","width":600,"height":600},{"@type":"BreadcrumbList","@id":"https:\/\/luggagehero.com\/da\/prague\/mustek\/#breadcrumb","itemListElement":[{"@type":"ListItem","position":1,"name":"Home","item":"https:\/\/luggagehero.com\/da\/"},{"@type":"ListItem","position":2,"name":"Prague","item":"https:\/\/luggagehero.com\/da\/prague\/"},{"@type":"ListItem","position":3,"name":"M\u016fstek"}]},{"@type":"WebSite","@id":"https:\/\/luggagehero.com\/da\/#website","url":"https:\/\/luggagehero.com\/da\/","name":"LuggageHero","description":"Free yourself from luggage","publisher":{"@id":"https:\/\/luggagehero.com\/da\/#organization"},"potentialAction":[{"@type":"SearchAction","target":{"@type":"EntryPoint","urlTemplate":"https:\/\/luggagehero.com\/da\/?s={search_term_string}"},"query-input":{"@type":"PropertyValueSpecification","valueRequired":true,"valueName":"search_term_string"}}],"inLanguage":"da-DK"},{"@type":"Organization","@id":"https:\/\/luggagehero.com\/da\/#organization","name":"LuggageHero","url":"https:\/\/luggagehero.com\/da\/","logo":{"@type":"ImageObject","inLanguage":"da-DK","@id":"https:\/\/luggagehero.com\/da\/#\/schema\/logo\/image\/","url":"https:\/\/luggagehero.com\/wp-content\/uploads\/2017\/04\/luggagehero_LOGO-RGB_kort_POS_200x200.png","contentUrl":"https:\/\/luggagehero.com\/wp-content\/uploads\/2017\/04\/luggagehero_LOGO-RGB_kort_POS_200x200.png","width":200,"height":200,"caption":"LuggageHero"},"image":{"@id":"https:\/\/luggagehero.com\/da\/#\/schema\/logo\/image\/"},"sameAs":["https:\/\/www.facebook.com\/luggagehero","https:\/\/x.com\/luggagehero","https:\/\/www.instagram.com\/luggagehero","https:\/\/www.linkedin.com\/company\/luggagehero\/"]}]}},"place_id":"","place_latitude_longitude":"50.0837,14.4241","place_name":"M\u016fstek","criteria_title":"","criteria_description":"","meta_title":"","meta_description":"","children_criteria_title":"","children_criteria_description":"","children_meta_title":"","children_meta_description":"","_edit_last":"46","use_global_content":"","poi_type":"PublicTransit","content_raw":"<h3><b>Our service is similar to hotel luggage storage<\/b><\/h3>\r\n<span style=\"font-weight: 400;\">Many travelers who have been customers at hotels have asked the staff at the reception if they could store their luggage until they depart the city later in the day. For the most part, we offer the same service for everyone - no matter if they stay at a hotel, Airbnb or anywhere else. We are always ready to help you out.<\/span>\r\n\r\n<span style=\"font-weight: 400;\"> [youtube-embed id=JQHjUFfd_TQ]<\/span>\r\n\r\n<span style=\"font-weight: 400;\"><img src=\"https:\/\/luggagehero.com\/wp-content\/uploads\/2020\/03\/mustek-scaled.jpg\" \/><\/span>\r\n<h2 style=\"text-align: center;\">M\u016fstek<\/h2>\r\nM\u016fstek is a Prague metro station and interchange point of line A and line B where each one has a separate platform. During the time of excavation in the area, workers discovered a medieval bridge which explained why the place has been named M\u016fstek, which means \u2018a small bridge\u2019. Line A was opened in 1978 and line B in 1985. The station has two exits, one of which takes you to the end of Wenceslas Square, where you can also see the preserved medieval bridge.\r\n\r\nThe metro station M\u016fstek is situated in a very good location, with many shops, restaurants and during a holiday Christmas season also a market with local food and homemade souvenirs. Walking down the Wenceslas Square, you get to the majestic building of National Museum which you are able to see right away when you get out of the metro.\r\n\r\nFrom M\u016fstek, you can get to other important Prague metro stations such as preceding Starom\u011bstsk\u00e1 and following <a href=\"https:\/\/luggagehero.com\/prague\/namesti-republiky\/\">N\u00e1m\u011bst\u00ed Republiky<\/a>.","_links":{"self":[{"href":"https:\/\/luggagehero.com\/da\/wp-json\/wp\/v2\/pages\/18119","targetHints":{"allow":["GET"]}}],"collection":[{"href":"https:\/\/luggagehero.com\/da\/wp-json\/wp\/v2\/pages"}],"about":[{"href":"https:\/\/luggagehero.com\/da\/wp-json\/wp\/v2\/types\/page"}],"author":[{"embeddable":true,"href":"https:\/\/luggagehero.com\/da\/wp-json\/wp\/v2\/users\/22"}],"replies":[{"embeddable":true,"href":"https:\/\/luggagehero.com\/da\/wp-json\/wp\/v2\/comments?post=18119"}],"version-history":[{"count":0,"href":"https:\/\/luggagehero.com\/da\/wp-json\/wp\/v2\/pages\/18119\/revisions"}],"up":[{"embeddable":true,"href":"https:\/\/luggagehero.com\/da\/wp-json\/wp\/v2\/pages\/17847"}],"wp:featuredmedia":[{"embeddable":true,"href":"https:\/\/luggagehero.com\/da\/wp-json\/wp\/v2\/media\/40555"}],"wp:attachment":[{"href":"https:\/\/luggagehero.com\/da\/wp-json\/wp\/v2\/media?parent=18119"}],"curies":[{"name":"wp","href":"https:\/\/api.w.org\/{rel}","templated":true}]}}