{"id":3008,"date":"2017-04-27T19:02:24","date_gmt":"2017-04-27T19:02:24","guid":{"rendered":"https:\/\/luggagehero.com\/copenhagen\/"},"modified":"2023-08-22T11:12:57","modified_gmt":"2023-08-22T11:12:57","slug":"kobenhavn","status":"publish","type":"page","link":"https:\/\/luggagehero.com\/da\/kobenhavn\/","title":{"rendered":"K\u00f8benhavn"},"content":{"rendered":"<p>Omr\u00e5derne inkluderer <a href=\"https:\/\/luggagehero.com\/da\/kobenhavn\/norreport-station\/\">N\u00f8rreport Station<\/a>, <a href=\"https:\/\/luggagehero.com\/da\/kobenhavn\/nyhavn\/\">Nyhavn<\/a>, og K\u00f8benhavns Hovedbaneg\u00e5rd.<\/p>\n<p>Hvis du for eksempel ankommer fra Kastrup Lufthavn eller via tog inden din Airbnb eller hotel er klar til indtjekning, kan du nemt udforske byen uden din bagage. Opbevar dine tasker med LuggageHero og g\u00e5 p\u00e5 opdagelse i K\u00f8benhavn. Bes\u00f8g Tivoli, Danmark National Museum, Carlsbergs visitor center eller tag en kanal rundfart. Hvad end du v\u00e6lger, passer vi p\u00e5 din bagage.<\/p>\n<p>Alt du skal g\u00f8re er at bes\u00f8ge vores booking side og find en verificeret butik der passer ind til dine rejseplaner.<\/p>\n<p>&nbsp;<\/p>\n<p>&nbsp;<\/p>\n<p><img loading=\"lazy\" decoding=\"async\" class=\"aligncenter wp-image-2268\" title=\"Leave your luggage with a hero\" src=\"https:\/\/luggagehero.com\/wp-content\/uploads\/2017\/06\/LuggageHero_figur_fod-paa-kufferter-2-720x1060.png\" alt=\"Leave your luggage with a hero\" width=\"333\" height=\"490\" \/><\/p>\n<p>&nbsp;<\/p>\n<p>&nbsp;<\/p>\n<youtube-embed class=\"youtube-embed\" yt-id=\"JQHjUFfd_TQ\"><\/youtube-embed>\n<h3>By\u00a0<a style=\"box-sizing: border-box; -webkit-font-smoothing: antialiased; text-rendering: optimizeLegibility; text-size-adjust: none; -webkit-user-drag: none; -webkit-tap-highlight-color: transparent; background: 0px 0px; color: #23b8ea;\" href=\"https:\/\/www.lonelyplanet.com\/news\/2018\/05\/18\/drop-your-luggage-off-to-be-minded\/\" target=\"_blank\" rel=\"noopener noreferrer\">Lonely Planet<\/a>:<\/h3>\n<p style=\"box-sizing: border-box; -webkit-font-smoothing: antialiased; text-rendering: optimizeLegibility; text-size-adjust: none; -webkit-user-drag: none; -webkit-tap-highlight-color: transparent; line-height: 1.35em; color: #384347; font-family: Eina, 'Helvetica Neue', Helvetica, Arial, 'Lucida Grande', sans-serif; letter-spacing: -0.16px; text-align: center;\"><em style=\"box-sizing: border-box; -webkit-font-smoothing: antialiased; text-rendering: optimizeLegibility; text-size-adjust: none; -webkit-user-drag: none; -webkit-tap-highlight-color: transparent;\">\u201c<a style=\"box-sizing: border-box; -webkit-font-smoothing: antialiased; text-rendering: optimizeLegibility; text-size-adjust: none; -webkit-user-drag: none; -webkit-tap-highlight-color: transparent; background: 0px 0px; color: #23b8ea;\" href=\"https:\/\/luggagehero.com\/da\/\">LuggageHero<\/a>\u00a0lets you store your luggage in a local shop, caf\u00e9 or hotel, which is often more convenient than having to go to a storage facility at a train station.\u201d<\/em><\/p>\n<h4 style=\"box-sizing: border-box; -webkit-font-smoothing: antialiased; text-rendering: optimizeLegibility; text-size-adjust: none; -webkit-user-drag: none; -webkit-tap-highlight-color: transparent; margin-top: 0px; margin-bottom: 20px; color: #384347; letter-spacing: -0.015rem; line-height: 1.4em; font-size: 20px; font-family: Eina, 'Helvetica Neue', Helvetica, Arial, 'Lucida Grande', sans-serif; text-align: center;\"><\/h4>\n<p>&nbsp;<\/p>\n","protected":false},"excerpt":{"rendered":"<p>Omr\u00e5derne inkluderer N\u00f8rreport Station, Nyhavn, og K\u00f8benhavns Hovedbaneg\u00e5rd. Hvis du for eksempel ankommer fra Kastrup Lufthavn eller via tog inden din Airbnb eller hotel er klar til indtjekning, kan du nemt udforske byen uden din bagage. Opbevar dine tasker med LuggageHero og g\u00e5 p\u00e5 opdagelse i K\u00f8benhavn. Bes\u00f8g Tivoli, Danmark National Museum, Carlsbergs visitor center [&hellip;]<\/p>\n","protected":false},"author":4,"featured_media":0,"parent":0,"menu_order":0,"comment_status":"closed","ping_status":"closed","template":"template-location.php","meta":{"_acf_changed":false,"footnotes":""},"class_list":["post-3008","page","type-page","status-publish","hentry"],"acf":[],"yoast_head":"<!-- This site is optimized with the Yoast SEO Premium plugin v27.0 (Yoast SEO v27.0) - https:\/\/yoast.com\/product\/yoast-seo-premium-wordpress\/ -->\n<title>Luggage Storage Copenhagen - 50 locations - Only 1\u20ac\/hour!<\/title>\n<meta name=\"description\" content=\"Luggage storage Copenhagen. Look no further! The biggest and most convenient way to store your luggage while visiting Copenhagen. Easily store your luggage in local shops and free yourself from dragging it around. +50 locations,\" \/>\n<meta name=\"robots\" content=\"index, follow, max-snippet:-1, max-image-preview:large, max-video-preview:-1\" \/>\n<link rel=\"canonical\" href=\"https:\/\/luggagehero.com\/da\/kobenhavn\/\" \/>\n<meta property=\"og:locale\" content=\"da_DK\" \/>\n<meta property=\"og:type\" content=\"article\" \/>\n<meta property=\"og:title\" content=\"K\u00f8benhavn\" \/>\n<meta property=\"og:description\" content=\"Luggage storage Copenhagen. Look no further! The biggest and most convenient way to store your luggage while visiting Copenhagen. Easily store your luggage in local shops and free yourself from dragging it around. +50 locations,\" \/>\n<meta property=\"og:url\" content=\"https:\/\/luggagehero.com\/da\/kobenhavn\/\" \/>\n<meta property=\"og:site_name\" content=\"LuggageHero\" \/>\n<meta property=\"article:publisher\" content=\"https:\/\/www.facebook.com\/luggagehero\" \/>\n<meta property=\"article:modified_time\" content=\"2023-08-22T11:12:57+00:00\" \/>\n<meta property=\"og:image\" content=\"https:\/\/luggagehero.com\/wp-content\/uploads\/2017\/06\/LuggageHero_figur_fod-paa-kufferter-2-720x1060.png\" \/>\n<meta name=\"twitter:card\" content=\"summary_large_image\" \/>\n<meta name=\"twitter:site\" content=\"@luggagehero\" \/>\n<meta name=\"twitter:label1\" content=\"Est. reading time\" \/>\n\t<meta name=\"twitter:data1\" content=\"1 minute\" \/>\n<script type=\"application\/ld+json\" class=\"yoast-schema-graph\">{\"@context\":\"https:\/\/schema.org\",\"@graph\":[{\"@type\":\"WebPage\",\"@id\":\"https:\/\/luggagehero.com\/da\/kobenhavn\/\",\"url\":\"https:\/\/luggagehero.com\/da\/kobenhavn\/\",\"name\":\"Luggage Storage Copenhagen - 50 locations - Only 1\u20ac\/hour!\",\"isPartOf\":{\"@id\":\"https:\/\/luggagehero.com\/da\/#website\"},\"primaryImageOfPage\":{\"@id\":\"https:\/\/luggagehero.com\/da\/kobenhavn\/#primaryimage\"},\"image\":{\"@id\":\"https:\/\/luggagehero.com\/da\/kobenhavn\/#primaryimage\"},\"thumbnailUrl\":\"https:\/\/luggagehero.com\/wp-content\/uploads\/2017\/06\/LuggageHero_figur_fod-paa-kufferter-2-720x1060.png\",\"datePublished\":\"2017-04-27T19:02:24+00:00\",\"dateModified\":\"2023-08-22T11:12:57+00:00\",\"description\":\"Luggage storage Copenhagen. Look no further! The biggest and most convenient way to store your luggage while visiting Copenhagen. Easily store your luggage in local shops and free yourself from dragging it around. +50 locations,\",\"breadcrumb\":{\"@id\":\"https:\/\/luggagehero.com\/da\/kobenhavn\/#breadcrumb\"},\"inLanguage\":\"da-DK\",\"potentialAction\":[{\"@type\":\"ReadAction\",\"target\":[\"https:\/\/luggagehero.com\/da\/kobenhavn\/\"]}]},{\"@type\":\"ImageObject\",\"inLanguage\":\"da-DK\",\"@id\":\"https:\/\/luggagehero.com\/da\/kobenhavn\/#primaryimage\",\"url\":\"https:\/\/luggagehero.com\/wp-content\/uploads\/2017\/06\/LuggageHero_figur_fod-paa-kufferter-2-720x1060.png\",\"contentUrl\":\"https:\/\/luggagehero.com\/wp-content\/uploads\/2017\/06\/LuggageHero_figur_fod-paa-kufferter-2-720x1060.png\"},{\"@type\":\"BreadcrumbList\",\"@id\":\"https:\/\/luggagehero.com\/da\/kobenhavn\/#breadcrumb\",\"itemListElement\":[{\"@type\":\"ListItem\",\"position\":1,\"name\":\"Home\",\"item\":\"https:\/\/luggagehero.com\/da\/\"},{\"@type\":\"ListItem\",\"position\":2,\"name\":\"K\u00f8benhavn\"}]},{\"@type\":\"WebSite\",\"@id\":\"https:\/\/luggagehero.com\/da\/#website\",\"url\":\"https:\/\/luggagehero.com\/da\/\",\"name\":\"LuggageHero\",\"description\":\"Free yourself from luggage\",\"publisher\":{\"@id\":\"https:\/\/luggagehero.com\/da\/#organization\"},\"potentialAction\":[{\"@type\":\"SearchAction\",\"target\":{\"@type\":\"EntryPoint\",\"urlTemplate\":\"https:\/\/luggagehero.com\/da\/?s={search_term_string}\"},\"query-input\":{\"@type\":\"PropertyValueSpecification\",\"valueRequired\":true,\"valueName\":\"search_term_string\"}}],\"inLanguage\":\"da-DK\"},{\"@type\":\"Organization\",\"@id\":\"https:\/\/luggagehero.com\/da\/#organization\",\"name\":\"LuggageHero\",\"url\":\"https:\/\/luggagehero.com\/da\/\",\"logo\":{\"@type\":\"ImageObject\",\"inLanguage\":\"da-DK\",\"@id\":\"https:\/\/luggagehero.com\/da\/#\/schema\/logo\/image\/\",\"url\":\"https:\/\/luggagehero.com\/wp-content\/uploads\/2017\/04\/luggagehero_LOGO-RGB_kort_POS_200x200.png\",\"contentUrl\":\"https:\/\/luggagehero.com\/wp-content\/uploads\/2017\/04\/luggagehero_LOGO-RGB_kort_POS_200x200.png\",\"width\":200,\"height\":200,\"caption\":\"LuggageHero\"},\"image\":{\"@id\":\"https:\/\/luggagehero.com\/da\/#\/schema\/logo\/image\/\"},\"sameAs\":[\"https:\/\/www.facebook.com\/luggagehero\",\"https:\/\/x.com\/luggagehero\",\"https:\/\/www.instagram.com\/luggagehero\",\"https:\/\/www.linkedin.com\/company\/luggagehero\/\"]}]}<\/script>\n<!-- \/ Yoast SEO Premium plugin. -->","yoast_head_json":{"title":"Luggage Storage Copenhagen - 50 locations - Only 1\u20ac\/hour!","description":"Luggage storage Copenhagen. Look no further! The biggest and most convenient way to store your luggage while visiting Copenhagen. Easily store your luggage in local shops and free yourself from dragging it around. +50 locations,","robots":{"index":"index","follow":"follow","max-snippet":"max-snippet:-1","max-image-preview":"max-image-preview:large","max-video-preview":"max-video-preview:-1"},"canonical":"https:\/\/luggagehero.com\/da\/kobenhavn\/","og_locale":"da_DK","og_type":"article","og_title":"K\u00f8benhavn","og_description":"Luggage storage Copenhagen. Look no further! The biggest and most convenient way to store your luggage while visiting Copenhagen. Easily store your luggage in local shops and free yourself from dragging it around. +50 locations,","og_url":"https:\/\/luggagehero.com\/da\/kobenhavn\/","og_site_name":"LuggageHero","article_publisher":"https:\/\/www.facebook.com\/luggagehero","article_modified_time":"2023-08-22T11:12:57+00:00","og_image":[{"url":"https:\/\/luggagehero.com\/wp-content\/uploads\/2017\/06\/LuggageHero_figur_fod-paa-kufferter-2-720x1060.png","type":"","width":"","height":""}],"twitter_card":"summary_large_image","twitter_site":"@luggagehero","twitter_misc":{"Est. reading time":"1 minute"},"schema":{"@context":"https:\/\/schema.org","@graph":[{"@type":"WebPage","@id":"https:\/\/luggagehero.com\/da\/kobenhavn\/","url":"https:\/\/luggagehero.com\/da\/kobenhavn\/","name":"Luggage Storage Copenhagen - 50 locations - Only 1\u20ac\/hour!","isPartOf":{"@id":"https:\/\/luggagehero.com\/da\/#website"},"primaryImageOfPage":{"@id":"https:\/\/luggagehero.com\/da\/kobenhavn\/#primaryimage"},"image":{"@id":"https:\/\/luggagehero.com\/da\/kobenhavn\/#primaryimage"},"thumbnailUrl":"https:\/\/luggagehero.com\/wp-content\/uploads\/2017\/06\/LuggageHero_figur_fod-paa-kufferter-2-720x1060.png","datePublished":"2017-04-27T19:02:24+00:00","dateModified":"2023-08-22T11:12:57+00:00","description":"Luggage storage Copenhagen. Look no further! The biggest and most convenient way to store your luggage while visiting Copenhagen. Easily store your luggage in local shops and free yourself from dragging it around. +50 locations,","breadcrumb":{"@id":"https:\/\/luggagehero.com\/da\/kobenhavn\/#breadcrumb"},"inLanguage":"da-DK","potentialAction":[{"@type":"ReadAction","target":["https:\/\/luggagehero.com\/da\/kobenhavn\/"]}]},{"@type":"ImageObject","inLanguage":"da-DK","@id":"https:\/\/luggagehero.com\/da\/kobenhavn\/#primaryimage","url":"https:\/\/luggagehero.com\/wp-content\/uploads\/2017\/06\/LuggageHero_figur_fod-paa-kufferter-2-720x1060.png","contentUrl":"https:\/\/luggagehero.com\/wp-content\/uploads\/2017\/06\/LuggageHero_figur_fod-paa-kufferter-2-720x1060.png"},{"@type":"BreadcrumbList","@id":"https:\/\/luggagehero.com\/da\/kobenhavn\/#breadcrumb","itemListElement":[{"@type":"ListItem","position":1,"name":"Home","item":"https:\/\/luggagehero.com\/da\/"},{"@type":"ListItem","position":2,"name":"K\u00f8benhavn"}]},{"@type":"WebSite","@id":"https:\/\/luggagehero.com\/da\/#website","url":"https:\/\/luggagehero.com\/da\/","name":"LuggageHero","description":"Free yourself from luggage","publisher":{"@id":"https:\/\/luggagehero.com\/da\/#organization"},"potentialAction":[{"@type":"SearchAction","target":{"@type":"EntryPoint","urlTemplate":"https:\/\/luggagehero.com\/da\/?s={search_term_string}"},"query-input":{"@type":"PropertyValueSpecification","valueRequired":true,"valueName":"search_term_string"}}],"inLanguage":"da-DK"},{"@type":"Organization","@id":"https:\/\/luggagehero.com\/da\/#organization","name":"LuggageHero","url":"https:\/\/luggagehero.com\/da\/","logo":{"@type":"ImageObject","inLanguage":"da-DK","@id":"https:\/\/luggagehero.com\/da\/#\/schema\/logo\/image\/","url":"https:\/\/luggagehero.com\/wp-content\/uploads\/2017\/04\/luggagehero_LOGO-RGB_kort_POS_200x200.png","contentUrl":"https:\/\/luggagehero.com\/wp-content\/uploads\/2017\/04\/luggagehero_LOGO-RGB_kort_POS_200x200.png","width":200,"height":200,"caption":"LuggageHero"},"image":{"@id":"https:\/\/luggagehero.com\/da\/#\/schema\/logo\/image\/"},"sameAs":["https:\/\/www.facebook.com\/luggagehero","https:\/\/x.com\/luggagehero","https:\/\/www.instagram.com\/luggagehero","https:\/\/www.linkedin.com\/company\/luggagehero\/"]}]}},"place_id":"","place_latitude_longitude":"55.6728,12.5648","place_name":"K\u00f8benhavn","criteria_title":"Bagageopbevaring i 50 butikker i [location]","criteria_description":"Opbevar dine tasker fra \u20ac1\/timen","meta_title":"Bagageopbevaring K\u00f8benhavn - 50 lokationer  - 24\/7 - Fra \u20ac1\/timen","meta_description":"Brug det st\u00f8rste bagageopbaring netv\u00e6rk i K\u00f8benhavn i dag. 50 tilg\u00e6ngelige butikker i K\u00f8bnhavn. \u00c5ben 24\/7 - 7 dage om ugen. \u20ac2500 forsikring og sikkerheds forsegling inkl. ","children_criteria_title":"Bagageopbevaring [location]","children_criteria_description":"G\u00f8r din rejsedag til en feriedag fra \u20ac1\/timen","children_meta_title":"Bagageopbevaring [location] - 7 dage om ugen - fra \u20ac1\/timen","children_meta_description":"Nem og billige bagageopbevaring n\u00e6r [location]. Fra \u20ac1\/timen. \u20ac2500-forsikring og sikkerhedsforsegling inkl. Book online.","_edit_last":"46","use_global_content":"","poi_type":"","content_raw":"Omr\u00e5derne inkluderer <a href=\"https:\/\/luggagehero.com\/da\/kobenhavn\/norreport-station\/\">N\u00f8rreport Station<\/a>, <a href=\"https:\/\/luggagehero.com\/da\/kobenhavn\/nyhavn\/\">Nyhavn<\/a>, og K\u00f8benhavns Hovedbaneg\u00e5rd.\r\n\r\nHvis du for eksempel ankommer fra Kastrup Lufthavn eller via tog inden din Airbnb eller hotel er klar til indtjekning, kan du nemt udforske byen uden din bagage. Opbevar dine tasker med LuggageHero og g\u00e5 p\u00e5 opdagelse i K\u00f8benhavn. Bes\u00f8g Tivoli, Danmark National Museum, Carlsbergs visitor center eller tag en kanal rundfart. Hvad end du v\u00e6lger, passer vi p\u00e5 din bagage.\r\n\r\nAlt du skal g\u00f8re er at bes\u00f8ge vores booking side og find en verificeret butik der passer ind til dine rejseplaner.\r\n\r\n&nbsp;\r\n\r\n&nbsp;\r\n\r\n<img class=\"aligncenter wp-image-2268\" title=\"Leave your luggage with a hero\" src=\"https:\/\/luggagehero.com\/wp-content\/uploads\/2017\/06\/LuggageHero_figur_fod-paa-kufferter-2-720x1060.png\" alt=\"Leave your luggage with a hero\" width=\"333\" height=\"490\" \/>\r\n\r\n&nbsp;\r\n\r\n&nbsp;\r\n\r\n[youtube-embed id=JQHjUFfd_TQ]\r\n<h3>By\u00a0<a style=\"box-sizing: border-box; -webkit-font-smoothing: antialiased; text-rendering: optimizeLegibility; text-size-adjust: none; -webkit-user-drag: none; -webkit-tap-highlight-color: transparent; background: 0px 0px; color: #23b8ea;\" href=\"https:\/\/www.lonelyplanet.com\/news\/2018\/05\/18\/drop-your-luggage-off-to-be-minded\/\" target=\"_blank\" rel=\"noopener noreferrer\">Lonely Planet<\/a>:<\/h3>\r\n<p style=\"box-sizing: border-box; -webkit-font-smoothing: antialiased; text-rendering: optimizeLegibility; text-size-adjust: none; -webkit-user-drag: none; -webkit-tap-highlight-color: transparent; line-height: 1.35em; color: #384347; font-family: Eina, 'Helvetica Neue', Helvetica, Arial, 'Lucida Grande', sans-serif; letter-spacing: -0.16px; text-align: center;\"><em style=\"box-sizing: border-box; -webkit-font-smoothing: antialiased; text-rendering: optimizeLegibility; text-size-adjust: none; -webkit-user-drag: none; -webkit-tap-highlight-color: transparent;\">\u201c<a style=\"box-sizing: border-box; -webkit-font-smoothing: antialiased; text-rendering: optimizeLegibility; text-size-adjust: none; -webkit-user-drag: none; -webkit-tap-highlight-color: transparent; background: 0px 0px; color: #23b8ea;\" href=\"https:\/\/luggagehero.com\/da\/\">LuggageHero<\/a>\u00a0lets you store your luggage in a local shop, caf\u00e9 or hotel, which is often more convenient than having to go to a storage facility at a train station.\u201d<\/em><\/p>\r\n\r\n<h4 style=\"box-sizing: border-box; -webkit-font-smoothing: antialiased; text-rendering: optimizeLegibility; text-size-adjust: none; -webkit-user-drag: none; -webkit-tap-highlight-color: transparent; margin-top: 0px; margin-bottom: 20px; color: #384347; letter-spacing: -0.015rem; line-height: 1.4em; font-size: 20px; font-family: Eina, 'Helvetica Neue', Helvetica, Arial, 'Lucida Grande', sans-serif; text-align: center;\"><\/h4>\r\n&nbsp;","_links":{"self":[{"href":"https:\/\/luggagehero.com\/da\/wp-json\/wp\/v2\/pages\/3008","targetHints":{"allow":["GET"]}}],"collection":[{"href":"https:\/\/luggagehero.com\/da\/wp-json\/wp\/v2\/pages"}],"about":[{"href":"https:\/\/luggagehero.com\/da\/wp-json\/wp\/v2\/types\/page"}],"author":[{"embeddable":true,"href":"https:\/\/luggagehero.com\/da\/wp-json\/wp\/v2\/users\/4"}],"replies":[{"embeddable":true,"href":"https:\/\/luggagehero.com\/da\/wp-json\/wp\/v2\/comments?post=3008"}],"version-history":[{"count":0,"href":"https:\/\/luggagehero.com\/da\/wp-json\/wp\/v2\/pages\/3008\/revisions"}],"wp:attachment":[{"href":"https:\/\/luggagehero.com\/da\/wp-json\/wp\/v2\/media?parent=3008"}],"curies":[{"name":"wp","href":"https:\/\/api.w.org\/{rel}","templated":true}]}}