{"id":3029,"date":"2018-03-23T11:19:40","date_gmt":"2018-03-23T11:19:40","guid":{"rendered":"https:\/\/luggagehero.com\/copenhagen\/nyhavn\/"},"modified":"2023-09-04T08:28:24","modified_gmt":"2023-09-04T08:28:24","slug":"nyhavn","status":"publish","type":"page","link":"https:\/\/luggagehero.com\/da\/kobenhavn\/nyhavn\/","title":{"rendered":"Nyhavn"},"content":{"rendered":"<p>Leder du efter bagageopbevaring n\u00e6r Nyhavn? LuggageHero giver dig nem og sikker bagageopbevaring i lokale butikker rundt omkring i K\u00f8benhavn og Nyhavn. LuggageHeroes butikker er certificerede hoteller, cafeer og butikker. Lav en booking p\u00e5 forh\u00e5nd for at sikre en plads til dine tasker, hvis dine rejseplaner \u00e6ndre sig kan du nemt aflyse din booking. Adressen og rutevejledning er tilg\u00e6ngelig n\u00e5r du har lavet din booking og sendt til dig p\u00e5 en e-mail.<\/p>\n<p>LuggageHero bruger et stopur til at udregne den tid du bruger p\u00e5 opbevaring. N\u00e5r du ankommer til en af vores partnere skal du starte uret p\u00e5 din booking side. Ved afhentning af din bagage skal du stoppe uret for at gennemf\u00f8re betaling og f\u00e5 udleveret dine tasker.<\/p>\n<p>Alt bagage opbevaret bliver forseglet med vores sikkerhedsplomberinger og forsikres for op til $3000.<\/p>\n<p>G\u00f8r din rejsedag til en feriedag og f\u00e5 det meste ud af din tur til K\u00f8benhavn<\/p>\n<p><img loading=\"lazy\" decoding=\"async\" class=\"size-large wp-image-4818 aligncenter\" src=\"https:\/\/luggagehero.com\/wp-content\/uploads\/2018\/03\/Luggage_storage_nyhavn_copenhagen-800x450.jpg\" alt=\"\" width=\"800\" height=\"450\" srcset=\"https:\/\/luggagehero.com\/wp-content\/uploads\/2018\/03\/Luggage_storage_nyhavn_copenhagen-800x450.jpg 800w, https:\/\/luggagehero.com\/wp-content\/uploads\/2018\/03\/Luggage_storage_nyhavn_copenhagen-300x169.jpg 300w, https:\/\/luggagehero.com\/wp-content\/uploads\/2018\/03\/Luggage_storage_nyhavn_copenhagen-600x338.jpg 600w, https:\/\/luggagehero.com\/wp-content\/uploads\/2018\/03\/Luggage_storage_nyhavn_copenhagen.jpg 1024w\" sizes=\"auto, (max-width: 800px) 100vw, 800px\" \/><\/p>\n<p>&nbsp;<\/p>\n<h2 style=\"text-align: center;\">Nyhavn<\/h2>\n<p>Nyhavn er en af K\u00f8benhavns absolutte turistmagneter og et perfekt sted at slutte en lang dag. Spis p\u00e5 en af de utallige hyggelige restauranter eller g\u00f8r som k\u00f8benhavnerne og sl\u00e5 dig ned p\u00e5 kajen med en medbragt \u00f8l.<\/p>\n<p>Ved siden af Nyhavn finder du Kongen&#8217;s Nytorv hvorfra du har direkte adgang til str\u00f8get eller tag metroen til <a href=\"https:\/\/luggagehero.com\/da\/kobenhavn\/norreport-station\/\">N\u00f8rreport station<\/a> eller K\u00f8benhavns Lufthavn.<\/p>\n","protected":false},"excerpt":{"rendered":"<p>Leder du efter bagageopbevaring n\u00e6r Nyhavn? LuggageHero giver dig nem og sikker bagageopbevaring i lokale butikker rundt omkring i K\u00f8benhavn og Nyhavn. LuggageHeroes butikker er certificerede hoteller, cafeer og butikker. Lav en booking p\u00e5 forh\u00e5nd for at sikre en plads til dine tasker, hvis dine rejseplaner \u00e6ndre sig kan du nemt aflyse din booking. Adressen [&hellip;]<\/p>\n","protected":false},"author":9,"featured_media":0,"parent":3008,"menu_order":0,"comment_status":"closed","ping_status":"closed","template":"template-location.php","meta":{"_acf_changed":false,"footnotes":""},"class_list":["post-3029","page","type-page","status-publish","hentry"],"acf":[],"yoast_head":"<!-- This site is optimized with the Yoast SEO Premium plugin v27.0 (Yoast SEO v27.0) - https:\/\/yoast.com\/product\/yoast-seo-premium-wordpress\/ -->\n<title>Bagageopbevaring i Nyhavn t\u00e6t p\u00e5 Kongens Nytorv - fra \u20ac1\/timen<\/title>\n<meta name=\"description\" content=\"Den nemmeste, billigste og mest fleksible bagageopbevaring service i Nyhavn. Betal fra \u20ac1 i timen inkl. op til \u20ac2500 forsikring. Alle tasker forsegles af vores sikkerhedsplomberinger.\" \/>\n<meta name=\"robots\" content=\"index, follow, max-snippet:-1, max-image-preview:large, max-video-preview:-1\" \/>\n<link rel=\"canonical\" href=\"https:\/\/luggagehero.com\/da\/kobenhavn\/nyhavn\/\" \/>\n<meta property=\"og:locale\" content=\"da_DK\" \/>\n<meta property=\"og:type\" content=\"article\" \/>\n<meta property=\"og:title\" content=\"Nyhavn\" \/>\n<meta property=\"og:description\" content=\"Den nemmeste, billigste og mest fleksible bagageopbevaring service i Nyhavn. Betal fra \u20ac1 i timen inkl. op til \u20ac2500 forsikring. Alle tasker forsegles af vores sikkerhedsplomberinger.\" \/>\n<meta property=\"og:url\" content=\"https:\/\/luggagehero.com\/da\/kobenhavn\/nyhavn\/\" \/>\n<meta property=\"og:site_name\" content=\"LuggageHero\" \/>\n<meta property=\"article:publisher\" content=\"https:\/\/www.facebook.com\/luggagehero\" \/>\n<meta property=\"article:modified_time\" content=\"2023-09-04T08:28:24+00:00\" \/>\n<meta property=\"og:image\" content=\"https:\/\/luggagehero.com\/wp-content\/uploads\/2018\/03\/Luggage_storage_nyhavn_copenhagen-800x450.jpg\" \/>\n<meta name=\"twitter:card\" content=\"summary_large_image\" \/>\n<meta name=\"twitter:site\" content=\"@luggagehero\" \/>\n<meta name=\"twitter:label1\" content=\"Est. reading time\" \/>\n\t<meta name=\"twitter:data1\" content=\"2 minutes\" \/>\n<script type=\"application\/ld+json\" class=\"yoast-schema-graph\">{\"@context\":\"https:\/\/schema.org\",\"@graph\":[{\"@type\":\"WebPage\",\"@id\":\"https:\/\/luggagehero.com\/da\/kobenhavn\/nyhavn\/\",\"url\":\"https:\/\/luggagehero.com\/da\/kobenhavn\/nyhavn\/\",\"name\":\"Bagageopbevaring i Nyhavn t\u00e6t p\u00e5 Kongens Nytorv - fra \u20ac1\/timen\",\"isPartOf\":{\"@id\":\"https:\/\/luggagehero.com\/da\/#website\"},\"primaryImageOfPage\":{\"@id\":\"https:\/\/luggagehero.com\/da\/kobenhavn\/nyhavn\/#primaryimage\"},\"image\":{\"@id\":\"https:\/\/luggagehero.com\/da\/kobenhavn\/nyhavn\/#primaryimage\"},\"thumbnailUrl\":\"https:\/\/luggagehero.com\/wp-content\/uploads\/2018\/03\/Luggage_storage_nyhavn_copenhagen-800x450.jpg\",\"datePublished\":\"2018-03-23T11:19:40+00:00\",\"dateModified\":\"2023-09-04T08:28:24+00:00\",\"description\":\"Den nemmeste, billigste og mest fleksible bagageopbevaring service i Nyhavn. Betal fra \u20ac1 i timen inkl. op til \u20ac2500 forsikring. Alle tasker forsegles af vores sikkerhedsplomberinger.\",\"breadcrumb\":{\"@id\":\"https:\/\/luggagehero.com\/da\/kobenhavn\/nyhavn\/#breadcrumb\"},\"inLanguage\":\"da-DK\",\"potentialAction\":[{\"@type\":\"ReadAction\",\"target\":[\"https:\/\/luggagehero.com\/da\/kobenhavn\/nyhavn\/\"]}]},{\"@type\":\"ImageObject\",\"inLanguage\":\"da-DK\",\"@id\":\"https:\/\/luggagehero.com\/da\/kobenhavn\/nyhavn\/#primaryimage\",\"url\":\"https:\/\/luggagehero.com\/wp-content\/uploads\/2018\/03\/Luggage_storage_nyhavn_copenhagen-800x450.jpg\",\"contentUrl\":\"https:\/\/luggagehero.com\/wp-content\/uploads\/2018\/03\/Luggage_storage_nyhavn_copenhagen-800x450.jpg\"},{\"@type\":\"BreadcrumbList\",\"@id\":\"https:\/\/luggagehero.com\/da\/kobenhavn\/nyhavn\/#breadcrumb\",\"itemListElement\":[{\"@type\":\"ListItem\",\"position\":1,\"name\":\"Home\",\"item\":\"https:\/\/luggagehero.com\/da\/\"},{\"@type\":\"ListItem\",\"position\":2,\"name\":\"K\u00f8benhavn\",\"item\":\"https:\/\/luggagehero.com\/da\/kobenhavn\/\"},{\"@type\":\"ListItem\",\"position\":3,\"name\":\"Nyhavn\"}]},{\"@type\":\"WebSite\",\"@id\":\"https:\/\/luggagehero.com\/da\/#website\",\"url\":\"https:\/\/luggagehero.com\/da\/\",\"name\":\"LuggageHero\",\"description\":\"Free yourself from luggage\",\"publisher\":{\"@id\":\"https:\/\/luggagehero.com\/da\/#organization\"},\"potentialAction\":[{\"@type\":\"SearchAction\",\"target\":{\"@type\":\"EntryPoint\",\"urlTemplate\":\"https:\/\/luggagehero.com\/da\/?s={search_term_string}\"},\"query-input\":{\"@type\":\"PropertyValueSpecification\",\"valueRequired\":true,\"valueName\":\"search_term_string\"}}],\"inLanguage\":\"da-DK\"},{\"@type\":\"Organization\",\"@id\":\"https:\/\/luggagehero.com\/da\/#organization\",\"name\":\"LuggageHero\",\"url\":\"https:\/\/luggagehero.com\/da\/\",\"logo\":{\"@type\":\"ImageObject\",\"inLanguage\":\"da-DK\",\"@id\":\"https:\/\/luggagehero.com\/da\/#\/schema\/logo\/image\/\",\"url\":\"https:\/\/luggagehero.com\/wp-content\/uploads\/2017\/04\/luggagehero_LOGO-RGB_kort_POS_200x200.png\",\"contentUrl\":\"https:\/\/luggagehero.com\/wp-content\/uploads\/2017\/04\/luggagehero_LOGO-RGB_kort_POS_200x200.png\",\"width\":200,\"height\":200,\"caption\":\"LuggageHero\"},\"image\":{\"@id\":\"https:\/\/luggagehero.com\/da\/#\/schema\/logo\/image\/\"},\"sameAs\":[\"https:\/\/www.facebook.com\/luggagehero\",\"https:\/\/x.com\/luggagehero\",\"https:\/\/www.instagram.com\/luggagehero\",\"https:\/\/www.linkedin.com\/company\/luggagehero\/\"]}]}<\/script>\n<!-- \/ Yoast SEO Premium plugin. -->","yoast_head_json":{"title":"Bagageopbevaring i Nyhavn t\u00e6t p\u00e5 Kongens Nytorv - fra \u20ac1\/timen","description":"Den nemmeste, billigste og mest fleksible bagageopbevaring service i Nyhavn. Betal fra \u20ac1 i timen inkl. op til \u20ac2500 forsikring. Alle tasker forsegles af vores sikkerhedsplomberinger.","robots":{"index":"index","follow":"follow","max-snippet":"max-snippet:-1","max-image-preview":"max-image-preview:large","max-video-preview":"max-video-preview:-1"},"canonical":"https:\/\/luggagehero.com\/da\/kobenhavn\/nyhavn\/","og_locale":"da_DK","og_type":"article","og_title":"Nyhavn","og_description":"Den nemmeste, billigste og mest fleksible bagageopbevaring service i Nyhavn. Betal fra \u20ac1 i timen inkl. op til \u20ac2500 forsikring. Alle tasker forsegles af vores sikkerhedsplomberinger.","og_url":"https:\/\/luggagehero.com\/da\/kobenhavn\/nyhavn\/","og_site_name":"LuggageHero","article_publisher":"https:\/\/www.facebook.com\/luggagehero","article_modified_time":"2023-09-04T08:28:24+00:00","og_image":[{"url":"https:\/\/luggagehero.com\/wp-content\/uploads\/2018\/03\/Luggage_storage_nyhavn_copenhagen-800x450.jpg","type":"","width":"","height":""}],"twitter_card":"summary_large_image","twitter_site":"@luggagehero","twitter_misc":{"Est. reading time":"2 minutes"},"schema":{"@context":"https:\/\/schema.org","@graph":[{"@type":"WebPage","@id":"https:\/\/luggagehero.com\/da\/kobenhavn\/nyhavn\/","url":"https:\/\/luggagehero.com\/da\/kobenhavn\/nyhavn\/","name":"Bagageopbevaring i Nyhavn t\u00e6t p\u00e5 Kongens Nytorv - fra \u20ac1\/timen","isPartOf":{"@id":"https:\/\/luggagehero.com\/da\/#website"},"primaryImageOfPage":{"@id":"https:\/\/luggagehero.com\/da\/kobenhavn\/nyhavn\/#primaryimage"},"image":{"@id":"https:\/\/luggagehero.com\/da\/kobenhavn\/nyhavn\/#primaryimage"},"thumbnailUrl":"https:\/\/luggagehero.com\/wp-content\/uploads\/2018\/03\/Luggage_storage_nyhavn_copenhagen-800x450.jpg","datePublished":"2018-03-23T11:19:40+00:00","dateModified":"2023-09-04T08:28:24+00:00","description":"Den nemmeste, billigste og mest fleksible bagageopbevaring service i Nyhavn. Betal fra \u20ac1 i timen inkl. op til \u20ac2500 forsikring. Alle tasker forsegles af vores sikkerhedsplomberinger.","breadcrumb":{"@id":"https:\/\/luggagehero.com\/da\/kobenhavn\/nyhavn\/#breadcrumb"},"inLanguage":"da-DK","potentialAction":[{"@type":"ReadAction","target":["https:\/\/luggagehero.com\/da\/kobenhavn\/nyhavn\/"]}]},{"@type":"ImageObject","inLanguage":"da-DK","@id":"https:\/\/luggagehero.com\/da\/kobenhavn\/nyhavn\/#primaryimage","url":"https:\/\/luggagehero.com\/wp-content\/uploads\/2018\/03\/Luggage_storage_nyhavn_copenhagen-800x450.jpg","contentUrl":"https:\/\/luggagehero.com\/wp-content\/uploads\/2018\/03\/Luggage_storage_nyhavn_copenhagen-800x450.jpg"},{"@type":"BreadcrumbList","@id":"https:\/\/luggagehero.com\/da\/kobenhavn\/nyhavn\/#breadcrumb","itemListElement":[{"@type":"ListItem","position":1,"name":"Home","item":"https:\/\/luggagehero.com\/da\/"},{"@type":"ListItem","position":2,"name":"K\u00f8benhavn","item":"https:\/\/luggagehero.com\/da\/kobenhavn\/"},{"@type":"ListItem","position":3,"name":"Nyhavn"}]},{"@type":"WebSite","@id":"https:\/\/luggagehero.com\/da\/#website","url":"https:\/\/luggagehero.com\/da\/","name":"LuggageHero","description":"Free yourself from luggage","publisher":{"@id":"https:\/\/luggagehero.com\/da\/#organization"},"potentialAction":[{"@type":"SearchAction","target":{"@type":"EntryPoint","urlTemplate":"https:\/\/luggagehero.com\/da\/?s={search_term_string}"},"query-input":{"@type":"PropertyValueSpecification","valueRequired":true,"valueName":"search_term_string"}}],"inLanguage":"da-DK"},{"@type":"Organization","@id":"https:\/\/luggagehero.com\/da\/#organization","name":"LuggageHero","url":"https:\/\/luggagehero.com\/da\/","logo":{"@type":"ImageObject","inLanguage":"da-DK","@id":"https:\/\/luggagehero.com\/da\/#\/schema\/logo\/image\/","url":"https:\/\/luggagehero.com\/wp-content\/uploads\/2017\/04\/luggagehero_LOGO-RGB_kort_POS_200x200.png","contentUrl":"https:\/\/luggagehero.com\/wp-content\/uploads\/2017\/04\/luggagehero_LOGO-RGB_kort_POS_200x200.png","width":200,"height":200,"caption":"LuggageHero"},"image":{"@id":"https:\/\/luggagehero.com\/da\/#\/schema\/logo\/image\/"},"sameAs":["https:\/\/www.facebook.com\/luggagehero","https:\/\/x.com\/luggagehero","https:\/\/www.instagram.com\/luggagehero","https:\/\/www.linkedin.com\/company\/luggagehero\/"]}]}},"place_id":"","place_latitude_longitude":"55.67975542768104, 12.59132411029025","place_name":"Nyhavn","criteria_title":"","criteria_description":"","meta_title":"","meta_description":"","children_criteria_title":"","children_criteria_description":"","children_meta_title":"","children_meta_description":"","_edit_last":"9","use_global_content":"","poi_type":"","content_raw":"Leder du efter bagageopbevaring n\u00e6r Nyhavn? LuggageHero giver dig nem og sikker bagageopbevaring i lokale butikker rundt omkring i K\u00f8benhavn og Nyhavn. LuggageHeroes butikker er certificerede hoteller, cafeer og butikker. Lav en booking p\u00e5 forh\u00e5nd for at sikre en plads til dine tasker, hvis dine rejseplaner \u00e6ndre sig kan du nemt aflyse din booking. Adressen og rutevejledning er tilg\u00e6ngelig n\u00e5r du har lavet din booking og sendt til dig p\u00e5 en e-mail.\r\n\r\nLuggageHero bruger et stopur til at udregne den tid du bruger p\u00e5 opbevaring. N\u00e5r du ankommer til en af vores partnere skal du starte uret p\u00e5 din booking side. Ved afhentning af din bagage skal du stoppe uret for at gennemf\u00f8re betaling og f\u00e5 udleveret dine tasker.\r\n\r\nAlt bagage opbevaret bliver forseglet med vores sikkerhedsplomberinger og forsikres for op til $3000.\r\n\r\nG\u00f8r din rejsedag til en feriedag og f\u00e5 det meste ud af din tur til K\u00f8benhavn\r\n\r\n<img class=\"size-large wp-image-4818 aligncenter\" src=\"https:\/\/luggagehero.com\/wp-content\/uploads\/2018\/03\/Luggage_storage_nyhavn_copenhagen-800x450.jpg\" alt=\"\" width=\"800\" height=\"450\" \/>\r\n\r\n&nbsp;\r\n<h2 style=\"text-align: center;\">Nyhavn<\/h2>\r\nNyhavn er en af K\u00f8benhavns absolutte turistmagneter og et perfekt sted at slutte en lang dag. Spis p\u00e5 en af de utallige hyggelige restauranter eller g\u00f8r som k\u00f8benhavnerne og sl\u00e5 dig ned p\u00e5 kajen med en medbragt \u00f8l.\r\n\r\nVed siden af Nyhavn finder du Kongen's Nytorv hvorfra du har direkte adgang til str\u00f8get eller tag metroen til <a href=\"https:\/\/luggagehero.com\/da\/kobenhavn\/norreport-station\/\">N\u00f8rreport station<\/a> eller K\u00f8benhavns Lufthavn.","_links":{"self":[{"href":"https:\/\/luggagehero.com\/da\/wp-json\/wp\/v2\/pages\/3029","targetHints":{"allow":["GET"]}}],"collection":[{"href":"https:\/\/luggagehero.com\/da\/wp-json\/wp\/v2\/pages"}],"about":[{"href":"https:\/\/luggagehero.com\/da\/wp-json\/wp\/v2\/types\/page"}],"author":[{"embeddable":true,"href":"https:\/\/luggagehero.com\/da\/wp-json\/wp\/v2\/users\/9"}],"replies":[{"embeddable":true,"href":"https:\/\/luggagehero.com\/da\/wp-json\/wp\/v2\/comments?post=3029"}],"version-history":[{"count":0,"href":"https:\/\/luggagehero.com\/da\/wp-json\/wp\/v2\/pages\/3029\/revisions"}],"up":[{"embeddable":true,"href":"https:\/\/luggagehero.com\/da\/wp-json\/wp\/v2\/pages\/3008"}],"wp:attachment":[{"href":"https:\/\/luggagehero.com\/da\/wp-json\/wp\/v2\/media?parent=3029"}],"curies":[{"name":"wp","href":"https:\/\/api.w.org\/{rel}","templated":true}]}}