{"id":3036,"date":"2018-03-23T10:59:14","date_gmt":"2018-03-23T10:59:14","guid":{"rendered":"https:\/\/luggagehero.com\/copenhagen\/norreport-station\/"},"modified":"2023-09-04T08:28:41","modified_gmt":"2023-09-04T08:28:41","slug":"norreport-station","status":"publish","type":"page","link":"https:\/\/luggagehero.com\/da\/kobenhavn\/norreport-station\/","title":{"rendered":"N\u00f8rreport Station"},"content":{"rendered":"<p style=\"text-align: left;\">Leder du efter bagageopbevaring p\u00e5 N\u00f8rreport Station? LuggageHero tilbyder sikker, forsikret og nem bagageopbevaring i mere end 50 lokale butikker rundt omkring i K\u00f8benhavn.<\/p>\n<p>Fra N\u00f8rreport station har du nem adgang til K\u00f8benhavns Lufthavn med Metroen eller s-toget. Opbevar din bagage hos os og nyd din rejsedag i K\u00f8benhavn.<\/p>\n<p>&nbsp;<\/p>\n<p><img loading=\"lazy\" decoding=\"async\" class=\"aligncenter wp-image-2215 size-large\" src=\"https:\/\/luggagehero.com\/wp-content\/uploads\/2018\/03\/Luggage_storage_n\u00f8rreport_station-800x532.jpg\" alt=\"N\u00f8rreport Station in Copenhagen\" width=\"800\" height=\"532\" srcset=\"https:\/\/luggagehero.com\/wp-content\/uploads\/2018\/03\/Luggage_storage_n\u00f8rreport_station-800x532.jpg 800w, https:\/\/luggagehero.com\/wp-content\/uploads\/2018\/03\/Luggage_storage_n\u00f8rreport_station-300x200.jpg 300w, https:\/\/luggagehero.com\/wp-content\/uploads\/2018\/03\/Luggage_storage_n\u00f8rreport_station-600x399.jpg 600w, https:\/\/luggagehero.com\/wp-content\/uploads\/2018\/03\/Luggage_storage_n\u00f8rreport_station.jpg 1200w\" sizes=\"auto, (max-width: 800px) 100vw, 800px\" \/><\/p>\n<p>&nbsp;<\/p>\n<h2 style=\"text-align: center;\">N\u00f8rreport Station<\/h2>\n<p>N\u00f8rreport Station er et af de st\u00f8rste trafikknudepunkter i K\u00f8benhavn og den eneste station i Danmark som b\u00e5de har en Metro, S-tog, regional og lang-distance tog. Herfra har du adgang til hele K\u00f8benhavn og K\u00f8benhavns Lufthavn.<\/p>\n<p>Desv\u00e6rre finder du ikke bagageopbevaringsmuligeder p\u00e5 stationen.<\/p>\n<p>LuggageHero bruger lokale butikker rundt omkring i k\u00f8benhavn til at opbevare din baggage s\u00e5 du nemt kan g\u00e5 p\u00e5 opdagelse i K\u00f8benhavn uden at skulle sl\u00e6be rundt p\u00e5 alle dine kufferter.<\/p>\n<p>Vores timebaserede bagageopbevarings service giver dig billig og nem bagageopbevaring i mere end 50 location fordelt ud over byen.<\/p>\n","protected":false},"excerpt":{"rendered":"<p>Leder du efter bagageopbevaring p\u00e5 N\u00f8rreport Station? LuggageHero tilbyder sikker, forsikret og nem bagageopbevaring i mere end 50 lokale butikker rundt omkring i K\u00f8benhavn. Fra N\u00f8rreport station har du nem adgang til K\u00f8benhavns Lufthavn med Metroen eller s-toget. Opbevar din bagage hos os og nyd din rejsedag i K\u00f8benhavn. &nbsp; &nbsp; N\u00f8rreport Station N\u00f8rreport Station [&hellip;]<\/p>\n","protected":false},"author":9,"featured_media":0,"parent":3008,"menu_order":0,"comment_status":"closed","ping_status":"closed","template":"template-location.php","meta":{"_acf_changed":false,"footnotes":""},"class_list":["post-3036","page","type-page","status-publish","hentry"],"acf":[],"yoast_head":"<!-- This site is optimized with the Yoast SEO Premium plugin v27.0 (Yoast SEO v27.0) - https:\/\/yoast.com\/product\/yoast-seo-premium-wordpress\/ -->\n<title>Luggage storage at N\u00f8rreport Station - From \u20ac1\/hour - Book online<\/title>\n<meta name=\"description\" content=\"Easy, convenient and cheap luggage storage service at N\u00f8rreport Station From \u20ac1\/hour. \u20ac2500-insurance incl. Security seals attached to every bag.\" \/>\n<meta name=\"robots\" content=\"index, follow, max-snippet:-1, max-image-preview:large, max-video-preview:-1\" \/>\n<link rel=\"canonical\" href=\"https:\/\/luggagehero.com\/da\/kobenhavn\/norreport-station\/\" \/>\n<meta property=\"og:locale\" content=\"da_DK\" \/>\n<meta property=\"og:type\" content=\"article\" \/>\n<meta property=\"og:title\" content=\"N\u00f8rreport Station\" \/>\n<meta property=\"og:description\" content=\"Easy, convenient and cheap luggage storage service at N\u00f8rreport Station From \u20ac1\/hour. \u20ac2500-insurance incl. Security seals attached to every bag.\" \/>\n<meta property=\"og:url\" content=\"https:\/\/luggagehero.com\/da\/kobenhavn\/norreport-station\/\" \/>\n<meta property=\"og:site_name\" content=\"LuggageHero\" \/>\n<meta property=\"article:publisher\" content=\"https:\/\/www.facebook.com\/luggagehero\" \/>\n<meta property=\"article:modified_time\" content=\"2023-09-04T08:28:41+00:00\" \/>\n<meta property=\"og:image\" content=\"https:\/\/luggagehero.com\/wp-content\/uploads\/2017\/05\/luggagehero-luggage-storage-2.png\" \/>\n\t<meta property=\"og:image:width\" content=\"200\" \/>\n\t<meta property=\"og:image:height\" content=\"200\" \/>\n\t<meta property=\"og:image:type\" content=\"image\/png\" \/>\n<meta name=\"twitter:card\" content=\"summary_large_image\" \/>\n<meta name=\"twitter:site\" content=\"@luggagehero\" \/>\n<meta name=\"twitter:label1\" content=\"Est. reading time\" \/>\n\t<meta name=\"twitter:data1\" content=\"1 minute\" \/>\n<script type=\"application\/ld+json\" class=\"yoast-schema-graph\">{\"@context\":\"https:\/\/schema.org\",\"@graph\":[{\"@type\":\"WebPage\",\"@id\":\"https:\/\/luggagehero.com\/da\/kobenhavn\/norreport-station\/\",\"url\":\"https:\/\/luggagehero.com\/da\/kobenhavn\/norreport-station\/\",\"name\":\"Luggage storage at N\u00f8rreport Station - From \u20ac1\/hour - Book online\",\"isPartOf\":{\"@id\":\"https:\/\/luggagehero.com\/da\/#website\"},\"datePublished\":\"2018-03-23T10:59:14+00:00\",\"dateModified\":\"2023-09-04T08:28:41+00:00\",\"description\":\"Easy, convenient and cheap luggage storage service at N\u00f8rreport Station From \u20ac1\/hour. \u20ac2500-insurance incl. Security seals attached to every bag.\",\"breadcrumb\":{\"@id\":\"https:\/\/luggagehero.com\/da\/kobenhavn\/norreport-station\/#breadcrumb\"},\"inLanguage\":\"da-DK\",\"potentialAction\":[{\"@type\":\"ReadAction\",\"target\":[\"https:\/\/luggagehero.com\/da\/kobenhavn\/norreport-station\/\"]}]},{\"@type\":\"BreadcrumbList\",\"@id\":\"https:\/\/luggagehero.com\/da\/kobenhavn\/norreport-station\/#breadcrumb\",\"itemListElement\":[{\"@type\":\"ListItem\",\"position\":1,\"name\":\"Home\",\"item\":\"https:\/\/luggagehero.com\/da\/\"},{\"@type\":\"ListItem\",\"position\":2,\"name\":\"K\u00f8benhavn\",\"item\":\"https:\/\/luggagehero.com\/da\/kobenhavn\/\"},{\"@type\":\"ListItem\",\"position\":3,\"name\":\"N\u00f8rreport Station\"}]},{\"@type\":\"WebSite\",\"@id\":\"https:\/\/luggagehero.com\/da\/#website\",\"url\":\"https:\/\/luggagehero.com\/da\/\",\"name\":\"LuggageHero\",\"description\":\"Free yourself from luggage\",\"publisher\":{\"@id\":\"https:\/\/luggagehero.com\/da\/#organization\"},\"potentialAction\":[{\"@type\":\"SearchAction\",\"target\":{\"@type\":\"EntryPoint\",\"urlTemplate\":\"https:\/\/luggagehero.com\/da\/?s={search_term_string}\"},\"query-input\":{\"@type\":\"PropertyValueSpecification\",\"valueRequired\":true,\"valueName\":\"search_term_string\"}}],\"inLanguage\":\"da-DK\"},{\"@type\":\"Organization\",\"@id\":\"https:\/\/luggagehero.com\/da\/#organization\",\"name\":\"LuggageHero\",\"url\":\"https:\/\/luggagehero.com\/da\/\",\"logo\":{\"@type\":\"ImageObject\",\"inLanguage\":\"da-DK\",\"@id\":\"https:\/\/luggagehero.com\/da\/#\/schema\/logo\/image\/\",\"url\":\"https:\/\/luggagehero.com\/wp-content\/uploads\/2017\/04\/luggagehero_LOGO-RGB_kort_POS_200x200.png\",\"contentUrl\":\"https:\/\/luggagehero.com\/wp-content\/uploads\/2017\/04\/luggagehero_LOGO-RGB_kort_POS_200x200.png\",\"width\":200,\"height\":200,\"caption\":\"LuggageHero\"},\"image\":{\"@id\":\"https:\/\/luggagehero.com\/da\/#\/schema\/logo\/image\/\"},\"sameAs\":[\"https:\/\/www.facebook.com\/luggagehero\",\"https:\/\/x.com\/luggagehero\",\"https:\/\/www.instagram.com\/luggagehero\",\"https:\/\/www.linkedin.com\/company\/luggagehero\/\"]}]}<\/script>\n<!-- \/ Yoast SEO Premium plugin. -->","yoast_head_json":{"title":"Luggage storage at N\u00f8rreport Station - From \u20ac1\/hour - Book online","description":"Easy, convenient and cheap luggage storage service at N\u00f8rreport Station From \u20ac1\/hour. \u20ac2500-insurance incl. Security seals attached to every bag.","robots":{"index":"index","follow":"follow","max-snippet":"max-snippet:-1","max-image-preview":"max-image-preview:large","max-video-preview":"max-video-preview:-1"},"canonical":"https:\/\/luggagehero.com\/da\/kobenhavn\/norreport-station\/","og_locale":"da_DK","og_type":"article","og_title":"N\u00f8rreport Station","og_description":"Easy, convenient and cheap luggage storage service at N\u00f8rreport Station From \u20ac1\/hour. \u20ac2500-insurance incl. Security seals attached to every bag.","og_url":"https:\/\/luggagehero.com\/da\/kobenhavn\/norreport-station\/","og_site_name":"LuggageHero","article_publisher":"https:\/\/www.facebook.com\/luggagehero","article_modified_time":"2023-09-04T08:28:41+00:00","og_image":[{"width":200,"height":200,"url":"https:\/\/luggagehero.com\/wp-content\/uploads\/2017\/05\/luggagehero-luggage-storage-2.png","type":"image\/png"}],"twitter_card":"summary_large_image","twitter_site":"@luggagehero","twitter_misc":{"Est. reading time":"1 minute"},"schema":{"@context":"https:\/\/schema.org","@graph":[{"@type":"WebPage","@id":"https:\/\/luggagehero.com\/da\/kobenhavn\/norreport-station\/","url":"https:\/\/luggagehero.com\/da\/kobenhavn\/norreport-station\/","name":"Luggage storage at N\u00f8rreport Station - From \u20ac1\/hour - Book online","isPartOf":{"@id":"https:\/\/luggagehero.com\/da\/#website"},"datePublished":"2018-03-23T10:59:14+00:00","dateModified":"2023-09-04T08:28:41+00:00","description":"Easy, convenient and cheap luggage storage service at N\u00f8rreport Station From \u20ac1\/hour. \u20ac2500-insurance incl. Security seals attached to every bag.","breadcrumb":{"@id":"https:\/\/luggagehero.com\/da\/kobenhavn\/norreport-station\/#breadcrumb"},"inLanguage":"da-DK","potentialAction":[{"@type":"ReadAction","target":["https:\/\/luggagehero.com\/da\/kobenhavn\/norreport-station\/"]}]},{"@type":"BreadcrumbList","@id":"https:\/\/luggagehero.com\/da\/kobenhavn\/norreport-station\/#breadcrumb","itemListElement":[{"@type":"ListItem","position":1,"name":"Home","item":"https:\/\/luggagehero.com\/da\/"},{"@type":"ListItem","position":2,"name":"K\u00f8benhavn","item":"https:\/\/luggagehero.com\/da\/kobenhavn\/"},{"@type":"ListItem","position":3,"name":"N\u00f8rreport Station"}]},{"@type":"WebSite","@id":"https:\/\/luggagehero.com\/da\/#website","url":"https:\/\/luggagehero.com\/da\/","name":"LuggageHero","description":"Free yourself from luggage","publisher":{"@id":"https:\/\/luggagehero.com\/da\/#organization"},"potentialAction":[{"@type":"SearchAction","target":{"@type":"EntryPoint","urlTemplate":"https:\/\/luggagehero.com\/da\/?s={search_term_string}"},"query-input":{"@type":"PropertyValueSpecification","valueRequired":true,"valueName":"search_term_string"}}],"inLanguage":"da-DK"},{"@type":"Organization","@id":"https:\/\/luggagehero.com\/da\/#organization","name":"LuggageHero","url":"https:\/\/luggagehero.com\/da\/","logo":{"@type":"ImageObject","inLanguage":"da-DK","@id":"https:\/\/luggagehero.com\/da\/#\/schema\/logo\/image\/","url":"https:\/\/luggagehero.com\/wp-content\/uploads\/2017\/04\/luggagehero_LOGO-RGB_kort_POS_200x200.png","contentUrl":"https:\/\/luggagehero.com\/wp-content\/uploads\/2017\/04\/luggagehero_LOGO-RGB_kort_POS_200x200.png","width":200,"height":200,"caption":"LuggageHero"},"image":{"@id":"https:\/\/luggagehero.com\/da\/#\/schema\/logo\/image\/"},"sameAs":["https:\/\/www.facebook.com\/luggagehero","https:\/\/x.com\/luggagehero","https:\/\/www.instagram.com\/luggagehero","https:\/\/www.linkedin.com\/company\/luggagehero\/"]}]}},"place_id":"","place_latitude_longitude":"55.6831,12.5715","place_name":"N\u00f8rreport Station","criteria_title":"","criteria_description":"","meta_title":"","meta_description":"","children_criteria_title":"","children_criteria_description":"","children_meta_title":"","children_meta_description":"","_edit_last":"9","use_global_content":"","poi_type":"PublicTransit","content_raw":"<p style=\"text-align: left;\">Leder du efter bagageopbevaring p\u00e5 N\u00f8rreport Station? LuggageHero tilbyder sikker, forsikret og nem bagageopbevaring i mere end 50 lokale butikker rundt omkring i K\u00f8benhavn.<\/p>\r\nFra N\u00f8rreport station har du nem adgang til K\u00f8benhavns Lufthavn med Metroen eller s-toget. Opbevar din bagage hos os og nyd din rejsedag i K\u00f8benhavn.\r\n\r\n&nbsp;\r\n\r\n<img class=\"aligncenter wp-image-2215 size-large\" src=\"https:\/\/luggagehero.com\/wp-content\/uploads\/2018\/03\/Luggage_storage_n\u00f8rreport_station-800x532.jpg\" alt=\"N\u00f8rreport Station in Copenhagen\" width=\"800\" height=\"532\" \/>\r\n\r\n&nbsp;\r\n<h2 style=\"text-align: center;\">N\u00f8rreport Station<\/h2>\r\nN\u00f8rreport Station er et af de st\u00f8rste trafikknudepunkter i K\u00f8benhavn og den eneste station i Danmark som b\u00e5de har en Metro, S-tog, regional og lang-distance tog. Herfra har du adgang til hele K\u00f8benhavn og K\u00f8benhavns Lufthavn.\r\n\r\nDesv\u00e6rre finder du ikke bagageopbevaringsmuligeder p\u00e5 stationen.\r\n\r\nLuggageHero bruger lokale butikker rundt omkring i k\u00f8benhavn til at opbevare din baggage s\u00e5 du nemt kan g\u00e5 p\u00e5 opdagelse i K\u00f8benhavn uden at skulle sl\u00e6be rundt p\u00e5 alle dine kufferter.\r\n\r\nVores timebaserede bagageopbevarings service giver dig billig og nem bagageopbevaring i mere end 50 location fordelt ud over byen.","_links":{"self":[{"href":"https:\/\/luggagehero.com\/da\/wp-json\/wp\/v2\/pages\/3036","targetHints":{"allow":["GET"]}}],"collection":[{"href":"https:\/\/luggagehero.com\/da\/wp-json\/wp\/v2\/pages"}],"about":[{"href":"https:\/\/luggagehero.com\/da\/wp-json\/wp\/v2\/types\/page"}],"author":[{"embeddable":true,"href":"https:\/\/luggagehero.com\/da\/wp-json\/wp\/v2\/users\/9"}],"replies":[{"embeddable":true,"href":"https:\/\/luggagehero.com\/da\/wp-json\/wp\/v2\/comments?post=3036"}],"version-history":[{"count":0,"href":"https:\/\/luggagehero.com\/da\/wp-json\/wp\/v2\/pages\/3036\/revisions"}],"up":[{"embeddable":true,"href":"https:\/\/luggagehero.com\/da\/wp-json\/wp\/v2\/pages\/3008"}],"wp:attachment":[{"href":"https:\/\/luggagehero.com\/da\/wp-json\/wp\/v2\/media?parent=3036"}],"curies":[{"name":"wp","href":"https:\/\/api.w.org\/{rel}","templated":true}]}}