{"id":3043,"date":"2018-04-11T10:41:26","date_gmt":"2018-04-11T10:41:26","guid":{"rendered":"https:\/\/luggagehero.com\/copenhagen\/osterbro\/"},"modified":"2025-02-28T12:09:36","modified_gmt":"2025-02-28T12:09:36","slug":"osterbro","status":"publish","type":"page","link":"https:\/\/luggagehero.com\/da\/kobenhavn\/osterbro\/","title":{"rendered":"\u00d8sterbro"},"content":{"rendered":"<p>Leder du efter bagageopbevaring i n\u00e6rheden af \u00d8sterbro? LuggageHero giver dig nem og sikker bagageopbevaring i lokale butikker rundt omkring i hele K\u00f8benhavn.<\/p>\n<p>Vores lokationer er certificerede hoteller, cafeer og butikker. Lav en booking p\u00e5 forh\u00e5nd for at sikre en plads til dine tasker, hvis dine rejseplaner \u00e6ndre sig kan du nemt aflyse din booking. Adressen og rutevejledning er tilg\u00e6ngelig n\u00e5r du har lavet din booking og bliver sendt til dig p\u00e5 en e-mail.<\/p>\n<p>LuggageHero bruger et stopur til at udregne den tid du bruger p\u00e5 opbevaring. N\u00e5r du ankommer til en af vores partnere skal du starte uret p\u00e5 din booking side. Ved afhentning af din bagage skal du stoppe uret for at gennemf\u00f8re betaling og f\u00e5 udleveret dine tasker. Alt bagage opbevaret bliver forseglet med vores sikkerhedsplomberinger og forsikres for op til <pricing-component type=\"insurancecoverage\"><\/pricing-component>.<\/p>\n","protected":false},"excerpt":{"rendered":"<p>Leder du efter bagageopbevaring i n\u00e6rheden af \u00d8sterbro? LuggageHero giver dig nem og sikker bagageopbevaring i lokale butikker rundt omkring i hele K\u00f8benhavn. Vores lokationer er certificerede hoteller, cafeer og butikker. Lav en booking p\u00e5 forh\u00e5nd for at sikre en plads til dine tasker, hvis dine rejseplaner \u00e6ndre sig kan du nemt aflyse din booking. [&hellip;]<\/p>\n","protected":false},"author":9,"featured_media":0,"parent":3008,"menu_order":0,"comment_status":"closed","ping_status":"closed","template":"template-location.php","meta":{"_acf_changed":false,"footnotes":""},"class_list":["post-3043","page","type-page","status-publish","hentry"],"acf":[],"yoast_head":"<!-- This site is optimized with the Yoast SEO Premium plugin v27.0 (Yoast SEO v27.0) - https:\/\/yoast.com\/product\/yoast-seo-premium-wordpress\/ -->\n<title>Bagageopbevaring p\u00e5 \u00d8sterbro alle ugens dage - fra \u20ac1\/timen<\/title>\n<meta name=\"description\" content=\"Den nemmeste, billigste og mest fleksible bagageopbevaring service p\u00e5 \u00d8sterbro. Fra \u20ac1\/timen inkl. op til \u20ac2500 forsikring. Alle tasker forsegles med LuggageHero sikkerhedsplomberinger.\" \/>\n<meta name=\"robots\" content=\"index, follow, max-snippet:-1, max-image-preview:large, max-video-preview:-1\" \/>\n<link rel=\"canonical\" href=\"https:\/\/luggagehero.com\/da\/kobenhavn\/osterbro\/\" \/>\n<meta property=\"og:locale\" content=\"da_DK\" \/>\n<meta property=\"og:type\" content=\"article\" \/>\n<meta property=\"og:title\" content=\"\u00d8sterbro\" \/>\n<meta property=\"og:description\" content=\"Den nemmeste, billigste og mest fleksible bagageopbevaring service p\u00e5 \u00d8sterbro. Fra \u20ac1\/timen inkl. op til \u20ac2500 forsikring. Alle tasker forsegles med LuggageHero sikkerhedsplomberinger.\" \/>\n<meta property=\"og:url\" content=\"https:\/\/luggagehero.com\/da\/kobenhavn\/osterbro\/\" \/>\n<meta property=\"og:site_name\" content=\"LuggageHero\" \/>\n<meta property=\"article:publisher\" content=\"https:\/\/www.facebook.com\/luggagehero\" \/>\n<meta property=\"article:modified_time\" content=\"2025-02-28T12:09:36+00:00\" \/>\n<meta property=\"og:image\" content=\"https:\/\/luggagehero.com\/wp-content\/uploads\/2017\/05\/luggagehero-luggage-storage-2.png\" \/>\n\t<meta property=\"og:image:width\" content=\"200\" \/>\n\t<meta property=\"og:image:height\" content=\"200\" \/>\n\t<meta property=\"og:image:type\" content=\"image\/png\" \/>\n<meta name=\"twitter:card\" content=\"summary_large_image\" \/>\n<meta name=\"twitter:site\" content=\"@luggagehero\" \/>\n<meta name=\"twitter:label1\" content=\"Est. reading time\" \/>\n\t<meta name=\"twitter:data1\" content=\"1 minute\" \/>\n<script type=\"application\/ld+json\" class=\"yoast-schema-graph\">{\"@context\":\"https:\/\/schema.org\",\"@graph\":[{\"@type\":\"WebPage\",\"@id\":\"https:\/\/luggagehero.com\/da\/kobenhavn\/osterbro\/\",\"url\":\"https:\/\/luggagehero.com\/da\/kobenhavn\/osterbro\/\",\"name\":\"Bagageopbevaring p\u00e5 \u00d8sterbro alle ugens dage - fra \u20ac1\/timen\",\"isPartOf\":{\"@id\":\"https:\/\/luggagehero.com\/da\/#website\"},\"datePublished\":\"2018-04-11T10:41:26+00:00\",\"dateModified\":\"2025-02-28T12:09:36+00:00\",\"description\":\"Den nemmeste, billigste og mest fleksible bagageopbevaring service p\u00e5 \u00d8sterbro. Fra \u20ac1\/timen inkl. op til \u20ac2500 forsikring. Alle tasker forsegles med LuggageHero sikkerhedsplomberinger.\",\"breadcrumb\":{\"@id\":\"https:\/\/luggagehero.com\/da\/kobenhavn\/osterbro\/#breadcrumb\"},\"inLanguage\":\"da-DK\",\"potentialAction\":[{\"@type\":\"ReadAction\",\"target\":[\"https:\/\/luggagehero.com\/da\/kobenhavn\/osterbro\/\"]}]},{\"@type\":\"BreadcrumbList\",\"@id\":\"https:\/\/luggagehero.com\/da\/kobenhavn\/osterbro\/#breadcrumb\",\"itemListElement\":[{\"@type\":\"ListItem\",\"position\":1,\"name\":\"Home\",\"item\":\"https:\/\/luggagehero.com\/da\/\"},{\"@type\":\"ListItem\",\"position\":2,\"name\":\"K\u00f8benhavn\",\"item\":\"https:\/\/luggagehero.com\/da\/kobenhavn\/\"},{\"@type\":\"ListItem\",\"position\":3,\"name\":\"\u00d8sterbro\"}]},{\"@type\":\"WebSite\",\"@id\":\"https:\/\/luggagehero.com\/da\/#website\",\"url\":\"https:\/\/luggagehero.com\/da\/\",\"name\":\"LuggageHero\",\"description\":\"Free yourself from luggage\",\"publisher\":{\"@id\":\"https:\/\/luggagehero.com\/da\/#organization\"},\"potentialAction\":[{\"@type\":\"SearchAction\",\"target\":{\"@type\":\"EntryPoint\",\"urlTemplate\":\"https:\/\/luggagehero.com\/da\/?s={search_term_string}\"},\"query-input\":{\"@type\":\"PropertyValueSpecification\",\"valueRequired\":true,\"valueName\":\"search_term_string\"}}],\"inLanguage\":\"da-DK\"},{\"@type\":\"Organization\",\"@id\":\"https:\/\/luggagehero.com\/da\/#organization\",\"name\":\"LuggageHero\",\"url\":\"https:\/\/luggagehero.com\/da\/\",\"logo\":{\"@type\":\"ImageObject\",\"inLanguage\":\"da-DK\",\"@id\":\"https:\/\/luggagehero.com\/da\/#\/schema\/logo\/image\/\",\"url\":\"https:\/\/luggagehero.com\/wp-content\/uploads\/2017\/04\/luggagehero_LOGO-RGB_kort_POS_200x200.png\",\"contentUrl\":\"https:\/\/luggagehero.com\/wp-content\/uploads\/2017\/04\/luggagehero_LOGO-RGB_kort_POS_200x200.png\",\"width\":200,\"height\":200,\"caption\":\"LuggageHero\"},\"image\":{\"@id\":\"https:\/\/luggagehero.com\/da\/#\/schema\/logo\/image\/\"},\"sameAs\":[\"https:\/\/www.facebook.com\/luggagehero\",\"https:\/\/x.com\/luggagehero\",\"https:\/\/www.instagram.com\/luggagehero\",\"https:\/\/www.linkedin.com\/company\/luggagehero\/\"]}]}<\/script>\n<!-- \/ Yoast SEO Premium plugin. -->","yoast_head_json":{"title":"Bagageopbevaring p\u00e5 \u00d8sterbro alle ugens dage - fra \u20ac1\/timen","description":"Den nemmeste, billigste og mest fleksible bagageopbevaring service p\u00e5 \u00d8sterbro. Fra \u20ac1\/timen inkl. op til \u20ac2500 forsikring. Alle tasker forsegles med LuggageHero sikkerhedsplomberinger.","robots":{"index":"index","follow":"follow","max-snippet":"max-snippet:-1","max-image-preview":"max-image-preview:large","max-video-preview":"max-video-preview:-1"},"canonical":"https:\/\/luggagehero.com\/da\/kobenhavn\/osterbro\/","og_locale":"da_DK","og_type":"article","og_title":"\u00d8sterbro","og_description":"Den nemmeste, billigste og mest fleksible bagageopbevaring service p\u00e5 \u00d8sterbro. Fra \u20ac1\/timen inkl. op til \u20ac2500 forsikring. Alle tasker forsegles med LuggageHero sikkerhedsplomberinger.","og_url":"https:\/\/luggagehero.com\/da\/kobenhavn\/osterbro\/","og_site_name":"LuggageHero","article_publisher":"https:\/\/www.facebook.com\/luggagehero","article_modified_time":"2025-02-28T12:09:36+00:00","og_image":[{"width":200,"height":200,"url":"https:\/\/luggagehero.com\/wp-content\/uploads\/2017\/05\/luggagehero-luggage-storage-2.png","type":"image\/png"}],"twitter_card":"summary_large_image","twitter_site":"@luggagehero","twitter_misc":{"Est. reading time":"1 minute"},"schema":{"@context":"https:\/\/schema.org","@graph":[{"@type":"WebPage","@id":"https:\/\/luggagehero.com\/da\/kobenhavn\/osterbro\/","url":"https:\/\/luggagehero.com\/da\/kobenhavn\/osterbro\/","name":"Bagageopbevaring p\u00e5 \u00d8sterbro alle ugens dage - fra \u20ac1\/timen","isPartOf":{"@id":"https:\/\/luggagehero.com\/da\/#website"},"datePublished":"2018-04-11T10:41:26+00:00","dateModified":"2025-02-28T12:09:36+00:00","description":"Den nemmeste, billigste og mest fleksible bagageopbevaring service p\u00e5 \u00d8sterbro. Fra \u20ac1\/timen inkl. op til \u20ac2500 forsikring. Alle tasker forsegles med LuggageHero sikkerhedsplomberinger.","breadcrumb":{"@id":"https:\/\/luggagehero.com\/da\/kobenhavn\/osterbro\/#breadcrumb"},"inLanguage":"da-DK","potentialAction":[{"@type":"ReadAction","target":["https:\/\/luggagehero.com\/da\/kobenhavn\/osterbro\/"]}]},{"@type":"BreadcrumbList","@id":"https:\/\/luggagehero.com\/da\/kobenhavn\/osterbro\/#breadcrumb","itemListElement":[{"@type":"ListItem","position":1,"name":"Home","item":"https:\/\/luggagehero.com\/da\/"},{"@type":"ListItem","position":2,"name":"K\u00f8benhavn","item":"https:\/\/luggagehero.com\/da\/kobenhavn\/"},{"@type":"ListItem","position":3,"name":"\u00d8sterbro"}]},{"@type":"WebSite","@id":"https:\/\/luggagehero.com\/da\/#website","url":"https:\/\/luggagehero.com\/da\/","name":"LuggageHero","description":"Free yourself from luggage","publisher":{"@id":"https:\/\/luggagehero.com\/da\/#organization"},"potentialAction":[{"@type":"SearchAction","target":{"@type":"EntryPoint","urlTemplate":"https:\/\/luggagehero.com\/da\/?s={search_term_string}"},"query-input":{"@type":"PropertyValueSpecification","valueRequired":true,"valueName":"search_term_string"}}],"inLanguage":"da-DK"},{"@type":"Organization","@id":"https:\/\/luggagehero.com\/da\/#organization","name":"LuggageHero","url":"https:\/\/luggagehero.com\/da\/","logo":{"@type":"ImageObject","inLanguage":"da-DK","@id":"https:\/\/luggagehero.com\/da\/#\/schema\/logo\/image\/","url":"https:\/\/luggagehero.com\/wp-content\/uploads\/2017\/04\/luggagehero_LOGO-RGB_kort_POS_200x200.png","contentUrl":"https:\/\/luggagehero.com\/wp-content\/uploads\/2017\/04\/luggagehero_LOGO-RGB_kort_POS_200x200.png","width":200,"height":200,"caption":"LuggageHero"},"image":{"@id":"https:\/\/luggagehero.com\/da\/#\/schema\/logo\/image\/"},"sameAs":["https:\/\/www.facebook.com\/luggagehero","https:\/\/x.com\/luggagehero","https:\/\/www.instagram.com\/luggagehero","https:\/\/www.linkedin.com\/company\/luggagehero\/"]}]}},"place_id":"","place_latitude_longitude":"55.69324535550406, 12.584453191415514","place_name":"\u00d8sterbro","criteria_title":"","criteria_description":"","meta_title":"","meta_description":"","children_criteria_title":"","children_criteria_description":"","children_meta_title":"","children_meta_description":"","_edit_last":"3","use_global_content":"","poi_type":"","content_raw":"Leder du efter bagageopbevaring i n\u00e6rheden af \u00d8sterbro? LuggageHero giver dig nem og sikker bagageopbevaring i lokale butikker rundt omkring i hele K\u00f8benhavn.\r\n\r\nVores lokationer er certificerede hoteller, cafeer og butikker. Lav en booking p\u00e5 forh\u00e5nd for at sikre en plads til dine tasker, hvis dine rejseplaner \u00e6ndre sig kan du nemt aflyse din booking. Adressen og rutevejledning er tilg\u00e6ngelig n\u00e5r du har lavet din booking og bliver sendt til dig p\u00e5 en e-mail.\r\n\r\nLuggageHero bruger et stopur til at udregne den tid du bruger p\u00e5 opbevaring. N\u00e5r du ankommer til en af vores partnere skal du starte uret p\u00e5 din booking side. Ved afhentning af din bagage skal du stoppe uret for at gennemf\u00f8re betaling og f\u00e5 udleveret dine tasker. Alt bagage opbevaret bliver forseglet med vores sikkerhedsplomberinger og forsikres for op til [pricing insurancecoverage].","_links":{"self":[{"href":"https:\/\/luggagehero.com\/da\/wp-json\/wp\/v2\/pages\/3043","targetHints":{"allow":["GET"]}}],"collection":[{"href":"https:\/\/luggagehero.com\/da\/wp-json\/wp\/v2\/pages"}],"about":[{"href":"https:\/\/luggagehero.com\/da\/wp-json\/wp\/v2\/types\/page"}],"author":[{"embeddable":true,"href":"https:\/\/luggagehero.com\/da\/wp-json\/wp\/v2\/users\/9"}],"replies":[{"embeddable":true,"href":"https:\/\/luggagehero.com\/da\/wp-json\/wp\/v2\/comments?post=3043"}],"version-history":[{"count":0,"href":"https:\/\/luggagehero.com\/da\/wp-json\/wp\/v2\/pages\/3043\/revisions"}],"up":[{"embeddable":true,"href":"https:\/\/luggagehero.com\/da\/wp-json\/wp\/v2\/pages\/3008"}],"wp:attachment":[{"href":"https:\/\/luggagehero.com\/da\/wp-json\/wp\/v2\/media?parent=3043"}],"curies":[{"name":"wp","href":"https:\/\/api.w.org\/{rel}","templated":true}]}}