{"id":3559,"date":"2018-08-28T09:03:25","date_gmt":"2018-08-28T09:03:25","guid":{"rendered":"https:\/\/luggagehero.com\/kobenhavn\/city-centre\/"},"modified":"2023-09-04T08:29:53","modified_gmt":"2023-09-04T08:29:53","slug":"city-centre-2","status":"publish","type":"page","link":"https:\/\/luggagehero.com\/da\/kobenhavn\/city-centre-2\/","title":{"rendered":"K\u00f8benhavn C"},"content":{"rendered":"<p>Leder du efter bagageopbevaring i K\u00f8benhavn Centrum? LuggageHero giver dig nem og sikker bagageopbevaring i lokale butikker rundt omkring i hele K\u00f8benhavn. LuggageHeroes<\/p>\n<p>butikker er certificerede hoteller, cafeer og butikker. Lav en booking p\u00e5 forh\u00e5nd for at sikre en plads til dine tasker, hvis dine rejseplaner \u00e6ndre sig kan du nemt aflyse din booking. Adressen og rutevejledning er tilg\u00e6ngelig n\u00e5r du har lavet din booking og bliver sendt til dig p\u00e5 en e-mail.<\/p>\n<p>LuggageHero bruger et stopur til at udregne den tid du bruger p\u00e5 opbevaring. N\u00e5r du ankommer til en af vores partnere skal du starte uret p\u00e5 din booking side. Ved afhentning af din bagage skal du stoppe uret for at gennemf\u00f8re betaling og f\u00e5 udleveret dine tasker. Alt bagage opbevaret bliver forseglet med vores sikkerhedsplomberinger og forsikres for op til $3000.<\/p>\n<p>&nbsp;<\/p>\n<p><img loading=\"lazy\" decoding=\"async\" class=\"size-large wp-image-5871 aligncenter\" src=\"https:\/\/luggagehero.com\/wp-content\/uploads\/2019\/03\/shutterstock_1179755812-800x534.jpg\" alt=\"\" width=\"800\" height=\"534\" srcset=\"https:\/\/luggagehero.com\/wp-content\/uploads\/2019\/03\/shutterstock_1179755812-800x534.jpg 800w, https:\/\/luggagehero.com\/wp-content\/uploads\/2019\/03\/shutterstock_1179755812-300x200.jpg 300w, https:\/\/luggagehero.com\/wp-content\/uploads\/2019\/03\/shutterstock_1179755812-600x400.jpg 600w, https:\/\/luggagehero.com\/wp-content\/uploads\/2019\/03\/shutterstock_1179755812.jpg 1000w\" sizes=\"auto, (max-width: 800px) 100vw, 800px\" \/><\/p>\n<p>&nbsp;<\/p>\n<h2 style=\"text-align: center;\">K\u00f8benhavn Centrum<\/h2>\n<p>I midten af K\u00f8benhavn finder du Storkespringvandet p\u00e5 Amagertorv der h\u00f8jest sandsynligt ikke er officiet defineret som K\u00f8benhavn Centrum men ihvertfald en del af indre K\u00f8benhavn.<\/p>\n<p>R\u00e6kken af oplevelser i Indre K\u00f8benhavn er lang, uanset om du p\u00e5 herre- eller t\u00f8setr, med eller uden b\u00f8rn, ung eller gammel. Der er masser af shopping muligheder, attraktioner, ruterundfarter og anden sightseeingmuligheder. Vores partner lokaliseret f\u00e5 meter fra Storkespringvandet kan nemt g\u00f8re din tur rundt i Indre by noget lettere ved at tage sig af din bagage. Book online for at f\u00e5 den eksakte adresse og nyd K\u00f8benhavn uden besv\u00e6ret.<\/p>\n","protected":false},"excerpt":{"rendered":"<p>Leder du efter bagageopbevaring i K\u00f8benhavn Centrum? LuggageHero giver dig nem og sikker bagageopbevaring i lokale butikker rundt omkring i hele K\u00f8benhavn. LuggageHeroes butikker er certificerede hoteller, cafeer og butikker. Lav en booking p\u00e5 forh\u00e5nd for at sikre en plads til dine tasker, hvis dine rejseplaner \u00e6ndre sig kan du nemt aflyse din booking. Adressen [&hellip;]<\/p>\n","protected":false},"author":9,"featured_media":0,"parent":3008,"menu_order":0,"comment_status":"closed","ping_status":"closed","template":"template-location.php","meta":{"_acf_changed":false,"footnotes":""},"class_list":["post-3559","page","type-page","status-publish","hentry"],"acf":[],"yoast_head":"<!-- This site is optimized with the Yoast SEO Premium plugin v27.0 (Yoast SEO v27.0) - https:\/\/yoast.com\/product\/yoast-seo-premium-wordpress\/ -->\n<title>Bagageopbevaring i K\u00f8benhavn C 7 dage om ugen - Fra \u20ac1\/timen<\/title>\n<meta name=\"description\" content=\"Den nemmeste, billigeste og mest fleksible bagageopbevaring service i K\u00f8benhavn C. Fra \u20ac1\/timen inkl. op til \u20ac2500 forsikring. Alle tasker forsegles med vores sikkerhedsplomberinger.\" \/>\n<meta name=\"robots\" content=\"index, follow, max-snippet:-1, max-image-preview:large, max-video-preview:-1\" \/>\n<link rel=\"canonical\" href=\"https:\/\/luggagehero.com\/da\/kobenhavn\/city-centre-2\/\" \/>\n<meta property=\"og:locale\" content=\"da_DK\" \/>\n<meta property=\"og:type\" content=\"article\" \/>\n<meta property=\"og:title\" content=\"K\u00f8benhavn C\" \/>\n<meta property=\"og:description\" content=\"Den nemmeste, billigeste og mest fleksible bagageopbevaring service i K\u00f8benhavn C. Fra \u20ac1\/timen inkl. op til \u20ac2500 forsikring. Alle tasker forsegles med vores sikkerhedsplomberinger.\" \/>\n<meta property=\"og:url\" content=\"https:\/\/luggagehero.com\/da\/kobenhavn\/city-centre-2\/\" \/>\n<meta property=\"og:site_name\" content=\"LuggageHero\" \/>\n<meta property=\"article:publisher\" content=\"https:\/\/www.facebook.com\/luggagehero\" \/>\n<meta property=\"article:modified_time\" content=\"2023-09-04T08:29:53+00:00\" \/>\n<meta property=\"og:image\" content=\"https:\/\/luggagehero.com\/wp-content\/uploads\/2019\/03\/shutterstock_1179755812-800x534.jpg\" \/>\n<meta name=\"twitter:card\" content=\"summary_large_image\" \/>\n<meta name=\"twitter:site\" content=\"@luggagehero\" \/>\n<meta name=\"twitter:label1\" content=\"Est. reading time\" \/>\n\t<meta name=\"twitter:data1\" content=\"2 minutes\" \/>\n<script type=\"application\/ld+json\" class=\"yoast-schema-graph\">{\"@context\":\"https:\/\/schema.org\",\"@graph\":[{\"@type\":\"WebPage\",\"@id\":\"https:\/\/luggagehero.com\/da\/kobenhavn\/city-centre-2\/\",\"url\":\"https:\/\/luggagehero.com\/da\/kobenhavn\/city-centre-2\/\",\"name\":\"Bagageopbevaring i K\u00f8benhavn C 7 dage om ugen - Fra \u20ac1\/timen\",\"isPartOf\":{\"@id\":\"https:\/\/luggagehero.com\/da\/#website\"},\"primaryImageOfPage\":{\"@id\":\"https:\/\/luggagehero.com\/da\/kobenhavn\/city-centre-2\/#primaryimage\"},\"image\":{\"@id\":\"https:\/\/luggagehero.com\/da\/kobenhavn\/city-centre-2\/#primaryimage\"},\"thumbnailUrl\":\"https:\/\/luggagehero.com\/wp-content\/uploads\/2019\/03\/shutterstock_1179755812-800x534.jpg\",\"datePublished\":\"2018-08-28T09:03:25+00:00\",\"dateModified\":\"2023-09-04T08:29:53+00:00\",\"description\":\"Den nemmeste, billigeste og mest fleksible bagageopbevaring service i K\u00f8benhavn C. Fra \u20ac1\/timen inkl. op til \u20ac2500 forsikring. Alle tasker forsegles med vores sikkerhedsplomberinger.\",\"breadcrumb\":{\"@id\":\"https:\/\/luggagehero.com\/da\/kobenhavn\/city-centre-2\/#breadcrumb\"},\"inLanguage\":\"da-DK\",\"potentialAction\":[{\"@type\":\"ReadAction\",\"target\":[\"https:\/\/luggagehero.com\/da\/kobenhavn\/city-centre-2\/\"]}]},{\"@type\":\"ImageObject\",\"inLanguage\":\"da-DK\",\"@id\":\"https:\/\/luggagehero.com\/da\/kobenhavn\/city-centre-2\/#primaryimage\",\"url\":\"https:\/\/luggagehero.com\/wp-content\/uploads\/2019\/03\/shutterstock_1179755812-800x534.jpg\",\"contentUrl\":\"https:\/\/luggagehero.com\/wp-content\/uploads\/2019\/03\/shutterstock_1179755812-800x534.jpg\"},{\"@type\":\"BreadcrumbList\",\"@id\":\"https:\/\/luggagehero.com\/da\/kobenhavn\/city-centre-2\/#breadcrumb\",\"itemListElement\":[{\"@type\":\"ListItem\",\"position\":1,\"name\":\"Home\",\"item\":\"https:\/\/luggagehero.com\/da\/\"},{\"@type\":\"ListItem\",\"position\":2,\"name\":\"K\u00f8benhavn\",\"item\":\"https:\/\/luggagehero.com\/da\/kobenhavn\/\"},{\"@type\":\"ListItem\",\"position\":3,\"name\":\"K\u00f8benhavn C\"}]},{\"@type\":\"WebSite\",\"@id\":\"https:\/\/luggagehero.com\/da\/#website\",\"url\":\"https:\/\/luggagehero.com\/da\/\",\"name\":\"LuggageHero\",\"description\":\"Free yourself from luggage\",\"publisher\":{\"@id\":\"https:\/\/luggagehero.com\/da\/#organization\"},\"potentialAction\":[{\"@type\":\"SearchAction\",\"target\":{\"@type\":\"EntryPoint\",\"urlTemplate\":\"https:\/\/luggagehero.com\/da\/?s={search_term_string}\"},\"query-input\":{\"@type\":\"PropertyValueSpecification\",\"valueRequired\":true,\"valueName\":\"search_term_string\"}}],\"inLanguage\":\"da-DK\"},{\"@type\":\"Organization\",\"@id\":\"https:\/\/luggagehero.com\/da\/#organization\",\"name\":\"LuggageHero\",\"url\":\"https:\/\/luggagehero.com\/da\/\",\"logo\":{\"@type\":\"ImageObject\",\"inLanguage\":\"da-DK\",\"@id\":\"https:\/\/luggagehero.com\/da\/#\/schema\/logo\/image\/\",\"url\":\"https:\/\/luggagehero.com\/wp-content\/uploads\/2017\/04\/luggagehero_LOGO-RGB_kort_POS_200x200.png\",\"contentUrl\":\"https:\/\/luggagehero.com\/wp-content\/uploads\/2017\/04\/luggagehero_LOGO-RGB_kort_POS_200x200.png\",\"width\":200,\"height\":200,\"caption\":\"LuggageHero\"},\"image\":{\"@id\":\"https:\/\/luggagehero.com\/da\/#\/schema\/logo\/image\/\"},\"sameAs\":[\"https:\/\/www.facebook.com\/luggagehero\",\"https:\/\/x.com\/luggagehero\",\"https:\/\/www.instagram.com\/luggagehero\",\"https:\/\/www.linkedin.com\/company\/luggagehero\/\"]}]}<\/script>\n<!-- \/ Yoast SEO Premium plugin. -->","yoast_head_json":{"title":"Bagageopbevaring i K\u00f8benhavn C 7 dage om ugen - Fra \u20ac1\/timen","description":"Den nemmeste, billigeste og mest fleksible bagageopbevaring service i K\u00f8benhavn C. Fra \u20ac1\/timen inkl. op til \u20ac2500 forsikring. Alle tasker forsegles med vores sikkerhedsplomberinger.","robots":{"index":"index","follow":"follow","max-snippet":"max-snippet:-1","max-image-preview":"max-image-preview:large","max-video-preview":"max-video-preview:-1"},"canonical":"https:\/\/luggagehero.com\/da\/kobenhavn\/city-centre-2\/","og_locale":"da_DK","og_type":"article","og_title":"K\u00f8benhavn C","og_description":"Den nemmeste, billigeste og mest fleksible bagageopbevaring service i K\u00f8benhavn C. Fra \u20ac1\/timen inkl. op til \u20ac2500 forsikring. Alle tasker forsegles med vores sikkerhedsplomberinger.","og_url":"https:\/\/luggagehero.com\/da\/kobenhavn\/city-centre-2\/","og_site_name":"LuggageHero","article_publisher":"https:\/\/www.facebook.com\/luggagehero","article_modified_time":"2023-09-04T08:29:53+00:00","og_image":[{"url":"https:\/\/luggagehero.com\/wp-content\/uploads\/2019\/03\/shutterstock_1179755812-800x534.jpg","type":"","width":"","height":""}],"twitter_card":"summary_large_image","twitter_site":"@luggagehero","twitter_misc":{"Est. reading time":"2 minutes"},"schema":{"@context":"https:\/\/schema.org","@graph":[{"@type":"WebPage","@id":"https:\/\/luggagehero.com\/da\/kobenhavn\/city-centre-2\/","url":"https:\/\/luggagehero.com\/da\/kobenhavn\/city-centre-2\/","name":"Bagageopbevaring i K\u00f8benhavn C 7 dage om ugen - Fra \u20ac1\/timen","isPartOf":{"@id":"https:\/\/luggagehero.com\/da\/#website"},"primaryImageOfPage":{"@id":"https:\/\/luggagehero.com\/da\/kobenhavn\/city-centre-2\/#primaryimage"},"image":{"@id":"https:\/\/luggagehero.com\/da\/kobenhavn\/city-centre-2\/#primaryimage"},"thumbnailUrl":"https:\/\/luggagehero.com\/wp-content\/uploads\/2019\/03\/shutterstock_1179755812-800x534.jpg","datePublished":"2018-08-28T09:03:25+00:00","dateModified":"2023-09-04T08:29:53+00:00","description":"Den nemmeste, billigeste og mest fleksible bagageopbevaring service i K\u00f8benhavn C. Fra \u20ac1\/timen inkl. op til \u20ac2500 forsikring. Alle tasker forsegles med vores sikkerhedsplomberinger.","breadcrumb":{"@id":"https:\/\/luggagehero.com\/da\/kobenhavn\/city-centre-2\/#breadcrumb"},"inLanguage":"da-DK","potentialAction":[{"@type":"ReadAction","target":["https:\/\/luggagehero.com\/da\/kobenhavn\/city-centre-2\/"]}]},{"@type":"ImageObject","inLanguage":"da-DK","@id":"https:\/\/luggagehero.com\/da\/kobenhavn\/city-centre-2\/#primaryimage","url":"https:\/\/luggagehero.com\/wp-content\/uploads\/2019\/03\/shutterstock_1179755812-800x534.jpg","contentUrl":"https:\/\/luggagehero.com\/wp-content\/uploads\/2019\/03\/shutterstock_1179755812-800x534.jpg"},{"@type":"BreadcrumbList","@id":"https:\/\/luggagehero.com\/da\/kobenhavn\/city-centre-2\/#breadcrumb","itemListElement":[{"@type":"ListItem","position":1,"name":"Home","item":"https:\/\/luggagehero.com\/da\/"},{"@type":"ListItem","position":2,"name":"K\u00f8benhavn","item":"https:\/\/luggagehero.com\/da\/kobenhavn\/"},{"@type":"ListItem","position":3,"name":"K\u00f8benhavn C"}]},{"@type":"WebSite","@id":"https:\/\/luggagehero.com\/da\/#website","url":"https:\/\/luggagehero.com\/da\/","name":"LuggageHero","description":"Free yourself from luggage","publisher":{"@id":"https:\/\/luggagehero.com\/da\/#organization"},"potentialAction":[{"@type":"SearchAction","target":{"@type":"EntryPoint","urlTemplate":"https:\/\/luggagehero.com\/da\/?s={search_term_string}"},"query-input":{"@type":"PropertyValueSpecification","valueRequired":true,"valueName":"search_term_string"}}],"inLanguage":"da-DK"},{"@type":"Organization","@id":"https:\/\/luggagehero.com\/da\/#organization","name":"LuggageHero","url":"https:\/\/luggagehero.com\/da\/","logo":{"@type":"ImageObject","inLanguage":"da-DK","@id":"https:\/\/luggagehero.com\/da\/#\/schema\/logo\/image\/","url":"https:\/\/luggagehero.com\/wp-content\/uploads\/2017\/04\/luggagehero_LOGO-RGB_kort_POS_200x200.png","contentUrl":"https:\/\/luggagehero.com\/wp-content\/uploads\/2017\/04\/luggagehero_LOGO-RGB_kort_POS_200x200.png","width":200,"height":200,"caption":"LuggageHero"},"image":{"@id":"https:\/\/luggagehero.com\/da\/#\/schema\/logo\/image\/"},"sameAs":["https:\/\/www.facebook.com\/luggagehero","https:\/\/x.com\/luggagehero","https:\/\/www.instagram.com\/luggagehero","https:\/\/www.linkedin.com\/company\/luggagehero\/"]}]}},"place_id":"","place_latitude_longitude":"55.67381717390097, 12.568125640596417","place_name":"K\u00f8benhavn C","criteria_title":"","criteria_description":"","meta_title":"","meta_description":"","children_criteria_title":"","children_criteria_description":"","children_meta_title":"","children_meta_description":"","_edit_last":"9","use_global_content":"","poi_type":"","content_raw":"Leder du efter bagageopbevaring i K\u00f8benhavn Centrum? LuggageHero giver dig nem og sikker bagageopbevaring i lokale butikker rundt omkring i hele K\u00f8benhavn. LuggageHeroes\r\n\r\nbutikker er certificerede hoteller, cafeer og butikker. Lav en booking p\u00e5 forh\u00e5nd for at sikre en plads til dine tasker, hvis dine rejseplaner \u00e6ndre sig kan du nemt aflyse din booking. Adressen og rutevejledning er tilg\u00e6ngelig n\u00e5r du har lavet din booking og bliver sendt til dig p\u00e5 en e-mail.\r\n\r\nLuggageHero bruger et stopur til at udregne den tid du bruger p\u00e5 opbevaring. N\u00e5r du ankommer til en af vores partnere skal du starte uret p\u00e5 din booking side. Ved afhentning af din bagage skal du stoppe uret for at gennemf\u00f8re betaling og f\u00e5 udleveret dine tasker. Alt bagage opbevaret bliver forseglet med vores sikkerhedsplomberinger og forsikres for op til $3000.\r\n\r\n&nbsp;\r\n\r\n<img class=\"size-large wp-image-5871 aligncenter\" src=\"https:\/\/luggagehero.com\/wp-content\/uploads\/2019\/03\/shutterstock_1179755812-800x534.jpg\" alt=\"\" width=\"800\" height=\"534\" \/>\r\n\r\n&nbsp;\r\n<h2 style=\"text-align: center;\">K\u00f8benhavn Centrum<\/h2>\r\nI midten af K\u00f8benhavn finder du Storkespringvandet p\u00e5 Amagertorv der h\u00f8jest sandsynligt ikke er officiet defineret som K\u00f8benhavn Centrum men ihvertfald en del af indre K\u00f8benhavn.\r\n\r\nR\u00e6kken af oplevelser i Indre K\u00f8benhavn er lang, uanset om du p\u00e5 herre- eller t\u00f8setr, med eller uden b\u00f8rn, ung eller gammel. Der er masser af shopping muligheder, attraktioner, ruterundfarter og anden sightseeingmuligheder. Vores partner lokaliseret f\u00e5 meter fra Storkespringvandet kan nemt g\u00f8re din tur rundt i Indre by noget lettere ved at tage sig af din bagage. Book online for at f\u00e5 den eksakte adresse og nyd K\u00f8benhavn uden besv\u00e6ret.","_links":{"self":[{"href":"https:\/\/luggagehero.com\/da\/wp-json\/wp\/v2\/pages\/3559","targetHints":{"allow":["GET"]}}],"collection":[{"href":"https:\/\/luggagehero.com\/da\/wp-json\/wp\/v2\/pages"}],"about":[{"href":"https:\/\/luggagehero.com\/da\/wp-json\/wp\/v2\/types\/page"}],"author":[{"embeddable":true,"href":"https:\/\/luggagehero.com\/da\/wp-json\/wp\/v2\/users\/9"}],"replies":[{"embeddable":true,"href":"https:\/\/luggagehero.com\/da\/wp-json\/wp\/v2\/comments?post=3559"}],"version-history":[{"count":0,"href":"https:\/\/luggagehero.com\/da\/wp-json\/wp\/v2\/pages\/3559\/revisions"}],"up":[{"embeddable":true,"href":"https:\/\/luggagehero.com\/da\/wp-json\/wp\/v2\/pages\/3008"}],"wp:attachment":[{"href":"https:\/\/luggagehero.com\/da\/wp-json\/wp\/v2\/media?parent=3559"}],"curies":[{"name":"wp","href":"https:\/\/api.w.org\/{rel}","templated":true}]}}