{"id":43349,"date":"2022-03-01T08:32:46","date_gmt":"2022-03-01T08:32:46","guid":{"rendered":"https:\/\/luggagehero.com\/?page_id=43349"},"modified":"2022-03-01T09:03:18","modified_gmt":"2022-03-01T09:03:18","slug":"blog-eviivo-fr","status":"publish","type":"page","link":"https:\/\/luggagehero.com\/da\/blog-eviivo-fr\/","title":{"rendered":"eviivo"},"content":{"rendered":"<h1>eviivo &#8211; logiciel de r\u00e9servation tout-en-un<\/h1>\n<p>FR:<\/p>\n<p>La suite eviivo &#8211; le logiciel de r\u00e9servation tout-en-un pour vos r\u00e9servations\u00a0 &#8211; offre aux h\u00e9bergeurs de toutes sortes une offre compr\u00e9hensible et compl\u00e8te. Qu&#8217;il s&#8217;agisse de la synchronisation de votre contenu sur tous les principaux portails de voyage tels qu&#8217;Expedia, Booking.com et co. ou la cr\u00e9ation de votre propre site web avec le bouton de r\u00e9servation, la suite eviivo comprend tout cela et bien plus encore.<\/p>\n<p><img loading=\"lazy\" decoding=\"async\" class=\"alignnone size-full wp-image-43327\" src=\"https:\/\/luggagehero.com\/wp-content\/uploads\/2022\/02\/Screenshot-2022-02-28-114238kjhg.png\" alt=\"\" width=\"740\" height=\"642\" srcset=\"https:\/\/luggagehero.com\/wp-content\/uploads\/2022\/02\/Screenshot-2022-02-28-114238kjhg.png 740w, https:\/\/luggagehero.com\/wp-content\/uploads\/2022\/02\/Screenshot-2022-02-28-114238kjhg-300x260.png 300w, https:\/\/luggagehero.com\/wp-content\/uploads\/2022\/02\/Screenshot-2022-02-28-114238kjhg-600x521.png 600w\" sizes=\"auto, (max-width: 740px) 100vw, 740px\" \/><\/p>\n","protected":false},"excerpt":{"rendered":"<p>eviivo &#8211; logiciel de r\u00e9servation tout-en-un FR: La suite eviivo &#8211; le logiciel de r\u00e9servation tout-en-un pour vos r\u00e9servations\u00a0 &#8211; offre aux h\u00e9bergeurs de toutes sortes une offre compr\u00e9hensible et compl\u00e8te. Qu&#8217;il s&#8217;agisse de la synchronisation de votre contenu sur tous les principaux portails de voyage tels qu&#8217;Expedia, Booking.com et co. ou la cr\u00e9ation de [&hellip;]<\/p>\n","protected":false},"author":46,"featured_media":43337,"parent":0,"menu_order":0,"comment_status":"closed","ping_status":"closed","template":"","meta":{"_acf_changed":false,"footnotes":""},"class_list":["post-43349","page","type-page","status-publish","has-post-thumbnail","hentry"],"acf":[],"yoast_head":"<!-- This site is optimized with the Yoast SEO Premium plugin v27.0 (Yoast SEO v27.0) - https:\/\/yoast.com\/product\/yoast-seo-premium-wordpress\/ -->\n<title>eviivo - LuggageHero<\/title>\n<meta name=\"robots\" content=\"index, follow, max-snippet:-1, max-image-preview:large, max-video-preview:-1\" \/>\n<link rel=\"canonical\" href=\"https:\/\/luggagehero.com\/da\/blog-eviivo-fr\/\" \/>\n<meta property=\"og:locale\" content=\"da_DK\" \/>\n<meta property=\"og:type\" content=\"article\" \/>\n<meta property=\"og:title\" content=\"eviivo\" \/>\n<meta property=\"og:description\" content=\"eviivo &#8211; logiciel de r\u00e9servation tout-en-un FR: La suite eviivo &#8211; le logiciel de r\u00e9servation tout-en-un pour vos r\u00e9servations\u00a0 &#8211; offre aux h\u00e9bergeurs de toutes sortes une offre compr\u00e9hensible et compl\u00e8te. Qu&#8217;il s&#8217;agisse de la synchronisation de votre contenu sur tous les principaux portails de voyage tels qu&#8217;Expedia, Booking.com et co. ou la cr\u00e9ation de [&hellip;]\" \/>\n<meta property=\"og:url\" content=\"https:\/\/luggagehero.com\/da\/blog-eviivo-fr\/\" \/>\n<meta property=\"og:site_name\" content=\"LuggageHero\" \/>\n<meta property=\"article:publisher\" content=\"https:\/\/www.facebook.com\/luggagehero\" \/>\n<meta property=\"article:modified_time\" content=\"2022-03-01T09:03:18+00:00\" \/>\n<meta property=\"og:image\" content=\"https:\/\/luggagehero.com\/wp-content\/uploads\/2022\/02\/Screenshot-2022-02-28-at-12.00.11.png\" \/>\n\t<meta property=\"og:image:width\" content=\"1316\" \/>\n\t<meta property=\"og:image:height\" content=\"738\" \/>\n\t<meta property=\"og:image:type\" content=\"image\/png\" \/>\n<meta name=\"twitter:card\" content=\"summary_large_image\" \/>\n<meta name=\"twitter:site\" content=\"@luggagehero\" \/>\n<meta name=\"twitter:label1\" content=\"Est. reading time\" \/>\n\t<meta name=\"twitter:data1\" content=\"1 minute\" \/>\n<script type=\"application\/ld+json\" class=\"yoast-schema-graph\">{\"@context\":\"https:\/\/schema.org\",\"@graph\":[{\"@type\":\"WebPage\",\"@id\":\"https:\/\/luggagehero.com\/da\/blog-eviivo-fr\/\",\"url\":\"https:\/\/luggagehero.com\/da\/blog-eviivo-fr\/\",\"name\":\"eviivo - LuggageHero\",\"isPartOf\":{\"@id\":\"https:\/\/luggagehero.com\/da\/#website\"},\"primaryImageOfPage\":{\"@id\":\"https:\/\/luggagehero.com\/da\/blog-eviivo-fr\/#primaryimage\"},\"image\":{\"@id\":\"https:\/\/luggagehero.com\/da\/blog-eviivo-fr\/#primaryimage\"},\"thumbnailUrl\":\"https:\/\/luggagehero.com\/wp-content\/uploads\/2022\/02\/Screenshot-2022-02-28-at-12.00.11.png\",\"datePublished\":\"2022-03-01T08:32:46+00:00\",\"dateModified\":\"2022-03-01T09:03:18+00:00\",\"breadcrumb\":{\"@id\":\"https:\/\/luggagehero.com\/da\/blog-eviivo-fr\/#breadcrumb\"},\"inLanguage\":\"da-DK\",\"potentialAction\":[{\"@type\":\"ReadAction\",\"target\":[\"https:\/\/luggagehero.com\/da\/blog-eviivo-fr\/\"]}]},{\"@type\":\"ImageObject\",\"inLanguage\":\"da-DK\",\"@id\":\"https:\/\/luggagehero.com\/da\/blog-eviivo-fr\/#primaryimage\",\"url\":\"https:\/\/luggagehero.com\/wp-content\/uploads\/2022\/02\/Screenshot-2022-02-28-at-12.00.11.png\",\"contentUrl\":\"https:\/\/luggagehero.com\/wp-content\/uploads\/2022\/02\/Screenshot-2022-02-28-at-12.00.11.png\",\"width\":1316,\"height\":738},{\"@type\":\"BreadcrumbList\",\"@id\":\"https:\/\/luggagehero.com\/da\/blog-eviivo-fr\/#breadcrumb\",\"itemListElement\":[{\"@type\":\"ListItem\",\"position\":1,\"name\":\"Home\",\"item\":\"https:\/\/luggagehero.com\/da\/\"},{\"@type\":\"ListItem\",\"position\":2,\"name\":\"eviivo\"}]},{\"@type\":\"WebSite\",\"@id\":\"https:\/\/luggagehero.com\/da\/#website\",\"url\":\"https:\/\/luggagehero.com\/da\/\",\"name\":\"LuggageHero\",\"description\":\"Free yourself from luggage\",\"publisher\":{\"@id\":\"https:\/\/luggagehero.com\/da\/#organization\"},\"potentialAction\":[{\"@type\":\"SearchAction\",\"target\":{\"@type\":\"EntryPoint\",\"urlTemplate\":\"https:\/\/luggagehero.com\/da\/?s={search_term_string}\"},\"query-input\":{\"@type\":\"PropertyValueSpecification\",\"valueRequired\":true,\"valueName\":\"search_term_string\"}}],\"inLanguage\":\"da-DK\"},{\"@type\":\"Organization\",\"@id\":\"https:\/\/luggagehero.com\/da\/#organization\",\"name\":\"LuggageHero\",\"url\":\"https:\/\/luggagehero.com\/da\/\",\"logo\":{\"@type\":\"ImageObject\",\"inLanguage\":\"da-DK\",\"@id\":\"https:\/\/luggagehero.com\/da\/#\/schema\/logo\/image\/\",\"url\":\"https:\/\/luggagehero.com\/wp-content\/uploads\/2017\/04\/luggagehero_LOGO-RGB_kort_POS_200x200.png\",\"contentUrl\":\"https:\/\/luggagehero.com\/wp-content\/uploads\/2017\/04\/luggagehero_LOGO-RGB_kort_POS_200x200.png\",\"width\":200,\"height\":200,\"caption\":\"LuggageHero\"},\"image\":{\"@id\":\"https:\/\/luggagehero.com\/da\/#\/schema\/logo\/image\/\"},\"sameAs\":[\"https:\/\/www.facebook.com\/luggagehero\",\"https:\/\/x.com\/luggagehero\",\"https:\/\/www.instagram.com\/luggagehero\",\"https:\/\/www.linkedin.com\/company\/luggagehero\/\"]}]}<\/script>\n<!-- \/ Yoast SEO Premium plugin. -->","yoast_head_json":{"title":"eviivo - LuggageHero","robots":{"index":"index","follow":"follow","max-snippet":"max-snippet:-1","max-image-preview":"max-image-preview:large","max-video-preview":"max-video-preview:-1"},"canonical":"https:\/\/luggagehero.com\/da\/blog-eviivo-fr\/","og_locale":"da_DK","og_type":"article","og_title":"eviivo","og_description":"eviivo &#8211; logiciel de r\u00e9servation tout-en-un FR: La suite eviivo &#8211; le logiciel de r\u00e9servation tout-en-un pour vos r\u00e9servations\u00a0 &#8211; offre aux h\u00e9bergeurs de toutes sortes une offre compr\u00e9hensible et compl\u00e8te. Qu&#8217;il s&#8217;agisse de la synchronisation de votre contenu sur tous les principaux portails de voyage tels qu&#8217;Expedia, Booking.com et co. ou la cr\u00e9ation de [&hellip;]","og_url":"https:\/\/luggagehero.com\/da\/blog-eviivo-fr\/","og_site_name":"LuggageHero","article_publisher":"https:\/\/www.facebook.com\/luggagehero","article_modified_time":"2022-03-01T09:03:18+00:00","og_image":[{"width":1316,"height":738,"url":"https:\/\/luggagehero.com\/wp-content\/uploads\/2022\/02\/Screenshot-2022-02-28-at-12.00.11.png","type":"image\/png"}],"twitter_card":"summary_large_image","twitter_site":"@luggagehero","twitter_misc":{"Est. reading time":"1 minute"},"schema":{"@context":"https:\/\/schema.org","@graph":[{"@type":"WebPage","@id":"https:\/\/luggagehero.com\/da\/blog-eviivo-fr\/","url":"https:\/\/luggagehero.com\/da\/blog-eviivo-fr\/","name":"eviivo - LuggageHero","isPartOf":{"@id":"https:\/\/luggagehero.com\/da\/#website"},"primaryImageOfPage":{"@id":"https:\/\/luggagehero.com\/da\/blog-eviivo-fr\/#primaryimage"},"image":{"@id":"https:\/\/luggagehero.com\/da\/blog-eviivo-fr\/#primaryimage"},"thumbnailUrl":"https:\/\/luggagehero.com\/wp-content\/uploads\/2022\/02\/Screenshot-2022-02-28-at-12.00.11.png","datePublished":"2022-03-01T08:32:46+00:00","dateModified":"2022-03-01T09:03:18+00:00","breadcrumb":{"@id":"https:\/\/luggagehero.com\/da\/blog-eviivo-fr\/#breadcrumb"},"inLanguage":"da-DK","potentialAction":[{"@type":"ReadAction","target":["https:\/\/luggagehero.com\/da\/blog-eviivo-fr\/"]}]},{"@type":"ImageObject","inLanguage":"da-DK","@id":"https:\/\/luggagehero.com\/da\/blog-eviivo-fr\/#primaryimage","url":"https:\/\/luggagehero.com\/wp-content\/uploads\/2022\/02\/Screenshot-2022-02-28-at-12.00.11.png","contentUrl":"https:\/\/luggagehero.com\/wp-content\/uploads\/2022\/02\/Screenshot-2022-02-28-at-12.00.11.png","width":1316,"height":738},{"@type":"BreadcrumbList","@id":"https:\/\/luggagehero.com\/da\/blog-eviivo-fr\/#breadcrumb","itemListElement":[{"@type":"ListItem","position":1,"name":"Home","item":"https:\/\/luggagehero.com\/da\/"},{"@type":"ListItem","position":2,"name":"eviivo"}]},{"@type":"WebSite","@id":"https:\/\/luggagehero.com\/da\/#website","url":"https:\/\/luggagehero.com\/da\/","name":"LuggageHero","description":"Free yourself from luggage","publisher":{"@id":"https:\/\/luggagehero.com\/da\/#organization"},"potentialAction":[{"@type":"SearchAction","target":{"@type":"EntryPoint","urlTemplate":"https:\/\/luggagehero.com\/da\/?s={search_term_string}"},"query-input":{"@type":"PropertyValueSpecification","valueRequired":true,"valueName":"search_term_string"}}],"inLanguage":"da-DK"},{"@type":"Organization","@id":"https:\/\/luggagehero.com\/da\/#organization","name":"LuggageHero","url":"https:\/\/luggagehero.com\/da\/","logo":{"@type":"ImageObject","inLanguage":"da-DK","@id":"https:\/\/luggagehero.com\/da\/#\/schema\/logo\/image\/","url":"https:\/\/luggagehero.com\/wp-content\/uploads\/2017\/04\/luggagehero_LOGO-RGB_kort_POS_200x200.png","contentUrl":"https:\/\/luggagehero.com\/wp-content\/uploads\/2017\/04\/luggagehero_LOGO-RGB_kort_POS_200x200.png","width":200,"height":200,"caption":"LuggageHero"},"image":{"@id":"https:\/\/luggagehero.com\/da\/#\/schema\/logo\/image\/"},"sameAs":["https:\/\/www.facebook.com\/luggagehero","https:\/\/x.com\/luggagehero","https:\/\/www.instagram.com\/luggagehero","https:\/\/www.linkedin.com\/company\/luggagehero\/"]}]}},"place_id":"","place_latitude_longitude":"","place_name":"","criteria_title":"","criteria_description":"","meta_title":"","meta_description":"","children_criteria_title":"","children_criteria_description":"","children_meta_title":"","children_meta_description":"","_edit_last":"46","use_global_content":"","poi_type":"","content_raw":"<h1>eviivo - logiciel de r\u00e9servation tout-en-un<\/h1>\r\nFR:\r\n\r\nLa suite eviivo - le logiciel de r\u00e9servation tout-en-un pour vos r\u00e9servations\u00a0 - offre aux h\u00e9bergeurs de toutes sortes une offre compr\u00e9hensible et compl\u00e8te. Qu'il s'agisse de la synchronisation de votre contenu sur tous les principaux portails de voyage tels qu'Expedia, Booking.com et co. ou la cr\u00e9ation de votre propre site web avec le bouton de r\u00e9servation, la suite eviivo comprend tout cela et bien plus encore.\r\n\r\n<img class=\"alignnone size-full wp-image-43327\" src=\"https:\/\/luggagehero.com\/wp-content\/uploads\/2022\/02\/Screenshot-2022-02-28-114238kjhg.png\" alt=\"\" width=\"740\" height=\"642\" \/>","_links":{"self":[{"href":"https:\/\/luggagehero.com\/da\/wp-json\/wp\/v2\/pages\/43349","targetHints":{"allow":["GET"]}}],"collection":[{"href":"https:\/\/luggagehero.com\/da\/wp-json\/wp\/v2\/pages"}],"about":[{"href":"https:\/\/luggagehero.com\/da\/wp-json\/wp\/v2\/types\/page"}],"author":[{"embeddable":true,"href":"https:\/\/luggagehero.com\/da\/wp-json\/wp\/v2\/users\/46"}],"replies":[{"embeddable":true,"href":"https:\/\/luggagehero.com\/da\/wp-json\/wp\/v2\/comments?post=43349"}],"version-history":[{"count":0,"href":"https:\/\/luggagehero.com\/da\/wp-json\/wp\/v2\/pages\/43349\/revisions"}],"wp:featuredmedia":[{"embeddable":true,"href":"https:\/\/luggagehero.com\/da\/wp-json\/wp\/v2\/media\/43337"}],"wp:attachment":[{"href":"https:\/\/luggagehero.com\/da\/wp-json\/wp\/v2\/media?parent=43349"}],"curies":[{"name":"wp","href":"https:\/\/api.w.org\/{rel}","templated":true}]}}