{"id":45483,"date":"2022-06-07T10:59:15","date_gmt":"2022-06-07T10:59:15","guid":{"rendered":"https:\/\/luggagehero.com\/?page_id=45483"},"modified":"2023-08-28T07:02:15","modified_gmt":"2023-08-28T07:02:15","slug":"aalborg","status":"publish","type":"page","link":"https:\/\/luggagehero.com\/da\/aalborg\/","title":{"rendered":"Aalborg"},"content":{"rendered":"<h2>Opbevar dine kufferter og tasker sikkert og billigt<\/h2>\n<p>LuggageHero er en dansk bagageopbevaringsservice, som du kan stole p\u00e5. Vi har over 1000 butikker i mere end 50 byer. Aalborg er blot en af flere danske byer, hvor vi opbevarer bagage. Find n\u00e6rmeste butik og opbevar din bagage, s\u00e5 du kan udforske Aalborg uden at b\u00e6re rundt p\u00e5 dine tasker eller kufferter.<\/p>\n<map-of-shops><\/map-of-shops>\n<h3>Download vores app ganske gratis<\/h3>\n\n<div class=\"block-app-downloader\">\n\t<ul class=\"app-images\">\n\t\t\t\t\t<li class=\"app-img\">\n\t\t\t\t<img decoding=\"async\" loading=\"lazy\" src=\"https:\/\/luggagehero.com\/wp-content\/uploads\/2020\/08\/app-1.png\" alt=\"App screenshot\">\n\t\t\t<\/li>\n\t\t\t\t\t<li class=\"app-img\">\n\t\t\t\t<img decoding=\"async\" loading=\"lazy\" src=\"https:\/\/luggagehero.com\/wp-content\/uploads\/2020\/08\/app-2.png\" alt=\"App screenshot\">\n\t\t\t<\/li>\n\t\t\t\t\t<li class=\"app-img\">\n\t\t\t\t<img decoding=\"async\" loading=\"lazy\" src=\"https:\/\/luggagehero.com\/wp-content\/uploads\/2020\/08\/app-3.png\" alt=\"App screenshot\">\n\t\t\t<\/li>\n\t\t\t\t\t<li class=\"app-img\">\n\t\t\t\t<img decoding=\"async\" loading=\"lazy\" src=\"https:\/\/luggagehero.com\/wp-content\/uploads\/2020\/08\/app-4.png\" alt=\"App screenshot\">\n\t\t\t<\/li>\n\t\t\t\t\t<li class=\"app-img\">\n\t\t\t\t<img decoding=\"async\" loading=\"lazy\" src=\"https:\/\/luggagehero.com\/wp-content\/uploads\/2020\/08\/app-5.png\" alt=\"App screenshot\">\n\t\t\t<\/li>\n\t\t\t<\/ul>\n\n\t<div class=\"apps-box\">\n\t\t<p>Brug LuggageHero hvor som helst med den officielle app for iPhone og Android<\/p>\n\t\t<a href=\"https:\/\/apps.apple.com\/us\/app\/luggagehero-luggage-storage\/id1481057935\" target=\"_blank\">\n\t\t\t<img decoding=\"async\" loading=\"lazy\" src=\"https:\/\/luggagehero.com\/wp-content\/uploads\/2020\/08\/badge-as.png\" alt=\"Download on the ios App Store\">\n\t\t<\/a>\n\n\t\t<a href=\"https:\/\/play.google.com\/store\/apps\/details?id=com.luggagehero.android\" target=\"_blank\">\n\t\t\t<img decoding=\"async\" loading=\"lazy\" src=\"https:\/\/luggagehero.com\/wp-content\/uploads\/2020\/08\/badge-gp.png\" alt=\"Get it on Google Play\">\n\t\t<\/a>\n\t<\/div>\n<\/div>\n","protected":false},"excerpt":{"rendered":"<p>Opbevar dine kufferter og tasker sikkert og billigt LuggageHero er en dansk bagageopbevaringsservice, som du kan stole p\u00e5. Vi har over 1000 butikker i mere end 50 byer. Aalborg er blot en af flere danske byer, hvor vi opbevarer bagage. Find n\u00e6rmeste butik og opbevar din bagage, s\u00e5 du kan udforske Aalborg uden at b\u00e6re [&hellip;]<\/p>\n","protected":false},"author":46,"featured_media":0,"parent":0,"menu_order":0,"comment_status":"closed","ping_status":"closed","template":"template-location.php","meta":{"_acf_changed":false,"footnotes":""},"class_list":["post-45483","page","type-page","status-publish","hentry"],"acf":[],"yoast_head":"<!-- This site is optimized with the Yoast SEO Premium plugin v27.0 (Yoast SEO v27.0) - https:\/\/yoast.com\/product\/yoast-seo-premium-wordpress\/ -->\n<title>Aalborg - LuggageHero<\/title>\n<meta name=\"robots\" content=\"index, follow, max-snippet:-1, max-image-preview:large, max-video-preview:-1\" \/>\n<link rel=\"canonical\" href=\"https:\/\/luggagehero.com\/da\/aalborg\/\" \/>\n<meta property=\"og:locale\" content=\"da_DK\" \/>\n<meta property=\"og:type\" content=\"article\" \/>\n<meta property=\"og:title\" content=\"Aalborg\" \/>\n<meta property=\"og:description\" content=\"Opbevar dine kufferter og tasker sikkert og billigt LuggageHero er en dansk bagageopbevaringsservice, som du kan stole p\u00e5. Vi har over 1000 butikker i mere end 50 byer. Aalborg er blot en af flere danske byer, hvor vi opbevarer bagage. Find n\u00e6rmeste butik og opbevar din bagage, s\u00e5 du kan udforske Aalborg uden at b\u00e6re [&hellip;]\" \/>\n<meta property=\"og:url\" content=\"https:\/\/luggagehero.com\/da\/aalborg\/\" \/>\n<meta property=\"og:site_name\" content=\"LuggageHero\" \/>\n<meta property=\"article:publisher\" content=\"https:\/\/www.facebook.com\/luggagehero\" \/>\n<meta property=\"article:modified_time\" content=\"2023-08-28T07:02:15+00:00\" \/>\n<meta property=\"og:image\" content=\"https:\/\/luggagehero.com\/wp-content\/uploads\/2017\/05\/luggagehero-luggage-storage-2.png\" \/>\n\t<meta property=\"og:image:width\" content=\"200\" \/>\n\t<meta property=\"og:image:height\" content=\"200\" \/>\n\t<meta property=\"og:image:type\" content=\"image\/png\" \/>\n<meta name=\"twitter:card\" content=\"summary_large_image\" \/>\n<meta name=\"twitter:site\" content=\"@luggagehero\" \/>\n<meta name=\"twitter:label1\" content=\"Est. reading time\" \/>\n\t<meta name=\"twitter:data1\" content=\"1 minute\" \/>\n<script type=\"application\/ld+json\" class=\"yoast-schema-graph\">{\"@context\":\"https:\/\/schema.org\",\"@graph\":[{\"@type\":\"WebPage\",\"@id\":\"https:\/\/luggagehero.com\/da\/aalborg\/\",\"url\":\"https:\/\/luggagehero.com\/da\/aalborg\/\",\"name\":\"Aalborg - LuggageHero\",\"isPartOf\":{\"@id\":\"https:\/\/luggagehero.com\/da\/#website\"},\"datePublished\":\"2022-06-07T10:59:15+00:00\",\"dateModified\":\"2023-08-28T07:02:15+00:00\",\"breadcrumb\":{\"@id\":\"https:\/\/luggagehero.com\/da\/aalborg\/#breadcrumb\"},\"inLanguage\":\"da-DK\",\"potentialAction\":[{\"@type\":\"ReadAction\",\"target\":[\"https:\/\/luggagehero.com\/da\/aalborg\/\"]}]},{\"@type\":\"BreadcrumbList\",\"@id\":\"https:\/\/luggagehero.com\/da\/aalborg\/#breadcrumb\",\"itemListElement\":[{\"@type\":\"ListItem\",\"position\":1,\"name\":\"Home\",\"item\":\"https:\/\/luggagehero.com\/da\/\"},{\"@type\":\"ListItem\",\"position\":2,\"name\":\"Aalborg\"}]},{\"@type\":\"WebSite\",\"@id\":\"https:\/\/luggagehero.com\/da\/#website\",\"url\":\"https:\/\/luggagehero.com\/da\/\",\"name\":\"LuggageHero\",\"description\":\"Free yourself from luggage\",\"publisher\":{\"@id\":\"https:\/\/luggagehero.com\/da\/#organization\"},\"potentialAction\":[{\"@type\":\"SearchAction\",\"target\":{\"@type\":\"EntryPoint\",\"urlTemplate\":\"https:\/\/luggagehero.com\/da\/?s={search_term_string}\"},\"query-input\":{\"@type\":\"PropertyValueSpecification\",\"valueRequired\":true,\"valueName\":\"search_term_string\"}}],\"inLanguage\":\"da-DK\"},{\"@type\":\"Organization\",\"@id\":\"https:\/\/luggagehero.com\/da\/#organization\",\"name\":\"LuggageHero\",\"url\":\"https:\/\/luggagehero.com\/da\/\",\"logo\":{\"@type\":\"ImageObject\",\"inLanguage\":\"da-DK\",\"@id\":\"https:\/\/luggagehero.com\/da\/#\/schema\/logo\/image\/\",\"url\":\"https:\/\/luggagehero.com\/wp-content\/uploads\/2017\/04\/luggagehero_LOGO-RGB_kort_POS_200x200.png\",\"contentUrl\":\"https:\/\/luggagehero.com\/wp-content\/uploads\/2017\/04\/luggagehero_LOGO-RGB_kort_POS_200x200.png\",\"width\":200,\"height\":200,\"caption\":\"LuggageHero\"},\"image\":{\"@id\":\"https:\/\/luggagehero.com\/da\/#\/schema\/logo\/image\/\"},\"sameAs\":[\"https:\/\/www.facebook.com\/luggagehero\",\"https:\/\/x.com\/luggagehero\",\"https:\/\/www.instagram.com\/luggagehero\",\"https:\/\/www.linkedin.com\/company\/luggagehero\/\"]}]}<\/script>\n<!-- \/ Yoast SEO Premium plugin. -->","yoast_head_json":{"title":"Aalborg - LuggageHero","robots":{"index":"index","follow":"follow","max-snippet":"max-snippet:-1","max-image-preview":"max-image-preview:large","max-video-preview":"max-video-preview:-1"},"canonical":"https:\/\/luggagehero.com\/da\/aalborg\/","og_locale":"da_DK","og_type":"article","og_title":"Aalborg","og_description":"Opbevar dine kufferter og tasker sikkert og billigt LuggageHero er en dansk bagageopbevaringsservice, som du kan stole p\u00e5. Vi har over 1000 butikker i mere end 50 byer. Aalborg er blot en af flere danske byer, hvor vi opbevarer bagage. Find n\u00e6rmeste butik og opbevar din bagage, s\u00e5 du kan udforske Aalborg uden at b\u00e6re [&hellip;]","og_url":"https:\/\/luggagehero.com\/da\/aalborg\/","og_site_name":"LuggageHero","article_publisher":"https:\/\/www.facebook.com\/luggagehero","article_modified_time":"2023-08-28T07:02:15+00:00","og_image":[{"width":200,"height":200,"url":"https:\/\/luggagehero.com\/wp-content\/uploads\/2017\/05\/luggagehero-luggage-storage-2.png","type":"image\/png"}],"twitter_card":"summary_large_image","twitter_site":"@luggagehero","twitter_misc":{"Est. reading time":"1 minute"},"schema":{"@context":"https:\/\/schema.org","@graph":[{"@type":"WebPage","@id":"https:\/\/luggagehero.com\/da\/aalborg\/","url":"https:\/\/luggagehero.com\/da\/aalborg\/","name":"Aalborg - LuggageHero","isPartOf":{"@id":"https:\/\/luggagehero.com\/da\/#website"},"datePublished":"2022-06-07T10:59:15+00:00","dateModified":"2023-08-28T07:02:15+00:00","breadcrumb":{"@id":"https:\/\/luggagehero.com\/da\/aalborg\/#breadcrumb"},"inLanguage":"da-DK","potentialAction":[{"@type":"ReadAction","target":["https:\/\/luggagehero.com\/da\/aalborg\/"]}]},{"@type":"BreadcrumbList","@id":"https:\/\/luggagehero.com\/da\/aalborg\/#breadcrumb","itemListElement":[{"@type":"ListItem","position":1,"name":"Home","item":"https:\/\/luggagehero.com\/da\/"},{"@type":"ListItem","position":2,"name":"Aalborg"}]},{"@type":"WebSite","@id":"https:\/\/luggagehero.com\/da\/#website","url":"https:\/\/luggagehero.com\/da\/","name":"LuggageHero","description":"Free yourself from luggage","publisher":{"@id":"https:\/\/luggagehero.com\/da\/#organization"},"potentialAction":[{"@type":"SearchAction","target":{"@type":"EntryPoint","urlTemplate":"https:\/\/luggagehero.com\/da\/?s={search_term_string}"},"query-input":{"@type":"PropertyValueSpecification","valueRequired":true,"valueName":"search_term_string"}}],"inLanguage":"da-DK"},{"@type":"Organization","@id":"https:\/\/luggagehero.com\/da\/#organization","name":"LuggageHero","url":"https:\/\/luggagehero.com\/da\/","logo":{"@type":"ImageObject","inLanguage":"da-DK","@id":"https:\/\/luggagehero.com\/da\/#\/schema\/logo\/image\/","url":"https:\/\/luggagehero.com\/wp-content\/uploads\/2017\/04\/luggagehero_LOGO-RGB_kort_POS_200x200.png","contentUrl":"https:\/\/luggagehero.com\/wp-content\/uploads\/2017\/04\/luggagehero_LOGO-RGB_kort_POS_200x200.png","width":200,"height":200,"caption":"LuggageHero"},"image":{"@id":"https:\/\/luggagehero.com\/da\/#\/schema\/logo\/image\/"},"sameAs":["https:\/\/www.facebook.com\/luggagehero","https:\/\/x.com\/luggagehero","https:\/\/www.instagram.com\/luggagehero","https:\/\/www.linkedin.com\/company\/luggagehero\/"]}]}},"place_id":"","place_latitude_longitude":"57.047218,9.9201","place_name":"Aalborg","criteria_title":"","criteria_description":"","meta_title":"","meta_description":"","children_criteria_title":"","children_criteria_description":"","children_meta_title":"","children_meta_description":"","_edit_last":"46","use_global_content":"0","poi_type":"","content_raw":"<h2>Opbevar dine kufferter og tasker sikkert og billigt<\/h2>\r\nLuggageHero er en dansk bagageopbevaringsservice, som du kan stole p\u00e5. Vi har over 1000 butikker i mere end 50 byer. Aalborg er blot en af flere danske byer, hvor vi opbevarer bagage. Find n\u00e6rmeste butik og opbevar din bagage, s\u00e5 du kan udforske Aalborg uden at b\u00e6re rundt p\u00e5 dine tasker eller kufferter.\r\n\r\n[mapofshops]\r\n<h3>Download vores app ganske gratis<\/h3>\r\n[appdownloader]","_links":{"self":[{"href":"https:\/\/luggagehero.com\/da\/wp-json\/wp\/v2\/pages\/45483","targetHints":{"allow":["GET"]}}],"collection":[{"href":"https:\/\/luggagehero.com\/da\/wp-json\/wp\/v2\/pages"}],"about":[{"href":"https:\/\/luggagehero.com\/da\/wp-json\/wp\/v2\/types\/page"}],"author":[{"embeddable":true,"href":"https:\/\/luggagehero.com\/da\/wp-json\/wp\/v2\/users\/46"}],"replies":[{"embeddable":true,"href":"https:\/\/luggagehero.com\/da\/wp-json\/wp\/v2\/comments?post=45483"}],"version-history":[{"count":0,"href":"https:\/\/luggagehero.com\/da\/wp-json\/wp\/v2\/pages\/45483\/revisions"}],"wp:attachment":[{"href":"https:\/\/luggagehero.com\/da\/wp-json\/wp\/v2\/media?parent=45483"}],"curies":[{"name":"wp","href":"https:\/\/api.w.org\/{rel}","templated":true}]}}