{"id":8389,"date":"2019-08-04T18:47:48","date_gmt":"2019-08-04T18:47:48","guid":{"rendered":"https:\/\/luggagehero.com\/?page_id=8389"},"modified":"2024-05-24T20:56:24","modified_gmt":"2024-05-24T20:56:24","slug":"valencia","status":"publish","type":"page","link":"https:\/\/luggagehero.com\/da\/valencia\/","title":{"rendered":"Valencia"},"content":{"rendered":"<h4>Store luggage in Valencia<\/h4>\n<p>Drop off your bags by using LuggageHero\u2019s network of more than 30 local shops located around crucial traffic hubs and popular districts. Those include <a href=\"https:\/\/luggagehero.com\/valencia\/valencia-nord\/\">Val\u00e9ncia Nord<\/a>, <a href=\"https:\/\/luggagehero.com\/valencia\/estacion-metro-ayora\/\">Estaci\u00f3n Metro Ayora<\/a>, <a href=\"https:\/\/luggagehero.com\/valencia\/maritim-serreria\/\">Mar\u00edtim &#8211; Serrer\u00eda Station<\/a>, <a href=\"https:\/\/luggagehero.com\/valencia\/el-cabanyal\/\">El Cabanyal<\/a>, and <a href=\"https:\/\/luggagehero.com\/valencia\/colon-station\/\">Col\u00f3n<\/a>.<\/p>\n<p>Let\u2019s say that you arrive from Valencia Airport hours before your rental is ready and you want to check out the sights without pulling your luggage behind you. Maybe you want to visit <a href=\"https:\/\/luggagehero.com\/valencia\/la-marina\/\">La Marina<\/a> or the <a href=\"https:\/\/luggagehero.com\/valencia\/city-of-arts-and-sciences\/\">City of Arts and Sciences<\/a>, go shopping in <a href=\"https:\/\/luggagehero.com\/valencia\/colon-station\/\">Col\u00f3n<\/a> and <a href=\"https:\/\/luggagehero.com\/valencia\/eixample\/\">Eixample<\/a> or maybe you just want to stroll around <a href=\"https:\/\/luggagehero.com\/valencia\/mercado-central\/\">Mercado Central<\/a> and enjoy the locally produced products. Whatever you choose, we\u2019re here to lighten your load.<\/p>\n","protected":false},"excerpt":{"rendered":"<p>Store luggage in Valencia Drop off your bags by using LuggageHero\u2019s network of more than 30 local shops located around crucial traffic hubs and popular districts. Those include Val\u00e9ncia Nord, Estaci\u00f3n Metro Ayora, Mar\u00edtim &#8211; Serrer\u00eda Station, El Cabanyal, and Col\u00f3n. Let\u2019s say that you arrive from Valencia Airport hours before your rental is ready [&hellip;]<\/p>\n","protected":false},"author":9,"featured_media":19335,"parent":0,"menu_order":0,"comment_status":"closed","ping_status":"closed","template":"template-location.php","meta":{"_acf_changed":false,"footnotes":""},"class_list":["post-8389","page","type-page","status-publish","has-post-thumbnail","hentry"],"acf":[],"yoast_head":"<!-- This site is optimized with the Yoast SEO Premium plugin v27.0 (Yoast SEO v27.0) - https:\/\/yoast.com\/product\/yoast-seo-premium-wordpress\/ -->\n<title>Valencia - LuggageHero<\/title>\n<meta name=\"description\" content=\"Luggage storage in Valencia with the help of LuggageHero. Store your bags all over town and enjoy the city hands free today!\" \/>\n<meta name=\"robots\" content=\"index, follow, max-snippet:-1, max-image-preview:large, max-video-preview:-1\" \/>\n<link rel=\"canonical\" href=\"https:\/\/luggagehero.com\/da\/valencia\/\" \/>\n<meta property=\"og:locale\" content=\"da_DK\" \/>\n<meta property=\"og:type\" content=\"article\" \/>\n<meta property=\"og:title\" content=\"Valencia\" \/>\n<meta property=\"og:description\" content=\"Luggage storage in Valencia with the help of LuggageHero. Store your bags all over town and enjoy the city hands free today!\" \/>\n<meta property=\"og:url\" content=\"https:\/\/luggagehero.com\/da\/valencia\/\" \/>\n<meta property=\"og:site_name\" content=\"LuggageHero\" \/>\n<meta property=\"article:publisher\" content=\"https:\/\/www.facebook.com\/luggagehero\" \/>\n<meta property=\"article:modified_time\" content=\"2024-05-24T20:56:24+00:00\" \/>\n<meta property=\"og:image\" content=\"https:\/\/luggagehero.com\/wp-content\/uploads\/2020\/03\/shutterstock_368531330-scaled.jpg\" \/>\n\t<meta property=\"og:image:width\" content=\"2560\" \/>\n\t<meta property=\"og:image:height\" content=\"1708\" \/>\n\t<meta property=\"og:image:type\" content=\"image\/jpeg\" \/>\n<meta name=\"twitter:card\" content=\"summary_large_image\" \/>\n<meta name=\"twitter:site\" content=\"@luggagehero\" \/>\n<meta name=\"twitter:label1\" content=\"Est. reading time\" \/>\n\t<meta name=\"twitter:data1\" content=\"1 minute\" \/>\n<script type=\"application\/ld+json\" class=\"yoast-schema-graph\">{\"@context\":\"https:\/\/schema.org\",\"@graph\":[{\"@type\":\"WebPage\",\"@id\":\"https:\/\/luggagehero.com\/da\/valencia\/\",\"url\":\"https:\/\/luggagehero.com\/da\/valencia\/\",\"name\":\"Valencia - LuggageHero\",\"isPartOf\":{\"@id\":\"https:\/\/luggagehero.com\/da\/#website\"},\"primaryImageOfPage\":{\"@id\":\"https:\/\/luggagehero.com\/da\/valencia\/#primaryimage\"},\"image\":{\"@id\":\"https:\/\/luggagehero.com\/da\/valencia\/#primaryimage\"},\"thumbnailUrl\":\"https:\/\/luggagehero.com\/wp-content\/uploads\/2020\/03\/shutterstock_368531330-scaled.jpg\",\"datePublished\":\"2019-08-04T18:47:48+00:00\",\"dateModified\":\"2024-05-24T20:56:24+00:00\",\"description\":\"Luggage storage in Valencia with the help of LuggageHero. Store your bags all over town and enjoy the city hands free today!\",\"breadcrumb\":{\"@id\":\"https:\/\/luggagehero.com\/da\/valencia\/#breadcrumb\"},\"inLanguage\":\"da-DK\",\"potentialAction\":[{\"@type\":\"ReadAction\",\"target\":[\"https:\/\/luggagehero.com\/da\/valencia\/\"]}]},{\"@type\":\"ImageObject\",\"inLanguage\":\"da-DK\",\"@id\":\"https:\/\/luggagehero.com\/da\/valencia\/#primaryimage\",\"url\":\"https:\/\/luggagehero.com\/wp-content\/uploads\/2020\/03\/shutterstock_368531330-scaled.jpg\",\"contentUrl\":\"https:\/\/luggagehero.com\/wp-content\/uploads\/2020\/03\/shutterstock_368531330-scaled.jpg\",\"width\":2560,\"height\":1708,\"caption\":\"Luggage storage Valencia LuggageHero\"},{\"@type\":\"BreadcrumbList\",\"@id\":\"https:\/\/luggagehero.com\/da\/valencia\/#breadcrumb\",\"itemListElement\":[{\"@type\":\"ListItem\",\"position\":1,\"name\":\"Home\",\"item\":\"https:\/\/luggagehero.com\/da\/\"},{\"@type\":\"ListItem\",\"position\":2,\"name\":\"Valencia\"}]},{\"@type\":\"WebSite\",\"@id\":\"https:\/\/luggagehero.com\/da\/#website\",\"url\":\"https:\/\/luggagehero.com\/da\/\",\"name\":\"LuggageHero\",\"description\":\"Free yourself from luggage\",\"publisher\":{\"@id\":\"https:\/\/luggagehero.com\/da\/#organization\"},\"potentialAction\":[{\"@type\":\"SearchAction\",\"target\":{\"@type\":\"EntryPoint\",\"urlTemplate\":\"https:\/\/luggagehero.com\/da\/?s={search_term_string}\"},\"query-input\":{\"@type\":\"PropertyValueSpecification\",\"valueRequired\":true,\"valueName\":\"search_term_string\"}}],\"inLanguage\":\"da-DK\"},{\"@type\":\"Organization\",\"@id\":\"https:\/\/luggagehero.com\/da\/#organization\",\"name\":\"LuggageHero\",\"url\":\"https:\/\/luggagehero.com\/da\/\",\"logo\":{\"@type\":\"ImageObject\",\"inLanguage\":\"da-DK\",\"@id\":\"https:\/\/luggagehero.com\/da\/#\/schema\/logo\/image\/\",\"url\":\"https:\/\/luggagehero.com\/wp-content\/uploads\/2017\/04\/luggagehero_LOGO-RGB_kort_POS_200x200.png\",\"contentUrl\":\"https:\/\/luggagehero.com\/wp-content\/uploads\/2017\/04\/luggagehero_LOGO-RGB_kort_POS_200x200.png\",\"width\":200,\"height\":200,\"caption\":\"LuggageHero\"},\"image\":{\"@id\":\"https:\/\/luggagehero.com\/da\/#\/schema\/logo\/image\/\"},\"sameAs\":[\"https:\/\/www.facebook.com\/luggagehero\",\"https:\/\/x.com\/luggagehero\",\"https:\/\/www.instagram.com\/luggagehero\",\"https:\/\/www.linkedin.com\/company\/luggagehero\/\"]}]}<\/script>\n<!-- \/ Yoast SEO Premium plugin. -->","yoast_head_json":{"title":"Valencia - LuggageHero","description":"Luggage storage in Valencia with the help of LuggageHero. Store your bags all over town and enjoy the city hands free today!","robots":{"index":"index","follow":"follow","max-snippet":"max-snippet:-1","max-image-preview":"max-image-preview:large","max-video-preview":"max-video-preview:-1"},"canonical":"https:\/\/luggagehero.com\/da\/valencia\/","og_locale":"da_DK","og_type":"article","og_title":"Valencia","og_description":"Luggage storage in Valencia with the help of LuggageHero. Store your bags all over town and enjoy the city hands free today!","og_url":"https:\/\/luggagehero.com\/da\/valencia\/","og_site_name":"LuggageHero","article_publisher":"https:\/\/www.facebook.com\/luggagehero","article_modified_time":"2024-05-24T20:56:24+00:00","og_image":[{"width":2560,"height":1708,"url":"https:\/\/luggagehero.com\/wp-content\/uploads\/2020\/03\/shutterstock_368531330-scaled.jpg","type":"image\/jpeg"}],"twitter_card":"summary_large_image","twitter_site":"@luggagehero","twitter_misc":{"Est. reading time":"1 minute"},"schema":{"@context":"https:\/\/schema.org","@graph":[{"@type":"WebPage","@id":"https:\/\/luggagehero.com\/da\/valencia\/","url":"https:\/\/luggagehero.com\/da\/valencia\/","name":"Valencia - LuggageHero","isPartOf":{"@id":"https:\/\/luggagehero.com\/da\/#website"},"primaryImageOfPage":{"@id":"https:\/\/luggagehero.com\/da\/valencia\/#primaryimage"},"image":{"@id":"https:\/\/luggagehero.com\/da\/valencia\/#primaryimage"},"thumbnailUrl":"https:\/\/luggagehero.com\/wp-content\/uploads\/2020\/03\/shutterstock_368531330-scaled.jpg","datePublished":"2019-08-04T18:47:48+00:00","dateModified":"2024-05-24T20:56:24+00:00","description":"Luggage storage in Valencia with the help of LuggageHero. Store your bags all over town and enjoy the city hands free today!","breadcrumb":{"@id":"https:\/\/luggagehero.com\/da\/valencia\/#breadcrumb"},"inLanguage":"da-DK","potentialAction":[{"@type":"ReadAction","target":["https:\/\/luggagehero.com\/da\/valencia\/"]}]},{"@type":"ImageObject","inLanguage":"da-DK","@id":"https:\/\/luggagehero.com\/da\/valencia\/#primaryimage","url":"https:\/\/luggagehero.com\/wp-content\/uploads\/2020\/03\/shutterstock_368531330-scaled.jpg","contentUrl":"https:\/\/luggagehero.com\/wp-content\/uploads\/2020\/03\/shutterstock_368531330-scaled.jpg","width":2560,"height":1708,"caption":"Luggage storage Valencia LuggageHero"},{"@type":"BreadcrumbList","@id":"https:\/\/luggagehero.com\/da\/valencia\/#breadcrumb","itemListElement":[{"@type":"ListItem","position":1,"name":"Home","item":"https:\/\/luggagehero.com\/da\/"},{"@type":"ListItem","position":2,"name":"Valencia"}]},{"@type":"WebSite","@id":"https:\/\/luggagehero.com\/da\/#website","url":"https:\/\/luggagehero.com\/da\/","name":"LuggageHero","description":"Free yourself from luggage","publisher":{"@id":"https:\/\/luggagehero.com\/da\/#organization"},"potentialAction":[{"@type":"SearchAction","target":{"@type":"EntryPoint","urlTemplate":"https:\/\/luggagehero.com\/da\/?s={search_term_string}"},"query-input":{"@type":"PropertyValueSpecification","valueRequired":true,"valueName":"search_term_string"}}],"inLanguage":"da-DK"},{"@type":"Organization","@id":"https:\/\/luggagehero.com\/da\/#organization","name":"LuggageHero","url":"https:\/\/luggagehero.com\/da\/","logo":{"@type":"ImageObject","inLanguage":"da-DK","@id":"https:\/\/luggagehero.com\/da\/#\/schema\/logo\/image\/","url":"https:\/\/luggagehero.com\/wp-content\/uploads\/2017\/04\/luggagehero_LOGO-RGB_kort_POS_200x200.png","contentUrl":"https:\/\/luggagehero.com\/wp-content\/uploads\/2017\/04\/luggagehero_LOGO-RGB_kort_POS_200x200.png","width":200,"height":200,"caption":"LuggageHero"},"image":{"@id":"https:\/\/luggagehero.com\/da\/#\/schema\/logo\/image\/"},"sameAs":["https:\/\/www.facebook.com\/luggagehero","https:\/\/x.com\/luggagehero","https:\/\/www.instagram.com\/luggagehero","https:\/\/www.linkedin.com\/company\/luggagehero\/"]}]}},"place_id":"","place_latitude_longitude":"39.4660,-0.3774","place_name":"Valencia","criteria_title":"Luggage Storage [location]","criteria_description":"Carry Less, Do More","meta_title":"Luggage Storage [location] | From [pricingfixed hourlyrate]\/Bag | Locker Alternative ","meta_description":"Find Luggage Storage In [pagetitle] Today. Carry Less, Do More. Open 24\/7. From [pricingfixed hourlyrate]\/Hour or [pricingfixed firstdaymax]\/Day","children_criteria_title":"Luggage Storage [location]","children_criteria_description":"Carry Less, Do More","children_meta_title":"Luggage Storage [location] | From [pricingfixed hourlyrate]\/Bag | Locker Alternative ","children_meta_description":"Find Luggage Storage In [pagetitle] Today. Carry Less, Do More. Open 24\/7. From [pricingfixed hourlyrate]\/Hour or [pricingfixed firstdaymax]\/Day","_edit_last":"9","use_global_content":"","poi_type":"","content_raw":"<h4>Store luggage in Valencia<\/h4>\r\nDrop off your bags by using LuggageHero\u2019s network of more than 30 local shops located around crucial traffic hubs and popular districts. Those include <a href=\"https:\/\/luggagehero.com\/valencia\/valencia-nord\/\">Val\u00e9ncia Nord<\/a>, <a href=\"https:\/\/luggagehero.com\/valencia\/estacion-metro-ayora\/\">Estaci\u00f3n Metro Ayora<\/a>, <a href=\"https:\/\/luggagehero.com\/valencia\/maritim-serreria\/\">Mar\u00edtim - Serrer\u00eda Station<\/a>, <a href=\"https:\/\/luggagehero.com\/valencia\/el-cabanyal\/\">El Cabanyal<\/a>, and <a href=\"https:\/\/luggagehero.com\/valencia\/colon-station\/\">Col\u00f3n<\/a>.\r\n\r\nLet\u2019s say that you arrive from Valencia Airport hours before your rental is ready and you want to check out the sights without pulling your luggage behind you. Maybe you want to visit <a href=\"https:\/\/luggagehero.com\/valencia\/la-marina\/\">La Marina<\/a> or the <a href=\"https:\/\/luggagehero.com\/valencia\/city-of-arts-and-sciences\/\">City of Arts and Sciences<\/a>, go shopping in <a href=\"https:\/\/luggagehero.com\/valencia\/colon-station\/\">Col\u00f3n<\/a> and <a href=\"https:\/\/luggagehero.com\/valencia\/eixample\/\">Eixample<\/a> or maybe you just want to stroll around <a href=\"https:\/\/luggagehero.com\/valencia\/mercado-central\/\">Mercado Central<\/a> and enjoy the locally produced products. Whatever you choose, we\u2019re here to lighten your load.","_links":{"self":[{"href":"https:\/\/luggagehero.com\/da\/wp-json\/wp\/v2\/pages\/8389","targetHints":{"allow":["GET"]}}],"collection":[{"href":"https:\/\/luggagehero.com\/da\/wp-json\/wp\/v2\/pages"}],"about":[{"href":"https:\/\/luggagehero.com\/da\/wp-json\/wp\/v2\/types\/page"}],"author":[{"embeddable":true,"href":"https:\/\/luggagehero.com\/da\/wp-json\/wp\/v2\/users\/9"}],"replies":[{"embeddable":true,"href":"https:\/\/luggagehero.com\/da\/wp-json\/wp\/v2\/comments?post=8389"}],"version-history":[{"count":0,"href":"https:\/\/luggagehero.com\/da\/wp-json\/wp\/v2\/pages\/8389\/revisions"}],"wp:featuredmedia":[{"embeddable":true,"href":"https:\/\/luggagehero.com\/da\/wp-json\/wp\/v2\/media\/19335"}],"wp:attachment":[{"href":"https:\/\/luggagehero.com\/da\/wp-json\/wp\/v2\/media?parent=8389"}],"curies":[{"name":"wp","href":"https:\/\/api.w.org\/{rel}","templated":true}]}}