{"id":9300,"date":"2019-08-28T07:51:22","date_gmt":"2019-08-28T07:51:22","guid":{"rendered":"https:\/\/luggagehero.com\/?page_id=9300"},"modified":"2022-08-24T11:27:28","modified_gmt":"2022-08-24T11:27:28","slug":"connolly-station","status":"publish","type":"page","link":"https:\/\/luggagehero.com\/da\/dublin\/connolly-station\/","title":{"rendered":"Connolly Station"},"content":{"rendered":"<h2 style=\"text-align: center;\"><span style=\"font-weight: 400;\">Connolly Station<\/span><span style=\"font-weight: 400;\"><br \/>\n<\/span><\/h2>\n<p><span style=\"font-weight: 400;\">Connolly Station, also known as Dublin Station (or St\u00e1isi\u00fan U\u00ed Chonghaile in Irish) is the busiest train station in <a href=\"https:\/\/luggagehero.com\/dublin\/\" target=\"_blank\" rel=\"noopener noreferrer\">Dublin<\/a> and Ireland. A focal point in the Irish rail route network, it provides InterCity, Enterprise, and commuter services all around Dublin and beyond. It\u2019s located on North Dock and has seven platforms and four terminals.\u00a0<\/span><\/p>\n<p><span style=\"font-weight: 400;\">The station opened in 1844 as Dublin Station and the station\u2019s name was later changed to Connolly Station after Irish revolutionary James Connolly. The distinctive Italianate tower at the center of the building is what gives the station its authenticity and makes it recognizable. Also, the station is<\/span><span style=\"font-weight: 400;\">\u00a0connected by bus to Dublin Port, making it possible for ferries to reach places across the Irish Sea.<\/span><\/p>\n<p><span style=\"font-weight: 400;\">From the station, you have easy access to various tourist locations around Dublin such as the <a href=\"https:\/\/luggagehero.com\/dublin\/epic-irish-emigration-museum\">Epic Irish Emigration Museum<\/a>, <a href=\"https:\/\/luggagehero.com\/dublin\/aviva-stadium\/\" target=\"_blank\" rel=\"noopener noreferrer\">Aviva Stadium<\/a>, <a href=\"https:\/\/luggagehero.com\/dublin\/st-patricks-cathedral\/\" target=\"_blank\" rel=\"noopener noreferrer\">St. Patrick\u2019s Cathedral<\/a>, <a href=\"https:\/\/luggagehero.com\/dublin\/croke-park\/\" target=\"_blank\" rel=\"noopener noreferrer\">Croke Park<\/a> and <a href=\"https:\/\/luggagehero.com\/dublin\/dublin-castle\/\" target=\"_blank\" rel=\"noopener noreferrer\">Dublin Castle<\/a>, all 15-20 minutes away by transit.<br \/>\n<\/span><\/p>\n<h2><img loading=\"lazy\" decoding=\"async\" class=\"aligncenter wp-image-10585 size-full\" src=\"https:\/\/luggagehero.com\/wp-content\/uploads\/2019\/10\/shutterstock_542065174.jpg\" sizes=\"auto, (max-width: 1000px) 100vw, 1000px\" srcset=\"https:\/\/luggagehero.com\/wp-content\/uploads\/2019\/10\/shutterstock_542065174.jpg 1000w, https:\/\/luggagehero.com\/wp-content\/uploads\/2019\/10\/shutterstock_542065174-300x225.jpg 300w, https:\/\/luggagehero.com\/wp-content\/uploads\/2019\/10\/shutterstock_542065174-600x450.jpg 600w, https:\/\/luggagehero.com\/wp-content\/uploads\/2019\/10\/shutterstock_542065174-800x600.jpg 800w\" alt=\"\" width=\"1000\" height=\"750\" \/><\/h2>\n<p><span style=\"font-weight: 400;\"><br \/>\n<\/span><span style=\"font-weight: 400;\">Say you arrive at Connolly Station in the morning and your next train is that night. You wish to get out of the station and use this special chance to explore Dublin but you\u2019re got two large suitcases with you. <\/span>Thankfully, with LuggageHero at your service, you can use this time to explore Dublin in one day without having to carry around your luggage.<\/p>\n<p>With three of our luggage-storage locations just down the street from Connolly Station, you may leave your bags at any of those spots just minutes upon arrival and instantly start your sightseeing adventures hassle-free. Simply put, LuggageHero saves you time and makes for a more comfortable and more memorable trip.<\/p>\n<p>So, leave your heavy luggage with us and start exploring Dublin!<\/p>\n<p>&nbsp;<\/p>\n","protected":false},"excerpt":{"rendered":"<p>Connolly Station Connolly Station, also known as Dublin Station (or St\u00e1isi\u00fan U\u00ed Chonghaile in Irish) is the busiest train station in Dublin and Ireland. A focal point in the Irish rail route network, it provides InterCity, Enterprise, and commuter services all around Dublin and beyond. It\u2019s located on North Dock and has seven platforms and [&hellip;]<\/p>\n","protected":false},"author":9,"featured_media":39448,"parent":8911,"menu_order":0,"comment_status":"closed","ping_status":"closed","template":"template-location.php","meta":{"_acf_changed":false,"footnotes":""},"class_list":["post-9300","page","type-page","status-publish","has-post-thumbnail","hentry"],"acf":[],"yoast_head":"<!-- This site is optimized with the Yoast SEO Premium plugin v27.0 (Yoast SEO v27.0) - https:\/\/yoast.com\/product\/yoast-seo-premium-wordpress\/ -->\n<title>Connolly Station - LuggageHero<\/title>\n<meta name=\"robots\" content=\"index, follow, max-snippet:-1, max-image-preview:large, max-video-preview:-1\" \/>\n<link rel=\"canonical\" href=\"https:\/\/luggagehero.com\/da\/dublin\/connolly-station\/\" \/>\n<meta property=\"og:locale\" content=\"da_DK\" \/>\n<meta property=\"og:type\" content=\"article\" \/>\n<meta property=\"og:title\" content=\"Connolly Station\" \/>\n<meta property=\"og:description\" content=\"Connolly Station Connolly Station, also known as Dublin Station (or St\u00e1isi\u00fan U\u00ed Chonghaile in Irish) is the busiest train station in Dublin and Ireland. A focal point in the Irish rail route network, it provides InterCity, Enterprise, and commuter services all around Dublin and beyond. It\u2019s located on North Dock and has seven platforms and [&hellip;]\" \/>\n<meta property=\"og:url\" content=\"https:\/\/luggagehero.com\/da\/dublin\/connolly-station\/\" \/>\n<meta property=\"og:site_name\" content=\"LuggageHero\" \/>\n<meta property=\"article:publisher\" content=\"https:\/\/www.facebook.com\/luggagehero\" \/>\n<meta property=\"article:modified_time\" content=\"2022-08-24T11:27:28+00:00\" \/>\n<meta property=\"og:image\" content=\"https:\/\/luggagehero.com\/wp-content\/uploads\/2021\/10\/connoly.jpg\" \/>\n\t<meta property=\"og:image:width\" content=\"800\" \/>\n\t<meta property=\"og:image:height\" content=\"500\" \/>\n\t<meta property=\"og:image:type\" content=\"image\/jpeg\" \/>\n<meta name=\"twitter:card\" content=\"summary_large_image\" \/>\n<meta name=\"twitter:site\" content=\"@luggagehero\" \/>\n<meta name=\"twitter:label1\" content=\"Est. reading time\" \/>\n\t<meta name=\"twitter:data1\" content=\"2 minutes\" \/>\n<script type=\"application\/ld+json\" class=\"yoast-schema-graph\">{\"@context\":\"https:\/\/schema.org\",\"@graph\":[{\"@type\":\"WebPage\",\"@id\":\"https:\/\/luggagehero.com\/da\/dublin\/connolly-station\/\",\"url\":\"https:\/\/luggagehero.com\/da\/dublin\/connolly-station\/\",\"name\":\"Connolly Station - LuggageHero\",\"isPartOf\":{\"@id\":\"https:\/\/luggagehero.com\/da\/#website\"},\"primaryImageOfPage\":{\"@id\":\"https:\/\/luggagehero.com\/da\/dublin\/connolly-station\/#primaryimage\"},\"image\":{\"@id\":\"https:\/\/luggagehero.com\/da\/dublin\/connolly-station\/#primaryimage\"},\"thumbnailUrl\":\"https:\/\/luggagehero.com\/wp-content\/uploads\/2021\/10\/connoly.jpg\",\"datePublished\":\"2019-08-28T07:51:22+00:00\",\"dateModified\":\"2022-08-24T11:27:28+00:00\",\"breadcrumb\":{\"@id\":\"https:\/\/luggagehero.com\/da\/dublin\/connolly-station\/#breadcrumb\"},\"inLanguage\":\"da-DK\",\"potentialAction\":[{\"@type\":\"ReadAction\",\"target\":[\"https:\/\/luggagehero.com\/da\/dublin\/connolly-station\/\"]}]},{\"@type\":\"ImageObject\",\"inLanguage\":\"da-DK\",\"@id\":\"https:\/\/luggagehero.com\/da\/dublin\/connolly-station\/#primaryimage\",\"url\":\"https:\/\/luggagehero.com\/wp-content\/uploads\/2021\/10\/connoly.jpg\",\"contentUrl\":\"https:\/\/luggagehero.com\/wp-content\/uploads\/2021\/10\/connoly.jpg\",\"width\":800,\"height\":500},{\"@type\":\"BreadcrumbList\",\"@id\":\"https:\/\/luggagehero.com\/da\/dublin\/connolly-station\/#breadcrumb\",\"itemListElement\":[{\"@type\":\"ListItem\",\"position\":1,\"name\":\"Home\",\"item\":\"https:\/\/luggagehero.com\/da\/\"},{\"@type\":\"ListItem\",\"position\":2,\"name\":\"Dublin\",\"item\":\"https:\/\/luggagehero.com\/da\/dublin\/\"},{\"@type\":\"ListItem\",\"position\":3,\"name\":\"Connolly Station\"}]},{\"@type\":\"WebSite\",\"@id\":\"https:\/\/luggagehero.com\/da\/#website\",\"url\":\"https:\/\/luggagehero.com\/da\/\",\"name\":\"LuggageHero\",\"description\":\"Free yourself from luggage\",\"publisher\":{\"@id\":\"https:\/\/luggagehero.com\/da\/#organization\"},\"potentialAction\":[{\"@type\":\"SearchAction\",\"target\":{\"@type\":\"EntryPoint\",\"urlTemplate\":\"https:\/\/luggagehero.com\/da\/?s={search_term_string}\"},\"query-input\":{\"@type\":\"PropertyValueSpecification\",\"valueRequired\":true,\"valueName\":\"search_term_string\"}}],\"inLanguage\":\"da-DK\"},{\"@type\":\"Organization\",\"@id\":\"https:\/\/luggagehero.com\/da\/#organization\",\"name\":\"LuggageHero\",\"url\":\"https:\/\/luggagehero.com\/da\/\",\"logo\":{\"@type\":\"ImageObject\",\"inLanguage\":\"da-DK\",\"@id\":\"https:\/\/luggagehero.com\/da\/#\/schema\/logo\/image\/\",\"url\":\"https:\/\/luggagehero.com\/wp-content\/uploads\/2017\/04\/luggagehero_LOGO-RGB_kort_POS_200x200.png\",\"contentUrl\":\"https:\/\/luggagehero.com\/wp-content\/uploads\/2017\/04\/luggagehero_LOGO-RGB_kort_POS_200x200.png\",\"width\":200,\"height\":200,\"caption\":\"LuggageHero\"},\"image\":{\"@id\":\"https:\/\/luggagehero.com\/da\/#\/schema\/logo\/image\/\"},\"sameAs\":[\"https:\/\/www.facebook.com\/luggagehero\",\"https:\/\/x.com\/luggagehero\",\"https:\/\/www.instagram.com\/luggagehero\",\"https:\/\/www.linkedin.com\/company\/luggagehero\/\"]}]}<\/script>\n<!-- \/ Yoast SEO Premium plugin. -->","yoast_head_json":{"title":"Connolly Station - LuggageHero","robots":{"index":"index","follow":"follow","max-snippet":"max-snippet:-1","max-image-preview":"max-image-preview:large","max-video-preview":"max-video-preview:-1"},"canonical":"https:\/\/luggagehero.com\/da\/dublin\/connolly-station\/","og_locale":"da_DK","og_type":"article","og_title":"Connolly Station","og_description":"Connolly Station Connolly Station, also known as Dublin Station (or St\u00e1isi\u00fan U\u00ed Chonghaile in Irish) is the busiest train station in Dublin and Ireland. A focal point in the Irish rail route network, it provides InterCity, Enterprise, and commuter services all around Dublin and beyond. It\u2019s located on North Dock and has seven platforms and [&hellip;]","og_url":"https:\/\/luggagehero.com\/da\/dublin\/connolly-station\/","og_site_name":"LuggageHero","article_publisher":"https:\/\/www.facebook.com\/luggagehero","article_modified_time":"2022-08-24T11:27:28+00:00","og_image":[{"width":800,"height":500,"url":"https:\/\/luggagehero.com\/wp-content\/uploads\/2021\/10\/connoly.jpg","type":"image\/jpeg"}],"twitter_card":"summary_large_image","twitter_site":"@luggagehero","twitter_misc":{"Est. reading time":"2 minutes"},"schema":{"@context":"https:\/\/schema.org","@graph":[{"@type":"WebPage","@id":"https:\/\/luggagehero.com\/da\/dublin\/connolly-station\/","url":"https:\/\/luggagehero.com\/da\/dublin\/connolly-station\/","name":"Connolly Station - LuggageHero","isPartOf":{"@id":"https:\/\/luggagehero.com\/da\/#website"},"primaryImageOfPage":{"@id":"https:\/\/luggagehero.com\/da\/dublin\/connolly-station\/#primaryimage"},"image":{"@id":"https:\/\/luggagehero.com\/da\/dublin\/connolly-station\/#primaryimage"},"thumbnailUrl":"https:\/\/luggagehero.com\/wp-content\/uploads\/2021\/10\/connoly.jpg","datePublished":"2019-08-28T07:51:22+00:00","dateModified":"2022-08-24T11:27:28+00:00","breadcrumb":{"@id":"https:\/\/luggagehero.com\/da\/dublin\/connolly-station\/#breadcrumb"},"inLanguage":"da-DK","potentialAction":[{"@type":"ReadAction","target":["https:\/\/luggagehero.com\/da\/dublin\/connolly-station\/"]}]},{"@type":"ImageObject","inLanguage":"da-DK","@id":"https:\/\/luggagehero.com\/da\/dublin\/connolly-station\/#primaryimage","url":"https:\/\/luggagehero.com\/wp-content\/uploads\/2021\/10\/connoly.jpg","contentUrl":"https:\/\/luggagehero.com\/wp-content\/uploads\/2021\/10\/connoly.jpg","width":800,"height":500},{"@type":"BreadcrumbList","@id":"https:\/\/luggagehero.com\/da\/dublin\/connolly-station\/#breadcrumb","itemListElement":[{"@type":"ListItem","position":1,"name":"Home","item":"https:\/\/luggagehero.com\/da\/"},{"@type":"ListItem","position":2,"name":"Dublin","item":"https:\/\/luggagehero.com\/da\/dublin\/"},{"@type":"ListItem","position":3,"name":"Connolly Station"}]},{"@type":"WebSite","@id":"https:\/\/luggagehero.com\/da\/#website","url":"https:\/\/luggagehero.com\/da\/","name":"LuggageHero","description":"Free yourself from luggage","publisher":{"@id":"https:\/\/luggagehero.com\/da\/#organization"},"potentialAction":[{"@type":"SearchAction","target":{"@type":"EntryPoint","urlTemplate":"https:\/\/luggagehero.com\/da\/?s={search_term_string}"},"query-input":{"@type":"PropertyValueSpecification","valueRequired":true,"valueName":"search_term_string"}}],"inLanguage":"da-DK"},{"@type":"Organization","@id":"https:\/\/luggagehero.com\/da\/#organization","name":"LuggageHero","url":"https:\/\/luggagehero.com\/da\/","logo":{"@type":"ImageObject","inLanguage":"da-DK","@id":"https:\/\/luggagehero.com\/da\/#\/schema\/logo\/image\/","url":"https:\/\/luggagehero.com\/wp-content\/uploads\/2017\/04\/luggagehero_LOGO-RGB_kort_POS_200x200.png","contentUrl":"https:\/\/luggagehero.com\/wp-content\/uploads\/2017\/04\/luggagehero_LOGO-RGB_kort_POS_200x200.png","width":200,"height":200,"caption":"LuggageHero"},"image":{"@id":"https:\/\/luggagehero.com\/da\/#\/schema\/logo\/image\/"},"sameAs":["https:\/\/www.facebook.com\/luggagehero","https:\/\/x.com\/luggagehero","https:\/\/www.instagram.com\/luggagehero","https:\/\/www.linkedin.com\/company\/luggagehero\/"]}]}},"place_id":"","place_latitude_longitude":"53.3515,-6.2497","place_name":"Connolly Station","criteria_title":"","criteria_description":"","meta_title":"","meta_description":"","children_criteria_title":"","children_criteria_description":"","children_meta_title":"","children_meta_description":"","_edit_last":"62","use_global_content":"","poi_type":"PublicTransit","content_raw":"<h2 style=\"text-align: center;\"><span style=\"font-weight: 400;\">Connolly Station<\/span><span style=\"font-weight: 400;\">\r\n<\/span><\/h2>\r\n<span style=\"font-weight: 400;\">Connolly Station, also known as Dublin Station (or St\u00e1isi\u00fan U\u00ed Chonghaile in Irish) is the busiest train station in <a href=\"https:\/\/luggagehero.com\/dublin\/\" target=\"_blank\" rel=\"noopener noreferrer\">Dublin<\/a> and Ireland. A focal point in the Irish rail route network, it provides InterCity, Enterprise, and commuter services all around Dublin and beyond. It\u2019s located on North Dock and has seven platforms and four terminals.\u00a0<\/span>\r\n\r\n<span style=\"font-weight: 400;\">The station opened in 1844 as Dublin Station and the station\u2019s name was later changed to Connolly Station after Irish revolutionary James Connolly. The distinctive Italianate tower at the center of the building is what gives the station its authenticity and makes it recognizable. Also, the station is<\/span><span style=\"font-weight: 400;\">\u00a0connected by bus to Dublin Port, making it possible for ferries to reach places across the Irish Sea.<\/span>\r\n\r\n<span style=\"font-weight: 400;\">From the station, you have easy access to various tourist locations around Dublin such as the <a href=\"https:\/\/luggagehero.com\/dublin\/epic-irish-emigration-museum\">Epic Irish Emigration Museum<\/a>, <a href=\"https:\/\/luggagehero.com\/dublin\/aviva-stadium\/\" target=\"_blank\" rel=\"noopener noreferrer\">Aviva Stadium<\/a>, <a href=\"https:\/\/luggagehero.com\/dublin\/st-patricks-cathedral\/\" target=\"_blank\" rel=\"noopener noreferrer\">St. Patrick\u2019s Cathedral<\/a>, <a href=\"https:\/\/luggagehero.com\/dublin\/croke-park\/\" target=\"_blank\" rel=\"noopener noreferrer\">Croke Park<\/a> and <a href=\"https:\/\/luggagehero.com\/dublin\/dublin-castle\/\" target=\"_blank\" rel=\"noopener noreferrer\">Dublin Castle<\/a>, all 15-20 minutes away by transit.\r\n<\/span>\r\n<h2><img class=\"aligncenter wp-image-10585 size-full\" src=\"https:\/\/luggagehero.com\/wp-content\/uploads\/2019\/10\/shutterstock_542065174.jpg\" sizes=\"(max-width: 1000px) 100vw, 1000px\" srcset=\"https:\/\/luggagehero.com\/wp-content\/uploads\/2019\/10\/shutterstock_542065174.jpg 1000w, https:\/\/luggagehero.com\/wp-content\/uploads\/2019\/10\/shutterstock_542065174-300x225.jpg 300w, https:\/\/luggagehero.com\/wp-content\/uploads\/2019\/10\/shutterstock_542065174-600x450.jpg 600w, https:\/\/luggagehero.com\/wp-content\/uploads\/2019\/10\/shutterstock_542065174-800x600.jpg 800w\" alt=\"\" width=\"1000\" height=\"750\" \/><\/h2>\r\n<span style=\"font-weight: 400;\">\r\n<\/span><span style=\"font-weight: 400;\">Say you arrive at Connolly Station in the morning and your next train is that night. You wish to get out of the station and use this special chance to explore Dublin but you\u2019re got two large suitcases with you. <\/span>Thankfully, with LuggageHero at your service, you can use this time to explore Dublin in one day without having to carry around your luggage.\r\n\r\nWith three of our luggage-storage locations just down the street from Connolly Station, you may leave your bags at any of those spots just minutes upon arrival and instantly start your sightseeing adventures hassle-free. Simply put, LuggageHero saves you time and makes for a more comfortable and more memorable trip.\r\n\r\nSo, leave your heavy luggage with us and start exploring Dublin!\r\n\r\n&nbsp;","_links":{"self":[{"href":"https:\/\/luggagehero.com\/da\/wp-json\/wp\/v2\/pages\/9300","targetHints":{"allow":["GET"]}}],"collection":[{"href":"https:\/\/luggagehero.com\/da\/wp-json\/wp\/v2\/pages"}],"about":[{"href":"https:\/\/luggagehero.com\/da\/wp-json\/wp\/v2\/types\/page"}],"author":[{"embeddable":true,"href":"https:\/\/luggagehero.com\/da\/wp-json\/wp\/v2\/users\/9"}],"replies":[{"embeddable":true,"href":"https:\/\/luggagehero.com\/da\/wp-json\/wp\/v2\/comments?post=9300"}],"version-history":[{"count":0,"href":"https:\/\/luggagehero.com\/da\/wp-json\/wp\/v2\/pages\/9300\/revisions"}],"up":[{"embeddable":true,"href":"https:\/\/luggagehero.com\/da\/wp-json\/wp\/v2\/pages\/8911"}],"wp:featuredmedia":[{"embeddable":true,"href":"https:\/\/luggagehero.com\/da\/wp-json\/wp\/v2\/media\/39448"}],"wp:attachment":[{"href":"https:\/\/luggagehero.com\/da\/wp-json\/wp\/v2\/media?parent=9300"}],"curies":[{"name":"wp","href":"https:\/\/api.w.org\/{rel}","templated":true}]}}