{"id":11551,"date":"2019-11-06T07:53:55","date_gmt":"2019-11-06T07:53:55","guid":{"rendered":"https:\/\/luggagehero.com\/london\/victoria-station\/"},"modified":"2023-08-22T11:53:15","modified_gmt":"2023-08-22T11:53:15","slug":"victoria-station","status":"publish","type":"page","link":"https:\/\/luggagehero.com\/de\/london\/victoria-station\/","title":{"rendered":"Victoria Station"},"content":{"rendered":"<p>Suchen Sie eine Gep\u00e4ckaufbewahrung in der N\u00e4he der Victoria Station? Sie k\u00f6nnen Ihr Gep\u00e4ck an einem unserer Gep\u00e4ckaufbewahrungsorte gleich um die Ecke der Victoria Station aufbewahren. Bei uns k\u00f6nnen Sie an sieben Tagen die Woche, rund um die Uhr Ihr Gep\u00e4ck aufzubewahren, w\u00e4hrend Sie <a href=\"https:\/\/luggagehero.com\/london\/\">London<\/a>entdecken.<\/p>\n<p>Die Gep\u00e4ckaufbewahrungsorte von LuggageHero sind <a href=\"https:\/\/luggagehero.com\/about\/certified-shops\/\">zertifizierte<\/a>Hotels, Caf\u00e9s und Gesch\u00e4fte. Wenn Sie im Voraus buchen, ist Ihnen ein Platz f\u00fcr Ihr Gep\u00e4ck garantiert. Sollten sich Ihre Reisepl\u00e4ne \u00e4ndern, k\u00f6nnen Sie Ihre Buchung jederzeit problemlos stornieren. Adresse und Wegbeschreibung stehen zum Zeitpunkt der Buchung zur Verf\u00fcgung und werden Ihnen per E-Mail zugesandt.<\/p>\n<p>LuggageHero nutzt einen Gep\u00e4ckaufbewahrungs-Timer, um die von Ihnen in Anspruch genommenen Stunden zu berechnen. Sobald Sie am Gep\u00e4ckaufbewahrungsort eintreffen, starten Sie den Gep\u00e4ckaufbewahrungs-Timer auf Ihrer Buchungsseite. Wenn Sie den Gep\u00e4ckaufbewahrungs-Timer stoppen, wenn Sie Ihr Gep\u00e4ck abholen, wird der Zahlungsvorgang automatisch aktiviert. Alle Gep\u00e4ckst\u00fccke werden mit unserem <a href=\"https:\/\/luggagehero.com\/about\/security-seal\/\">Sicherheitssiegel<\/a>\u00a0versehen, mit dem Ihr Gep\u00e4ck bis zu <pricing-component type=\"insurancecoverage\"><\/pricing-component> versichert ist.<\/p>\n<h2 style=\"text-align: center;\"><img loading=\"lazy\" decoding=\"async\" class=\"aligncenter wp-image-1902 size-large\" title=\"Gep\u00e4ckaufbewahrung an der Victoria Station\" src=\"https:\/\/luggagehero.com\/wp-content\/uploads\/2018\/02\/Luggage_storage_Victoria_station-800x451.jpg\" alt=\"Victoria Station London Gep\u00e4ckaufbewahrung\" width=\"800\" height=\"451\" srcset=\"https:\/\/luggagehero.com\/wp-content\/uploads\/2018\/02\/Luggage_storage_Victoria_station-800x451.jpg 800w, https:\/\/luggagehero.com\/wp-content\/uploads\/2018\/02\/Luggage_storage_Victoria_station-300x169.jpg 300w, https:\/\/luggagehero.com\/wp-content\/uploads\/2018\/02\/Luggage_storage_Victoria_station-600x339.jpg 600w, https:\/\/luggagehero.com\/wp-content\/uploads\/2018\/02\/Luggage_storage_Victoria_station.jpg 1035w\" sizes=\"auto, (max-width: 800px) 100vw, 800px\" \/><\/h2>\n<h2 style=\"text-align: center;\">Victoria Station<\/h2>\n<p><a href=\"https:\/\/luggagehero.com\/about\/\">Die Gep\u00e4ckaufbewahrung bei LuggageHero<\/a> ist preiswerter und praktischer als die herk\u00f6mmlichen M\u00f6glichkeiten zur Gep\u00e4ckaufbewahrung. Mit mehr als 120 Gesch\u00e4ften in ganz London finden Sie leicht einen Ort, an dem Sie Ihr Gep\u00e4ck sicher aufbewahren k\u00f6nnen, w\u00e4hrend Sie London erkunden.<\/p>\n<p>Victoria Station, auch bekannt als London Victoria, ist ein verkehrsreicher Bahnhof und U-Bahnhof in London. Der Bahnhof befindet sich im Zentrum von London und ganz in der N\u00e4he von Westminster. Der\u00a0<a href=\"https:\/\/www.gatwickexpress.com\/\" target=\"_blank\" rel=\"nofollow noopener noreferrer\">Gatwick Express,<\/a>\u00a0der Zug zum Flughafen Gatwick verkehrt bis zu 4-mal pro Stunde von der Victoria Station. Die Zugfahrt dauert nur 30 Minuten, so dass Sie am Ankunfts- und Abreisetag gen\u00fcgend Zeit haben, die Umgebung zu erkunden.<\/p>\n<p>Wenn Sie Ihr Gep\u00e4ck in der N\u00e4he der Victoria Station aufbewahren, k\u00f6nnen Sie verschiedene Sehensw\u00fcrdigkeiten in London erkunden, einschlie\u00dflich <a href=\"https:\/\/luggagehero.com\/london\/buckingham-palace\/\">Buckingham Palace<\/a> und St James&#8217;s Park. Eine Gep\u00e4ckaufbewahrung wird auch an mehreren anderen Londoner U-Bahn-Stationen angeboten, darunter <a href=\"https:\/\/luggagehero.com\/london\/kings-cross-station\/\">King&#8217;s Cross Station<\/a>, <a href=\"https:\/\/luggagehero.com\/london\/euston-station\/\">Euston Station<\/a>, <a href=\"https:\/\/luggagehero.com\/london\/liverpool-street-station\/\">Liverpool Street Station<\/a> und viele mehr. Wenn Sie zu einer Veranstaltung in der N\u00e4he des Wembley-Stadions reisen, k\u00f6nnen wir Ihr Gep\u00e4ck problemlos aufbewahren, da im <a href=\"https:\/\/luggagehero.com\/tip-here-is-your-guide-on-what-size-bags-or-luggage-you-can-bring-into-wembley-stadium\/\">Wembley Stadium keinerlei Gep\u00e4ck mitgenommen werden darf,<\/a><\/p>\n<p>Dienstleistungen an der Victoria Station:<\/p>\n<ul>\n<li>\u00d6ffnungszeiten &#8211; Montag bis Sonntag zwischen 05:00 und 03:00 Uhr.<\/li>\n<li>Toiletten und Wickelm\u00f6glichkeiten.<\/li>\n<li>Geldautomaten und Wechselstuben<\/li>\n<li>WLAN ist verf\u00fcgbar mit drahtlosem pay as you go Internetzugang von <a href=\"https:\/\/www.btwifi.co.uk\/\" rel=\"nofollow\">BT Wi-Fi<\/a>.<\/li>\n<li>Sie haben rund um die M\u00f6glichkeit, Essen und Getr\u00e4nke zu kaufen.<\/li>\n<\/ul>\n","protected":false},"excerpt":{"rendered":"<p>Suchen Sie eine Gep\u00e4ckaufbewahrung in der N\u00e4he der Victoria Station? Sie k\u00f6nnen Ihr Gep\u00e4ck an einem unserer Gep\u00e4ckaufbewahrungsorte gleich um die Ecke der Victoria Station aufbewahren. Bei uns k\u00f6nnen Sie an sieben Tagen die Woche, rund um die Uhr Ihr Gep\u00e4ck aufzubewahren, w\u00e4hrend Sie Londonentdecken. Die Gep\u00e4ckaufbewahrungsorte von LuggageHero sind zertifizierteHotels, Caf\u00e9s und Gesch\u00e4fte. Wenn [&hellip;]<\/p>\n","protected":false},"author":4,"featured_media":11523,"parent":11513,"menu_order":0,"comment_status":"closed","ping_status":"closed","template":"template-location.php","meta":{"_acf_changed":false,"footnotes":""},"class_list":["post-11551","page","type-page","status-publish","has-post-thumbnail","hentry"],"acf":[],"yoast_head":"<!-- This site is optimized with the Yoast SEO Premium plugin v27.0 (Yoast SEO v27.0) - https:\/\/yoast.com\/product\/yoast-seo-premium-wordpress\/ -->\n<title>Gep\u00e4ckaufbewahrung an der Victoria Station 7 Tage die Woche - ab 1 \u00a3 pro Stunde<\/title>\n<meta name=\"description\" content=\"Praktische und g\u00fcnstige Gep\u00e4ckaufbewahrung in der N\u00e4he der Victoria Station. Ab 1 \u00a3 pro Stunde. 2500 \u00a3 - Versicherungsdeckung inkl. Sicherungssiegel f\u00fcr jedes Gep\u00e4ckst\u00fcck. Buchen Sie online.\" \/>\n<meta name=\"robots\" content=\"index, follow, max-snippet:-1, max-image-preview:large, max-video-preview:-1\" \/>\n<link rel=\"canonical\" href=\"https:\/\/luggagehero.com\/de\/london\/victoria-station\/\" \/>\n<meta property=\"og:locale\" content=\"de_DE\" \/>\n<meta property=\"og:type\" content=\"article\" \/>\n<meta property=\"og:title\" content=\"Victoria Station\" \/>\n<meta property=\"og:description\" content=\"Praktische und g\u00fcnstige Gep\u00e4ckaufbewahrung in der N\u00e4he der Victoria Station. Ab 1 \u00a3 pro Stunde. 2500 \u00a3 - Versicherungsdeckung inkl. Sicherungssiegel f\u00fcr jedes Gep\u00e4ckst\u00fcck. Buchen Sie online.\" \/>\n<meta property=\"og:url\" content=\"https:\/\/luggagehero.com\/de\/london\/victoria-station\/\" \/>\n<meta property=\"og:site_name\" content=\"LuggageHero\" \/>\n<meta property=\"article:publisher\" content=\"https:\/\/www.facebook.com\/luggagehero\" \/>\n<meta property=\"article:modified_time\" content=\"2023-08-22T11:53:15+00:00\" \/>\n<meta property=\"og:image\" content=\"https:\/\/luggagehero.com\/wp-content\/uploads\/2018\/02\/Luggage_storage_Victoria_station-800x451.jpg\" \/>\n<meta name=\"twitter:card\" content=\"summary_large_image\" \/>\n<meta name=\"twitter:site\" content=\"@luggagehero\" \/>\n<meta name=\"twitter:label1\" content=\"Est. reading time\" \/>\n\t<meta name=\"twitter:data1\" content=\"2 minutes\" \/>\n<script type=\"application\/ld+json\" class=\"yoast-schema-graph\">{\"@context\":\"https:\/\/schema.org\",\"@graph\":[{\"@type\":\"WebPage\",\"@id\":\"https:\/\/luggagehero.com\/de\/london\/victoria-station\/\",\"url\":\"https:\/\/luggagehero.com\/de\/london\/victoria-station\/\",\"name\":\"Gep\u00e4ckaufbewahrung an der Victoria Station 7 Tage die Woche - ab 1 \u00a3 pro Stunde\",\"isPartOf\":{\"@id\":\"https:\/\/luggagehero.com\/de\/#website\"},\"primaryImageOfPage\":{\"@id\":\"https:\/\/luggagehero.com\/de\/london\/victoria-station\/#primaryimage\"},\"image\":{\"@id\":\"https:\/\/luggagehero.com\/de\/london\/victoria-station\/#primaryimage\"},\"thumbnailUrl\":\"https:\/\/luggagehero.com\/wp-content\/uploads\/2018\/09\/Luggage-storage-victoria-station.jpg\",\"datePublished\":\"2019-11-06T07:53:55+00:00\",\"dateModified\":\"2023-08-22T11:53:15+00:00\",\"description\":\"Praktische und g\u00fcnstige Gep\u00e4ckaufbewahrung in der N\u00e4he der Victoria Station. Ab 1 \u00a3 pro Stunde. 2500 \u00a3 - Versicherungsdeckung inkl. Sicherungssiegel f\u00fcr jedes Gep\u00e4ckst\u00fcck. Buchen Sie online.\",\"breadcrumb\":{\"@id\":\"https:\/\/luggagehero.com\/de\/london\/victoria-station\/#breadcrumb\"},\"inLanguage\":\"de-DE\",\"potentialAction\":[{\"@type\":\"ReadAction\",\"target\":[\"https:\/\/luggagehero.com\/de\/london\/victoria-station\/\"]}]},{\"@type\":\"ImageObject\",\"inLanguage\":\"de-DE\",\"@id\":\"https:\/\/luggagehero.com\/de\/london\/victoria-station\/#primaryimage\",\"url\":\"https:\/\/luggagehero.com\/wp-content\/uploads\/2018\/09\/Luggage-storage-victoria-station.jpg\",\"contentUrl\":\"https:\/\/luggagehero.com\/wp-content\/uploads\/2018\/09\/Luggage-storage-victoria-station.jpg\",\"width\":\"1035\",\"height\":\"584\"},{\"@type\":\"BreadcrumbList\",\"@id\":\"https:\/\/luggagehero.com\/de\/london\/victoria-station\/#breadcrumb\",\"itemListElement\":[{\"@type\":\"ListItem\",\"position\":1,\"name\":\"Home\",\"item\":\"https:\/\/luggagehero.com\/de\/\"},{\"@type\":\"ListItem\",\"position\":2,\"name\":\"London\",\"item\":\"https:\/\/luggagehero.com\/de\/london\/\"},{\"@type\":\"ListItem\",\"position\":3,\"name\":\"Victoria Station\"}]},{\"@type\":\"WebSite\",\"@id\":\"https:\/\/luggagehero.com\/de\/#website\",\"url\":\"https:\/\/luggagehero.com\/de\/\",\"name\":\"LuggageHero\",\"description\":\"Free yourself from luggage\",\"publisher\":{\"@id\":\"https:\/\/luggagehero.com\/de\/#organization\"},\"potentialAction\":[{\"@type\":\"SearchAction\",\"target\":{\"@type\":\"EntryPoint\",\"urlTemplate\":\"https:\/\/luggagehero.com\/de\/?s={search_term_string}\"},\"query-input\":{\"@type\":\"PropertyValueSpecification\",\"valueRequired\":true,\"valueName\":\"search_term_string\"}}],\"inLanguage\":\"de-DE\"},{\"@type\":\"Organization\",\"@id\":\"https:\/\/luggagehero.com\/de\/#organization\",\"name\":\"LuggageHero\",\"url\":\"https:\/\/luggagehero.com\/de\/\",\"logo\":{\"@type\":\"ImageObject\",\"inLanguage\":\"de-DE\",\"@id\":\"https:\/\/luggagehero.com\/de\/#\/schema\/logo\/image\/\",\"url\":\"https:\/\/luggagehero.com\/wp-content\/uploads\/2017\/04\/luggagehero_LOGO-RGB_kort_POS_200x200.png\",\"contentUrl\":\"https:\/\/luggagehero.com\/wp-content\/uploads\/2017\/04\/luggagehero_LOGO-RGB_kort_POS_200x200.png\",\"width\":200,\"height\":200,\"caption\":\"LuggageHero\"},\"image\":{\"@id\":\"https:\/\/luggagehero.com\/de\/#\/schema\/logo\/image\/\"},\"sameAs\":[\"https:\/\/www.facebook.com\/luggagehero\",\"https:\/\/x.com\/luggagehero\",\"https:\/\/www.instagram.com\/luggagehero\",\"https:\/\/www.linkedin.com\/company\/luggagehero\/\"]}]}<\/script>\n<!-- \/ Yoast SEO Premium plugin. -->","yoast_head_json":{"title":"Gep\u00e4ckaufbewahrung an der Victoria Station 7 Tage die Woche - ab 1 \u00a3 pro Stunde","description":"Praktische und g\u00fcnstige Gep\u00e4ckaufbewahrung in der N\u00e4he der Victoria Station. Ab 1 \u00a3 pro Stunde. 2500 \u00a3 - Versicherungsdeckung inkl. Sicherungssiegel f\u00fcr jedes Gep\u00e4ckst\u00fcck. Buchen Sie online.","robots":{"index":"index","follow":"follow","max-snippet":"max-snippet:-1","max-image-preview":"max-image-preview:large","max-video-preview":"max-video-preview:-1"},"canonical":"https:\/\/luggagehero.com\/de\/london\/victoria-station\/","og_locale":"de_DE","og_type":"article","og_title":"Victoria Station","og_description":"Praktische und g\u00fcnstige Gep\u00e4ckaufbewahrung in der N\u00e4he der Victoria Station. Ab 1 \u00a3 pro Stunde. 2500 \u00a3 - Versicherungsdeckung inkl. Sicherungssiegel f\u00fcr jedes Gep\u00e4ckst\u00fcck. Buchen Sie online.","og_url":"https:\/\/luggagehero.com\/de\/london\/victoria-station\/","og_site_name":"LuggageHero","article_publisher":"https:\/\/www.facebook.com\/luggagehero","article_modified_time":"2023-08-22T11:53:15+00:00","og_image":[{"url":"https:\/\/luggagehero.com\/wp-content\/uploads\/2018\/02\/Luggage_storage_Victoria_station-800x451.jpg","type":"","width":"","height":""}],"twitter_card":"summary_large_image","twitter_site":"@luggagehero","twitter_misc":{"Est. reading time":"2 minutes"},"schema":{"@context":"https:\/\/schema.org","@graph":[{"@type":"WebPage","@id":"https:\/\/luggagehero.com\/de\/london\/victoria-station\/","url":"https:\/\/luggagehero.com\/de\/london\/victoria-station\/","name":"Gep\u00e4ckaufbewahrung an der Victoria Station 7 Tage die Woche - ab 1 \u00a3 pro Stunde","isPartOf":{"@id":"https:\/\/luggagehero.com\/de\/#website"},"primaryImageOfPage":{"@id":"https:\/\/luggagehero.com\/de\/london\/victoria-station\/#primaryimage"},"image":{"@id":"https:\/\/luggagehero.com\/de\/london\/victoria-station\/#primaryimage"},"thumbnailUrl":"https:\/\/luggagehero.com\/wp-content\/uploads\/2018\/09\/Luggage-storage-victoria-station.jpg","datePublished":"2019-11-06T07:53:55+00:00","dateModified":"2023-08-22T11:53:15+00:00","description":"Praktische und g\u00fcnstige Gep\u00e4ckaufbewahrung in der N\u00e4he der Victoria Station. Ab 1 \u00a3 pro Stunde. 2500 \u00a3 - Versicherungsdeckung inkl. Sicherungssiegel f\u00fcr jedes Gep\u00e4ckst\u00fcck. Buchen Sie online.","breadcrumb":{"@id":"https:\/\/luggagehero.com\/de\/london\/victoria-station\/#breadcrumb"},"inLanguage":"de-DE","potentialAction":[{"@type":"ReadAction","target":["https:\/\/luggagehero.com\/de\/london\/victoria-station\/"]}]},{"@type":"ImageObject","inLanguage":"de-DE","@id":"https:\/\/luggagehero.com\/de\/london\/victoria-station\/#primaryimage","url":"https:\/\/luggagehero.com\/wp-content\/uploads\/2018\/09\/Luggage-storage-victoria-station.jpg","contentUrl":"https:\/\/luggagehero.com\/wp-content\/uploads\/2018\/09\/Luggage-storage-victoria-station.jpg","width":"1035","height":"584"},{"@type":"BreadcrumbList","@id":"https:\/\/luggagehero.com\/de\/london\/victoria-station\/#breadcrumb","itemListElement":[{"@type":"ListItem","position":1,"name":"Home","item":"https:\/\/luggagehero.com\/de\/"},{"@type":"ListItem","position":2,"name":"London","item":"https:\/\/luggagehero.com\/de\/london\/"},{"@type":"ListItem","position":3,"name":"Victoria Station"}]},{"@type":"WebSite","@id":"https:\/\/luggagehero.com\/de\/#website","url":"https:\/\/luggagehero.com\/de\/","name":"LuggageHero","description":"Free yourself from luggage","publisher":{"@id":"https:\/\/luggagehero.com\/de\/#organization"},"potentialAction":[{"@type":"SearchAction","target":{"@type":"EntryPoint","urlTemplate":"https:\/\/luggagehero.com\/de\/?s={search_term_string}"},"query-input":{"@type":"PropertyValueSpecification","valueRequired":true,"valueName":"search_term_string"}}],"inLanguage":"de-DE"},{"@type":"Organization","@id":"https:\/\/luggagehero.com\/de\/#organization","name":"LuggageHero","url":"https:\/\/luggagehero.com\/de\/","logo":{"@type":"ImageObject","inLanguage":"de-DE","@id":"https:\/\/luggagehero.com\/de\/#\/schema\/logo\/image\/","url":"https:\/\/luggagehero.com\/wp-content\/uploads\/2017\/04\/luggagehero_LOGO-RGB_kort_POS_200x200.png","contentUrl":"https:\/\/luggagehero.com\/wp-content\/uploads\/2017\/04\/luggagehero_LOGO-RGB_kort_POS_200x200.png","width":200,"height":200,"caption":"LuggageHero"},"image":{"@id":"https:\/\/luggagehero.com\/de\/#\/schema\/logo\/image\/"},"sameAs":["https:\/\/www.facebook.com\/luggagehero","https:\/\/x.com\/luggagehero","https:\/\/www.instagram.com\/luggagehero","https:\/\/www.linkedin.com\/company\/luggagehero\/"]}]}},"place_id":"","place_latitude_longitude":"51.495210, -0.143898","place_name":"Victoria Station","criteria_title":"","criteria_description":"","meta_title":"","meta_description":"","children_criteria_title":"","children_criteria_description":"","children_meta_title":"","children_meta_description":"","_edit_last":"46","use_global_content":"","poi_type":"PublicTransit","content_raw":"Suchen Sie eine Gep\u00e4ckaufbewahrung in der N\u00e4he der Victoria Station? Sie k\u00f6nnen Ihr Gep\u00e4ck an einem unserer Gep\u00e4ckaufbewahrungsorte gleich um die Ecke der Victoria Station aufbewahren. Bei uns k\u00f6nnen Sie an sieben Tagen die Woche, rund um die Uhr Ihr Gep\u00e4ck aufzubewahren, w\u00e4hrend Sie <a href=\"https:\/\/luggagehero.com\/london\/\">London<\/a>entdecken.\r\n\r\nDie Gep\u00e4ckaufbewahrungsorte von LuggageHero sind <a href=\"https:\/\/luggagehero.com\/about\/certified-shops\/\">zertifizierte<\/a>Hotels, Caf\u00e9s und Gesch\u00e4fte. Wenn Sie im Voraus buchen, ist Ihnen ein Platz f\u00fcr Ihr Gep\u00e4ck garantiert. Sollten sich Ihre Reisepl\u00e4ne \u00e4ndern, k\u00f6nnen Sie Ihre Buchung jederzeit problemlos stornieren. Adresse und Wegbeschreibung stehen zum Zeitpunkt der Buchung zur Verf\u00fcgung und werden Ihnen per E-Mail zugesandt.\r\n\r\nLuggageHero nutzt einen Gep\u00e4ckaufbewahrungs-Timer, um die von Ihnen in Anspruch genommenen Stunden zu berechnen. Sobald Sie am Gep\u00e4ckaufbewahrungsort eintreffen, starten Sie den Gep\u00e4ckaufbewahrungs-Timer auf Ihrer Buchungsseite. Wenn Sie den Gep\u00e4ckaufbewahrungs-Timer stoppen, wenn Sie Ihr Gep\u00e4ck abholen, wird der Zahlungsvorgang automatisch aktiviert. Alle Gep\u00e4ckst\u00fccke werden mit unserem <a href=\"https:\/\/luggagehero.com\/about\/security-seal\/\">Sicherheitssiegel<\/a>\u00a0versehen, mit dem Ihr Gep\u00e4ck bis zu [pricing insurancecoverage] versichert ist.\r\n<h2 style=\"text-align: center;\"><img class=\"aligncenter wp-image-1902 size-large\" title=\"Gep\u00e4ckaufbewahrung an der Victoria Station\" src=\"https:\/\/luggagehero.com\/wp-content\/uploads\/2018\/02\/Luggage_storage_Victoria_station-800x451.jpg\" alt=\"Victoria Station London Gep\u00e4ckaufbewahrung\" width=\"800\" height=\"451\" \/><\/h2>\r\n<h2 style=\"text-align: center;\">Victoria Station<\/h2>\r\n<a href=\"https:\/\/luggagehero.com\/about\/\">Die Gep\u00e4ckaufbewahrung bei LuggageHero<\/a> ist preiswerter und praktischer als die herk\u00f6mmlichen M\u00f6glichkeiten zur Gep\u00e4ckaufbewahrung. Mit mehr als 120 Gesch\u00e4ften in ganz London finden Sie leicht einen Ort, an dem Sie Ihr Gep\u00e4ck sicher aufbewahren k\u00f6nnen, w\u00e4hrend Sie London erkunden.\r\n\r\nVictoria Station, auch bekannt als London Victoria, ist ein verkehrsreicher Bahnhof und U-Bahnhof in London. Der Bahnhof befindet sich im Zentrum von London und ganz in der N\u00e4he von Westminster. Der\u00a0<a href=\"https:\/\/www.gatwickexpress.com\/\" target=\"_blank\" rel=\"nofollow noopener noreferrer\">Gatwick Express,<\/a>\u00a0der Zug zum Flughafen Gatwick verkehrt bis zu 4-mal pro Stunde von der Victoria Station. Die Zugfahrt dauert nur 30 Minuten, so dass Sie am Ankunfts- und Abreisetag gen\u00fcgend Zeit haben, die Umgebung zu erkunden.\r\n\r\nWenn Sie Ihr Gep\u00e4ck in der N\u00e4he der Victoria Station aufbewahren, k\u00f6nnen Sie verschiedene Sehensw\u00fcrdigkeiten in London erkunden, einschlie\u00dflich <a href=\"https:\/\/luggagehero.com\/london\/buckingham-palace\/\">Buckingham Palace<\/a> und St James's Park. Eine Gep\u00e4ckaufbewahrung wird auch an mehreren anderen Londoner U-Bahn-Stationen angeboten, darunter <a href=\"https:\/\/luggagehero.com\/london\/kings-cross-station\/\">King's Cross Station<\/a>, <a href=\"https:\/\/luggagehero.com\/london\/euston-station\/\">Euston Station<\/a>, <a href=\"https:\/\/luggagehero.com\/london\/liverpool-street-station\/\">Liverpool Street Station<\/a> und viele mehr. Wenn Sie zu einer Veranstaltung in der N\u00e4he des Wembley-Stadions reisen, k\u00f6nnen wir Ihr Gep\u00e4ck problemlos aufbewahren, da im <a href=\"https:\/\/luggagehero.com\/tip-here-is-your-guide-on-what-size-bags-or-luggage-you-can-bring-into-wembley-stadium\/\">Wembley Stadium keinerlei Gep\u00e4ck mitgenommen werden darf,<\/a>\r\n\r\nDienstleistungen an der Victoria Station:\r\n<ul>\r\n \t<li>\u00d6ffnungszeiten - Montag bis Sonntag zwischen 05:00 und 03:00 Uhr.<\/li>\r\n \t<li>Toiletten und Wickelm\u00f6glichkeiten.<\/li>\r\n \t<li>Geldautomaten und Wechselstuben<\/li>\r\n \t<li>WLAN ist verf\u00fcgbar mit drahtlosem pay as you go Internetzugang von <a href=\"https:\/\/www.btwifi.co.uk\/\" rel=\"nofollow\">BT Wi-Fi<\/a>.<\/li>\r\n \t<li>Sie haben rund um die M\u00f6glichkeit, Essen und Getr\u00e4nke zu kaufen.<\/li>\r\n<\/ul>","_links":{"self":[{"href":"https:\/\/luggagehero.com\/de\/wp-json\/wp\/v2\/pages\/11551","targetHints":{"allow":["GET"]}}],"collection":[{"href":"https:\/\/luggagehero.com\/de\/wp-json\/wp\/v2\/pages"}],"about":[{"href":"https:\/\/luggagehero.com\/de\/wp-json\/wp\/v2\/types\/page"}],"author":[{"embeddable":true,"href":"https:\/\/luggagehero.com\/de\/wp-json\/wp\/v2\/users\/4"}],"replies":[{"embeddable":true,"href":"https:\/\/luggagehero.com\/de\/wp-json\/wp\/v2\/comments?post=11551"}],"version-history":[{"count":0,"href":"https:\/\/luggagehero.com\/de\/wp-json\/wp\/v2\/pages\/11551\/revisions"}],"up":[{"embeddable":true,"href":"https:\/\/luggagehero.com\/de\/wp-json\/wp\/v2\/pages\/11513"}],"wp:featuredmedia":[{"embeddable":true,"href":"https:\/\/luggagehero.com\/de\/wp-json\/wp\/v2\/media\/11523"}],"wp:attachment":[{"href":"https:\/\/luggagehero.com\/de\/wp-json\/wp\/v2\/media?parent=11551"}],"curies":[{"name":"wp","href":"https:\/\/api.w.org\/{rel}","templated":true}]}}