{"id":11554,"date":"2019-11-06T07:53:56","date_gmt":"2019-11-06T07:53:56","guid":{"rendered":"https:\/\/luggagehero.com\/london\/paddington-station\/"},"modified":"2023-08-22T12:02:05","modified_gmt":"2023-08-22T12:02:05","slug":"paddington-station","status":"publish","type":"page","link":"https:\/\/luggagehero.com\/de\/london\/paddington-station\/","title":{"rendered":"Paddington Station"},"content":{"rendered":"<p>Suchen Sie nach einer Gep\u00e4ckaufbewahrungsm\u00f6glichkeit in der N\u00e4he der Paddington Station? Geben Sie Ihr Gep\u00e4ck an einem unserer Gep\u00e4ckaufbewahrungorte gleich um die Ecke ab. Vertrauen Sie Ihr Gep\u00e4ck LuggageHero an. Die lokalen Shops in der N\u00e4he der Paddington Station k\u00fcmmern sich gut um Ihr Gep\u00e4ck. Alle Gep\u00e4ckst\u00fccke werden mit unserem manipulationssicheren <a href=\"https:\/\/luggagehero.com\/about\/security-seal\/\">Sicherheitsssiegel versehen<\/a> und sind bis zu <pricing-component type=\"insurancecoverage\"><\/pricing-component> versichert. Sie k\u00f6nnen Ihr Gep\u00e4ck auch \u00fcber Nacht abgeben. Wir berechnen einen H\u00f6chstbetrag pro Tag in H\u00f6he von [Pricing Dailyrate].<\/p>\n<p>LuggageHero hat 600.000 Stunden Gep\u00e4ck f\u00fcr Reisende aufbewahrt, w\u00e4hrend Sie London unbeschwert genie\u00dfen konnten. Suchen und buchen Sie eine Gep\u00e4ckaufbewahrung bei einem unserer <a href=\"https:\/\/luggagehero.com\/about\/certified-shops\/\">zertifizierten<\/a> Partner und machen Sie Ihre Reise zu einem Urlaub. Unser Gep\u00e4ckaufbewahrungs-Timer sorgt daf\u00fcr, dass Sie nur f\u00fcr die Stunden bezahlen, die Sie f\u00fcr die Gep\u00e4ckaufbewahrung in Anspruch genommen haben<\/p>\n<h2><\/h2>\n<h2 style=\"text-align: center;\"><img loading=\"lazy\" decoding=\"async\" class=\"alignnone wp-image-3592\" src=\"https:\/\/luggagehero.com\/wp-content\/uploads\/2018\/09\/Paddington_station_luggage_storage-720x406.jpg\" alt=\"Paddington Station Gep\u00e4ckaufbewahrung\" width=\"499\" height=\"282\" \/><\/h2>\n<h2 style=\"text-align: center;\">Paddington Station<\/h2>\n<p>Wenn Sie LuggageHero nutzen, vergeuden Sie keine wertvollen Urlaubsstunden damit, bei der altmodischen Gep\u00e4ckaufbewahrung Schlange zu stehen und sparen auch noch Geld dabei. Wir versiegeln und versichern Ihr Gep\u00e4ck bis zu [Preisversicherungsschutz] <pricing-component type=\"insurancecoverage\"><\/pricing-component> mit First Insurance. Wir bieten Ihnen die perfekte M\u00f6glichkeit, <a href=\"https:\/\/luggagehero.com\/london\/\">London<\/a> unbeschwert zu entdecken.<\/p>\n<p>Die Paddington Station ist eine Endstation in London mit zwei Zugverbindungen zum Flughafen Heathrow: Der <a href=\"https:\/\/www.heathrowexpress.com\" rel=\"nofollow\">Heathrow Express<\/a> f\u00e4hrt nonstop zum Premium-Tarif, w\u00e4hrend <a href=\"https:\/\/www.heathrowconnect.com\" rel=\"nofollow\">Heathrow Connect<\/a> dieselbe Route f\u00e4hrt, aber an den meisten Zwischenstationen anh\u00e4lt. Von der Paddington Station aus haben Sie direkten Anschluss zur <a href=\"https:\/\/luggagehero.com\/london\/kings-cross-station\/\">King&#8217;s Cross Station<\/a>, <a href=\"https:\/\/luggagehero.com\/london\/victoria-station\/\">Victoria Station<\/a>, <a href=\"https:\/\/luggagehero.com\/london\/liverpool-street-station\/\">Liverpool Street Station<\/a>, und A<a href=\"https:\/\/luggagehero.com\/london\/waterloo-station\/\">Waterloo Station<\/a>.<\/p>\n<p>Der Heathrow Express f\u00e4hrt von den Bahnsteigen 6 und 7 ab. Der Fluginformationsbildschirm f\u00fcr Flugg\u00e4ste befindet sich am Fahrkartenschalter des Heathrow Express in der N\u00e4he dieser Bahnsteige.<\/p>\n<p>Wenn Sie Ihr Gep\u00e4ck f\u00fcr mehrere Tage aufbewahren m\u00f6chten, k\u00f6nnen Sie Ihr Gep\u00e4ck problemlos bei uns abgeben. Sie zahlen nie mehr als 10 \u00a3\/pro Tag je Gep\u00e4ckst\u00fcck<\/p>\n<p>Der Fahrkartenschalter an der Paddington Station ist rund um die Uhr ge\u00f6ffnet und wird von Great Western Railway betrieben. Sie finden Fahrkartenautomaten in der Bahnhofshalle. Toiletten und Wickelm\u00f6glichkeiten kosten 30 Pence und befinden sich vor der Ticketschranke. WLAN ist verf\u00fcgbar mit drahtlosem pay as you go Internetzugang von <a href=\"https:\/\/www.btwifi.co.uk\/\" rel=\"nofollow\">BT Wi-Fi<\/a>.<\/p>\n","protected":false},"excerpt":{"rendered":"<p>Suchen Sie nach einer Gep\u00e4ckaufbewahrungsm\u00f6glichkeit in der N\u00e4he der Paddington Station? Geben Sie Ihr Gep\u00e4ck an einem unserer Gep\u00e4ckaufbewahrungorte gleich um die Ecke ab. Vertrauen Sie Ihr Gep\u00e4ck LuggageHero an. Die lokalen Shops in der N\u00e4he der Paddington Station k\u00fcmmern sich gut um Ihr Gep\u00e4ck. Alle Gep\u00e4ckst\u00fccke werden mit unserem manipulationssicheren Sicherheitsssiegel versehen und sind [&hellip;]<\/p>\n","protected":false},"author":4,"featured_media":0,"parent":11513,"menu_order":0,"comment_status":"closed","ping_status":"closed","template":"template-location.php","meta":{"_acf_changed":false,"footnotes":""},"class_list":["post-11554","page","type-page","status-publish","hentry"],"acf":[],"yoast_head":"<!-- This site is optimized with the Yoast SEO Premium plugin v27.0 (Yoast SEO v27.0) - https:\/\/yoast.com\/product\/yoast-seo-premium-wordpress\/ -->\n<title>Gep\u00e4ckaufbewahrung an der Paddington Station sieben Tage die Woche - ab 1 \u00a3\/Stunde<\/title>\n<meta name=\"description\" content=\"Einfache, bequeme und g\u00fcnstige Gep\u00e4ckaufbewahrung in der N\u00e4he der Paddington Station. Ab 1 \u00a3 pro Stunde. 2200 \u00a3-Versicherungsdeckung inklusive. Jedes Gep\u00e4ckst\u00fcck wird mit einem Sicherungssiegel versehen. Buchen Sie jetzt!\" \/>\n<meta name=\"robots\" content=\"index, follow, max-snippet:-1, max-image-preview:large, max-video-preview:-1\" \/>\n<link rel=\"canonical\" href=\"https:\/\/luggagehero.com\/de\/london\/paddington-station\/\" \/>\n<meta property=\"og:locale\" content=\"de_DE\" \/>\n<meta property=\"og:type\" content=\"article\" \/>\n<meta property=\"og:title\" content=\"Paddington Station\" \/>\n<meta property=\"og:description\" content=\"Einfache, bequeme und g\u00fcnstige Gep\u00e4ckaufbewahrung in der N\u00e4he der Paddington Station. Ab 1 \u00a3 pro Stunde. 2200 \u00a3-Versicherungsdeckung inklusive. Jedes Gep\u00e4ckst\u00fcck wird mit einem Sicherungssiegel versehen. Buchen Sie jetzt!\" \/>\n<meta property=\"og:url\" content=\"https:\/\/luggagehero.com\/de\/london\/paddington-station\/\" \/>\n<meta property=\"og:site_name\" content=\"LuggageHero\" \/>\n<meta property=\"article:publisher\" content=\"https:\/\/www.facebook.com\/luggagehero\" \/>\n<meta property=\"article:modified_time\" content=\"2023-08-22T12:02:05+00:00\" \/>\n<meta property=\"og:image\" content=\"https:\/\/luggagehero.com\/wp-content\/uploads\/2018\/09\/Paddington_station_luggage_storage-720x406.jpg\" \/>\n<meta name=\"twitter:card\" content=\"summary_large_image\" \/>\n<meta name=\"twitter:site\" content=\"@luggagehero\" \/>\n<meta name=\"twitter:label1\" content=\"Est. reading time\" \/>\n\t<meta name=\"twitter:data1\" content=\"2 minutes\" \/>\n<script type=\"application\/ld+json\" class=\"yoast-schema-graph\">{\"@context\":\"https:\/\/schema.org\",\"@graph\":[{\"@type\":\"WebPage\",\"@id\":\"https:\/\/luggagehero.com\/de\/london\/paddington-station\/\",\"url\":\"https:\/\/luggagehero.com\/de\/london\/paddington-station\/\",\"name\":\"Gep\u00e4ckaufbewahrung an der Paddington Station sieben Tage die Woche - ab 1 \u00a3\/Stunde\",\"isPartOf\":{\"@id\":\"https:\/\/luggagehero.com\/de\/#website\"},\"primaryImageOfPage\":{\"@id\":\"https:\/\/luggagehero.com\/de\/london\/paddington-station\/#primaryimage\"},\"image\":{\"@id\":\"https:\/\/luggagehero.com\/de\/london\/paddington-station\/#primaryimage\"},\"thumbnailUrl\":\"https:\/\/luggagehero.com\/wp-content\/uploads\/2018\/09\/Paddington_station_luggage_storage-720x406.jpg\",\"datePublished\":\"2019-11-06T07:53:56+00:00\",\"dateModified\":\"2023-08-22T12:02:05+00:00\",\"description\":\"Einfache, bequeme und g\u00fcnstige Gep\u00e4ckaufbewahrung in der N\u00e4he der Paddington Station. Ab 1 \u00a3 pro Stunde. 2200 \u00a3-Versicherungsdeckung inklusive. Jedes Gep\u00e4ckst\u00fcck wird mit einem Sicherungssiegel versehen. Buchen Sie jetzt!\",\"breadcrumb\":{\"@id\":\"https:\/\/luggagehero.com\/de\/london\/paddington-station\/#breadcrumb\"},\"inLanguage\":\"de-DE\",\"potentialAction\":[{\"@type\":\"ReadAction\",\"target\":[\"https:\/\/luggagehero.com\/de\/london\/paddington-station\/\"]}]},{\"@type\":\"ImageObject\",\"inLanguage\":\"de-DE\",\"@id\":\"https:\/\/luggagehero.com\/de\/london\/paddington-station\/#primaryimage\",\"url\":\"https:\/\/luggagehero.com\/wp-content\/uploads\/2018\/09\/Paddington_station_luggage_storage-720x406.jpg\",\"contentUrl\":\"https:\/\/luggagehero.com\/wp-content\/uploads\/2018\/09\/Paddington_station_luggage_storage-720x406.jpg\"},{\"@type\":\"BreadcrumbList\",\"@id\":\"https:\/\/luggagehero.com\/de\/london\/paddington-station\/#breadcrumb\",\"itemListElement\":[{\"@type\":\"ListItem\",\"position\":1,\"name\":\"Home\",\"item\":\"https:\/\/luggagehero.com\/de\/\"},{\"@type\":\"ListItem\",\"position\":2,\"name\":\"London\",\"item\":\"https:\/\/luggagehero.com\/de\/london\/\"},{\"@type\":\"ListItem\",\"position\":3,\"name\":\"Paddington Station\"}]},{\"@type\":\"WebSite\",\"@id\":\"https:\/\/luggagehero.com\/de\/#website\",\"url\":\"https:\/\/luggagehero.com\/de\/\",\"name\":\"LuggageHero\",\"description\":\"Free yourself from luggage\",\"publisher\":{\"@id\":\"https:\/\/luggagehero.com\/de\/#organization\"},\"potentialAction\":[{\"@type\":\"SearchAction\",\"target\":{\"@type\":\"EntryPoint\",\"urlTemplate\":\"https:\/\/luggagehero.com\/de\/?s={search_term_string}\"},\"query-input\":{\"@type\":\"PropertyValueSpecification\",\"valueRequired\":true,\"valueName\":\"search_term_string\"}}],\"inLanguage\":\"de-DE\"},{\"@type\":\"Organization\",\"@id\":\"https:\/\/luggagehero.com\/de\/#organization\",\"name\":\"LuggageHero\",\"url\":\"https:\/\/luggagehero.com\/de\/\",\"logo\":{\"@type\":\"ImageObject\",\"inLanguage\":\"de-DE\",\"@id\":\"https:\/\/luggagehero.com\/de\/#\/schema\/logo\/image\/\",\"url\":\"https:\/\/luggagehero.com\/wp-content\/uploads\/2017\/04\/luggagehero_LOGO-RGB_kort_POS_200x200.png\",\"contentUrl\":\"https:\/\/luggagehero.com\/wp-content\/uploads\/2017\/04\/luggagehero_LOGO-RGB_kort_POS_200x200.png\",\"width\":200,\"height\":200,\"caption\":\"LuggageHero\"},\"image\":{\"@id\":\"https:\/\/luggagehero.com\/de\/#\/schema\/logo\/image\/\"},\"sameAs\":[\"https:\/\/www.facebook.com\/luggagehero\",\"https:\/\/x.com\/luggagehero\",\"https:\/\/www.instagram.com\/luggagehero\",\"https:\/\/www.linkedin.com\/company\/luggagehero\/\"]}]}<\/script>\n<!-- \/ Yoast SEO Premium plugin. -->","yoast_head_json":{"title":"Gep\u00e4ckaufbewahrung an der Paddington Station sieben Tage die Woche - ab 1 \u00a3\/Stunde","description":"Einfache, bequeme und g\u00fcnstige Gep\u00e4ckaufbewahrung in der N\u00e4he der Paddington Station. Ab 1 \u00a3 pro Stunde. 2200 \u00a3-Versicherungsdeckung inklusive. Jedes Gep\u00e4ckst\u00fcck wird mit einem Sicherungssiegel versehen. Buchen Sie jetzt!","robots":{"index":"index","follow":"follow","max-snippet":"max-snippet:-1","max-image-preview":"max-image-preview:large","max-video-preview":"max-video-preview:-1"},"canonical":"https:\/\/luggagehero.com\/de\/london\/paddington-station\/","og_locale":"de_DE","og_type":"article","og_title":"Paddington Station","og_description":"Einfache, bequeme und g\u00fcnstige Gep\u00e4ckaufbewahrung in der N\u00e4he der Paddington Station. Ab 1 \u00a3 pro Stunde. 2200 \u00a3-Versicherungsdeckung inklusive. Jedes Gep\u00e4ckst\u00fcck wird mit einem Sicherungssiegel versehen. Buchen Sie jetzt!","og_url":"https:\/\/luggagehero.com\/de\/london\/paddington-station\/","og_site_name":"LuggageHero","article_publisher":"https:\/\/www.facebook.com\/luggagehero","article_modified_time":"2023-08-22T12:02:05+00:00","og_image":[{"url":"https:\/\/luggagehero.com\/wp-content\/uploads\/2018\/09\/Paddington_station_luggage_storage-720x406.jpg","type":"","width":"","height":""}],"twitter_card":"summary_large_image","twitter_site":"@luggagehero","twitter_misc":{"Est. reading time":"2 minutes"},"schema":{"@context":"https:\/\/schema.org","@graph":[{"@type":"WebPage","@id":"https:\/\/luggagehero.com\/de\/london\/paddington-station\/","url":"https:\/\/luggagehero.com\/de\/london\/paddington-station\/","name":"Gep\u00e4ckaufbewahrung an der Paddington Station sieben Tage die Woche - ab 1 \u00a3\/Stunde","isPartOf":{"@id":"https:\/\/luggagehero.com\/de\/#website"},"primaryImageOfPage":{"@id":"https:\/\/luggagehero.com\/de\/london\/paddington-station\/#primaryimage"},"image":{"@id":"https:\/\/luggagehero.com\/de\/london\/paddington-station\/#primaryimage"},"thumbnailUrl":"https:\/\/luggagehero.com\/wp-content\/uploads\/2018\/09\/Paddington_station_luggage_storage-720x406.jpg","datePublished":"2019-11-06T07:53:56+00:00","dateModified":"2023-08-22T12:02:05+00:00","description":"Einfache, bequeme und g\u00fcnstige Gep\u00e4ckaufbewahrung in der N\u00e4he der Paddington Station. Ab 1 \u00a3 pro Stunde. 2200 \u00a3-Versicherungsdeckung inklusive. Jedes Gep\u00e4ckst\u00fcck wird mit einem Sicherungssiegel versehen. Buchen Sie jetzt!","breadcrumb":{"@id":"https:\/\/luggagehero.com\/de\/london\/paddington-station\/#breadcrumb"},"inLanguage":"de-DE","potentialAction":[{"@type":"ReadAction","target":["https:\/\/luggagehero.com\/de\/london\/paddington-station\/"]}]},{"@type":"ImageObject","inLanguage":"de-DE","@id":"https:\/\/luggagehero.com\/de\/london\/paddington-station\/#primaryimage","url":"https:\/\/luggagehero.com\/wp-content\/uploads\/2018\/09\/Paddington_station_luggage_storage-720x406.jpg","contentUrl":"https:\/\/luggagehero.com\/wp-content\/uploads\/2018\/09\/Paddington_station_luggage_storage-720x406.jpg"},{"@type":"BreadcrumbList","@id":"https:\/\/luggagehero.com\/de\/london\/paddington-station\/#breadcrumb","itemListElement":[{"@type":"ListItem","position":1,"name":"Home","item":"https:\/\/luggagehero.com\/de\/"},{"@type":"ListItem","position":2,"name":"London","item":"https:\/\/luggagehero.com\/de\/london\/"},{"@type":"ListItem","position":3,"name":"Paddington Station"}]},{"@type":"WebSite","@id":"https:\/\/luggagehero.com\/de\/#website","url":"https:\/\/luggagehero.com\/de\/","name":"LuggageHero","description":"Free yourself from luggage","publisher":{"@id":"https:\/\/luggagehero.com\/de\/#organization"},"potentialAction":[{"@type":"SearchAction","target":{"@type":"EntryPoint","urlTemplate":"https:\/\/luggagehero.com\/de\/?s={search_term_string}"},"query-input":{"@type":"PropertyValueSpecification","valueRequired":true,"valueName":"search_term_string"}}],"inLanguage":"de-DE"},{"@type":"Organization","@id":"https:\/\/luggagehero.com\/de\/#organization","name":"LuggageHero","url":"https:\/\/luggagehero.com\/de\/","logo":{"@type":"ImageObject","inLanguage":"de-DE","@id":"https:\/\/luggagehero.com\/de\/#\/schema\/logo\/image\/","url":"https:\/\/luggagehero.com\/wp-content\/uploads\/2017\/04\/luggagehero_LOGO-RGB_kort_POS_200x200.png","contentUrl":"https:\/\/luggagehero.com\/wp-content\/uploads\/2017\/04\/luggagehero_LOGO-RGB_kort_POS_200x200.png","width":200,"height":200,"caption":"LuggageHero"},"image":{"@id":"https:\/\/luggagehero.com\/de\/#\/schema\/logo\/image\/"},"sameAs":["https:\/\/www.facebook.com\/luggagehero","https:\/\/x.com\/luggagehero","https:\/\/www.instagram.com\/luggagehero","https:\/\/www.linkedin.com\/company\/luggagehero\/"]}]}},"place_id":"","place_latitude_longitude":"51.5167,-0.1769","place_name":"Paddington Station","criteria_title":"","criteria_description":"","meta_title":"","meta_description":"","children_criteria_title":"","children_criteria_description":"","children_meta_title":"","children_meta_description":"","_edit_last":"46","use_global_content":"","poi_type":"PublicTransit","content_raw":"Suchen Sie nach einer Gep\u00e4ckaufbewahrungsm\u00f6glichkeit in der N\u00e4he der Paddington Station? Geben Sie Ihr Gep\u00e4ck an einem unserer Gep\u00e4ckaufbewahrungorte gleich um die Ecke ab. Vertrauen Sie Ihr Gep\u00e4ck LuggageHero an. Die lokalen Shops in der N\u00e4he der Paddington Station k\u00fcmmern sich gut um Ihr Gep\u00e4ck. Alle Gep\u00e4ckst\u00fccke werden mit unserem manipulationssicheren <a href=\"https:\/\/luggagehero.com\/about\/security-seal\/\">Sicherheitsssiegel versehen<\/a> und sind bis zu [pricing insurancecoverage] versichert. Sie k\u00f6nnen Ihr Gep\u00e4ck auch \u00fcber Nacht abgeben. Wir berechnen einen H\u00f6chstbetrag pro Tag in H\u00f6he von [Pricing Dailyrate].\r\n\r\nLuggageHero hat 600.000 Stunden Gep\u00e4ck f\u00fcr Reisende aufbewahrt, w\u00e4hrend Sie London unbeschwert genie\u00dfen konnten. Suchen und buchen Sie eine Gep\u00e4ckaufbewahrung bei einem unserer <a href=\"https:\/\/luggagehero.com\/about\/certified-shops\/\">zertifizierten<\/a> Partner und machen Sie Ihre Reise zu einem Urlaub. Unser Gep\u00e4ckaufbewahrungs-Timer sorgt daf\u00fcr, dass Sie nur f\u00fcr die Stunden bezahlen, die Sie f\u00fcr die Gep\u00e4ckaufbewahrung in Anspruch genommen haben\r\n<h2><\/h2>\r\n<h2 style=\"text-align: center;\"><img class=\"alignnone wp-image-3592\" src=\"https:\/\/luggagehero.com\/wp-content\/uploads\/2018\/09\/Paddington_station_luggage_storage-720x406.jpg\" alt=\"Paddington Station Gep\u00e4ckaufbewahrung\" width=\"499\" height=\"282\" \/><\/h2>\r\n<h2 style=\"text-align: center;\">Paddington Station<\/h2>\r\nWenn Sie LuggageHero nutzen, vergeuden Sie keine wertvollen Urlaubsstunden damit, bei der altmodischen Gep\u00e4ckaufbewahrung Schlange zu stehen und sparen auch noch Geld dabei. Wir versiegeln und versichern Ihr Gep\u00e4ck bis zu [Preisversicherungsschutz] [pricing insurancecoverage] mit First Insurance. Wir bieten Ihnen die perfekte M\u00f6glichkeit, <a href=\"https:\/\/luggagehero.com\/london\/\">London<\/a> unbeschwert zu entdecken.\r\n\r\nDie Paddington Station ist eine Endstation in London mit zwei Zugverbindungen zum Flughafen Heathrow: Der <a href=\"https:\/\/www.heathrowexpress.com\" rel=\"nofollow\">Heathrow Express<\/a> f\u00e4hrt nonstop zum Premium-Tarif, w\u00e4hrend <a href=\"https:\/\/www.heathrowconnect.com\" rel=\"nofollow\">Heathrow Connect<\/a> dieselbe Route f\u00e4hrt, aber an den meisten Zwischenstationen anh\u00e4lt. Von der Paddington Station aus haben Sie direkten Anschluss zur <a href=\"https:\/\/luggagehero.com\/london\/kings-cross-station\/\">King's Cross Station<\/a>, <a href=\"https:\/\/luggagehero.com\/london\/victoria-station\/\">Victoria Station<\/a>, <a href=\"https:\/\/luggagehero.com\/london\/liverpool-street-station\/\">Liverpool Street Station<\/a>, und A<a href=\"https:\/\/luggagehero.com\/london\/waterloo-station\/\">Waterloo Station<\/a>.\r\n\r\nDer Heathrow Express f\u00e4hrt von den Bahnsteigen 6 und 7 ab. Der Fluginformationsbildschirm f\u00fcr Flugg\u00e4ste befindet sich am Fahrkartenschalter des Heathrow Express in der N\u00e4he dieser Bahnsteige.\r\n\r\nWenn Sie Ihr Gep\u00e4ck f\u00fcr mehrere Tage aufbewahren m\u00f6chten, k\u00f6nnen Sie Ihr Gep\u00e4ck problemlos bei uns abgeben. Sie zahlen nie mehr als 10 \u00a3\/pro Tag je Gep\u00e4ckst\u00fcck\r\n\r\nDer Fahrkartenschalter an der Paddington Station ist rund um die Uhr ge\u00f6ffnet und wird von Great Western Railway betrieben. Sie finden Fahrkartenautomaten in der Bahnhofshalle. Toiletten und Wickelm\u00f6glichkeiten kosten 30 Pence und befinden sich vor der Ticketschranke. WLAN ist verf\u00fcgbar mit drahtlosem pay as you go Internetzugang von <a href=\"https:\/\/www.btwifi.co.uk\/\" rel=\"nofollow\">BT Wi-Fi<\/a>.","_links":{"self":[{"href":"https:\/\/luggagehero.com\/de\/wp-json\/wp\/v2\/pages\/11554","targetHints":{"allow":["GET"]}}],"collection":[{"href":"https:\/\/luggagehero.com\/de\/wp-json\/wp\/v2\/pages"}],"about":[{"href":"https:\/\/luggagehero.com\/de\/wp-json\/wp\/v2\/types\/page"}],"author":[{"embeddable":true,"href":"https:\/\/luggagehero.com\/de\/wp-json\/wp\/v2\/users\/4"}],"replies":[{"embeddable":true,"href":"https:\/\/luggagehero.com\/de\/wp-json\/wp\/v2\/comments?post=11554"}],"version-history":[{"count":0,"href":"https:\/\/luggagehero.com\/de\/wp-json\/wp\/v2\/pages\/11554\/revisions"}],"up":[{"embeddable":true,"href":"https:\/\/luggagehero.com\/de\/wp-json\/wp\/v2\/pages\/11513"}],"wp:attachment":[{"href":"https:\/\/luggagehero.com\/de\/wp-json\/wp\/v2\/media?parent=11554"}],"curies":[{"name":"wp","href":"https:\/\/api.w.org\/{rel}","templated":true}]}}