{"id":11557,"date":"2019-11-06T07:53:56","date_gmt":"2019-11-06T07:53:56","guid":{"rendered":"https:\/\/luggagehero.com\/london\/kings-cross-station\/"},"modified":"2023-08-22T11:59:55","modified_gmt":"2023-08-22T11:59:55","slug":"kings-cross-station-2","status":"publish","type":"page","link":"https:\/\/luggagehero.com\/de\/london\/kings-cross-station-2\/","title":{"rendered":"King\u2019s Cross Station"},"content":{"rendered":"<p>Sind Sie auf der Suche nach einer Gep\u00e4ckaufbewahrungsm\u00f6glichkeit an der King&#8217;s Cross Station? Wir verf\u00fcgen \u00fcber mehrere Standorte in der N\u00e4he des Bahnhofs, an denen Sie Ihr Gep\u00e4ck aufbewahren k\u00f6nnen. Bei uns k\u00f6nnen Sie Ihr Gep\u00e4ck in lokalen Gesch\u00e4ften in der N\u00e4he von King&#8217;s Cross aufbewahren, w\u00e4hrend Sie die Umgebung erkunden.<\/p>\n<p>Die Gep\u00e4ckaufbewahrungsorte von LuggageHero sind <a href=\"https:\/\/luggagehero.com\/about\/certified-shops\/\">zertifizierte<\/a>Hotels, Caf\u00e9s und Gesch\u00e4fte. Buchen Sie im Voraus einen Platz f\u00fcr Ihr Gep\u00e4ck. Sie k\u00f6nnen jedoch stornieren, ohne dass Stornierungsgeb\u00fchren anfallen. Adresse und Wegbeschreibung stehen zum Zeitpunkt der Buchung zur Verf\u00fcgung und werden Ihnen per E-Mail zugesandt.<\/p>\n<p>LuggageHero nutzt einen Gep\u00e4ckaufbewahrungs-Timer, um die von Ihnen in Anspruch genommenen Stunden zu berechnen. Wenn Sie am Gep\u00e4ckaufbewahrungsort ankommen, starten Sie den Gep\u00e4ckaufbewahrungs-Timer auf Ihrer Buchungsseite und stoppen ihn bei der Abholung, woraufhin die Zahlung verarbeitet wird. Alle Gep\u00e4ckst\u00fccke werden mit unserem <a href=\"https:\/\/luggagehero.com\/about\/security-seal\/\">Sicherheitssiegel<\/a>\u00a0versehen, mit dem jedes Gep\u00e4ckst\u00fcck bis zu <pricing-component type=\"insurancecoverage\"><\/pricing-component> versichert ist. Eine Gep\u00e4ckaufbewahrung \u00fcber Nacht ist kein Problem.<\/p>\n<p><img loading=\"lazy\" decoding=\"async\" class=\"wp-image-5073 size-large aligncenter\" title=\"Gep\u00e4ckaufbewahrung King\u2019s Cross Station\" src=\"https:\/\/luggagehero.com\/wp-content\/uploads\/2019\/01\/Kings_cross_station_luggage_storage-800x450.jpg\" alt=\"Gep\u00e4ckaufbewahrung an der King's Cross Station\" width=\"800\" height=\"450\" srcset=\"https:\/\/luggagehero.com\/wp-content\/uploads\/2019\/01\/Kings_cross_station_luggage_storage-800x450.jpg 800w, https:\/\/luggagehero.com\/wp-content\/uploads\/2019\/01\/Kings_cross_station_luggage_storage-300x169.jpg 300w, https:\/\/luggagehero.com\/wp-content\/uploads\/2019\/01\/Kings_cross_station_luggage_storage-600x338.jpg 600w, https:\/\/luggagehero.com\/wp-content\/uploads\/2019\/01\/Kings_cross_station_luggage_storage.jpg 2000w\" sizes=\"auto, (max-width: 800px) 100vw, 800px\" \/><\/p>\n<h2 style=\"text-align: center;\">King&#8217;s Cross Station<\/h2>\n<p>M\u00f6chten Sie wertvolle Urlaubsstunden damit verbringen, bei der altmodischen Gep\u00e4ckaufbewahrung Schlange zu stehen? Oder kennen Sie die Schwierigkeiten, all Ihre Sachen in einem Schlie\u00dffach an einem Bahnhof zu verstauen? Solche Zeiten sind vorbei!<\/p>\n<p><a href=\"https:\/\/luggagehero.com\">LuggageHero<\/a>\u00a0bietet Ihnen eine einfache und problemlose Gep\u00e4ckaufbewahrungsm\u00f6glichkeit. Entdecken Sie London unbeschwert, ohne Ihr Gep\u00e4ck mit herumtragen zu m\u00fcssen.<\/p>\n<p>King\u2019s Cross Station, auch bekannt als London King\u2019s Cross ist einer der Hauptbahnh\u00f6fe in London. Von dort aus fahren unterschiedliche Linien zur U-Bahnstation King\u2019s Cross St Pancras; Circle, Hammersmith &amp; City, Metropolitan, Northern (Bank branch), <a href=\"https:\/\/luggagehero.com\/london\/piccadilly-circus\/\">Piccadilly<\/a> und <a href=\"https:\/\/luggagehero.com\/london\/victoria-station\/\">Victoria.<\/a>\u00a0Von hier aus k\u00f6nnen Sie ganz <a href=\"https:\/\/luggagehero.com\/london\/\">London<\/a> gut erreichen. Wir k\u00fcmmern uns um Ihr Gep\u00e4ck!<\/p>\n<p>Von King&#8217;s Cross aus gelangen Sie innerhalb von 33 Minuten mit dem Zug direkt zum <a href=\"https:\/\/luggagehero.com\/london\/buckingham-palace\/\">Buckingham Palace<\/a>, <a href=\"https:\/\/luggagehero.com\/london\/british-museum\/\">Britischen Museum<\/a>, zur <a href=\"https:\/\/luggagehero.com\/london\/london-bridge\/\">London Bridge<\/a> und zum <a href=\"https:\/\/luggagehero.com\/london\/wembley-stadium\/\">Wembley Stadion<\/a>.<\/p>\n<p><a href=\"https:\/\/luggagehero.com\/london\/st-pancras-international\/\">St Pancras International Station<\/a> mit Eurostar-Verbindungen befindet sich direkt neben dem Bahnhof King&#8217;s Cross.<\/p>\n<p>In der N\u00e4he der King&#8217;s Cross Station finden Sie mehrere Sehensw\u00fcrdigkeiten, darunter The British Library und Regent&#8217;s Park.<\/p>\n<p>Nachfolgend finden Sie einige Informationen Bahnhof King&#8217;s Cross:<\/p>\n<ul>\n<li>Der Fahrkartenschalter am Bahnhof King&#8217;s Cross ist an Wochentagen und Sonntagen von 05:00 bis 01:30 Uhr und samstags von 05:00 bis 00:30 Uhr ge\u00f6ffnet.<\/li>\n<li>Der Bahnhof bleibt ge\u00f6ffnet, bis der letzte Zug abf\u00e4hrt.<\/li>\n<li>Sie finden Fahrkartenautomaten in der Bahnhofshalle.<\/li>\n<li>Toiletten und Wickelm\u00f6glichkeiten befinden sich vor der Ticketschranke.<\/li>\n<li>WLAN ist verf\u00fcgbar mit drahtlosem pay as you go Internetzugang von BT Wi-Fi.<\/li>\n<li>Am Bahnhof gibt es Wechselstuben und Geldautomaten.<\/li>\n<li>Rund um den Bahnhof gibt es verschiedene M\u00f6glichkeiten, Essen und Trinken und andere Dinge zu kaufen.<\/li>\n<li>Gep\u00e4ckaufbewahrung pro Tag<\/li>\n<\/ul>\n","protected":false},"excerpt":{"rendered":"<p>Sind Sie auf der Suche nach einer Gep\u00e4ckaufbewahrungsm\u00f6glichkeit an der King&#8217;s Cross Station? Wir verf\u00fcgen \u00fcber mehrere Standorte in der N\u00e4he des Bahnhofs, an denen Sie Ihr Gep\u00e4ck aufbewahren k\u00f6nnen. Bei uns k\u00f6nnen Sie Ihr Gep\u00e4ck in lokalen Gesch\u00e4ften in der N\u00e4he von King&#8217;s Cross aufbewahren, w\u00e4hrend Sie die Umgebung erkunden. Die Gep\u00e4ckaufbewahrungsorte von LuggageHero [&hellip;]<\/p>\n","protected":false},"author":9,"featured_media":46438,"parent":11513,"menu_order":0,"comment_status":"closed","ping_status":"closed","template":"template-location.php","meta":{"_acf_changed":false,"footnotes":""},"class_list":["post-11557","page","type-page","status-publish","has-post-thumbnail","hentry"],"acf":[],"yoast_head":"<!-- This site is optimized with the Yoast SEO Premium plugin v27.0 (Yoast SEO v27.0) - https:\/\/yoast.com\/product\/yoast-seo-premium-wordpress\/ -->\n<title>Gep\u00e4ckaufbewahrung an der King\u2019s Cross Station sieben Tage die Woche - Ab 1 \u00a3\/Stunde<\/title>\n<meta name=\"description\" content=\"Praktische und sichere Gep\u00e4ckaufbewahrung in der N\u00e4he der King&amp;apos;s Cross Station. Ab 1 \u00a3 pro Stunde. 2200 \u00a3-Versicherungsdeckung inklusive Sicherheitssiegel f\u00fcr jedes Gep\u00e4ckst\u00fcck.\" \/>\n<meta name=\"robots\" content=\"index, follow, max-snippet:-1, max-image-preview:large, max-video-preview:-1\" \/>\n<link rel=\"canonical\" href=\"https:\/\/luggagehero.com\/de\/london\/kings-cross-station-2\/\" \/>\n<meta property=\"og:locale\" content=\"de_DE\" \/>\n<meta property=\"og:type\" content=\"article\" \/>\n<meta property=\"og:title\" content=\"King\u2019s Cross Station\" \/>\n<meta property=\"og:description\" content=\"Praktische und sichere Gep\u00e4ckaufbewahrung in der N\u00e4he der King&amp;apos;s Cross Station. Ab 1 \u00a3 pro Stunde. 2200 \u00a3-Versicherungsdeckung inklusive Sicherheitssiegel f\u00fcr jedes Gep\u00e4ckst\u00fcck.\" \/>\n<meta property=\"og:url\" content=\"https:\/\/luggagehero.com\/de\/london\/kings-cross-station-2\/\" \/>\n<meta property=\"og:site_name\" content=\"LuggageHero\" \/>\n<meta property=\"article:publisher\" content=\"https:\/\/www.facebook.com\/luggagehero\" \/>\n<meta property=\"article:modified_time\" content=\"2023-08-22T11:59:55+00:00\" \/>\n<meta property=\"og:image\" content=\"https:\/\/luggagehero.com\/wp-content\/uploads\/2022\/06\/b2fff25a-63ba-11ea-abcc-910c5b38d9ed.jpeg\" \/>\n\t<meta property=\"og:image:width\" content=\"2048\" \/>\n\t<meta property=\"og:image:height\" content=\"1152\" \/>\n\t<meta property=\"og:image:type\" content=\"image\/jpeg\" \/>\n<meta name=\"twitter:card\" content=\"summary_large_image\" \/>\n<meta name=\"twitter:site\" content=\"@luggagehero\" \/>\n<meta name=\"twitter:label1\" content=\"Est. reading time\" \/>\n\t<meta name=\"twitter:data1\" content=\"3 minutes\" \/>\n<script type=\"application\/ld+json\" class=\"yoast-schema-graph\">{\"@context\":\"https:\/\/schema.org\",\"@graph\":[{\"@type\":\"WebPage\",\"@id\":\"https:\/\/luggagehero.com\/de\/london\/kings-cross-station-2\/\",\"url\":\"https:\/\/luggagehero.com\/de\/london\/kings-cross-station-2\/\",\"name\":\"Gep\u00e4ckaufbewahrung an der King\u2019s Cross Station sieben Tage die Woche - Ab 1 \u00a3\/Stunde\",\"isPartOf\":{\"@id\":\"https:\/\/luggagehero.com\/de\/#website\"},\"primaryImageOfPage\":{\"@id\":\"https:\/\/luggagehero.com\/de\/london\/kings-cross-station-2\/#primaryimage\"},\"image\":{\"@id\":\"https:\/\/luggagehero.com\/de\/london\/kings-cross-station-2\/#primaryimage\"},\"thumbnailUrl\":\"https:\/\/luggagehero.com\/wp-content\/uploads\/2022\/06\/b2fff25a-63ba-11ea-abcc-910c5b38d9ed.jpeg\",\"datePublished\":\"2019-11-06T07:53:56+00:00\",\"dateModified\":\"2023-08-22T11:59:55+00:00\",\"description\":\"Praktische und sichere Gep\u00e4ckaufbewahrung in der N\u00e4he der King&apos;s Cross Station. Ab 1 \u00a3 pro Stunde. 2200 \u00a3-Versicherungsdeckung inklusive Sicherheitssiegel f\u00fcr jedes Gep\u00e4ckst\u00fcck.\",\"breadcrumb\":{\"@id\":\"https:\/\/luggagehero.com\/de\/london\/kings-cross-station-2\/#breadcrumb\"},\"inLanguage\":\"de-DE\",\"potentialAction\":[{\"@type\":\"ReadAction\",\"target\":[\"https:\/\/luggagehero.com\/de\/london\/kings-cross-station-2\/\"]}]},{\"@type\":\"ImageObject\",\"inLanguage\":\"de-DE\",\"@id\":\"https:\/\/luggagehero.com\/de\/london\/kings-cross-station-2\/#primaryimage\",\"url\":\"https:\/\/luggagehero.com\/wp-content\/uploads\/2022\/06\/b2fff25a-63ba-11ea-abcc-910c5b38d9ed.jpeg\",\"contentUrl\":\"https:\/\/luggagehero.com\/wp-content\/uploads\/2022\/06\/b2fff25a-63ba-11ea-abcc-910c5b38d9ed.jpeg\",\"width\":2048,\"height\":1152,\"caption\":\"Coal Drops Yard, King's Cross\"},{\"@type\":\"BreadcrumbList\",\"@id\":\"https:\/\/luggagehero.com\/de\/london\/kings-cross-station-2\/#breadcrumb\",\"itemListElement\":[{\"@type\":\"ListItem\",\"position\":1,\"name\":\"Home\",\"item\":\"https:\/\/luggagehero.com\/de\/\"},{\"@type\":\"ListItem\",\"position\":2,\"name\":\"London\",\"item\":\"https:\/\/luggagehero.com\/de\/london\/\"},{\"@type\":\"ListItem\",\"position\":3,\"name\":\"King\u2019s Cross Station\"}]},{\"@type\":\"WebSite\",\"@id\":\"https:\/\/luggagehero.com\/de\/#website\",\"url\":\"https:\/\/luggagehero.com\/de\/\",\"name\":\"LuggageHero\",\"description\":\"Free yourself from luggage\",\"publisher\":{\"@id\":\"https:\/\/luggagehero.com\/de\/#organization\"},\"potentialAction\":[{\"@type\":\"SearchAction\",\"target\":{\"@type\":\"EntryPoint\",\"urlTemplate\":\"https:\/\/luggagehero.com\/de\/?s={search_term_string}\"},\"query-input\":{\"@type\":\"PropertyValueSpecification\",\"valueRequired\":true,\"valueName\":\"search_term_string\"}}],\"inLanguage\":\"de-DE\"},{\"@type\":\"Organization\",\"@id\":\"https:\/\/luggagehero.com\/de\/#organization\",\"name\":\"LuggageHero\",\"url\":\"https:\/\/luggagehero.com\/de\/\",\"logo\":{\"@type\":\"ImageObject\",\"inLanguage\":\"de-DE\",\"@id\":\"https:\/\/luggagehero.com\/de\/#\/schema\/logo\/image\/\",\"url\":\"https:\/\/luggagehero.com\/wp-content\/uploads\/2017\/04\/luggagehero_LOGO-RGB_kort_POS_200x200.png\",\"contentUrl\":\"https:\/\/luggagehero.com\/wp-content\/uploads\/2017\/04\/luggagehero_LOGO-RGB_kort_POS_200x200.png\",\"width\":200,\"height\":200,\"caption\":\"LuggageHero\"},\"image\":{\"@id\":\"https:\/\/luggagehero.com\/de\/#\/schema\/logo\/image\/\"},\"sameAs\":[\"https:\/\/www.facebook.com\/luggagehero\",\"https:\/\/x.com\/luggagehero\",\"https:\/\/www.instagram.com\/luggagehero\",\"https:\/\/www.linkedin.com\/company\/luggagehero\/\"]}]}<\/script>\n<!-- \/ Yoast SEO Premium plugin. -->","yoast_head_json":{"title":"Gep\u00e4ckaufbewahrung an der King\u2019s Cross Station sieben Tage die Woche - Ab 1 \u00a3\/Stunde","description":"Praktische und sichere Gep\u00e4ckaufbewahrung in der N\u00e4he der King&apos;s Cross Station. Ab 1 \u00a3 pro Stunde. 2200 \u00a3-Versicherungsdeckung inklusive Sicherheitssiegel f\u00fcr jedes Gep\u00e4ckst\u00fcck.","robots":{"index":"index","follow":"follow","max-snippet":"max-snippet:-1","max-image-preview":"max-image-preview:large","max-video-preview":"max-video-preview:-1"},"canonical":"https:\/\/luggagehero.com\/de\/london\/kings-cross-station-2\/","og_locale":"de_DE","og_type":"article","og_title":"King\u2019s Cross Station","og_description":"Praktische und sichere Gep\u00e4ckaufbewahrung in der N\u00e4he der King&apos;s Cross Station. Ab 1 \u00a3 pro Stunde. 2200 \u00a3-Versicherungsdeckung inklusive Sicherheitssiegel f\u00fcr jedes Gep\u00e4ckst\u00fcck.","og_url":"https:\/\/luggagehero.com\/de\/london\/kings-cross-station-2\/","og_site_name":"LuggageHero","article_publisher":"https:\/\/www.facebook.com\/luggagehero","article_modified_time":"2023-08-22T11:59:55+00:00","og_image":[{"width":2048,"height":1152,"url":"https:\/\/luggagehero.com\/wp-content\/uploads\/2022\/06\/b2fff25a-63ba-11ea-abcc-910c5b38d9ed.jpeg","type":"image\/jpeg"}],"twitter_card":"summary_large_image","twitter_site":"@luggagehero","twitter_misc":{"Est. reading time":"3 minutes"},"schema":{"@context":"https:\/\/schema.org","@graph":[{"@type":"WebPage","@id":"https:\/\/luggagehero.com\/de\/london\/kings-cross-station-2\/","url":"https:\/\/luggagehero.com\/de\/london\/kings-cross-station-2\/","name":"Gep\u00e4ckaufbewahrung an der King\u2019s Cross Station sieben Tage die Woche - Ab 1 \u00a3\/Stunde","isPartOf":{"@id":"https:\/\/luggagehero.com\/de\/#website"},"primaryImageOfPage":{"@id":"https:\/\/luggagehero.com\/de\/london\/kings-cross-station-2\/#primaryimage"},"image":{"@id":"https:\/\/luggagehero.com\/de\/london\/kings-cross-station-2\/#primaryimage"},"thumbnailUrl":"https:\/\/luggagehero.com\/wp-content\/uploads\/2022\/06\/b2fff25a-63ba-11ea-abcc-910c5b38d9ed.jpeg","datePublished":"2019-11-06T07:53:56+00:00","dateModified":"2023-08-22T11:59:55+00:00","description":"Praktische und sichere Gep\u00e4ckaufbewahrung in der N\u00e4he der King&apos;s Cross Station. Ab 1 \u00a3 pro Stunde. 2200 \u00a3-Versicherungsdeckung inklusive Sicherheitssiegel f\u00fcr jedes Gep\u00e4ckst\u00fcck.","breadcrumb":{"@id":"https:\/\/luggagehero.com\/de\/london\/kings-cross-station-2\/#breadcrumb"},"inLanguage":"de-DE","potentialAction":[{"@type":"ReadAction","target":["https:\/\/luggagehero.com\/de\/london\/kings-cross-station-2\/"]}]},{"@type":"ImageObject","inLanguage":"de-DE","@id":"https:\/\/luggagehero.com\/de\/london\/kings-cross-station-2\/#primaryimage","url":"https:\/\/luggagehero.com\/wp-content\/uploads\/2022\/06\/b2fff25a-63ba-11ea-abcc-910c5b38d9ed.jpeg","contentUrl":"https:\/\/luggagehero.com\/wp-content\/uploads\/2022\/06\/b2fff25a-63ba-11ea-abcc-910c5b38d9ed.jpeg","width":2048,"height":1152,"caption":"Coal Drops Yard, King's Cross"},{"@type":"BreadcrumbList","@id":"https:\/\/luggagehero.com\/de\/london\/kings-cross-station-2\/#breadcrumb","itemListElement":[{"@type":"ListItem","position":1,"name":"Home","item":"https:\/\/luggagehero.com\/de\/"},{"@type":"ListItem","position":2,"name":"London","item":"https:\/\/luggagehero.com\/de\/london\/"},{"@type":"ListItem","position":3,"name":"King\u2019s Cross Station"}]},{"@type":"WebSite","@id":"https:\/\/luggagehero.com\/de\/#website","url":"https:\/\/luggagehero.com\/de\/","name":"LuggageHero","description":"Free yourself from luggage","publisher":{"@id":"https:\/\/luggagehero.com\/de\/#organization"},"potentialAction":[{"@type":"SearchAction","target":{"@type":"EntryPoint","urlTemplate":"https:\/\/luggagehero.com\/de\/?s={search_term_string}"},"query-input":{"@type":"PropertyValueSpecification","valueRequired":true,"valueName":"search_term_string"}}],"inLanguage":"de-DE"},{"@type":"Organization","@id":"https:\/\/luggagehero.com\/de\/#organization","name":"LuggageHero","url":"https:\/\/luggagehero.com\/de\/","logo":{"@type":"ImageObject","inLanguage":"de-DE","@id":"https:\/\/luggagehero.com\/de\/#\/schema\/logo\/image\/","url":"https:\/\/luggagehero.com\/wp-content\/uploads\/2017\/04\/luggagehero_LOGO-RGB_kort_POS_200x200.png","contentUrl":"https:\/\/luggagehero.com\/wp-content\/uploads\/2017\/04\/luggagehero_LOGO-RGB_kort_POS_200x200.png","width":200,"height":200,"caption":"LuggageHero"},"image":{"@id":"https:\/\/luggagehero.com\/de\/#\/schema\/logo\/image\/"},"sameAs":["https:\/\/www.facebook.com\/luggagehero","https:\/\/x.com\/luggagehero","https:\/\/www.instagram.com\/luggagehero","https:\/\/www.linkedin.com\/company\/luggagehero\/"]}]}},"place_id":"","place_latitude_longitude":"51.5311,-0.1245","place_name":"King\u2019s Cross Station","criteria_title":"","criteria_description":"","meta_title":"","meta_description":"","children_criteria_title":"","children_criteria_description":"","children_meta_title":"","children_meta_description":"","_edit_last":"46","use_global_content":"","poi_type":"PublicTransit","content_raw":"Sind Sie auf der Suche nach einer Gep\u00e4ckaufbewahrungsm\u00f6glichkeit an der King's Cross Station? Wir verf\u00fcgen \u00fcber mehrere Standorte in der N\u00e4he des Bahnhofs, an denen Sie Ihr Gep\u00e4ck aufbewahren k\u00f6nnen. Bei uns k\u00f6nnen Sie Ihr Gep\u00e4ck in lokalen Gesch\u00e4ften in der N\u00e4he von King's Cross aufbewahren, w\u00e4hrend Sie die Umgebung erkunden.\r\n\r\nDie Gep\u00e4ckaufbewahrungsorte von LuggageHero sind <a href=\"https:\/\/luggagehero.com\/about\/certified-shops\/\">zertifizierte<\/a>Hotels, Caf\u00e9s und Gesch\u00e4fte. Buchen Sie im Voraus einen Platz f\u00fcr Ihr Gep\u00e4ck. Sie k\u00f6nnen jedoch stornieren, ohne dass Stornierungsgeb\u00fchren anfallen. Adresse und Wegbeschreibung stehen zum Zeitpunkt der Buchung zur Verf\u00fcgung und werden Ihnen per E-Mail zugesandt.\r\n\r\nLuggageHero nutzt einen Gep\u00e4ckaufbewahrungs-Timer, um die von Ihnen in Anspruch genommenen Stunden zu berechnen. Wenn Sie am Gep\u00e4ckaufbewahrungsort ankommen, starten Sie den Gep\u00e4ckaufbewahrungs-Timer auf Ihrer Buchungsseite und stoppen ihn bei der Abholung, woraufhin die Zahlung verarbeitet wird. Alle Gep\u00e4ckst\u00fccke werden mit unserem <a href=\"https:\/\/luggagehero.com\/about\/security-seal\/\">Sicherheitssiegel<\/a>\u00a0versehen, mit dem jedes Gep\u00e4ckst\u00fcck bis zu [pricing insurancecoverage] versichert ist. Eine Gep\u00e4ckaufbewahrung \u00fcber Nacht ist kein Problem.\r\n\r\n<img class=\"wp-image-5073 size-large aligncenter\" title=\"Gep\u00e4ckaufbewahrung King\u2019s Cross Station\" src=\"https:\/\/luggagehero.com\/wp-content\/uploads\/2019\/01\/Kings_cross_station_luggage_storage-800x450.jpg\" alt=\"Gep\u00e4ckaufbewahrung an der King's Cross Station\" width=\"800\" height=\"450\" \/>\r\n<h2 style=\"text-align: center;\">King's Cross Station<\/h2>\r\nM\u00f6chten Sie wertvolle Urlaubsstunden damit verbringen, bei der altmodischen Gep\u00e4ckaufbewahrung Schlange zu stehen? Oder kennen Sie die Schwierigkeiten, all Ihre Sachen in einem Schlie\u00dffach an einem Bahnhof zu verstauen? Solche Zeiten sind vorbei!\r\n\r\n<a href=\"https:\/\/luggagehero.com\">LuggageHero<\/a>\u00a0bietet Ihnen eine einfache und problemlose Gep\u00e4ckaufbewahrungsm\u00f6glichkeit. Entdecken Sie London unbeschwert, ohne Ihr Gep\u00e4ck mit herumtragen zu m\u00fcssen.\r\n\r\nKing\u2019s Cross Station, auch bekannt als London King\u2019s Cross ist einer der Hauptbahnh\u00f6fe in London. Von dort aus fahren unterschiedliche Linien zur U-Bahnstation King\u2019s Cross St Pancras; Circle, Hammersmith &amp; City, Metropolitan, Northern (Bank branch), <a href=\"https:\/\/luggagehero.com\/london\/piccadilly-circus\/\">Piccadilly<\/a> und <a href=\"https:\/\/luggagehero.com\/london\/victoria-station\/\">Victoria.<\/a>\u00a0Von hier aus k\u00f6nnen Sie ganz <a href=\"https:\/\/luggagehero.com\/london\/\">London<\/a> gut erreichen. Wir k\u00fcmmern uns um Ihr Gep\u00e4ck!\r\n\r\nVon King's Cross aus gelangen Sie innerhalb von 33 Minuten mit dem Zug direkt zum <a href=\"https:\/\/luggagehero.com\/london\/buckingham-palace\/\">Buckingham Palace<\/a>, <a href=\"https:\/\/luggagehero.com\/london\/british-museum\/\">Britischen Museum<\/a>, zur <a href=\"https:\/\/luggagehero.com\/london\/london-bridge\/\">London Bridge<\/a> und zum <a href=\"https:\/\/luggagehero.com\/london\/wembley-stadium\/\">Wembley Stadion<\/a>.\r\n\r\n<a href=\"https:\/\/luggagehero.com\/london\/st-pancras-international\/\">St Pancras International Station<\/a> mit Eurostar-Verbindungen befindet sich direkt neben dem Bahnhof King's Cross.\r\n\r\nIn der N\u00e4he der King's Cross Station finden Sie mehrere Sehensw\u00fcrdigkeiten, darunter The British Library und Regent's Park.\r\n\r\nNachfolgend finden Sie einige Informationen Bahnhof King's Cross:\r\n<ul>\r\n \t<li>Der Fahrkartenschalter am Bahnhof King's Cross ist an Wochentagen und Sonntagen von 05:00 bis 01:30 Uhr und samstags von 05:00 bis 00:30 Uhr ge\u00f6ffnet.<\/li>\r\n \t<li>Der Bahnhof bleibt ge\u00f6ffnet, bis der letzte Zug abf\u00e4hrt.<\/li>\r\n \t<li>Sie finden Fahrkartenautomaten in der Bahnhofshalle.<\/li>\r\n \t<li>Toiletten und Wickelm\u00f6glichkeiten befinden sich vor der Ticketschranke.<\/li>\r\n \t<li>WLAN ist verf\u00fcgbar mit drahtlosem pay as you go Internetzugang von BT Wi-Fi.<\/li>\r\n \t<li>Am Bahnhof gibt es Wechselstuben und Geldautomaten.<\/li>\r\n \t<li>Rund um den Bahnhof gibt es verschiedene M\u00f6glichkeiten, Essen und Trinken und andere Dinge zu kaufen.<\/li>\r\n \t<li>Gep\u00e4ckaufbewahrung pro Tag<\/li>\r\n<\/ul>","_links":{"self":[{"href":"https:\/\/luggagehero.com\/de\/wp-json\/wp\/v2\/pages\/11557","targetHints":{"allow":["GET"]}}],"collection":[{"href":"https:\/\/luggagehero.com\/de\/wp-json\/wp\/v2\/pages"}],"about":[{"href":"https:\/\/luggagehero.com\/de\/wp-json\/wp\/v2\/types\/page"}],"author":[{"embeddable":true,"href":"https:\/\/luggagehero.com\/de\/wp-json\/wp\/v2\/users\/9"}],"replies":[{"embeddable":true,"href":"https:\/\/luggagehero.com\/de\/wp-json\/wp\/v2\/comments?post=11557"}],"version-history":[{"count":0,"href":"https:\/\/luggagehero.com\/de\/wp-json\/wp\/v2\/pages\/11557\/revisions"}],"up":[{"embeddable":true,"href":"https:\/\/luggagehero.com\/de\/wp-json\/wp\/v2\/pages\/11513"}],"wp:featuredmedia":[{"embeddable":true,"href":"https:\/\/luggagehero.com\/de\/wp-json\/wp\/v2\/media\/46438"}],"wp:attachment":[{"href":"https:\/\/luggagehero.com\/de\/wp-json\/wp\/v2\/media?parent=11557"}],"curies":[{"name":"wp","href":"https:\/\/api.w.org\/{rel}","templated":true}]}}