{"id":11564,"date":"2019-11-06T07:53:58","date_gmt":"2019-11-06T07:53:58","guid":{"rendered":"https:\/\/luggagehero.com\/london\/liverpool-street-station\/"},"modified":"2023-08-22T11:58:11","modified_gmt":"2023-08-22T11:58:11","slug":"liverpool-street-station","status":"publish","type":"page","link":"https:\/\/luggagehero.com\/de\/london\/liverpool-street-station\/","title":{"rendered":"Liverpool Street Station"},"content":{"rendered":"<p>Sind Sie auf der Suche nach einer Gep\u00e4ckaufbewahrungsm\u00f6glichkeit an der Liverpool Street Station? Wir verf\u00fcgen \u00fcber mehrere Standorte in der N\u00e4he des Bahnhofs, an denen Sie Ihr Gep\u00e4ck aufbewahren k\u00f6nnen. Bei uns k\u00f6nnen Sie Ihr Gep\u00e4ck in lokalen Gesch\u00e4ften in der N\u00e4he von Liverpool Street Station aufbewahren, w\u00e4hrend Sie <a href=\"https:\/\/luggagehero.com\/london\/\">London<\/a>erkunden.<\/p>\n<p>Die Gep\u00e4ckaufbewahrungsorte von LuggageHero sind <a href=\"https:\/\/luggagehero.com\/about\/certified-shops\/\">zertifizierte Hotels, Caf\u00e9s und Gesch\u00e4fte<\/a>. Wenn Sie im Voraus buchen, ist Ihnen ein Platz f\u00fcr Ihr Gep\u00e4ck garantiert. Sollten sich Ihre Reisepl\u00e4ne \u00e4ndern, k\u00f6nnen Sie Ihre Buchung jederzeit problemlos stornieren. Die Adresse und die Wegbeschreibung sind zum Zeitpunkt der Buchung verf\u00fcgbar und werden Ihnen per E-Mail zugesandt.<\/p>\n<p>Alle Gep\u00e4ckst\u00fccke werden mit unserem<a href=\"https:\/\/luggagehero.com\/about\/security-seal\/\"> manipulationssicheren Sicherheitsssiegel <\/a>versehen und sind bis zu <pricing-component type=\"insurancecoverage\"><\/pricing-component><a href=\"https:\/\/luggagehero.com\/about\/insurance\/\">versichert<\/a>.<\/p>\n<p style=\"text-align: center;\"><img loading=\"lazy\" decoding=\"async\" class=\"aligncenter wp-image-1905 size-full\" src=\"https:\/\/luggagehero.com\/wp-content\/uploads\/2018\/02\/luggage_storage_liverpool_street_station.jpg\" alt=\"Liverpool Street Station in London\" width=\"640\" height=\"360\" srcset=\"https:\/\/luggagehero.com\/wp-content\/uploads\/2018\/02\/luggage_storage_liverpool_street_station.jpg 640w, https:\/\/luggagehero.com\/wp-content\/uploads\/2018\/02\/luggage_storage_liverpool_street_station-300x169.jpg 300w, https:\/\/luggagehero.com\/wp-content\/uploads\/2018\/02\/luggage_storage_liverpool_street_station-600x338.jpg 600w\" sizes=\"auto, (max-width: 640px) 100vw, 640px\" \/><\/p>\n<h2 style=\"text-align: center;\">Liverpool Street Station<\/h2>\n<p>Liverpool Street Station, auch bekannt als London Liverpool Street, ist ein zentraler Londoner Bahnhof, der mit dem Londoner U-Bahn-Netz verbunden ist. An der Liverpool Street Station verkehren mehrere Londoner U-Bahnlinien, mit denen Sie ganz London erkunden k\u00f6nnen. Sie k\u00f6nnen von hier aus die Central Line nutzen, mit der Sie zur <a href=\"https:\/\/luggagehero.com\/london\/oxford-street\/\">Oxford Street<\/a>, <a href=\"https:\/\/luggagehero.com\/london\/notting-hill-station\/\">nach Notting Hill<\/a>, und East London gelangen. Mit der Circle, Metropolitan und Hammersmith, und City Line erreichen Sie\u00a0<a href=\"https:\/\/luggagehero.com\/london\/london-eye\/\">London Eye<\/a>, Southbank, Trafalgar Square und\u00a0<a href=\"https:\/\/luggagehero.com\/london\/kensington-gardens\/\">Kensington<\/a>. Von der Liverpool Street aus erreichen Sie das Herz der Stadt.<\/p>\n<p>Mit dem Stansted Express gelangen Sie in nur 47 Minuten zum und vom Flughafen Stansted. Die Z\u00fcge fahren alle 15 Minuten, sodass Sie nie lange warten m\u00fcssen.<\/p>\n<p>Einige der ber\u00fchmtesten Wahrzeichen Londons befinden sich in unmittelbarer N\u00e4he des Bahnhofs. In der Umgebung des Bahnhofs Liverpool Street finden Sie Sehensw\u00fcrdigkeiten wie Spitalfields Market, The Whitechapel Gallery und The Bank of England.<\/p>\n<p>Liverpool Street ist ein verkehrsreicher Pendlerbahnhof, der f\u00fcr eine radikale Modernisierung gelobt wurde, w\u00e4hrend das Beste des Schienenkulturerbes bewahrt wurde.<\/p>\n<p>Informationen zum Bahnhof:<\/p>\n<ul>\n<li>Der Fahrkartenschalter ist rund um die Uhr ge\u00f6ffnet. Die Fahrkartenautomaten befinden sich in der Bahnhofshalle.<\/li>\n<li>Toiletten und Wickelm\u00f6glichkeiten.<\/li>\n<li>Geldautomaten und Wechselstuben.<\/li>\n<li>WLAN ist verf\u00fcgbar mit drahtlosem pay as you go Internetzugang von BT Wi-Fi.<\/li>\n<li>Sie haben rund um die M\u00f6glichkeit, Essen und Getr\u00e4nke zu kaufen.<\/li>\n<\/ul>\n","protected":false},"excerpt":{"rendered":"<p>Sind Sie auf der Suche nach einer Gep\u00e4ckaufbewahrungsm\u00f6glichkeit an der Liverpool Street Station? Wir verf\u00fcgen \u00fcber mehrere Standorte in der N\u00e4he des Bahnhofs, an denen Sie Ihr Gep\u00e4ck aufbewahren k\u00f6nnen. Bei uns k\u00f6nnen Sie Ihr Gep\u00e4ck in lokalen Gesch\u00e4ften in der N\u00e4he von Liverpool Street Station aufbewahren, w\u00e4hrend Sie Londonerkunden. Die Gep\u00e4ckaufbewahrungsorte von LuggageHero sind [&hellip;]<\/p>\n","protected":false},"author":9,"featured_media":0,"parent":11513,"menu_order":0,"comment_status":"closed","ping_status":"closed","template":"template-location.php","meta":{"_acf_changed":false,"footnotes":""},"class_list":["post-11564","page","type-page","status-publish","hentry"],"acf":[],"yoast_head":"<!-- This site is optimized with the Yoast SEO Premium plugin v27.0 (Yoast SEO v27.0) - https:\/\/yoast.com\/product\/yoast-seo-premium-wordpress\/ -->\n<title>Luggage Storage Liverpool Street Station 7Tage die Woche - Ab 1 \u00a3 pro Stunde<\/title>\n<meta name=\"description\" content=\"Einfache, bequeme und g\u00fcnstige Gep\u00e4ckaufbewahrung in der N\u00e4he der Liverpool Street Station. Ab 1 \u00a3 pro Stunde. 2200 \u00a3-Versicherungsdeckung inklusive Sicherheitssiegel f\u00fcr jedes Gep\u00e4ckst\u00fcck.\" \/>\n<meta name=\"robots\" content=\"index, follow, max-snippet:-1, max-image-preview:large, max-video-preview:-1\" \/>\n<link rel=\"canonical\" href=\"https:\/\/luggagehero.com\/de\/london\/liverpool-street-station\/\" \/>\n<meta property=\"og:locale\" content=\"de_DE\" \/>\n<meta property=\"og:type\" content=\"article\" \/>\n<meta property=\"og:title\" content=\"Liverpool Street Station\" \/>\n<meta property=\"og:description\" content=\"Einfache, bequeme und g\u00fcnstige Gep\u00e4ckaufbewahrung in der N\u00e4he der Liverpool Street Station. Ab 1 \u00a3 pro Stunde. 2200 \u00a3-Versicherungsdeckung inklusive Sicherheitssiegel f\u00fcr jedes Gep\u00e4ckst\u00fcck.\" \/>\n<meta property=\"og:url\" content=\"https:\/\/luggagehero.com\/de\/london\/liverpool-street-station\/\" \/>\n<meta property=\"og:site_name\" content=\"LuggageHero\" \/>\n<meta property=\"article:publisher\" content=\"https:\/\/www.facebook.com\/luggagehero\" \/>\n<meta property=\"article:modified_time\" content=\"2023-08-22T11:58:11+00:00\" \/>\n<meta property=\"og:image\" content=\"https:\/\/luggagehero.com\/wp-content\/uploads\/2018\/02\/luggage_storage_liverpool_street_station.jpg\" \/>\n<meta name=\"twitter:card\" content=\"summary_large_image\" \/>\n<meta name=\"twitter:site\" content=\"@luggagehero\" \/>\n<meta name=\"twitter:label1\" content=\"Est. reading time\" \/>\n\t<meta name=\"twitter:data1\" content=\"2 minutes\" \/>\n<script type=\"application\/ld+json\" class=\"yoast-schema-graph\">{\"@context\":\"https:\/\/schema.org\",\"@graph\":[{\"@type\":\"WebPage\",\"@id\":\"https:\/\/luggagehero.com\/de\/london\/liverpool-street-station\/\",\"url\":\"https:\/\/luggagehero.com\/de\/london\/liverpool-street-station\/\",\"name\":\"Luggage Storage Liverpool Street Station 7Tage die Woche - Ab 1 \u00a3 pro Stunde\",\"isPartOf\":{\"@id\":\"https:\/\/luggagehero.com\/de\/#website\"},\"primaryImageOfPage\":{\"@id\":\"https:\/\/luggagehero.com\/de\/london\/liverpool-street-station\/#primaryimage\"},\"image\":{\"@id\":\"https:\/\/luggagehero.com\/de\/london\/liverpool-street-station\/#primaryimage\"},\"thumbnailUrl\":\"https:\/\/luggagehero.com\/wp-content\/uploads\/2018\/02\/luggage_storage_liverpool_street_station.jpg\",\"datePublished\":\"2019-11-06T07:53:58+00:00\",\"dateModified\":\"2023-08-22T11:58:11+00:00\",\"description\":\"Einfache, bequeme und g\u00fcnstige Gep\u00e4ckaufbewahrung in der N\u00e4he der Liverpool Street Station. Ab 1 \u00a3 pro Stunde. 2200 \u00a3-Versicherungsdeckung inklusive Sicherheitssiegel f\u00fcr jedes Gep\u00e4ckst\u00fcck.\",\"breadcrumb\":{\"@id\":\"https:\/\/luggagehero.com\/de\/london\/liverpool-street-station\/#breadcrumb\"},\"inLanguage\":\"de-DE\",\"potentialAction\":[{\"@type\":\"ReadAction\",\"target\":[\"https:\/\/luggagehero.com\/de\/london\/liverpool-street-station\/\"]}]},{\"@type\":\"ImageObject\",\"inLanguage\":\"de-DE\",\"@id\":\"https:\/\/luggagehero.com\/de\/london\/liverpool-street-station\/#primaryimage\",\"url\":\"https:\/\/luggagehero.com\/wp-content\/uploads\/2018\/02\/luggage_storage_liverpool_street_station.jpg\",\"contentUrl\":\"https:\/\/luggagehero.com\/wp-content\/uploads\/2018\/02\/luggage_storage_liverpool_street_station.jpg\"},{\"@type\":\"BreadcrumbList\",\"@id\":\"https:\/\/luggagehero.com\/de\/london\/liverpool-street-station\/#breadcrumb\",\"itemListElement\":[{\"@type\":\"ListItem\",\"position\":1,\"name\":\"Home\",\"item\":\"https:\/\/luggagehero.com\/de\/\"},{\"@type\":\"ListItem\",\"position\":2,\"name\":\"London\",\"item\":\"https:\/\/luggagehero.com\/de\/london\/\"},{\"@type\":\"ListItem\",\"position\":3,\"name\":\"Liverpool Street Station\"}]},{\"@type\":\"WebSite\",\"@id\":\"https:\/\/luggagehero.com\/de\/#website\",\"url\":\"https:\/\/luggagehero.com\/de\/\",\"name\":\"LuggageHero\",\"description\":\"Free yourself from luggage\",\"publisher\":{\"@id\":\"https:\/\/luggagehero.com\/de\/#organization\"},\"potentialAction\":[{\"@type\":\"SearchAction\",\"target\":{\"@type\":\"EntryPoint\",\"urlTemplate\":\"https:\/\/luggagehero.com\/de\/?s={search_term_string}\"},\"query-input\":{\"@type\":\"PropertyValueSpecification\",\"valueRequired\":true,\"valueName\":\"search_term_string\"}}],\"inLanguage\":\"de-DE\"},{\"@type\":\"Organization\",\"@id\":\"https:\/\/luggagehero.com\/de\/#organization\",\"name\":\"LuggageHero\",\"url\":\"https:\/\/luggagehero.com\/de\/\",\"logo\":{\"@type\":\"ImageObject\",\"inLanguage\":\"de-DE\",\"@id\":\"https:\/\/luggagehero.com\/de\/#\/schema\/logo\/image\/\",\"url\":\"https:\/\/luggagehero.com\/wp-content\/uploads\/2017\/04\/luggagehero_LOGO-RGB_kort_POS_200x200.png\",\"contentUrl\":\"https:\/\/luggagehero.com\/wp-content\/uploads\/2017\/04\/luggagehero_LOGO-RGB_kort_POS_200x200.png\",\"width\":200,\"height\":200,\"caption\":\"LuggageHero\"},\"image\":{\"@id\":\"https:\/\/luggagehero.com\/de\/#\/schema\/logo\/image\/\"},\"sameAs\":[\"https:\/\/www.facebook.com\/luggagehero\",\"https:\/\/x.com\/luggagehero\",\"https:\/\/www.instagram.com\/luggagehero\",\"https:\/\/www.linkedin.com\/company\/luggagehero\/\"]}]}<\/script>\n<!-- \/ Yoast SEO Premium plugin. -->","yoast_head_json":{"title":"Luggage Storage Liverpool Street Station 7Tage die Woche - Ab 1 \u00a3 pro Stunde","description":"Einfache, bequeme und g\u00fcnstige Gep\u00e4ckaufbewahrung in der N\u00e4he der Liverpool Street Station. Ab 1 \u00a3 pro Stunde. 2200 \u00a3-Versicherungsdeckung inklusive Sicherheitssiegel f\u00fcr jedes Gep\u00e4ckst\u00fcck.","robots":{"index":"index","follow":"follow","max-snippet":"max-snippet:-1","max-image-preview":"max-image-preview:large","max-video-preview":"max-video-preview:-1"},"canonical":"https:\/\/luggagehero.com\/de\/london\/liverpool-street-station\/","og_locale":"de_DE","og_type":"article","og_title":"Liverpool Street Station","og_description":"Einfache, bequeme und g\u00fcnstige Gep\u00e4ckaufbewahrung in der N\u00e4he der Liverpool Street Station. Ab 1 \u00a3 pro Stunde. 2200 \u00a3-Versicherungsdeckung inklusive Sicherheitssiegel f\u00fcr jedes Gep\u00e4ckst\u00fcck.","og_url":"https:\/\/luggagehero.com\/de\/london\/liverpool-street-station\/","og_site_name":"LuggageHero","article_publisher":"https:\/\/www.facebook.com\/luggagehero","article_modified_time":"2023-08-22T11:58:11+00:00","og_image":[{"url":"https:\/\/luggagehero.com\/wp-content\/uploads\/2018\/02\/luggage_storage_liverpool_street_station.jpg","type":"","width":"","height":""}],"twitter_card":"summary_large_image","twitter_site":"@luggagehero","twitter_misc":{"Est. reading time":"2 minutes"},"schema":{"@context":"https:\/\/schema.org","@graph":[{"@type":"WebPage","@id":"https:\/\/luggagehero.com\/de\/london\/liverpool-street-station\/","url":"https:\/\/luggagehero.com\/de\/london\/liverpool-street-station\/","name":"Luggage Storage Liverpool Street Station 7Tage die Woche - Ab 1 \u00a3 pro Stunde","isPartOf":{"@id":"https:\/\/luggagehero.com\/de\/#website"},"primaryImageOfPage":{"@id":"https:\/\/luggagehero.com\/de\/london\/liverpool-street-station\/#primaryimage"},"image":{"@id":"https:\/\/luggagehero.com\/de\/london\/liverpool-street-station\/#primaryimage"},"thumbnailUrl":"https:\/\/luggagehero.com\/wp-content\/uploads\/2018\/02\/luggage_storage_liverpool_street_station.jpg","datePublished":"2019-11-06T07:53:58+00:00","dateModified":"2023-08-22T11:58:11+00:00","description":"Einfache, bequeme und g\u00fcnstige Gep\u00e4ckaufbewahrung in der N\u00e4he der Liverpool Street Station. Ab 1 \u00a3 pro Stunde. 2200 \u00a3-Versicherungsdeckung inklusive Sicherheitssiegel f\u00fcr jedes Gep\u00e4ckst\u00fcck.","breadcrumb":{"@id":"https:\/\/luggagehero.com\/de\/london\/liverpool-street-station\/#breadcrumb"},"inLanguage":"de-DE","potentialAction":[{"@type":"ReadAction","target":["https:\/\/luggagehero.com\/de\/london\/liverpool-street-station\/"]}]},{"@type":"ImageObject","inLanguage":"de-DE","@id":"https:\/\/luggagehero.com\/de\/london\/liverpool-street-station\/#primaryimage","url":"https:\/\/luggagehero.com\/wp-content\/uploads\/2018\/02\/luggage_storage_liverpool_street_station.jpg","contentUrl":"https:\/\/luggagehero.com\/wp-content\/uploads\/2018\/02\/luggage_storage_liverpool_street_station.jpg"},{"@type":"BreadcrumbList","@id":"https:\/\/luggagehero.com\/de\/london\/liverpool-street-station\/#breadcrumb","itemListElement":[{"@type":"ListItem","position":1,"name":"Home","item":"https:\/\/luggagehero.com\/de\/"},{"@type":"ListItem","position":2,"name":"London","item":"https:\/\/luggagehero.com\/de\/london\/"},{"@type":"ListItem","position":3,"name":"Liverpool Street Station"}]},{"@type":"WebSite","@id":"https:\/\/luggagehero.com\/de\/#website","url":"https:\/\/luggagehero.com\/de\/","name":"LuggageHero","description":"Free yourself from luggage","publisher":{"@id":"https:\/\/luggagehero.com\/de\/#organization"},"potentialAction":[{"@type":"SearchAction","target":{"@type":"EntryPoint","urlTemplate":"https:\/\/luggagehero.com\/de\/?s={search_term_string}"},"query-input":{"@type":"PropertyValueSpecification","valueRequired":true,"valueName":"search_term_string"}}],"inLanguage":"de-DE"},{"@type":"Organization","@id":"https:\/\/luggagehero.com\/de\/#organization","name":"LuggageHero","url":"https:\/\/luggagehero.com\/de\/","logo":{"@type":"ImageObject","inLanguage":"de-DE","@id":"https:\/\/luggagehero.com\/de\/#\/schema\/logo\/image\/","url":"https:\/\/luggagehero.com\/wp-content\/uploads\/2017\/04\/luggagehero_LOGO-RGB_kort_POS_200x200.png","contentUrl":"https:\/\/luggagehero.com\/wp-content\/uploads\/2017\/04\/luggagehero_LOGO-RGB_kort_POS_200x200.png","width":200,"height":200,"caption":"LuggageHero"},"image":{"@id":"https:\/\/luggagehero.com\/de\/#\/schema\/logo\/image\/"},"sameAs":["https:\/\/www.facebook.com\/luggagehero","https:\/\/x.com\/luggagehero","https:\/\/www.instagram.com\/luggagehero","https:\/\/www.linkedin.com\/company\/luggagehero\/"]}]}},"place_id":"","place_latitude_longitude":"51.5188,-0.0814","place_name":"Liverpool Street Station","criteria_title":"","criteria_description":"","meta_title":"","meta_description":"","children_criteria_title":"","children_criteria_description":"","children_meta_title":"","children_meta_description":"","_edit_last":"46","use_global_content":"","poi_type":"PublicTransit","content_raw":"Sind Sie auf der Suche nach einer Gep\u00e4ckaufbewahrungsm\u00f6glichkeit an der Liverpool Street Station? Wir verf\u00fcgen \u00fcber mehrere Standorte in der N\u00e4he des Bahnhofs, an denen Sie Ihr Gep\u00e4ck aufbewahren k\u00f6nnen. Bei uns k\u00f6nnen Sie Ihr Gep\u00e4ck in lokalen Gesch\u00e4ften in der N\u00e4he von Liverpool Street Station aufbewahren, w\u00e4hrend Sie <a href=\"https:\/\/luggagehero.com\/london\/\">London<\/a>erkunden.\r\n\r\nDie Gep\u00e4ckaufbewahrungsorte von LuggageHero sind <a href=\"https:\/\/luggagehero.com\/about\/certified-shops\/\">zertifizierte Hotels, Caf\u00e9s und Gesch\u00e4fte<\/a>. Wenn Sie im Voraus buchen, ist Ihnen ein Platz f\u00fcr Ihr Gep\u00e4ck garantiert. Sollten sich Ihre Reisepl\u00e4ne \u00e4ndern, k\u00f6nnen Sie Ihre Buchung jederzeit problemlos stornieren. Die Adresse und die Wegbeschreibung sind zum Zeitpunkt der Buchung verf\u00fcgbar und werden Ihnen per E-Mail zugesandt.\r\n\r\nAlle Gep\u00e4ckst\u00fccke werden mit unserem<a href=\"https:\/\/luggagehero.com\/about\/security-seal\/\"> manipulationssicheren Sicherheitsssiegel <\/a>versehen und sind bis zu [pricing insurancecoverage]<a href=\"https:\/\/luggagehero.com\/about\/insurance\/\">versichert<\/a>.\r\n<p style=\"text-align: center;\"><img class=\"aligncenter wp-image-1905 size-full\" src=\"https:\/\/luggagehero.com\/wp-content\/uploads\/2018\/02\/luggage_storage_liverpool_street_station.jpg\" alt=\"Liverpool Street Station in London\" width=\"640\" height=\"360\" \/><\/p>\r\n\r\n<h2 style=\"text-align: center;\">Liverpool Street Station<\/h2>\r\nLiverpool Street Station, auch bekannt als London Liverpool Street, ist ein zentraler Londoner Bahnhof, der mit dem Londoner U-Bahn-Netz verbunden ist. An der Liverpool Street Station verkehren mehrere Londoner U-Bahnlinien, mit denen Sie ganz London erkunden k\u00f6nnen. Sie k\u00f6nnen von hier aus die Central Line nutzen, mit der Sie zur <a href=\"https:\/\/luggagehero.com\/london\/oxford-street\/\">Oxford Street<\/a>, <a href=\"https:\/\/luggagehero.com\/london\/notting-hill-station\/\">nach Notting Hill<\/a>, und East London gelangen. Mit der Circle, Metropolitan und Hammersmith, und City Line erreichen Sie\u00a0<a href=\"https:\/\/luggagehero.com\/london\/london-eye\/\">London Eye<\/a>, Southbank, Trafalgar Square und\u00a0<a href=\"https:\/\/luggagehero.com\/london\/kensington-gardens\/\">Kensington<\/a>. Von der Liverpool Street aus erreichen Sie das Herz der Stadt.\r\n\r\nMit dem Stansted Express gelangen Sie in nur 47 Minuten zum und vom Flughafen Stansted. Die Z\u00fcge fahren alle 15 Minuten, sodass Sie nie lange warten m\u00fcssen.\r\n\r\nEinige der ber\u00fchmtesten Wahrzeichen Londons befinden sich in unmittelbarer N\u00e4he des Bahnhofs. In der Umgebung des Bahnhofs Liverpool Street finden Sie Sehensw\u00fcrdigkeiten wie Spitalfields Market, The Whitechapel Gallery und The Bank of England.\r\n\r\nLiverpool Street ist ein verkehrsreicher Pendlerbahnhof, der f\u00fcr eine radikale Modernisierung gelobt wurde, w\u00e4hrend das Beste des Schienenkulturerbes bewahrt wurde.\r\n\r\nInformationen zum Bahnhof:\r\n<ul>\r\n \t<li>Der Fahrkartenschalter ist rund um die Uhr ge\u00f6ffnet. Die Fahrkartenautomaten befinden sich in der Bahnhofshalle.<\/li>\r\n \t<li>Toiletten und Wickelm\u00f6glichkeiten.<\/li>\r\n \t<li>Geldautomaten und Wechselstuben.<\/li>\r\n \t<li>WLAN ist verf\u00fcgbar mit drahtlosem pay as you go Internetzugang von BT Wi-Fi.<\/li>\r\n \t<li>Sie haben rund um die M\u00f6glichkeit, Essen und Getr\u00e4nke zu kaufen.<\/li>\r\n<\/ul>","_links":{"self":[{"href":"https:\/\/luggagehero.com\/de\/wp-json\/wp\/v2\/pages\/11564","targetHints":{"allow":["GET"]}}],"collection":[{"href":"https:\/\/luggagehero.com\/de\/wp-json\/wp\/v2\/pages"}],"about":[{"href":"https:\/\/luggagehero.com\/de\/wp-json\/wp\/v2\/types\/page"}],"author":[{"embeddable":true,"href":"https:\/\/luggagehero.com\/de\/wp-json\/wp\/v2\/users\/9"}],"replies":[{"embeddable":true,"href":"https:\/\/luggagehero.com\/de\/wp-json\/wp\/v2\/comments?post=11564"}],"version-history":[{"count":0,"href":"https:\/\/luggagehero.com\/de\/wp-json\/wp\/v2\/pages\/11564\/revisions"}],"up":[{"embeddable":true,"href":"https:\/\/luggagehero.com\/de\/wp-json\/wp\/v2\/pages\/11513"}],"wp:attachment":[{"href":"https:\/\/luggagehero.com\/de\/wp-json\/wp\/v2\/media?parent=11564"}],"curies":[{"name":"wp","href":"https:\/\/api.w.org\/{rel}","templated":true}]}}