{"id":11566,"date":"2019-11-06T07:53:58","date_gmt":"2019-11-06T07:53:58","guid":{"rendered":"https:\/\/luggagehero.com\/lissabon\/"},"modified":"2023-09-05T07:29:21","modified_gmt":"2023-09-05T07:29:21","slug":"lissabon","status":"publish","type":"page","link":"https:\/\/luggagehero.com\/de\/lissabon\/","title":{"rendered":"Lissabon"},"content":{"rendered":"<p><span style=\"font-weight: 400;\">You can stop searching for lockers to store your luggage in. The next time you\u2019re in Lisbon, remember that LuggageHero is here to save the day!<\/span><\/p>\n<p><span style=\"font-weight: 400;\">You can drop off your bags by using LuggageHero\u2019s network of more than 30 local shops located around crucial traffic hubs. Die Shops befinden sich unter anderem an den folgenden Standorten <a href=\"https:\/\/luggagehero.com\/lisbon\/rossio-railway-station\/\">Rossio Railway Station<\/a>, <a href=\"https:\/\/luggagehero.com\/lisbon\/santa-apolonia\/\">Santa Apolonia<\/a>, Cais do Sodr\u00e9, <a href=\"https:\/\/luggagehero.com\/lisbon\/baixa-chiado\/\">Baixa-Chiado<\/a>, <a href=\"https:\/\/luggagehero.com\/lisbon\/avenida\/\">Avenida<\/a> und in der Innenstadt von Lissabon. Sie k\u00f6nnten auch einen Tagesausflug in die sch\u00f6ne Stadt von <a href=\"https:\/\/luggagehero.com\/lisbon\/sintra\/\">Sintra<\/a>in Betracht ziehen.<\/span><\/p>\n<p><span style=\"font-weight: 400;\">Nehmen wir an, Sie kommen einige Stunden bevor Sie in Ihrer Unterkunft einchecken k\u00f6nnen am Flughafen von Lissabon (Humberto Delgado Airport) an und m\u00f6chten die Sehensw\u00fcrdigkeiten erkunden, ohne Ihr Gep\u00e4ck mitzunehmen. Vielleicht m\u00f6chten Sie sich den <a href=\"https:\/\/luggagehero.com\/lisbon\/tower-of-belem\/\">Turm von Bel\u00e9m<\/a>anschauen, mit den ber\u00fchmten Stra\u00dfenbahnen fahren oder in der <a href=\"https:\/\/luggagehero.com\/lisbon\/avenida\/\">Avenida da Liberdade<\/a> einkaufen.Was auch immer Sie vorhaben, wir sind hier, um Sie von Ihrem Gep\u00e4ck zu befreien<\/span><\/p>\n<p><span style=\"font-weight: 400;\">Gehen Sie einfach zur LuggageHero Buchungsplattform, um einen praktischen Gep\u00e4ckaufbewahrungsort in einem Gesch\u00e4ft oder an einem anderen Standort zu finden &#8211; alle Standorte sind <\/span><a href=\"https:\/\/luggagehero.com\/about\/certified-shops\/\"><span style=\"font-weight: 400;\">von uns verifiziert<\/span><\/a><span style=\"font-weight: 400;\">.Mithilfe unserer Karte k\u00f6nnen Sie die Gesch\u00e4fte in der N\u00e4he der Metrostationen finden, die Sie nutzen, und Ihr Gep\u00e4ck dort aufbewahren.<\/span><\/p>\n<p><img loading=\"lazy\" decoding=\"async\" class=\"wp-image-5030 size-large aligncenter\" src=\"https:\/\/luggagehero.com\/wp-content\/uploads\/2019\/01\/sea-city-landscape-sky-800x529.jpg\" alt=\"Lagern Sie Ihr Gep\u00e4ck in Lissabon\" width=\"800\" height=\"529\" srcset=\"https:\/\/luggagehero.com\/wp-content\/uploads\/2019\/01\/sea-city-landscape-sky-800x529.jpg 800w, https:\/\/luggagehero.com\/wp-content\/uploads\/2019\/01\/sea-city-landscape-sky-300x198.jpg 300w, https:\/\/luggagehero.com\/wp-content\/uploads\/2019\/01\/sea-city-landscape-sky-600x397.jpg 600w, https:\/\/luggagehero.com\/wp-content\/uploads\/2019\/01\/sea-city-landscape-sky.jpg 1280w\" sizes=\"auto, (max-width: 800px) 100vw, 800px\" \/><\/p>\n<p><b>Sie zahlen pro Stunde &#8211; im Gegensatz zu anderen Gep\u00e4ckaufbewahrungsdiensten!<\/b><\/p>\n<p><span style=\"font-weight: 400;\">Wir bieten einen schnellen, bequemen und kosteng\u00fcnstigen Service.<\/span><\/p>\n<p><span style=\"font-weight: 400;\">Im Gegensatz zu den meisten anderen Gep\u00e4ckaufbewahrungsdiensten, bei denen Sie f\u00fcr den kompletten Tag bezahlen m\u00fcssen, stellt LuggageHero nur die genutzten Stunden <pricing-component type=\"hourlyrate\"><\/pricing-component> in Rechnung.Wenn Sie Ihr Gep\u00e4ck den ganzen Tag oder l\u00e4nger aufbewahren m\u00f6chten, bieten wir Ihnen einen g\u00fcnstigen H\u00f6chstbetrag pro Tag in H\u00f6he von <pricing-component type=\"firstdaymax\"><\/pricing-component> an.<\/span><\/p>\n<p><b>Wir freuen uns auf Sie <\/b><\/p>\n<p><span style=\"font-weight: 400;\">Ihre Sicherheit ist unsere Priorit\u00e4t.Aus diesem Grund werden alle unsere Shops in Lissabon von LuggageHero-Mitarbeitern \u00fcberpr\u00fcft und zertifiziert.Dar\u00fcber hinaus versiegeln wir jedes Gep\u00e4ckst\u00fcck, um die Manipulationssicherheit zu gew\u00e4hrleisten.Au\u00dferdem ist jedes Gep\u00e4ckst\u00fcck und dessen Inhalt bis zu <pricing-component type=\"insurancecoverage\"><\/pricing-component> versichert.<\/span><\/p>\n<p><span style=\"font-weight: 400;\">Wenn Sie mit jemandem bei LuggageHero sprechen m\u00f6chten, sind wir \u00fcber unser Online-Chat-System rund um die Uhr f\u00fcr Sie da.<\/span><\/p>\n","protected":false},"excerpt":{"rendered":"<p>You can stop searching for lockers to store your luggage in. The next time you\u2019re in Lisbon, remember that LuggageHero is here to save the day! You can drop off your bags by using LuggageHero\u2019s network of more than 30 local shops located around crucial traffic hubs. Die Shops befinden sich unter anderem an den [&hellip;]<\/p>\n","protected":false},"author":9,"featured_media":11567,"parent":0,"menu_order":0,"comment_status":"closed","ping_status":"closed","template":"template-location.php","meta":{"_acf_changed":false,"footnotes":""},"class_list":["post-11566","page","type-page","status-publish","has-post-thumbnail","hentry"],"acf":[],"yoast_head":"<!-- This site is optimized with the Yoast SEO Premium plugin v27.0 (Yoast SEO v27.0) - https:\/\/yoast.com\/product\/yoast-seo-premium-wordpress\/ -->\n<title>Lissabon - LuggageHero<\/title>\n<meta name=\"robots\" content=\"index, follow, max-snippet:-1, max-image-preview:large, max-video-preview:-1\" \/>\n<link rel=\"canonical\" href=\"https:\/\/luggagehero.com\/de\/lissabon\/\" \/>\n<meta property=\"og:locale\" content=\"de_DE\" \/>\n<meta property=\"og:type\" content=\"article\" \/>\n<meta property=\"og:title\" content=\"Lissabon\" \/>\n<meta property=\"og:description\" content=\"You can stop searching for lockers to store your luggage in. The next time you\u2019re in Lisbon, remember that LuggageHero is here to save the day! You can drop off your bags by using LuggageHero\u2019s network of more than 30 local shops located around crucial traffic hubs. Die Shops befinden sich unter anderem an den [&hellip;]\" \/>\n<meta property=\"og:url\" content=\"https:\/\/luggagehero.com\/de\/lissabon\/\" \/>\n<meta property=\"og:site_name\" content=\"LuggageHero\" \/>\n<meta property=\"article:publisher\" content=\"https:\/\/www.facebook.com\/luggagehero\" \/>\n<meta property=\"article:modified_time\" content=\"2023-09-05T07:29:21+00:00\" \/>\n<meta property=\"og:image\" content=\"https:\/\/luggagehero.com\/wp-content\/uploads\/2019\/01\/sea-city-landscape-sky.jpg\" \/>\n\t<meta property=\"og:image:width\" content=\"1280\" \/>\n\t<meta property=\"og:image:height\" content=\"846\" \/>\n\t<meta property=\"og:image:type\" content=\"image\/jpeg\" \/>\n<meta name=\"twitter:card\" content=\"summary_large_image\" \/>\n<meta name=\"twitter:site\" content=\"@luggagehero\" \/>\n<meta name=\"twitter:label1\" content=\"Est. reading time\" \/>\n\t<meta name=\"twitter:data1\" content=\"2 minutes\" \/>\n<script type=\"application\/ld+json\" class=\"yoast-schema-graph\">{\"@context\":\"https:\/\/schema.org\",\"@graph\":[{\"@type\":\"WebPage\",\"@id\":\"https:\/\/luggagehero.com\/de\/lissabon\/\",\"url\":\"https:\/\/luggagehero.com\/de\/lissabon\/\",\"name\":\"Lissabon - LuggageHero\",\"isPartOf\":{\"@id\":\"https:\/\/luggagehero.com\/de\/#website\"},\"primaryImageOfPage\":{\"@id\":\"https:\/\/luggagehero.com\/de\/lissabon\/#primaryimage\"},\"image\":{\"@id\":\"https:\/\/luggagehero.com\/de\/lissabon\/#primaryimage\"},\"thumbnailUrl\":\"https:\/\/luggagehero.com\/wp-content\/uploads\/2019\/01\/sea-city-landscape-sky.jpg\",\"datePublished\":\"2019-11-06T07:53:58+00:00\",\"dateModified\":\"2023-09-05T07:29:21+00:00\",\"breadcrumb\":{\"@id\":\"https:\/\/luggagehero.com\/de\/lissabon\/#breadcrumb\"},\"inLanguage\":\"de-DE\",\"potentialAction\":[{\"@type\":\"ReadAction\",\"target\":[\"https:\/\/luggagehero.com\/de\/lissabon\/\"]}]},{\"@type\":\"ImageObject\",\"inLanguage\":\"de-DE\",\"@id\":\"https:\/\/luggagehero.com\/de\/lissabon\/#primaryimage\",\"url\":\"https:\/\/luggagehero.com\/wp-content\/uploads\/2019\/01\/sea-city-landscape-sky.jpg\",\"contentUrl\":\"https:\/\/luggagehero.com\/wp-content\/uploads\/2019\/01\/sea-city-landscape-sky.jpg\",\"width\":1280,\"height\":846},{\"@type\":\"BreadcrumbList\",\"@id\":\"https:\/\/luggagehero.com\/de\/lissabon\/#breadcrumb\",\"itemListElement\":[{\"@type\":\"ListItem\",\"position\":1,\"name\":\"Home\",\"item\":\"https:\/\/luggagehero.com\/de\/\"},{\"@type\":\"ListItem\",\"position\":2,\"name\":\"Lissabon\"}]},{\"@type\":\"WebSite\",\"@id\":\"https:\/\/luggagehero.com\/de\/#website\",\"url\":\"https:\/\/luggagehero.com\/de\/\",\"name\":\"LuggageHero\",\"description\":\"Free yourself from luggage\",\"publisher\":{\"@id\":\"https:\/\/luggagehero.com\/de\/#organization\"},\"potentialAction\":[{\"@type\":\"SearchAction\",\"target\":{\"@type\":\"EntryPoint\",\"urlTemplate\":\"https:\/\/luggagehero.com\/de\/?s={search_term_string}\"},\"query-input\":{\"@type\":\"PropertyValueSpecification\",\"valueRequired\":true,\"valueName\":\"search_term_string\"}}],\"inLanguage\":\"de-DE\"},{\"@type\":\"Organization\",\"@id\":\"https:\/\/luggagehero.com\/de\/#organization\",\"name\":\"LuggageHero\",\"url\":\"https:\/\/luggagehero.com\/de\/\",\"logo\":{\"@type\":\"ImageObject\",\"inLanguage\":\"de-DE\",\"@id\":\"https:\/\/luggagehero.com\/de\/#\/schema\/logo\/image\/\",\"url\":\"https:\/\/luggagehero.com\/wp-content\/uploads\/2017\/04\/luggagehero_LOGO-RGB_kort_POS_200x200.png\",\"contentUrl\":\"https:\/\/luggagehero.com\/wp-content\/uploads\/2017\/04\/luggagehero_LOGO-RGB_kort_POS_200x200.png\",\"width\":200,\"height\":200,\"caption\":\"LuggageHero\"},\"image\":{\"@id\":\"https:\/\/luggagehero.com\/de\/#\/schema\/logo\/image\/\"},\"sameAs\":[\"https:\/\/www.facebook.com\/luggagehero\",\"https:\/\/x.com\/luggagehero\",\"https:\/\/www.instagram.com\/luggagehero\",\"https:\/\/www.linkedin.com\/company\/luggagehero\/\"]}]}<\/script>\n<!-- \/ Yoast SEO Premium plugin. -->","yoast_head_json":{"title":"Lissabon - LuggageHero","robots":{"index":"index","follow":"follow","max-snippet":"max-snippet:-1","max-image-preview":"max-image-preview:large","max-video-preview":"max-video-preview:-1"},"canonical":"https:\/\/luggagehero.com\/de\/lissabon\/","og_locale":"de_DE","og_type":"article","og_title":"Lissabon","og_description":"You can stop searching for lockers to store your luggage in. The next time you\u2019re in Lisbon, remember that LuggageHero is here to save the day! You can drop off your bags by using LuggageHero\u2019s network of more than 30 local shops located around crucial traffic hubs. Die Shops befinden sich unter anderem an den [&hellip;]","og_url":"https:\/\/luggagehero.com\/de\/lissabon\/","og_site_name":"LuggageHero","article_publisher":"https:\/\/www.facebook.com\/luggagehero","article_modified_time":"2023-09-05T07:29:21+00:00","og_image":[{"width":1280,"height":846,"url":"https:\/\/luggagehero.com\/wp-content\/uploads\/2019\/01\/sea-city-landscape-sky.jpg","type":"image\/jpeg"}],"twitter_card":"summary_large_image","twitter_site":"@luggagehero","twitter_misc":{"Est. reading time":"2 minutes"},"schema":{"@context":"https:\/\/schema.org","@graph":[{"@type":"WebPage","@id":"https:\/\/luggagehero.com\/de\/lissabon\/","url":"https:\/\/luggagehero.com\/de\/lissabon\/","name":"Lissabon - LuggageHero","isPartOf":{"@id":"https:\/\/luggagehero.com\/de\/#website"},"primaryImageOfPage":{"@id":"https:\/\/luggagehero.com\/de\/lissabon\/#primaryimage"},"image":{"@id":"https:\/\/luggagehero.com\/de\/lissabon\/#primaryimage"},"thumbnailUrl":"https:\/\/luggagehero.com\/wp-content\/uploads\/2019\/01\/sea-city-landscape-sky.jpg","datePublished":"2019-11-06T07:53:58+00:00","dateModified":"2023-09-05T07:29:21+00:00","breadcrumb":{"@id":"https:\/\/luggagehero.com\/de\/lissabon\/#breadcrumb"},"inLanguage":"de-DE","potentialAction":[{"@type":"ReadAction","target":["https:\/\/luggagehero.com\/de\/lissabon\/"]}]},{"@type":"ImageObject","inLanguage":"de-DE","@id":"https:\/\/luggagehero.com\/de\/lissabon\/#primaryimage","url":"https:\/\/luggagehero.com\/wp-content\/uploads\/2019\/01\/sea-city-landscape-sky.jpg","contentUrl":"https:\/\/luggagehero.com\/wp-content\/uploads\/2019\/01\/sea-city-landscape-sky.jpg","width":1280,"height":846},{"@type":"BreadcrumbList","@id":"https:\/\/luggagehero.com\/de\/lissabon\/#breadcrumb","itemListElement":[{"@type":"ListItem","position":1,"name":"Home","item":"https:\/\/luggagehero.com\/de\/"},{"@type":"ListItem","position":2,"name":"Lissabon"}]},{"@type":"WebSite","@id":"https:\/\/luggagehero.com\/de\/#website","url":"https:\/\/luggagehero.com\/de\/","name":"LuggageHero","description":"Free yourself from luggage","publisher":{"@id":"https:\/\/luggagehero.com\/de\/#organization"},"potentialAction":[{"@type":"SearchAction","target":{"@type":"EntryPoint","urlTemplate":"https:\/\/luggagehero.com\/de\/?s={search_term_string}"},"query-input":{"@type":"PropertyValueSpecification","valueRequired":true,"valueName":"search_term_string"}}],"inLanguage":"de-DE"},{"@type":"Organization","@id":"https:\/\/luggagehero.com\/de\/#organization","name":"LuggageHero","url":"https:\/\/luggagehero.com\/de\/","logo":{"@type":"ImageObject","inLanguage":"de-DE","@id":"https:\/\/luggagehero.com\/de\/#\/schema\/logo\/image\/","url":"https:\/\/luggagehero.com\/wp-content\/uploads\/2017\/04\/luggagehero_LOGO-RGB_kort_POS_200x200.png","contentUrl":"https:\/\/luggagehero.com\/wp-content\/uploads\/2017\/04\/luggagehero_LOGO-RGB_kort_POS_200x200.png","width":200,"height":200,"caption":"LuggageHero"},"image":{"@id":"https:\/\/luggagehero.com\/de\/#\/schema\/logo\/image\/"},"sameAs":["https:\/\/www.facebook.com\/luggagehero","https:\/\/x.com\/luggagehero","https:\/\/www.instagram.com\/luggagehero","https:\/\/www.linkedin.com\/company\/luggagehero\/"]}]}},"place_id":"","place_latitude_longitude":"38.7152,-9.1360","place_name":"Lissabon","criteria_title":"Gep\u00e4ckaufbewahrung in +30 Shops in der Umgebung von [location]","criteria_description":"Lagern Sie Ihr Gep\u00e4ck ab 1 \u20ac pro Stunde in einem zertifizierten lokalen Shop","meta_title":"Gep\u00e4ckaufbewahrung [Standort] - +30 Standorte - 24\/7 - Ab 1 \u20ac pro Stunde","meta_description":"Nutzen Sie das gr\u00f6\u00dfte Gep\u00e4ckaufbewahrungsnetzwerk in [location]. 7 Tage die Woche, rund um die Uhr ge\u00f6ffnet. \u20ac2500 Versicherungsdeckung + Sicherheitssiegel inkl.","children_criteria_title":"Gep\u00e4ckaufbewahrung [location]","children_criteria_description":"Lagern Sie Ihr Gep\u00e4ck ab 1 \u20ac pro Stunde in einem zertifizierten lokalen Shop","children_meta_title":"Gep\u00e4ckaufbewahrung [location] - 7 Tage die Woche - ab 1 \u20ac pro Stunde","children_meta_description":"Praktischer und g\u00fcnstiger Gep\u00e4ckaufbewahrungsservice in der N\u00e4he von [location] - Ab 1 \u20ac pro Stunde. 2200 \u20ac-Versicherungsdeckung inklusive Sicherheitssiegel f\u00fcr jedes Gep\u00e4ckst\u00fcck.","_edit_last":"46","use_global_content":"","poi_type":"","content_raw":"<span style=\"font-weight: 400;\">You can stop searching for lockers to store your luggage in. The next time you\u2019re in Lisbon, remember that LuggageHero is here to save the day!<\/span>\r\n\r\n<span style=\"font-weight: 400;\">You can drop off your bags by using LuggageHero\u2019s network of more than 30 local shops located around crucial traffic hubs. Die Shops befinden sich unter anderem an den folgenden Standorten <a href=\"https:\/\/luggagehero.com\/lisbon\/rossio-railway-station\/\">Rossio Railway Station<\/a>, <a href=\"https:\/\/luggagehero.com\/lisbon\/santa-apolonia\/\">Santa Apolonia<\/a>, Cais do Sodr\u00e9, <a href=\"https:\/\/luggagehero.com\/lisbon\/baixa-chiado\/\">Baixa-Chiado<\/a>, <a href=\"https:\/\/luggagehero.com\/lisbon\/avenida\/\">Avenida<\/a> und in der Innenstadt von Lissabon. Sie k\u00f6nnten auch einen Tagesausflug in die sch\u00f6ne Stadt von <a href=\"https:\/\/luggagehero.com\/lisbon\/sintra\/\">Sintra<\/a>in Betracht ziehen.<\/span>\r\n\r\n<span style=\"font-weight: 400;\">Nehmen wir an, Sie kommen einige Stunden bevor Sie in Ihrer Unterkunft einchecken k\u00f6nnen am Flughafen von Lissabon (Humberto Delgado Airport) an und m\u00f6chten die Sehensw\u00fcrdigkeiten erkunden, ohne Ihr Gep\u00e4ck mitzunehmen. Vielleicht m\u00f6chten Sie sich den <a href=\"https:\/\/luggagehero.com\/lisbon\/tower-of-belem\/\">Turm von Bel\u00e9m<\/a>anschauen, mit den ber\u00fchmten Stra\u00dfenbahnen fahren oder in der <a href=\"https:\/\/luggagehero.com\/lisbon\/avenida\/\">Avenida da Liberdade<\/a> einkaufen.Was auch immer Sie vorhaben, wir sind hier, um Sie von Ihrem Gep\u00e4ck zu befreien<\/span>\r\n\r\n<span style=\"font-weight: 400;\">Gehen Sie einfach zur LuggageHero Buchungsplattform, um einen praktischen Gep\u00e4ckaufbewahrungsort in einem Gesch\u00e4ft oder an einem anderen Standort zu finden - alle Standorte sind <\/span><a href=\"https:\/\/luggagehero.com\/about\/certified-shops\/\"><span style=\"font-weight: 400;\">von uns verifiziert<\/span><\/a><span style=\"font-weight: 400;\">.Mithilfe unserer Karte k\u00f6nnen Sie die Gesch\u00e4fte in der N\u00e4he der Metrostationen finden, die Sie nutzen, und Ihr Gep\u00e4ck dort aufbewahren.<\/span>\r\n\r\n<img class=\"wp-image-5030 size-large aligncenter\" src=\"https:\/\/luggagehero.com\/wp-content\/uploads\/2019\/01\/sea-city-landscape-sky-800x529.jpg\" alt=\"Lagern Sie Ihr Gep\u00e4ck in Lissabon\" width=\"800\" height=\"529\" \/>\r\n\r\n<b>Sie zahlen pro Stunde - im Gegensatz zu anderen Gep\u00e4ckaufbewahrungsdiensten!<\/b>\r\n\r\n<span style=\"font-weight: 400;\">Wir bieten einen schnellen, bequemen und kosteng\u00fcnstigen Service.<\/span>\r\n\r\n<span style=\"font-weight: 400;\">Im Gegensatz zu den meisten anderen Gep\u00e4ckaufbewahrungsdiensten, bei denen Sie f\u00fcr den kompletten Tag bezahlen m\u00fcssen, stellt LuggageHero nur die genutzten Stunden [pricing hourlyrate] in Rechnung.Wenn Sie Ihr Gep\u00e4ck den ganzen Tag oder l\u00e4nger aufbewahren m\u00f6chten, bieten wir Ihnen einen g\u00fcnstigen H\u00f6chstbetrag pro Tag in H\u00f6he von [pricing firstdaymax] an.<\/span>\r\n\r\n<b>Wir freuen uns auf Sie <\/b>\r\n\r\n<span style=\"font-weight: 400;\">Ihre Sicherheit ist unsere Priorit\u00e4t.Aus diesem Grund werden alle unsere Shops in Lissabon von LuggageHero-Mitarbeitern \u00fcberpr\u00fcft und zertifiziert.Dar\u00fcber hinaus versiegeln wir jedes Gep\u00e4ckst\u00fcck, um die Manipulationssicherheit zu gew\u00e4hrleisten.Au\u00dferdem ist jedes Gep\u00e4ckst\u00fcck und dessen Inhalt bis zu [pricing insurancecoverage] versichert.<\/span>\r\n\r\n<span style=\"font-weight: 400;\">Wenn Sie mit jemandem bei LuggageHero sprechen m\u00f6chten, sind wir \u00fcber unser Online-Chat-System rund um die Uhr f\u00fcr Sie da.<\/span>","_links":{"self":[{"href":"https:\/\/luggagehero.com\/de\/wp-json\/wp\/v2\/pages\/11566","targetHints":{"allow":["GET"]}}],"collection":[{"href":"https:\/\/luggagehero.com\/de\/wp-json\/wp\/v2\/pages"}],"about":[{"href":"https:\/\/luggagehero.com\/de\/wp-json\/wp\/v2\/types\/page"}],"author":[{"embeddable":true,"href":"https:\/\/luggagehero.com\/de\/wp-json\/wp\/v2\/users\/9"}],"replies":[{"embeddable":true,"href":"https:\/\/luggagehero.com\/de\/wp-json\/wp\/v2\/comments?post=11566"}],"version-history":[{"count":0,"href":"https:\/\/luggagehero.com\/de\/wp-json\/wp\/v2\/pages\/11566\/revisions"}],"wp:featuredmedia":[{"embeddable":true,"href":"https:\/\/luggagehero.com\/de\/wp-json\/wp\/v2\/media\/11567"}],"wp:attachment":[{"href":"https:\/\/luggagehero.com\/de\/wp-json\/wp\/v2\/media?parent=11566"}],"curies":[{"name":"wp","href":"https:\/\/api.w.org\/{rel}","templated":true}]}}