{"id":11573,"date":"2019-11-06T07:54:01","date_gmt":"2019-11-06T07:54:01","guid":{"rendered":"https:\/\/luggagehero.com\/rom\/roma-termini\/"},"modified":"2023-09-05T07:32:27","modified_gmt":"2023-09-05T07:32:27","slug":"roma-termini","status":"publish","type":"page","link":"https:\/\/luggagehero.com\/de\/rom\/roma-termini\/","title":{"rendered":"Roma Termini"},"content":{"rendered":"<p><span style=\"font-weight: 400;\">Suchen Sie eine Gep\u00e4ckaufbewahrung in der N\u00e4he des Bahnhofs Roma Termini?Sie k\u00f6nnen Ihr Gep\u00e4ck an einem unserer Gep\u00e4ckaufbewahrungsorte gleich um die Ecke des Bahnhofs Roma Termini aufbewahren und <a href=\"https:\/\/luggagehero.com\/rome\/\">Rom<\/a> unbeschwert entdecken.<\/span><\/p>\n<p><span style=\"font-weight: 400;\">Bei den Gep\u00e4ckaufbewahrungsstandorten von LuggageHero handelt es sich um <\/span><a href=\"https:\/\/luggagehero.com\/about\/certified-shops\/\"><span style=\"font-weight: 400;\">zertifizierte<\/span><\/a> <span style=\"font-weight: 400;\">Hotels, Caf\u00e9s und Shops.Wenn Sie im Voraus buchen, ist Ihnen ein Platz f\u00fcr Ihr Gep\u00e4ck garantiert.Die Adresse und die Wegbeschreibung sind zum Zeitpunkt der Buchung verf\u00fcgbar und werden Ihnen per E-Mail zugesandt.Alle Gep\u00e4ckst\u00fccke werden mit unserem <\/span><a href=\"https:\/\/luggagehero.com\/about\/security-seal\/\"><span style=\"font-weight: 400;\">Sicherheitssiegel<\/span><\/a><span style=\"font-weight: 400;\">\u00a0versehen, mit dem jedes Gep\u00e4ckst\u00fcck bis zu <pricing-component type=\"insurancecoverage\"><\/pricing-component> versichert ist, sobald Sie Ihr Gep\u00e4ck abgegeben und den Gep\u00e4ckaufbewahrungs-Timer auf Ihrer Buchungsseite gestartet haben.<\/span>.<\/p>\n<p><img loading=\"lazy\" decoding=\"async\" class=\"aligncenter wp-image-6348 size-large\" src=\"https:\/\/luggagehero.com\/wp-content\/uploads\/2019\/04\/shutterstock_1098160079-800x534.jpg\" alt=\"\" width=\"800\" height=\"534\" srcset=\"https:\/\/luggagehero.com\/wp-content\/uploads\/2019\/04\/shutterstock_1098160079-800x534.jpg 800w, https:\/\/luggagehero.com\/wp-content\/uploads\/2019\/04\/shutterstock_1098160079-300x200.jpg 300w, https:\/\/luggagehero.com\/wp-content\/uploads\/2019\/04\/shutterstock_1098160079-600x400.jpg 600w, https:\/\/luggagehero.com\/wp-content\/uploads\/2019\/04\/shutterstock_1098160079.jpg 1000w\" sizes=\"auto, (max-width: 800px) 100vw, 800px\" \/><\/p>\n<h2 style=\"text-align: center;\">Roma Termini<\/h2>\n<p>Roma Termini ist mehr als nur ein Bahnhof. Sie finden hier nicht nur viele Einkaufs- und Essensm\u00f6glichkeiten, sondern auch auch verschiedene Dienstleistungen wie Autovermietung, Geldwechsel, Toiletten, Post und Reiseb\u00fcros.<\/p>\n<p>Roma Termini ist der gr\u00f6\u00dfte Bahnhof in Rom und einer der gr\u00f6\u00dften Bahnh\u00f6fe Europas. Der Bahnhof verf\u00fcgt \u00fcber 29 Bahnsteige und t\u00e4gliche Verbindungen zu St\u00e4dten in ganz Italien sowie in ganz Europa. Am dem Bahnhof k\u00f6nnen Sie die roten und blauen Linien nehmen, mit denen Sie den gr\u00f6\u00dften Teil Roms erreichen. Von Roms gr\u00f6\u00dftem Flughafen Fiumicino und seinem kleineren Konkurrenten Ciampino aus gelangen Sie zum Hauptbahnhof Termini.<\/p>\n","protected":false},"excerpt":{"rendered":"<p>Suchen Sie eine Gep\u00e4ckaufbewahrung in der N\u00e4he des Bahnhofs Roma Termini?Sie k\u00f6nnen Ihr Gep\u00e4ck an einem unserer Gep\u00e4ckaufbewahrungsorte gleich um die Ecke des Bahnhofs Roma Termini aufbewahren und Rom unbeschwert entdecken. Bei den Gep\u00e4ckaufbewahrungsstandorten von LuggageHero handelt es sich um zertifizierte Hotels, Caf\u00e9s und Shops.Wenn Sie im Voraus buchen, ist Ihnen ein Platz f\u00fcr Ihr [&hellip;]<\/p>\n","protected":false},"author":9,"featured_media":40903,"parent":11572,"menu_order":0,"comment_status":"closed","ping_status":"closed","template":"template-location.php","meta":{"_acf_changed":false,"footnotes":""},"class_list":["post-11573","page","type-page","status-publish","has-post-thumbnail","hentry"],"acf":[],"yoast_head":"<!-- This site is optimized with the Yoast SEO Premium plugin v27.0 (Yoast SEO v27.0) - https:\/\/yoast.com\/product\/yoast-seo-premium-wordpress\/ -->\n<title>Roma Termini - LuggageHero<\/title>\n<meta name=\"robots\" content=\"index, follow, max-snippet:-1, max-image-preview:large, max-video-preview:-1\" \/>\n<link rel=\"canonical\" href=\"https:\/\/luggagehero.com\/de\/rom\/roma-termini\/\" \/>\n<meta property=\"og:locale\" content=\"de_DE\" \/>\n<meta property=\"og:type\" content=\"article\" \/>\n<meta property=\"og:title\" content=\"Roma Termini\" \/>\n<meta property=\"og:description\" content=\"Suchen Sie eine Gep\u00e4ckaufbewahrung in der N\u00e4he des Bahnhofs Roma Termini?Sie k\u00f6nnen Ihr Gep\u00e4ck an einem unserer Gep\u00e4ckaufbewahrungsorte gleich um die Ecke des Bahnhofs Roma Termini aufbewahren und Rom unbeschwert entdecken. Bei den Gep\u00e4ckaufbewahrungsstandorten von LuggageHero handelt es sich um zertifizierte Hotels, Caf\u00e9s und Shops.Wenn Sie im Voraus buchen, ist Ihnen ein Platz f\u00fcr Ihr [&hellip;]\" \/>\n<meta property=\"og:url\" content=\"https:\/\/luggagehero.com\/de\/rom\/roma-termini\/\" \/>\n<meta property=\"og:site_name\" content=\"LuggageHero\" \/>\n<meta property=\"article:publisher\" content=\"https:\/\/www.facebook.com\/luggagehero\" \/>\n<meta property=\"article:modified_time\" content=\"2023-09-05T07:32:27+00:00\" \/>\n<meta property=\"og:image\" content=\"https:\/\/luggagehero.com\/wp-content\/uploads\/2021\/11\/romet.jpg\" \/>\n\t<meta property=\"og:image:width\" content=\"686\" \/>\n\t<meta property=\"og:image:height\" content=\"386\" \/>\n\t<meta property=\"og:image:type\" content=\"image\/jpeg\" \/>\n<meta name=\"twitter:card\" content=\"summary_large_image\" \/>\n<meta name=\"twitter:site\" content=\"@luggagehero\" \/>\n<meta name=\"twitter:label1\" content=\"Est. reading time\" \/>\n\t<meta name=\"twitter:data1\" content=\"2 minutes\" \/>\n<script type=\"application\/ld+json\" class=\"yoast-schema-graph\">{\"@context\":\"https:\/\/schema.org\",\"@graph\":[{\"@type\":\"WebPage\",\"@id\":\"https:\/\/luggagehero.com\/de\/rom\/roma-termini\/\",\"url\":\"https:\/\/luggagehero.com\/de\/rom\/roma-termini\/\",\"name\":\"Roma Termini - LuggageHero\",\"isPartOf\":{\"@id\":\"https:\/\/luggagehero.com\/de\/#website\"},\"primaryImageOfPage\":{\"@id\":\"https:\/\/luggagehero.com\/de\/rom\/roma-termini\/#primaryimage\"},\"image\":{\"@id\":\"https:\/\/luggagehero.com\/de\/rom\/roma-termini\/#primaryimage\"},\"thumbnailUrl\":\"https:\/\/luggagehero.com\/wp-content\/uploads\/2021\/11\/romet.jpg\",\"datePublished\":\"2019-11-06T07:54:01+00:00\",\"dateModified\":\"2023-09-05T07:32:27+00:00\",\"breadcrumb\":{\"@id\":\"https:\/\/luggagehero.com\/de\/rom\/roma-termini\/#breadcrumb\"},\"inLanguage\":\"de-DE\",\"potentialAction\":[{\"@type\":\"ReadAction\",\"target\":[\"https:\/\/luggagehero.com\/de\/rom\/roma-termini\/\"]}]},{\"@type\":\"ImageObject\",\"inLanguage\":\"de-DE\",\"@id\":\"https:\/\/luggagehero.com\/de\/rom\/roma-termini\/#primaryimage\",\"url\":\"https:\/\/luggagehero.com\/wp-content\/uploads\/2021\/11\/romet.jpg\",\"contentUrl\":\"https:\/\/luggagehero.com\/wp-content\/uploads\/2021\/11\/romet.jpg\",\"width\":686,\"height\":386},{\"@type\":\"BreadcrumbList\",\"@id\":\"https:\/\/luggagehero.com\/de\/rom\/roma-termini\/#breadcrumb\",\"itemListElement\":[{\"@type\":\"ListItem\",\"position\":1,\"name\":\"Home\",\"item\":\"https:\/\/luggagehero.com\/de\/\"},{\"@type\":\"ListItem\",\"position\":2,\"name\":\"Rom\",\"item\":\"https:\/\/luggagehero.com\/de\/rom\/\"},{\"@type\":\"ListItem\",\"position\":3,\"name\":\"Roma Termini\"}]},{\"@type\":\"WebSite\",\"@id\":\"https:\/\/luggagehero.com\/de\/#website\",\"url\":\"https:\/\/luggagehero.com\/de\/\",\"name\":\"LuggageHero\",\"description\":\"Free yourself from luggage\",\"publisher\":{\"@id\":\"https:\/\/luggagehero.com\/de\/#organization\"},\"potentialAction\":[{\"@type\":\"SearchAction\",\"target\":{\"@type\":\"EntryPoint\",\"urlTemplate\":\"https:\/\/luggagehero.com\/de\/?s={search_term_string}\"},\"query-input\":{\"@type\":\"PropertyValueSpecification\",\"valueRequired\":true,\"valueName\":\"search_term_string\"}}],\"inLanguage\":\"de-DE\"},{\"@type\":\"Organization\",\"@id\":\"https:\/\/luggagehero.com\/de\/#organization\",\"name\":\"LuggageHero\",\"url\":\"https:\/\/luggagehero.com\/de\/\",\"logo\":{\"@type\":\"ImageObject\",\"inLanguage\":\"de-DE\",\"@id\":\"https:\/\/luggagehero.com\/de\/#\/schema\/logo\/image\/\",\"url\":\"https:\/\/luggagehero.com\/wp-content\/uploads\/2017\/04\/luggagehero_LOGO-RGB_kort_POS_200x200.png\",\"contentUrl\":\"https:\/\/luggagehero.com\/wp-content\/uploads\/2017\/04\/luggagehero_LOGO-RGB_kort_POS_200x200.png\",\"width\":200,\"height\":200,\"caption\":\"LuggageHero\"},\"image\":{\"@id\":\"https:\/\/luggagehero.com\/de\/#\/schema\/logo\/image\/\"},\"sameAs\":[\"https:\/\/www.facebook.com\/luggagehero\",\"https:\/\/x.com\/luggagehero\",\"https:\/\/www.instagram.com\/luggagehero\",\"https:\/\/www.linkedin.com\/company\/luggagehero\/\"]}]}<\/script>\n<!-- \/ Yoast SEO Premium plugin. -->","yoast_head_json":{"title":"Roma Termini - LuggageHero","robots":{"index":"index","follow":"follow","max-snippet":"max-snippet:-1","max-image-preview":"max-image-preview:large","max-video-preview":"max-video-preview:-1"},"canonical":"https:\/\/luggagehero.com\/de\/rom\/roma-termini\/","og_locale":"de_DE","og_type":"article","og_title":"Roma Termini","og_description":"Suchen Sie eine Gep\u00e4ckaufbewahrung in der N\u00e4he des Bahnhofs Roma Termini?Sie k\u00f6nnen Ihr Gep\u00e4ck an einem unserer Gep\u00e4ckaufbewahrungsorte gleich um die Ecke des Bahnhofs Roma Termini aufbewahren und Rom unbeschwert entdecken. Bei den Gep\u00e4ckaufbewahrungsstandorten von LuggageHero handelt es sich um zertifizierte Hotels, Caf\u00e9s und Shops.Wenn Sie im Voraus buchen, ist Ihnen ein Platz f\u00fcr Ihr [&hellip;]","og_url":"https:\/\/luggagehero.com\/de\/rom\/roma-termini\/","og_site_name":"LuggageHero","article_publisher":"https:\/\/www.facebook.com\/luggagehero","article_modified_time":"2023-09-05T07:32:27+00:00","og_image":[{"width":686,"height":386,"url":"https:\/\/luggagehero.com\/wp-content\/uploads\/2021\/11\/romet.jpg","type":"image\/jpeg"}],"twitter_card":"summary_large_image","twitter_site":"@luggagehero","twitter_misc":{"Est. reading time":"2 minutes"},"schema":{"@context":"https:\/\/schema.org","@graph":[{"@type":"WebPage","@id":"https:\/\/luggagehero.com\/de\/rom\/roma-termini\/","url":"https:\/\/luggagehero.com\/de\/rom\/roma-termini\/","name":"Roma Termini - LuggageHero","isPartOf":{"@id":"https:\/\/luggagehero.com\/de\/#website"},"primaryImageOfPage":{"@id":"https:\/\/luggagehero.com\/de\/rom\/roma-termini\/#primaryimage"},"image":{"@id":"https:\/\/luggagehero.com\/de\/rom\/roma-termini\/#primaryimage"},"thumbnailUrl":"https:\/\/luggagehero.com\/wp-content\/uploads\/2021\/11\/romet.jpg","datePublished":"2019-11-06T07:54:01+00:00","dateModified":"2023-09-05T07:32:27+00:00","breadcrumb":{"@id":"https:\/\/luggagehero.com\/de\/rom\/roma-termini\/#breadcrumb"},"inLanguage":"de-DE","potentialAction":[{"@type":"ReadAction","target":["https:\/\/luggagehero.com\/de\/rom\/roma-termini\/"]}]},{"@type":"ImageObject","inLanguage":"de-DE","@id":"https:\/\/luggagehero.com\/de\/rom\/roma-termini\/#primaryimage","url":"https:\/\/luggagehero.com\/wp-content\/uploads\/2021\/11\/romet.jpg","contentUrl":"https:\/\/luggagehero.com\/wp-content\/uploads\/2021\/11\/romet.jpg","width":686,"height":386},{"@type":"BreadcrumbList","@id":"https:\/\/luggagehero.com\/de\/rom\/roma-termini\/#breadcrumb","itemListElement":[{"@type":"ListItem","position":1,"name":"Home","item":"https:\/\/luggagehero.com\/de\/"},{"@type":"ListItem","position":2,"name":"Rom","item":"https:\/\/luggagehero.com\/de\/rom\/"},{"@type":"ListItem","position":3,"name":"Roma Termini"}]},{"@type":"WebSite","@id":"https:\/\/luggagehero.com\/de\/#website","url":"https:\/\/luggagehero.com\/de\/","name":"LuggageHero","description":"Free yourself from luggage","publisher":{"@id":"https:\/\/luggagehero.com\/de\/#organization"},"potentialAction":[{"@type":"SearchAction","target":{"@type":"EntryPoint","urlTemplate":"https:\/\/luggagehero.com\/de\/?s={search_term_string}"},"query-input":{"@type":"PropertyValueSpecification","valueRequired":true,"valueName":"search_term_string"}}],"inLanguage":"de-DE"},{"@type":"Organization","@id":"https:\/\/luggagehero.com\/de\/#organization","name":"LuggageHero","url":"https:\/\/luggagehero.com\/de\/","logo":{"@type":"ImageObject","inLanguage":"de-DE","@id":"https:\/\/luggagehero.com\/de\/#\/schema\/logo\/image\/","url":"https:\/\/luggagehero.com\/wp-content\/uploads\/2017\/04\/luggagehero_LOGO-RGB_kort_POS_200x200.png","contentUrl":"https:\/\/luggagehero.com\/wp-content\/uploads\/2017\/04\/luggagehero_LOGO-RGB_kort_POS_200x200.png","width":200,"height":200,"caption":"LuggageHero"},"image":{"@id":"https:\/\/luggagehero.com\/de\/#\/schema\/logo\/image\/"},"sameAs":["https:\/\/www.facebook.com\/luggagehero","https:\/\/x.com\/luggagehero","https:\/\/www.instagram.com\/luggagehero","https:\/\/www.linkedin.com\/company\/luggagehero\/"]}]}},"place_id":"","place_latitude_longitude":"41.9011,12.5012","place_name":"Roma Termini","criteria_title":"","criteria_description":"","meta_title":"","meta_description":"","children_criteria_title":"","children_criteria_description":"","children_meta_title":"","children_meta_description":"","_edit_last":"46","use_global_content":"","poi_type":"PublicTransit","content_raw":"<span style=\"font-weight: 400;\">Suchen Sie eine Gep\u00e4ckaufbewahrung in der N\u00e4he des Bahnhofs Roma Termini?Sie k\u00f6nnen Ihr Gep\u00e4ck an einem unserer Gep\u00e4ckaufbewahrungsorte gleich um die Ecke des Bahnhofs Roma Termini aufbewahren und <a href=\"https:\/\/luggagehero.com\/rome\/\">Rom<\/a> unbeschwert entdecken.<\/span>\r\n\r\n<span style=\"font-weight: 400;\">Bei den Gep\u00e4ckaufbewahrungsstandorten von LuggageHero handelt es sich um <\/span><a href=\"https:\/\/luggagehero.com\/about\/certified-shops\/\"><span style=\"font-weight: 400;\">zertifizierte<\/span><\/a> <span style=\"font-weight: 400;\">Hotels, Caf\u00e9s und Shops.Wenn Sie im Voraus buchen, ist Ihnen ein Platz f\u00fcr Ihr Gep\u00e4ck garantiert.Die Adresse und die Wegbeschreibung sind zum Zeitpunkt der Buchung verf\u00fcgbar und werden Ihnen per E-Mail zugesandt.Alle Gep\u00e4ckst\u00fccke werden mit unserem <\/span><a href=\"https:\/\/luggagehero.com\/about\/security-seal\/\"><span style=\"font-weight: 400;\">Sicherheitssiegel<\/span><\/a><span style=\"font-weight: 400;\">\u00a0versehen, mit dem jedes Gep\u00e4ckst\u00fcck bis zu [pricing insurancecoverage] versichert ist, sobald Sie Ihr Gep\u00e4ck abgegeben und den Gep\u00e4ckaufbewahrungs-Timer auf Ihrer Buchungsseite gestartet haben.<\/span>.\r\n\r\n<img class=\"aligncenter wp-image-6348 size-large\" src=\"https:\/\/luggagehero.com\/wp-content\/uploads\/2019\/04\/shutterstock_1098160079-800x534.jpg\" alt=\"\" width=\"800\" height=\"534\" \/>\r\n<h2 style=\"text-align: center;\">Roma Termini<\/h2>\r\nRoma Termini ist mehr als nur ein Bahnhof. Sie finden hier nicht nur viele Einkaufs- und Essensm\u00f6glichkeiten, sondern auch auch verschiedene Dienstleistungen wie Autovermietung, Geldwechsel, Toiletten, Post und Reiseb\u00fcros.\r\n\r\nRoma Termini ist der gr\u00f6\u00dfte Bahnhof in Rom und einer der gr\u00f6\u00dften Bahnh\u00f6fe Europas. Der Bahnhof verf\u00fcgt \u00fcber 29 Bahnsteige und t\u00e4gliche Verbindungen zu St\u00e4dten in ganz Italien sowie in ganz Europa. Am dem Bahnhof k\u00f6nnen Sie die roten und blauen Linien nehmen, mit denen Sie den gr\u00f6\u00dften Teil Roms erreichen. Von Roms gr\u00f6\u00dftem Flughafen Fiumicino und seinem kleineren Konkurrenten Ciampino aus gelangen Sie zum Hauptbahnhof Termini.","_links":{"self":[{"href":"https:\/\/luggagehero.com\/de\/wp-json\/wp\/v2\/pages\/11573","targetHints":{"allow":["GET"]}}],"collection":[{"href":"https:\/\/luggagehero.com\/de\/wp-json\/wp\/v2\/pages"}],"about":[{"href":"https:\/\/luggagehero.com\/de\/wp-json\/wp\/v2\/types\/page"}],"author":[{"embeddable":true,"href":"https:\/\/luggagehero.com\/de\/wp-json\/wp\/v2\/users\/9"}],"replies":[{"embeddable":true,"href":"https:\/\/luggagehero.com\/de\/wp-json\/wp\/v2\/comments?post=11573"}],"version-history":[{"count":0,"href":"https:\/\/luggagehero.com\/de\/wp-json\/wp\/v2\/pages\/11573\/revisions"}],"up":[{"embeddable":true,"href":"https:\/\/luggagehero.com\/de\/wp-json\/wp\/v2\/pages\/11572"}],"wp:featuredmedia":[{"embeddable":true,"href":"https:\/\/luggagehero.com\/de\/wp-json\/wp\/v2\/media\/40903"}],"wp:attachment":[{"href":"https:\/\/luggagehero.com\/de\/wp-json\/wp\/v2\/media?parent=11573"}],"curies":[{"name":"wp","href":"https:\/\/api.w.org\/{rel}","templated":true}]}}