{"id":11577,"date":"2019-11-06T07:54:04","date_gmt":"2019-11-06T07:54:04","guid":{"rendered":"https:\/\/luggagehero.com\/paris\/gare-du-nord\/"},"modified":"2023-08-22T12:12:27","modified_gmt":"2023-08-22T12:12:27","slug":"gare-du-nord","status":"publish","type":"page","link":"https:\/\/luggagehero.com\/de\/paris\/gare-du-nord\/","title":{"rendered":"Gare du Nord"},"content":{"rendered":"<p>Suchen Sie eine Gep\u00e4ckaufbewahrung in der N\u00e4he des Gare du Nord? Sie k\u00f6nnen Ihr Gep\u00e4ck an einem unserer Gep\u00e4ckaufbewahrungsorte gleich um die Ecke des Bahnhofs aufbewahren und <a href=\"https:\/\/luggagehero.com\/paris\/\">Paris<\/a> unbeschwert entdecken.<\/p>\n<p>Bei den Gep\u00e4ckaufbewahrungsstandorten von LuggageHero handelt es sich um <a href=\"https:\/\/luggagehero.com\/about\/certified-shops\/\">zertifizierte<\/a> Hotels, Caf\u00e9s und Shops. Wenn Sie im Voraus buchen, ist Ihnen ein Platz f\u00fcr Ihr Gep\u00e4ck garantiert. Die Adresse und die Wegbeschreibung sind zum Zeitpunkt der Buchung verf\u00fcgbar und werden Ihnen per E-Mail zugesandt. Alle Gep\u00e4ckst\u00fccke werden mit unserem <a href=\"https:\/\/luggagehero.com\/about\/security-seal\/\">Sicherheitssiegel<\/a>\u00a0versehen, mit dem jedes Gep\u00e4ckst\u00fcck bis zu <pricing-component type=\"insurancecoverage\"><\/pricing-component> versichert ist, sobald Sie Ihr Gep\u00e4ck abgegeben und den Gep\u00e4ckaufbewahrungs-Timer auf Ihrer Buchungsseite gestartet haben.<\/p>\n<p><img loading=\"lazy\" decoding=\"async\" class=\"aligncenter size-large wp-image-7253\" src=\"https:\/\/luggagehero.com\/wp-content\/uploads\/2019\/05\/shutterstock_117887842-800x534.jpg\" alt=\"Lagern Sie Ihr Gep\u00e4ck in der N\u00e4he des Gare du Nord\" width=\"800\" height=\"534\" srcset=\"https:\/\/luggagehero.com\/wp-content\/uploads\/2019\/05\/shutterstock_117887842-800x534.jpg 800w, https:\/\/luggagehero.com\/wp-content\/uploads\/2019\/05\/shutterstock_117887842-300x200.jpg 300w, https:\/\/luggagehero.com\/wp-content\/uploads\/2019\/05\/shutterstock_117887842-600x400.jpg 600w, https:\/\/luggagehero.com\/wp-content\/uploads\/2019\/05\/shutterstock_117887842.jpg 1000w\" sizes=\"auto, (max-width: 800px) 100vw, 800px\" \/><\/p>\n<h2 style=\"text-align: center;\">Gare du Nord<\/h2>\n<p>Der Bahnhof Gare du Nord, der auch als Paris-Nord bekannt ist, ist einer der sechs gro\u00dfen Endstationen des SNCF-Fernverkehrsnetzes f\u00fcr Paris mit Zugverbindungen in die Regionen n\u00f6rdlich von Paris. Es ist der gr\u00f6\u00dfte Bahnhof in Paris und wurde 1846 er\u00f6ffnet. Das Geb\u00e4ude selbst wurde 1861 vom Architekten Jacques Hittorf entworfen und besitzt eine majest\u00e4tische Fassade mit 23 Statuen ber\u00fchmter Bildhauer.<\/p>\n<p>Der Gare du Nord wird sowohl von U-Bahn- und RER-Linien als auch von einer Reihe von Buslinien angefahren. Die Z\u00fcge von Paris-Gare du Nord zum Flughafen Charles de Gaulle verkehren t\u00e4glich im Abstand von 6 bis 15 Minuten. Die durchschnittliche Reisezeit zwischen Paris-Gare du Nord und CDG betr\u00e4gt 35 Minuten.<\/p>\n<p>Weitere Ziele in Frankreich und Europa k\u00f6nnen mit dem Zug vom Gare du Nord aus erreicht werden, wie zum Beispiel:<\/p>\n<ul>\n<li><a href=\"https:\/\/luggagehero.com\/brussels\/\">Br\u00fcssel<\/a><\/li>\n<li><a href=\"https:\/\/luggagehero.com\/amsterdam\/\">Amsterdam<\/a><\/li>\n<li><a href=\"https:\/\/luggagehero.com\/london\/\">London<\/a><\/li>\n<\/ul>\n<p>Das Eurostar-Terminal f\u00fcr Fahrten nach London befindet sich im ersten Stock \u00fcber Gleis 3.<\/p>\n","protected":false},"excerpt":{"rendered":"<p>Suchen Sie eine Gep\u00e4ckaufbewahrung in der N\u00e4he des Gare du Nord? Sie k\u00f6nnen Ihr Gep\u00e4ck an einem unserer Gep\u00e4ckaufbewahrungsorte gleich um die Ecke des Bahnhofs aufbewahren und Paris unbeschwert entdecken. Bei den Gep\u00e4ckaufbewahrungsstandorten von LuggageHero handelt es sich um zertifizierte Hotels, Caf\u00e9s und Shops. Wenn Sie im Voraus buchen, ist Ihnen ein Platz f\u00fcr Ihr [&hellip;]<\/p>\n","protected":false},"author":9,"featured_media":37174,"parent":11512,"menu_order":0,"comment_status":"closed","ping_status":"closed","template":"template-location.php","meta":{"_acf_changed":false,"footnotes":""},"class_list":["post-11577","page","type-page","status-publish","has-post-thumbnail","hentry"],"acf":[],"yoast_head":"<!-- This site is optimized with the Yoast SEO Premium plugin v27.0 (Yoast SEO v27.0) - https:\/\/yoast.com\/product\/yoast-seo-premium-wordpress\/ -->\n<title>Gare du Nord - LuggageHero<\/title>\n<meta name=\"robots\" content=\"index, follow, max-snippet:-1, max-image-preview:large, max-video-preview:-1\" \/>\n<link rel=\"canonical\" href=\"https:\/\/luggagehero.com\/de\/paris\/gare-du-nord\/\" \/>\n<meta property=\"og:locale\" content=\"de_DE\" \/>\n<meta property=\"og:type\" content=\"article\" \/>\n<meta property=\"og:title\" content=\"Gare du Nord\" \/>\n<meta property=\"og:description\" content=\"Suchen Sie eine Gep\u00e4ckaufbewahrung in der N\u00e4he des Gare du Nord? Sie k\u00f6nnen Ihr Gep\u00e4ck an einem unserer Gep\u00e4ckaufbewahrungsorte gleich um die Ecke des Bahnhofs aufbewahren und Paris unbeschwert entdecken. Bei den Gep\u00e4ckaufbewahrungsstandorten von LuggageHero handelt es sich um zertifizierte Hotels, Caf\u00e9s und Shops. Wenn Sie im Voraus buchen, ist Ihnen ein Platz f\u00fcr Ihr [&hellip;]\" \/>\n<meta property=\"og:url\" content=\"https:\/\/luggagehero.com\/de\/paris\/gare-du-nord\/\" \/>\n<meta property=\"og:site_name\" content=\"LuggageHero\" \/>\n<meta property=\"article:publisher\" content=\"https:\/\/www.facebook.com\/luggagehero\" \/>\n<meta property=\"article:modified_time\" content=\"2023-08-22T12:12:27+00:00\" \/>\n<meta property=\"og:image\" content=\"https:\/\/luggagehero.com\/wp-content\/uploads\/2021\/07\/Skaermbillede-2021-07-02-kl.-14.51.08.png\" \/>\n\t<meta property=\"og:image:width\" content=\"1508\" \/>\n\t<meta property=\"og:image:height\" content=\"524\" \/>\n\t<meta property=\"og:image:type\" content=\"image\/png\" \/>\n<meta name=\"twitter:card\" content=\"summary_large_image\" \/>\n<meta name=\"twitter:site\" content=\"@luggagehero\" \/>\n<meta name=\"twitter:label1\" content=\"Est. reading time\" \/>\n\t<meta name=\"twitter:data1\" content=\"2 minutes\" \/>\n<script type=\"application\/ld+json\" class=\"yoast-schema-graph\">{\"@context\":\"https:\/\/schema.org\",\"@graph\":[{\"@type\":\"WebPage\",\"@id\":\"https:\/\/luggagehero.com\/de\/paris\/gare-du-nord\/\",\"url\":\"https:\/\/luggagehero.com\/de\/paris\/gare-du-nord\/\",\"name\":\"Gare du Nord - LuggageHero\",\"isPartOf\":{\"@id\":\"https:\/\/luggagehero.com\/de\/#website\"},\"primaryImageOfPage\":{\"@id\":\"https:\/\/luggagehero.com\/de\/paris\/gare-du-nord\/#primaryimage\"},\"image\":{\"@id\":\"https:\/\/luggagehero.com\/de\/paris\/gare-du-nord\/#primaryimage\"},\"thumbnailUrl\":\"https:\/\/luggagehero.com\/wp-content\/uploads\/2021\/07\/Skaermbillede-2021-07-02-kl.-14.51.08.png\",\"datePublished\":\"2019-11-06T07:54:04+00:00\",\"dateModified\":\"2023-08-22T12:12:27+00:00\",\"breadcrumb\":{\"@id\":\"https:\/\/luggagehero.com\/de\/paris\/gare-du-nord\/#breadcrumb\"},\"inLanguage\":\"de-DE\",\"potentialAction\":[{\"@type\":\"ReadAction\",\"target\":[\"https:\/\/luggagehero.com\/de\/paris\/gare-du-nord\/\"]}]},{\"@type\":\"ImageObject\",\"inLanguage\":\"de-DE\",\"@id\":\"https:\/\/luggagehero.com\/de\/paris\/gare-du-nord\/#primaryimage\",\"url\":\"https:\/\/luggagehero.com\/wp-content\/uploads\/2021\/07\/Skaermbillede-2021-07-02-kl.-14.51.08.png\",\"contentUrl\":\"https:\/\/luggagehero.com\/wp-content\/uploads\/2021\/07\/Skaermbillede-2021-07-02-kl.-14.51.08.png\",\"width\":1508,\"height\":524,\"caption\":\"Gare de Nord Paris\"},{\"@type\":\"BreadcrumbList\",\"@id\":\"https:\/\/luggagehero.com\/de\/paris\/gare-du-nord\/#breadcrumb\",\"itemListElement\":[{\"@type\":\"ListItem\",\"position\":1,\"name\":\"Home\",\"item\":\"https:\/\/luggagehero.com\/de\/\"},{\"@type\":\"ListItem\",\"position\":2,\"name\":\"Paris\",\"item\":\"https:\/\/luggagehero.com\/de\/paris\/\"},{\"@type\":\"ListItem\",\"position\":3,\"name\":\"Gare du Nord\"}]},{\"@type\":\"WebSite\",\"@id\":\"https:\/\/luggagehero.com\/de\/#website\",\"url\":\"https:\/\/luggagehero.com\/de\/\",\"name\":\"LuggageHero\",\"description\":\"Free yourself from luggage\",\"publisher\":{\"@id\":\"https:\/\/luggagehero.com\/de\/#organization\"},\"potentialAction\":[{\"@type\":\"SearchAction\",\"target\":{\"@type\":\"EntryPoint\",\"urlTemplate\":\"https:\/\/luggagehero.com\/de\/?s={search_term_string}\"},\"query-input\":{\"@type\":\"PropertyValueSpecification\",\"valueRequired\":true,\"valueName\":\"search_term_string\"}}],\"inLanguage\":\"de-DE\"},{\"@type\":\"Organization\",\"@id\":\"https:\/\/luggagehero.com\/de\/#organization\",\"name\":\"LuggageHero\",\"url\":\"https:\/\/luggagehero.com\/de\/\",\"logo\":{\"@type\":\"ImageObject\",\"inLanguage\":\"de-DE\",\"@id\":\"https:\/\/luggagehero.com\/de\/#\/schema\/logo\/image\/\",\"url\":\"https:\/\/luggagehero.com\/wp-content\/uploads\/2017\/04\/luggagehero_LOGO-RGB_kort_POS_200x200.png\",\"contentUrl\":\"https:\/\/luggagehero.com\/wp-content\/uploads\/2017\/04\/luggagehero_LOGO-RGB_kort_POS_200x200.png\",\"width\":200,\"height\":200,\"caption\":\"LuggageHero\"},\"image\":{\"@id\":\"https:\/\/luggagehero.com\/de\/#\/schema\/logo\/image\/\"},\"sameAs\":[\"https:\/\/www.facebook.com\/luggagehero\",\"https:\/\/x.com\/luggagehero\",\"https:\/\/www.instagram.com\/luggagehero\",\"https:\/\/www.linkedin.com\/company\/luggagehero\/\"]}]}<\/script>\n<!-- \/ Yoast SEO Premium plugin. -->","yoast_head_json":{"title":"Gare du Nord - LuggageHero","robots":{"index":"index","follow":"follow","max-snippet":"max-snippet:-1","max-image-preview":"max-image-preview:large","max-video-preview":"max-video-preview:-1"},"canonical":"https:\/\/luggagehero.com\/de\/paris\/gare-du-nord\/","og_locale":"de_DE","og_type":"article","og_title":"Gare du Nord","og_description":"Suchen Sie eine Gep\u00e4ckaufbewahrung in der N\u00e4he des Gare du Nord? Sie k\u00f6nnen Ihr Gep\u00e4ck an einem unserer Gep\u00e4ckaufbewahrungsorte gleich um die Ecke des Bahnhofs aufbewahren und Paris unbeschwert entdecken. Bei den Gep\u00e4ckaufbewahrungsstandorten von LuggageHero handelt es sich um zertifizierte Hotels, Caf\u00e9s und Shops. Wenn Sie im Voraus buchen, ist Ihnen ein Platz f\u00fcr Ihr [&hellip;]","og_url":"https:\/\/luggagehero.com\/de\/paris\/gare-du-nord\/","og_site_name":"LuggageHero","article_publisher":"https:\/\/www.facebook.com\/luggagehero","article_modified_time":"2023-08-22T12:12:27+00:00","og_image":[{"width":1508,"height":524,"url":"https:\/\/luggagehero.com\/wp-content\/uploads\/2021\/07\/Skaermbillede-2021-07-02-kl.-14.51.08.png","type":"image\/png"}],"twitter_card":"summary_large_image","twitter_site":"@luggagehero","twitter_misc":{"Est. reading time":"2 minutes"},"schema":{"@context":"https:\/\/schema.org","@graph":[{"@type":"WebPage","@id":"https:\/\/luggagehero.com\/de\/paris\/gare-du-nord\/","url":"https:\/\/luggagehero.com\/de\/paris\/gare-du-nord\/","name":"Gare du Nord - LuggageHero","isPartOf":{"@id":"https:\/\/luggagehero.com\/de\/#website"},"primaryImageOfPage":{"@id":"https:\/\/luggagehero.com\/de\/paris\/gare-du-nord\/#primaryimage"},"image":{"@id":"https:\/\/luggagehero.com\/de\/paris\/gare-du-nord\/#primaryimage"},"thumbnailUrl":"https:\/\/luggagehero.com\/wp-content\/uploads\/2021\/07\/Skaermbillede-2021-07-02-kl.-14.51.08.png","datePublished":"2019-11-06T07:54:04+00:00","dateModified":"2023-08-22T12:12:27+00:00","breadcrumb":{"@id":"https:\/\/luggagehero.com\/de\/paris\/gare-du-nord\/#breadcrumb"},"inLanguage":"de-DE","potentialAction":[{"@type":"ReadAction","target":["https:\/\/luggagehero.com\/de\/paris\/gare-du-nord\/"]}]},{"@type":"ImageObject","inLanguage":"de-DE","@id":"https:\/\/luggagehero.com\/de\/paris\/gare-du-nord\/#primaryimage","url":"https:\/\/luggagehero.com\/wp-content\/uploads\/2021\/07\/Skaermbillede-2021-07-02-kl.-14.51.08.png","contentUrl":"https:\/\/luggagehero.com\/wp-content\/uploads\/2021\/07\/Skaermbillede-2021-07-02-kl.-14.51.08.png","width":1508,"height":524,"caption":"Gare de Nord Paris"},{"@type":"BreadcrumbList","@id":"https:\/\/luggagehero.com\/de\/paris\/gare-du-nord\/#breadcrumb","itemListElement":[{"@type":"ListItem","position":1,"name":"Home","item":"https:\/\/luggagehero.com\/de\/"},{"@type":"ListItem","position":2,"name":"Paris","item":"https:\/\/luggagehero.com\/de\/paris\/"},{"@type":"ListItem","position":3,"name":"Gare du Nord"}]},{"@type":"WebSite","@id":"https:\/\/luggagehero.com\/de\/#website","url":"https:\/\/luggagehero.com\/de\/","name":"LuggageHero","description":"Free yourself from luggage","publisher":{"@id":"https:\/\/luggagehero.com\/de\/#organization"},"potentialAction":[{"@type":"SearchAction","target":{"@type":"EntryPoint","urlTemplate":"https:\/\/luggagehero.com\/de\/?s={search_term_string}"},"query-input":{"@type":"PropertyValueSpecification","valueRequired":true,"valueName":"search_term_string"}}],"inLanguage":"de-DE"},{"@type":"Organization","@id":"https:\/\/luggagehero.com\/de\/#organization","name":"LuggageHero","url":"https:\/\/luggagehero.com\/de\/","logo":{"@type":"ImageObject","inLanguage":"de-DE","@id":"https:\/\/luggagehero.com\/de\/#\/schema\/logo\/image\/","url":"https:\/\/luggagehero.com\/wp-content\/uploads\/2017\/04\/luggagehero_LOGO-RGB_kort_POS_200x200.png","contentUrl":"https:\/\/luggagehero.com\/wp-content\/uploads\/2017\/04\/luggagehero_LOGO-RGB_kort_POS_200x200.png","width":200,"height":200,"caption":"LuggageHero"},"image":{"@id":"https:\/\/luggagehero.com\/de\/#\/schema\/logo\/image\/"},"sameAs":["https:\/\/www.facebook.com\/luggagehero","https:\/\/x.com\/luggagehero","https:\/\/www.instagram.com\/luggagehero","https:\/\/www.linkedin.com\/company\/luggagehero\/"]}]}},"place_id":"","place_latitude_longitude":"48.880112, 2.354851","place_name":"Gare du Nord","criteria_title":"","criteria_description":"","meta_title":"","meta_description":"","children_criteria_title":"","children_criteria_description":"","children_meta_title":"","children_meta_description":"","_edit_last":"46","use_global_content":"","poi_type":"PublicTransit","content_raw":"Suchen Sie eine Gep\u00e4ckaufbewahrung in der N\u00e4he des Gare du Nord? Sie k\u00f6nnen Ihr Gep\u00e4ck an einem unserer Gep\u00e4ckaufbewahrungsorte gleich um die Ecke des Bahnhofs aufbewahren und <a href=\"https:\/\/luggagehero.com\/paris\/\">Paris<\/a> unbeschwert entdecken.\r\n\r\nBei den Gep\u00e4ckaufbewahrungsstandorten von LuggageHero handelt es sich um <a href=\"https:\/\/luggagehero.com\/about\/certified-shops\/\">zertifizierte<\/a> Hotels, Caf\u00e9s und Shops. Wenn Sie im Voraus buchen, ist Ihnen ein Platz f\u00fcr Ihr Gep\u00e4ck garantiert. Die Adresse und die Wegbeschreibung sind zum Zeitpunkt der Buchung verf\u00fcgbar und werden Ihnen per E-Mail zugesandt. Alle Gep\u00e4ckst\u00fccke werden mit unserem <a href=\"https:\/\/luggagehero.com\/about\/security-seal\/\">Sicherheitssiegel<\/a>\u00a0versehen, mit dem jedes Gep\u00e4ckst\u00fcck bis zu [pricing insurancecoverage] versichert ist, sobald Sie Ihr Gep\u00e4ck abgegeben und den Gep\u00e4ckaufbewahrungs-Timer auf Ihrer Buchungsseite gestartet haben.\r\n\r\n<img class=\"aligncenter size-large wp-image-7253\" src=\"https:\/\/luggagehero.com\/wp-content\/uploads\/2019\/05\/shutterstock_117887842-800x534.jpg\" alt=\"Lagern Sie Ihr Gep\u00e4ck in der N\u00e4he des Gare du Nord\" width=\"800\" height=\"534\" \/>\r\n<h2 style=\"text-align: center;\">Gare du Nord<\/h2>\r\nDer Bahnhof Gare du Nord, der auch als Paris-Nord bekannt ist, ist einer der sechs gro\u00dfen Endstationen des SNCF-Fernverkehrsnetzes f\u00fcr Paris mit Zugverbindungen in die Regionen n\u00f6rdlich von Paris. Es ist der gr\u00f6\u00dfte Bahnhof in Paris und wurde 1846 er\u00f6ffnet. Das Geb\u00e4ude selbst wurde 1861 vom Architekten Jacques Hittorf entworfen und besitzt eine majest\u00e4tische Fassade mit 23 Statuen ber\u00fchmter Bildhauer.\r\n\r\nDer Gare du Nord wird sowohl von U-Bahn- und RER-Linien als auch von einer Reihe von Buslinien angefahren. Die Z\u00fcge von Paris-Gare du Nord zum Flughafen Charles de Gaulle verkehren t\u00e4glich im Abstand von 6 bis 15 Minuten. Die durchschnittliche Reisezeit zwischen Paris-Gare du Nord und CDG betr\u00e4gt 35 Minuten.\r\n\r\nWeitere Ziele in Frankreich und Europa k\u00f6nnen mit dem Zug vom Gare du Nord aus erreicht werden, wie zum Beispiel:\r\n<ul>\r\n \t<li><a href=\"https:\/\/luggagehero.com\/brussels\/\">Br\u00fcssel<\/a><\/li>\r\n \t<li><a href=\"https:\/\/luggagehero.com\/amsterdam\/\">Amsterdam<\/a><\/li>\r\n \t<li><a href=\"https:\/\/luggagehero.com\/london\/\">London<\/a><\/li>\r\n<\/ul>\r\nDas Eurostar-Terminal f\u00fcr Fahrten nach London befindet sich im ersten Stock \u00fcber Gleis 3.","_links":{"self":[{"href":"https:\/\/luggagehero.com\/de\/wp-json\/wp\/v2\/pages\/11577","targetHints":{"allow":["GET"]}}],"collection":[{"href":"https:\/\/luggagehero.com\/de\/wp-json\/wp\/v2\/pages"}],"about":[{"href":"https:\/\/luggagehero.com\/de\/wp-json\/wp\/v2\/types\/page"}],"author":[{"embeddable":true,"href":"https:\/\/luggagehero.com\/de\/wp-json\/wp\/v2\/users\/9"}],"replies":[{"embeddable":true,"href":"https:\/\/luggagehero.com\/de\/wp-json\/wp\/v2\/comments?post=11577"}],"version-history":[{"count":0,"href":"https:\/\/luggagehero.com\/de\/wp-json\/wp\/v2\/pages\/11577\/revisions"}],"up":[{"embeddable":true,"href":"https:\/\/luggagehero.com\/de\/wp-json\/wp\/v2\/pages\/11512"}],"wp:featuredmedia":[{"embeddable":true,"href":"https:\/\/luggagehero.com\/de\/wp-json\/wp\/v2\/media\/37174"}],"wp:attachment":[{"href":"https:\/\/luggagehero.com\/de\/wp-json\/wp\/v2\/media?parent=11577"}],"curies":[{"name":"wp","href":"https:\/\/api.w.org\/{rel}","templated":true}]}}