{"id":11578,"date":"2019-11-06T07:54:04","date_gmt":"2019-11-06T07:54:04","guid":{"rendered":"https:\/\/luggagehero.com\/miami\/"},"modified":"2023-08-22T11:31:29","modified_gmt":"2023-08-22T11:31:29","slug":"miami","status":"publish","type":"page","link":"https:\/\/luggagehero.com\/de\/miami\/","title":{"rendered":"Miami"},"content":{"rendered":"<p>Die l\u00e4stige Suche nach Schlie\u00dff\u00e4chern zur Gep\u00e4ckaufbewahrung ist vorbei! Wenn Sie das n\u00e4chste Mal in Miami sind, denken Sie daran, dass LuggageHero die passende L\u00f6sung bietet!<\/p>\n<p>Dank unseres Netzwerks aus \u00fcber <strong>25<em> lokalen Shops<\/em><\/strong> (Caf\u00e9s, Souveniershops, Restaurants, Bike Shops etc.), die sich in der N\u00e4he wichtiger Verkehrsknotenpunkte befinden, haben Reisende die M\u00f6glichkeit, ihr Gep\u00e4ck zu lagern. Diese Shops befinden sich unter anderem an den folgenden Standorten <a href=\"https:\/\/luggagehero.com\/miami\/government-center-station\/\">Government Center Station<\/a>, <a href=\"https:\/\/luggagehero.com\/miami\/downtown-miami\/\">Downtown Miami<\/a>, <a href=\"https:\/\/luggagehero.com\/miami\/american-airlines-arena\/\">American Airlines Arena<\/a>, und <a href=\"https:\/\/luggagehero.com\/miami\/miami-central\/\">Miami Central<\/a>.<\/p>\n<p>Nehmen wir an, Sie kommen einige Stunden bevor Sie in Ihrer Unterkunft einchecken k\u00f6nnen am Miami International Airport an und m\u00f6chten die Sehensw\u00fcrdigkeiten erkunden, ohne Ihr Gep\u00e4ck mitzunehmen. Vielleicht m\u00f6chten Sie <a href=\"https:\/\/luggagehero.com\/miami\/miami-beach\/\">Miami Beach<\/a>besuchen, sich ein Spiel im <a href=\"https:\/\/luggagehero.com\/miami\/hard-rock-stadium\/\">Hard Rock Stadium<\/a>ansehen, einen Tag am <a href=\"https:\/\/luggagehero.com\/miami\/north-beach\/\">North Beach<\/a>verbringen oder im <a href=\"https:\/\/luggagehero.com\/miami\/bayside-marketplace\/\">Bayside Marketplace<\/a>shoppen gehen. Was auch immer Sie vorhaben, wir sind hier, um Sie von Ihrem Gep\u00e4ck zu befreien.<\/p>\n<p>Gehen Sie einfach zur<a href=\"https:\/\/app.luggagehero.com\/home;location=Miami;lat=25,7616798;lon=-80,19179020000001\">LuggageHero Buchungsplattform<\/a>, um einen praktischen Gep\u00e4ckaufbewahrungsort in einem Gesch\u00e4ft oder an einem anderen Standort zu finden. Mit unserer Karten\u00a0finden Sie die n\u00e4chstgelegenen U-Bahn-Stationen und den passenden Ort, an dem Sie Ihr Gep\u00e4ck aufbewahren k\u00f6nnen.<\/p>\n<p style=\"text-align: center;\"><img loading=\"lazy\" decoding=\"async\" class=\"aligncenter size-medium wp-image-3373\" src=\"https:\/\/luggagehero.com\/wp-content\/uploads\/2018\/05\/lugggagehero_piktogrammer_insurance3-300x300.png\" alt=\"Ihr Gep\u00e4ck ist bei uns sicher\" width=\"300\" height=\"300\" srcset=\"https:\/\/luggagehero.com\/wp-content\/uploads\/2018\/05\/lugggagehero_piktogrammer_insurance3-300x300.png 300w, https:\/\/luggagehero.com\/wp-content\/uploads\/2018\/05\/lugggagehero_piktogrammer_insurance3-160x160.png 160w, https:\/\/luggagehero.com\/wp-content\/uploads\/2018\/05\/lugggagehero_piktogrammer_insurance3.png 400w\" sizes=\"auto, (max-width: 300px) 100vw, 300px\" \/><\/p>\n<h3>Einfach und preiswert<\/h3>\n<p>Die Gep\u00e4ckaufbewahrung war noch nie schneller, einfacher und preiswerter. Im Gegensatz zu den meisten anderen Gep\u00e4ckaufbewahrungsdiensten, bei denen Sie f\u00fcr den ganzen Tag bezahlen m\u00fcssen, berechnet LuggageHero dem Benutzer nur die in Anspruch genommenen Stunden <pricing-component type=\"hourlyrate\"><\/pricing-component>. Wenn Sie Ihr Gep\u00e4ck mehre Tage aufbewahren m\u00f6chten, bieten wir Ihnen einen g\u00fcnstigen H\u00f6chstbetrag <pricing-component type=\"dailyrate\"><\/pricing-component> pro Tag an.<\/p>\n<h3>Sicherheit<\/h3>\n<p>Im Gegensatz zu den meisten anderen Gep\u00e4ckaufbewahrungsanbietern wurden alle unsere Gesch\u00e4fte in Miami von einem LuggageHero-Mitarbeiter \u00fcberpr\u00fcft. Wir versehen jedes Gep\u00e4ckst\u00fcck mit einem Sicherheitssiegel und jedes Gep\u00e4ckst\u00fcck und sein Inhalt ist bis zu <pricing-component type=\"insurancecoverage\"><\/pricing-component> versichert. Sie werden in Miami keine anderen Gep\u00e4ckaufbewahrungsanbieter finden, die denselben Service anbieten. Unser Kunden-Online-Chat-Support ist rund um die Uhr verf\u00fcgbar.<\/p>\n<p>Wir haben es Ihnen leicht gemacht, alle Unternehmen zu vergleichen, die Gep\u00e4ckaufbewahrungsm\u00f6glichkeiten in Miami anbieten &#8211; Die Liste finden Sie <a href=\"https:\/\/luggagehero.com\/find-luggage-storage-miami\/\">hier<\/a>.<\/p>\n<p>Sind Sie bereit, Ihr Gep\u00e4ck in Miami aufzubewahren? Durchsuchen Sie <a href=\"https:\/\/app.luggagehero.com\/home;location=Miami;lat=25,7616798;lon=-80,19179020000001\">hier<\/a> die Liste, um Ihren Standort zu finden.<\/p>\n","protected":false},"excerpt":{"rendered":"<p>Die l\u00e4stige Suche nach Schlie\u00dff\u00e4chern zur Gep\u00e4ckaufbewahrung ist vorbei! Wenn Sie das n\u00e4chste Mal in Miami sind, denken Sie daran, dass LuggageHero die passende L\u00f6sung bietet! Dank unseres Netzwerks aus \u00fcber 25 lokalen Shops (Caf\u00e9s, Souveniershops, Restaurants, Bike Shops etc.), die sich in der N\u00e4he wichtiger Verkehrsknotenpunkte befinden, haben Reisende die M\u00f6glichkeit, ihr Gep\u00e4ck zu [&hellip;]<\/p>\n","protected":false},"author":9,"featured_media":35982,"parent":0,"menu_order":0,"comment_status":"closed","ping_status":"closed","template":"template-location.php","meta":{"_acf_changed":false,"footnotes":""},"class_list":["post-11578","page","type-page","status-publish","has-post-thumbnail","hentry"],"acf":[],"yoast_head":"<!-- This site is optimized with the Yoast SEO Premium plugin v27.0 (Yoast SEO v27.0) - https:\/\/yoast.com\/product\/yoast-seo-premium-wordpress\/ -->\n<title>Miami - LuggageHero<\/title>\n<meta name=\"description\" content=\"Ben\u00f6tigen Sie eine Gep\u00e4ckaufbewahrung in Miami? Mit LuggageHero k\u00f6nnen Sie Ihre Koffer an \u00fcber 25 Orten in Miami aufbewahren - erkunden Sie die Stadt freih\u00e4ndig!\" \/>\n<meta name=\"robots\" content=\"index, follow, max-snippet:-1, max-image-preview:large, max-video-preview:-1\" \/>\n<link rel=\"canonical\" href=\"https:\/\/luggagehero.com\/de\/miami\/\" \/>\n<meta property=\"og:locale\" content=\"de_DE\" \/>\n<meta property=\"og:type\" content=\"article\" \/>\n<meta property=\"og:title\" content=\"Miami\" \/>\n<meta property=\"og:description\" content=\"Ben\u00f6tigen Sie eine Gep\u00e4ckaufbewahrung in Miami? Mit LuggageHero k\u00f6nnen Sie Ihre Koffer an \u00fcber 25 Orten in Miami aufbewahren - erkunden Sie die Stadt freih\u00e4ndig!\" \/>\n<meta property=\"og:url\" content=\"https:\/\/luggagehero.com\/de\/miami\/\" \/>\n<meta property=\"og:site_name\" content=\"LuggageHero\" \/>\n<meta property=\"article:publisher\" content=\"https:\/\/www.facebook.com\/luggagehero\" \/>\n<meta property=\"article:modified_time\" content=\"2023-08-22T11:31:29+00:00\" \/>\n<meta property=\"og:image\" content=\"https:\/\/luggagehero.com\/wp-content\/uploads\/2019\/05\/shutterstock_469708088.jpg\" \/>\n\t<meta property=\"og:image:width\" content=\"1000\" \/>\n\t<meta property=\"og:image:height\" content=\"523\" \/>\n\t<meta property=\"og:image:type\" content=\"image\/jpeg\" \/>\n<meta name=\"twitter:card\" content=\"summary_large_image\" \/>\n<meta name=\"twitter:site\" content=\"@luggagehero\" \/>\n<meta name=\"twitter:label1\" content=\"Est. reading time\" \/>\n\t<meta name=\"twitter:data1\" content=\"2 minutes\" \/>\n<script type=\"application\/ld+json\" class=\"yoast-schema-graph\">{\"@context\":\"https:\/\/schema.org\",\"@graph\":[{\"@type\":\"WebPage\",\"@id\":\"https:\/\/luggagehero.com\/de\/miami\/\",\"url\":\"https:\/\/luggagehero.com\/de\/miami\/\",\"name\":\"Miami - LuggageHero\",\"isPartOf\":{\"@id\":\"https:\/\/luggagehero.com\/de\/#website\"},\"primaryImageOfPage\":{\"@id\":\"https:\/\/luggagehero.com\/de\/miami\/#primaryimage\"},\"image\":{\"@id\":\"https:\/\/luggagehero.com\/de\/miami\/#primaryimage\"},\"thumbnailUrl\":\"https:\/\/luggagehero.com\/wp-content\/uploads\/2019\/05\/shutterstock_469708088.jpg\",\"datePublished\":\"2019-11-06T07:54:04+00:00\",\"dateModified\":\"2023-08-22T11:31:29+00:00\",\"description\":\"Ben\u00f6tigen Sie eine Gep\u00e4ckaufbewahrung in Miami? Mit LuggageHero k\u00f6nnen Sie Ihre Koffer an \u00fcber 25 Orten in Miami aufbewahren - erkunden Sie die Stadt freih\u00e4ndig!\",\"breadcrumb\":{\"@id\":\"https:\/\/luggagehero.com\/de\/miami\/#breadcrumb\"},\"inLanguage\":\"de-DE\",\"potentialAction\":[{\"@type\":\"ReadAction\",\"target\":[\"https:\/\/luggagehero.com\/de\/miami\/\"]}]},{\"@type\":\"ImageObject\",\"inLanguage\":\"de-DE\",\"@id\":\"https:\/\/luggagehero.com\/de\/miami\/#primaryimage\",\"url\":\"https:\/\/luggagehero.com\/wp-content\/uploads\/2019\/05\/shutterstock_469708088.jpg\",\"contentUrl\":\"https:\/\/luggagehero.com\/wp-content\/uploads\/2019\/05\/shutterstock_469708088.jpg\",\"width\":1000,\"height\":523},{\"@type\":\"BreadcrumbList\",\"@id\":\"https:\/\/luggagehero.com\/de\/miami\/#breadcrumb\",\"itemListElement\":[{\"@type\":\"ListItem\",\"position\":1,\"name\":\"Home\",\"item\":\"https:\/\/luggagehero.com\/de\/\"},{\"@type\":\"ListItem\",\"position\":2,\"name\":\"Miami\"}]},{\"@type\":\"WebSite\",\"@id\":\"https:\/\/luggagehero.com\/de\/#website\",\"url\":\"https:\/\/luggagehero.com\/de\/\",\"name\":\"LuggageHero\",\"description\":\"Free yourself from luggage\",\"publisher\":{\"@id\":\"https:\/\/luggagehero.com\/de\/#organization\"},\"potentialAction\":[{\"@type\":\"SearchAction\",\"target\":{\"@type\":\"EntryPoint\",\"urlTemplate\":\"https:\/\/luggagehero.com\/de\/?s={search_term_string}\"},\"query-input\":{\"@type\":\"PropertyValueSpecification\",\"valueRequired\":true,\"valueName\":\"search_term_string\"}}],\"inLanguage\":\"de-DE\"},{\"@type\":\"Organization\",\"@id\":\"https:\/\/luggagehero.com\/de\/#organization\",\"name\":\"LuggageHero\",\"url\":\"https:\/\/luggagehero.com\/de\/\",\"logo\":{\"@type\":\"ImageObject\",\"inLanguage\":\"de-DE\",\"@id\":\"https:\/\/luggagehero.com\/de\/#\/schema\/logo\/image\/\",\"url\":\"https:\/\/luggagehero.com\/wp-content\/uploads\/2017\/04\/luggagehero_LOGO-RGB_kort_POS_200x200.png\",\"contentUrl\":\"https:\/\/luggagehero.com\/wp-content\/uploads\/2017\/04\/luggagehero_LOGO-RGB_kort_POS_200x200.png\",\"width\":200,\"height\":200,\"caption\":\"LuggageHero\"},\"image\":{\"@id\":\"https:\/\/luggagehero.com\/de\/#\/schema\/logo\/image\/\"},\"sameAs\":[\"https:\/\/www.facebook.com\/luggagehero\",\"https:\/\/x.com\/luggagehero\",\"https:\/\/www.instagram.com\/luggagehero\",\"https:\/\/www.linkedin.com\/company\/luggagehero\/\"]}]}<\/script>\n<!-- \/ Yoast SEO Premium plugin. -->","yoast_head_json":{"title":"Miami - LuggageHero","description":"Ben\u00f6tigen Sie eine Gep\u00e4ckaufbewahrung in Miami? Mit LuggageHero k\u00f6nnen Sie Ihre Koffer an \u00fcber 25 Orten in Miami aufbewahren - erkunden Sie die Stadt freih\u00e4ndig!","robots":{"index":"index","follow":"follow","max-snippet":"max-snippet:-1","max-image-preview":"max-image-preview:large","max-video-preview":"max-video-preview:-1"},"canonical":"https:\/\/luggagehero.com\/de\/miami\/","og_locale":"de_DE","og_type":"article","og_title":"Miami","og_description":"Ben\u00f6tigen Sie eine Gep\u00e4ckaufbewahrung in Miami? Mit LuggageHero k\u00f6nnen Sie Ihre Koffer an \u00fcber 25 Orten in Miami aufbewahren - erkunden Sie die Stadt freih\u00e4ndig!","og_url":"https:\/\/luggagehero.com\/de\/miami\/","og_site_name":"LuggageHero","article_publisher":"https:\/\/www.facebook.com\/luggagehero","article_modified_time":"2023-08-22T11:31:29+00:00","og_image":[{"width":1000,"height":523,"url":"https:\/\/luggagehero.com\/wp-content\/uploads\/2019\/05\/shutterstock_469708088.jpg","type":"image\/jpeg"}],"twitter_card":"summary_large_image","twitter_site":"@luggagehero","twitter_misc":{"Est. reading time":"2 minutes"},"schema":{"@context":"https:\/\/schema.org","@graph":[{"@type":"WebPage","@id":"https:\/\/luggagehero.com\/de\/miami\/","url":"https:\/\/luggagehero.com\/de\/miami\/","name":"Miami - LuggageHero","isPartOf":{"@id":"https:\/\/luggagehero.com\/de\/#website"},"primaryImageOfPage":{"@id":"https:\/\/luggagehero.com\/de\/miami\/#primaryimage"},"image":{"@id":"https:\/\/luggagehero.com\/de\/miami\/#primaryimage"},"thumbnailUrl":"https:\/\/luggagehero.com\/wp-content\/uploads\/2019\/05\/shutterstock_469708088.jpg","datePublished":"2019-11-06T07:54:04+00:00","dateModified":"2023-08-22T11:31:29+00:00","description":"Ben\u00f6tigen Sie eine Gep\u00e4ckaufbewahrung in Miami? Mit LuggageHero k\u00f6nnen Sie Ihre Koffer an \u00fcber 25 Orten in Miami aufbewahren - erkunden Sie die Stadt freih\u00e4ndig!","breadcrumb":{"@id":"https:\/\/luggagehero.com\/de\/miami\/#breadcrumb"},"inLanguage":"de-DE","potentialAction":[{"@type":"ReadAction","target":["https:\/\/luggagehero.com\/de\/miami\/"]}]},{"@type":"ImageObject","inLanguage":"de-DE","@id":"https:\/\/luggagehero.com\/de\/miami\/#primaryimage","url":"https:\/\/luggagehero.com\/wp-content\/uploads\/2019\/05\/shutterstock_469708088.jpg","contentUrl":"https:\/\/luggagehero.com\/wp-content\/uploads\/2019\/05\/shutterstock_469708088.jpg","width":1000,"height":523},{"@type":"BreadcrumbList","@id":"https:\/\/luggagehero.com\/de\/miami\/#breadcrumb","itemListElement":[{"@type":"ListItem","position":1,"name":"Home","item":"https:\/\/luggagehero.com\/de\/"},{"@type":"ListItem","position":2,"name":"Miami"}]},{"@type":"WebSite","@id":"https:\/\/luggagehero.com\/de\/#website","url":"https:\/\/luggagehero.com\/de\/","name":"LuggageHero","description":"Free yourself from luggage","publisher":{"@id":"https:\/\/luggagehero.com\/de\/#organization"},"potentialAction":[{"@type":"SearchAction","target":{"@type":"EntryPoint","urlTemplate":"https:\/\/luggagehero.com\/de\/?s={search_term_string}"},"query-input":{"@type":"PropertyValueSpecification","valueRequired":true,"valueName":"search_term_string"}}],"inLanguage":"de-DE"},{"@type":"Organization","@id":"https:\/\/luggagehero.com\/de\/#organization","name":"LuggageHero","url":"https:\/\/luggagehero.com\/de\/","logo":{"@type":"ImageObject","inLanguage":"de-DE","@id":"https:\/\/luggagehero.com\/de\/#\/schema\/logo\/image\/","url":"https:\/\/luggagehero.com\/wp-content\/uploads\/2017\/04\/luggagehero_LOGO-RGB_kort_POS_200x200.png","contentUrl":"https:\/\/luggagehero.com\/wp-content\/uploads\/2017\/04\/luggagehero_LOGO-RGB_kort_POS_200x200.png","width":200,"height":200,"caption":"LuggageHero"},"image":{"@id":"https:\/\/luggagehero.com\/de\/#\/schema\/logo\/image\/"},"sameAs":["https:\/\/www.facebook.com\/luggagehero","https:\/\/x.com\/luggagehero","https:\/\/www.instagram.com\/luggagehero","https:\/\/www.linkedin.com\/company\/luggagehero\/"]}]}},"place_id":"","place_latitude_longitude":"25.7669,-80.1921","place_name":"Miami","criteria_title":"Gep\u00e4ckaufbewahrung in +20 Shops in der Umgebung von [location]","criteria_description":"Lagern Sie Ihr Gep\u00e4ck ab 1 $ pro Stunde in einem lokalen Shop","meta_title":"Gep\u00e4ckaufbewahrung [Standort] - rund um die Uhr, sieben Tage die Woche - Ab 1 $ pro Stunde","meta_description":"Nutzen Sie das gr\u00f6\u00dfte Gep\u00e4ckaufbewahrungsnetzwerk in [location]. 7 Tage die Woche, rund um die Uhr. 3000 $-Versicherungsdeckung. Inklusive Sicherheitssiegel.","children_criteria_title":"Gep\u00e4ckaufbewahrung [location]","children_criteria_description":"Lagern Sie Ihr Gep\u00e4ck ab 1 $ pro Stunde in einem lokalen Shop","children_meta_title":"Gep\u00e4ckaufbewahrung [location] - 7 Tage die Woche - ab 1 $ pro Stunde","children_meta_description":"Praktischer und g\u00fcnstiger Gep\u00e4ckaufbewahrungsservice in der N\u00e4he von [location]. Ab 1$ pro Stunde. 3000 $-Versicherungsdeckung inkl. Sicherheitssiegel f\u00fcr jedes Gep\u00e4ckst\u00fcck. Buchen Sie online.","_edit_last":"46","use_global_content":"","poi_type":"","content_raw":"Die l\u00e4stige Suche nach Schlie\u00dff\u00e4chern zur Gep\u00e4ckaufbewahrung ist vorbei! Wenn Sie das n\u00e4chste Mal in Miami sind, denken Sie daran, dass LuggageHero die passende L\u00f6sung bietet!\r\n\r\nDank unseres Netzwerks aus \u00fcber <strong>25<em> lokalen Shops<\/em><\/strong> (Caf\u00e9s, Souveniershops, Restaurants, Bike Shops etc.), die sich in der N\u00e4he wichtiger Verkehrsknotenpunkte befinden, haben Reisende die M\u00f6glichkeit, ihr Gep\u00e4ck zu lagern. Diese Shops befinden sich unter anderem an den folgenden Standorten <a href=\"https:\/\/luggagehero.com\/miami\/government-center-station\/\">Government Center Station<\/a>, <a href=\"https:\/\/luggagehero.com\/miami\/downtown-miami\/\">Downtown Miami<\/a>, <a href=\"https:\/\/luggagehero.com\/miami\/american-airlines-arena\/\">American Airlines Arena<\/a>, und <a href=\"https:\/\/luggagehero.com\/miami\/miami-central\/\">Miami Central<\/a>.\r\n\r\nNehmen wir an, Sie kommen einige Stunden bevor Sie in Ihrer Unterkunft einchecken k\u00f6nnen am Miami International Airport an und m\u00f6chten die Sehensw\u00fcrdigkeiten erkunden, ohne Ihr Gep\u00e4ck mitzunehmen. Vielleicht m\u00f6chten Sie <a href=\"https:\/\/luggagehero.com\/miami\/miami-beach\/\">Miami Beach<\/a>besuchen, sich ein Spiel im <a href=\"https:\/\/luggagehero.com\/miami\/hard-rock-stadium\/\">Hard Rock Stadium<\/a>ansehen, einen Tag am <a href=\"https:\/\/luggagehero.com\/miami\/north-beach\/\">North Beach<\/a>verbringen oder im <a href=\"https:\/\/luggagehero.com\/miami\/bayside-marketplace\/\">Bayside Marketplace<\/a>shoppen gehen. Was auch immer Sie vorhaben, wir sind hier, um Sie von Ihrem Gep\u00e4ck zu befreien.\r\n\r\nGehen Sie einfach zur<a href=\"https:\/\/app.luggagehero.com\/home;location=Miami;lat=25,7616798;lon=-80,19179020000001\">LuggageHero Buchungsplattform<\/a>, um einen praktischen Gep\u00e4ckaufbewahrungsort in einem Gesch\u00e4ft oder an einem anderen Standort zu finden. Mit unserer Karten\u00a0finden Sie die n\u00e4chstgelegenen U-Bahn-Stationen und den passenden Ort, an dem Sie Ihr Gep\u00e4ck aufbewahren k\u00f6nnen.\r\n<p style=\"text-align: center;\"><img class=\"aligncenter size-medium wp-image-3373\" src=\"https:\/\/luggagehero.com\/wp-content\/uploads\/2018\/05\/lugggagehero_piktogrammer_insurance3-300x300.png\" alt=\"Ihr Gep\u00e4ck ist bei uns sicher\" width=\"300\" height=\"300\" \/><\/p>\r\n\r\n<h3>Einfach und preiswert<\/h3>\r\nDie Gep\u00e4ckaufbewahrung war noch nie schneller, einfacher und preiswerter. Im Gegensatz zu den meisten anderen Gep\u00e4ckaufbewahrungsdiensten, bei denen Sie f\u00fcr den ganzen Tag bezahlen m\u00fcssen, berechnet LuggageHero dem Benutzer nur die in Anspruch genommenen Stunden [pricing hourlyrate]. Wenn Sie Ihr Gep\u00e4ck mehre Tage aufbewahren m\u00f6chten, bieten wir Ihnen einen g\u00fcnstigen H\u00f6chstbetrag [pricing dailyrate] pro Tag an.\r\n<h3>Sicherheit<\/h3>\r\nIm Gegensatz zu den meisten anderen Gep\u00e4ckaufbewahrungsanbietern wurden alle unsere Gesch\u00e4fte in Miami von einem LuggageHero-Mitarbeiter \u00fcberpr\u00fcft. Wir versehen jedes Gep\u00e4ckst\u00fcck mit einem Sicherheitssiegel und jedes Gep\u00e4ckst\u00fcck und sein Inhalt ist bis zu [pricing insurancecoverage] versichert. Sie werden in Miami keine anderen Gep\u00e4ckaufbewahrungsanbieter finden, die denselben Service anbieten. Unser Kunden-Online-Chat-Support ist rund um die Uhr verf\u00fcgbar.\r\n\r\nWir haben es Ihnen leicht gemacht, alle Unternehmen zu vergleichen, die Gep\u00e4ckaufbewahrungsm\u00f6glichkeiten in Miami anbieten - Die Liste finden Sie <a href=\"https:\/\/luggagehero.com\/find-luggage-storage-miami\/\">hier<\/a>.\r\n\r\nSind Sie bereit, Ihr Gep\u00e4ck in Miami aufzubewahren? Durchsuchen Sie <a href=\"https:\/\/app.luggagehero.com\/home;location=Miami;lat=25,7616798;lon=-80,19179020000001\">hier<\/a> die Liste, um Ihren Standort zu finden.","_links":{"self":[{"href":"https:\/\/luggagehero.com\/de\/wp-json\/wp\/v2\/pages\/11578","targetHints":{"allow":["GET"]}}],"collection":[{"href":"https:\/\/luggagehero.com\/de\/wp-json\/wp\/v2\/pages"}],"about":[{"href":"https:\/\/luggagehero.com\/de\/wp-json\/wp\/v2\/types\/page"}],"author":[{"embeddable":true,"href":"https:\/\/luggagehero.com\/de\/wp-json\/wp\/v2\/users\/9"}],"replies":[{"embeddable":true,"href":"https:\/\/luggagehero.com\/de\/wp-json\/wp\/v2\/comments?post=11578"}],"version-history":[{"count":0,"href":"https:\/\/luggagehero.com\/de\/wp-json\/wp\/v2\/pages\/11578\/revisions"}],"wp:featuredmedia":[{"embeddable":true,"href":"https:\/\/luggagehero.com\/de\/wp-json\/wp\/v2\/media\/35982"}],"wp:attachment":[{"href":"https:\/\/luggagehero.com\/de\/wp-json\/wp\/v2\/media?parent=11578"}],"curies":[{"name":"wp","href":"https:\/\/api.w.org\/{rel}","templated":true}]}}