{"id":11585,"date":"2019-11-06T07:54:08","date_gmt":"2019-11-06T07:54:08","guid":{"rendered":"https:\/\/luggagehero.com\/kopenhagen\/kopenhagen-hauptbahnhof\/"},"modified":"2019-11-06T07:54:08","modified_gmt":"2019-11-06T07:54:08","slug":"kopenhagen-hauptbahnhof","status":"publish","type":"page","link":"https:\/\/luggagehero.com\/de\/kopenhagen\/kopenhagen-hauptbahnhof\/","title":{"rendered":"Kopenhagen Hauptbahnhof"},"content":{"rendered":"<p>M\u00fcssen Sie Ihr Gep\u00e4ck am Kopenhagener Hauptbahnhof aufbewahren? Die Gep\u00e4ckaufbewahrung mit LuggageHero ist so bequem wie nie zuvor. Wir bieten eine sichere und einfache Gep\u00e4ckaufbewahrung neben dem Ausgang des Bahnhofs an. Wenn Sie Ihr Gep\u00e4ck in der N\u00e4he des Kopenhagener Hauptbahnhofs lagern, gelangen Sie Sie <a href=\"https:\/\/luggagehero.com\/copenhagen\/copenhagen-airport\/\"> mit der Kopenhagener U-Bahn-Linie <\/a><a href=\"https:\/\/luggagehero.com\/copenhagen\/tivoli\/\">Tivoli<\/a> , die sich auf der gegen\u00fcberliegenden Stra\u00dfenseite befindet leicht zum Flughafen Kopenhagen.<\/p>\n<p>Die Gep\u00e4ckaufbewahrungsorte von LuggageHero befinden sich in\u00a0<a href=\"https:\/\/luggagehero.com\/about\/certified-shops\/\">zertifizierten<\/a>\u00a0Hotels, Caf\u00e9s und Gesch\u00e4ften. Wenn Sie im Voraus buchen, ist Ihnen ein Platz f\u00fcr Ihr Gep\u00e4ck garantiert. Die Adresse und die Wegbeschreibung sind zum Zeitpunkt der Buchung verf\u00fcgbar. Alle Gep\u00e4ckst\u00fccke werden mit unserem <a href=\"https:\/\/luggagehero.com\/about\/security-seal\/\">Sicherheitssiegel<\/a>\u00a0versehen, mit dem jedes Gep\u00e4ckst\u00fcck bis zu <pricing-component type=\"insurancecoverage\"><\/pricing-component> versichert ist, sobald Sie Ihr Gep\u00e4ck abgegeben und den Gep\u00e4ckaufbewahrungs-Timer auf Ihrer Buchungsseite gestartet haben.<\/p>\n<p>\u00a0<\/p>\n<p><img loading=\"lazy\" decoding=\"async\" class=\"aligncenter size-large wp-image-10297\" src=\"https:\/\/luggagehero.com\/wp-content\/uploads\/2019\/10\/shutterstock_1199662321-800x534.jpg\" alt=\"\" width=\"800\" height=\"534\" \/><\/p>\n<p>\u00a0<\/p>\n<h2 style=\"text-align: center;\">Kopenhagen Hauptbahnhof<\/h2>\n<p>Der Hauptbahnhof in Kopenhagen ist der gr\u00f6\u00dfte Bahnhof in D\u00e4nemark, obwohl mehr Reisende den<a href=\"https:\/\/luggagehero.com\/copenhagen\/norreport-station\/\">Bahnhof N\u00f8rreport <\/a>nutzen, einschlie\u00dflich der S-Bahn- und U-Bahn-Dienste. Der Hauptbahnhof befindet sich direkt neben dem ber\u00fchmten<a href=\"https:\/\/luggagehero.com\/copenhagen\/tivoli\/\">Tivoli Gardens<\/a>.<\/p>\n<p>Vom Kopenhagener Hauptbahnhof erreichen Sie die meisten Bereiche in Kopenhagen bequem mit der S-Bahn und der U-Bahn. Sie werden auch feststellen, dass viele Sehensw\u00fcrdigkeiten zu Fu\u00df vom Bahnhof aus zu erreichen sind, wenn Sie Ihr Gep\u00e4ck aufbewahren m\u00f6chten. Hinter dem Hauptbahnhof finden Sie DGI-byen, wo viele internationale Buslinien entlang der Stra\u00dfe Ingerslevsgade ankommen und abfahren. Hier finden Sie Busse von Nettbuss, Flixbus, Neptun Bus und dem Kombardo Express.<\/p>\n","protected":false},"excerpt":{"rendered":"<p>M\u00fcssen Sie Ihr Gep\u00e4ck am Kopenhagener Hauptbahnhof aufbewahren? Die Gep\u00e4ckaufbewahrung mit LuggageHero ist so bequem wie nie zuvor. Wir bieten eine sichere und einfache Gep\u00e4ckaufbewahrung neben dem Ausgang des Bahnhofs an. Wenn Sie Ihr Gep\u00e4ck in der N\u00e4he des Kopenhagener Hauptbahnhofs lagern, gelangen Sie Sie mit der Kopenhagener U-Bahn-Linie Tivoli , die sich auf der [&hellip;]<\/p>\n","protected":false},"author":9,"featured_media":0,"parent":11525,"menu_order":0,"comment_status":"closed","ping_status":"closed","template":"template-location.php","meta":{"_acf_changed":false,"footnotes":""},"class_list":["post-11585","page","type-page","status-publish","hentry"],"acf":[],"yoast_head":"<!-- This site is optimized with the Yoast SEO Premium plugin v27.0 (Yoast SEO v27.0) - https:\/\/yoast.com\/product\/yoast-seo-premium-wordpress\/ -->\n<title>Kopenhagen Hauptbahnhof - LuggageHero<\/title>\n<meta name=\"robots\" content=\"index, follow, max-snippet:-1, max-image-preview:large, max-video-preview:-1\" \/>\n<link rel=\"canonical\" href=\"https:\/\/luggagehero.com\/de\/kopenhagen\/kopenhagen-hauptbahnhof\/\" \/>\n<meta property=\"og:locale\" content=\"de_DE\" \/>\n<meta property=\"og:type\" content=\"article\" \/>\n<meta property=\"og:title\" content=\"Kopenhagen Hauptbahnhof\" \/>\n<meta property=\"og:description\" content=\"M\u00fcssen Sie Ihr Gep\u00e4ck am Kopenhagener Hauptbahnhof aufbewahren? Die Gep\u00e4ckaufbewahrung mit LuggageHero ist so bequem wie nie zuvor. Wir bieten eine sichere und einfache Gep\u00e4ckaufbewahrung neben dem Ausgang des Bahnhofs an. Wenn Sie Ihr Gep\u00e4ck in der N\u00e4he des Kopenhagener Hauptbahnhofs lagern, gelangen Sie Sie mit der Kopenhagener U-Bahn-Linie Tivoli , die sich auf der [&hellip;]\" \/>\n<meta property=\"og:url\" content=\"https:\/\/luggagehero.com\/de\/kopenhagen\/kopenhagen-hauptbahnhof\/\" \/>\n<meta property=\"og:site_name\" content=\"LuggageHero\" \/>\n<meta property=\"article:publisher\" content=\"https:\/\/www.facebook.com\/luggagehero\" \/>\n<meta property=\"og:image\" content=\"https:\/\/luggagehero.com\/wp-content\/uploads\/2019\/10\/shutterstock_1199662321-800x534.jpg\" \/>\n<meta name=\"twitter:card\" content=\"summary_large_image\" \/>\n<meta name=\"twitter:site\" content=\"@luggagehero\" \/>\n<meta name=\"twitter:label1\" content=\"Est. reading time\" \/>\n\t<meta name=\"twitter:data1\" content=\"1 minute\" \/>\n<script type=\"application\/ld+json\" class=\"yoast-schema-graph\">{\"@context\":\"https:\/\/schema.org\",\"@graph\":[{\"@type\":\"WebPage\",\"@id\":\"https:\/\/luggagehero.com\/de\/kopenhagen\/kopenhagen-hauptbahnhof\/\",\"url\":\"https:\/\/luggagehero.com\/de\/kopenhagen\/kopenhagen-hauptbahnhof\/\",\"name\":\"Kopenhagen Hauptbahnhof - LuggageHero\",\"isPartOf\":{\"@id\":\"https:\/\/luggagehero.com\/de\/#website\"},\"primaryImageOfPage\":{\"@id\":\"https:\/\/luggagehero.com\/de\/kopenhagen\/kopenhagen-hauptbahnhof\/#primaryimage\"},\"image\":{\"@id\":\"https:\/\/luggagehero.com\/de\/kopenhagen\/kopenhagen-hauptbahnhof\/#primaryimage\"},\"thumbnailUrl\":\"https:\/\/luggagehero.com\/wp-content\/uploads\/2019\/10\/shutterstock_1199662321-800x534.jpg\",\"datePublished\":\"2019-11-06T07:54:08+00:00\",\"breadcrumb\":{\"@id\":\"https:\/\/luggagehero.com\/de\/kopenhagen\/kopenhagen-hauptbahnhof\/#breadcrumb\"},\"inLanguage\":\"de-DE\",\"potentialAction\":[{\"@type\":\"ReadAction\",\"target\":[\"https:\/\/luggagehero.com\/de\/kopenhagen\/kopenhagen-hauptbahnhof\/\"]}]},{\"@type\":\"ImageObject\",\"inLanguage\":\"de-DE\",\"@id\":\"https:\/\/luggagehero.com\/de\/kopenhagen\/kopenhagen-hauptbahnhof\/#primaryimage\",\"url\":\"https:\/\/luggagehero.com\/wp-content\/uploads\/2019\/10\/shutterstock_1199662321-800x534.jpg\",\"contentUrl\":\"https:\/\/luggagehero.com\/wp-content\/uploads\/2019\/10\/shutterstock_1199662321-800x534.jpg\"},{\"@type\":\"BreadcrumbList\",\"@id\":\"https:\/\/luggagehero.com\/de\/kopenhagen\/kopenhagen-hauptbahnhof\/#breadcrumb\",\"itemListElement\":[{\"@type\":\"ListItem\",\"position\":1,\"name\":\"Home\",\"item\":\"https:\/\/luggagehero.com\/de\/\"},{\"@type\":\"ListItem\",\"position\":2,\"name\":\"Kopenhagen\",\"item\":\"https:\/\/luggagehero.com\/de\/kopenhagen\/\"},{\"@type\":\"ListItem\",\"position\":3,\"name\":\"Kopenhagen Hauptbahnhof\"}]},{\"@type\":\"WebSite\",\"@id\":\"https:\/\/luggagehero.com\/de\/#website\",\"url\":\"https:\/\/luggagehero.com\/de\/\",\"name\":\"LuggageHero\",\"description\":\"Free yourself from luggage\",\"publisher\":{\"@id\":\"https:\/\/luggagehero.com\/de\/#organization\"},\"potentialAction\":[{\"@type\":\"SearchAction\",\"target\":{\"@type\":\"EntryPoint\",\"urlTemplate\":\"https:\/\/luggagehero.com\/de\/?s={search_term_string}\"},\"query-input\":{\"@type\":\"PropertyValueSpecification\",\"valueRequired\":true,\"valueName\":\"search_term_string\"}}],\"inLanguage\":\"de-DE\"},{\"@type\":\"Organization\",\"@id\":\"https:\/\/luggagehero.com\/de\/#organization\",\"name\":\"LuggageHero\",\"url\":\"https:\/\/luggagehero.com\/de\/\",\"logo\":{\"@type\":\"ImageObject\",\"inLanguage\":\"de-DE\",\"@id\":\"https:\/\/luggagehero.com\/de\/#\/schema\/logo\/image\/\",\"url\":\"https:\/\/luggagehero.com\/wp-content\/uploads\/2017\/04\/luggagehero_LOGO-RGB_kort_POS_200x200.png\",\"contentUrl\":\"https:\/\/luggagehero.com\/wp-content\/uploads\/2017\/04\/luggagehero_LOGO-RGB_kort_POS_200x200.png\",\"width\":200,\"height\":200,\"caption\":\"LuggageHero\"},\"image\":{\"@id\":\"https:\/\/luggagehero.com\/de\/#\/schema\/logo\/image\/\"},\"sameAs\":[\"https:\/\/www.facebook.com\/luggagehero\",\"https:\/\/x.com\/luggagehero\",\"https:\/\/www.instagram.com\/luggagehero\",\"https:\/\/www.linkedin.com\/company\/luggagehero\/\"]}]}<\/script>\n<!-- \/ Yoast SEO Premium plugin. -->","yoast_head_json":{"title":"Kopenhagen Hauptbahnhof - LuggageHero","robots":{"index":"index","follow":"follow","max-snippet":"max-snippet:-1","max-image-preview":"max-image-preview:large","max-video-preview":"max-video-preview:-1"},"canonical":"https:\/\/luggagehero.com\/de\/kopenhagen\/kopenhagen-hauptbahnhof\/","og_locale":"de_DE","og_type":"article","og_title":"Kopenhagen Hauptbahnhof","og_description":"M\u00fcssen Sie Ihr Gep\u00e4ck am Kopenhagener Hauptbahnhof aufbewahren? Die Gep\u00e4ckaufbewahrung mit LuggageHero ist so bequem wie nie zuvor. Wir bieten eine sichere und einfache Gep\u00e4ckaufbewahrung neben dem Ausgang des Bahnhofs an. Wenn Sie Ihr Gep\u00e4ck in der N\u00e4he des Kopenhagener Hauptbahnhofs lagern, gelangen Sie Sie mit der Kopenhagener U-Bahn-Linie Tivoli , die sich auf der [&hellip;]","og_url":"https:\/\/luggagehero.com\/de\/kopenhagen\/kopenhagen-hauptbahnhof\/","og_site_name":"LuggageHero","article_publisher":"https:\/\/www.facebook.com\/luggagehero","og_image":[{"url":"https:\/\/luggagehero.com\/wp-content\/uploads\/2019\/10\/shutterstock_1199662321-800x534.jpg","type":"","width":"","height":""}],"twitter_card":"summary_large_image","twitter_site":"@luggagehero","twitter_misc":{"Est. reading time":"1 minute"},"schema":{"@context":"https:\/\/schema.org","@graph":[{"@type":"WebPage","@id":"https:\/\/luggagehero.com\/de\/kopenhagen\/kopenhagen-hauptbahnhof\/","url":"https:\/\/luggagehero.com\/de\/kopenhagen\/kopenhagen-hauptbahnhof\/","name":"Kopenhagen Hauptbahnhof - LuggageHero","isPartOf":{"@id":"https:\/\/luggagehero.com\/de\/#website"},"primaryImageOfPage":{"@id":"https:\/\/luggagehero.com\/de\/kopenhagen\/kopenhagen-hauptbahnhof\/#primaryimage"},"image":{"@id":"https:\/\/luggagehero.com\/de\/kopenhagen\/kopenhagen-hauptbahnhof\/#primaryimage"},"thumbnailUrl":"https:\/\/luggagehero.com\/wp-content\/uploads\/2019\/10\/shutterstock_1199662321-800x534.jpg","datePublished":"2019-11-06T07:54:08+00:00","breadcrumb":{"@id":"https:\/\/luggagehero.com\/de\/kopenhagen\/kopenhagen-hauptbahnhof\/#breadcrumb"},"inLanguage":"de-DE","potentialAction":[{"@type":"ReadAction","target":["https:\/\/luggagehero.com\/de\/kopenhagen\/kopenhagen-hauptbahnhof\/"]}]},{"@type":"ImageObject","inLanguage":"de-DE","@id":"https:\/\/luggagehero.com\/de\/kopenhagen\/kopenhagen-hauptbahnhof\/#primaryimage","url":"https:\/\/luggagehero.com\/wp-content\/uploads\/2019\/10\/shutterstock_1199662321-800x534.jpg","contentUrl":"https:\/\/luggagehero.com\/wp-content\/uploads\/2019\/10\/shutterstock_1199662321-800x534.jpg"},{"@type":"BreadcrumbList","@id":"https:\/\/luggagehero.com\/de\/kopenhagen\/kopenhagen-hauptbahnhof\/#breadcrumb","itemListElement":[{"@type":"ListItem","position":1,"name":"Home","item":"https:\/\/luggagehero.com\/de\/"},{"@type":"ListItem","position":2,"name":"Kopenhagen","item":"https:\/\/luggagehero.com\/de\/kopenhagen\/"},{"@type":"ListItem","position":3,"name":"Kopenhagen Hauptbahnhof"}]},{"@type":"WebSite","@id":"https:\/\/luggagehero.com\/de\/#website","url":"https:\/\/luggagehero.com\/de\/","name":"LuggageHero","description":"Free yourself from luggage","publisher":{"@id":"https:\/\/luggagehero.com\/de\/#organization"},"potentialAction":[{"@type":"SearchAction","target":{"@type":"EntryPoint","urlTemplate":"https:\/\/luggagehero.com\/de\/?s={search_term_string}"},"query-input":{"@type":"PropertyValueSpecification","valueRequired":true,"valueName":"search_term_string"}}],"inLanguage":"de-DE"},{"@type":"Organization","@id":"https:\/\/luggagehero.com\/de\/#organization","name":"LuggageHero","url":"https:\/\/luggagehero.com\/de\/","logo":{"@type":"ImageObject","inLanguage":"de-DE","@id":"https:\/\/luggagehero.com\/de\/#\/schema\/logo\/image\/","url":"https:\/\/luggagehero.com\/wp-content\/uploads\/2017\/04\/luggagehero_LOGO-RGB_kort_POS_200x200.png","contentUrl":"https:\/\/luggagehero.com\/wp-content\/uploads\/2017\/04\/luggagehero_LOGO-RGB_kort_POS_200x200.png","width":200,"height":200,"caption":"LuggageHero"},"image":{"@id":"https:\/\/luggagehero.com\/de\/#\/schema\/logo\/image\/"},"sameAs":["https:\/\/www.facebook.com\/luggagehero","https:\/\/x.com\/luggagehero","https:\/\/www.instagram.com\/luggagehero","https:\/\/www.linkedin.com\/company\/luggagehero\/"]}]}},"place_id":"","place_latitude_longitude":"55.6730,12.5766","place_name":"","criteria_title":"","criteria_description":"","meta_title":"","meta_description":"","children_criteria_title":"","children_criteria_description":"","children_meta_title":"","children_meta_description":"","_edit_last":"","use_global_content":"","poi_type":"","content_raw":"M\u00fcssen Sie Ihr Gep\u00e4ck am Kopenhagener Hauptbahnhof aufbewahren? Die Gep\u00e4ckaufbewahrung mit LuggageHero ist so bequem wie nie zuvor. Wir bieten eine sichere und einfache Gep\u00e4ckaufbewahrung neben dem Ausgang des Bahnhofs an. Wenn Sie Ihr Gep\u00e4ck in der N\u00e4he des Kopenhagener Hauptbahnhofs lagern, gelangen Sie Sie <a href=\"https:\/\/luggagehero.com\/copenhagen\/copenhagen-airport\/\"> mit der Kopenhagener U-Bahn-Linie <\/a><a href=\"https:\/\/luggagehero.com\/copenhagen\/tivoli\/\">Tivoli<\/a> , die sich auf der gegen\u00fcberliegenden Stra\u00dfenseite befindet leicht zum Flughafen Kopenhagen.\n\nDie Gep\u00e4ckaufbewahrungsorte von LuggageHero befinden sich in\u00a0<a href=\"https:\/\/luggagehero.com\/about\/certified-shops\/\">zertifizierten<\/a>\u00a0Hotels, Caf\u00e9s und Gesch\u00e4ften. Wenn Sie im Voraus buchen, ist Ihnen ein Platz f\u00fcr Ihr Gep\u00e4ck garantiert. Die Adresse und die Wegbeschreibung sind zum Zeitpunkt der Buchung verf\u00fcgbar. Alle Gep\u00e4ckst\u00fccke werden mit unserem <a href=\"https:\/\/luggagehero.com\/about\/security-seal\/\">Sicherheitssiegel<\/a>\u00a0versehen, mit dem jedes Gep\u00e4ckst\u00fcck bis zu [pricing insurancecoverage] versichert ist, sobald Sie Ihr Gep\u00e4ck abgegeben und den Gep\u00e4ckaufbewahrungs-Timer auf Ihrer Buchungsseite gestartet haben.\n\n\u00a0\n\n<img class=\"aligncenter size-large wp-image-10297\" src=\"https:\/\/luggagehero.com\/wp-content\/uploads\/2019\/10\/shutterstock_1199662321-800x534.jpg\" alt=\"\" width=\"800\" height=\"534\" \/>\n\n\u00a0\n<h2 style=\"text-align: center;\">Kopenhagen Hauptbahnhof<\/h2>\nDer Hauptbahnhof in Kopenhagen ist der gr\u00f6\u00dfte Bahnhof in D\u00e4nemark, obwohl mehr Reisende den<a href=\"https:\/\/luggagehero.com\/copenhagen\/norreport-station\/\">Bahnhof N\u00f8rreport <\/a>nutzen, einschlie\u00dflich der S-Bahn- und U-Bahn-Dienste. Der Hauptbahnhof befindet sich direkt neben dem ber\u00fchmten<a href=\"https:\/\/luggagehero.com\/copenhagen\/tivoli\/\">Tivoli Gardens<\/a>.\n\nVom Kopenhagener Hauptbahnhof erreichen Sie die meisten Bereiche in Kopenhagen bequem mit der S-Bahn und der U-Bahn. Sie werden auch feststellen, dass viele Sehensw\u00fcrdigkeiten zu Fu\u00df vom Bahnhof aus zu erreichen sind, wenn Sie Ihr Gep\u00e4ck aufbewahren m\u00f6chten. Hinter dem Hauptbahnhof finden Sie DGI-byen, wo viele internationale Buslinien entlang der Stra\u00dfe Ingerslevsgade ankommen und abfahren. Hier finden Sie Busse von Nettbuss, Flixbus, Neptun Bus und dem Kombardo Express.","_links":{"self":[{"href":"https:\/\/luggagehero.com\/de\/wp-json\/wp\/v2\/pages\/11585","targetHints":{"allow":["GET"]}}],"collection":[{"href":"https:\/\/luggagehero.com\/de\/wp-json\/wp\/v2\/pages"}],"about":[{"href":"https:\/\/luggagehero.com\/de\/wp-json\/wp\/v2\/types\/page"}],"author":[{"embeddable":true,"href":"https:\/\/luggagehero.com\/de\/wp-json\/wp\/v2\/users\/9"}],"replies":[{"embeddable":true,"href":"https:\/\/luggagehero.com\/de\/wp-json\/wp\/v2\/comments?post=11585"}],"version-history":[{"count":0,"href":"https:\/\/luggagehero.com\/de\/wp-json\/wp\/v2\/pages\/11585\/revisions"}],"up":[{"embeddable":true,"href":"https:\/\/luggagehero.com\/de\/wp-json\/wp\/v2\/pages\/11525"}],"wp:attachment":[{"href":"https:\/\/luggagehero.com\/de\/wp-json\/wp\/v2\/media?parent=11585"}],"curies":[{"name":"wp","href":"https:\/\/api.w.org\/{rel}","templated":true}]}}