{"id":12361,"date":"2019-12-02T07:43:09","date_gmt":"2019-12-02T07:43:09","guid":{"rendered":"https:\/\/luggagehero.com\/new-york-city\/penn-station\/"},"modified":"2023-08-22T11:48:20","modified_gmt":"2023-08-22T11:48:20","slug":"penn-station","status":"publish","type":"page","link":"https:\/\/luggagehero.com\/de\/newyork\/penn-station\/","title":{"rendered":"Penn Station"},"content":{"rendered":"<p style=\"text-align: left;\">Sie finden unsere Gep\u00e4ckaufbewahrungsm\u00f6glichkeiten gleich um die Ecke des Bahnhofs. Die Penn Station selbst bietet keine M\u00f6glichkeit zur Gep\u00e4ckaufbewahrung an. Denken Sie daran, dass die Penn Station einer der verkehrsreichsten Bahnh\u00f6fe der Welt ist. Reservieren Sie also im Voraus Platz f\u00fcr Ihr Gep\u00e4ck.<\/p>\n<p style=\"text-align: left;\">Die Penn Station befindet sich in Midtown West, von der 30th Street bis zur 34th Street zwischen der Seventh und der Eighth Avenue. Der beste Weg, um zur Penn Station zu gelangen, ist mit der U-Bahn oder dem Bus.<\/p>\n<p>Durch die Nutzung der Gep\u00e4ckaufbewahrung in den \u00f6rtlichen Gesch\u00e4ften k\u00f6nnen Sie New York City erkunden, ohne Ihr Gep\u00e4ck mit sich herumschleppen zu m\u00fcssen. Planen Sie Ihre Reise nicht mit Gep\u00e4ck, sondern machen Sie aus Ihrer Reise einen Urlaub.<\/p>\n<p>Mit mehr als 140 LuggageHeroes in <a href=\"https:\/\/luggagehero.com\/newyork\/\">New York <\/a>haben Sie mehr als genug M\u00f6glichkeiten, Ihr Gep\u00e4ck abzugeben, w\u00e4hrend Sie die Stadt erkunden. Eine Gep\u00e4ckaufbewahrung \u00fcber Nacht ist kein Problem.<\/p>\n<p>Alle unsere Shops sind <a href=\"https:\/\/luggagehero.com\/about\/certified-shops\/\">von LuggageHero zertifiziert<\/a> und mit unseren <a href=\"https:\/\/luggagehero.com\/about\/security-seal\/\">Sicherungssiegeln<\/a> versehen, mit denen jedes Gep\u00e4ckst\u00fcck bis zu <pricing-component type=\"insurancecoverage\"><\/pricing-component> versichert ist.<\/p>\n<p>&nbsp;<\/p>\n<p><img loading=\"lazy\" decoding=\"async\" class=\"aligncenter wp-image-3374 size-full\" src=\"https:\/\/luggagehero.com\/wp-content\/uploads\/2018\/07\/Penn-Station-luggage-storage.jpg\" alt=\"Gep\u00e4ckaufbewahrung Penn Station\" width=\"764\" height=\"352\" \/><\/p>\n<h2><\/h2>\n<h2 style=\"text-align: center;\">Penn Station<\/h2>\n<ul>\n<li>7 Tage die Woche, rund um die Uhr ge\u00f6ffnet.<\/li>\n<li>Keine Gep\u00e4ckaufbewahrung im Bahnhof. Finden Sie Ihren Gep\u00e4ckaufbewahrungsort um die Ecke, indem Sie <a href=\"https:\/\/app.luggagehero.com\/home;location=Pennsylvania%20Station;lat=40,750568;lon=-73,99351899999999;bags=1;geolocate=false\">hier<\/a>klicken.<\/li>\n<\/ul>\n<p>Die New York Penn Station oder auch Penn Station genannt, bietet eine direkte Zugverbindung zum Flughafen Newark und befindet sich direkt neben dem Madison Square Garden in der Midtown Area von <a href=\"https:\/\/luggagehero.com\/newyork\/manhattan\/\">Manhattan<\/a>. Dies ist ein ausgezeichneter Ort, um Ihr Gep\u00e4ck bei Ankunft oder Abreise aus New York City aufzubewahren.<\/p>\n<p>Der Bahnhof selbst bietet keine M\u00f6glichkeit zur Gep\u00e4ckaufbewahrung an. Gl\u00fccklicherweise haben wir uns mit bestehenden Unternehmen in der N\u00e4he der Penn Station zusammengetan, um Reisenden eine bequeme und g\u00fcnstige Gep\u00e4ckaufbewahrung zu bieten, ab <pricing-component type=\"hourlyrate\"><\/pricing-component>. Sie werden LuggageHeroes genannt und Ihr Gep\u00e4ck ist <a href=\"https:\/\/luggagehero.com\/about\/security-seal\/\">versiegelt<\/a> und <a href=\"https:\/\/luggagehero.com\/about\/insurance\/\">versichert<\/a> ab <pricing-component type=\"insurancecoverage\"><\/pricing-component>, wenn Sie Ihr Gep\u00e4ck dort aufbewahren.<\/p>\n<p>Wir helfen Ihnen, damit Sie Ihre Tage in <a href=\"https:\/\/luggagehero.com\/newyork\/\">New York<\/a> richtig genie\u00dfen k\u00f6nnen und k\u00fcmmern uns um Ihr Gep\u00e4ck in der N\u00e4he der Penn Station, w\u00e4hrend Sie die Stadt erkunden.<\/p>\n<p>&nbsp;<\/p>\n","protected":false},"excerpt":{"rendered":"<p>Sie finden unsere Gep\u00e4ckaufbewahrungsm\u00f6glichkeiten gleich um die Ecke des Bahnhofs. Die Penn Station selbst bietet keine M\u00f6glichkeit zur Gep\u00e4ckaufbewahrung an. Denken Sie daran, dass die Penn Station einer der verkehrsreichsten Bahnh\u00f6fe der Welt ist. Reservieren Sie also im Voraus Platz f\u00fcr Ihr Gep\u00e4ck. Die Penn Station befindet sich in Midtown West, von der 30th Street [&hellip;]<\/p>\n","protected":false},"author":9,"featured_media":37123,"parent":11561,"menu_order":0,"comment_status":"closed","ping_status":"closed","template":"template-location.php","meta":{"_acf_changed":false,"footnotes":""},"class_list":["post-12361","page","type-page","status-publish","has-post-thumbnail","hentry"],"acf":[],"yoast_head":"<!-- This site is optimized with the Yoast SEO Premium plugin v27.0 (Yoast SEO v27.0) - https:\/\/yoast.com\/product\/yoast-seo-premium-wordpress\/ -->\n<title>Gep\u00e4ckaufbewahrung an der Penn Station sieben Tage die Woche - ab 1 $\/Stunde<\/title>\n<meta name=\"description\" content=\"Praktischer und g\u00fcnstiger Gep\u00e4ckaufbewahrungsservice in der N\u00e4he der Penn Station]. Ab 1$ pro Stunde. 3000 $-Versicherungsdeckung inkl. Sicherheitssiegel f\u00fcr jedes Gep\u00e4ckst\u00fcck. Buchen Sie online.\" \/>\n<meta name=\"robots\" content=\"index, follow, max-snippet:-1, max-image-preview:large, max-video-preview:-1\" \/>\n<link rel=\"canonical\" href=\"https:\/\/luggagehero.com\/de\/newyork\/penn-station\/\" \/>\n<meta property=\"og:locale\" content=\"de_DE\" \/>\n<meta property=\"og:type\" content=\"article\" \/>\n<meta property=\"og:title\" content=\"Penn Station\" \/>\n<meta property=\"og:description\" content=\"Praktischer und g\u00fcnstiger Gep\u00e4ckaufbewahrungsservice in der N\u00e4he der Penn Station]. Ab 1$ pro Stunde. 3000 $-Versicherungsdeckung inkl. Sicherheitssiegel f\u00fcr jedes Gep\u00e4ckst\u00fcck. Buchen Sie online.\" \/>\n<meta property=\"og:url\" content=\"https:\/\/luggagehero.com\/de\/newyork\/penn-station\/\" \/>\n<meta property=\"og:site_name\" content=\"LuggageHero\" \/>\n<meta property=\"article:publisher\" content=\"https:\/\/www.facebook.com\/luggagehero\" \/>\n<meta property=\"article:modified_time\" content=\"2023-08-22T11:48:20+00:00\" \/>\n<meta property=\"og:image\" content=\"https:\/\/luggagehero.com\/wp-content\/uploads\/2018\/07\/Penn-Station-luggage-storage.jpg\" \/>\n<meta name=\"twitter:card\" content=\"summary_large_image\" \/>\n<meta name=\"twitter:site\" content=\"@luggagehero\" \/>\n<meta name=\"twitter:label1\" content=\"Est. reading time\" \/>\n\t<meta name=\"twitter:data1\" content=\"2 minutes\" \/>\n<script type=\"application\/ld+json\" class=\"yoast-schema-graph\">{\"@context\":\"https:\/\/schema.org\",\"@graph\":[{\"@type\":\"WebPage\",\"@id\":\"https:\/\/luggagehero.com\/de\/newyork\/penn-station\/\",\"url\":\"https:\/\/luggagehero.com\/de\/newyork\/penn-station\/\",\"name\":\"Gep\u00e4ckaufbewahrung an der Penn Station sieben Tage die Woche - ab 1 $\/Stunde\",\"isPartOf\":{\"@id\":\"https:\/\/luggagehero.com\/de\/#website\"},\"primaryImageOfPage\":{\"@id\":\"https:\/\/luggagehero.com\/de\/newyork\/penn-station\/#primaryimage\"},\"image\":{\"@id\":\"https:\/\/luggagehero.com\/de\/newyork\/penn-station\/#primaryimage\"},\"thumbnailUrl\":\"https:\/\/luggagehero.com\/wp-content\/uploads\/2021\/07\/Skaermbillede-2021-07-02-kl.-14.24.58.png\",\"datePublished\":\"2019-12-02T07:43:09+00:00\",\"dateModified\":\"2023-08-22T11:48:20+00:00\",\"description\":\"Praktischer und g\u00fcnstiger Gep\u00e4ckaufbewahrungsservice in der N\u00e4he der Penn Station]. Ab 1$ pro Stunde. 3000 $-Versicherungsdeckung inkl. Sicherheitssiegel f\u00fcr jedes Gep\u00e4ckst\u00fcck. Buchen Sie online.\",\"breadcrumb\":{\"@id\":\"https:\/\/luggagehero.com\/de\/newyork\/penn-station\/#breadcrumb\"},\"inLanguage\":\"de-DE\",\"potentialAction\":[{\"@type\":\"ReadAction\",\"target\":[\"https:\/\/luggagehero.com\/de\/newyork\/penn-station\/\"]}]},{\"@type\":\"ImageObject\",\"inLanguage\":\"de-DE\",\"@id\":\"https:\/\/luggagehero.com\/de\/newyork\/penn-station\/#primaryimage\",\"url\":\"https:\/\/luggagehero.com\/wp-content\/uploads\/2021\/07\/Skaermbillede-2021-07-02-kl.-14.24.58.png\",\"contentUrl\":\"https:\/\/luggagehero.com\/wp-content\/uploads\/2021\/07\/Skaermbillede-2021-07-02-kl.-14.24.58.png\",\"width\":1170,\"height\":661,\"caption\":\"Penn Station NYC\"},{\"@type\":\"BreadcrumbList\",\"@id\":\"https:\/\/luggagehero.com\/de\/newyork\/penn-station\/#breadcrumb\",\"itemListElement\":[{\"@type\":\"ListItem\",\"position\":1,\"name\":\"Home\",\"item\":\"https:\/\/luggagehero.com\/de\/\"},{\"@type\":\"ListItem\",\"position\":2,\"name\":\"New York City\",\"item\":\"https:\/\/luggagehero.com\/de\/newyork\/\"},{\"@type\":\"ListItem\",\"position\":3,\"name\":\"Penn Station\"}]},{\"@type\":\"WebSite\",\"@id\":\"https:\/\/luggagehero.com\/de\/#website\",\"url\":\"https:\/\/luggagehero.com\/de\/\",\"name\":\"LuggageHero\",\"description\":\"Free yourself from luggage\",\"publisher\":{\"@id\":\"https:\/\/luggagehero.com\/de\/#organization\"},\"potentialAction\":[{\"@type\":\"SearchAction\",\"target\":{\"@type\":\"EntryPoint\",\"urlTemplate\":\"https:\/\/luggagehero.com\/de\/?s={search_term_string}\"},\"query-input\":{\"@type\":\"PropertyValueSpecification\",\"valueRequired\":true,\"valueName\":\"search_term_string\"}}],\"inLanguage\":\"de-DE\"},{\"@type\":\"Organization\",\"@id\":\"https:\/\/luggagehero.com\/de\/#organization\",\"name\":\"LuggageHero\",\"url\":\"https:\/\/luggagehero.com\/de\/\",\"logo\":{\"@type\":\"ImageObject\",\"inLanguage\":\"de-DE\",\"@id\":\"https:\/\/luggagehero.com\/de\/#\/schema\/logo\/image\/\",\"url\":\"https:\/\/luggagehero.com\/wp-content\/uploads\/2017\/04\/luggagehero_LOGO-RGB_kort_POS_200x200.png\",\"contentUrl\":\"https:\/\/luggagehero.com\/wp-content\/uploads\/2017\/04\/luggagehero_LOGO-RGB_kort_POS_200x200.png\",\"width\":200,\"height\":200,\"caption\":\"LuggageHero\"},\"image\":{\"@id\":\"https:\/\/luggagehero.com\/de\/#\/schema\/logo\/image\/\"},\"sameAs\":[\"https:\/\/www.facebook.com\/luggagehero\",\"https:\/\/x.com\/luggagehero\",\"https:\/\/www.instagram.com\/luggagehero\",\"https:\/\/www.linkedin.com\/company\/luggagehero\/\"]}]}<\/script>\n<!-- \/ Yoast SEO Premium plugin. -->","yoast_head_json":{"title":"Gep\u00e4ckaufbewahrung an der Penn Station sieben Tage die Woche - ab 1 $\/Stunde","description":"Praktischer und g\u00fcnstiger Gep\u00e4ckaufbewahrungsservice in der N\u00e4he der Penn Station]. Ab 1$ pro Stunde. 3000 $-Versicherungsdeckung inkl. Sicherheitssiegel f\u00fcr jedes Gep\u00e4ckst\u00fcck. Buchen Sie online.","robots":{"index":"index","follow":"follow","max-snippet":"max-snippet:-1","max-image-preview":"max-image-preview:large","max-video-preview":"max-video-preview:-1"},"canonical":"https:\/\/luggagehero.com\/de\/newyork\/penn-station\/","og_locale":"de_DE","og_type":"article","og_title":"Penn Station","og_description":"Praktischer und g\u00fcnstiger Gep\u00e4ckaufbewahrungsservice in der N\u00e4he der Penn Station]. Ab 1$ pro Stunde. 3000 $-Versicherungsdeckung inkl. Sicherheitssiegel f\u00fcr jedes Gep\u00e4ckst\u00fcck. Buchen Sie online.","og_url":"https:\/\/luggagehero.com\/de\/newyork\/penn-station\/","og_site_name":"LuggageHero","article_publisher":"https:\/\/www.facebook.com\/luggagehero","article_modified_time":"2023-08-22T11:48:20+00:00","og_image":[{"url":"https:\/\/luggagehero.com\/wp-content\/uploads\/2018\/07\/Penn-Station-luggage-storage.jpg","type":"","width":"","height":""}],"twitter_card":"summary_large_image","twitter_site":"@luggagehero","twitter_misc":{"Est. reading time":"2 minutes"},"schema":{"@context":"https:\/\/schema.org","@graph":[{"@type":"WebPage","@id":"https:\/\/luggagehero.com\/de\/newyork\/penn-station\/","url":"https:\/\/luggagehero.com\/de\/newyork\/penn-station\/","name":"Gep\u00e4ckaufbewahrung an der Penn Station sieben Tage die Woche - ab 1 $\/Stunde","isPartOf":{"@id":"https:\/\/luggagehero.com\/de\/#website"},"primaryImageOfPage":{"@id":"https:\/\/luggagehero.com\/de\/newyork\/penn-station\/#primaryimage"},"image":{"@id":"https:\/\/luggagehero.com\/de\/newyork\/penn-station\/#primaryimage"},"thumbnailUrl":"https:\/\/luggagehero.com\/wp-content\/uploads\/2021\/07\/Skaermbillede-2021-07-02-kl.-14.24.58.png","datePublished":"2019-12-02T07:43:09+00:00","dateModified":"2023-08-22T11:48:20+00:00","description":"Praktischer und g\u00fcnstiger Gep\u00e4ckaufbewahrungsservice in der N\u00e4he der Penn Station]. Ab 1$ pro Stunde. 3000 $-Versicherungsdeckung inkl. Sicherheitssiegel f\u00fcr jedes Gep\u00e4ckst\u00fcck. Buchen Sie online.","breadcrumb":{"@id":"https:\/\/luggagehero.com\/de\/newyork\/penn-station\/#breadcrumb"},"inLanguage":"de-DE","potentialAction":[{"@type":"ReadAction","target":["https:\/\/luggagehero.com\/de\/newyork\/penn-station\/"]}]},{"@type":"ImageObject","inLanguage":"de-DE","@id":"https:\/\/luggagehero.com\/de\/newyork\/penn-station\/#primaryimage","url":"https:\/\/luggagehero.com\/wp-content\/uploads\/2021\/07\/Skaermbillede-2021-07-02-kl.-14.24.58.png","contentUrl":"https:\/\/luggagehero.com\/wp-content\/uploads\/2021\/07\/Skaermbillede-2021-07-02-kl.-14.24.58.png","width":1170,"height":661,"caption":"Penn Station NYC"},{"@type":"BreadcrumbList","@id":"https:\/\/luggagehero.com\/de\/newyork\/penn-station\/#breadcrumb","itemListElement":[{"@type":"ListItem","position":1,"name":"Home","item":"https:\/\/luggagehero.com\/de\/"},{"@type":"ListItem","position":2,"name":"New York City","item":"https:\/\/luggagehero.com\/de\/newyork\/"},{"@type":"ListItem","position":3,"name":"Penn Station"}]},{"@type":"WebSite","@id":"https:\/\/luggagehero.com\/de\/#website","url":"https:\/\/luggagehero.com\/de\/","name":"LuggageHero","description":"Free yourself from luggage","publisher":{"@id":"https:\/\/luggagehero.com\/de\/#organization"},"potentialAction":[{"@type":"SearchAction","target":{"@type":"EntryPoint","urlTemplate":"https:\/\/luggagehero.com\/de\/?s={search_term_string}"},"query-input":{"@type":"PropertyValueSpecification","valueRequired":true,"valueName":"search_term_string"}}],"inLanguage":"de-DE"},{"@type":"Organization","@id":"https:\/\/luggagehero.com\/de\/#organization","name":"LuggageHero","url":"https:\/\/luggagehero.com\/de\/","logo":{"@type":"ImageObject","inLanguage":"de-DE","@id":"https:\/\/luggagehero.com\/de\/#\/schema\/logo\/image\/","url":"https:\/\/luggagehero.com\/wp-content\/uploads\/2017\/04\/luggagehero_LOGO-RGB_kort_POS_200x200.png","contentUrl":"https:\/\/luggagehero.com\/wp-content\/uploads\/2017\/04\/luggagehero_LOGO-RGB_kort_POS_200x200.png","width":200,"height":200,"caption":"LuggageHero"},"image":{"@id":"https:\/\/luggagehero.com\/de\/#\/schema\/logo\/image\/"},"sameAs":["https:\/\/www.facebook.com\/luggagehero","https:\/\/x.com\/luggagehero","https:\/\/www.instagram.com\/luggagehero","https:\/\/www.linkedin.com\/company\/luggagehero\/"]}]}},"place_id":"","place_latitude_longitude":"40.749958788117475,-73.99156879954266","place_name":"Penn Station","criteria_title":"","criteria_description":"","meta_title":"","meta_description":"","children_criteria_title":"","children_criteria_description":"","children_meta_title":"","children_meta_description":"","_edit_last":"46","use_global_content":"","poi_type":"PublicTransit","content_raw":"<p style=\"text-align: left;\">Sie finden unsere Gep\u00e4ckaufbewahrungsm\u00f6glichkeiten gleich um die Ecke des Bahnhofs. Die Penn Station selbst bietet keine M\u00f6glichkeit zur Gep\u00e4ckaufbewahrung an. Denken Sie daran, dass die Penn Station einer der verkehrsreichsten Bahnh\u00f6fe der Welt ist. Reservieren Sie also im Voraus Platz f\u00fcr Ihr Gep\u00e4ck.<\/p>\r\n<p style=\"text-align: left;\">Die Penn Station befindet sich in Midtown West, von der 30th Street bis zur 34th Street zwischen der Seventh und der Eighth Avenue. Der beste Weg, um zur Penn Station zu gelangen, ist mit der U-Bahn oder dem Bus.<\/p>\r\nDurch die Nutzung der Gep\u00e4ckaufbewahrung in den \u00f6rtlichen Gesch\u00e4ften k\u00f6nnen Sie New York City erkunden, ohne Ihr Gep\u00e4ck mit sich herumschleppen zu m\u00fcssen. Planen Sie Ihre Reise nicht mit Gep\u00e4ck, sondern machen Sie aus Ihrer Reise einen Urlaub.\r\n\r\nMit mehr als 140 LuggageHeroes in <a href=\"https:\/\/luggagehero.com\/newyork\/\">New York <\/a>haben Sie mehr als genug M\u00f6glichkeiten, Ihr Gep\u00e4ck abzugeben, w\u00e4hrend Sie die Stadt erkunden. Eine Gep\u00e4ckaufbewahrung \u00fcber Nacht ist kein Problem.\r\n\r\nAlle unsere Shops sind <a href=\"https:\/\/luggagehero.com\/about\/certified-shops\/\">von LuggageHero zertifiziert<\/a> und mit unseren <a href=\"https:\/\/luggagehero.com\/about\/security-seal\/\">Sicherungssiegeln<\/a> versehen, mit denen jedes Gep\u00e4ckst\u00fcck bis zu [pricing insurancecoverage] versichert ist.\r\n\r\n&nbsp;\r\n\r\n<img class=\"aligncenter wp-image-3374 size-full\" src=\"https:\/\/luggagehero.com\/wp-content\/uploads\/2018\/07\/Penn-Station-luggage-storage.jpg\" alt=\"Gep\u00e4ckaufbewahrung Penn Station\" width=\"764\" height=\"352\" \/>\r\n<h2><\/h2>\r\n<h2 style=\"text-align: center;\">Penn Station<\/h2>\r\n<ul>\r\n \t<li>7 Tage die Woche, rund um die Uhr ge\u00f6ffnet.<\/li>\r\n \t<li>Keine Gep\u00e4ckaufbewahrung im Bahnhof. Finden Sie Ihren Gep\u00e4ckaufbewahrungsort um die Ecke, indem Sie <a href=\"https:\/\/app.luggagehero.com\/home;location=Pennsylvania%20Station;lat=40,750568;lon=-73,99351899999999;bags=1;geolocate=false\">hier<\/a>klicken.<\/li>\r\n<\/ul>\r\nDie New York Penn Station oder auch Penn Station genannt, bietet eine direkte Zugverbindung zum Flughafen Newark und befindet sich direkt neben dem Madison Square Garden in der Midtown Area von <a href=\"https:\/\/luggagehero.com\/newyork\/manhattan\/\">Manhattan<\/a>. Dies ist ein ausgezeichneter Ort, um Ihr Gep\u00e4ck bei Ankunft oder Abreise aus New York City aufzubewahren.\r\n\r\nDer Bahnhof selbst bietet keine M\u00f6glichkeit zur Gep\u00e4ckaufbewahrung an. Gl\u00fccklicherweise haben wir uns mit bestehenden Unternehmen in der N\u00e4he der Penn Station zusammengetan, um Reisenden eine bequeme und g\u00fcnstige Gep\u00e4ckaufbewahrung zu bieten, ab [pricing hourlyrate]. Sie werden LuggageHeroes genannt und Ihr Gep\u00e4ck ist <a href=\"https:\/\/luggagehero.com\/about\/security-seal\/\">versiegelt<\/a> und <a href=\"https:\/\/luggagehero.com\/about\/insurance\/\">versichert<\/a> ab [pricing insurancecoverage], wenn Sie Ihr Gep\u00e4ck dort aufbewahren.\r\n\r\nWir helfen Ihnen, damit Sie Ihre Tage in <a href=\"https:\/\/luggagehero.com\/newyork\/\">New York<\/a> richtig genie\u00dfen k\u00f6nnen und k\u00fcmmern uns um Ihr Gep\u00e4ck in der N\u00e4he der Penn Station, w\u00e4hrend Sie die Stadt erkunden.\r\n\r\n&nbsp;","_links":{"self":[{"href":"https:\/\/luggagehero.com\/de\/wp-json\/wp\/v2\/pages\/12361","targetHints":{"allow":["GET"]}}],"collection":[{"href":"https:\/\/luggagehero.com\/de\/wp-json\/wp\/v2\/pages"}],"about":[{"href":"https:\/\/luggagehero.com\/de\/wp-json\/wp\/v2\/types\/page"}],"author":[{"embeddable":true,"href":"https:\/\/luggagehero.com\/de\/wp-json\/wp\/v2\/users\/9"}],"replies":[{"embeddable":true,"href":"https:\/\/luggagehero.com\/de\/wp-json\/wp\/v2\/comments?post=12361"}],"version-history":[{"count":0,"href":"https:\/\/luggagehero.com\/de\/wp-json\/wp\/v2\/pages\/12361\/revisions"}],"up":[{"embeddable":true,"href":"https:\/\/luggagehero.com\/de\/wp-json\/wp\/v2\/pages\/11561"}],"wp:featuredmedia":[{"embeddable":true,"href":"https:\/\/luggagehero.com\/de\/wp-json\/wp\/v2\/media\/37123"}],"wp:attachment":[{"href":"https:\/\/luggagehero.com\/de\/wp-json\/wp\/v2\/media?parent=12361"}],"curies":[{"name":"wp","href":"https:\/\/api.w.org\/{rel}","templated":true}]}}