{"id":12369,"date":"2019-12-02T07:43:10","date_gmt":"2019-12-02T07:43:10","guid":{"rendered":"https:\/\/luggagehero.com\/london\/st-pancras-international\/"},"modified":"2023-08-22T12:05:50","modified_gmt":"2023-08-22T12:05:50","slug":"st-pancras-international","status":"publish","type":"page","link":"https:\/\/luggagehero.com\/de\/london\/st-pancras-international\/","title":{"rendered":"St Pancras International"},"content":{"rendered":"<p>Suchen Sie nach einer Gep\u00e4ckaufbewahrungsm\u00f6glichkeit in der N\u00e4he von St Pancras International? Geben Sie Ihr Gep\u00e4ck an einem unserer Gep\u00e4ckaufbewahrungorte gleich um die Ecke ab. Unsere LuggageHeroes in in der N\u00e4he von St Pancras International k\u00fcmmern sich um Ihr Gep\u00e4ck, w\u00e4hrend Sie die Umgebung erkunden.<\/p>\n<p>LuggageHero bietet Ihnen eine einfache und bequeme Gep\u00e4ckaufbewahrung, mit der Sie Ihre Reise in einen Urlaub verwandeln k\u00f6nnen.<\/p>\n<p>Um Ihren sich st\u00e4ndig \u00e4ndernden Pl\u00e4nen gerecht zu werden, handhaben wir eine risikofreie Buchungsrichtlinie. Sie zahlen nur, wenn Sie den Service auch nutzen. Geben Sie Ihr Gep\u00e4ck ab und holen Sie es wieder ab, wann immer es Ihnen passt. Unser Gep\u00e4ckaufbewahrungs-Timer sorgt daf\u00fcr, dass Sie nur f\u00fcr die Stunden bezahlen, in denen Ihr Gep\u00e4ck aufbewahrt wurde.<\/p>\n<p>Alle unsere Shops sind von LuggageHero zertifiziert und mit unseren Sicherungssiegeln versehen, mit denen jedes Gep\u00e4ckst\u00fcck bis zu <pricing-component type=\"insurancecoverage\"><\/pricing-component> versichert ist.<\/p>\n<p>&nbsp;<\/p>\n<p><img loading=\"lazy\" decoding=\"async\" class=\"aligncenter wp-image-1966 size-full\" src=\"https:\/\/luggagehero.com\/wp-content\/uploads\/2018\/02\/St_pancras_international_Luggage_storage.jpg\" alt=\"St Pancras International London\" width=\"640\" height=\"360\" srcset=\"https:\/\/luggagehero.com\/wp-content\/uploads\/2018\/02\/St_pancras_international_Luggage_storage.jpg 640w, https:\/\/luggagehero.com\/wp-content\/uploads\/2018\/02\/St_pancras_international_Luggage_storage-300x169.jpg 300w, https:\/\/luggagehero.com\/wp-content\/uploads\/2018\/02\/St_pancras_international_Luggage_storage-600x338.jpg 600w\" sizes=\"auto, (max-width: 640px) 100vw, 640px\" \/><\/p>\n<p>&nbsp;<\/p>\n<h2 style=\"text-align: center;\">St Pancras International<\/h2>\n<p>St. Pancras International Railway Station bietet Eurostar-Verbindungen nach<a href=\"https:\/\/luggagehero.com\/brussels\/\">Br\u00fcssel<\/a>und<a href=\"https:\/\/luggagehero.com\/paris\/\">Paris<\/a>. Der Bahnhof verf\u00fcgt \u00fcber Gesch\u00e4fte, Bars, Restaurants und \u00f6ffentliche Toiletten und beherbergt auch die l\u00e4ngste Champagner-Bar Europas!<\/p>\n<p>Wenn Sie jedoch kein Interesse daran haben, am Bahnhof zu bleiben oder Ihr Gep\u00e4ck herumzuschleppen, sollten Sie es bei einem LuggageHero aufbewahren. Ein niedriger Stundensatz passt am besten zu Ihren Reisepl\u00e4nen und gibt Ihnen die M\u00f6glichkeit, Ihr Gep\u00e4ck f\u00fcr ein paar Stunden oder l\u00e4nger aufzubewahren. Ein ganzer Tag f\u00fcr die Gep\u00e4ckaufbewahrung kostet nicht mehr als 10 \u00a3 \/ Gep\u00e4ckst\u00fcck.<\/p>\n<p>St Pancras International befindet sich in zentraler Lage, sodass Sie ganz <a href=\"https:\/\/luggagehero.com\/london\/\">London<\/a> bequem erreichen. Der Bahnhof ist mit U-Bahnlinien und dem Thameslink Train Service verbunden. Wenn Sie Ihr Gep\u00e4ck in der N\u00e4he haben m\u00f6chten, werfen Sie einen Blick auf unsere anderen Gep\u00e4ckaufbewahrungsorte in der N\u00e4he des Bahnhofs oder geben Sie einen Bereich in unserer <a href=\"https:\/\/app.luggagehero.com\/home;location=London;lat=51,5073509;lon=-0,12775829999998223\">Buchungsmaschine<\/a> an.<\/p>\n<p>Reisen Sie von der King&#8217;s Cross Train Station, die sich neben St Pancras International befindet, zu anderen Zielen in Gro\u00dfbritannien.<\/p>\n<p>&nbsp;<\/p>\n","protected":false},"excerpt":{"rendered":"<p>Suchen Sie nach einer Gep\u00e4ckaufbewahrungsm\u00f6glichkeit in der N\u00e4he von St Pancras International? Geben Sie Ihr Gep\u00e4ck an einem unserer Gep\u00e4ckaufbewahrungorte gleich um die Ecke ab. Unsere LuggageHeroes in in der N\u00e4he von St Pancras International k\u00fcmmern sich um Ihr Gep\u00e4ck, w\u00e4hrend Sie die Umgebung erkunden. LuggageHero bietet Ihnen eine einfache und bequeme Gep\u00e4ckaufbewahrung, mit der [&hellip;]<\/p>\n","protected":false},"author":9,"featured_media":0,"parent":11513,"menu_order":0,"comment_status":"closed","ping_status":"closed","template":"template-location.php","meta":{"_acf_changed":false,"footnotes":""},"class_list":["post-12369","page","type-page","status-publish","hentry"],"acf":[],"yoast_head":"<!-- This site is optimized with the Yoast SEO Premium plugin v27.0 (Yoast SEO v27.0) - https:\/\/yoast.com\/product\/yoast-seo-premium-wordpress\/ -->\n<title>Gep\u00e4ckaufbewahrung am St Pancras International - sieben Tage die Woche - ab 1 \u00a3\/Stunde<\/title>\n<meta name=\"description\" content=\"Praktischer und g\u00fcnstiger Gep\u00e4ckaufbewahrungsservice in der N\u00e4he von St Pancras International ab 1 \u00a3\/Stunde. Inkl. Versicherungsdeckung bis 2200 \u00a3. Buchen Sie online.\" \/>\n<meta name=\"robots\" content=\"index, follow, max-snippet:-1, max-image-preview:large, max-video-preview:-1\" \/>\n<link rel=\"canonical\" href=\"https:\/\/luggagehero.com\/de\/london\/st-pancras-international\/\" \/>\n<meta property=\"og:locale\" content=\"de_DE\" \/>\n<meta property=\"og:type\" content=\"article\" \/>\n<meta property=\"og:title\" content=\"St Pancras International\" \/>\n<meta property=\"og:description\" content=\"Praktischer und g\u00fcnstiger Gep\u00e4ckaufbewahrungsservice in der N\u00e4he von St Pancras International ab 1 \u00a3\/Stunde. Inkl. Versicherungsdeckung bis 2200 \u00a3. Buchen Sie online.\" \/>\n<meta property=\"og:url\" content=\"https:\/\/luggagehero.com\/de\/london\/st-pancras-international\/\" \/>\n<meta property=\"og:site_name\" content=\"LuggageHero\" \/>\n<meta property=\"article:publisher\" content=\"https:\/\/www.facebook.com\/luggagehero\" \/>\n<meta property=\"article:modified_time\" content=\"2023-08-22T12:05:50+00:00\" \/>\n<meta property=\"og:image\" content=\"https:\/\/luggagehero.com\/wp-content\/uploads\/2018\/02\/St_pancras_international_Luggage_storage.jpg\" \/>\n<meta name=\"twitter:card\" content=\"summary_large_image\" \/>\n<meta name=\"twitter:site\" content=\"@luggagehero\" \/>\n<meta name=\"twitter:label1\" content=\"Est. reading time\" \/>\n\t<meta name=\"twitter:data1\" content=\"2 minutes\" \/>\n<script type=\"application\/ld+json\" class=\"yoast-schema-graph\">{\"@context\":\"https:\/\/schema.org\",\"@graph\":[{\"@type\":\"WebPage\",\"@id\":\"https:\/\/luggagehero.com\/de\/london\/st-pancras-international\/\",\"url\":\"https:\/\/luggagehero.com\/de\/london\/st-pancras-international\/\",\"name\":\"Gep\u00e4ckaufbewahrung am St Pancras International - sieben Tage die Woche - ab 1 \u00a3\/Stunde\",\"isPartOf\":{\"@id\":\"https:\/\/luggagehero.com\/de\/#website\"},\"primaryImageOfPage\":{\"@id\":\"https:\/\/luggagehero.com\/de\/london\/st-pancras-international\/#primaryimage\"},\"image\":{\"@id\":\"https:\/\/luggagehero.com\/de\/london\/st-pancras-international\/#primaryimage\"},\"thumbnailUrl\":\"https:\/\/luggagehero.com\/wp-content\/uploads\/2018\/02\/St_pancras_international_Luggage_storage.jpg\",\"datePublished\":\"2019-12-02T07:43:10+00:00\",\"dateModified\":\"2023-08-22T12:05:50+00:00\",\"description\":\"Praktischer und g\u00fcnstiger Gep\u00e4ckaufbewahrungsservice in der N\u00e4he von St Pancras International ab 1 \u00a3\/Stunde. Inkl. Versicherungsdeckung bis 2200 \u00a3. Buchen Sie online.\",\"breadcrumb\":{\"@id\":\"https:\/\/luggagehero.com\/de\/london\/st-pancras-international\/#breadcrumb\"},\"inLanguage\":\"de-DE\",\"potentialAction\":[{\"@type\":\"ReadAction\",\"target\":[\"https:\/\/luggagehero.com\/de\/london\/st-pancras-international\/\"]}]},{\"@type\":\"ImageObject\",\"inLanguage\":\"de-DE\",\"@id\":\"https:\/\/luggagehero.com\/de\/london\/st-pancras-international\/#primaryimage\",\"url\":\"https:\/\/luggagehero.com\/wp-content\/uploads\/2018\/02\/St_pancras_international_Luggage_storage.jpg\",\"contentUrl\":\"https:\/\/luggagehero.com\/wp-content\/uploads\/2018\/02\/St_pancras_international_Luggage_storage.jpg\"},{\"@type\":\"BreadcrumbList\",\"@id\":\"https:\/\/luggagehero.com\/de\/london\/st-pancras-international\/#breadcrumb\",\"itemListElement\":[{\"@type\":\"ListItem\",\"position\":1,\"name\":\"Home\",\"item\":\"https:\/\/luggagehero.com\/de\/\"},{\"@type\":\"ListItem\",\"position\":2,\"name\":\"London\",\"item\":\"https:\/\/luggagehero.com\/de\/london\/\"},{\"@type\":\"ListItem\",\"position\":3,\"name\":\"St Pancras International\"}]},{\"@type\":\"WebSite\",\"@id\":\"https:\/\/luggagehero.com\/de\/#website\",\"url\":\"https:\/\/luggagehero.com\/de\/\",\"name\":\"LuggageHero\",\"description\":\"Free yourself from luggage\",\"publisher\":{\"@id\":\"https:\/\/luggagehero.com\/de\/#organization\"},\"potentialAction\":[{\"@type\":\"SearchAction\",\"target\":{\"@type\":\"EntryPoint\",\"urlTemplate\":\"https:\/\/luggagehero.com\/de\/?s={search_term_string}\"},\"query-input\":{\"@type\":\"PropertyValueSpecification\",\"valueRequired\":true,\"valueName\":\"search_term_string\"}}],\"inLanguage\":\"de-DE\"},{\"@type\":\"Organization\",\"@id\":\"https:\/\/luggagehero.com\/de\/#organization\",\"name\":\"LuggageHero\",\"url\":\"https:\/\/luggagehero.com\/de\/\",\"logo\":{\"@type\":\"ImageObject\",\"inLanguage\":\"de-DE\",\"@id\":\"https:\/\/luggagehero.com\/de\/#\/schema\/logo\/image\/\",\"url\":\"https:\/\/luggagehero.com\/wp-content\/uploads\/2017\/04\/luggagehero_LOGO-RGB_kort_POS_200x200.png\",\"contentUrl\":\"https:\/\/luggagehero.com\/wp-content\/uploads\/2017\/04\/luggagehero_LOGO-RGB_kort_POS_200x200.png\",\"width\":200,\"height\":200,\"caption\":\"LuggageHero\"},\"image\":{\"@id\":\"https:\/\/luggagehero.com\/de\/#\/schema\/logo\/image\/\"},\"sameAs\":[\"https:\/\/www.facebook.com\/luggagehero\",\"https:\/\/x.com\/luggagehero\",\"https:\/\/www.instagram.com\/luggagehero\",\"https:\/\/www.linkedin.com\/company\/luggagehero\/\"]}]}<\/script>\n<!-- \/ Yoast SEO Premium plugin. -->","yoast_head_json":{"title":"Gep\u00e4ckaufbewahrung am St Pancras International - sieben Tage die Woche - ab 1 \u00a3\/Stunde","description":"Praktischer und g\u00fcnstiger Gep\u00e4ckaufbewahrungsservice in der N\u00e4he von St Pancras International ab 1 \u00a3\/Stunde. Inkl. Versicherungsdeckung bis 2200 \u00a3. Buchen Sie online.","robots":{"index":"index","follow":"follow","max-snippet":"max-snippet:-1","max-image-preview":"max-image-preview:large","max-video-preview":"max-video-preview:-1"},"canonical":"https:\/\/luggagehero.com\/de\/london\/st-pancras-international\/","og_locale":"de_DE","og_type":"article","og_title":"St Pancras International","og_description":"Praktischer und g\u00fcnstiger Gep\u00e4ckaufbewahrungsservice in der N\u00e4he von St Pancras International ab 1 \u00a3\/Stunde. Inkl. Versicherungsdeckung bis 2200 \u00a3. Buchen Sie online.","og_url":"https:\/\/luggagehero.com\/de\/london\/st-pancras-international\/","og_site_name":"LuggageHero","article_publisher":"https:\/\/www.facebook.com\/luggagehero","article_modified_time":"2023-08-22T12:05:50+00:00","og_image":[{"url":"https:\/\/luggagehero.com\/wp-content\/uploads\/2018\/02\/St_pancras_international_Luggage_storage.jpg","type":"","width":"","height":""}],"twitter_card":"summary_large_image","twitter_site":"@luggagehero","twitter_misc":{"Est. reading time":"2 minutes"},"schema":{"@context":"https:\/\/schema.org","@graph":[{"@type":"WebPage","@id":"https:\/\/luggagehero.com\/de\/london\/st-pancras-international\/","url":"https:\/\/luggagehero.com\/de\/london\/st-pancras-international\/","name":"Gep\u00e4ckaufbewahrung am St Pancras International - sieben Tage die Woche - ab 1 \u00a3\/Stunde","isPartOf":{"@id":"https:\/\/luggagehero.com\/de\/#website"},"primaryImageOfPage":{"@id":"https:\/\/luggagehero.com\/de\/london\/st-pancras-international\/#primaryimage"},"image":{"@id":"https:\/\/luggagehero.com\/de\/london\/st-pancras-international\/#primaryimage"},"thumbnailUrl":"https:\/\/luggagehero.com\/wp-content\/uploads\/2018\/02\/St_pancras_international_Luggage_storage.jpg","datePublished":"2019-12-02T07:43:10+00:00","dateModified":"2023-08-22T12:05:50+00:00","description":"Praktischer und g\u00fcnstiger Gep\u00e4ckaufbewahrungsservice in der N\u00e4he von St Pancras International ab 1 \u00a3\/Stunde. Inkl. Versicherungsdeckung bis 2200 \u00a3. Buchen Sie online.","breadcrumb":{"@id":"https:\/\/luggagehero.com\/de\/london\/st-pancras-international\/#breadcrumb"},"inLanguage":"de-DE","potentialAction":[{"@type":"ReadAction","target":["https:\/\/luggagehero.com\/de\/london\/st-pancras-international\/"]}]},{"@type":"ImageObject","inLanguage":"de-DE","@id":"https:\/\/luggagehero.com\/de\/london\/st-pancras-international\/#primaryimage","url":"https:\/\/luggagehero.com\/wp-content\/uploads\/2018\/02\/St_pancras_international_Luggage_storage.jpg","contentUrl":"https:\/\/luggagehero.com\/wp-content\/uploads\/2018\/02\/St_pancras_international_Luggage_storage.jpg"},{"@type":"BreadcrumbList","@id":"https:\/\/luggagehero.com\/de\/london\/st-pancras-international\/#breadcrumb","itemListElement":[{"@type":"ListItem","position":1,"name":"Home","item":"https:\/\/luggagehero.com\/de\/"},{"@type":"ListItem","position":2,"name":"London","item":"https:\/\/luggagehero.com\/de\/london\/"},{"@type":"ListItem","position":3,"name":"St Pancras International"}]},{"@type":"WebSite","@id":"https:\/\/luggagehero.com\/de\/#website","url":"https:\/\/luggagehero.com\/de\/","name":"LuggageHero","description":"Free yourself from luggage","publisher":{"@id":"https:\/\/luggagehero.com\/de\/#organization"},"potentialAction":[{"@type":"SearchAction","target":{"@type":"EntryPoint","urlTemplate":"https:\/\/luggagehero.com\/de\/?s={search_term_string}"},"query-input":{"@type":"PropertyValueSpecification","valueRequired":true,"valueName":"search_term_string"}}],"inLanguage":"de-DE"},{"@type":"Organization","@id":"https:\/\/luggagehero.com\/de\/#organization","name":"LuggageHero","url":"https:\/\/luggagehero.com\/de\/","logo":{"@type":"ImageObject","inLanguage":"de-DE","@id":"https:\/\/luggagehero.com\/de\/#\/schema\/logo\/image\/","url":"https:\/\/luggagehero.com\/wp-content\/uploads\/2017\/04\/luggagehero_LOGO-RGB_kort_POS_200x200.png","contentUrl":"https:\/\/luggagehero.com\/wp-content\/uploads\/2017\/04\/luggagehero_LOGO-RGB_kort_POS_200x200.png","width":200,"height":200,"caption":"LuggageHero"},"image":{"@id":"https:\/\/luggagehero.com\/de\/#\/schema\/logo\/image\/"},"sameAs":["https:\/\/www.facebook.com\/luggagehero","https:\/\/x.com\/luggagehero","https:\/\/www.instagram.com\/luggagehero","https:\/\/www.linkedin.com\/company\/luggagehero\/"]}]}},"place_id":"","place_latitude_longitude":"51.5314,-0.1261","place_name":"St Pancras International","criteria_title":"","criteria_description":"","meta_title":"","meta_description":"","children_criteria_title":"","children_criteria_description":"","children_meta_title":"","children_meta_description":"","_edit_last":"46","use_global_content":"","poi_type":"PublicTransit","content_raw":"Suchen Sie nach einer Gep\u00e4ckaufbewahrungsm\u00f6glichkeit in der N\u00e4he von St Pancras International? Geben Sie Ihr Gep\u00e4ck an einem unserer Gep\u00e4ckaufbewahrungorte gleich um die Ecke ab. Unsere LuggageHeroes in in der N\u00e4he von St Pancras International k\u00fcmmern sich um Ihr Gep\u00e4ck, w\u00e4hrend Sie die Umgebung erkunden.\r\n\r\nLuggageHero bietet Ihnen eine einfache und bequeme Gep\u00e4ckaufbewahrung, mit der Sie Ihre Reise in einen Urlaub verwandeln k\u00f6nnen.\r\n\r\nUm Ihren sich st\u00e4ndig \u00e4ndernden Pl\u00e4nen gerecht zu werden, handhaben wir eine risikofreie Buchungsrichtlinie. Sie zahlen nur, wenn Sie den Service auch nutzen. Geben Sie Ihr Gep\u00e4ck ab und holen Sie es wieder ab, wann immer es Ihnen passt. Unser Gep\u00e4ckaufbewahrungs-Timer sorgt daf\u00fcr, dass Sie nur f\u00fcr die Stunden bezahlen, in denen Ihr Gep\u00e4ck aufbewahrt wurde.\r\n\r\nAlle unsere Shops sind von LuggageHero zertifiziert und mit unseren Sicherungssiegeln versehen, mit denen jedes Gep\u00e4ckst\u00fcck bis zu [pricing insurancecoverage] versichert ist.\r\n\r\n&nbsp;\r\n\r\n<img class=\"aligncenter wp-image-1966 size-full\" src=\"https:\/\/luggagehero.com\/wp-content\/uploads\/2018\/02\/St_pancras_international_Luggage_storage.jpg\" alt=\"St Pancras International London\" width=\"640\" height=\"360\" \/>\r\n\r\n&nbsp;\r\n<h2 style=\"text-align: center;\">St Pancras International<\/h2>\r\nSt. Pancras International Railway Station bietet Eurostar-Verbindungen nach<a href=\"https:\/\/luggagehero.com\/brussels\/\">Br\u00fcssel<\/a>und<a href=\"https:\/\/luggagehero.com\/paris\/\">Paris<\/a>. Der Bahnhof verf\u00fcgt \u00fcber Gesch\u00e4fte, Bars, Restaurants und \u00f6ffentliche Toiletten und beherbergt auch die l\u00e4ngste Champagner-Bar Europas!\r\n\r\nWenn Sie jedoch kein Interesse daran haben, am Bahnhof zu bleiben oder Ihr Gep\u00e4ck herumzuschleppen, sollten Sie es bei einem LuggageHero aufbewahren. Ein niedriger Stundensatz passt am besten zu Ihren Reisepl\u00e4nen und gibt Ihnen die M\u00f6glichkeit, Ihr Gep\u00e4ck f\u00fcr ein paar Stunden oder l\u00e4nger aufzubewahren. Ein ganzer Tag f\u00fcr die Gep\u00e4ckaufbewahrung kostet nicht mehr als 10 \u00a3 \/ Gep\u00e4ckst\u00fcck.\r\n\r\nSt Pancras International befindet sich in zentraler Lage, sodass Sie ganz <a href=\"https:\/\/luggagehero.com\/london\/\">London<\/a> bequem erreichen. Der Bahnhof ist mit U-Bahnlinien und dem Thameslink Train Service verbunden. Wenn Sie Ihr Gep\u00e4ck in der N\u00e4he haben m\u00f6chten, werfen Sie einen Blick auf unsere anderen Gep\u00e4ckaufbewahrungsorte in der N\u00e4he des Bahnhofs oder geben Sie einen Bereich in unserer <a href=\"https:\/\/app.luggagehero.com\/home;location=London;lat=51,5073509;lon=-0,12775829999998223\">Buchungsmaschine<\/a> an.\r\n\r\nReisen Sie von der King's Cross Train Station, die sich neben St Pancras International befindet, zu anderen Zielen in Gro\u00dfbritannien.\r\n\r\n&nbsp;","_links":{"self":[{"href":"https:\/\/luggagehero.com\/de\/wp-json\/wp\/v2\/pages\/12369","targetHints":{"allow":["GET"]}}],"collection":[{"href":"https:\/\/luggagehero.com\/de\/wp-json\/wp\/v2\/pages"}],"about":[{"href":"https:\/\/luggagehero.com\/de\/wp-json\/wp\/v2\/types\/page"}],"author":[{"embeddable":true,"href":"https:\/\/luggagehero.com\/de\/wp-json\/wp\/v2\/users\/9"}],"replies":[{"embeddable":true,"href":"https:\/\/luggagehero.com\/de\/wp-json\/wp\/v2\/comments?post=12369"}],"version-history":[{"count":0,"href":"https:\/\/luggagehero.com\/de\/wp-json\/wp\/v2\/pages\/12369\/revisions"}],"up":[{"embeddable":true,"href":"https:\/\/luggagehero.com\/de\/wp-json\/wp\/v2\/pages\/11513"}],"wp:attachment":[{"href":"https:\/\/luggagehero.com\/de\/wp-json\/wp\/v2\/media?parent=12369"}],"curies":[{"name":"wp","href":"https:\/\/api.w.org\/{rel}","templated":true}]}}