{"id":12371,"date":"2019-12-02T07:43:11","date_gmt":"2019-12-02T07:43:11","guid":{"rendered":"https:\/\/luggagehero.com\/london\/waterloo-station\/"},"modified":"2023-09-05T11:36:22","modified_gmt":"2023-09-05T11:36:22","slug":"waterloo-station","status":"publish","type":"page","link":"https:\/\/luggagehero.com\/de\/london\/waterloo-station\/","title":{"rendered":"Waterloo Station"},"content":{"rendered":"<p>Suchen Sie eine Gep\u00e4ckaufbewahrung in der N\u00e4he der Waterloo Station? Sie k\u00f6nnen Ihr Gep\u00e4ck an einem unserer Gep\u00e4ckaufbewahrungsorte gleich um die Ecke des Bahnhofs aufbewahren. Unsere Partner-Standorte k\u00fcmmern sich gut um Ihr Gep\u00e4ck, w\u00e4hrend Sie <a href=\"https:\/\/luggagehero.com\/london\/\">London<\/a>entdecken.<\/p>\n<p>LuggageHero-Gep\u00e4ckaufbewahrungsstandorte sind <a href=\"https:\/\/luggagehero.com\/about\/certified-shops\/\">zertifizierte<\/a> Hotels, Caf\u00e9s und Gesch\u00e4fte. Wenn Sie im Voraus buchen, ist Ihnen ein Platz f\u00fcr Ihr Gep\u00e4ck garantiert. Sollten sich Ihre Reisepl\u00e4ne \u00e4ndern, k\u00f6nnen Sie Ihre Buchung jederzeit problemlos stornieren. Adresse und Wegbeschreibung stehen zum Zeitpunkt der Buchung zur Verf\u00fcgung und werden Ihnen per E-Mail zugesandt.<\/p>\n<p>LuggageHero nutzt einen Gep\u00e4ckaufbewahrungs-Timer, um die von Ihnen in Anspruch genommenen Stunden zu berechnen. Sobald Sie am Gep\u00e4ckaufbewahrungsort eintreffen, starten Sie den Gep\u00e4ckaufbewahrungs-Timer auf Ihrer Buchungsseite. Wenn Sie den Gep\u00e4ckaufbewahrungs-Timer stoppen, sobald Sie Ihr Gep\u00e4ck abholen, wird der Zahlungsvorgang automatisch aktiviert. Alle Gep\u00e4ckst\u00fccke werden mit unserem <a href=\"https:\/\/luggagehero.com\/about\/security-seal\/\">Sicherheitssiegel<\/a>\u00a0versehen, mit dem jedes Gep\u00e4ckst\u00fcck bis zu <pricing-component type=\"insurancecoverage\"><\/pricing-component> versichert ist.<\/p>\n<p>&nbsp;<\/p>\n<h2 style=\"text-align: center;\"><img loading=\"lazy\" decoding=\"async\" class=\"aligncenter wp-image-1980 size-large\" src=\"https:\/\/luggagehero.com\/wp-content\/uploads\/2018\/02\/luggage_storage_waterloo_station-800x533.jpg\" alt=\"Waterloo Station London\" width=\"800\" height=\"533\" srcset=\"https:\/\/luggagehero.com\/wp-content\/uploads\/2018\/02\/luggage_storage_waterloo_station-800x533.jpg 800w, https:\/\/luggagehero.com\/wp-content\/uploads\/2018\/02\/luggage_storage_waterloo_station-300x200.jpg 300w, https:\/\/luggagehero.com\/wp-content\/uploads\/2018\/02\/luggage_storage_waterloo_station-600x400.jpg 600w\" sizes=\"auto, (max-width: 800px) 100vw, 800px\" \/><\/h2>\n<p>&nbsp;<\/p>\n<h2 style=\"text-align: center;\">Waterloo Station<\/h2>\n<p>Waterloo Station ist ein gro\u00dfer Bahnhof und U-Bahnhof in <a href=\"https:\/\/luggagehero.com\/london\/\">London<\/a>. Der Bahnhof befindet sich in der N\u00e4he vieler Touristenattraktionen wie dem <a href=\"https:\/\/luggagehero.com\/london\/london-eye\/\">London Eye<\/a>, der South Bank und der County Hall. Der Bahnhof befindet sich im Zentrum von London und in der N\u00e4he von Lambeth und Southwark. Die Waterloo Station ist Haltestation der Jubilee Line, der Bakerloo Lines und der Northern Line.<\/p>\n<p>Die Gep\u00e4ckaufbewahrung mit LuggageHero in der N\u00e4he der Waterloo Station ist die einfachste, bequemste und g\u00fcnstigste L\u00f6sung zur Gep\u00e4ckaufbewahrung. Mit LuggageHero machen Sie aus Ihrer Reise einen unvergesslichen Urlaub Finden Sie einfach den Shop, der am besten zu Ihren Reisepl\u00e4nen passt, und buchen Sie online. Geben Sie Ihr Gep\u00e4ck f\u00fcr ein paar Stunden oder l\u00e4nger in einem Shop ab. Eine Gep\u00e4ckaufbewahrung \u00fcber Nacht ist kein Problem.<\/p>\n<p>&nbsp;<\/p>\n<p>&nbsp;<\/p>\n","protected":false},"excerpt":{"rendered":"<p>Suchen Sie eine Gep\u00e4ckaufbewahrung in der N\u00e4he der Waterloo Station? Sie k\u00f6nnen Ihr Gep\u00e4ck an einem unserer Gep\u00e4ckaufbewahrungsorte gleich um die Ecke des Bahnhofs aufbewahren. Unsere Partner-Standorte k\u00fcmmern sich gut um Ihr Gep\u00e4ck, w\u00e4hrend Sie Londonentdecken. LuggageHero-Gep\u00e4ckaufbewahrungsstandorte sind zertifizierte Hotels, Caf\u00e9s und Gesch\u00e4fte. Wenn Sie im Voraus buchen, ist Ihnen ein Platz f\u00fcr Ihr Gep\u00e4ck [&hellip;]<\/p>\n","protected":false},"author":9,"featured_media":54564,"parent":11513,"menu_order":0,"comment_status":"closed","ping_status":"closed","template":"template-location.php","meta":{"_acf_changed":false,"footnotes":""},"class_list":["post-12371","page","type-page","status-publish","has-post-thumbnail","hentry"],"acf":[],"yoast_head":"<!-- This site is optimized with the Yoast SEO Premium plugin v27.0 (Yoast SEO v27.0) - https:\/\/yoast.com\/product\/yoast-seo-premium-wordpress\/ -->\n<title>Gep\u00e4ckaufbewahrung an der Waterloo Station sieben Tage die Woche - ab 1 \u00a3\/Stunde<\/title>\n<meta name=\"description\" content=\"Praktischer und g\u00fcnstiger Gep\u00e4ckaufbewahrungsservice in der N\u00e4he der Waterloo Station. Ab 1 \u00a3 pro Stunde. 2200 \u00a3-Versicherungsdeckung inklusive Sicherheitssiegel f\u00fcr jedes Gep\u00e4ckst\u00fcck. Buchen Sie online.\" \/>\n<meta name=\"robots\" content=\"index, follow, max-snippet:-1, max-image-preview:large, max-video-preview:-1\" \/>\n<link rel=\"canonical\" href=\"https:\/\/luggagehero.com\/de\/london\/waterloo-station\/\" \/>\n<meta property=\"og:locale\" content=\"de_DE\" \/>\n<meta property=\"og:type\" content=\"article\" \/>\n<meta property=\"og:title\" content=\"Waterloo Station\" \/>\n<meta property=\"og:description\" content=\"Praktischer und g\u00fcnstiger Gep\u00e4ckaufbewahrungsservice in der N\u00e4he der Waterloo Station. Ab 1 \u00a3 pro Stunde. 2200 \u00a3-Versicherungsdeckung inklusive Sicherheitssiegel f\u00fcr jedes Gep\u00e4ckst\u00fcck. Buchen Sie online.\" \/>\n<meta property=\"og:url\" content=\"https:\/\/luggagehero.com\/de\/london\/waterloo-station\/\" \/>\n<meta property=\"og:site_name\" content=\"LuggageHero\" \/>\n<meta property=\"article:publisher\" content=\"https:\/\/www.facebook.com\/luggagehero\" \/>\n<meta property=\"article:modified_time\" content=\"2023-09-05T11:36:22+00:00\" \/>\n<meta property=\"og:image\" content=\"https:\/\/luggagehero.com\/wp-content\/uploads\/2018\/02\/luggage_storage_waterloo_station-800x533.jpg\" \/>\n<meta name=\"twitter:card\" content=\"summary_large_image\" \/>\n<meta name=\"twitter:site\" content=\"@luggagehero\" \/>\n<meta name=\"twitter:label1\" content=\"Est. reading time\" \/>\n\t<meta name=\"twitter:data1\" content=\"2 minutes\" \/>\n<script type=\"application\/ld+json\" class=\"yoast-schema-graph\">{\"@context\":\"https:\/\/schema.org\",\"@graph\":[{\"@type\":\"WebPage\",\"@id\":\"https:\/\/luggagehero.com\/de\/london\/waterloo-station\/\",\"url\":\"https:\/\/luggagehero.com\/de\/london\/waterloo-station\/\",\"name\":\"Gep\u00e4ckaufbewahrung an der Waterloo Station sieben Tage die Woche - ab 1 \u00a3\/Stunde\",\"isPartOf\":{\"@id\":\"https:\/\/luggagehero.com\/de\/#website\"},\"primaryImageOfPage\":{\"@id\":\"https:\/\/luggagehero.com\/de\/london\/waterloo-station\/#primaryimage\"},\"image\":{\"@id\":\"https:\/\/luggagehero.com\/de\/london\/waterloo-station\/#primaryimage\"},\"thumbnailUrl\":\"https:\/\/luggagehero.com\/wp-content\/uploads\/2023\/01\/grimshaw-develops-the-new-waterloo-station-masterplan-in-london_3.jpg\",\"datePublished\":\"2019-12-02T07:43:11+00:00\",\"dateModified\":\"2023-09-05T11:36:22+00:00\",\"description\":\"Praktischer und g\u00fcnstiger Gep\u00e4ckaufbewahrungsservice in der N\u00e4he der Waterloo Station. Ab 1 \u00a3 pro Stunde. 2200 \u00a3-Versicherungsdeckung inklusive Sicherheitssiegel f\u00fcr jedes Gep\u00e4ckst\u00fcck. Buchen Sie online.\",\"breadcrumb\":{\"@id\":\"https:\/\/luggagehero.com\/de\/london\/waterloo-station\/#breadcrumb\"},\"inLanguage\":\"de-DE\",\"potentialAction\":[{\"@type\":\"ReadAction\",\"target\":[\"https:\/\/luggagehero.com\/de\/london\/waterloo-station\/\"]}]},{\"@type\":\"ImageObject\",\"inLanguage\":\"de-DE\",\"@id\":\"https:\/\/luggagehero.com\/de\/london\/waterloo-station\/#primaryimage\",\"url\":\"https:\/\/luggagehero.com\/wp-content\/uploads\/2023\/01\/grimshaw-develops-the-new-waterloo-station-masterplan-in-london_3.jpg\",\"contentUrl\":\"https:\/\/luggagehero.com\/wp-content\/uploads\/2023\/01\/grimshaw-develops-the-new-waterloo-station-masterplan-in-london_3.jpg\",\"width\":2000,\"height\":1188,\"caption\":\"Waterloo Station\"},{\"@type\":\"BreadcrumbList\",\"@id\":\"https:\/\/luggagehero.com\/de\/london\/waterloo-station\/#breadcrumb\",\"itemListElement\":[{\"@type\":\"ListItem\",\"position\":1,\"name\":\"Home\",\"item\":\"https:\/\/luggagehero.com\/de\/\"},{\"@type\":\"ListItem\",\"position\":2,\"name\":\"London\",\"item\":\"https:\/\/luggagehero.com\/de\/london\/\"},{\"@type\":\"ListItem\",\"position\":3,\"name\":\"Waterloo Station\"}]},{\"@type\":\"WebSite\",\"@id\":\"https:\/\/luggagehero.com\/de\/#website\",\"url\":\"https:\/\/luggagehero.com\/de\/\",\"name\":\"LuggageHero\",\"description\":\"Free yourself from luggage\",\"publisher\":{\"@id\":\"https:\/\/luggagehero.com\/de\/#organization\"},\"potentialAction\":[{\"@type\":\"SearchAction\",\"target\":{\"@type\":\"EntryPoint\",\"urlTemplate\":\"https:\/\/luggagehero.com\/de\/?s={search_term_string}\"},\"query-input\":{\"@type\":\"PropertyValueSpecification\",\"valueRequired\":true,\"valueName\":\"search_term_string\"}}],\"inLanguage\":\"de-DE\"},{\"@type\":\"Organization\",\"@id\":\"https:\/\/luggagehero.com\/de\/#organization\",\"name\":\"LuggageHero\",\"url\":\"https:\/\/luggagehero.com\/de\/\",\"logo\":{\"@type\":\"ImageObject\",\"inLanguage\":\"de-DE\",\"@id\":\"https:\/\/luggagehero.com\/de\/#\/schema\/logo\/image\/\",\"url\":\"https:\/\/luggagehero.com\/wp-content\/uploads\/2017\/04\/luggagehero_LOGO-RGB_kort_POS_200x200.png\",\"contentUrl\":\"https:\/\/luggagehero.com\/wp-content\/uploads\/2017\/04\/luggagehero_LOGO-RGB_kort_POS_200x200.png\",\"width\":200,\"height\":200,\"caption\":\"LuggageHero\"},\"image\":{\"@id\":\"https:\/\/luggagehero.com\/de\/#\/schema\/logo\/image\/\"},\"sameAs\":[\"https:\/\/www.facebook.com\/luggagehero\",\"https:\/\/x.com\/luggagehero\",\"https:\/\/www.instagram.com\/luggagehero\",\"https:\/\/www.linkedin.com\/company\/luggagehero\/\"]}]}<\/script>\n<!-- \/ Yoast SEO Premium plugin. -->","yoast_head_json":{"title":"Gep\u00e4ckaufbewahrung an der Waterloo Station sieben Tage die Woche - ab 1 \u00a3\/Stunde","description":"Praktischer und g\u00fcnstiger Gep\u00e4ckaufbewahrungsservice in der N\u00e4he der Waterloo Station. Ab 1 \u00a3 pro Stunde. 2200 \u00a3-Versicherungsdeckung inklusive Sicherheitssiegel f\u00fcr jedes Gep\u00e4ckst\u00fcck. Buchen Sie online.","robots":{"index":"index","follow":"follow","max-snippet":"max-snippet:-1","max-image-preview":"max-image-preview:large","max-video-preview":"max-video-preview:-1"},"canonical":"https:\/\/luggagehero.com\/de\/london\/waterloo-station\/","og_locale":"de_DE","og_type":"article","og_title":"Waterloo Station","og_description":"Praktischer und g\u00fcnstiger Gep\u00e4ckaufbewahrungsservice in der N\u00e4he der Waterloo Station. Ab 1 \u00a3 pro Stunde. 2200 \u00a3-Versicherungsdeckung inklusive Sicherheitssiegel f\u00fcr jedes Gep\u00e4ckst\u00fcck. Buchen Sie online.","og_url":"https:\/\/luggagehero.com\/de\/london\/waterloo-station\/","og_site_name":"LuggageHero","article_publisher":"https:\/\/www.facebook.com\/luggagehero","article_modified_time":"2023-09-05T11:36:22+00:00","og_image":[{"url":"https:\/\/luggagehero.com\/wp-content\/uploads\/2018\/02\/luggage_storage_waterloo_station-800x533.jpg","type":"","width":"","height":""}],"twitter_card":"summary_large_image","twitter_site":"@luggagehero","twitter_misc":{"Est. reading time":"2 minutes"},"schema":{"@context":"https:\/\/schema.org","@graph":[{"@type":"WebPage","@id":"https:\/\/luggagehero.com\/de\/london\/waterloo-station\/","url":"https:\/\/luggagehero.com\/de\/london\/waterloo-station\/","name":"Gep\u00e4ckaufbewahrung an der Waterloo Station sieben Tage die Woche - ab 1 \u00a3\/Stunde","isPartOf":{"@id":"https:\/\/luggagehero.com\/de\/#website"},"primaryImageOfPage":{"@id":"https:\/\/luggagehero.com\/de\/london\/waterloo-station\/#primaryimage"},"image":{"@id":"https:\/\/luggagehero.com\/de\/london\/waterloo-station\/#primaryimage"},"thumbnailUrl":"https:\/\/luggagehero.com\/wp-content\/uploads\/2023\/01\/grimshaw-develops-the-new-waterloo-station-masterplan-in-london_3.jpg","datePublished":"2019-12-02T07:43:11+00:00","dateModified":"2023-09-05T11:36:22+00:00","description":"Praktischer und g\u00fcnstiger Gep\u00e4ckaufbewahrungsservice in der N\u00e4he der Waterloo Station. Ab 1 \u00a3 pro Stunde. 2200 \u00a3-Versicherungsdeckung inklusive Sicherheitssiegel f\u00fcr jedes Gep\u00e4ckst\u00fcck. Buchen Sie online.","breadcrumb":{"@id":"https:\/\/luggagehero.com\/de\/london\/waterloo-station\/#breadcrumb"},"inLanguage":"de-DE","potentialAction":[{"@type":"ReadAction","target":["https:\/\/luggagehero.com\/de\/london\/waterloo-station\/"]}]},{"@type":"ImageObject","inLanguage":"de-DE","@id":"https:\/\/luggagehero.com\/de\/london\/waterloo-station\/#primaryimage","url":"https:\/\/luggagehero.com\/wp-content\/uploads\/2023\/01\/grimshaw-develops-the-new-waterloo-station-masterplan-in-london_3.jpg","contentUrl":"https:\/\/luggagehero.com\/wp-content\/uploads\/2023\/01\/grimshaw-develops-the-new-waterloo-station-masterplan-in-london_3.jpg","width":2000,"height":1188,"caption":"Waterloo Station"},{"@type":"BreadcrumbList","@id":"https:\/\/luggagehero.com\/de\/london\/waterloo-station\/#breadcrumb","itemListElement":[{"@type":"ListItem","position":1,"name":"Home","item":"https:\/\/luggagehero.com\/de\/"},{"@type":"ListItem","position":2,"name":"London","item":"https:\/\/luggagehero.com\/de\/london\/"},{"@type":"ListItem","position":3,"name":"Waterloo Station"}]},{"@type":"WebSite","@id":"https:\/\/luggagehero.com\/de\/#website","url":"https:\/\/luggagehero.com\/de\/","name":"LuggageHero","description":"Free yourself from luggage","publisher":{"@id":"https:\/\/luggagehero.com\/de\/#organization"},"potentialAction":[{"@type":"SearchAction","target":{"@type":"EntryPoint","urlTemplate":"https:\/\/luggagehero.com\/de\/?s={search_term_string}"},"query-input":{"@type":"PropertyValueSpecification","valueRequired":true,"valueName":"search_term_string"}}],"inLanguage":"de-DE"},{"@type":"Organization","@id":"https:\/\/luggagehero.com\/de\/#organization","name":"LuggageHero","url":"https:\/\/luggagehero.com\/de\/","logo":{"@type":"ImageObject","inLanguage":"de-DE","@id":"https:\/\/luggagehero.com\/de\/#\/schema\/logo\/image\/","url":"https:\/\/luggagehero.com\/wp-content\/uploads\/2017\/04\/luggagehero_LOGO-RGB_kort_POS_200x200.png","contentUrl":"https:\/\/luggagehero.com\/wp-content\/uploads\/2017\/04\/luggagehero_LOGO-RGB_kort_POS_200x200.png","width":200,"height":200,"caption":"LuggageHero"},"image":{"@id":"https:\/\/luggagehero.com\/de\/#\/schema\/logo\/image\/"},"sameAs":["https:\/\/www.facebook.com\/luggagehero","https:\/\/x.com\/luggagehero","https:\/\/www.instagram.com\/luggagehero","https:\/\/www.linkedin.com\/company\/luggagehero\/"]}]}},"place_id":"","place_latitude_longitude":"51.503165, -0.112305","place_name":"Waterloo Station","criteria_title":"","criteria_description":"","meta_title":"","meta_description":"","children_criteria_title":"","children_criteria_description":"","children_meta_title":"","children_meta_description":"","_edit_last":"46","use_global_content":"","poi_type":"PublicTransit","content_raw":"Suchen Sie eine Gep\u00e4ckaufbewahrung in der N\u00e4he der Waterloo Station? Sie k\u00f6nnen Ihr Gep\u00e4ck an einem unserer Gep\u00e4ckaufbewahrungsorte gleich um die Ecke des Bahnhofs aufbewahren. Unsere Partner-Standorte k\u00fcmmern sich gut um Ihr Gep\u00e4ck, w\u00e4hrend Sie <a href=\"https:\/\/luggagehero.com\/london\/\">London<\/a>entdecken.\r\n\r\nLuggageHero-Gep\u00e4ckaufbewahrungsstandorte sind <a href=\"https:\/\/luggagehero.com\/about\/certified-shops\/\">zertifizierte<\/a> Hotels, Caf\u00e9s und Gesch\u00e4fte. Wenn Sie im Voraus buchen, ist Ihnen ein Platz f\u00fcr Ihr Gep\u00e4ck garantiert. Sollten sich Ihre Reisepl\u00e4ne \u00e4ndern, k\u00f6nnen Sie Ihre Buchung jederzeit problemlos stornieren. Adresse und Wegbeschreibung stehen zum Zeitpunkt der Buchung zur Verf\u00fcgung und werden Ihnen per E-Mail zugesandt.\r\n\r\nLuggageHero nutzt einen Gep\u00e4ckaufbewahrungs-Timer, um die von Ihnen in Anspruch genommenen Stunden zu berechnen. Sobald Sie am Gep\u00e4ckaufbewahrungsort eintreffen, starten Sie den Gep\u00e4ckaufbewahrungs-Timer auf Ihrer Buchungsseite. Wenn Sie den Gep\u00e4ckaufbewahrungs-Timer stoppen, sobald Sie Ihr Gep\u00e4ck abholen, wird der Zahlungsvorgang automatisch aktiviert. Alle Gep\u00e4ckst\u00fccke werden mit unserem <a href=\"https:\/\/luggagehero.com\/about\/security-seal\/\">Sicherheitssiegel<\/a>\u00a0versehen, mit dem jedes Gep\u00e4ckst\u00fcck bis zu [pricing insurancecoverage] versichert ist.\r\n\r\n&nbsp;\r\n<h2 style=\"text-align: center;\"><img class=\"aligncenter wp-image-1980 size-large\" src=\"https:\/\/luggagehero.com\/wp-content\/uploads\/2018\/02\/luggage_storage_waterloo_station-800x533.jpg\" alt=\"Waterloo Station London\" width=\"800\" height=\"533\" \/><\/h2>\r\n&nbsp;\r\n<h2 style=\"text-align: center;\">Waterloo Station<\/h2>\r\nWaterloo Station ist ein gro\u00dfer Bahnhof und U-Bahnhof in <a href=\"https:\/\/luggagehero.com\/london\/\">London<\/a>. Der Bahnhof befindet sich in der N\u00e4he vieler Touristenattraktionen wie dem <a href=\"https:\/\/luggagehero.com\/london\/london-eye\/\">London Eye<\/a>, der South Bank und der County Hall. Der Bahnhof befindet sich im Zentrum von London und in der N\u00e4he von Lambeth und Southwark. Die Waterloo Station ist Haltestation der Jubilee Line, der Bakerloo Lines und der Northern Line.\r\n\r\nDie Gep\u00e4ckaufbewahrung mit LuggageHero in der N\u00e4he der Waterloo Station ist die einfachste, bequemste und g\u00fcnstigste L\u00f6sung zur Gep\u00e4ckaufbewahrung. Mit LuggageHero machen Sie aus Ihrer Reise einen unvergesslichen Urlaub Finden Sie einfach den Shop, der am besten zu Ihren Reisepl\u00e4nen passt, und buchen Sie online. Geben Sie Ihr Gep\u00e4ck f\u00fcr ein paar Stunden oder l\u00e4nger in einem Shop ab. Eine Gep\u00e4ckaufbewahrung \u00fcber Nacht ist kein Problem.\r\n\r\n&nbsp;\r\n\r\n&nbsp;","_links":{"self":[{"href":"https:\/\/luggagehero.com\/de\/wp-json\/wp\/v2\/pages\/12371","targetHints":{"allow":["GET"]}}],"collection":[{"href":"https:\/\/luggagehero.com\/de\/wp-json\/wp\/v2\/pages"}],"about":[{"href":"https:\/\/luggagehero.com\/de\/wp-json\/wp\/v2\/types\/page"}],"author":[{"embeddable":true,"href":"https:\/\/luggagehero.com\/de\/wp-json\/wp\/v2\/users\/9"}],"replies":[{"embeddable":true,"href":"https:\/\/luggagehero.com\/de\/wp-json\/wp\/v2\/comments?post=12371"}],"version-history":[{"count":0,"href":"https:\/\/luggagehero.com\/de\/wp-json\/wp\/v2\/pages\/12371\/revisions"}],"up":[{"embeddable":true,"href":"https:\/\/luggagehero.com\/de\/wp-json\/wp\/v2\/pages\/11513"}],"wp:featuredmedia":[{"embeddable":true,"href":"https:\/\/luggagehero.com\/de\/wp-json\/wp\/v2\/media\/54564"}],"wp:attachment":[{"href":"https:\/\/luggagehero.com\/de\/wp-json\/wp\/v2\/media?parent=12371"}],"curies":[{"name":"wp","href":"https:\/\/api.w.org\/{rel}","templated":true}]}}