{"id":12376,"date":"2019-12-02T07:43:11","date_gmt":"2019-12-02T07:43:11","guid":{"rendered":"https:\/\/luggagehero.com\/nizza\/gare-de-nice-ville\/"},"modified":"2023-09-05T11:36:40","modified_gmt":"2023-09-05T11:36:40","slug":"gare-de-nice-ville","status":"publish","type":"page","link":"https:\/\/luggagehero.com\/de\/nizza\/gare-de-nice-ville\/","title":{"rendered":"Gare de Nice Ville"},"content":{"rendered":"<p>Suchen Sie eine Gep\u00e4ckaufbewahrung in der N\u00e4he des Gare de Nice? Sie k\u00f6nnen Ihr Gep\u00e4ck an einem unserer Gep\u00e4ckaufbewahrungsorte ganz in der N\u00e4he abgeben und Nizza unbeschwert entdecken.<\/p>\n<p>Bei den Gep\u00e4ckaufbewahrungsorten von LuggageHero handelt es sich um <a href=\"https:\/\/luggagehero.com\/about\/certified-shops\/\">zertifizierte<\/a> Hotels, Caf\u00e9s und Shops. Wenn Sie im Voraus buchen, ist Ihnen ein Platz f\u00fcr Ihr Gep\u00e4ck garantiert. Die Adresse und die Wegbeschreibung sind zum Zeitpunkt der Buchung verf\u00fcgbar und werden Ihnen per E-Mail zugesandt. Alle Gep\u00e4ckst\u00fccke werden mit unserem <a href=\"https:\/\/luggagehero.com\/about\/security-seal\/\">Sicherheitssiegel<\/a>\u00a0versehen, mit dem jedes Gep\u00e4ckst\u00fcck bis zu <pricing-component type=\"insurancecoverage\"><\/pricing-component> versichert ist, sobald Sie Ihr Gep\u00e4ck abgegeben und den Gep\u00e4ckaufbewahrungs-Timer auf Ihrer Buchungsseite gestartet haben. Mit LuggageHero finden Sie rund um <a href=\"https:\/\/luggagehero.com\/nice\">Nizza<\/a> mehr als 20 Gep\u00e4ckaufbewahrungsorte.<\/p>\n<p>&nbsp;<\/p>\n<p><img loading=\"lazy\" decoding=\"async\" class=\"aligncenter size-large wp-image-7114\" src=\"https:\/\/luggagehero.com\/wp-content\/uploads\/2019\/05\/shutterstock_326073581-800x450.jpg\" alt=\"\" width=\"800\" height=\"450\" srcset=\"https:\/\/luggagehero.com\/wp-content\/uploads\/2019\/05\/shutterstock_326073581-800x450.jpg 800w, https:\/\/luggagehero.com\/wp-content\/uploads\/2019\/05\/shutterstock_326073581-300x169.jpg 300w, https:\/\/luggagehero.com\/wp-content\/uploads\/2019\/05\/shutterstock_326073581-600x338.jpg 600w, https:\/\/luggagehero.com\/wp-content\/uploads\/2019\/05\/shutterstock_326073581.jpg 1000w\" sizes=\"auto, (max-width: 800px) 100vw, 800px\" \/><\/p>\n<p>&nbsp;<\/p>\n<h2 style=\"text-align: center;\">Gare de Nice Ville<\/h2>\n<p>Nice-Ville ist der Hauptbahnhof in Nizza. Der Bahnhof wurde urspr\u00fcnglich au\u00dferhalb des Stadtzentrums gebaut, aber da die Stadt immer gr\u00f6\u00dfer wurde, ist der Bahnhof heute ein Teil des Stadtzentrums. Der Bahnhof Nice-Ville liegt an der Avenue Thiers und ist etwa 20 Gehminuten vom Strand und der ber\u00fchmten Promenade des Anglais entfernt, entlang der angrenzenden Avenue Jean Medecin, die in den Quai Etats Unis \u00fcbergeht. Sie k\u00f6nnen den Bus 99 nehmen, der den Bahnhof Nice Ville mit dem Flughafen Nice C\u00f4te d&#8217;Azur verbindet.<\/p>\n<p>&nbsp;<\/p>\n","protected":false},"excerpt":{"rendered":"<p>Suchen Sie eine Gep\u00e4ckaufbewahrung in der N\u00e4he des Gare de Nice? Sie k\u00f6nnen Ihr Gep\u00e4ck an einem unserer Gep\u00e4ckaufbewahrungsorte ganz in der N\u00e4he abgeben und Nizza unbeschwert entdecken. Bei den Gep\u00e4ckaufbewahrungsorten von LuggageHero handelt es sich um zertifizierte Hotels, Caf\u00e9s und Shops. Wenn Sie im Voraus buchen, ist Ihnen ein Platz f\u00fcr Ihr Gep\u00e4ck garantiert. [&hellip;]<\/p>\n","protected":false},"author":9,"featured_media":40495,"parent":11575,"menu_order":0,"comment_status":"closed","ping_status":"closed","template":"template-location.php","meta":{"_acf_changed":false,"footnotes":""},"class_list":["post-12376","page","type-page","status-publish","has-post-thumbnail","hentry"],"acf":[],"yoast_head":"<!-- This site is optimized with the Yoast SEO Premium plugin v27.0 (Yoast SEO v27.0) - https:\/\/yoast.com\/product\/yoast-seo-premium-wordpress\/ -->\n<title>Gare de Nice Ville - LuggageHero<\/title>\n<meta name=\"robots\" content=\"index, follow, max-snippet:-1, max-image-preview:large, max-video-preview:-1\" \/>\n<link rel=\"canonical\" href=\"https:\/\/luggagehero.com\/de\/nizza\/gare-de-nice-ville\/\" \/>\n<meta property=\"og:locale\" content=\"de_DE\" \/>\n<meta property=\"og:type\" content=\"article\" \/>\n<meta property=\"og:title\" content=\"Gare de Nice Ville\" \/>\n<meta property=\"og:description\" content=\"Suchen Sie eine Gep\u00e4ckaufbewahrung in der N\u00e4he des Gare de Nice? Sie k\u00f6nnen Ihr Gep\u00e4ck an einem unserer Gep\u00e4ckaufbewahrungsorte ganz in der N\u00e4he abgeben und Nizza unbeschwert entdecken. Bei den Gep\u00e4ckaufbewahrungsorten von LuggageHero handelt es sich um zertifizierte Hotels, Caf\u00e9s und Shops. Wenn Sie im Voraus buchen, ist Ihnen ein Platz f\u00fcr Ihr Gep\u00e4ck garantiert. [&hellip;]\" \/>\n<meta property=\"og:url\" content=\"https:\/\/luggagehero.com\/de\/nizza\/gare-de-nice-ville\/\" \/>\n<meta property=\"og:site_name\" content=\"LuggageHero\" \/>\n<meta property=\"article:publisher\" content=\"https:\/\/www.facebook.com\/luggagehero\" \/>\n<meta property=\"article:modified_time\" content=\"2023-09-05T11:36:40+00:00\" \/>\n<meta property=\"og:image\" content=\"https:\/\/luggagehero.com\/wp-content\/uploads\/2021\/11\/gare-de-n.jpg\" \/>\n\t<meta property=\"og:image:width\" content=\"550\" \/>\n\t<meta property=\"og:image:height\" content=\"413\" \/>\n\t<meta property=\"og:image:type\" content=\"image\/jpeg\" \/>\n<meta name=\"twitter:card\" content=\"summary_large_image\" \/>\n<meta name=\"twitter:site\" content=\"@luggagehero\" \/>\n<meta name=\"twitter:label1\" content=\"Est. reading time\" \/>\n\t<meta name=\"twitter:data1\" content=\"2 minutes\" \/>\n<script type=\"application\/ld+json\" class=\"yoast-schema-graph\">{\"@context\":\"https:\/\/schema.org\",\"@graph\":[{\"@type\":\"WebPage\",\"@id\":\"https:\/\/luggagehero.com\/de\/nizza\/gare-de-nice-ville\/\",\"url\":\"https:\/\/luggagehero.com\/de\/nizza\/gare-de-nice-ville\/\",\"name\":\"Gare de Nice Ville - LuggageHero\",\"isPartOf\":{\"@id\":\"https:\/\/luggagehero.com\/de\/#website\"},\"primaryImageOfPage\":{\"@id\":\"https:\/\/luggagehero.com\/de\/nizza\/gare-de-nice-ville\/#primaryimage\"},\"image\":{\"@id\":\"https:\/\/luggagehero.com\/de\/nizza\/gare-de-nice-ville\/#primaryimage\"},\"thumbnailUrl\":\"https:\/\/luggagehero.com\/wp-content\/uploads\/2021\/11\/gare-de-n.jpg\",\"datePublished\":\"2019-12-02T07:43:11+00:00\",\"dateModified\":\"2023-09-05T11:36:40+00:00\",\"breadcrumb\":{\"@id\":\"https:\/\/luggagehero.com\/de\/nizza\/gare-de-nice-ville\/#breadcrumb\"},\"inLanguage\":\"de-DE\",\"potentialAction\":[{\"@type\":\"ReadAction\",\"target\":[\"https:\/\/luggagehero.com\/de\/nizza\/gare-de-nice-ville\/\"]}]},{\"@type\":\"ImageObject\",\"inLanguage\":\"de-DE\",\"@id\":\"https:\/\/luggagehero.com\/de\/nizza\/gare-de-nice-ville\/#primaryimage\",\"url\":\"https:\/\/luggagehero.com\/wp-content\/uploads\/2021\/11\/gare-de-n.jpg\",\"contentUrl\":\"https:\/\/luggagehero.com\/wp-content\/uploads\/2021\/11\/gare-de-n.jpg\",\"width\":550,\"height\":413},{\"@type\":\"BreadcrumbList\",\"@id\":\"https:\/\/luggagehero.com\/de\/nizza\/gare-de-nice-ville\/#breadcrumb\",\"itemListElement\":[{\"@type\":\"ListItem\",\"position\":1,\"name\":\"Home\",\"item\":\"https:\/\/luggagehero.com\/de\/\"},{\"@type\":\"ListItem\",\"position\":2,\"name\":\"Nizza\",\"item\":\"https:\/\/luggagehero.com\/de\/nizza\/\"},{\"@type\":\"ListItem\",\"position\":3,\"name\":\"Gare de Nice Ville\"}]},{\"@type\":\"WebSite\",\"@id\":\"https:\/\/luggagehero.com\/de\/#website\",\"url\":\"https:\/\/luggagehero.com\/de\/\",\"name\":\"LuggageHero\",\"description\":\"Free yourself from luggage\",\"publisher\":{\"@id\":\"https:\/\/luggagehero.com\/de\/#organization\"},\"potentialAction\":[{\"@type\":\"SearchAction\",\"target\":{\"@type\":\"EntryPoint\",\"urlTemplate\":\"https:\/\/luggagehero.com\/de\/?s={search_term_string}\"},\"query-input\":{\"@type\":\"PropertyValueSpecification\",\"valueRequired\":true,\"valueName\":\"search_term_string\"}}],\"inLanguage\":\"de-DE\"},{\"@type\":\"Organization\",\"@id\":\"https:\/\/luggagehero.com\/de\/#organization\",\"name\":\"LuggageHero\",\"url\":\"https:\/\/luggagehero.com\/de\/\",\"logo\":{\"@type\":\"ImageObject\",\"inLanguage\":\"de-DE\",\"@id\":\"https:\/\/luggagehero.com\/de\/#\/schema\/logo\/image\/\",\"url\":\"https:\/\/luggagehero.com\/wp-content\/uploads\/2017\/04\/luggagehero_LOGO-RGB_kort_POS_200x200.png\",\"contentUrl\":\"https:\/\/luggagehero.com\/wp-content\/uploads\/2017\/04\/luggagehero_LOGO-RGB_kort_POS_200x200.png\",\"width\":200,\"height\":200,\"caption\":\"LuggageHero\"},\"image\":{\"@id\":\"https:\/\/luggagehero.com\/de\/#\/schema\/logo\/image\/\"},\"sameAs\":[\"https:\/\/www.facebook.com\/luggagehero\",\"https:\/\/x.com\/luggagehero\",\"https:\/\/www.instagram.com\/luggagehero\",\"https:\/\/www.linkedin.com\/company\/luggagehero\/\"]}]}<\/script>\n<!-- \/ Yoast SEO Premium plugin. -->","yoast_head_json":{"title":"Gare de Nice Ville - LuggageHero","robots":{"index":"index","follow":"follow","max-snippet":"max-snippet:-1","max-image-preview":"max-image-preview:large","max-video-preview":"max-video-preview:-1"},"canonical":"https:\/\/luggagehero.com\/de\/nizza\/gare-de-nice-ville\/","og_locale":"de_DE","og_type":"article","og_title":"Gare de Nice Ville","og_description":"Suchen Sie eine Gep\u00e4ckaufbewahrung in der N\u00e4he des Gare de Nice? Sie k\u00f6nnen Ihr Gep\u00e4ck an einem unserer Gep\u00e4ckaufbewahrungsorte ganz in der N\u00e4he abgeben und Nizza unbeschwert entdecken. Bei den Gep\u00e4ckaufbewahrungsorten von LuggageHero handelt es sich um zertifizierte Hotels, Caf\u00e9s und Shops. Wenn Sie im Voraus buchen, ist Ihnen ein Platz f\u00fcr Ihr Gep\u00e4ck garantiert. [&hellip;]","og_url":"https:\/\/luggagehero.com\/de\/nizza\/gare-de-nice-ville\/","og_site_name":"LuggageHero","article_publisher":"https:\/\/www.facebook.com\/luggagehero","article_modified_time":"2023-09-05T11:36:40+00:00","og_image":[{"width":550,"height":413,"url":"https:\/\/luggagehero.com\/wp-content\/uploads\/2021\/11\/gare-de-n.jpg","type":"image\/jpeg"}],"twitter_card":"summary_large_image","twitter_site":"@luggagehero","twitter_misc":{"Est. reading time":"2 minutes"},"schema":{"@context":"https:\/\/schema.org","@graph":[{"@type":"WebPage","@id":"https:\/\/luggagehero.com\/de\/nizza\/gare-de-nice-ville\/","url":"https:\/\/luggagehero.com\/de\/nizza\/gare-de-nice-ville\/","name":"Gare de Nice Ville - LuggageHero","isPartOf":{"@id":"https:\/\/luggagehero.com\/de\/#website"},"primaryImageOfPage":{"@id":"https:\/\/luggagehero.com\/de\/nizza\/gare-de-nice-ville\/#primaryimage"},"image":{"@id":"https:\/\/luggagehero.com\/de\/nizza\/gare-de-nice-ville\/#primaryimage"},"thumbnailUrl":"https:\/\/luggagehero.com\/wp-content\/uploads\/2021\/11\/gare-de-n.jpg","datePublished":"2019-12-02T07:43:11+00:00","dateModified":"2023-09-05T11:36:40+00:00","breadcrumb":{"@id":"https:\/\/luggagehero.com\/de\/nizza\/gare-de-nice-ville\/#breadcrumb"},"inLanguage":"de-DE","potentialAction":[{"@type":"ReadAction","target":["https:\/\/luggagehero.com\/de\/nizza\/gare-de-nice-ville\/"]}]},{"@type":"ImageObject","inLanguage":"de-DE","@id":"https:\/\/luggagehero.com\/de\/nizza\/gare-de-nice-ville\/#primaryimage","url":"https:\/\/luggagehero.com\/wp-content\/uploads\/2021\/11\/gare-de-n.jpg","contentUrl":"https:\/\/luggagehero.com\/wp-content\/uploads\/2021\/11\/gare-de-n.jpg","width":550,"height":413},{"@type":"BreadcrumbList","@id":"https:\/\/luggagehero.com\/de\/nizza\/gare-de-nice-ville\/#breadcrumb","itemListElement":[{"@type":"ListItem","position":1,"name":"Home","item":"https:\/\/luggagehero.com\/de\/"},{"@type":"ListItem","position":2,"name":"Nizza","item":"https:\/\/luggagehero.com\/de\/nizza\/"},{"@type":"ListItem","position":3,"name":"Gare de Nice Ville"}]},{"@type":"WebSite","@id":"https:\/\/luggagehero.com\/de\/#website","url":"https:\/\/luggagehero.com\/de\/","name":"LuggageHero","description":"Free yourself from luggage","publisher":{"@id":"https:\/\/luggagehero.com\/de\/#organization"},"potentialAction":[{"@type":"SearchAction","target":{"@type":"EntryPoint","urlTemplate":"https:\/\/luggagehero.com\/de\/?s={search_term_string}"},"query-input":{"@type":"PropertyValueSpecification","valueRequired":true,"valueName":"search_term_string"}}],"inLanguage":"de-DE"},{"@type":"Organization","@id":"https:\/\/luggagehero.com\/de\/#organization","name":"LuggageHero","url":"https:\/\/luggagehero.com\/de\/","logo":{"@type":"ImageObject","inLanguage":"de-DE","@id":"https:\/\/luggagehero.com\/de\/#\/schema\/logo\/image\/","url":"https:\/\/luggagehero.com\/wp-content\/uploads\/2017\/04\/luggagehero_LOGO-RGB_kort_POS_200x200.png","contentUrl":"https:\/\/luggagehero.com\/wp-content\/uploads\/2017\/04\/luggagehero_LOGO-RGB_kort_POS_200x200.png","width":200,"height":200,"caption":"LuggageHero"},"image":{"@id":"https:\/\/luggagehero.com\/de\/#\/schema\/logo\/image\/"},"sameAs":["https:\/\/www.facebook.com\/luggagehero","https:\/\/x.com\/luggagehero","https:\/\/www.instagram.com\/luggagehero","https:\/\/www.linkedin.com\/company\/luggagehero\/"]}]}},"place_id":"","place_latitude_longitude":"43.7019,7.2569","place_name":"Gare de Nice Ville","criteria_title":"","criteria_description":"","meta_title":"","meta_description":"","children_criteria_title":"","children_criteria_description":"","children_meta_title":"","children_meta_description":"","_edit_last":"46","use_global_content":"","poi_type":"PublicTransit","content_raw":"Suchen Sie eine Gep\u00e4ckaufbewahrung in der N\u00e4he des Gare de Nice? Sie k\u00f6nnen Ihr Gep\u00e4ck an einem unserer Gep\u00e4ckaufbewahrungsorte ganz in der N\u00e4he abgeben und Nizza unbeschwert entdecken.\r\n\r\nBei den Gep\u00e4ckaufbewahrungsorten von LuggageHero handelt es sich um <a href=\"https:\/\/luggagehero.com\/about\/certified-shops\/\">zertifizierte<\/a> Hotels, Caf\u00e9s und Shops. Wenn Sie im Voraus buchen, ist Ihnen ein Platz f\u00fcr Ihr Gep\u00e4ck garantiert. Die Adresse und die Wegbeschreibung sind zum Zeitpunkt der Buchung verf\u00fcgbar und werden Ihnen per E-Mail zugesandt. Alle Gep\u00e4ckst\u00fccke werden mit unserem <a href=\"https:\/\/luggagehero.com\/about\/security-seal\/\">Sicherheitssiegel<\/a>\u00a0versehen, mit dem jedes Gep\u00e4ckst\u00fcck bis zu [pricing insurancecoverage] versichert ist, sobald Sie Ihr Gep\u00e4ck abgegeben und den Gep\u00e4ckaufbewahrungs-Timer auf Ihrer Buchungsseite gestartet haben. Mit LuggageHero finden Sie rund um <a href=\"https:\/\/luggagehero.com\/nice\">Nizza<\/a> mehr als 20 Gep\u00e4ckaufbewahrungsorte.\r\n\r\n&nbsp;\r\n\r\n<img class=\"aligncenter size-large wp-image-7114\" src=\"https:\/\/luggagehero.com\/wp-content\/uploads\/2019\/05\/shutterstock_326073581-800x450.jpg\" alt=\"\" width=\"800\" height=\"450\" \/>\r\n\r\n&nbsp;\r\n<h2 style=\"text-align: center;\">Gare de Nice Ville<\/h2>\r\nNice-Ville ist der Hauptbahnhof in Nizza. Der Bahnhof wurde urspr\u00fcnglich au\u00dferhalb des Stadtzentrums gebaut, aber da die Stadt immer gr\u00f6\u00dfer wurde, ist der Bahnhof heute ein Teil des Stadtzentrums. Der Bahnhof Nice-Ville liegt an der Avenue Thiers und ist etwa 20 Gehminuten vom Strand und der ber\u00fchmten Promenade des Anglais entfernt, entlang der angrenzenden Avenue Jean Medecin, die in den Quai Etats Unis \u00fcbergeht. Sie k\u00f6nnen den Bus 99 nehmen, der den Bahnhof Nice Ville mit dem Flughafen Nice C\u00f4te d'Azur verbindet.\r\n\r\n&nbsp;","_links":{"self":[{"href":"https:\/\/luggagehero.com\/de\/wp-json\/wp\/v2\/pages\/12376","targetHints":{"allow":["GET"]}}],"collection":[{"href":"https:\/\/luggagehero.com\/de\/wp-json\/wp\/v2\/pages"}],"about":[{"href":"https:\/\/luggagehero.com\/de\/wp-json\/wp\/v2\/types\/page"}],"author":[{"embeddable":true,"href":"https:\/\/luggagehero.com\/de\/wp-json\/wp\/v2\/users\/9"}],"replies":[{"embeddable":true,"href":"https:\/\/luggagehero.com\/de\/wp-json\/wp\/v2\/comments?post=12376"}],"version-history":[{"count":0,"href":"https:\/\/luggagehero.com\/de\/wp-json\/wp\/v2\/pages\/12376\/revisions"}],"up":[{"embeddable":true,"href":"https:\/\/luggagehero.com\/de\/wp-json\/wp\/v2\/pages\/11575"}],"wp:featuredmedia":[{"embeddable":true,"href":"https:\/\/luggagehero.com\/de\/wp-json\/wp\/v2\/media\/40495"}],"wp:attachment":[{"href":"https:\/\/luggagehero.com\/de\/wp-json\/wp\/v2\/media?parent=12376"}],"curies":[{"name":"wp","href":"https:\/\/api.w.org\/{rel}","templated":true}]}}