{"id":12378,"date":"2019-12-02T07:43:12","date_gmt":"2019-12-02T07:43:12","guid":{"rendered":"https:\/\/luggagehero.com\/paris\/louvre\/"},"modified":"2023-08-22T11:50:51","modified_gmt":"2023-08-22T11:50:51","slug":"louvre","status":"publish","type":"page","link":"https:\/\/luggagehero.com\/de\/paris\/louvre\/","title":{"rendered":"Louvre"},"content":{"rendered":"<p>Suchen Sie eine Gep\u00e4ckaufbewahrung bevor Sie den Louvre besuchen? Sie k\u00f6nnen Ihr Gep\u00e4ck an einem unserer Gep\u00e4ckaufbewahrungsorte gleich um die Ecke des Louvre aufbewahren und Ihren Tag im Louvre oder in <a href=\"https:\/\/luggagehero.com\/paris\/\">Paris<\/a> unbeschwert genie\u00dfen.<\/p>\n<p>Bei den Gep\u00e4ckaufbewahrungsorten von LuggageHero handelt es sich um <a href=\"https:\/\/luggagehero.com\/about\/certified-shops\/\">zertifizierte<\/a> Hotels, Caf\u00e9s und Shops. Wenn Sie im Voraus buchen, ist Ihnen ein Platz f\u00fcr Ihr Gep\u00e4ck garantiert. Die Adresse und die Wegbeschreibung sind zum Zeitpunkt der Buchung verf\u00fcgbar und werden Ihnen per E-Mail zugesandt. Alle Gep\u00e4ckst\u00fccke werden mit unserem <a href=\"https:\/\/luggagehero.com\/about\/security-seal\/\">Sicherheitssiegel<\/a>\u00a0versehen, mit dem jedes Gep\u00e4ckst\u00fcck bis zu <pricing-component type=\"insurancecoverage\"><\/pricing-component> versichert ist, sobald Sie Ihr Gep\u00e4ck abgegeben und den Gep\u00e4ckaufbewahrungs-Timer auf Ihrer Buchungsseite gestartet haben.<\/p>\n<p>&nbsp;<\/p>\n<p><img loading=\"lazy\" decoding=\"async\" class=\"aligncenter size-large wp-image-7177\" src=\"https:\/\/luggagehero.com\/wp-content\/uploads\/2019\/05\/yeo-khee-612822-unsplash-800x450.jpg\" alt=\"\" width=\"800\" height=\"450\" srcset=\"https:\/\/luggagehero.com\/wp-content\/uploads\/2019\/05\/yeo-khee-612822-unsplash-800x450.jpg 800w, https:\/\/luggagehero.com\/wp-content\/uploads\/2019\/05\/yeo-khee-612822-unsplash-300x169.jpg 300w, https:\/\/luggagehero.com\/wp-content\/uploads\/2019\/05\/yeo-khee-612822-unsplash-600x338.jpg 600w\" sizes=\"auto, (max-width: 800px) 100vw, 800px\" \/><\/p>\n<p>&nbsp;<\/p>\n<h2 style=\"text-align: center;\">Louvre Museum<\/h2>\n<p>Der Louvre oder das Louvre-Museum ist das gr\u00f6\u00dfte Kunstmuseum der Welt und ein historisches Denkmal in Paris. Es befindet sich in der Rue de Rivoli neben der Metrostation Louvre Rivoli. Die Gem\u00e4ldesammlung des Louvre ist eine der reichsten der Welt und repr\u00e4sentiert alle Epochen der europ\u00e4ischen Kunst bis zu den Revolutionen von 1848. Es beherbergt auch viele Meisterwerke italienischer Renaissance-Maler, darunter Leonardo da Vincis Mona Lisa und Werke fl\u00e4mischer und niederl\u00e4ndischer Barockmaler.<\/p>\n<p>Viele Touristen besuchen den Louvre, der mit 10,2 Millionen Besuchern pro Jahr eines der beliebtesten Touristenziele in Paris darstellt. Die beliebteste Zeit f\u00fcr einen Besuch im Louvre ist zwischen 12:00 und 17:00 Uhr. Tickets k\u00f6nnen vor Ort gekauft werden. Wenn Sie Tickets zu einem festgelegten Zeitpunkt online kaufen, ist der Eintritt innerhalb von 30 Minuten garantiert.<\/p>\n<h3 style=\"text-align: center;\">Louvre Taschenrichtlinie<\/h3>\n<p>Besucher mit Tickets k\u00f6nnen die Garderobe und Gep\u00e4ckaufbewahrung des Museums kostenlos nutzen. Aus Sicherheits- und Komfortgr\u00fcnden sind gro\u00dfe Taschen in den Museumsgalerien nicht gestattet. Den Besuchern wird daher geraten, keine gro\u00dfen Taschen oder Koffer mit zum Louvre zu nehmen. Die Gep\u00e4ckaufbewahrung unter der Pyramide ist montags und dienstags geschlossen.<\/p>\n<p>Hinweis: Gegenst\u00e4nde, die gr\u00f6\u00dfer als 55 x 30 x 20 cm sind, sind im Museum nicht gestattet.<\/p>\n<p>&nbsp;<\/p>\n<p>&nbsp;<\/p>\n","protected":false},"excerpt":{"rendered":"<p>Suchen Sie eine Gep\u00e4ckaufbewahrung bevor Sie den Louvre besuchen? Sie k\u00f6nnen Ihr Gep\u00e4ck an einem unserer Gep\u00e4ckaufbewahrungsorte gleich um die Ecke des Louvre aufbewahren und Ihren Tag im Louvre oder in Paris unbeschwert genie\u00dfen. Bei den Gep\u00e4ckaufbewahrungsorten von LuggageHero handelt es sich um zertifizierte Hotels, Caf\u00e9s und Shops. Wenn Sie im Voraus buchen, ist Ihnen [&hellip;]<\/p>\n","protected":false},"author":9,"featured_media":42581,"parent":11512,"menu_order":0,"comment_status":"closed","ping_status":"closed","template":"template-location.php","meta":{"_acf_changed":false,"footnotes":""},"class_list":["post-12378","page","type-page","status-publish","has-post-thumbnail","hentry"],"acf":[],"yoast_head":"<!-- This site is optimized with the Yoast SEO Premium plugin v27.0 (Yoast SEO v27.0) - https:\/\/yoast.com\/product\/yoast-seo-premium-wordpress\/ -->\n<title>Louvre - LuggageHero<\/title>\n<meta name=\"robots\" content=\"index, follow, max-snippet:-1, max-image-preview:large, max-video-preview:-1\" \/>\n<link rel=\"canonical\" href=\"https:\/\/luggagehero.com\/de\/paris\/louvre\/\" \/>\n<meta property=\"og:locale\" content=\"de_DE\" \/>\n<meta property=\"og:type\" content=\"article\" \/>\n<meta property=\"og:title\" content=\"Louvre\" \/>\n<meta property=\"og:description\" content=\"Suchen Sie eine Gep\u00e4ckaufbewahrung bevor Sie den Louvre besuchen? Sie k\u00f6nnen Ihr Gep\u00e4ck an einem unserer Gep\u00e4ckaufbewahrungsorte gleich um die Ecke des Louvre aufbewahren und Ihren Tag im Louvre oder in Paris unbeschwert genie\u00dfen. Bei den Gep\u00e4ckaufbewahrungsorten von LuggageHero handelt es sich um zertifizierte Hotels, Caf\u00e9s und Shops. Wenn Sie im Voraus buchen, ist Ihnen [&hellip;]\" \/>\n<meta property=\"og:url\" content=\"https:\/\/luggagehero.com\/de\/paris\/louvre\/\" \/>\n<meta property=\"og:site_name\" content=\"LuggageHero\" \/>\n<meta property=\"article:publisher\" content=\"https:\/\/www.facebook.com\/luggagehero\" \/>\n<meta property=\"article:modified_time\" content=\"2023-08-22T11:50:51+00:00\" \/>\n<meta property=\"og:image\" content=\"https:\/\/luggagehero.com\/wp-content\/uploads\/2022\/02\/BFCC0932-99FC-439B-8A3F-183388F23749.jpeg\" \/>\n\t<meta property=\"og:image:width\" content=\"1000\" \/>\n\t<meta property=\"og:image:height\" content=\"563\" \/>\n\t<meta property=\"og:image:type\" content=\"image\/jpeg\" \/>\n<meta name=\"twitter:card\" content=\"summary_large_image\" \/>\n<meta name=\"twitter:site\" content=\"@luggagehero\" \/>\n<meta name=\"twitter:label1\" content=\"Est. reading time\" \/>\n\t<meta name=\"twitter:data1\" content=\"2 minutes\" \/>\n<script type=\"application\/ld+json\" class=\"yoast-schema-graph\">{\"@context\":\"https:\/\/schema.org\",\"@graph\":[{\"@type\":\"WebPage\",\"@id\":\"https:\/\/luggagehero.com\/de\/paris\/louvre\/\",\"url\":\"https:\/\/luggagehero.com\/de\/paris\/louvre\/\",\"name\":\"Louvre - LuggageHero\",\"isPartOf\":{\"@id\":\"https:\/\/luggagehero.com\/de\/#website\"},\"primaryImageOfPage\":{\"@id\":\"https:\/\/luggagehero.com\/de\/paris\/louvre\/#primaryimage\"},\"image\":{\"@id\":\"https:\/\/luggagehero.com\/de\/paris\/louvre\/#primaryimage\"},\"thumbnailUrl\":\"https:\/\/luggagehero.com\/wp-content\/uploads\/2022\/02\/BFCC0932-99FC-439B-8A3F-183388F23749.jpeg\",\"datePublished\":\"2019-12-02T07:43:12+00:00\",\"dateModified\":\"2023-08-22T11:50:51+00:00\",\"breadcrumb\":{\"@id\":\"https:\/\/luggagehero.com\/de\/paris\/louvre\/#breadcrumb\"},\"inLanguage\":\"de-DE\",\"potentialAction\":[{\"@type\":\"ReadAction\",\"target\":[\"https:\/\/luggagehero.com\/de\/paris\/louvre\/\"]}]},{\"@type\":\"ImageObject\",\"inLanguage\":\"de-DE\",\"@id\":\"https:\/\/luggagehero.com\/de\/paris\/louvre\/#primaryimage\",\"url\":\"https:\/\/luggagehero.com\/wp-content\/uploads\/2022\/02\/BFCC0932-99FC-439B-8A3F-183388F23749.jpeg\",\"contentUrl\":\"https:\/\/luggagehero.com\/wp-content\/uploads\/2022\/02\/BFCC0932-99FC-439B-8A3F-183388F23749.jpeg\",\"width\":1000,\"height\":563},{\"@type\":\"BreadcrumbList\",\"@id\":\"https:\/\/luggagehero.com\/de\/paris\/louvre\/#breadcrumb\",\"itemListElement\":[{\"@type\":\"ListItem\",\"position\":1,\"name\":\"Home\",\"item\":\"https:\/\/luggagehero.com\/de\/\"},{\"@type\":\"ListItem\",\"position\":2,\"name\":\"Paris\",\"item\":\"https:\/\/luggagehero.com\/de\/paris\/\"},{\"@type\":\"ListItem\",\"position\":3,\"name\":\"Louvre\"}]},{\"@type\":\"WebSite\",\"@id\":\"https:\/\/luggagehero.com\/de\/#website\",\"url\":\"https:\/\/luggagehero.com\/de\/\",\"name\":\"LuggageHero\",\"description\":\"Free yourself from luggage\",\"publisher\":{\"@id\":\"https:\/\/luggagehero.com\/de\/#organization\"},\"potentialAction\":[{\"@type\":\"SearchAction\",\"target\":{\"@type\":\"EntryPoint\",\"urlTemplate\":\"https:\/\/luggagehero.com\/de\/?s={search_term_string}\"},\"query-input\":{\"@type\":\"PropertyValueSpecification\",\"valueRequired\":true,\"valueName\":\"search_term_string\"}}],\"inLanguage\":\"de-DE\"},{\"@type\":\"Organization\",\"@id\":\"https:\/\/luggagehero.com\/de\/#organization\",\"name\":\"LuggageHero\",\"url\":\"https:\/\/luggagehero.com\/de\/\",\"logo\":{\"@type\":\"ImageObject\",\"inLanguage\":\"de-DE\",\"@id\":\"https:\/\/luggagehero.com\/de\/#\/schema\/logo\/image\/\",\"url\":\"https:\/\/luggagehero.com\/wp-content\/uploads\/2017\/04\/luggagehero_LOGO-RGB_kort_POS_200x200.png\",\"contentUrl\":\"https:\/\/luggagehero.com\/wp-content\/uploads\/2017\/04\/luggagehero_LOGO-RGB_kort_POS_200x200.png\",\"width\":200,\"height\":200,\"caption\":\"LuggageHero\"},\"image\":{\"@id\":\"https:\/\/luggagehero.com\/de\/#\/schema\/logo\/image\/\"},\"sameAs\":[\"https:\/\/www.facebook.com\/luggagehero\",\"https:\/\/x.com\/luggagehero\",\"https:\/\/www.instagram.com\/luggagehero\",\"https:\/\/www.linkedin.com\/company\/luggagehero\/\"]}]}<\/script>\n<!-- \/ Yoast SEO Premium plugin. -->","yoast_head_json":{"title":"Louvre - LuggageHero","robots":{"index":"index","follow":"follow","max-snippet":"max-snippet:-1","max-image-preview":"max-image-preview:large","max-video-preview":"max-video-preview:-1"},"canonical":"https:\/\/luggagehero.com\/de\/paris\/louvre\/","og_locale":"de_DE","og_type":"article","og_title":"Louvre","og_description":"Suchen Sie eine Gep\u00e4ckaufbewahrung bevor Sie den Louvre besuchen? Sie k\u00f6nnen Ihr Gep\u00e4ck an einem unserer Gep\u00e4ckaufbewahrungsorte gleich um die Ecke des Louvre aufbewahren und Ihren Tag im Louvre oder in Paris unbeschwert genie\u00dfen. Bei den Gep\u00e4ckaufbewahrungsorten von LuggageHero handelt es sich um zertifizierte Hotels, Caf\u00e9s und Shops. Wenn Sie im Voraus buchen, ist Ihnen [&hellip;]","og_url":"https:\/\/luggagehero.com\/de\/paris\/louvre\/","og_site_name":"LuggageHero","article_publisher":"https:\/\/www.facebook.com\/luggagehero","article_modified_time":"2023-08-22T11:50:51+00:00","og_image":[{"width":1000,"height":563,"url":"https:\/\/luggagehero.com\/wp-content\/uploads\/2022\/02\/BFCC0932-99FC-439B-8A3F-183388F23749.jpeg","type":"image\/jpeg"}],"twitter_card":"summary_large_image","twitter_site":"@luggagehero","twitter_misc":{"Est. reading time":"2 minutes"},"schema":{"@context":"https:\/\/schema.org","@graph":[{"@type":"WebPage","@id":"https:\/\/luggagehero.com\/de\/paris\/louvre\/","url":"https:\/\/luggagehero.com\/de\/paris\/louvre\/","name":"Louvre - LuggageHero","isPartOf":{"@id":"https:\/\/luggagehero.com\/de\/#website"},"primaryImageOfPage":{"@id":"https:\/\/luggagehero.com\/de\/paris\/louvre\/#primaryimage"},"image":{"@id":"https:\/\/luggagehero.com\/de\/paris\/louvre\/#primaryimage"},"thumbnailUrl":"https:\/\/luggagehero.com\/wp-content\/uploads\/2022\/02\/BFCC0932-99FC-439B-8A3F-183388F23749.jpeg","datePublished":"2019-12-02T07:43:12+00:00","dateModified":"2023-08-22T11:50:51+00:00","breadcrumb":{"@id":"https:\/\/luggagehero.com\/de\/paris\/louvre\/#breadcrumb"},"inLanguage":"de-DE","potentialAction":[{"@type":"ReadAction","target":["https:\/\/luggagehero.com\/de\/paris\/louvre\/"]}]},{"@type":"ImageObject","inLanguage":"de-DE","@id":"https:\/\/luggagehero.com\/de\/paris\/louvre\/#primaryimage","url":"https:\/\/luggagehero.com\/wp-content\/uploads\/2022\/02\/BFCC0932-99FC-439B-8A3F-183388F23749.jpeg","contentUrl":"https:\/\/luggagehero.com\/wp-content\/uploads\/2022\/02\/BFCC0932-99FC-439B-8A3F-183388F23749.jpeg","width":1000,"height":563},{"@type":"BreadcrumbList","@id":"https:\/\/luggagehero.com\/de\/paris\/louvre\/#breadcrumb","itemListElement":[{"@type":"ListItem","position":1,"name":"Home","item":"https:\/\/luggagehero.com\/de\/"},{"@type":"ListItem","position":2,"name":"Paris","item":"https:\/\/luggagehero.com\/de\/paris\/"},{"@type":"ListItem","position":3,"name":"Louvre"}]},{"@type":"WebSite","@id":"https:\/\/luggagehero.com\/de\/#website","url":"https:\/\/luggagehero.com\/de\/","name":"LuggageHero","description":"Free yourself from luggage","publisher":{"@id":"https:\/\/luggagehero.com\/de\/#organization"},"potentialAction":[{"@type":"SearchAction","target":{"@type":"EntryPoint","urlTemplate":"https:\/\/luggagehero.com\/de\/?s={search_term_string}"},"query-input":{"@type":"PropertyValueSpecification","valueRequired":true,"valueName":"search_term_string"}}],"inLanguage":"de-DE"},{"@type":"Organization","@id":"https:\/\/luggagehero.com\/de\/#organization","name":"LuggageHero","url":"https:\/\/luggagehero.com\/de\/","logo":{"@type":"ImageObject","inLanguage":"de-DE","@id":"https:\/\/luggagehero.com\/de\/#\/schema\/logo\/image\/","url":"https:\/\/luggagehero.com\/wp-content\/uploads\/2017\/04\/luggagehero_LOGO-RGB_kort_POS_200x200.png","contentUrl":"https:\/\/luggagehero.com\/wp-content\/uploads\/2017\/04\/luggagehero_LOGO-RGB_kort_POS_200x200.png","width":200,"height":200,"caption":"LuggageHero"},"image":{"@id":"https:\/\/luggagehero.com\/de\/#\/schema\/logo\/image\/"},"sameAs":["https:\/\/www.facebook.com\/luggagehero","https:\/\/x.com\/luggagehero","https:\/\/www.instagram.com\/luggagehero","https:\/\/www.linkedin.com\/company\/luggagehero\/"]}]}},"place_id":"","place_latitude_longitude":"48.860606, 2.337667","place_name":"Louvre","criteria_title":"","criteria_description":"","meta_title":"","meta_description":"","children_criteria_title":"","children_criteria_description":"","children_meta_title":"","children_meta_description":"","_edit_last":"46","use_global_content":"","poi_type":"","content_raw":"Suchen Sie eine Gep\u00e4ckaufbewahrung bevor Sie den Louvre besuchen? Sie k\u00f6nnen Ihr Gep\u00e4ck an einem unserer Gep\u00e4ckaufbewahrungsorte gleich um die Ecke des Louvre aufbewahren und Ihren Tag im Louvre oder in <a href=\"https:\/\/luggagehero.com\/paris\/\">Paris<\/a> unbeschwert genie\u00dfen.\r\n\r\nBei den Gep\u00e4ckaufbewahrungsorten von LuggageHero handelt es sich um <a href=\"https:\/\/luggagehero.com\/about\/certified-shops\/\">zertifizierte<\/a> Hotels, Caf\u00e9s und Shops. Wenn Sie im Voraus buchen, ist Ihnen ein Platz f\u00fcr Ihr Gep\u00e4ck garantiert. Die Adresse und die Wegbeschreibung sind zum Zeitpunkt der Buchung verf\u00fcgbar und werden Ihnen per E-Mail zugesandt. Alle Gep\u00e4ckst\u00fccke werden mit unserem <a href=\"https:\/\/luggagehero.com\/about\/security-seal\/\">Sicherheitssiegel<\/a>\u00a0versehen, mit dem jedes Gep\u00e4ckst\u00fcck bis zu [pricing insurancecoverage] versichert ist, sobald Sie Ihr Gep\u00e4ck abgegeben und den Gep\u00e4ckaufbewahrungs-Timer auf Ihrer Buchungsseite gestartet haben.\r\n\r\n&nbsp;\r\n\r\n<img class=\"aligncenter size-large wp-image-7177\" src=\"https:\/\/luggagehero.com\/wp-content\/uploads\/2019\/05\/yeo-khee-612822-unsplash-800x450.jpg\" alt=\"\" width=\"800\" height=\"450\" \/>\r\n\r\n&nbsp;\r\n<h2 style=\"text-align: center;\">Louvre Museum<\/h2>\r\nDer Louvre oder das Louvre-Museum ist das gr\u00f6\u00dfte Kunstmuseum der Welt und ein historisches Denkmal in Paris. Es befindet sich in der Rue de Rivoli neben der Metrostation Louvre Rivoli. Die Gem\u00e4ldesammlung des Louvre ist eine der reichsten der Welt und repr\u00e4sentiert alle Epochen der europ\u00e4ischen Kunst bis zu den Revolutionen von 1848. Es beherbergt auch viele Meisterwerke italienischer Renaissance-Maler, darunter Leonardo da Vincis Mona Lisa und Werke fl\u00e4mischer und niederl\u00e4ndischer Barockmaler.\r\n\r\nViele Touristen besuchen den Louvre, der mit 10,2 Millionen Besuchern pro Jahr eines der beliebtesten Touristenziele in Paris darstellt. Die beliebteste Zeit f\u00fcr einen Besuch im Louvre ist zwischen 12:00 und 17:00 Uhr. Tickets k\u00f6nnen vor Ort gekauft werden. Wenn Sie Tickets zu einem festgelegten Zeitpunkt online kaufen, ist der Eintritt innerhalb von 30 Minuten garantiert.\r\n<h3 style=\"text-align: center;\">Louvre Taschenrichtlinie<\/h3>\r\nBesucher mit Tickets k\u00f6nnen die Garderobe und Gep\u00e4ckaufbewahrung des Museums kostenlos nutzen. Aus Sicherheits- und Komfortgr\u00fcnden sind gro\u00dfe Taschen in den Museumsgalerien nicht gestattet. Den Besuchern wird daher geraten, keine gro\u00dfen Taschen oder Koffer mit zum Louvre zu nehmen. Die Gep\u00e4ckaufbewahrung unter der Pyramide ist montags und dienstags geschlossen.\r\n\r\nHinweis: Gegenst\u00e4nde, die gr\u00f6\u00dfer als 55 x 30 x 20 cm sind, sind im Museum nicht gestattet.\r\n\r\n&nbsp;\r\n\r\n&nbsp;","_links":{"self":[{"href":"https:\/\/luggagehero.com\/de\/wp-json\/wp\/v2\/pages\/12378","targetHints":{"allow":["GET"]}}],"collection":[{"href":"https:\/\/luggagehero.com\/de\/wp-json\/wp\/v2\/pages"}],"about":[{"href":"https:\/\/luggagehero.com\/de\/wp-json\/wp\/v2\/types\/page"}],"author":[{"embeddable":true,"href":"https:\/\/luggagehero.com\/de\/wp-json\/wp\/v2\/users\/9"}],"replies":[{"embeddable":true,"href":"https:\/\/luggagehero.com\/de\/wp-json\/wp\/v2\/comments?post=12378"}],"version-history":[{"count":0,"href":"https:\/\/luggagehero.com\/de\/wp-json\/wp\/v2\/pages\/12378\/revisions"}],"up":[{"embeddable":true,"href":"https:\/\/luggagehero.com\/de\/wp-json\/wp\/v2\/pages\/11512"}],"wp:featuredmedia":[{"embeddable":true,"href":"https:\/\/luggagehero.com\/de\/wp-json\/wp\/v2\/media\/42581"}],"wp:attachment":[{"href":"https:\/\/luggagehero.com\/de\/wp-json\/wp\/v2\/media?parent=12378"}],"curies":[{"name":"wp","href":"https:\/\/api.w.org\/{rel}","templated":true}]}}