{"id":12380,"date":"2019-12-02T07:43:12","date_gmt":"2019-12-02T07:43:12","guid":{"rendered":"https:\/\/luggagehero.com\/paris\/gare-de-lyon\/"},"modified":"2023-08-22T11:59:01","modified_gmt":"2023-08-22T11:59:01","slug":"gare-de-lyon","status":"publish","type":"page","link":"https:\/\/luggagehero.com\/de\/paris\/gare-de-lyon\/","title":{"rendered":"Gare de Lyon"},"content":{"rendered":"<p>Suchen Sie eine Gep\u00e4ckaufbewahrung in der N\u00e4he des Gare de Lyon? Sie k\u00f6nnen Ihr Gep\u00e4ck an einem unserer Gep\u00e4ckaufbewahrungsorte gleich um die Ecke des Bahnhofs aufbewahren und <a href=\"https:\/\/luggagehero.com\/paris\/\">Paris<\/a> unbeschwert entdecken.<\/p>\n<p>Bei den Gep\u00e4ckaufbewahrungsorten von LuggageHero handelt es sich um <a href=\"https:\/\/luggagehero.com\/about\/certified-shops\/\">zertifizierte<\/a> Hotels, Caf\u00e9s und Shops. Wenn Sie im Voraus buchen, ist Ihnen ein Platz f\u00fcr Ihr Gep\u00e4ck garantiert. Die Adresse und die Wegbeschreibung sind zum Zeitpunkt der Buchung verf\u00fcgbar und werden Ihnen per E-Mail zugesandt. Alle Gep\u00e4ckst\u00fccke werden mit unserem <a href=\"https:\/\/luggagehero.com\/about\/security-seal\/\">Sicherheitssiegel<\/a>\u00a0versehen, mit dem jedes Gep\u00e4ckst\u00fcck bis zu <pricing-component type=\"insurancecoverage\"><\/pricing-component> versichert ist, sobald Sie Ihr Gep\u00e4ck abgegeben und den Gep\u00e4ckaufbewahrungs-Timer auf Ihrer Buchungsseite gestartet haben.<\/p>\n<p>&nbsp;<\/p>\n<p><img loading=\"lazy\" decoding=\"async\" class=\"aligncenter size-large wp-image-7242\" src=\"https:\/\/luggagehero.com\/wp-content\/uploads\/2019\/05\/shutterstock_1102115801-800x534.jpg\" alt=\"Bewahren Sie Ihr Gep\u00e4ck in der N\u00e4he des Gare de Lyon auf\" width=\"800\" height=\"534\" srcset=\"https:\/\/luggagehero.com\/wp-content\/uploads\/2019\/05\/shutterstock_1102115801-800x534.jpg 800w, https:\/\/luggagehero.com\/wp-content\/uploads\/2019\/05\/shutterstock_1102115801-300x200.jpg 300w, https:\/\/luggagehero.com\/wp-content\/uploads\/2019\/05\/shutterstock_1102115801-600x401.jpg 600w, https:\/\/luggagehero.com\/wp-content\/uploads\/2019\/05\/shutterstock_1102115801.jpg 1000w\" sizes=\"auto, (max-width: 800px) 100vw, 800px\" \/><\/p>\n<p>&nbsp;<\/p>\n<h2 style=\"text-align: center;\">Gare de Lyon<\/h2>\n<p>Der Gare de Lyon, offiziell Paris-Gare-de-Lyon, ist einer der sechs gro\u00dfen Bahnh\u00f6fe in Paris. Der Bahnhof wird pro Jahr von ungef\u00e4hr 90.000.000 Passagieren genutzt und ist damit der drittgr\u00f6\u00dfte Bahnhof Frankreichs und einer der verkehrsreichsten in Europa.<\/p>\n<p>Der Bahnhof wird von Hochgeschwindigkeitsz\u00fcgen nach S\u00fcd- und Ostfrankreich sowie in die Schweiz, nach Deutschland, Italien, und Spanien angefahren. Der Bahnhof ist zudem auch Haltestelle der Metro und f\u00fcr Regionalz\u00fcge. Mit dem Zug fahren Sie in nur 6 Stunden bis zum <a href=\"https:\/\/luggagehero.com\/nice\/gare-de-nice-ville\/\">Gare de Ville Nice<\/a><\/p>\n<p>Wenn Sie die die Gegend rund um den Gare de Lyon \/ Bercy erkunden, spazieren Sie entlang blumengeschm\u00fcckter Gassen, \u00fcber belebte M\u00e4rkte und durch \u00fcberirdische G\u00e4rten auf stillgelegten Eisenbahnen und durch gro\u00dfe Parks. Wenn Sie Ihr Gep\u00e4ck in der N\u00e4he des Bahnhofs Gare de Lyon aufbewahren, k\u00f6nnen Sie die Mosqu\u00e9e de Paris, die Promenade Plant\u00e9e oder den Jardin des Plantes besuchen.<\/p>\n<p>&nbsp;<\/p>\n","protected":false},"excerpt":{"rendered":"<p>Suchen Sie eine Gep\u00e4ckaufbewahrung in der N\u00e4he des Gare de Lyon? Sie k\u00f6nnen Ihr Gep\u00e4ck an einem unserer Gep\u00e4ckaufbewahrungsorte gleich um die Ecke des Bahnhofs aufbewahren und Paris unbeschwert entdecken. Bei den Gep\u00e4ckaufbewahrungsorten von LuggageHero handelt es sich um zertifizierte Hotels, Caf\u00e9s und Shops. Wenn Sie im Voraus buchen, ist Ihnen ein Platz f\u00fcr Ihr [&hellip;]<\/p>\n","protected":false},"author":9,"featured_media":37164,"parent":11512,"menu_order":0,"comment_status":"closed","ping_status":"closed","template":"template-location.php","meta":{"_acf_changed":false,"footnotes":""},"class_list":["post-12380","page","type-page","status-publish","has-post-thumbnail","hentry"],"acf":[],"yoast_head":"<!-- This site is optimized with the Yoast SEO Premium plugin v27.0 (Yoast SEO v27.0) - https:\/\/yoast.com\/product\/yoast-seo-premium-wordpress\/ -->\n<title>Gare de Lyon - LuggageHero<\/title>\n<meta name=\"description\" content=\"Gep\u00e4ckaufbewahrung Gare de Lyon f\u00fcr nur 1 \u20ac pro Stunde und nie mehr als 8 \u20ac pro Tag. Bequeme und g\u00fcnstige Gep\u00e4ckaufbewahrung in Paris.\" \/>\n<meta name=\"robots\" content=\"index, follow, max-snippet:-1, max-image-preview:large, max-video-preview:-1\" \/>\n<link rel=\"canonical\" href=\"https:\/\/luggagehero.com\/de\/paris\/gare-de-lyon\/\" \/>\n<meta property=\"og:locale\" content=\"de_DE\" \/>\n<meta property=\"og:type\" content=\"article\" \/>\n<meta property=\"og:title\" content=\"Gare de Lyon\" \/>\n<meta property=\"og:description\" content=\"Gep\u00e4ckaufbewahrung Gare de Lyon f\u00fcr nur 1 \u20ac pro Stunde und nie mehr als 8 \u20ac pro Tag. Bequeme und g\u00fcnstige Gep\u00e4ckaufbewahrung in Paris.\" \/>\n<meta property=\"og:url\" content=\"https:\/\/luggagehero.com\/de\/paris\/gare-de-lyon\/\" \/>\n<meta property=\"og:site_name\" content=\"LuggageHero\" \/>\n<meta property=\"article:publisher\" content=\"https:\/\/www.facebook.com\/luggagehero\" \/>\n<meta property=\"article:modified_time\" content=\"2023-08-22T11:59:01+00:00\" \/>\n<meta property=\"og:image\" content=\"https:\/\/luggagehero.com\/wp-content\/uploads\/2021\/07\/de-lyon.jpeg\" \/>\n\t<meta property=\"og:image:width\" content=\"800\" \/>\n\t<meta property=\"og:image:height\" content=\"534\" \/>\n\t<meta property=\"og:image:type\" content=\"image\/jpeg\" \/>\n<meta name=\"twitter:card\" content=\"summary_large_image\" \/>\n<meta name=\"twitter:site\" content=\"@luggagehero\" \/>\n<meta name=\"twitter:label1\" content=\"Est. reading time\" \/>\n\t<meta name=\"twitter:data1\" content=\"2 minutes\" \/>\n<script type=\"application\/ld+json\" class=\"yoast-schema-graph\">{\"@context\":\"https:\/\/schema.org\",\"@graph\":[{\"@type\":\"WebPage\",\"@id\":\"https:\/\/luggagehero.com\/de\/paris\/gare-de-lyon\/\",\"url\":\"https:\/\/luggagehero.com\/de\/paris\/gare-de-lyon\/\",\"name\":\"Gare de Lyon - LuggageHero\",\"isPartOf\":{\"@id\":\"https:\/\/luggagehero.com\/de\/#website\"},\"primaryImageOfPage\":{\"@id\":\"https:\/\/luggagehero.com\/de\/paris\/gare-de-lyon\/#primaryimage\"},\"image\":{\"@id\":\"https:\/\/luggagehero.com\/de\/paris\/gare-de-lyon\/#primaryimage\"},\"thumbnailUrl\":\"https:\/\/luggagehero.com\/wp-content\/uploads\/2021\/07\/de-lyon.jpeg\",\"datePublished\":\"2019-12-02T07:43:12+00:00\",\"dateModified\":\"2023-08-22T11:59:01+00:00\",\"description\":\"Gep\u00e4ckaufbewahrung Gare de Lyon f\u00fcr nur 1 \u20ac pro Stunde und nie mehr als 8 \u20ac pro Tag. Bequeme und g\u00fcnstige Gep\u00e4ckaufbewahrung in Paris.\",\"breadcrumb\":{\"@id\":\"https:\/\/luggagehero.com\/de\/paris\/gare-de-lyon\/#breadcrumb\"},\"inLanguage\":\"de-DE\",\"potentialAction\":[{\"@type\":\"ReadAction\",\"target\":[\"https:\/\/luggagehero.com\/de\/paris\/gare-de-lyon\/\"]}]},{\"@type\":\"ImageObject\",\"inLanguage\":\"de-DE\",\"@id\":\"https:\/\/luggagehero.com\/de\/paris\/gare-de-lyon\/#primaryimage\",\"url\":\"https:\/\/luggagehero.com\/wp-content\/uploads\/2021\/07\/de-lyon.jpeg\",\"contentUrl\":\"https:\/\/luggagehero.com\/wp-content\/uploads\/2021\/07\/de-lyon.jpeg\",\"width\":800,\"height\":534,\"caption\":\"Gare de Lyon Paris\"},{\"@type\":\"BreadcrumbList\",\"@id\":\"https:\/\/luggagehero.com\/de\/paris\/gare-de-lyon\/#breadcrumb\",\"itemListElement\":[{\"@type\":\"ListItem\",\"position\":1,\"name\":\"Home\",\"item\":\"https:\/\/luggagehero.com\/de\/\"},{\"@type\":\"ListItem\",\"position\":2,\"name\":\"Paris\",\"item\":\"https:\/\/luggagehero.com\/de\/paris\/\"},{\"@type\":\"ListItem\",\"position\":3,\"name\":\"Gare de Lyon\"}]},{\"@type\":\"WebSite\",\"@id\":\"https:\/\/luggagehero.com\/de\/#website\",\"url\":\"https:\/\/luggagehero.com\/de\/\",\"name\":\"LuggageHero\",\"description\":\"Free yourself from luggage\",\"publisher\":{\"@id\":\"https:\/\/luggagehero.com\/de\/#organization\"},\"potentialAction\":[{\"@type\":\"SearchAction\",\"target\":{\"@type\":\"EntryPoint\",\"urlTemplate\":\"https:\/\/luggagehero.com\/de\/?s={search_term_string}\"},\"query-input\":{\"@type\":\"PropertyValueSpecification\",\"valueRequired\":true,\"valueName\":\"search_term_string\"}}],\"inLanguage\":\"de-DE\"},{\"@type\":\"Organization\",\"@id\":\"https:\/\/luggagehero.com\/de\/#organization\",\"name\":\"LuggageHero\",\"url\":\"https:\/\/luggagehero.com\/de\/\",\"logo\":{\"@type\":\"ImageObject\",\"inLanguage\":\"de-DE\",\"@id\":\"https:\/\/luggagehero.com\/de\/#\/schema\/logo\/image\/\",\"url\":\"https:\/\/luggagehero.com\/wp-content\/uploads\/2017\/04\/luggagehero_LOGO-RGB_kort_POS_200x200.png\",\"contentUrl\":\"https:\/\/luggagehero.com\/wp-content\/uploads\/2017\/04\/luggagehero_LOGO-RGB_kort_POS_200x200.png\",\"width\":200,\"height\":200,\"caption\":\"LuggageHero\"},\"image\":{\"@id\":\"https:\/\/luggagehero.com\/de\/#\/schema\/logo\/image\/\"},\"sameAs\":[\"https:\/\/www.facebook.com\/luggagehero\",\"https:\/\/x.com\/luggagehero\",\"https:\/\/www.instagram.com\/luggagehero\",\"https:\/\/www.linkedin.com\/company\/luggagehero\/\"]}]}<\/script>\n<!-- \/ Yoast SEO Premium plugin. -->","yoast_head_json":{"title":"Gare de Lyon - LuggageHero","description":"Gep\u00e4ckaufbewahrung Gare de Lyon f\u00fcr nur 1 \u20ac pro Stunde und nie mehr als 8 \u20ac pro Tag. Bequeme und g\u00fcnstige Gep\u00e4ckaufbewahrung in Paris.","robots":{"index":"index","follow":"follow","max-snippet":"max-snippet:-1","max-image-preview":"max-image-preview:large","max-video-preview":"max-video-preview:-1"},"canonical":"https:\/\/luggagehero.com\/de\/paris\/gare-de-lyon\/","og_locale":"de_DE","og_type":"article","og_title":"Gare de Lyon","og_description":"Gep\u00e4ckaufbewahrung Gare de Lyon f\u00fcr nur 1 \u20ac pro Stunde und nie mehr als 8 \u20ac pro Tag. Bequeme und g\u00fcnstige Gep\u00e4ckaufbewahrung in Paris.","og_url":"https:\/\/luggagehero.com\/de\/paris\/gare-de-lyon\/","og_site_name":"LuggageHero","article_publisher":"https:\/\/www.facebook.com\/luggagehero","article_modified_time":"2023-08-22T11:59:01+00:00","og_image":[{"width":800,"height":534,"url":"https:\/\/luggagehero.com\/wp-content\/uploads\/2021\/07\/de-lyon.jpeg","type":"image\/jpeg"}],"twitter_card":"summary_large_image","twitter_site":"@luggagehero","twitter_misc":{"Est. reading time":"2 minutes"},"schema":{"@context":"https:\/\/schema.org","@graph":[{"@type":"WebPage","@id":"https:\/\/luggagehero.com\/de\/paris\/gare-de-lyon\/","url":"https:\/\/luggagehero.com\/de\/paris\/gare-de-lyon\/","name":"Gare de Lyon - LuggageHero","isPartOf":{"@id":"https:\/\/luggagehero.com\/de\/#website"},"primaryImageOfPage":{"@id":"https:\/\/luggagehero.com\/de\/paris\/gare-de-lyon\/#primaryimage"},"image":{"@id":"https:\/\/luggagehero.com\/de\/paris\/gare-de-lyon\/#primaryimage"},"thumbnailUrl":"https:\/\/luggagehero.com\/wp-content\/uploads\/2021\/07\/de-lyon.jpeg","datePublished":"2019-12-02T07:43:12+00:00","dateModified":"2023-08-22T11:59:01+00:00","description":"Gep\u00e4ckaufbewahrung Gare de Lyon f\u00fcr nur 1 \u20ac pro Stunde und nie mehr als 8 \u20ac pro Tag. Bequeme und g\u00fcnstige Gep\u00e4ckaufbewahrung in Paris.","breadcrumb":{"@id":"https:\/\/luggagehero.com\/de\/paris\/gare-de-lyon\/#breadcrumb"},"inLanguage":"de-DE","potentialAction":[{"@type":"ReadAction","target":["https:\/\/luggagehero.com\/de\/paris\/gare-de-lyon\/"]}]},{"@type":"ImageObject","inLanguage":"de-DE","@id":"https:\/\/luggagehero.com\/de\/paris\/gare-de-lyon\/#primaryimage","url":"https:\/\/luggagehero.com\/wp-content\/uploads\/2021\/07\/de-lyon.jpeg","contentUrl":"https:\/\/luggagehero.com\/wp-content\/uploads\/2021\/07\/de-lyon.jpeg","width":800,"height":534,"caption":"Gare de Lyon Paris"},{"@type":"BreadcrumbList","@id":"https:\/\/luggagehero.com\/de\/paris\/gare-de-lyon\/#breadcrumb","itemListElement":[{"@type":"ListItem","position":1,"name":"Home","item":"https:\/\/luggagehero.com\/de\/"},{"@type":"ListItem","position":2,"name":"Paris","item":"https:\/\/luggagehero.com\/de\/paris\/"},{"@type":"ListItem","position":3,"name":"Gare de Lyon"}]},{"@type":"WebSite","@id":"https:\/\/luggagehero.com\/de\/#website","url":"https:\/\/luggagehero.com\/de\/","name":"LuggageHero","description":"Free yourself from luggage","publisher":{"@id":"https:\/\/luggagehero.com\/de\/#organization"},"potentialAction":[{"@type":"SearchAction","target":{"@type":"EntryPoint","urlTemplate":"https:\/\/luggagehero.com\/de\/?s={search_term_string}"},"query-input":{"@type":"PropertyValueSpecification","valueRequired":true,"valueName":"search_term_string"}}],"inLanguage":"de-DE"},{"@type":"Organization","@id":"https:\/\/luggagehero.com\/de\/#organization","name":"LuggageHero","url":"https:\/\/luggagehero.com\/de\/","logo":{"@type":"ImageObject","inLanguage":"de-DE","@id":"https:\/\/luggagehero.com\/de\/#\/schema\/logo\/image\/","url":"https:\/\/luggagehero.com\/wp-content\/uploads\/2017\/04\/luggagehero_LOGO-RGB_kort_POS_200x200.png","contentUrl":"https:\/\/luggagehero.com\/wp-content\/uploads\/2017\/04\/luggagehero_LOGO-RGB_kort_POS_200x200.png","width":200,"height":200,"caption":"LuggageHero"},"image":{"@id":"https:\/\/luggagehero.com\/de\/#\/schema\/logo\/image\/"},"sameAs":["https:\/\/www.facebook.com\/luggagehero","https:\/\/x.com\/luggagehero","https:\/\/www.instagram.com\/luggagehero","https:\/\/www.linkedin.com\/company\/luggagehero\/"]}]}},"place_id":"","place_latitude_longitude":"48.8443,2.3744","place_name":"Gare de Lyon","criteria_title":"","criteria_description":"","meta_title":"","meta_description":"","children_criteria_title":"","children_criteria_description":"","children_meta_title":"","children_meta_description":"","_edit_last":"46","use_global_content":"","poi_type":"PublicTransit","content_raw":"Suchen Sie eine Gep\u00e4ckaufbewahrung in der N\u00e4he des Gare de Lyon? Sie k\u00f6nnen Ihr Gep\u00e4ck an einem unserer Gep\u00e4ckaufbewahrungsorte gleich um die Ecke des Bahnhofs aufbewahren und <a href=\"https:\/\/luggagehero.com\/paris\/\">Paris<\/a> unbeschwert entdecken.\r\n\r\nBei den Gep\u00e4ckaufbewahrungsorten von LuggageHero handelt es sich um <a href=\"https:\/\/luggagehero.com\/about\/certified-shops\/\">zertifizierte<\/a> Hotels, Caf\u00e9s und Shops. Wenn Sie im Voraus buchen, ist Ihnen ein Platz f\u00fcr Ihr Gep\u00e4ck garantiert. Die Adresse und die Wegbeschreibung sind zum Zeitpunkt der Buchung verf\u00fcgbar und werden Ihnen per E-Mail zugesandt. Alle Gep\u00e4ckst\u00fccke werden mit unserem <a href=\"https:\/\/luggagehero.com\/about\/security-seal\/\">Sicherheitssiegel<\/a>\u00a0versehen, mit dem jedes Gep\u00e4ckst\u00fcck bis zu [pricing insurancecoverage] versichert ist, sobald Sie Ihr Gep\u00e4ck abgegeben und den Gep\u00e4ckaufbewahrungs-Timer auf Ihrer Buchungsseite gestartet haben.\r\n\r\n&nbsp;\r\n\r\n<img class=\"aligncenter size-large wp-image-7242\" src=\"https:\/\/luggagehero.com\/wp-content\/uploads\/2019\/05\/shutterstock_1102115801-800x534.jpg\" alt=\"Bewahren Sie Ihr Gep\u00e4ck in der N\u00e4he des Gare de Lyon auf\" width=\"800\" height=\"534\" \/>\r\n\r\n&nbsp;\r\n<h2 style=\"text-align: center;\">Gare de Lyon<\/h2>\r\nDer Gare de Lyon, offiziell Paris-Gare-de-Lyon, ist einer der sechs gro\u00dfen Bahnh\u00f6fe in Paris. Der Bahnhof wird pro Jahr von ungef\u00e4hr 90.000.000 Passagieren genutzt und ist damit der drittgr\u00f6\u00dfte Bahnhof Frankreichs und einer der verkehrsreichsten in Europa.\r\n\r\nDer Bahnhof wird von Hochgeschwindigkeitsz\u00fcgen nach S\u00fcd- und Ostfrankreich sowie in die Schweiz, nach Deutschland, Italien, und Spanien angefahren. Der Bahnhof ist zudem auch Haltestelle der Metro und f\u00fcr Regionalz\u00fcge. Mit dem Zug fahren Sie in nur 6 Stunden bis zum <a href=\"https:\/\/luggagehero.com\/nice\/gare-de-nice-ville\/\">Gare de Ville Nice<\/a>\r\n\r\nWenn Sie die die Gegend rund um den Gare de Lyon \/ Bercy erkunden, spazieren Sie entlang blumengeschm\u00fcckter Gassen, \u00fcber belebte M\u00e4rkte und durch \u00fcberirdische G\u00e4rten auf stillgelegten Eisenbahnen und durch gro\u00dfe Parks. Wenn Sie Ihr Gep\u00e4ck in der N\u00e4he des Bahnhofs Gare de Lyon aufbewahren, k\u00f6nnen Sie die Mosqu\u00e9e de Paris, die Promenade Plant\u00e9e oder den Jardin des Plantes besuchen.\r\n\r\n&nbsp;","_links":{"self":[{"href":"https:\/\/luggagehero.com\/de\/wp-json\/wp\/v2\/pages\/12380","targetHints":{"allow":["GET"]}}],"collection":[{"href":"https:\/\/luggagehero.com\/de\/wp-json\/wp\/v2\/pages"}],"about":[{"href":"https:\/\/luggagehero.com\/de\/wp-json\/wp\/v2\/types\/page"}],"author":[{"embeddable":true,"href":"https:\/\/luggagehero.com\/de\/wp-json\/wp\/v2\/users\/9"}],"replies":[{"embeddable":true,"href":"https:\/\/luggagehero.com\/de\/wp-json\/wp\/v2\/comments?post=12380"}],"version-history":[{"count":0,"href":"https:\/\/luggagehero.com\/de\/wp-json\/wp\/v2\/pages\/12380\/revisions"}],"up":[{"embeddable":true,"href":"https:\/\/luggagehero.com\/de\/wp-json\/wp\/v2\/pages\/11512"}],"wp:featuredmedia":[{"embeddable":true,"href":"https:\/\/luggagehero.com\/de\/wp-json\/wp\/v2\/media\/37164"}],"wp:attachment":[{"href":"https:\/\/luggagehero.com\/de\/wp-json\/wp\/v2\/media?parent=12380"}],"curies":[{"name":"wp","href":"https:\/\/api.w.org\/{rel}","templated":true}]}}