{"id":12382,"date":"2019-12-02T07:43:12","date_gmt":"2019-12-02T07:43:12","guid":{"rendered":"https:\/\/luggagehero.com\/amsterdam\/centraal-station\/"},"modified":"2023-09-05T11:37:00","modified_gmt":"2023-09-05T11:37:00","slug":"centraal-station","status":"publish","type":"page","link":"https:\/\/luggagehero.com\/de\/amsterdam\/centraal-station\/","title":{"rendered":"Centraal Station"},"content":{"rendered":"<p><span style=\"font-weight: 400;\">Suchen Sie eine Gep\u00e4ckaufbewahrung in der N\u00e4he von Amsterdam Centraal?Sie k\u00f6nnen Ihr Gep\u00e4ck an einem unserer Gep\u00e4ckaufbewahrungsorte gleich um die Ecke aufbewahren und <a href=\"https:\/\/luggagehero.com\/amsterdam\/\">Amsterdam<\/a> unbeschwert entdecken.<br \/>\n<\/span><\/p>\n<p><span style=\"font-weight: 400;\">Bei den Gep\u00e4ckaufbewahrungsorten von LuggageHero handelt es sich um <\/span><a href=\"https:\/\/luggagehero.com\/about\/certified-shops\/\"><span style=\"font-weight: 400;\">zertifizierte<\/span><\/a> <span style=\"font-weight: 400;\">Hotels, Caf\u00e9s und Shops.Wenn Sie im Voraus buchen, ist Ihnen ein Platz f\u00fcr Ihr Gep\u00e4ck garantiert.Die Adresse und die Wegbeschreibung sind zum Zeitpunkt der Buchung verf\u00fcgbar und werden Ihnen per E-Mail zugesandt.Alle Gep\u00e4ckst\u00fccke werden mit unserem <\/span><a href=\"https:\/\/luggagehero.com\/about\/security-seal\/\"><span style=\"font-weight: 400;\">Sicherheitssiegel<\/span><\/a><span style=\"font-weight: 400;\">\u00a0versehen, mit dem jedes Gep\u00e4ckst\u00fcck bis zu <pricing-component type=\"insurancecoverage\"><\/pricing-component> versichert ist, sobald Sie Ihr Gep\u00e4ck abgegeben und den Gep\u00e4ckaufbewahrungs-Timer auf Ihrer Buchungsseite gestartet haben.<\/span>.<\/p>\n<h2><img loading=\"lazy\" decoding=\"async\" class=\"aligncenter wp-image-11233 size-large\" src=\"https:\/\/luggagehero.com\/wp-content\/uploads\/2019\/11\/bruno-van-der-kraan-VXBzsO2KB8o-unsplash-1-800x1036.jpg\" alt=\"\" width=\"791\" height=\"1024\" srcset=\"https:\/\/luggagehero.com\/wp-content\/uploads\/2019\/11\/bruno-van-der-kraan-VXBzsO2KB8o-unsplash-1-800x1036.jpg 800w, https:\/\/luggagehero.com\/wp-content\/uploads\/2019\/11\/bruno-van-der-kraan-VXBzsO2KB8o-unsplash-1-300x389.jpg 300w, https:\/\/luggagehero.com\/wp-content\/uploads\/2019\/11\/bruno-van-der-kraan-VXBzsO2KB8o-unsplash-1-600x777.jpg 600w\" sizes=\"auto, (max-width: 791px) 100vw, 791px\" \/><\/h2>\n<h2 style=\"text-align: center;\">Centraal Station<\/h2>\n<p><span style=\"font-weight: 400;\">Centraal Station ist der gr\u00f6\u00dfte Bahnhof in <a href=\"https:\/\/luggagehero.com\/amsterdam\/\" target=\"_blank\" rel=\"noopener noreferrer\">Amsterdam<\/a>. <\/span><span style=\"font-weight: 400;\">Der Bahnhof bietet nationale und internationale Zugverbindungen und wird t\u00e4glich von 162.000 Fahrg\u00e4sten genutzt. <\/span><span style=\"font-weight: 400;\"><br \/>\n<\/span><span style=\"font-weight: 400;\"><br \/>\n<\/span><span style=\"font-weight: 400;\">Optisch \u00e4hnelt der Bahnhof einer mittelalterlichen Kathedrale. <\/span><span style=\"font-weight: 400;\">Er wurde von Pierre Cuypers im gotischen Stil mit einer Renaissance-Fassade entworfen, w\u00e4hrend das Geb\u00e4ude selbst vom Bauunternehmer Phillipp Holzmann errichtet wurde. <\/span><span style=\"font-weight: 400;\"><br \/>\n<\/span><span style=\"font-weight: 400;\"><br \/>\n<\/span><span style=\"font-weight: 400;\">Seit 1997 wurde der Bahnhof umfangreich umgebaut, um die Nord-S\u00fcd-Linie anbieten zu k\u00f6nnen. <\/span><span style=\"font-weight: 400;\">Seit 2017 wurden weitere Umbauten durchgef\u00fchrt, bei denen die Bahnsteige verbreitert und die alten Br\u00fccken ersetzt wurden. <\/span><span style=\"font-weight: 400;\"><br \/>\n<\/span><span style=\"font-weight: 400;\"><br \/>\n<\/span><span style=\"font-weight: 400;\">Heute finden Sie in der Centraal Station zahlreiche Gesch\u00e4fte, Caf\u00e9s und Superm\u00e4rkte. <\/span><span style=\"font-weight: 400;\">Wenn es noch ein paar Stunden dauert bis zur n\u00e4chsten Zugfahrt und Sie sich ein bisschen in der Gegend umsehen m\u00f6chten, k\u00f6nnen Sie diese Gelegenheit nutzen.<\/span><span style=\"font-weight: 400;\">Es ist nat\u00fcrlich noch besser, wenn Sie Ihr Gep\u00e4ck an einem unserer Gep\u00e4ckaufbewahrungsorte, nur wenige Schritte vom Bahnhof entfernt, aufbewahren k\u00f6nnen. <\/span><span style=\"font-weight: 400;\"><br \/>\n<\/span><span style=\"font-weight: 400;\"><br \/>\n<\/span><span style=\"font-weight: 400;\">Wenn wir uns um Ihr Gep\u00e4ck k\u00fcmmern, k\u00f6nnen Sie frei durch Amsterdam schlendern und verschiedene Sehensw\u00fcrdigkeiten wie das <a href=\"https:\/\/luggagehero.com\/amsterdam\/Van-Gogh-Museum\/\" target=\"_blank\" rel=\"noopener noreferrer\">Van Gogh Museum<\/a>, <a href=\"https:\/\/luggagehero.com\/amsterdam\/Rijksmuseum\/\" target=\"_blank\" rel=\"noopener noreferrer\">das Rijksmuseum<\/a>, <a href=\"https:\/\/luggagehero.com\/amsterdam\/De-Wallen\/\" target=\"_blank\" rel=\"noopener noreferrer\"> De Wallen<\/a> und den <a href=\"https:\/\/luggagehero.com\/amsterdam\/dam\/\" target=\"_blank\" rel=\"noopener noreferrer\">Dam Platz<\/a>besuchen. <\/span><span style=\"font-weight: 400;\"><br \/>\n<\/span><span style=\"font-weight: 400;\"><br \/>\n<\/span><span style=\"font-weight: 400;\">Wenn Sie unbeschwert reisen, k\u00f6nnen Sie Ihre Zeit und Energie, die Sie f\u00fcr die Dinge verwenden, die Sie gerne sehen und tun, besser nutzen. Nutzen Sie unseren Service. Wir k\u00fcmmern uns um Ihr Gep\u00e4ck k\u00fcmmern, damit Sie Amsterdam in Ruhe erkunden k\u00f6nnen.\u00a0<\/span><\/p>\n","protected":false},"excerpt":{"rendered":"<p>Suchen Sie eine Gep\u00e4ckaufbewahrung in der N\u00e4he von Amsterdam Centraal?Sie k\u00f6nnen Ihr Gep\u00e4ck an einem unserer Gep\u00e4ckaufbewahrungsorte gleich um die Ecke aufbewahren und Amsterdam unbeschwert entdecken. Bei den Gep\u00e4ckaufbewahrungsorten von LuggageHero handelt es sich um zertifizierte Hotels, Caf\u00e9s und Shops.Wenn Sie im Voraus buchen, ist Ihnen ein Platz f\u00fcr Ihr Gep\u00e4ck garantiert.Die Adresse und die [&hellip;]<\/p>\n","protected":false},"author":9,"featured_media":39177,"parent":11576,"menu_order":0,"comment_status":"closed","ping_status":"closed","template":"template-location.php","meta":{"_acf_changed":false,"footnotes":""},"class_list":["post-12382","page","type-page","status-publish","has-post-thumbnail","hentry"],"acf":[],"yoast_head":"<!-- This site is optimized with the Yoast SEO Premium plugin v27.0 (Yoast SEO v27.0) - https:\/\/yoast.com\/product\/yoast-seo-premium-wordpress\/ -->\n<title>Centraal Station - LuggageHero<\/title>\n<meta name=\"robots\" content=\"index, follow, max-snippet:-1, max-image-preview:large, max-video-preview:-1\" \/>\n<link rel=\"canonical\" href=\"https:\/\/luggagehero.com\/de\/amsterdam\/centraal-station\/\" \/>\n<meta property=\"og:locale\" content=\"de_DE\" \/>\n<meta property=\"og:type\" content=\"article\" \/>\n<meta property=\"og:title\" content=\"Centraal Station\" \/>\n<meta property=\"og:description\" content=\"Suchen Sie eine Gep\u00e4ckaufbewahrung in der N\u00e4he von Amsterdam Centraal?Sie k\u00f6nnen Ihr Gep\u00e4ck an einem unserer Gep\u00e4ckaufbewahrungsorte gleich um die Ecke aufbewahren und Amsterdam unbeschwert entdecken. Bei den Gep\u00e4ckaufbewahrungsorten von LuggageHero handelt es sich um zertifizierte Hotels, Caf\u00e9s und Shops.Wenn Sie im Voraus buchen, ist Ihnen ein Platz f\u00fcr Ihr Gep\u00e4ck garantiert.Die Adresse und die [&hellip;]\" \/>\n<meta property=\"og:url\" content=\"https:\/\/luggagehero.com\/de\/amsterdam\/centraal-station\/\" \/>\n<meta property=\"og:site_name\" content=\"LuggageHero\" \/>\n<meta property=\"article:publisher\" content=\"https:\/\/www.facebook.com\/luggagehero\" \/>\n<meta property=\"article:modified_time\" content=\"2023-09-05T11:37:00+00:00\" \/>\n<meta property=\"og:image\" content=\"https:\/\/luggagehero.com\/wp-content\/uploads\/2021\/10\/central-station-amsterdam.jpg\" \/>\n\t<meta property=\"og:image:width\" content=\"1360\" \/>\n\t<meta property=\"og:image:height\" content=\"430\" \/>\n\t<meta property=\"og:image:type\" content=\"image\/jpeg\" \/>\n<meta name=\"twitter:card\" content=\"summary_large_image\" \/>\n<meta name=\"twitter:site\" content=\"@luggagehero\" \/>\n<meta name=\"twitter:label1\" content=\"Est. reading time\" \/>\n\t<meta name=\"twitter:data1\" content=\"2 minutes\" \/>\n<script type=\"application\/ld+json\" class=\"yoast-schema-graph\">{\"@context\":\"https:\/\/schema.org\",\"@graph\":[{\"@type\":\"WebPage\",\"@id\":\"https:\/\/luggagehero.com\/de\/amsterdam\/centraal-station\/\",\"url\":\"https:\/\/luggagehero.com\/de\/amsterdam\/centraal-station\/\",\"name\":\"Centraal Station - LuggageHero\",\"isPartOf\":{\"@id\":\"https:\/\/luggagehero.com\/de\/#website\"},\"primaryImageOfPage\":{\"@id\":\"https:\/\/luggagehero.com\/de\/amsterdam\/centraal-station\/#primaryimage\"},\"image\":{\"@id\":\"https:\/\/luggagehero.com\/de\/amsterdam\/centraal-station\/#primaryimage\"},\"thumbnailUrl\":\"https:\/\/luggagehero.com\/wp-content\/uploads\/2021\/10\/central-station-amsterdam.jpg\",\"datePublished\":\"2019-12-02T07:43:12+00:00\",\"dateModified\":\"2023-09-05T11:37:00+00:00\",\"breadcrumb\":{\"@id\":\"https:\/\/luggagehero.com\/de\/amsterdam\/centraal-station\/#breadcrumb\"},\"inLanguage\":\"de-DE\",\"potentialAction\":[{\"@type\":\"ReadAction\",\"target\":[\"https:\/\/luggagehero.com\/de\/amsterdam\/centraal-station\/\"]}]},{\"@type\":\"ImageObject\",\"inLanguage\":\"de-DE\",\"@id\":\"https:\/\/luggagehero.com\/de\/amsterdam\/centraal-station\/#primaryimage\",\"url\":\"https:\/\/luggagehero.com\/wp-content\/uploads\/2021\/10\/central-station-amsterdam.jpg\",\"contentUrl\":\"https:\/\/luggagehero.com\/wp-content\/uploads\/2021\/10\/central-station-amsterdam.jpg\",\"width\":1360,\"height\":430},{\"@type\":\"BreadcrumbList\",\"@id\":\"https:\/\/luggagehero.com\/de\/amsterdam\/centraal-station\/#breadcrumb\",\"itemListElement\":[{\"@type\":\"ListItem\",\"position\":1,\"name\":\"Home\",\"item\":\"https:\/\/luggagehero.com\/de\/\"},{\"@type\":\"ListItem\",\"position\":2,\"name\":\"Amsterdam\",\"item\":\"https:\/\/luggagehero.com\/de\/amsterdam\/\"},{\"@type\":\"ListItem\",\"position\":3,\"name\":\"Centraal Station\"}]},{\"@type\":\"WebSite\",\"@id\":\"https:\/\/luggagehero.com\/de\/#website\",\"url\":\"https:\/\/luggagehero.com\/de\/\",\"name\":\"LuggageHero\",\"description\":\"Free yourself from luggage\",\"publisher\":{\"@id\":\"https:\/\/luggagehero.com\/de\/#organization\"},\"potentialAction\":[{\"@type\":\"SearchAction\",\"target\":{\"@type\":\"EntryPoint\",\"urlTemplate\":\"https:\/\/luggagehero.com\/de\/?s={search_term_string}\"},\"query-input\":{\"@type\":\"PropertyValueSpecification\",\"valueRequired\":true,\"valueName\":\"search_term_string\"}}],\"inLanguage\":\"de-DE\"},{\"@type\":\"Organization\",\"@id\":\"https:\/\/luggagehero.com\/de\/#organization\",\"name\":\"LuggageHero\",\"url\":\"https:\/\/luggagehero.com\/de\/\",\"logo\":{\"@type\":\"ImageObject\",\"inLanguage\":\"de-DE\",\"@id\":\"https:\/\/luggagehero.com\/de\/#\/schema\/logo\/image\/\",\"url\":\"https:\/\/luggagehero.com\/wp-content\/uploads\/2017\/04\/luggagehero_LOGO-RGB_kort_POS_200x200.png\",\"contentUrl\":\"https:\/\/luggagehero.com\/wp-content\/uploads\/2017\/04\/luggagehero_LOGO-RGB_kort_POS_200x200.png\",\"width\":200,\"height\":200,\"caption\":\"LuggageHero\"},\"image\":{\"@id\":\"https:\/\/luggagehero.com\/de\/#\/schema\/logo\/image\/\"},\"sameAs\":[\"https:\/\/www.facebook.com\/luggagehero\",\"https:\/\/x.com\/luggagehero\",\"https:\/\/www.instagram.com\/luggagehero\",\"https:\/\/www.linkedin.com\/company\/luggagehero\/\"]}]}<\/script>\n<!-- \/ Yoast SEO Premium plugin. -->","yoast_head_json":{"title":"Centraal Station - LuggageHero","robots":{"index":"index","follow":"follow","max-snippet":"max-snippet:-1","max-image-preview":"max-image-preview:large","max-video-preview":"max-video-preview:-1"},"canonical":"https:\/\/luggagehero.com\/de\/amsterdam\/centraal-station\/","og_locale":"de_DE","og_type":"article","og_title":"Centraal Station","og_description":"Suchen Sie eine Gep\u00e4ckaufbewahrung in der N\u00e4he von Amsterdam Centraal?Sie k\u00f6nnen Ihr Gep\u00e4ck an einem unserer Gep\u00e4ckaufbewahrungsorte gleich um die Ecke aufbewahren und Amsterdam unbeschwert entdecken. Bei den Gep\u00e4ckaufbewahrungsorten von LuggageHero handelt es sich um zertifizierte Hotels, Caf\u00e9s und Shops.Wenn Sie im Voraus buchen, ist Ihnen ein Platz f\u00fcr Ihr Gep\u00e4ck garantiert.Die Adresse und die [&hellip;]","og_url":"https:\/\/luggagehero.com\/de\/amsterdam\/centraal-station\/","og_site_name":"LuggageHero","article_publisher":"https:\/\/www.facebook.com\/luggagehero","article_modified_time":"2023-09-05T11:37:00+00:00","og_image":[{"width":1360,"height":430,"url":"https:\/\/luggagehero.com\/wp-content\/uploads\/2021\/10\/central-station-amsterdam.jpg","type":"image\/jpeg"}],"twitter_card":"summary_large_image","twitter_site":"@luggagehero","twitter_misc":{"Est. reading time":"2 minutes"},"schema":{"@context":"https:\/\/schema.org","@graph":[{"@type":"WebPage","@id":"https:\/\/luggagehero.com\/de\/amsterdam\/centraal-station\/","url":"https:\/\/luggagehero.com\/de\/amsterdam\/centraal-station\/","name":"Centraal Station - LuggageHero","isPartOf":{"@id":"https:\/\/luggagehero.com\/de\/#website"},"primaryImageOfPage":{"@id":"https:\/\/luggagehero.com\/de\/amsterdam\/centraal-station\/#primaryimage"},"image":{"@id":"https:\/\/luggagehero.com\/de\/amsterdam\/centraal-station\/#primaryimage"},"thumbnailUrl":"https:\/\/luggagehero.com\/wp-content\/uploads\/2021\/10\/central-station-amsterdam.jpg","datePublished":"2019-12-02T07:43:12+00:00","dateModified":"2023-09-05T11:37:00+00:00","breadcrumb":{"@id":"https:\/\/luggagehero.com\/de\/amsterdam\/centraal-station\/#breadcrumb"},"inLanguage":"de-DE","potentialAction":[{"@type":"ReadAction","target":["https:\/\/luggagehero.com\/de\/amsterdam\/centraal-station\/"]}]},{"@type":"ImageObject","inLanguage":"de-DE","@id":"https:\/\/luggagehero.com\/de\/amsterdam\/centraal-station\/#primaryimage","url":"https:\/\/luggagehero.com\/wp-content\/uploads\/2021\/10\/central-station-amsterdam.jpg","contentUrl":"https:\/\/luggagehero.com\/wp-content\/uploads\/2021\/10\/central-station-amsterdam.jpg","width":1360,"height":430},{"@type":"BreadcrumbList","@id":"https:\/\/luggagehero.com\/de\/amsterdam\/centraal-station\/#breadcrumb","itemListElement":[{"@type":"ListItem","position":1,"name":"Home","item":"https:\/\/luggagehero.com\/de\/"},{"@type":"ListItem","position":2,"name":"Amsterdam","item":"https:\/\/luggagehero.com\/de\/amsterdam\/"},{"@type":"ListItem","position":3,"name":"Centraal Station"}]},{"@type":"WebSite","@id":"https:\/\/luggagehero.com\/de\/#website","url":"https:\/\/luggagehero.com\/de\/","name":"LuggageHero","description":"Free yourself from luggage","publisher":{"@id":"https:\/\/luggagehero.com\/de\/#organization"},"potentialAction":[{"@type":"SearchAction","target":{"@type":"EntryPoint","urlTemplate":"https:\/\/luggagehero.com\/de\/?s={search_term_string}"},"query-input":{"@type":"PropertyValueSpecification","valueRequired":true,"valueName":"search_term_string"}}],"inLanguage":"de-DE"},{"@type":"Organization","@id":"https:\/\/luggagehero.com\/de\/#organization","name":"LuggageHero","url":"https:\/\/luggagehero.com\/de\/","logo":{"@type":"ImageObject","inLanguage":"de-DE","@id":"https:\/\/luggagehero.com\/de\/#\/schema\/logo\/image\/","url":"https:\/\/luggagehero.com\/wp-content\/uploads\/2017\/04\/luggagehero_LOGO-RGB_kort_POS_200x200.png","contentUrl":"https:\/\/luggagehero.com\/wp-content\/uploads\/2017\/04\/luggagehero_LOGO-RGB_kort_POS_200x200.png","width":200,"height":200,"caption":"LuggageHero"},"image":{"@id":"https:\/\/luggagehero.com\/de\/#\/schema\/logo\/image\/"},"sameAs":["https:\/\/www.facebook.com\/luggagehero","https:\/\/x.com\/luggagehero","https:\/\/www.instagram.com\/luggagehero","https:\/\/www.linkedin.com\/company\/luggagehero\/"]}]}},"place_id":"","place_latitude_longitude":"52.3791,4.9003","place_name":"Centraal Station","criteria_title":"","criteria_description":"","meta_title":"","meta_description":"","children_criteria_title":"","children_criteria_description":"","children_meta_title":"","children_meta_description":"","_edit_last":"46","use_global_content":"","poi_type":"PublicTransit","content_raw":"<span style=\"font-weight: 400;\">Suchen Sie eine Gep\u00e4ckaufbewahrung in der N\u00e4he von Amsterdam Centraal?Sie k\u00f6nnen Ihr Gep\u00e4ck an einem unserer Gep\u00e4ckaufbewahrungsorte gleich um die Ecke aufbewahren und <a href=\"https:\/\/luggagehero.com\/amsterdam\/\">Amsterdam<\/a> unbeschwert entdecken.\r\n<\/span>\r\n\r\n<span style=\"font-weight: 400;\">Bei den Gep\u00e4ckaufbewahrungsorten von LuggageHero handelt es sich um <\/span><a href=\"https:\/\/luggagehero.com\/about\/certified-shops\/\"><span style=\"font-weight: 400;\">zertifizierte<\/span><\/a> <span style=\"font-weight: 400;\">Hotels, Caf\u00e9s und Shops.Wenn Sie im Voraus buchen, ist Ihnen ein Platz f\u00fcr Ihr Gep\u00e4ck garantiert.Die Adresse und die Wegbeschreibung sind zum Zeitpunkt der Buchung verf\u00fcgbar und werden Ihnen per E-Mail zugesandt.Alle Gep\u00e4ckst\u00fccke werden mit unserem <\/span><a href=\"https:\/\/luggagehero.com\/about\/security-seal\/\"><span style=\"font-weight: 400;\">Sicherheitssiegel<\/span><\/a><span style=\"font-weight: 400;\">\u00a0versehen, mit dem jedes Gep\u00e4ckst\u00fcck bis zu [pricing insurancecoverage] versichert ist, sobald Sie Ihr Gep\u00e4ck abgegeben und den Gep\u00e4ckaufbewahrungs-Timer auf Ihrer Buchungsseite gestartet haben.<\/span>.\r\n<h2><img class=\"aligncenter wp-image-11233 size-large\" src=\"https:\/\/luggagehero.com\/wp-content\/uploads\/2019\/11\/bruno-van-der-kraan-VXBzsO2KB8o-unsplash-1-800x1036.jpg\" alt=\"\" width=\"791\" height=\"1024\" \/><\/h2>\r\n<h2 style=\"text-align: center;\">Centraal Station<\/h2>\r\n<span style=\"font-weight: 400;\">Centraal Station ist der gr\u00f6\u00dfte Bahnhof in <a href=\"https:\/\/luggagehero.com\/amsterdam\/\" target=\"_blank\" rel=\"noopener noreferrer\">Amsterdam<\/a>. <\/span><span style=\"font-weight: 400;\">Der Bahnhof bietet nationale und internationale Zugverbindungen und wird t\u00e4glich von 162.000 Fahrg\u00e4sten genutzt. <\/span><span style=\"font-weight: 400;\">\r\n<\/span><span style=\"font-weight: 400;\">\r\n<\/span><span style=\"font-weight: 400;\">Optisch \u00e4hnelt der Bahnhof einer mittelalterlichen Kathedrale. <\/span><span style=\"font-weight: 400;\">Er wurde von Pierre Cuypers im gotischen Stil mit einer Renaissance-Fassade entworfen, w\u00e4hrend das Geb\u00e4ude selbst vom Bauunternehmer Phillipp Holzmann errichtet wurde. <\/span><span style=\"font-weight: 400;\">\r\n<\/span><span style=\"font-weight: 400;\">\r\n<\/span><span style=\"font-weight: 400;\">Seit 1997 wurde der Bahnhof umfangreich umgebaut, um die Nord-S\u00fcd-Linie anbieten zu k\u00f6nnen. <\/span><span style=\"font-weight: 400;\">Seit 2017 wurden weitere Umbauten durchgef\u00fchrt, bei denen die Bahnsteige verbreitert und die alten Br\u00fccken ersetzt wurden. <\/span><span style=\"font-weight: 400;\">\r\n<\/span><span style=\"font-weight: 400;\">\r\n<\/span><span style=\"font-weight: 400;\">Heute finden Sie in der Centraal Station zahlreiche Gesch\u00e4fte, Caf\u00e9s und Superm\u00e4rkte. <\/span><span style=\"font-weight: 400;\">Wenn es noch ein paar Stunden dauert bis zur n\u00e4chsten Zugfahrt und Sie sich ein bisschen in der Gegend umsehen m\u00f6chten, k\u00f6nnen Sie diese Gelegenheit nutzen.<\/span><span style=\"font-weight: 400;\">Es ist nat\u00fcrlich noch besser, wenn Sie Ihr Gep\u00e4ck an einem unserer Gep\u00e4ckaufbewahrungsorte, nur wenige Schritte vom Bahnhof entfernt, aufbewahren k\u00f6nnen. <\/span><span style=\"font-weight: 400;\">\r\n<\/span><span style=\"font-weight: 400;\">\r\n<\/span><span style=\"font-weight: 400;\">Wenn wir uns um Ihr Gep\u00e4ck k\u00fcmmern, k\u00f6nnen Sie frei durch Amsterdam schlendern und verschiedene Sehensw\u00fcrdigkeiten wie das <a href=\"https:\/\/luggagehero.com\/amsterdam\/Van-Gogh-Museum\/\" target=\"_blank\" rel=\"noopener noreferrer\">Van Gogh Museum<\/a>, <a href=\"https:\/\/luggagehero.com\/amsterdam\/Rijksmuseum\/\" target=\"_blank\" rel=\"noopener noreferrer\">das Rijksmuseum<\/a>, <a href=\"https:\/\/luggagehero.com\/amsterdam\/De-Wallen\/\" target=\"_blank\" rel=\"noopener noreferrer\"> De Wallen<\/a> und den <a href=\"https:\/\/luggagehero.com\/amsterdam\/dam\/\" target=\"_blank\" rel=\"noopener noreferrer\">Dam Platz<\/a>besuchen. <\/span><span style=\"font-weight: 400;\">\r\n<\/span><span style=\"font-weight: 400;\">\r\n<\/span><span style=\"font-weight: 400;\">Wenn Sie unbeschwert reisen, k\u00f6nnen Sie Ihre Zeit und Energie, die Sie f\u00fcr die Dinge verwenden, die Sie gerne sehen und tun, besser nutzen. Nutzen Sie unseren Service. Wir k\u00fcmmern uns um Ihr Gep\u00e4ck k\u00fcmmern, damit Sie Amsterdam in Ruhe erkunden k\u00f6nnen.\u00a0<\/span>","_links":{"self":[{"href":"https:\/\/luggagehero.com\/de\/wp-json\/wp\/v2\/pages\/12382","targetHints":{"allow":["GET"]}}],"collection":[{"href":"https:\/\/luggagehero.com\/de\/wp-json\/wp\/v2\/pages"}],"about":[{"href":"https:\/\/luggagehero.com\/de\/wp-json\/wp\/v2\/types\/page"}],"author":[{"embeddable":true,"href":"https:\/\/luggagehero.com\/de\/wp-json\/wp\/v2\/users\/9"}],"replies":[{"embeddable":true,"href":"https:\/\/luggagehero.com\/de\/wp-json\/wp\/v2\/comments?post=12382"}],"version-history":[{"count":0,"href":"https:\/\/luggagehero.com\/de\/wp-json\/wp\/v2\/pages\/12382\/revisions"}],"up":[{"embeddable":true,"href":"https:\/\/luggagehero.com\/de\/wp-json\/wp\/v2\/pages\/11576"}],"wp:featuredmedia":[{"embeddable":true,"href":"https:\/\/luggagehero.com\/de\/wp-json\/wp\/v2\/media\/39177"}],"wp:attachment":[{"href":"https:\/\/luggagehero.com\/de\/wp-json\/wp\/v2\/media?parent=12382"}],"curies":[{"name":"wp","href":"https:\/\/api.w.org\/{rel}","templated":true}]}}