{"id":12386,"date":"2019-12-02T07:43:14","date_gmt":"2019-12-02T07:43:14","guid":{"rendered":"https:\/\/luggagehero.com\/marseille\/bahnhof-gare-de-marseille-saint-charles\/"},"modified":"2023-09-05T11:39:00","modified_gmt":"2023-09-05T11:39:00","slug":"bahnhof-gare-de-marseille-saint-charles","status":"publish","type":"page","link":"https:\/\/luggagehero.com\/de\/marseille\/bahnhof-gare-de-marseille-saint-charles\/","title":{"rendered":"Bahnhof Gare de Marseille Saint Charles"},"content":{"rendered":"<p><span style=\"font-weight: 400;\">Suchen Sie eine Gep\u00e4ckaufbewahrung in der N\u00e4he des Gare de Marseille Saint Charles?Sie k\u00f6nnen Ihr Gep\u00e4ck an einem unserer Gep\u00e4ckaufbewahrungsorte gleich um die Ecke aufbewahren und <a href=\"https:\/\/luggagehero.com\/marseille\/\">Marseille<\/a> unbeschwert entdecken.<br \/>\n<\/span><br \/>\n<span style=\"font-weight: 400;\">Bei den Gep\u00e4ckaufbewahrungsorten von LuggageHero handelt es sich um <\/span><a href=\"https:\/\/luggagehero.com\/about\/certified-shops\/\"><span style=\"font-weight: 400;\">zertifizierte<\/span><\/a> <span style=\"font-weight: 400;\">Hotels, Caf\u00e9s und Shops.Wenn Sie im Voraus buchen, ist Ihnen ein Platz f\u00fcr Ihr Gep\u00e4ck garantiert.Die Adresse und die Wegbeschreibung sind zum Zeitpunkt der Buchung verf\u00fcgbar und werden Ihnen per E-Mail zugesandt.Alle Gep\u00e4ckst\u00fccke werden mit unserem <\/span><a href=\"https:\/\/luggagehero.com\/about\/security-seal\/\"><span style=\"font-weight: 400;\">Sicherheitssiegel<\/span><\/a><span style=\"font-weight: 400;\">\u00a0versehen, mit dem jedes Gep\u00e4ckst\u00fcck bis zu <pricing-component type=\"insurancecoverage\"><\/pricing-component> versichert ist, sobald Sie Ihr Gep\u00e4ck abgegeben und den Gep\u00e4ckaufbewahrungs-Timer auf Ihrer Buchungsseite gestartet haben.<\/span>.<\/p>\n<p>&nbsp;<\/p>\n","protected":false},"excerpt":{"rendered":"<p>Suchen Sie eine Gep\u00e4ckaufbewahrung in der N\u00e4he des Gare de Marseille Saint Charles?Sie k\u00f6nnen Ihr Gep\u00e4ck an einem unserer Gep\u00e4ckaufbewahrungsorte gleich um die Ecke aufbewahren und Marseille unbeschwert entdecken. Bei den Gep\u00e4ckaufbewahrungsorten von LuggageHero handelt es sich um zertifizierte Hotels, Caf\u00e9s und Shops.Wenn Sie im Voraus buchen, ist Ihnen ein Platz f\u00fcr Ihr Gep\u00e4ck garantiert.Die [&hellip;]<\/p>\n","protected":false},"author":9,"featured_media":40275,"parent":11584,"menu_order":0,"comment_status":"closed","ping_status":"closed","template":"template-location.php","meta":{"_acf_changed":false,"footnotes":""},"class_list":["post-12386","page","type-page","status-publish","has-post-thumbnail","hentry"],"acf":[],"yoast_head":"<!-- This site is optimized with the Yoast SEO Premium plugin v27.0 (Yoast SEO v27.0) - https:\/\/yoast.com\/product\/yoast-seo-premium-wordpress\/ -->\n<title>Bahnhof Gare de Marseille Saint Charles - LuggageHero<\/title>\n<meta name=\"robots\" content=\"index, follow, max-snippet:-1, max-image-preview:large, max-video-preview:-1\" \/>\n<link rel=\"canonical\" href=\"https:\/\/luggagehero.com\/de\/marseille\/bahnhof-gare-de-marseille-saint-charles\/\" \/>\n<meta property=\"og:locale\" content=\"de_DE\" \/>\n<meta property=\"og:type\" content=\"article\" \/>\n<meta property=\"og:title\" content=\"Bahnhof Gare de Marseille Saint Charles\" \/>\n<meta property=\"og:description\" content=\"Suchen Sie eine Gep\u00e4ckaufbewahrung in der N\u00e4he des Gare de Marseille Saint Charles?Sie k\u00f6nnen Ihr Gep\u00e4ck an einem unserer Gep\u00e4ckaufbewahrungsorte gleich um die Ecke aufbewahren und Marseille unbeschwert entdecken. Bei den Gep\u00e4ckaufbewahrungsorten von LuggageHero handelt es sich um zertifizierte Hotels, Caf\u00e9s und Shops.Wenn Sie im Voraus buchen, ist Ihnen ein Platz f\u00fcr Ihr Gep\u00e4ck garantiert.Die [&hellip;]\" \/>\n<meta property=\"og:url\" content=\"https:\/\/luggagehero.com\/de\/marseille\/bahnhof-gare-de-marseille-saint-charles\/\" \/>\n<meta property=\"og:site_name\" content=\"LuggageHero\" \/>\n<meta property=\"article:publisher\" content=\"https:\/\/www.facebook.com\/luggagehero\" \/>\n<meta property=\"article:modified_time\" content=\"2023-09-05T11:39:00+00:00\" \/>\n<meta property=\"og:image\" content=\"https:\/\/luggagehero.com\/wp-content\/uploads\/2021\/11\/Gare-De-Marseille-Saint-Charles.jpg\" \/>\n\t<meta property=\"og:image:width\" content=\"1440\" \/>\n\t<meta property=\"og:image:height\" content=\"1031\" \/>\n\t<meta property=\"og:image:type\" content=\"image\/jpeg\" \/>\n<meta name=\"twitter:card\" content=\"summary_large_image\" \/>\n<meta name=\"twitter:site\" content=\"@luggagehero\" \/>\n<meta name=\"twitter:label1\" content=\"Est. reading time\" \/>\n\t<meta name=\"twitter:data1\" content=\"1 minute\" \/>\n<script type=\"application\/ld+json\" class=\"yoast-schema-graph\">{\"@context\":\"https:\/\/schema.org\",\"@graph\":[{\"@type\":\"WebPage\",\"@id\":\"https:\/\/luggagehero.com\/de\/marseille\/bahnhof-gare-de-marseille-saint-charles\/\",\"url\":\"https:\/\/luggagehero.com\/de\/marseille\/bahnhof-gare-de-marseille-saint-charles\/\",\"name\":\"Bahnhof Gare de Marseille Saint Charles - LuggageHero\",\"isPartOf\":{\"@id\":\"https:\/\/luggagehero.com\/de\/#website\"},\"primaryImageOfPage\":{\"@id\":\"https:\/\/luggagehero.com\/de\/marseille\/bahnhof-gare-de-marseille-saint-charles\/#primaryimage\"},\"image\":{\"@id\":\"https:\/\/luggagehero.com\/de\/marseille\/bahnhof-gare-de-marseille-saint-charles\/#primaryimage\"},\"thumbnailUrl\":\"https:\/\/luggagehero.com\/wp-content\/uploads\/2021\/11\/Gare-De-Marseille-Saint-Charles.jpg\",\"datePublished\":\"2019-12-02T07:43:14+00:00\",\"dateModified\":\"2023-09-05T11:39:00+00:00\",\"breadcrumb\":{\"@id\":\"https:\/\/luggagehero.com\/de\/marseille\/bahnhof-gare-de-marseille-saint-charles\/#breadcrumb\"},\"inLanguage\":\"de-DE\",\"potentialAction\":[{\"@type\":\"ReadAction\",\"target\":[\"https:\/\/luggagehero.com\/de\/marseille\/bahnhof-gare-de-marseille-saint-charles\/\"]}]},{\"@type\":\"ImageObject\",\"inLanguage\":\"de-DE\",\"@id\":\"https:\/\/luggagehero.com\/de\/marseille\/bahnhof-gare-de-marseille-saint-charles\/#primaryimage\",\"url\":\"https:\/\/luggagehero.com\/wp-content\/uploads\/2021\/11\/Gare-De-Marseille-Saint-Charles.jpg\",\"contentUrl\":\"https:\/\/luggagehero.com\/wp-content\/uploads\/2021\/11\/Gare-De-Marseille-Saint-Charles.jpg\",\"width\":1440,\"height\":1031},{\"@type\":\"BreadcrumbList\",\"@id\":\"https:\/\/luggagehero.com\/de\/marseille\/bahnhof-gare-de-marseille-saint-charles\/#breadcrumb\",\"itemListElement\":[{\"@type\":\"ListItem\",\"position\":1,\"name\":\"Home\",\"item\":\"https:\/\/luggagehero.com\/de\/\"},{\"@type\":\"ListItem\",\"position\":2,\"name\":\"Marseille\",\"item\":\"https:\/\/luggagehero.com\/de\/marseille\/\"},{\"@type\":\"ListItem\",\"position\":3,\"name\":\"Bahnhof Gare de Marseille Saint Charles\"}]},{\"@type\":\"WebSite\",\"@id\":\"https:\/\/luggagehero.com\/de\/#website\",\"url\":\"https:\/\/luggagehero.com\/de\/\",\"name\":\"LuggageHero\",\"description\":\"Free yourself from luggage\",\"publisher\":{\"@id\":\"https:\/\/luggagehero.com\/de\/#organization\"},\"potentialAction\":[{\"@type\":\"SearchAction\",\"target\":{\"@type\":\"EntryPoint\",\"urlTemplate\":\"https:\/\/luggagehero.com\/de\/?s={search_term_string}\"},\"query-input\":{\"@type\":\"PropertyValueSpecification\",\"valueRequired\":true,\"valueName\":\"search_term_string\"}}],\"inLanguage\":\"de-DE\"},{\"@type\":\"Organization\",\"@id\":\"https:\/\/luggagehero.com\/de\/#organization\",\"name\":\"LuggageHero\",\"url\":\"https:\/\/luggagehero.com\/de\/\",\"logo\":{\"@type\":\"ImageObject\",\"inLanguage\":\"de-DE\",\"@id\":\"https:\/\/luggagehero.com\/de\/#\/schema\/logo\/image\/\",\"url\":\"https:\/\/luggagehero.com\/wp-content\/uploads\/2017\/04\/luggagehero_LOGO-RGB_kort_POS_200x200.png\",\"contentUrl\":\"https:\/\/luggagehero.com\/wp-content\/uploads\/2017\/04\/luggagehero_LOGO-RGB_kort_POS_200x200.png\",\"width\":200,\"height\":200,\"caption\":\"LuggageHero\"},\"image\":{\"@id\":\"https:\/\/luggagehero.com\/de\/#\/schema\/logo\/image\/\"},\"sameAs\":[\"https:\/\/www.facebook.com\/luggagehero\",\"https:\/\/x.com\/luggagehero\",\"https:\/\/www.instagram.com\/luggagehero\",\"https:\/\/www.linkedin.com\/company\/luggagehero\/\"]}]}<\/script>\n<!-- \/ Yoast SEO Premium plugin. -->","yoast_head_json":{"title":"Bahnhof Gare de Marseille Saint Charles - LuggageHero","robots":{"index":"index","follow":"follow","max-snippet":"max-snippet:-1","max-image-preview":"max-image-preview:large","max-video-preview":"max-video-preview:-1"},"canonical":"https:\/\/luggagehero.com\/de\/marseille\/bahnhof-gare-de-marseille-saint-charles\/","og_locale":"de_DE","og_type":"article","og_title":"Bahnhof Gare de Marseille Saint Charles","og_description":"Suchen Sie eine Gep\u00e4ckaufbewahrung in der N\u00e4he des Gare de Marseille Saint Charles?Sie k\u00f6nnen Ihr Gep\u00e4ck an einem unserer Gep\u00e4ckaufbewahrungsorte gleich um die Ecke aufbewahren und Marseille unbeschwert entdecken. Bei den Gep\u00e4ckaufbewahrungsorten von LuggageHero handelt es sich um zertifizierte Hotels, Caf\u00e9s und Shops.Wenn Sie im Voraus buchen, ist Ihnen ein Platz f\u00fcr Ihr Gep\u00e4ck garantiert.Die [&hellip;]","og_url":"https:\/\/luggagehero.com\/de\/marseille\/bahnhof-gare-de-marseille-saint-charles\/","og_site_name":"LuggageHero","article_publisher":"https:\/\/www.facebook.com\/luggagehero","article_modified_time":"2023-09-05T11:39:00+00:00","og_image":[{"width":1440,"height":1031,"url":"https:\/\/luggagehero.com\/wp-content\/uploads\/2021\/11\/Gare-De-Marseille-Saint-Charles.jpg","type":"image\/jpeg"}],"twitter_card":"summary_large_image","twitter_site":"@luggagehero","twitter_misc":{"Est. reading time":"1 minute"},"schema":{"@context":"https:\/\/schema.org","@graph":[{"@type":"WebPage","@id":"https:\/\/luggagehero.com\/de\/marseille\/bahnhof-gare-de-marseille-saint-charles\/","url":"https:\/\/luggagehero.com\/de\/marseille\/bahnhof-gare-de-marseille-saint-charles\/","name":"Bahnhof Gare de Marseille Saint Charles - LuggageHero","isPartOf":{"@id":"https:\/\/luggagehero.com\/de\/#website"},"primaryImageOfPage":{"@id":"https:\/\/luggagehero.com\/de\/marseille\/bahnhof-gare-de-marseille-saint-charles\/#primaryimage"},"image":{"@id":"https:\/\/luggagehero.com\/de\/marseille\/bahnhof-gare-de-marseille-saint-charles\/#primaryimage"},"thumbnailUrl":"https:\/\/luggagehero.com\/wp-content\/uploads\/2021\/11\/Gare-De-Marseille-Saint-Charles.jpg","datePublished":"2019-12-02T07:43:14+00:00","dateModified":"2023-09-05T11:39:00+00:00","breadcrumb":{"@id":"https:\/\/luggagehero.com\/de\/marseille\/bahnhof-gare-de-marseille-saint-charles\/#breadcrumb"},"inLanguage":"de-DE","potentialAction":[{"@type":"ReadAction","target":["https:\/\/luggagehero.com\/de\/marseille\/bahnhof-gare-de-marseille-saint-charles\/"]}]},{"@type":"ImageObject","inLanguage":"de-DE","@id":"https:\/\/luggagehero.com\/de\/marseille\/bahnhof-gare-de-marseille-saint-charles\/#primaryimage","url":"https:\/\/luggagehero.com\/wp-content\/uploads\/2021\/11\/Gare-De-Marseille-Saint-Charles.jpg","contentUrl":"https:\/\/luggagehero.com\/wp-content\/uploads\/2021\/11\/Gare-De-Marseille-Saint-Charles.jpg","width":1440,"height":1031},{"@type":"BreadcrumbList","@id":"https:\/\/luggagehero.com\/de\/marseille\/bahnhof-gare-de-marseille-saint-charles\/#breadcrumb","itemListElement":[{"@type":"ListItem","position":1,"name":"Home","item":"https:\/\/luggagehero.com\/de\/"},{"@type":"ListItem","position":2,"name":"Marseille","item":"https:\/\/luggagehero.com\/de\/marseille\/"},{"@type":"ListItem","position":3,"name":"Bahnhof Gare de Marseille Saint Charles"}]},{"@type":"WebSite","@id":"https:\/\/luggagehero.com\/de\/#website","url":"https:\/\/luggagehero.com\/de\/","name":"LuggageHero","description":"Free yourself from luggage","publisher":{"@id":"https:\/\/luggagehero.com\/de\/#organization"},"potentialAction":[{"@type":"SearchAction","target":{"@type":"EntryPoint","urlTemplate":"https:\/\/luggagehero.com\/de\/?s={search_term_string}"},"query-input":{"@type":"PropertyValueSpecification","valueRequired":true,"valueName":"search_term_string"}}],"inLanguage":"de-DE"},{"@type":"Organization","@id":"https:\/\/luggagehero.com\/de\/#organization","name":"LuggageHero","url":"https:\/\/luggagehero.com\/de\/","logo":{"@type":"ImageObject","inLanguage":"de-DE","@id":"https:\/\/luggagehero.com\/de\/#\/schema\/logo\/image\/","url":"https:\/\/luggagehero.com\/wp-content\/uploads\/2017\/04\/luggagehero_LOGO-RGB_kort_POS_200x200.png","contentUrl":"https:\/\/luggagehero.com\/wp-content\/uploads\/2017\/04\/luggagehero_LOGO-RGB_kort_POS_200x200.png","width":200,"height":200,"caption":"LuggageHero"},"image":{"@id":"https:\/\/luggagehero.com\/de\/#\/schema\/logo\/image\/"},"sameAs":["https:\/\/www.facebook.com\/luggagehero","https:\/\/x.com\/luggagehero","https:\/\/www.instagram.com\/luggagehero","https:\/\/www.linkedin.com\/company\/luggagehero\/"]}]}},"place_id":"","place_latitude_longitude":"43.3033,5.3801","place_name":"Bahnhof Gare de Marseille Saint Charles","criteria_title":"","criteria_description":"","meta_title":"","meta_description":"","children_criteria_title":"","children_criteria_description":"","children_meta_title":"","children_meta_description":"","_edit_last":"46","use_global_content":"","poi_type":"PublicTransit","content_raw":"<span style=\"font-weight: 400;\">Suchen Sie eine Gep\u00e4ckaufbewahrung in der N\u00e4he des Gare de Marseille Saint Charles?Sie k\u00f6nnen Ihr Gep\u00e4ck an einem unserer Gep\u00e4ckaufbewahrungsorte gleich um die Ecke aufbewahren und <a href=\"https:\/\/luggagehero.com\/marseille\/\">Marseille<\/a> unbeschwert entdecken.\r\n<\/span>\r\n<span style=\"font-weight: 400;\">Bei den Gep\u00e4ckaufbewahrungsorten von LuggageHero handelt es sich um <\/span><a href=\"https:\/\/luggagehero.com\/about\/certified-shops\/\"><span style=\"font-weight: 400;\">zertifizierte<\/span><\/a> <span style=\"font-weight: 400;\">Hotels, Caf\u00e9s und Shops.Wenn Sie im Voraus buchen, ist Ihnen ein Platz f\u00fcr Ihr Gep\u00e4ck garantiert.Die Adresse und die Wegbeschreibung sind zum Zeitpunkt der Buchung verf\u00fcgbar und werden Ihnen per E-Mail zugesandt.Alle Gep\u00e4ckst\u00fccke werden mit unserem <\/span><a href=\"https:\/\/luggagehero.com\/about\/security-seal\/\"><span style=\"font-weight: 400;\">Sicherheitssiegel<\/span><\/a><span style=\"font-weight: 400;\">\u00a0versehen, mit dem jedes Gep\u00e4ckst\u00fcck bis zu [pricing insurancecoverage] versichert ist, sobald Sie Ihr Gep\u00e4ck abgegeben und den Gep\u00e4ckaufbewahrungs-Timer auf Ihrer Buchungsseite gestartet haben.<\/span>.\r\n\r\n&nbsp;","_links":{"self":[{"href":"https:\/\/luggagehero.com\/de\/wp-json\/wp\/v2\/pages\/12386","targetHints":{"allow":["GET"]}}],"collection":[{"href":"https:\/\/luggagehero.com\/de\/wp-json\/wp\/v2\/pages"}],"about":[{"href":"https:\/\/luggagehero.com\/de\/wp-json\/wp\/v2\/types\/page"}],"author":[{"embeddable":true,"href":"https:\/\/luggagehero.com\/de\/wp-json\/wp\/v2\/users\/9"}],"replies":[{"embeddable":true,"href":"https:\/\/luggagehero.com\/de\/wp-json\/wp\/v2\/comments?post=12386"}],"version-history":[{"count":0,"href":"https:\/\/luggagehero.com\/de\/wp-json\/wp\/v2\/pages\/12386\/revisions"}],"up":[{"embeddable":true,"href":"https:\/\/luggagehero.com\/de\/wp-json\/wp\/v2\/pages\/11584"}],"wp:featuredmedia":[{"embeddable":true,"href":"https:\/\/luggagehero.com\/de\/wp-json\/wp\/v2\/media\/40275"}],"wp:attachment":[{"href":"https:\/\/luggagehero.com\/de\/wp-json\/wp\/v2\/media?parent=12386"}],"curies":[{"name":"wp","href":"https:\/\/api.w.org\/{rel}","templated":true}]}}