{"id":34551,"date":"2023-09-05T11:42:13","date_gmt":"2023-09-05T11:42:13","guid":{"rendered":"https:\/\/luggagehero.com\/?page_id=34551"},"modified":"2023-09-05T11:42:13","modified_gmt":"2023-09-05T11:42:13","slug":"grand-central-terminal","status":"publish","type":"page","link":"https:\/\/luggagehero.com\/de\/newyork\/grand-central-terminal\/","title":{"rendered":"Grand Central Terminal"},"content":{"rendered":"<p style=\"text-align: left;\">Suchen Sie nach einer Gep\u00e4ckaufbewahrungsm\u00f6glichkeit in der N\u00e4he des Grand Central Terminal? Geben Sie Ihr Gep\u00e4ck an einer unserer Gep\u00e4ckaufbewahrungsorte gleich um die Ecke ab.<\/p>\n<p style=\"text-align: left;\">Grand Central Terminal, auch als Grand Central Station oder einfach als Grand Central bezeichnet, ist ein Pendler- und Intercity-Eisenbahnterminal an der 42nd Street und der Park Avenue in Midtown <a href=\"https:\/\/luggagehero.com\/newyork\/manhattan\/\">Manhattan<\/a> in New York City. Der Terminal ist mit dem New Yorker U-Bahn-Netz in der Grand Central-42nd Street verbunden. Grand Central Terminal selbst bietet keine Gep\u00e4ckaufbewahrung an.<\/p>\n<p>Durch die Nutzung der Gep\u00e4ckaufbewahrung in den \u00f6rtlichen Gesch\u00e4ften k\u00f6nnen Sie <a href=\"https:\/\/luggagehero.com\/newyork\/\">New York City<\/a> erkunden, ohne Ihr Gep\u00e4ck mit sich herumschleppen zu m\u00fcssen. Planen Sie Ihre Reise nicht mit Gep\u00e4ck, sondern machen Sie aus Ihrer Reise einen Urlaub.<\/p>\n<p>Mit mehr als 140 LuggageHeroes in New York haben Sie mehr als genug M\u00f6glichkeiten, die Stadt ohne Ihr Gep\u00e4ck zu erkunden. Eine Gep\u00e4ckaufbewahrung \u00fcber Nacht ist kein Problem.<\/p>\n<p>Alle unsere Shops sind <a href=\"https:\/\/luggagehero.com\/about\/certified-shops\/\">von LuggageHero zertifiziert<\/a> und mit unseren <a href=\"https:\/\/luggagehero.com\/about\/security-seal\/\">Sicherungssiegeln<\/a> versehen, mit denen jedes Gep\u00e4ckst\u00fcck bis zu <pricing-component type=\"insurancecoverage\"><\/pricing-component> versichert ist.<\/p>\n<p>&nbsp;<\/p>\n<p><img loading=\"lazy\" decoding=\"async\" class=\" wp-image-1925 aligncenter\" src=\"https:\/\/luggagehero.com\/wp-content\/uploads\/2018\/02\/Luggage_storage_Grand_Central_terminal-720x480.jpg\" alt=\"Grand Central Terminal New York City\" width=\"449\" height=\"300\" \/><\/p>\n<h2><\/h2>\n<h2 style=\"text-align: center;\">Grand Central Terminal<\/h2>\n<p>Grand Central Terminal befindet sich in der 89 E 42nd Street, New York City. Grand Central Terminal ist ein weltber\u00fchmtes Wahrzeichen in Midtown <a href=\"https:\/\/luggagehero.com\/newyork\/manhattan\/\">Manhattan<\/a> und mehr als ein Verkehrsknotenpunkt &#8211; es ist ein Zentrum mit 60 Gesch\u00e4ften und 35 Restaurants, in denen Sie wunderbar einkaufen und speisen k\u00f6nnen. Dar\u00fcber hinaus finden dort zahlreiche Veranstaltungen statt.<\/p>\n<p>Grand Central Terminal ist somit nicht der schlechteste Ort, wenn man den ganzen Tag sein Gep\u00e4ck dabei hat.<\/p>\n<p>Wenn Sie Ihr Gep\u00e4ck jedoch nicht mit sich herumschleppen m\u00f6chten, finden Sie mit mehr als 140 LuggageHeroes in <a href=\"https:\/\/luggagehero.com\/newyork\/\">New York<\/a> ganz einfach einen Gep\u00e4ckaufbewahrungsort, der zu Ihren Reisepl\u00e4nen passt . Unsere zuverl\u00e4ssigen Partner sind lokale Gesch\u00e4fte, die Reisenden helfen und sich um ihr Gep\u00e4ck k\u00fcmmern, w\u00e4hrend sie die Stadt erkunden. Ihr Gep\u00e4ck ist <a href=\"https:\/\/luggagehero.com\/about\/security-seal\/\">versiegelt<\/a> und <a href=\"https:\/\/luggagehero.com\/about\/insurance\/\">bis<\/a> zu <pricing-component type=\"insurancecoverage\"><\/pricing-component> versichert. Z\u00f6gern Sie nicht, das Beste aus Ihrem Tag zu machen.<\/p>\n<p>&nbsp;<\/p>\n<p><img loading=\"lazy\" decoding=\"async\" width=\"300\" height=\"263\" class=\"size-full wp-image-3214 aligncenter\" src=\"https:\/\/luggagehero.com\/wp-content\/uploads\/2018\/06\/LuggageHero-and-Lonely-Planet.png\" alt=\"\" \/><\/p>\n<h4 style=\"text-align: center;\">Von\u00a0<a href=\"https:\/\/www.lonelyplanet.com\/news\/2018\/05\/18\/drop-your-luggage-off-to-be-minded\/\" target=\"_blank\" rel=\"noopener noreferrer\">Lonely Planet<\/a>:<\/h4>\n<h3 class=\"rmq-3610c77e rmq-c03c1ac Heading\" data-radium=\"true\" data-reactid=\"43\">Sie k\u00f6nnen Ihr Gep\u00e4ck jetzt sicher in Gesch\u00e4ften, Pubs und Caf\u00e9s in ganz New York aufbewahren &#8211; an 140 Standorten<\/h3>\n<p style=\"text-align: center;\"><em>\u201eMit <a href=\"https:\/\/luggagehero.com\/\">LuggageHero<\/a>\u00a0k\u00f6nnen Sie Ihr Gep\u00e4ck in einem \u00f6rtlichen Gesch\u00e4ft, Caf\u00e9 oder Hotel aufbewahren. Dies ist oftmals praktischer, als wenn Sie einen Aufbewahrungsort am Bahnhof aufsuchen m\u00fcssen.\u201d<\/em><\/p>\n<p>&nbsp;<\/p>\n","protected":false},"excerpt":{"rendered":"<p>Suchen Sie nach einer Gep\u00e4ckaufbewahrungsm\u00f6glichkeit in der N\u00e4he des Grand Central Terminal? Geben Sie Ihr Gep\u00e4ck an einer unserer Gep\u00e4ckaufbewahrungsorte gleich um die Ecke ab. Grand Central Terminal, auch als Grand Central Station oder einfach als Grand Central bezeichnet, ist ein Pendler- und Intercity-Eisenbahnterminal an der 42nd Street und der Park Avenue in Midtown Manhattan [&hellip;]<\/p>\n","protected":false},"author":22,"featured_media":0,"parent":11561,"menu_order":0,"comment_status":"closed","ping_status":"closed","template":"template-location.php","meta":{"_acf_changed":false,"footnotes":""},"class_list":["post-34551","page","type-page","status-publish","hentry"],"acf":[],"yoast_head":"<!-- This site is optimized with the Yoast SEO Premium plugin v27.0 (Yoast SEO v27.0) - https:\/\/yoast.com\/product\/yoast-seo-premium-wordpress\/ -->\n<title>Gep\u00e4ckaufbewahrung am Grand Central Terminal sieben Tage die Woche - ab 1 $\/Stunde<\/title>\n<meta name=\"description\" content=\"Praktischer und g\u00fcnstiger Gep\u00e4ckaufbewahrungsservice in der N\u00e4he des Grand Central Terminals. Ab 1$ pro Stunde. 3000 $-Versicherungsdeckung inkl. Sicherheitssiegel f\u00fcr jedes Gep\u00e4ckst\u00fcck.\" \/>\n<meta name=\"robots\" content=\"index, follow, max-snippet:-1, max-image-preview:large, max-video-preview:-1\" \/>\n<link rel=\"canonical\" href=\"https:\/\/luggagehero.com\/de\/newyork\/grand-central-terminal\/\" \/>\n<meta property=\"og:locale\" content=\"de_DE\" \/>\n<meta property=\"og:type\" content=\"article\" \/>\n<meta property=\"og:title\" content=\"Grand Central Terminal\" \/>\n<meta property=\"og:description\" content=\"Praktischer und g\u00fcnstiger Gep\u00e4ckaufbewahrungsservice in der N\u00e4he des Grand Central Terminals. Ab 1$ pro Stunde. 3000 $-Versicherungsdeckung inkl. Sicherheitssiegel f\u00fcr jedes Gep\u00e4ckst\u00fcck.\" \/>\n<meta property=\"og:url\" content=\"https:\/\/luggagehero.com\/de\/newyork\/grand-central-terminal\/\" \/>\n<meta property=\"og:site_name\" content=\"LuggageHero\" \/>\n<meta property=\"article:publisher\" content=\"https:\/\/www.facebook.com\/luggagehero\" \/>\n<meta property=\"og:image\" content=\"https:\/\/luggagehero.com\/wp-content\/uploads\/2018\/02\/Luggage_storage_Grand_Central_terminal-720x480.jpg\" \/>\n<meta name=\"twitter:card\" content=\"summary_large_image\" \/>\n<meta name=\"twitter:site\" content=\"@luggagehero\" \/>\n<meta name=\"twitter:label1\" content=\"Est. reading time\" \/>\n\t<meta name=\"twitter:data1\" content=\"2 minutes\" \/>\n<script type=\"application\/ld+json\" class=\"yoast-schema-graph\">{\"@context\":\"https:\/\/schema.org\",\"@graph\":[{\"@type\":\"WebPage\",\"@id\":\"https:\/\/luggagehero.com\/de\/newyork\/grand-central-terminal\/\",\"url\":\"https:\/\/luggagehero.com\/de\/newyork\/grand-central-terminal\/\",\"name\":\"Gep\u00e4ckaufbewahrung am Grand Central Terminal sieben Tage die Woche - ab 1 $\/Stunde\",\"isPartOf\":{\"@id\":\"https:\/\/luggagehero.com\/de\/#website\"},\"primaryImageOfPage\":{\"@id\":\"https:\/\/luggagehero.com\/de\/newyork\/grand-central-terminal\/#primaryimage\"},\"image\":{\"@id\":\"https:\/\/luggagehero.com\/de\/newyork\/grand-central-terminal\/#primaryimage\"},\"thumbnailUrl\":\"https:\/\/luggagehero.com\/wp-content\/uploads\/2018\/02\/Luggage_storage_Grand_Central_terminal-720x480.jpg\",\"datePublished\":\"2023-09-05T11:42:13+00:00\",\"description\":\"Praktischer und g\u00fcnstiger Gep\u00e4ckaufbewahrungsservice in der N\u00e4he des Grand Central Terminals. Ab 1$ pro Stunde. 3000 $-Versicherungsdeckung inkl. Sicherheitssiegel f\u00fcr jedes Gep\u00e4ckst\u00fcck.\",\"breadcrumb\":{\"@id\":\"https:\/\/luggagehero.com\/de\/newyork\/grand-central-terminal\/#breadcrumb\"},\"inLanguage\":\"de-DE\",\"potentialAction\":[{\"@type\":\"ReadAction\",\"target\":[\"https:\/\/luggagehero.com\/de\/newyork\/grand-central-terminal\/\"]}]},{\"@type\":\"ImageObject\",\"inLanguage\":\"de-DE\",\"@id\":\"https:\/\/luggagehero.com\/de\/newyork\/grand-central-terminal\/#primaryimage\",\"url\":\"https:\/\/luggagehero.com\/wp-content\/uploads\/2018\/02\/Luggage_storage_Grand_Central_terminal-720x480.jpg\",\"contentUrl\":\"https:\/\/luggagehero.com\/wp-content\/uploads\/2018\/02\/Luggage_storage_Grand_Central_terminal-720x480.jpg\"},{\"@type\":\"BreadcrumbList\",\"@id\":\"https:\/\/luggagehero.com\/de\/newyork\/grand-central-terminal\/#breadcrumb\",\"itemListElement\":[{\"@type\":\"ListItem\",\"position\":1,\"name\":\"Home\",\"item\":\"https:\/\/luggagehero.com\/de\/\"},{\"@type\":\"ListItem\",\"position\":2,\"name\":\"New York City\",\"item\":\"https:\/\/luggagehero.com\/de\/newyork\/\"},{\"@type\":\"ListItem\",\"position\":3,\"name\":\"Grand Central Terminal\"}]},{\"@type\":\"WebSite\",\"@id\":\"https:\/\/luggagehero.com\/de\/#website\",\"url\":\"https:\/\/luggagehero.com\/de\/\",\"name\":\"LuggageHero\",\"description\":\"Free yourself from luggage\",\"publisher\":{\"@id\":\"https:\/\/luggagehero.com\/de\/#organization\"},\"potentialAction\":[{\"@type\":\"SearchAction\",\"target\":{\"@type\":\"EntryPoint\",\"urlTemplate\":\"https:\/\/luggagehero.com\/de\/?s={search_term_string}\"},\"query-input\":{\"@type\":\"PropertyValueSpecification\",\"valueRequired\":true,\"valueName\":\"search_term_string\"}}],\"inLanguage\":\"de-DE\"},{\"@type\":\"Organization\",\"@id\":\"https:\/\/luggagehero.com\/de\/#organization\",\"name\":\"LuggageHero\",\"url\":\"https:\/\/luggagehero.com\/de\/\",\"logo\":{\"@type\":\"ImageObject\",\"inLanguage\":\"de-DE\",\"@id\":\"https:\/\/luggagehero.com\/de\/#\/schema\/logo\/image\/\",\"url\":\"https:\/\/luggagehero.com\/wp-content\/uploads\/2017\/04\/luggagehero_LOGO-RGB_kort_POS_200x200.png\",\"contentUrl\":\"https:\/\/luggagehero.com\/wp-content\/uploads\/2017\/04\/luggagehero_LOGO-RGB_kort_POS_200x200.png\",\"width\":200,\"height\":200,\"caption\":\"LuggageHero\"},\"image\":{\"@id\":\"https:\/\/luggagehero.com\/de\/#\/schema\/logo\/image\/\"},\"sameAs\":[\"https:\/\/www.facebook.com\/luggagehero\",\"https:\/\/x.com\/luggagehero\",\"https:\/\/www.instagram.com\/luggagehero\",\"https:\/\/www.linkedin.com\/company\/luggagehero\/\"]}]}<\/script>\n<!-- \/ Yoast SEO Premium plugin. -->","yoast_head_json":{"title":"Gep\u00e4ckaufbewahrung am Grand Central Terminal sieben Tage die Woche - ab 1 $\/Stunde","description":"Praktischer und g\u00fcnstiger Gep\u00e4ckaufbewahrungsservice in der N\u00e4he des Grand Central Terminals. Ab 1$ pro Stunde. 3000 $-Versicherungsdeckung inkl. Sicherheitssiegel f\u00fcr jedes Gep\u00e4ckst\u00fcck.","robots":{"index":"index","follow":"follow","max-snippet":"max-snippet:-1","max-image-preview":"max-image-preview:large","max-video-preview":"max-video-preview:-1"},"canonical":"https:\/\/luggagehero.com\/de\/newyork\/grand-central-terminal\/","og_locale":"de_DE","og_type":"article","og_title":"Grand Central Terminal","og_description":"Praktischer und g\u00fcnstiger Gep\u00e4ckaufbewahrungsservice in der N\u00e4he des Grand Central Terminals. Ab 1$ pro Stunde. 3000 $-Versicherungsdeckung inkl. Sicherheitssiegel f\u00fcr jedes Gep\u00e4ckst\u00fcck.","og_url":"https:\/\/luggagehero.com\/de\/newyork\/grand-central-terminal\/","og_site_name":"LuggageHero","article_publisher":"https:\/\/www.facebook.com\/luggagehero","og_image":[{"url":"https:\/\/luggagehero.com\/wp-content\/uploads\/2018\/02\/Luggage_storage_Grand_Central_terminal-720x480.jpg","type":"","width":"","height":""}],"twitter_card":"summary_large_image","twitter_site":"@luggagehero","twitter_misc":{"Est. reading time":"2 minutes"},"schema":{"@context":"https:\/\/schema.org","@graph":[{"@type":"WebPage","@id":"https:\/\/luggagehero.com\/de\/newyork\/grand-central-terminal\/","url":"https:\/\/luggagehero.com\/de\/newyork\/grand-central-terminal\/","name":"Gep\u00e4ckaufbewahrung am Grand Central Terminal sieben Tage die Woche - ab 1 $\/Stunde","isPartOf":{"@id":"https:\/\/luggagehero.com\/de\/#website"},"primaryImageOfPage":{"@id":"https:\/\/luggagehero.com\/de\/newyork\/grand-central-terminal\/#primaryimage"},"image":{"@id":"https:\/\/luggagehero.com\/de\/newyork\/grand-central-terminal\/#primaryimage"},"thumbnailUrl":"https:\/\/luggagehero.com\/wp-content\/uploads\/2018\/02\/Luggage_storage_Grand_Central_terminal-720x480.jpg","datePublished":"2023-09-05T11:42:13+00:00","description":"Praktischer und g\u00fcnstiger Gep\u00e4ckaufbewahrungsservice in der N\u00e4he des Grand Central Terminals. Ab 1$ pro Stunde. 3000 $-Versicherungsdeckung inkl. Sicherheitssiegel f\u00fcr jedes Gep\u00e4ckst\u00fcck.","breadcrumb":{"@id":"https:\/\/luggagehero.com\/de\/newyork\/grand-central-terminal\/#breadcrumb"},"inLanguage":"de-DE","potentialAction":[{"@type":"ReadAction","target":["https:\/\/luggagehero.com\/de\/newyork\/grand-central-terminal\/"]}]},{"@type":"ImageObject","inLanguage":"de-DE","@id":"https:\/\/luggagehero.com\/de\/newyork\/grand-central-terminal\/#primaryimage","url":"https:\/\/luggagehero.com\/wp-content\/uploads\/2018\/02\/Luggage_storage_Grand_Central_terminal-720x480.jpg","contentUrl":"https:\/\/luggagehero.com\/wp-content\/uploads\/2018\/02\/Luggage_storage_Grand_Central_terminal-720x480.jpg"},{"@type":"BreadcrumbList","@id":"https:\/\/luggagehero.com\/de\/newyork\/grand-central-terminal\/#breadcrumb","itemListElement":[{"@type":"ListItem","position":1,"name":"Home","item":"https:\/\/luggagehero.com\/de\/"},{"@type":"ListItem","position":2,"name":"New York City","item":"https:\/\/luggagehero.com\/de\/newyork\/"},{"@type":"ListItem","position":3,"name":"Grand Central Terminal"}]},{"@type":"WebSite","@id":"https:\/\/luggagehero.com\/de\/#website","url":"https:\/\/luggagehero.com\/de\/","name":"LuggageHero","description":"Free yourself from luggage","publisher":{"@id":"https:\/\/luggagehero.com\/de\/#organization"},"potentialAction":[{"@type":"SearchAction","target":{"@type":"EntryPoint","urlTemplate":"https:\/\/luggagehero.com\/de\/?s={search_term_string}"},"query-input":{"@type":"PropertyValueSpecification","valueRequired":true,"valueName":"search_term_string"}}],"inLanguage":"de-DE"},{"@type":"Organization","@id":"https:\/\/luggagehero.com\/de\/#organization","name":"LuggageHero","url":"https:\/\/luggagehero.com\/de\/","logo":{"@type":"ImageObject","inLanguage":"de-DE","@id":"https:\/\/luggagehero.com\/de\/#\/schema\/logo\/image\/","url":"https:\/\/luggagehero.com\/wp-content\/uploads\/2017\/04\/luggagehero_LOGO-RGB_kort_POS_200x200.png","contentUrl":"https:\/\/luggagehero.com\/wp-content\/uploads\/2017\/04\/luggagehero_LOGO-RGB_kort_POS_200x200.png","width":200,"height":200,"caption":"LuggageHero"},"image":{"@id":"https:\/\/luggagehero.com\/de\/#\/schema\/logo\/image\/"},"sameAs":["https:\/\/www.facebook.com\/luggagehero","https:\/\/x.com\/luggagehero","https:\/\/www.instagram.com\/luggagehero","https:\/\/www.linkedin.com\/company\/luggagehero\/"]}]}},"place_id":"","place_latitude_longitude":"40.7527,-73.9772","place_name":"Grand Central Terminal","criteria_title":"","criteria_description":"","meta_title":"","meta_description":"","children_criteria_title":"","children_criteria_description":"","children_meta_title":"","children_meta_description":"","_edit_last":"46","use_global_content":"","poi_type":"","content_raw":"<p style=\"text-align: left;\">Suchen Sie nach einer Gep\u00e4ckaufbewahrungsm\u00f6glichkeit in der N\u00e4he des Grand Central Terminal? Geben Sie Ihr Gep\u00e4ck an einer unserer Gep\u00e4ckaufbewahrungsorte gleich um die Ecke ab.<\/p>\r\n<p style=\"text-align: left;\">Grand Central Terminal, auch als Grand Central Station oder einfach als Grand Central bezeichnet, ist ein Pendler- und Intercity-Eisenbahnterminal an der 42nd Street und der Park Avenue in Midtown <a href=\"https:\/\/luggagehero.com\/newyork\/manhattan\/\">Manhattan<\/a> in New York City. Der Terminal ist mit dem New Yorker U-Bahn-Netz in der Grand Central-42nd Street verbunden. Grand Central Terminal selbst bietet keine Gep\u00e4ckaufbewahrung an.<\/p>\r\nDurch die Nutzung der Gep\u00e4ckaufbewahrung in den \u00f6rtlichen Gesch\u00e4ften k\u00f6nnen Sie <a href=\"https:\/\/luggagehero.com\/newyork\/\">New York City<\/a> erkunden, ohne Ihr Gep\u00e4ck mit sich herumschleppen zu m\u00fcssen. Planen Sie Ihre Reise nicht mit Gep\u00e4ck, sondern machen Sie aus Ihrer Reise einen Urlaub.\r\n\r\nMit mehr als 140 LuggageHeroes in New York haben Sie mehr als genug M\u00f6glichkeiten, die Stadt ohne Ihr Gep\u00e4ck zu erkunden. Eine Gep\u00e4ckaufbewahrung \u00fcber Nacht ist kein Problem.\r\n\r\nAlle unsere Shops sind <a href=\"https:\/\/luggagehero.com\/about\/certified-shops\/\">von LuggageHero zertifiziert<\/a> und mit unseren <a href=\"https:\/\/luggagehero.com\/about\/security-seal\/\">Sicherungssiegeln<\/a> versehen, mit denen jedes Gep\u00e4ckst\u00fcck bis zu [pricing insurancecoverage] versichert ist.\r\n\r\n&nbsp;\r\n\r\n<img class=\" wp-image-1925 aligncenter\" src=\"https:\/\/luggagehero.com\/wp-content\/uploads\/2018\/02\/Luggage_storage_Grand_Central_terminal-720x480.jpg\" alt=\"Grand Central Terminal New York City\" width=\"449\" height=\"300\" \/>\r\n<h2><\/h2>\r\n<h2 style=\"text-align: center;\">Grand Central Terminal<\/h2>\r\nGrand Central Terminal befindet sich in der 89 E 42nd Street, New York City. Grand Central Terminal ist ein weltber\u00fchmtes Wahrzeichen in Midtown <a href=\"https:\/\/luggagehero.com\/newyork\/manhattan\/\">Manhattan<\/a> und mehr als ein Verkehrsknotenpunkt - es ist ein Zentrum mit 60 Gesch\u00e4ften und 35 Restaurants, in denen Sie wunderbar einkaufen und speisen k\u00f6nnen. Dar\u00fcber hinaus finden dort zahlreiche Veranstaltungen statt.\r\n\r\nGrand Central Terminal ist somit nicht der schlechteste Ort, wenn man den ganzen Tag sein Gep\u00e4ck dabei hat.\r\n\r\nWenn Sie Ihr Gep\u00e4ck jedoch nicht mit sich herumschleppen m\u00f6chten, finden Sie mit mehr als 140 LuggageHeroes in <a href=\"https:\/\/luggagehero.com\/newyork\/\">New York<\/a> ganz einfach einen Gep\u00e4ckaufbewahrungsort, der zu Ihren Reisepl\u00e4nen passt . Unsere zuverl\u00e4ssigen Partner sind lokale Gesch\u00e4fte, die Reisenden helfen und sich um ihr Gep\u00e4ck k\u00fcmmern, w\u00e4hrend sie die Stadt erkunden. Ihr Gep\u00e4ck ist <a href=\"https:\/\/luggagehero.com\/about\/security-seal\/\">versiegelt<\/a> und <a href=\"https:\/\/luggagehero.com\/about\/insurance\/\">bis<\/a> zu [pricing insurancecoverage] versichert. Z\u00f6gern Sie nicht, das Beste aus Ihrem Tag zu machen.\r\n\r\n&nbsp;\r\n\r\n<img class=\"size-full wp-image-3214 aligncenter\" src=\"https:\/\/luggagehero.com\/wp-content\/uploads\/2018\/06\/LuggageHero-and-Lonely-Planet.png\" alt=\"\" \/>\r\n<h4 style=\"text-align: center;\">Von\u00a0<a href=\"https:\/\/www.lonelyplanet.com\/news\/2018\/05\/18\/drop-your-luggage-off-to-be-minded\/\" target=\"_blank\" rel=\"noopener noreferrer\">Lonely Planet<\/a>:<\/h4>\r\n<h3 class=\"rmq-3610c77e rmq-c03c1ac Heading\" data-radium=\"true\" data-reactid=\"43\">Sie k\u00f6nnen Ihr Gep\u00e4ck jetzt sicher in Gesch\u00e4ften, Pubs und Caf\u00e9s in ganz New York aufbewahren - an 140 Standorten<\/h3>\r\n<p style=\"text-align: center;\"><em>\u201eMit <a href=\"https:\/\/luggagehero.com\/\">LuggageHero<\/a>\u00a0k\u00f6nnen Sie Ihr Gep\u00e4ck in einem \u00f6rtlichen Gesch\u00e4ft, Caf\u00e9 oder Hotel aufbewahren. Dies ist oftmals praktischer, als wenn Sie einen Aufbewahrungsort am Bahnhof aufsuchen m\u00fcssen.\u201d<\/em><\/p>\r\n&nbsp;","_links":{"self":[{"href":"https:\/\/luggagehero.com\/de\/wp-json\/wp\/v2\/pages\/34551","targetHints":{"allow":["GET"]}}],"collection":[{"href":"https:\/\/luggagehero.com\/de\/wp-json\/wp\/v2\/pages"}],"about":[{"href":"https:\/\/luggagehero.com\/de\/wp-json\/wp\/v2\/types\/page"}],"author":[{"embeddable":true,"href":"https:\/\/luggagehero.com\/de\/wp-json\/wp\/v2\/users\/22"}],"replies":[{"embeddable":true,"href":"https:\/\/luggagehero.com\/de\/wp-json\/wp\/v2\/comments?post=34551"}],"version-history":[{"count":0,"href":"https:\/\/luggagehero.com\/de\/wp-json\/wp\/v2\/pages\/34551\/revisions"}],"up":[{"embeddable":true,"href":"https:\/\/luggagehero.com\/de\/wp-json\/wp\/v2\/pages\/11561"}],"wp:attachment":[{"href":"https:\/\/luggagehero.com\/de\/wp-json\/wp\/v2\/media?parent=34551"}],"curies":[{"name":"wp","href":"https:\/\/api.w.org\/{rel}","templated":true}]}}