{"id":45206,"date":"2022-05-31T09:35:20","date_gmt":"2022-05-31T09:35:20","guid":{"rendered":"https:\/\/luggagehero.com\/lisbon\/pragal\/"},"modified":"2022-06-01T12:41:09","modified_gmt":"2022-06-01T12:41:09","slug":"pragal","status":"publish","type":"page","link":"https:\/\/luggagehero.com\/de\/lisbon\/pragal\/","title":{"rendered":"Pragal"},"content":{"rendered":"<p>Are you looking for luggage storage near Pragal? You can store your bags with one of our luggage storage locations just around Pragal. Explore <a href=\"https:\/\/luggagehero.com\/lisbon\/\">Lisbon<\/a> hassle-free.<\/p>\n<p style=\"text-align: center;\"><span style=\"font-weight: 400;\"><div class=\"wrapper-narrow-break\">\n  <div class=\"comparison-table wrapper\">\n\n    <div class=\"item first-item\">\n      <ul class=\"left\">\n        <li><\/li>\n        <li>Name<\/li>\n\n        <li>Pricing models<\/li><li>Insurance<\/li><li>Flexible arrival <\/li><li>Reviews<\/li>\n      <\/ul>\n    <\/div>\n\n            <div class=\"item\">\n          <ul class=\"left\">\n            <li><\/li>\n            <li>Name<\/li>\n            <li>Pricing models<\/li><li>Insurance<\/li><li>Flexible arrival <\/li><li>Reviews<\/li>\n          <\/ul>\n          <ul class=\"right\">\n\n            <li class=\"logo\">\n              <div class=\"image-wrapper\">\n                <div class=\" image\">\n                                      <img decoding=\"async\" loading=\"lazy\" src=\"https:\/\/luggagehero.com\/wp-content\/uploads\/2022\/01\/luggagehero_LOGO-V2-RGB_kort_POS-600x396.png\" alt=\"LuggageHero\">\n                                  <\/div>\n\n                              <\/div>\n            <\/li>\n\n            <li class=\"title\">\n              LuggageHero            <\/li>\n\n                            <li>Daily, Hourly, & multi-day<\/li>\n                            <li>Up to \u20ac2,500<\/li>\n                            <li>Yes<\/li>\n                            <li>+200.000<\/li>\n            \n          <\/ul>\n        <\/div>\n\n            <div class=\"item\">\n          <ul class=\"left\">\n            <li><\/li>\n            <li>Name<\/li>\n            <li>Pricing models<\/li><li>Insurance<\/li><li>Flexible arrival <\/li><li>Reviews<\/li>\n          <\/ul>\n          <ul class=\"right\">\n\n            <li class=\"logo\">\n              <div class=\"image-wrapper\">\n                <div class=\" image\">\n                                      <img decoding=\"async\" loading=\"lazy\" src=\"https:\/\/luggagehero.com\/wp-content\/uploads\/2022\/01\/Logo-Nannybag-Blog-2-600x162.png\" alt=\"NannyBag\">\n                                  <\/div>\n\n                              <\/div>\n            <\/li>\n\n            <li class=\"title\">\n              NannyBag            <\/li>\n\n                            <li>Daily<\/li>\n                            <li>Up to $1100<\/li>\n                            <li>No<\/li>\n                            <li>27,802<\/li>\n            \n          <\/ul>\n        <\/div>\n\n            <div class=\"item\">\n          <ul class=\"left\">\n            <li><\/li>\n            <li>Name<\/li>\n            <li>Pricing models<\/li><li>Insurance<\/li><li>Flexible arrival <\/li><li>Reviews<\/li>\n          <\/ul>\n          <ul class=\"right\">\n\n            <li class=\"logo\">\n              <div class=\"image-wrapper\">\n                <div class=\" image\">\n                                      <img decoding=\"async\" loading=\"lazy\" src=\"https:\/\/luggagehero.com\/wp-content\/uploads\/2022\/01\/mbsg0wwjnwsli6lnwj4r-600x229.webp\" alt=\"Vertoe\">\n                                  <\/div>\n\n                              <\/div>\n            <\/li>\n\n            <li class=\"title\">\n              Vertoe            <\/li>\n\n                            <li>Daily<\/li>\n                            <li>Up to $5000<\/li>\n                            <li>No<\/li>\n                            <li>4,708<\/li>\n            \n          <\/ul>\n        <\/div>\n\n            <div class=\"item\">\n          <ul class=\"left\">\n            <li><\/li>\n            <li>Name<\/li>\n            <li>Pricing models<\/li><li>Insurance<\/li><li>Flexible arrival <\/li><li>Reviews<\/li>\n          <\/ul>\n          <ul class=\"right\">\n\n            <li class=\"logo\">\n              <div class=\"image-wrapper\">\n                <div class=\" image\">\n                                      <img decoding=\"async\" loading=\"lazy\" src=\"https:\/\/luggagehero.com\/wp-content\/uploads\/2022\/01\/radical-storage-network-default.png\" alt=\"Radical Storage \">\n                                  <\/div>\n\n                              <\/div>\n            <\/li>\n\n            <li class=\"title\">\n              Radical Storage             <\/li>\n\n                            <li>Daily<\/li>\n                            <li>No<\/li>\n                            <li>No<\/li>\n                            <li>900<\/li>\n            \n          <\/ul>\n        <\/div>\n\n      <\/div>\n<\/div><\/span><\/p>\n<p>LuggageHero storage sites are <a href=\"https:\/\/luggagehero.com\/about\/certified-shops\/\">certified hotels, cafes, and shops<\/a>. Advance bookings ensure space for your bags. The address and directions to our partner shops are available at the time of booking. All bags are sealed off with our <a href=\"https:\/\/luggagehero.com\/about\/security-seal\/\">security seals<\/a> <a href=\"https:\/\/luggagehero.com\/about\/insurance\/\">insuring<\/a> each piece of luggage up to <pricing-component type=\"insurancecoverage\"><\/pricing-component> once you have dropped off your bags and started our storage timer on your booking page.<\/p>\n<p>&nbsp;<\/p>\n<p><img loading=\"lazy\" decoding=\"async\" class=\"wp-image-45231 aligncenter\" src=\"https:\/\/luggagehero.com\/wp-content\/uploads\/2022\/06\/sao-jorge-castle-lisbon-1024x576-1-300x169.jpg\" alt=\"\" width=\"768\" height=\"433\" srcset=\"https:\/\/luggagehero.com\/wp-content\/uploads\/2022\/06\/sao-jorge-castle-lisbon-1024x576-1-300x169.jpg 300w, https:\/\/luggagehero.com\/wp-content\/uploads\/2022\/06\/sao-jorge-castle-lisbon-1024x576-1-800x450.jpg 800w, https:\/\/luggagehero.com\/wp-content\/uploads\/2022\/06\/sao-jorge-castle-lisbon-1024x576-1-600x338.jpg 600w, https:\/\/luggagehero.com\/wp-content\/uploads\/2022\/06\/sao-jorge-castle-lisbon-1024x576-1.jpg 1024w\" sizes=\"auto, (max-width: 768px) 100vw, 768px\" \/><\/p>\n<p>&nbsp;<\/p>\n<h2>PRAGAL<\/h2>\n<p>Pragal station offers waiting rooms, public phones, ATMs, bars and many shops. Station is also without architectural bariers. Offers toilets when when the station is open in service. Cars park and taxi service are all near by. The tickets are sold on Monday to Friday except public holidays, from 10:00 to 19:00.<\/p>\n<p>&nbsp;<\/p>\n<h2>Luggage storage in Pragal<\/h2>\n<p>LuggageHero storage sites are <a href=\"https:\/\/luggagehero.com\/about\/certified-shops\/\">certified hotels, cafes, and shops<\/a>. Advance bookings ensure space for your bags. The address and directions to our partner shops are available at the time of booking. All bags are sealed off with our <a href=\"https:\/\/luggagehero.com\/about\/security-seal\/\">security seals<\/a> <a href=\"https:\/\/luggagehero.com\/about\/insurance\/\">insuring<\/a> each piece of luggage up to <pricing-component type=\"insurancecoverage\"><\/pricing-component> once you have dropped off your bags and started our storage timer on your booking page.<\/p>\n<p>&nbsp;<\/p>\n<h2>After storing your luggage in Pragal<\/h2>\n<p>After storing your bags with LuggageHero you can enjoy The Jer\u00f3nimos monastery, The Cathedral of Saint Mary Major. The J\u00e9ronimos Monastery is a former monastery of the Order of Saint Jerome near the Tagus river in the parish of Bel\u00e9m. The parishery is very well known for it\u015b Portugese Late Gothic Manueline style.<\/p>\n<p>On the other hand The Cathedral of Saint Mary Major is a roman catholic cathedral and the oldest church in the city being built in 1147. The catedral has survived many eathquakes and nowadays it&#8217;s a mix of lot of different architectural styles.<\/p>\n<p>&nbsp;<\/p>\n<h2>Download our App for more information<\/h2>\n\n<div class=\"block-app-downloader\">\n\t<ul class=\"app-images\">\n\t\t\t\t\t<li class=\"app-img\">\n\t\t\t\t<img decoding=\"async\" loading=\"lazy\" src=\"https:\/\/luggagehero.com\/wp-content\/uploads\/2020\/08\/app-1.png\" alt=\"App screenshot\">\n\t\t\t<\/li>\n\t\t\t\t\t<li class=\"app-img\">\n\t\t\t\t<img decoding=\"async\" loading=\"lazy\" src=\"https:\/\/luggagehero.com\/wp-content\/uploads\/2020\/08\/app-2.png\" alt=\"App screenshot\">\n\t\t\t<\/li>\n\t\t\t\t\t<li class=\"app-img\">\n\t\t\t\t<img decoding=\"async\" loading=\"lazy\" src=\"https:\/\/luggagehero.com\/wp-content\/uploads\/2020\/08\/app-3.png\" alt=\"App screenshot\">\n\t\t\t<\/li>\n\t\t\t\t\t<li class=\"app-img\">\n\t\t\t\t<img decoding=\"async\" loading=\"lazy\" src=\"https:\/\/luggagehero.com\/wp-content\/uploads\/2020\/08\/app-4.png\" alt=\"App screenshot\">\n\t\t\t<\/li>\n\t\t\t\t\t<li class=\"app-img\">\n\t\t\t\t<img decoding=\"async\" loading=\"lazy\" src=\"https:\/\/luggagehero.com\/wp-content\/uploads\/2020\/08\/app-5.png\" alt=\"App screenshot\">\n\t\t\t<\/li>\n\t\t\t<\/ul>\n\n\t<div class=\"apps-box\">\n\t\t<p> Verwenden Sie LuggageHero \u00fcberall mit der offiziellen App f\u00fcr iPhone und Android<\/p>\n\t\t<a href=\"https:\/\/apps.apple.com\/us\/app\/luggagehero-luggage-storage\/id1481057935\" target=\"_blank\">\n\t\t\t<img decoding=\"async\" loading=\"lazy\" src=\"https:\/\/luggagehero.com\/wp-content\/uploads\/2020\/08\/badge-as.png\" alt=\"Download on the ios App Store\">\n\t\t<\/a>\n\n\t\t<a href=\"https:\/\/play.google.com\/store\/apps\/details?id=com.luggagehero.android\" target=\"_blank\">\n\t\t\t<img decoding=\"async\" loading=\"lazy\" src=\"https:\/\/luggagehero.com\/wp-content\/uploads\/2020\/08\/badge-gp.png\" alt=\"Get it on Google Play\">\n\t\t<\/a>\n\t<\/div>\n<\/div>\n","protected":false},"excerpt":{"rendered":"<p>Are you looking for luggage storage near Pragal? You can store your bags with one of our luggage storage locations just around Pragal. Explore Lisbon hassle-free. LuggageHero storage sites are certified hotels, cafes, and shops. Advance bookings ensure space for your bags. The address and directions to our partner shops are available at the time [&hellip;]<\/p>\n","protected":false},"author":45,"featured_media":0,"parent":5029,"menu_order":0,"comment_status":"closed","ping_status":"closed","template":"template-location.php","meta":{"_acf_changed":false,"footnotes":""},"class_list":["post-45206","page","type-page","status-publish","hentry"],"acf":[],"yoast_head":"<!-- This site is optimized with the Yoast SEO Premium plugin v27.0 (Yoast SEO v27.0) - https:\/\/yoast.com\/product\/yoast-seo-premium-wordpress\/ -->\n<title>Pragal - LuggageHero<\/title>\n<meta name=\"robots\" content=\"index, follow, max-snippet:-1, max-image-preview:large, max-video-preview:-1\" \/>\n<link rel=\"canonical\" href=\"https:\/\/luggagehero.com\/de\/lisbon\/pragal\/\" \/>\n<meta property=\"og:locale\" content=\"de_DE\" \/>\n<meta property=\"og:type\" content=\"article\" \/>\n<meta property=\"og:title\" content=\"Pragal\" \/>\n<meta property=\"og:description\" content=\"Are you looking for luggage storage near Pragal? You can store your bags with one of our luggage storage locations just around Pragal. Explore Lisbon hassle-free. LuggageHero storage sites are certified hotels, cafes, and shops. Advance bookings ensure space for your bags. The address and directions to our partner shops are available at the time [&hellip;]\" \/>\n<meta property=\"og:url\" content=\"https:\/\/luggagehero.com\/de\/lisbon\/pragal\/\" \/>\n<meta property=\"og:site_name\" content=\"LuggageHero\" \/>\n<meta property=\"article:publisher\" content=\"https:\/\/www.facebook.com\/luggagehero\" \/>\n<meta property=\"article:modified_time\" content=\"2022-06-01T12:41:09+00:00\" \/>\n<meta property=\"og:image\" content=\"https:\/\/luggagehero.com\/wp-content\/uploads\/2022\/06\/sao-jorge-castle-lisbon-1024x576-1-300x169.jpg\" \/>\n<meta name=\"twitter:card\" content=\"summary_large_image\" \/>\n<meta name=\"twitter:site\" content=\"@luggagehero\" \/>\n<meta name=\"twitter:label1\" content=\"Est. reading time\" \/>\n\t<meta name=\"twitter:data1\" content=\"2 minutes\" \/>\n<script type=\"application\/ld+json\" class=\"yoast-schema-graph\">{\"@context\":\"https:\/\/schema.org\",\"@graph\":[{\"@type\":\"WebPage\",\"@id\":\"https:\/\/luggagehero.com\/de\/lisbon\/pragal\/\",\"url\":\"https:\/\/luggagehero.com\/de\/lisbon\/pragal\/\",\"name\":\"Pragal - LuggageHero\",\"isPartOf\":{\"@id\":\"https:\/\/luggagehero.com\/de\/#website\"},\"primaryImageOfPage\":{\"@id\":\"https:\/\/luggagehero.com\/de\/lisbon\/pragal\/#primaryimage\"},\"image\":{\"@id\":\"https:\/\/luggagehero.com\/de\/lisbon\/pragal\/#primaryimage\"},\"thumbnailUrl\":\"https:\/\/luggagehero.com\/wp-content\/uploads\/2022\/06\/sao-jorge-castle-lisbon-1024x576-1-300x169.jpg\",\"datePublished\":\"2022-05-31T09:35:20+00:00\",\"dateModified\":\"2022-06-01T12:41:09+00:00\",\"breadcrumb\":{\"@id\":\"https:\/\/luggagehero.com\/de\/lisbon\/pragal\/#breadcrumb\"},\"inLanguage\":\"de-DE\",\"potentialAction\":[{\"@type\":\"ReadAction\",\"target\":[\"https:\/\/luggagehero.com\/de\/lisbon\/pragal\/\"]}]},{\"@type\":\"ImageObject\",\"inLanguage\":\"de-DE\",\"@id\":\"https:\/\/luggagehero.com\/de\/lisbon\/pragal\/#primaryimage\",\"url\":\"https:\/\/luggagehero.com\/wp-content\/uploads\/2022\/06\/sao-jorge-castle-lisbon-1024x576-1-300x169.jpg\",\"contentUrl\":\"https:\/\/luggagehero.com\/wp-content\/uploads\/2022\/06\/sao-jorge-castle-lisbon-1024x576-1-300x169.jpg\"},{\"@type\":\"BreadcrumbList\",\"@id\":\"https:\/\/luggagehero.com\/de\/lisbon\/pragal\/#breadcrumb\",\"itemListElement\":[{\"@type\":\"ListItem\",\"position\":1,\"name\":\"Home\",\"item\":\"https:\/\/luggagehero.com\/de\/\"},{\"@type\":\"ListItem\",\"position\":2,\"name\":\"Lisbon\",\"item\":\"https:\/\/luggagehero.com\/de\/lisbon\/\"},{\"@type\":\"ListItem\",\"position\":3,\"name\":\"Pragal\"}]},{\"@type\":\"WebSite\",\"@id\":\"https:\/\/luggagehero.com\/de\/#website\",\"url\":\"https:\/\/luggagehero.com\/de\/\",\"name\":\"LuggageHero\",\"description\":\"Free yourself from luggage\",\"publisher\":{\"@id\":\"https:\/\/luggagehero.com\/de\/#organization\"},\"potentialAction\":[{\"@type\":\"SearchAction\",\"target\":{\"@type\":\"EntryPoint\",\"urlTemplate\":\"https:\/\/luggagehero.com\/de\/?s={search_term_string}\"},\"query-input\":{\"@type\":\"PropertyValueSpecification\",\"valueRequired\":true,\"valueName\":\"search_term_string\"}}],\"inLanguage\":\"de-DE\"},{\"@type\":\"Organization\",\"@id\":\"https:\/\/luggagehero.com\/de\/#organization\",\"name\":\"LuggageHero\",\"url\":\"https:\/\/luggagehero.com\/de\/\",\"logo\":{\"@type\":\"ImageObject\",\"inLanguage\":\"de-DE\",\"@id\":\"https:\/\/luggagehero.com\/de\/#\/schema\/logo\/image\/\",\"url\":\"https:\/\/luggagehero.com\/wp-content\/uploads\/2017\/04\/luggagehero_LOGO-RGB_kort_POS_200x200.png\",\"contentUrl\":\"https:\/\/luggagehero.com\/wp-content\/uploads\/2017\/04\/luggagehero_LOGO-RGB_kort_POS_200x200.png\",\"width\":200,\"height\":200,\"caption\":\"LuggageHero\"},\"image\":{\"@id\":\"https:\/\/luggagehero.com\/de\/#\/schema\/logo\/image\/\"},\"sameAs\":[\"https:\/\/www.facebook.com\/luggagehero\",\"https:\/\/x.com\/luggagehero\",\"https:\/\/www.instagram.com\/luggagehero\",\"https:\/\/www.linkedin.com\/company\/luggagehero\/\"]}]}<\/script>\n<!-- \/ Yoast SEO Premium plugin. -->","yoast_head_json":{"title":"Pragal - LuggageHero","robots":{"index":"index","follow":"follow","max-snippet":"max-snippet:-1","max-image-preview":"max-image-preview:large","max-video-preview":"max-video-preview:-1"},"canonical":"https:\/\/luggagehero.com\/de\/lisbon\/pragal\/","og_locale":"de_DE","og_type":"article","og_title":"Pragal","og_description":"Are you looking for luggage storage near Pragal? You can store your bags with one of our luggage storage locations just around Pragal. Explore Lisbon hassle-free. LuggageHero storage sites are certified hotels, cafes, and shops. Advance bookings ensure space for your bags. The address and directions to our partner shops are available at the time [&hellip;]","og_url":"https:\/\/luggagehero.com\/de\/lisbon\/pragal\/","og_site_name":"LuggageHero","article_publisher":"https:\/\/www.facebook.com\/luggagehero","article_modified_time":"2022-06-01T12:41:09+00:00","og_image":[{"url":"https:\/\/luggagehero.com\/wp-content\/uploads\/2022\/06\/sao-jorge-castle-lisbon-1024x576-1-300x169.jpg","type":"","width":"","height":""}],"twitter_card":"summary_large_image","twitter_site":"@luggagehero","twitter_misc":{"Est. reading time":"2 minutes"},"schema":{"@context":"https:\/\/schema.org","@graph":[{"@type":"WebPage","@id":"https:\/\/luggagehero.com\/de\/lisbon\/pragal\/","url":"https:\/\/luggagehero.com\/de\/lisbon\/pragal\/","name":"Pragal - LuggageHero","isPartOf":{"@id":"https:\/\/luggagehero.com\/de\/#website"},"primaryImageOfPage":{"@id":"https:\/\/luggagehero.com\/de\/lisbon\/pragal\/#primaryimage"},"image":{"@id":"https:\/\/luggagehero.com\/de\/lisbon\/pragal\/#primaryimage"},"thumbnailUrl":"https:\/\/luggagehero.com\/wp-content\/uploads\/2022\/06\/sao-jorge-castle-lisbon-1024x576-1-300x169.jpg","datePublished":"2022-05-31T09:35:20+00:00","dateModified":"2022-06-01T12:41:09+00:00","breadcrumb":{"@id":"https:\/\/luggagehero.com\/de\/lisbon\/pragal\/#breadcrumb"},"inLanguage":"de-DE","potentialAction":[{"@type":"ReadAction","target":["https:\/\/luggagehero.com\/de\/lisbon\/pragal\/"]}]},{"@type":"ImageObject","inLanguage":"de-DE","@id":"https:\/\/luggagehero.com\/de\/lisbon\/pragal\/#primaryimage","url":"https:\/\/luggagehero.com\/wp-content\/uploads\/2022\/06\/sao-jorge-castle-lisbon-1024x576-1-300x169.jpg","contentUrl":"https:\/\/luggagehero.com\/wp-content\/uploads\/2022\/06\/sao-jorge-castle-lisbon-1024x576-1-300x169.jpg"},{"@type":"BreadcrumbList","@id":"https:\/\/luggagehero.com\/de\/lisbon\/pragal\/#breadcrumb","itemListElement":[{"@type":"ListItem","position":1,"name":"Home","item":"https:\/\/luggagehero.com\/de\/"},{"@type":"ListItem","position":2,"name":"Lisbon","item":"https:\/\/luggagehero.com\/de\/lisbon\/"},{"@type":"ListItem","position":3,"name":"Pragal"}]},{"@type":"WebSite","@id":"https:\/\/luggagehero.com\/de\/#website","url":"https:\/\/luggagehero.com\/de\/","name":"LuggageHero","description":"Free yourself from luggage","publisher":{"@id":"https:\/\/luggagehero.com\/de\/#organization"},"potentialAction":[{"@type":"SearchAction","target":{"@type":"EntryPoint","urlTemplate":"https:\/\/luggagehero.com\/de\/?s={search_term_string}"},"query-input":{"@type":"PropertyValueSpecification","valueRequired":true,"valueName":"search_term_string"}}],"inLanguage":"de-DE"},{"@type":"Organization","@id":"https:\/\/luggagehero.com\/de\/#organization","name":"LuggageHero","url":"https:\/\/luggagehero.com\/de\/","logo":{"@type":"ImageObject","inLanguage":"de-DE","@id":"https:\/\/luggagehero.com\/de\/#\/schema\/logo\/image\/","url":"https:\/\/luggagehero.com\/wp-content\/uploads\/2017\/04\/luggagehero_LOGO-RGB_kort_POS_200x200.png","contentUrl":"https:\/\/luggagehero.com\/wp-content\/uploads\/2017\/04\/luggagehero_LOGO-RGB_kort_POS_200x200.png","width":200,"height":200,"caption":"LuggageHero"},"image":{"@id":"https:\/\/luggagehero.com\/de\/#\/schema\/logo\/image\/"},"sameAs":["https:\/\/www.facebook.com\/luggagehero","https:\/\/x.com\/luggagehero","https:\/\/www.instagram.com\/luggagehero","https:\/\/www.linkedin.com\/company\/luggagehero\/"]}]}},"place_id":"","place_latitude_longitude":"38.66567000000001,-9.179469999999998","place_name":"Pragal","criteria_title":"","criteria_description":"","meta_title":"","meta_description":"","children_criteria_title":"","children_criteria_description":"","children_meta_title":"","children_meta_description":"","_edit_last":"56","use_global_content":"0","poi_type":"PublicTransit","content_raw":"Are you looking for luggage storage near Pragal? You can store your bags with one of our luggage storage locations just around Pragal. Explore <a href=\"https:\/\/luggagehero.com\/lisbon\/\">Lisbon<\/a> hassle-free.\r\n<p style=\"text-align: center;\"><span style=\"font-weight: 400;\">[comparisontable]<\/span><\/p>\r\nLuggageHero storage sites are <a href=\"https:\/\/luggagehero.com\/about\/certified-shops\/\">certified hotels, cafes, and shops<\/a>. Advance bookings ensure space for your bags. The address and directions to our partner shops are available at the time of booking. All bags are sealed off with our <a href=\"https:\/\/luggagehero.com\/about\/security-seal\/\">security seals<\/a> <a href=\"https:\/\/luggagehero.com\/about\/insurance\/\">insuring<\/a> each piece of luggage up to [pricing insurancecoverage] once you have dropped off your bags and started our storage timer on your booking page.\r\n\r\n&nbsp;\r\n\r\n<img class=\"wp-image-45231 aligncenter\" src=\"https:\/\/luggagehero.com\/wp-content\/uploads\/2022\/06\/sao-jorge-castle-lisbon-1024x576-1-300x169.jpg\" alt=\"\" width=\"768\" height=\"433\" \/>\r\n\r\n&nbsp;\r\n<h2>PRAGAL<\/h2>\r\nPragal station offers waiting rooms, public phones, ATMs, bars and many shops. Station is also without architectural bariers. Offers toilets when when the station is open in service. Cars park and taxi service are all near by. The tickets are sold on Monday to Friday except public holidays, from 10:00 to 19:00.\r\n\r\n&nbsp;\r\n<h2>Luggage storage in Pragal<\/h2>\r\nLuggageHero storage sites are <a href=\"https:\/\/luggagehero.com\/about\/certified-shops\/\">certified hotels, cafes, and shops<\/a>. Advance bookings ensure space for your bags. The address and directions to our partner shops are available at the time of booking. All bags are sealed off with our <a href=\"https:\/\/luggagehero.com\/about\/security-seal\/\">security seals<\/a> <a href=\"https:\/\/luggagehero.com\/about\/insurance\/\">insuring<\/a> each piece of luggage up to [pricing insurancecoverage] once you have dropped off your bags and started our storage timer on your booking page.\r\n\r\n&nbsp;\r\n<h2>After storing your luggage in Pragal<\/h2>\r\nAfter storing your bags with LuggageHero you can enjoy The Jer\u00f3nimos monastery, The Cathedral of Saint Mary Major. The J\u00e9ronimos Monastery is a former monastery of the Order of Saint Jerome near the Tagus river in the parish of Bel\u00e9m. The parishery is very well known for it\u015b Portugese Late Gothic Manueline style.\r\n\r\nOn the other hand The Cathedral of Saint Mary Major is a roman catholic cathedral and the oldest church in the city being built in 1147. The catedral has survived many eathquakes and nowadays it's a mix of lot of different architectural styles.\r\n\r\n&nbsp;\r\n<h2>Download our App for more information<\/h2>\r\n[appdownloader]","_links":{"self":[{"href":"https:\/\/luggagehero.com\/de\/wp-json\/wp\/v2\/pages\/45206","targetHints":{"allow":["GET"]}}],"collection":[{"href":"https:\/\/luggagehero.com\/de\/wp-json\/wp\/v2\/pages"}],"about":[{"href":"https:\/\/luggagehero.com\/de\/wp-json\/wp\/v2\/types\/page"}],"author":[{"embeddable":true,"href":"https:\/\/luggagehero.com\/de\/wp-json\/wp\/v2\/users\/45"}],"replies":[{"embeddable":true,"href":"https:\/\/luggagehero.com\/de\/wp-json\/wp\/v2\/comments?post=45206"}],"version-history":[{"count":0,"href":"https:\/\/luggagehero.com\/de\/wp-json\/wp\/v2\/pages\/45206\/revisions"}],"up":[{"embeddable":true,"href":"https:\/\/luggagehero.com\/de\/wp-json\/wp\/v2\/pages\/5029"}],"wp:attachment":[{"href":"https:\/\/luggagehero.com\/de\/wp-json\/wp\/v2\/media?parent=45206"}],"curies":[{"name":"wp","href":"https:\/\/api.w.org\/{rel}","templated":true}]}}