{"id":5362,"date":"2019-03-13T10:06:31","date_gmt":"2019-03-13T10:06:31","guid":{"rendered":"https:\/\/luggagehero.com\/?page_id=5362"},"modified":"2021-12-08T12:50:31","modified_gmt":"2021-12-08T12:50:31","slug":"nuevos-ministerios","status":"publish","type":"page","link":"https:\/\/luggagehero.com\/de\/madrid\/nuevos-ministerios\/","title":{"rendered":"Nuevos Ministerios"},"content":{"rendered":"<p>Are you looking for luggage storage at Nuevos Ministerios Metro Station? Store your bags with one of <strong>LuggageHero&#8217;s<\/strong> luggage storage locations all around Nuevos Ministerios and explore <a href=\"https:\/\/luggagehero.com\/madrid\/\">Madrid<\/a> hassle-free.<\/p>\n<h3><strong>Download the LuggageHero app to find out more about luggage storage in Madrid<\/strong><\/h3>\n\n<div class=\"block-app-downloader\">\n\t<ul class=\"app-images\">\n\t\t\t\t\t<li class=\"app-img\">\n\t\t\t\t<img decoding=\"async\" loading=\"lazy\" src=\"https:\/\/luggagehero.com\/wp-content\/uploads\/2020\/08\/app-1.png\" alt=\"App screenshot\">\n\t\t\t<\/li>\n\t\t\t\t\t<li class=\"app-img\">\n\t\t\t\t<img decoding=\"async\" loading=\"lazy\" src=\"https:\/\/luggagehero.com\/wp-content\/uploads\/2020\/08\/app-2.png\" alt=\"App screenshot\">\n\t\t\t<\/li>\n\t\t\t\t\t<li class=\"app-img\">\n\t\t\t\t<img decoding=\"async\" loading=\"lazy\" src=\"https:\/\/luggagehero.com\/wp-content\/uploads\/2020\/08\/app-3.png\" alt=\"App screenshot\">\n\t\t\t<\/li>\n\t\t\t\t\t<li class=\"app-img\">\n\t\t\t\t<img decoding=\"async\" loading=\"lazy\" src=\"https:\/\/luggagehero.com\/wp-content\/uploads\/2020\/08\/app-4.png\" alt=\"App screenshot\">\n\t\t\t<\/li>\n\t\t\t\t\t<li class=\"app-img\">\n\t\t\t\t<img decoding=\"async\" loading=\"lazy\" src=\"https:\/\/luggagehero.com\/wp-content\/uploads\/2020\/08\/app-5.png\" alt=\"App screenshot\">\n\t\t\t<\/li>\n\t\t\t<\/ul>\n\n\t<div class=\"apps-box\">\n\t\t<p> Verwenden Sie LuggageHero \u00fcberall mit der offiziellen App f\u00fcr iPhone und Android<\/p>\n\t\t<a href=\"https:\/\/apps.apple.com\/us\/app\/luggagehero-luggage-storage\/id1481057935\" target=\"_blank\">\n\t\t\t<img decoding=\"async\" loading=\"lazy\" src=\"https:\/\/luggagehero.com\/wp-content\/uploads\/2020\/08\/badge-as.png\" alt=\"Download on the ios App Store\">\n\t\t<\/a>\n\n\t\t<a href=\"https:\/\/play.google.com\/store\/apps\/details?id=com.luggagehero.android\" target=\"_blank\">\n\t\t\t<img decoding=\"async\" loading=\"lazy\" src=\"https:\/\/luggagehero.com\/wp-content\/uploads\/2020\/08\/badge-gp.png\" alt=\"Get it on Google Play\">\n\t\t<\/a>\n\t<\/div>\n<\/div>\n<p><span style=\"font-weight: 400;\">LuggageHero storage sites are <a href=\"https:\/\/luggagehero.com\/about\/certified-shops\/\">certified<\/a> hotels, cafes, and shops. Advance bookings ensure space for your bags. The address and directions to our partner shops are available at the time of booking. All bags are sealed off with our <\/span><a href=\"https:\/\/luggagehero.com\/about\/security-seal\/\">security seals<\/a> ensuring each piece of luggage up to \u20ac2,500 once you have dropped off your bags and started our storage timer on your booking page.<\/p>\n<p><img loading=\"lazy\" decoding=\"async\" class=\"aligncenter wp-image-5357 size-large\" src=\"https:\/\/luggagehero.com\/wp-content\/uploads\/2019\/02\/noviciado_luggage-storage_madrid-800x266.jpg\" sizes=\"auto, (max-width: 800px) 100vw, 800px\" srcset=\"https:\/\/luggagehero.com\/wp-content\/uploads\/2019\/02\/noviciado_luggage-storage_madrid-800x266.jpg 800w, https:\/\/luggagehero.com\/wp-content\/uploads\/2019\/02\/noviciado_luggage-storage_madrid-300x100.jpg 300w, https:\/\/luggagehero.com\/wp-content\/uploads\/2019\/02\/noviciado_luggage-storage_madrid-600x200.jpg 600w, https:\/\/luggagehero.com\/wp-content\/uploads\/2019\/02\/noviciado_luggage-storage_madrid.jpg 1120w\" alt=\"Store your luggage near Madrid Metro Stations\" width=\"800\" height=\"266\" \/><\/p>\n<h2 style=\"text-align: center;\">Nuevos Ministerios<\/h2>\n<p>Nuevos Ministerios is a major multimodal rail station on the Madrid Metro and the Cercan\u00edas commuter rail network. It is located beneath the Nuevos Ministerios government complex and AZCA financial center. The station serves a wide range of Metro lines as well as Cercan\u00edas Lines. It serves the district of Tet\u00faan, Chamber\u00ed, and <a href=\"https:\/\/luggagehero.com\/madrid\/chamartin-train-station\/\">Chamart\u00edn<\/a>.<\/p>\n<p>From Nuevos Ministerios, you have direct access to\u00a0Adolfo Su\u00e1rez Madrid\u2013Barajas Airport, <a href=\"https:\/\/luggagehero.com\/madrid\/atocha-train-station\/\">Atocha Cercanias<\/a>, <a href=\"https:\/\/luggagehero.com\/madrid\/puerta-del-sol\/\">Puerta del Sol<\/a>, and Noviciado metro station.<\/p>\n<p>&nbsp;<\/p>\n","protected":false},"excerpt":{"rendered":"<p>Are you looking for luggage storage at Nuevos Ministerios Metro Station? Store your bags with one of LuggageHero&#8217;s luggage storage locations all around Nuevos Ministerios and explore Madrid hassle-free. Download the LuggageHero app to find out more about luggage storage in Madrid LuggageHero storage sites are certified hotels, cafes, and shops. Advance bookings ensure space [&hellip;]<\/p>\n","protected":false},"author":9,"featured_media":5357,"parent":5143,"menu_order":0,"comment_status":"closed","ping_status":"closed","template":"template-location.php","meta":{"_acf_changed":false,"footnotes":""},"class_list":["post-5362","page","type-page","status-publish","has-post-thumbnail","hentry"],"acf":[],"yoast_head":"<!-- This site is optimized with the Yoast SEO Premium plugin v27.0 (Yoast SEO v27.0) - https:\/\/yoast.com\/product\/yoast-seo-premium-wordpress\/ -->\n<title>Nuevos Ministerios - LuggageHero<\/title>\n<meta name=\"robots\" content=\"index, follow, max-snippet:-1, max-image-preview:large, max-video-preview:-1\" \/>\n<link rel=\"canonical\" href=\"https:\/\/luggagehero.com\/de\/madrid\/nuevos-ministerios\/\" \/>\n<meta property=\"og:locale\" content=\"de_DE\" \/>\n<meta property=\"og:type\" content=\"article\" \/>\n<meta property=\"og:title\" content=\"Nuevos Ministerios\" \/>\n<meta property=\"og:description\" content=\"Are you looking for luggage storage at Nuevos Ministerios Metro Station? Store your bags with one of LuggageHero&#8217;s luggage storage locations all around Nuevos Ministerios and explore Madrid hassle-free. Download the LuggageHero app to find out more about luggage storage in Madrid LuggageHero storage sites are certified hotels, cafes, and shops. Advance bookings ensure space [&hellip;]\" \/>\n<meta property=\"og:url\" content=\"https:\/\/luggagehero.com\/de\/madrid\/nuevos-ministerios\/\" \/>\n<meta property=\"og:site_name\" content=\"LuggageHero\" \/>\n<meta property=\"article:publisher\" content=\"https:\/\/www.facebook.com\/luggagehero\" \/>\n<meta property=\"article:modified_time\" content=\"2021-12-08T12:50:31+00:00\" \/>\n<meta property=\"og:image\" content=\"https:\/\/luggagehero.com\/wp-content\/uploads\/2019\/02\/noviciado_luggage-storage_madrid.jpg\" \/>\n\t<meta property=\"og:image:width\" content=\"1120\" \/>\n\t<meta property=\"og:image:height\" content=\"373\" \/>\n\t<meta property=\"og:image:type\" content=\"image\/jpeg\" \/>\n<meta name=\"twitter:card\" content=\"summary_large_image\" \/>\n<meta name=\"twitter:site\" content=\"@luggagehero\" \/>\n<meta name=\"twitter:label1\" content=\"Est. reading time\" \/>\n\t<meta name=\"twitter:data1\" content=\"2 minutes\" \/>\n<script type=\"application\/ld+json\" class=\"yoast-schema-graph\">{\"@context\":\"https:\/\/schema.org\",\"@graph\":[{\"@type\":\"WebPage\",\"@id\":\"https:\/\/luggagehero.com\/de\/madrid\/nuevos-ministerios\/\",\"url\":\"https:\/\/luggagehero.com\/de\/madrid\/nuevos-ministerios\/\",\"name\":\"Nuevos Ministerios - LuggageHero\",\"isPartOf\":{\"@id\":\"https:\/\/luggagehero.com\/de\/#website\"},\"primaryImageOfPage\":{\"@id\":\"https:\/\/luggagehero.com\/de\/madrid\/nuevos-ministerios\/#primaryimage\"},\"image\":{\"@id\":\"https:\/\/luggagehero.com\/de\/madrid\/nuevos-ministerios\/#primaryimage\"},\"thumbnailUrl\":\"https:\/\/luggagehero.com\/wp-content\/uploads\/2019\/02\/noviciado_luggage-storage_madrid.jpg\",\"datePublished\":\"2019-03-13T10:06:31+00:00\",\"dateModified\":\"2021-12-08T12:50:31+00:00\",\"breadcrumb\":{\"@id\":\"https:\/\/luggagehero.com\/de\/madrid\/nuevos-ministerios\/#breadcrumb\"},\"inLanguage\":\"de-DE\",\"potentialAction\":[{\"@type\":\"ReadAction\",\"target\":[\"https:\/\/luggagehero.com\/de\/madrid\/nuevos-ministerios\/\"]}]},{\"@type\":\"ImageObject\",\"inLanguage\":\"de-DE\",\"@id\":\"https:\/\/luggagehero.com\/de\/madrid\/nuevos-ministerios\/#primaryimage\",\"url\":\"https:\/\/luggagehero.com\/wp-content\/uploads\/2019\/02\/noviciado_luggage-storage_madrid.jpg\",\"contentUrl\":\"https:\/\/luggagehero.com\/wp-content\/uploads\/2019\/02\/noviciado_luggage-storage_madrid.jpg\",\"width\":1120,\"height\":373,\"caption\":\"Store your luggage near Madrid Metro Stations\"},{\"@type\":\"BreadcrumbList\",\"@id\":\"https:\/\/luggagehero.com\/de\/madrid\/nuevos-ministerios\/#breadcrumb\",\"itemListElement\":[{\"@type\":\"ListItem\",\"position\":1,\"name\":\"Home\",\"item\":\"https:\/\/luggagehero.com\/de\/\"},{\"@type\":\"ListItem\",\"position\":2,\"name\":\"Madrid\",\"item\":\"https:\/\/luggagehero.com\/de\/madrid\/\"},{\"@type\":\"ListItem\",\"position\":3,\"name\":\"Nuevos Ministerios\"}]},{\"@type\":\"WebSite\",\"@id\":\"https:\/\/luggagehero.com\/de\/#website\",\"url\":\"https:\/\/luggagehero.com\/de\/\",\"name\":\"LuggageHero\",\"description\":\"Free yourself from luggage\",\"publisher\":{\"@id\":\"https:\/\/luggagehero.com\/de\/#organization\"},\"potentialAction\":[{\"@type\":\"SearchAction\",\"target\":{\"@type\":\"EntryPoint\",\"urlTemplate\":\"https:\/\/luggagehero.com\/de\/?s={search_term_string}\"},\"query-input\":{\"@type\":\"PropertyValueSpecification\",\"valueRequired\":true,\"valueName\":\"search_term_string\"}}],\"inLanguage\":\"de-DE\"},{\"@type\":\"Organization\",\"@id\":\"https:\/\/luggagehero.com\/de\/#organization\",\"name\":\"LuggageHero\",\"url\":\"https:\/\/luggagehero.com\/de\/\",\"logo\":{\"@type\":\"ImageObject\",\"inLanguage\":\"de-DE\",\"@id\":\"https:\/\/luggagehero.com\/de\/#\/schema\/logo\/image\/\",\"url\":\"https:\/\/luggagehero.com\/wp-content\/uploads\/2017\/04\/luggagehero_LOGO-RGB_kort_POS_200x200.png\",\"contentUrl\":\"https:\/\/luggagehero.com\/wp-content\/uploads\/2017\/04\/luggagehero_LOGO-RGB_kort_POS_200x200.png\",\"width\":200,\"height\":200,\"caption\":\"LuggageHero\"},\"image\":{\"@id\":\"https:\/\/luggagehero.com\/de\/#\/schema\/logo\/image\/\"},\"sameAs\":[\"https:\/\/www.facebook.com\/luggagehero\",\"https:\/\/x.com\/luggagehero\",\"https:\/\/www.instagram.com\/luggagehero\",\"https:\/\/www.linkedin.com\/company\/luggagehero\/\"]}]}<\/script>\n<!-- \/ Yoast SEO Premium plugin. -->","yoast_head_json":{"title":"Nuevos Ministerios - LuggageHero","robots":{"index":"index","follow":"follow","max-snippet":"max-snippet:-1","max-image-preview":"max-image-preview:large","max-video-preview":"max-video-preview:-1"},"canonical":"https:\/\/luggagehero.com\/de\/madrid\/nuevos-ministerios\/","og_locale":"de_DE","og_type":"article","og_title":"Nuevos Ministerios","og_description":"Are you looking for luggage storage at Nuevos Ministerios Metro Station? Store your bags with one of LuggageHero&#8217;s luggage storage locations all around Nuevos Ministerios and explore Madrid hassle-free. Download the LuggageHero app to find out more about luggage storage in Madrid LuggageHero storage sites are certified hotels, cafes, and shops. Advance bookings ensure space [&hellip;]","og_url":"https:\/\/luggagehero.com\/de\/madrid\/nuevos-ministerios\/","og_site_name":"LuggageHero","article_publisher":"https:\/\/www.facebook.com\/luggagehero","article_modified_time":"2021-12-08T12:50:31+00:00","og_image":[{"width":1120,"height":373,"url":"https:\/\/luggagehero.com\/wp-content\/uploads\/2019\/02\/noviciado_luggage-storage_madrid.jpg","type":"image\/jpeg"}],"twitter_card":"summary_large_image","twitter_site":"@luggagehero","twitter_misc":{"Est. reading time":"2 minutes"},"schema":{"@context":"https:\/\/schema.org","@graph":[{"@type":"WebPage","@id":"https:\/\/luggagehero.com\/de\/madrid\/nuevos-ministerios\/","url":"https:\/\/luggagehero.com\/de\/madrid\/nuevos-ministerios\/","name":"Nuevos Ministerios - LuggageHero","isPartOf":{"@id":"https:\/\/luggagehero.com\/de\/#website"},"primaryImageOfPage":{"@id":"https:\/\/luggagehero.com\/de\/madrid\/nuevos-ministerios\/#primaryimage"},"image":{"@id":"https:\/\/luggagehero.com\/de\/madrid\/nuevos-ministerios\/#primaryimage"},"thumbnailUrl":"https:\/\/luggagehero.com\/wp-content\/uploads\/2019\/02\/noviciado_luggage-storage_madrid.jpg","datePublished":"2019-03-13T10:06:31+00:00","dateModified":"2021-12-08T12:50:31+00:00","breadcrumb":{"@id":"https:\/\/luggagehero.com\/de\/madrid\/nuevos-ministerios\/#breadcrumb"},"inLanguage":"de-DE","potentialAction":[{"@type":"ReadAction","target":["https:\/\/luggagehero.com\/de\/madrid\/nuevos-ministerios\/"]}]},{"@type":"ImageObject","inLanguage":"de-DE","@id":"https:\/\/luggagehero.com\/de\/madrid\/nuevos-ministerios\/#primaryimage","url":"https:\/\/luggagehero.com\/wp-content\/uploads\/2019\/02\/noviciado_luggage-storage_madrid.jpg","contentUrl":"https:\/\/luggagehero.com\/wp-content\/uploads\/2019\/02\/noviciado_luggage-storage_madrid.jpg","width":1120,"height":373,"caption":"Store your luggage near Madrid Metro Stations"},{"@type":"BreadcrumbList","@id":"https:\/\/luggagehero.com\/de\/madrid\/nuevos-ministerios\/#breadcrumb","itemListElement":[{"@type":"ListItem","position":1,"name":"Home","item":"https:\/\/luggagehero.com\/de\/"},{"@type":"ListItem","position":2,"name":"Madrid","item":"https:\/\/luggagehero.com\/de\/madrid\/"},{"@type":"ListItem","position":3,"name":"Nuevos Ministerios"}]},{"@type":"WebSite","@id":"https:\/\/luggagehero.com\/de\/#website","url":"https:\/\/luggagehero.com\/de\/","name":"LuggageHero","description":"Free yourself from luggage","publisher":{"@id":"https:\/\/luggagehero.com\/de\/#organization"},"potentialAction":[{"@type":"SearchAction","target":{"@type":"EntryPoint","urlTemplate":"https:\/\/luggagehero.com\/de\/?s={search_term_string}"},"query-input":{"@type":"PropertyValueSpecification","valueRequired":true,"valueName":"search_term_string"}}],"inLanguage":"de-DE"},{"@type":"Organization","@id":"https:\/\/luggagehero.com\/de\/#organization","name":"LuggageHero","url":"https:\/\/luggagehero.com\/de\/","logo":{"@type":"ImageObject","inLanguage":"de-DE","@id":"https:\/\/luggagehero.com\/de\/#\/schema\/logo\/image\/","url":"https:\/\/luggagehero.com\/wp-content\/uploads\/2017\/04\/luggagehero_LOGO-RGB_kort_POS_200x200.png","contentUrl":"https:\/\/luggagehero.com\/wp-content\/uploads\/2017\/04\/luggagehero_LOGO-RGB_kort_POS_200x200.png","width":200,"height":200,"caption":"LuggageHero"},"image":{"@id":"https:\/\/luggagehero.com\/de\/#\/schema\/logo\/image\/"},"sameAs":["https:\/\/www.facebook.com\/luggagehero","https:\/\/x.com\/luggagehero","https:\/\/www.instagram.com\/luggagehero","https:\/\/www.linkedin.com\/company\/luggagehero\/"]}]}},"place_id":"","place_latitude_longitude":"40.4466,-3.6922","place_name":"Nuevos Ministerios","criteria_title":"","criteria_description":"","meta_title":"","meta_description":"","children_criteria_title":"","children_criteria_description":"","children_meta_title":"","children_meta_description":"","_edit_last":"47","use_global_content":"","poi_type":"PublicTransit","content_raw":"Are you looking for luggage storage at Nuevos Ministerios Metro Station? Store your bags with one of <strong>LuggageHero's<\/strong> luggage storage locations all around Nuevos Ministerios and explore <a href=\"https:\/\/luggagehero.com\/madrid\/\">Madrid<\/a> hassle-free.\r\n<h3><strong>Download the LuggageHero app to find out more about luggage storage in Madrid<\/strong><\/h3>\r\n[appdownloader]\r\n\r\n<span style=\"font-weight: 400;\">LuggageHero storage sites are <a href=\"https:\/\/luggagehero.com\/about\/certified-shops\/\">certified<\/a> hotels, cafes, and shops. Advance bookings ensure space for your bags. The address and directions to our partner shops are available at the time of booking. All bags are sealed off with our <\/span><a href=\"https:\/\/luggagehero.com\/about\/security-seal\/\">security seals<\/a> ensuring each piece of luggage up to [pricingfixed insurancecoverage] once you have dropped off your bags and started our storage timer on your booking page.\r\n\r\n<img class=\"aligncenter wp-image-5357 size-large\" src=\"https:\/\/luggagehero.com\/wp-content\/uploads\/2019\/02\/noviciado_luggage-storage_madrid-800x266.jpg\" sizes=\"(max-width: 800px) 100vw, 800px\" srcset=\"https:\/\/luggagehero.com\/wp-content\/uploads\/2019\/02\/noviciado_luggage-storage_madrid-800x266.jpg 800w, https:\/\/luggagehero.com\/wp-content\/uploads\/2019\/02\/noviciado_luggage-storage_madrid-300x100.jpg 300w, https:\/\/luggagehero.com\/wp-content\/uploads\/2019\/02\/noviciado_luggage-storage_madrid-600x200.jpg 600w, https:\/\/luggagehero.com\/wp-content\/uploads\/2019\/02\/noviciado_luggage-storage_madrid.jpg 1120w\" alt=\"Store your luggage near Madrid Metro Stations\" width=\"800\" height=\"266\" \/>\r\n<h2 style=\"text-align: center;\">Nuevos Ministerios<\/h2>\r\nNuevos Ministerios is a major multimodal rail station on the Madrid Metro and the Cercan\u00edas commuter rail network. It is located beneath the Nuevos Ministerios government complex and AZCA financial center. The station serves a wide range of Metro lines as well as Cercan\u00edas Lines. It serves the district of Tet\u00faan, Chamber\u00ed, and <a href=\"https:\/\/luggagehero.com\/madrid\/chamartin-train-station\/\">Chamart\u00edn<\/a>.\r\n\r\nFrom Nuevos Ministerios, you have direct access to\u00a0Adolfo Su\u00e1rez Madrid\u2013Barajas Airport, <a href=\"https:\/\/luggagehero.com\/madrid\/atocha-train-station\/\">Atocha Cercanias<\/a>, <a href=\"https:\/\/luggagehero.com\/madrid\/puerta-del-sol\/\">Puerta del Sol<\/a>, and Noviciado metro station.\r\n\r\n&nbsp;","_links":{"self":[{"href":"https:\/\/luggagehero.com\/de\/wp-json\/wp\/v2\/pages\/5362","targetHints":{"allow":["GET"]}}],"collection":[{"href":"https:\/\/luggagehero.com\/de\/wp-json\/wp\/v2\/pages"}],"about":[{"href":"https:\/\/luggagehero.com\/de\/wp-json\/wp\/v2\/types\/page"}],"author":[{"embeddable":true,"href":"https:\/\/luggagehero.com\/de\/wp-json\/wp\/v2\/users\/9"}],"replies":[{"embeddable":true,"href":"https:\/\/luggagehero.com\/de\/wp-json\/wp\/v2\/comments?post=5362"}],"version-history":[{"count":0,"href":"https:\/\/luggagehero.com\/de\/wp-json\/wp\/v2\/pages\/5362\/revisions"}],"up":[{"embeddable":true,"href":"https:\/\/luggagehero.com\/de\/wp-json\/wp\/v2\/pages\/5143"}],"wp:featuredmedia":[{"embeddable":true,"href":"https:\/\/luggagehero.com\/de\/wp-json\/wp\/v2\/media\/5357"}],"wp:attachment":[{"href":"https:\/\/luggagehero.com\/de\/wp-json\/wp\/v2\/media?parent=5362"}],"curies":[{"name":"wp","href":"https:\/\/api.w.org\/{rel}","templated":true}]}}