{"id":8621,"date":"2019-08-01T15:11:33","date_gmt":"2019-08-01T15:11:33","guid":{"rendered":"https:\/\/luggagehero.com\/rabattcode\/"},"modified":"2019-08-01T15:20:30","modified_gmt":"2019-08-01T15:20:30","slug":"rabattcode","status":"publish","type":"page","link":"https:\/\/luggagehero.com\/de\/rabattcode\/","title":{"rendered":"Rabattcode:"},"content":{"rendered":"<p><img loading=\"lazy\" decoding=\"async\" class=\"wp-image-1716 aligncenter\" src=\"https:\/\/luggagehero.com\/wp-content\/uploads\/2017\/11\/luggagehero_LOGO-V2-RGB_kort_POS-720x475.png\" alt=\"\" width=\"277\" height=\"183\" \/><\/p>\n<h3><strong>Kampagne: Ihr Rabattcode f\u00fcr die Gep\u00e4ckaufbewahrung<\/strong><\/h3>\n<p>LuggageHero bietet die L\u00f6sung mit seinem wachsenden Netzwerk an Gep\u00e4ckaufbewahrungsorten in <a href=\"https:\/\/luggagehero.com\/newyork\/\">New York<\/a>, <a href=\"https:\/\/luggagehero.com\/boston\/\">Boston<\/a>, <a href=\"https:\/\/luggagehero.com\/chicago\/\">Chicago<\/a>, <a href=\"https:\/\/luggagehero.com\/london\/\">London<\/a>, <a href=\"https:\/\/luggagehero.com\/barcelona\/\">Barcelona<\/a>, <a href=\"https:\/\/luggagehero.com\/madrid\/\">Madrid<\/a>, <a href=\"https:\/\/luggagehero.com\/lisbon\/\">Lissabon<\/a>, <a href=\"https:\/\/luggagehero.com\/rome\/\">Rom<\/a>, <a href=\"https:\/\/luggagehero.com\/montreal\/\">Montr\u00e9al<\/a>, <a href=\"https:\/\/luggagehero.com\/nice\/\">Nizza<\/a>, <a href=\"https:\/\/luggagehero.com\/brussels\/\">Br\u00fcssel<\/a>und <a href=\"https:\/\/luggagehero.com\/copenhagen\/\">Kopenhagen<\/a> \u2013 weitere Orte folgen.<\/p>\n<p>Daher m\u00f6chten wir allen Erstkunden folgenden Rabattcode anbieten:<\/p>\n<h4 style=\"text-align: center;\">NUTZEN SIE DIESEN CODE F\u00dcR 1 STUNDE KOSTENLOSE GEP\u00c4CKAUFBEWAHRUNG:<\/h4>\n<h3 style=\"text-align: center;\"><span style=\"text-decoration: underline;\">MYSUPERHERO<\/span><\/h3>\n<p>Dieser Gutscheincode kann nur einmal verwendet werden.<\/p>\n<h4>So l\u00f6sen Sie Ihren Rabattcode ein:<\/h4>\n<ol>\n<li>Buchen Sie Ihren lokalen LuggageHero in <a href=\"https:\/\/luggagehero.com\/london\/\">London<\/a>, <a href=\"https:\/\/luggagehero.com\/newyork\/\">NYC<\/a>, <a href=\"https:\/\/luggagehero.com\/boston\/\">Boston<\/a>, <a href=\"https:\/\/luggagehero.com\/madrid\/\">Madrid<\/a>, <a href=\"https:\/\/luggagehero.com\/barcelona\/\">Barcelona<\/a>, <a href=\"https:\/\/luggagehero.com\/lisbon\/\">Lissabon<\/a>, <a href=\"https:\/\/luggagehero.com\/rome\/\">Rom<\/a>, <a href=\"https:\/\/luggagehero.com\/montreal\/\">Montr\u00e9al<\/a>, <a href=\"https:\/\/luggagehero.com\/chicago\/\">Chicago<\/a>, <a href=\"https:\/\/luggagehero.com\/nice\/\">Nizza<\/a>, <a href=\"https:\/\/luggagehero.com\/brussels\/\">Br\u00fcssel<\/a> oder <a href=\"https:\/\/luggagehero.com\/copenhagen\/\">Kopenhagen<\/a>, indem Sie die Stadt anklicken<\/li>\n<li>Suchen und w\u00e4hlen Sie Ihren gew\u00fcnschten LuggageHero.<\/li>\n<li>Die Wegbeschreibung wird per E-Mail und SMS versandt (falls gew\u00fcnscht).<\/li>\n<li>Geben Sie Ihre Zahlungsinformationen an und l\u00f6sen Sie Ihren Rabattgutschein ein wie unten beschrieben.<\/li>\n<li>Starten Sie den Gep\u00e4ckaufbewahrungs-Timer, wenn Sie im Gesch\u00e4ft eintreffen.<\/li>\n<li>Stoppen Sie den Gep\u00e4ckaufbewahrungs-Timer und die Zahlung wird bearbeitet.<\/li>\n<\/ol>\n<p><img loading=\"lazy\" decoding=\"async\" class=\"wp-image-3454 aligncenter\" src=\"https:\/\/luggagehero.com\/wp-content\/uploads\/2018\/08\/Submit-Discount-voucher-720x573.png\" alt=\"Rabattgutschein einl\u00f6sen\" width=\"499\" height=\"397\" \/><\/p>\n<p>Denken Sie daran, dass LuggageHero die einzige Gep\u00e4ckaufbewahrungsplattform ist, die eine 100 % risikofreie Buchung anbietet. Bis zur Abgabe Ihres Gep\u00e4cks werden Ihnen KEINE GEB\u00dcHREN in Rechnung gestellt. Sie m\u00fcssen Ihre Buchung nicht einmal stornieren (wir w\u00fcrden uns jedoch dar\u00fcber freuen, aber es ist nicht erforderlich). Dies soll Reisenden helfen, denn wir wissen, wie sich die Pl\u00e4ne in letzter Sekunde \u00e4ndern k\u00f6nnen.<\/p>\n<h2>W\u00e4hlen Sie eine Stadt, um Ihren Rabattcode einzul\u00f6sen:<\/h2>\n<ol>\n<li><strong><a href=\"https:\/\/luggagehero.com\/newyork\/\">New York City<\/a>,\u00a0<\/strong><\/li>\n<li><strong><a href=\"https:\/\/luggagehero.com\/london\/\">London<\/a>,\u00a0<\/strong><\/li>\n<li><strong><a href=\"https:\/\/luggagehero.com\/copenhagen\/\">Copenhagen<\/a>,\u00a0<\/strong><\/li>\n<li><strong><a href=\"https:\/\/luggagehero.com\/madrid\/\">Madrid<\/a>,\u00a0<\/strong><\/li>\n<li><strong><a href=\"https:\/\/luggagehero.com\/find-luggage-storage-barcelona\/\">Barcelona<\/a>,\u00a0<\/strong><\/li>\n<li><strong><a href=\"https:\/\/luggagehero.com\/lisbon\/\">Lisbon<\/a>,\u00a0<\/strong><\/li>\n<li><strong><a href=\"https:\/\/luggagehero.com\/boston\/\">Boston<\/a>,\u00a0<\/strong><\/li>\n<li><strong><a href=\"https:\/\/luggagehero.com\/montreal\/\">Montreal<\/a>,\u00a0<\/strong><\/li>\n<li><strong><a href=\"https:\/\/luggagehero.com\/luggage-storage-rome-baggage-storage-rome\/\">Rome<\/a>,\u00a0<\/strong><\/li>\n<li><strong><a href=\"https:\/\/luggagehero.com\/brussels\/\">Brussels<\/a>,\u00a0<\/strong><\/li>\n<li><strong><a href=\"https:\/\/luggagehero.com\/nice\/\">Nice<\/a>,\u00a0<\/strong><\/li>\n<li><strong><a href=\"https:\/\/luggagehero.com\/paris\/\">Paris<\/a>,\u00a0<\/strong><\/li>\n<li><strong><a href=\"https:\/\/luggagehero.com\/luggage-storage-amsterdam-lockers\/\">Amsterdam,<\/a><\/strong><\/li>\n<li><strong><a href=\"https:\/\/luggagehero.com\/chicago\/\">Chicago<\/a>,\u00a0<\/strong><\/li>\n<li><strong><a href=\"https:\/\/luggagehero.com\/miami\/\">Miami,<\/a>\u00a0<\/strong><\/li>\n<li><strong><a href=\"https:\/\/luggagehero.com\/venice\/\">Venice<\/a>,\u00a0<\/strong><\/li>\n<li><strong><a href=\"https:\/\/luggagehero.com\/porto\/\">Porto<\/a>,\u00a0<\/strong><\/li>\n<li><strong><a href=\"https:\/\/luggagehero.com\/berlin\/\">Berlin<\/a>,\u00a0<\/strong><\/li>\n<li><strong><a href=\"https:\/\/luggagehero.com\/florence\/\">Florence<\/a>,\u00a0<\/strong><\/li>\n<li><strong><a href=\"https:\/\/luggagehero.com\/milan\/\">Milan<\/a>,\u00a0<\/strong><\/li>\n<li><strong><a href=\"https:\/\/luggagehero.com\/san-francisco\/\">San Francisco<\/a>,<\/strong><\/li>\n<li><strong><a href=\"https:\/\/luggagehero.com\/vienna\/\">Vienna<\/a>\u00a0\u00a0<\/strong><\/li>\n<\/ol>\n","protected":false},"excerpt":{"rendered":"<p>Kampagne: Ihr Rabattcode f\u00fcr die Gep\u00e4ckaufbewahrung LuggageHero bietet die L\u00f6sung mit seinem wachsenden Netzwerk an Gep\u00e4ckaufbewahrungsorten in New York, Boston, Chicago, London, Barcelona, Madrid, Lissabon, Rom, Montr\u00e9al, Nizza, Br\u00fcsselund Kopenhagen \u2013 weitere Orte folgen. Daher m\u00f6chten wir allen Erstkunden folgenden Rabattcode anbieten: NUTZEN SIE DIESEN CODE F\u00dcR 1 STUNDE KOSTENLOSE GEP\u00c4CKAUFBEWAHRUNG: MYSUPERHERO Dieser Gutscheincode kann [&hellip;]<\/p>\n","protected":false},"author":4,"featured_media":0,"parent":0,"menu_order":0,"comment_status":"closed","ping_status":"closed","template":"","meta":{"_acf_changed":false,"footnotes":""},"class_list":["post-8621","page","type-page","status-publish","hentry"],"acf":[],"yoast_head":"<!-- This site is optimized with the Yoast SEO Premium plugin v27.0 (Yoast SEO v27.0) - https:\/\/yoast.com\/product\/yoast-seo-premium-wordpress\/ -->\n<title>Rabattcode: - LuggageHero<\/title>\n<meta name=\"description\" content=\"Erhalten Sie hier einen Gutschein f\u00fcr 1 Stunde kostenlose Gep\u00e4ckaufbewahrung. Kostenloser Gep\u00e4ckaufbewahrungsgutschein von LuggageHero. Gep\u00e4ckaufbewahrung in London, New York und Kopenhagen pro Stunde. Kostenlose Versicherung inklusive\" \/>\n<meta name=\"robots\" content=\"index, follow, max-snippet:-1, max-image-preview:large, max-video-preview:-1\" \/>\n<link rel=\"canonical\" href=\"https:\/\/luggagehero.com\/de\/rabattcode\/\" \/>\n<meta property=\"og:locale\" content=\"de_DE\" \/>\n<meta property=\"og:type\" content=\"article\" \/>\n<meta property=\"og:title\" content=\"Rabattcode:\" \/>\n<meta property=\"og:description\" content=\"Erhalten Sie hier einen Gutschein f\u00fcr 1 Stunde kostenlose Gep\u00e4ckaufbewahrung. Kostenloser Gep\u00e4ckaufbewahrungsgutschein von LuggageHero. Gep\u00e4ckaufbewahrung in London, New York und Kopenhagen pro Stunde. Kostenlose Versicherung inklusive\" \/>\n<meta property=\"og:url\" content=\"https:\/\/luggagehero.com\/de\/rabattcode\/\" \/>\n<meta property=\"og:site_name\" content=\"LuggageHero\" \/>\n<meta property=\"article:publisher\" content=\"https:\/\/www.facebook.com\/luggagehero\" \/>\n<meta property=\"article:modified_time\" content=\"2019-08-01T15:20:30+00:00\" \/>\n<meta property=\"og:image\" content=\"https:\/\/luggagehero.com\/wp-content\/uploads\/2017\/11\/luggagehero_LOGO-V2-RGB_kort_POS-720x475.png\" \/>\n<meta name=\"twitter:card\" content=\"summary_large_image\" \/>\n<meta name=\"twitter:site\" content=\"@luggagehero\" \/>\n<meta name=\"twitter:label1\" content=\"Est. reading time\" \/>\n\t<meta name=\"twitter:data1\" content=\"1 minute\" \/>\n<script type=\"application\/ld+json\" class=\"yoast-schema-graph\">{\"@context\":\"https:\/\/schema.org\",\"@graph\":[{\"@type\":\"WebPage\",\"@id\":\"https:\/\/luggagehero.com\/de\/rabattcode\/\",\"url\":\"https:\/\/luggagehero.com\/de\/rabattcode\/\",\"name\":\"Rabattcode: - LuggageHero\",\"isPartOf\":{\"@id\":\"https:\/\/luggagehero.com\/de\/#website\"},\"primaryImageOfPage\":{\"@id\":\"https:\/\/luggagehero.com\/de\/rabattcode\/#primaryimage\"},\"image\":{\"@id\":\"https:\/\/luggagehero.com\/de\/rabattcode\/#primaryimage\"},\"thumbnailUrl\":\"https:\/\/luggagehero.com\/wp-content\/uploads\/2017\/11\/luggagehero_LOGO-V2-RGB_kort_POS-720x475.png\",\"datePublished\":\"2019-08-01T15:11:33+00:00\",\"dateModified\":\"2019-08-01T15:20:30+00:00\",\"description\":\"Erhalten Sie hier einen Gutschein f\u00fcr 1 Stunde kostenlose Gep\u00e4ckaufbewahrung. Kostenloser Gep\u00e4ckaufbewahrungsgutschein von LuggageHero. Gep\u00e4ckaufbewahrung in London, New York und Kopenhagen pro Stunde. Kostenlose Versicherung inklusive\",\"breadcrumb\":{\"@id\":\"https:\/\/luggagehero.com\/de\/rabattcode\/#breadcrumb\"},\"inLanguage\":\"de-DE\",\"potentialAction\":[{\"@type\":\"ReadAction\",\"target\":[\"https:\/\/luggagehero.com\/de\/rabattcode\/\"]}]},{\"@type\":\"ImageObject\",\"inLanguage\":\"de-DE\",\"@id\":\"https:\/\/luggagehero.com\/de\/rabattcode\/#primaryimage\",\"url\":\"https:\/\/luggagehero.com\/wp-content\/uploads\/2017\/11\/luggagehero_LOGO-V2-RGB_kort_POS-720x475.png\",\"contentUrl\":\"https:\/\/luggagehero.com\/wp-content\/uploads\/2017\/11\/luggagehero_LOGO-V2-RGB_kort_POS-720x475.png\"},{\"@type\":\"BreadcrumbList\",\"@id\":\"https:\/\/luggagehero.com\/de\/rabattcode\/#breadcrumb\",\"itemListElement\":[{\"@type\":\"ListItem\",\"position\":1,\"name\":\"Home\",\"item\":\"https:\/\/luggagehero.com\/de\/\"},{\"@type\":\"ListItem\",\"position\":2,\"name\":\"Rabattcode:\"}]},{\"@type\":\"WebSite\",\"@id\":\"https:\/\/luggagehero.com\/de\/#website\",\"url\":\"https:\/\/luggagehero.com\/de\/\",\"name\":\"LuggageHero\",\"description\":\"Free yourself from luggage\",\"publisher\":{\"@id\":\"https:\/\/luggagehero.com\/de\/#organization\"},\"potentialAction\":[{\"@type\":\"SearchAction\",\"target\":{\"@type\":\"EntryPoint\",\"urlTemplate\":\"https:\/\/luggagehero.com\/de\/?s={search_term_string}\"},\"query-input\":{\"@type\":\"PropertyValueSpecification\",\"valueRequired\":true,\"valueName\":\"search_term_string\"}}],\"inLanguage\":\"de-DE\"},{\"@type\":\"Organization\",\"@id\":\"https:\/\/luggagehero.com\/de\/#organization\",\"name\":\"LuggageHero\",\"url\":\"https:\/\/luggagehero.com\/de\/\",\"logo\":{\"@type\":\"ImageObject\",\"inLanguage\":\"de-DE\",\"@id\":\"https:\/\/luggagehero.com\/de\/#\/schema\/logo\/image\/\",\"url\":\"https:\/\/luggagehero.com\/wp-content\/uploads\/2017\/04\/luggagehero_LOGO-RGB_kort_POS_200x200.png\",\"contentUrl\":\"https:\/\/luggagehero.com\/wp-content\/uploads\/2017\/04\/luggagehero_LOGO-RGB_kort_POS_200x200.png\",\"width\":200,\"height\":200,\"caption\":\"LuggageHero\"},\"image\":{\"@id\":\"https:\/\/luggagehero.com\/de\/#\/schema\/logo\/image\/\"},\"sameAs\":[\"https:\/\/www.facebook.com\/luggagehero\",\"https:\/\/x.com\/luggagehero\",\"https:\/\/www.instagram.com\/luggagehero\",\"https:\/\/www.linkedin.com\/company\/luggagehero\/\"]}]}<\/script>\n<!-- \/ Yoast SEO Premium plugin. -->","yoast_head_json":{"title":"Rabattcode: - LuggageHero","description":"Erhalten Sie hier einen Gutschein f\u00fcr 1 Stunde kostenlose Gep\u00e4ckaufbewahrung. Kostenloser Gep\u00e4ckaufbewahrungsgutschein von LuggageHero. Gep\u00e4ckaufbewahrung in London, New York und Kopenhagen pro Stunde. Kostenlose Versicherung inklusive","robots":{"index":"index","follow":"follow","max-snippet":"max-snippet:-1","max-image-preview":"max-image-preview:large","max-video-preview":"max-video-preview:-1"},"canonical":"https:\/\/luggagehero.com\/de\/rabattcode\/","og_locale":"de_DE","og_type":"article","og_title":"Rabattcode:","og_description":"Erhalten Sie hier einen Gutschein f\u00fcr 1 Stunde kostenlose Gep\u00e4ckaufbewahrung. Kostenloser Gep\u00e4ckaufbewahrungsgutschein von LuggageHero. Gep\u00e4ckaufbewahrung in London, New York und Kopenhagen pro Stunde. Kostenlose Versicherung inklusive","og_url":"https:\/\/luggagehero.com\/de\/rabattcode\/","og_site_name":"LuggageHero","article_publisher":"https:\/\/www.facebook.com\/luggagehero","article_modified_time":"2019-08-01T15:20:30+00:00","og_image":[{"url":"https:\/\/luggagehero.com\/wp-content\/uploads\/2017\/11\/luggagehero_LOGO-V2-RGB_kort_POS-720x475.png","type":"","width":"","height":""}],"twitter_card":"summary_large_image","twitter_site":"@luggagehero","twitter_misc":{"Est. reading time":"1 minute"},"schema":{"@context":"https:\/\/schema.org","@graph":[{"@type":"WebPage","@id":"https:\/\/luggagehero.com\/de\/rabattcode\/","url":"https:\/\/luggagehero.com\/de\/rabattcode\/","name":"Rabattcode: - LuggageHero","isPartOf":{"@id":"https:\/\/luggagehero.com\/de\/#website"},"primaryImageOfPage":{"@id":"https:\/\/luggagehero.com\/de\/rabattcode\/#primaryimage"},"image":{"@id":"https:\/\/luggagehero.com\/de\/rabattcode\/#primaryimage"},"thumbnailUrl":"https:\/\/luggagehero.com\/wp-content\/uploads\/2017\/11\/luggagehero_LOGO-V2-RGB_kort_POS-720x475.png","datePublished":"2019-08-01T15:11:33+00:00","dateModified":"2019-08-01T15:20:30+00:00","description":"Erhalten Sie hier einen Gutschein f\u00fcr 1 Stunde kostenlose Gep\u00e4ckaufbewahrung. Kostenloser Gep\u00e4ckaufbewahrungsgutschein von LuggageHero. Gep\u00e4ckaufbewahrung in London, New York und Kopenhagen pro Stunde. Kostenlose Versicherung inklusive","breadcrumb":{"@id":"https:\/\/luggagehero.com\/de\/rabattcode\/#breadcrumb"},"inLanguage":"de-DE","potentialAction":[{"@type":"ReadAction","target":["https:\/\/luggagehero.com\/de\/rabattcode\/"]}]},{"@type":"ImageObject","inLanguage":"de-DE","@id":"https:\/\/luggagehero.com\/de\/rabattcode\/#primaryimage","url":"https:\/\/luggagehero.com\/wp-content\/uploads\/2017\/11\/luggagehero_LOGO-V2-RGB_kort_POS-720x475.png","contentUrl":"https:\/\/luggagehero.com\/wp-content\/uploads\/2017\/11\/luggagehero_LOGO-V2-RGB_kort_POS-720x475.png"},{"@type":"BreadcrumbList","@id":"https:\/\/luggagehero.com\/de\/rabattcode\/#breadcrumb","itemListElement":[{"@type":"ListItem","position":1,"name":"Home","item":"https:\/\/luggagehero.com\/de\/"},{"@type":"ListItem","position":2,"name":"Rabattcode:"}]},{"@type":"WebSite","@id":"https:\/\/luggagehero.com\/de\/#website","url":"https:\/\/luggagehero.com\/de\/","name":"LuggageHero","description":"Free yourself from luggage","publisher":{"@id":"https:\/\/luggagehero.com\/de\/#organization"},"potentialAction":[{"@type":"SearchAction","target":{"@type":"EntryPoint","urlTemplate":"https:\/\/luggagehero.com\/de\/?s={search_term_string}"},"query-input":{"@type":"PropertyValueSpecification","valueRequired":true,"valueName":"search_term_string"}}],"inLanguage":"de-DE"},{"@type":"Organization","@id":"https:\/\/luggagehero.com\/de\/#organization","name":"LuggageHero","url":"https:\/\/luggagehero.com\/de\/","logo":{"@type":"ImageObject","inLanguage":"de-DE","@id":"https:\/\/luggagehero.com\/de\/#\/schema\/logo\/image\/","url":"https:\/\/luggagehero.com\/wp-content\/uploads\/2017\/04\/luggagehero_LOGO-RGB_kort_POS_200x200.png","contentUrl":"https:\/\/luggagehero.com\/wp-content\/uploads\/2017\/04\/luggagehero_LOGO-RGB_kort_POS_200x200.png","width":200,"height":200,"caption":"LuggageHero"},"image":{"@id":"https:\/\/luggagehero.com\/de\/#\/schema\/logo\/image\/"},"sameAs":["https:\/\/www.facebook.com\/luggagehero","https:\/\/x.com\/luggagehero","https:\/\/www.instagram.com\/luggagehero","https:\/\/www.linkedin.com\/company\/luggagehero\/"]}]}},"place_id":"","place_latitude_longitude":"","place_name":"","criteria_title":"","criteria_description":"","meta_title":"","meta_description":"","children_criteria_title":"","children_criteria_description":"","children_meta_title":"","children_meta_description":"","_edit_last":"","use_global_content":"","poi_type":"","content_raw":"<img class=\"wp-image-1716 aligncenter\" src=\"https:\/\/luggagehero.com\/wp-content\/uploads\/2017\/11\/luggagehero_LOGO-V2-RGB_kort_POS-720x475.png\" alt=\"\" width=\"277\" height=\"183\" \/>\r\n<h3><strong>Kampagne: Ihr Rabattcode f\u00fcr die Gep\u00e4ckaufbewahrung<\/strong><\/h3>\r\nLuggageHero bietet die L\u00f6sung mit seinem wachsenden Netzwerk an Gep\u00e4ckaufbewahrungsorten in <a href=\"https:\/\/luggagehero.com\/newyork\/\">New York<\/a>, <a href=\"https:\/\/luggagehero.com\/boston\/\">Boston<\/a>, <a href=\"https:\/\/luggagehero.com\/chicago\/\">Chicago<\/a>, <a href=\"https:\/\/luggagehero.com\/london\/\">London<\/a>, <a href=\"https:\/\/luggagehero.com\/barcelona\/\">Barcelona<\/a>, <a href=\"https:\/\/luggagehero.com\/madrid\/\">Madrid<\/a>, <a href=\"https:\/\/luggagehero.com\/lisbon\/\">Lissabon<\/a>, <a href=\"https:\/\/luggagehero.com\/rome\/\">Rom<\/a>, <a href=\"https:\/\/luggagehero.com\/montreal\/\">Montr\u00e9al<\/a>, <a href=\"https:\/\/luggagehero.com\/nice\/\">Nizza<\/a>, <a href=\"https:\/\/luggagehero.com\/brussels\/\">Br\u00fcssel<\/a>und <a href=\"https:\/\/luggagehero.com\/copenhagen\/\">Kopenhagen<\/a> \u2013 weitere Orte folgen.\r\n\r\nDaher m\u00f6chten wir allen Erstkunden folgenden Rabattcode anbieten:\r\n<h4 style=\"text-align: center;\">NUTZEN SIE DIESEN CODE F\u00dcR 1 STUNDE KOSTENLOSE GEP\u00c4CKAUFBEWAHRUNG:<\/h4>\r\n<h3 style=\"text-align: center;\"><span style=\"text-decoration: underline;\">MYSUPERHERO<\/span><\/h3>\r\nDieser Gutscheincode kann nur einmal verwendet werden.\r\n<h4>So l\u00f6sen Sie Ihren Rabattcode ein:<\/h4>\r\n<ol>\r\n \t<li>Buchen Sie Ihren lokalen LuggageHero in <a href=\"https:\/\/luggagehero.com\/london\/\">London<\/a>, <a href=\"https:\/\/luggagehero.com\/newyork\/\">NYC<\/a>, <a href=\"https:\/\/luggagehero.com\/boston\/\">Boston<\/a>, <a href=\"https:\/\/luggagehero.com\/madrid\/\">Madrid<\/a>, <a href=\"https:\/\/luggagehero.com\/barcelona\/\">Barcelona<\/a>, <a href=\"https:\/\/luggagehero.com\/lisbon\/\">Lissabon<\/a>, <a href=\"https:\/\/luggagehero.com\/rome\/\">Rom<\/a>, <a href=\"https:\/\/luggagehero.com\/montreal\/\">Montr\u00e9al<\/a>, <a href=\"https:\/\/luggagehero.com\/chicago\/\">Chicago<\/a>, <a href=\"https:\/\/luggagehero.com\/nice\/\">Nizza<\/a>, <a href=\"https:\/\/luggagehero.com\/brussels\/\">Br\u00fcssel<\/a> oder <a href=\"https:\/\/luggagehero.com\/copenhagen\/\">Kopenhagen<\/a>, indem Sie die Stadt anklicken<\/li>\r\n \t<li>Suchen und w\u00e4hlen Sie Ihren gew\u00fcnschten LuggageHero.<\/li>\r\n \t<li>Die Wegbeschreibung wird per E-Mail und SMS versandt (falls gew\u00fcnscht).<\/li>\r\n \t<li>Geben Sie Ihre Zahlungsinformationen an und l\u00f6sen Sie Ihren Rabattgutschein ein wie unten beschrieben.<\/li>\r\n \t<li>Starten Sie den Gep\u00e4ckaufbewahrungs-Timer, wenn Sie im Gesch\u00e4ft eintreffen.<\/li>\r\n \t<li>Stoppen Sie den Gep\u00e4ckaufbewahrungs-Timer und die Zahlung wird bearbeitet.<\/li>\r\n<\/ol>\r\n<img class=\"wp-image-3454 aligncenter\" src=\"https:\/\/luggagehero.com\/wp-content\/uploads\/2018\/08\/Submit-Discount-voucher-720x573.png\" alt=\"Rabattgutschein einl\u00f6sen\" width=\"499\" height=\"397\" \/>\r\n\r\nDenken Sie daran, dass LuggageHero die einzige Gep\u00e4ckaufbewahrungsplattform ist, die eine 100 % risikofreie Buchung anbietet. Bis zur Abgabe Ihres Gep\u00e4cks werden Ihnen KEINE GEB\u00dcHREN in Rechnung gestellt. Sie m\u00fcssen Ihre Buchung nicht einmal stornieren (wir w\u00fcrden uns jedoch dar\u00fcber freuen, aber es ist nicht erforderlich). Dies soll Reisenden helfen, denn wir wissen, wie sich die Pl\u00e4ne in letzter Sekunde \u00e4ndern k\u00f6nnen.\r\n<h2>W\u00e4hlen Sie eine Stadt, um Ihren Rabattcode einzul\u00f6sen:<\/h2>\r\n<ol>\r\n \t<li><strong><a href=\"https:\/\/luggagehero.com\/newyork\/\">New York City<\/a>,\u00a0<\/strong><\/li>\r\n \t<li><strong><a href=\"https:\/\/luggagehero.com\/london\/\">London<\/a>,\u00a0<\/strong><\/li>\r\n \t<li><strong><a href=\"https:\/\/luggagehero.com\/copenhagen\/\">Copenhagen<\/a>,\u00a0<\/strong><\/li>\r\n \t<li><strong><a href=\"https:\/\/luggagehero.com\/madrid\/\">Madrid<\/a>,\u00a0<\/strong><\/li>\r\n \t<li><strong><a href=\"https:\/\/luggagehero.com\/find-luggage-storage-barcelona\/\">Barcelona<\/a>,\u00a0<\/strong><\/li>\r\n \t<li><strong><a href=\"https:\/\/luggagehero.com\/lisbon\/\">Lisbon<\/a>,\u00a0<\/strong><\/li>\r\n \t<li><strong><a href=\"https:\/\/luggagehero.com\/boston\/\">Boston<\/a>,\u00a0<\/strong><\/li>\r\n \t<li><strong><a href=\"https:\/\/luggagehero.com\/montreal\/\">Montreal<\/a>,\u00a0<\/strong><\/li>\r\n \t<li><strong><a href=\"https:\/\/luggagehero.com\/luggage-storage-rome-baggage-storage-rome\/\">Rome<\/a>,\u00a0<\/strong><\/li>\r\n \t<li><strong><a href=\"https:\/\/luggagehero.com\/brussels\/\">Brussels<\/a>,\u00a0<\/strong><\/li>\r\n \t<li><strong><a href=\"https:\/\/luggagehero.com\/nice\/\">Nice<\/a>,\u00a0<\/strong><\/li>\r\n \t<li><strong><a href=\"https:\/\/luggagehero.com\/paris\/\">Paris<\/a>,\u00a0<\/strong><\/li>\r\n \t<li><strong><a href=\"https:\/\/luggagehero.com\/luggage-storage-amsterdam-lockers\/\">Amsterdam,<\/a><\/strong><\/li>\r\n \t<li><strong><a href=\"https:\/\/luggagehero.com\/chicago\/\">Chicago<\/a>,\u00a0<\/strong><\/li>\r\n \t<li><strong><a href=\"https:\/\/luggagehero.com\/miami\/\">Miami,<\/a>\u00a0<\/strong><\/li>\r\n \t<li><strong><a href=\"https:\/\/luggagehero.com\/venice\/\">Venice<\/a>,\u00a0<\/strong><\/li>\r\n \t<li><strong><a href=\"https:\/\/luggagehero.com\/porto\/\">Porto<\/a>,\u00a0<\/strong><\/li>\r\n \t<li><strong><a href=\"https:\/\/luggagehero.com\/berlin\/\">Berlin<\/a>,\u00a0<\/strong><\/li>\r\n \t<li><strong><a href=\"https:\/\/luggagehero.com\/florence\/\">Florence<\/a>,\u00a0<\/strong><\/li>\r\n \t<li><strong><a href=\"https:\/\/luggagehero.com\/milan\/\">Milan<\/a>,\u00a0<\/strong><\/li>\r\n \t<li><strong><a href=\"https:\/\/luggagehero.com\/san-francisco\/\">San Francisco<\/a>,<\/strong><\/li>\r\n \t<li><strong><a href=\"https:\/\/luggagehero.com\/vienna\/\">Vienna<\/a>\u00a0\u00a0<\/strong><\/li>\r\n<\/ol>","_links":{"self":[{"href":"https:\/\/luggagehero.com\/de\/wp-json\/wp\/v2\/pages\/8621","targetHints":{"allow":["GET"]}}],"collection":[{"href":"https:\/\/luggagehero.com\/de\/wp-json\/wp\/v2\/pages"}],"about":[{"href":"https:\/\/luggagehero.com\/de\/wp-json\/wp\/v2\/types\/page"}],"author":[{"embeddable":true,"href":"https:\/\/luggagehero.com\/de\/wp-json\/wp\/v2\/users\/4"}],"replies":[{"embeddable":true,"href":"https:\/\/luggagehero.com\/de\/wp-json\/wp\/v2\/comments?post=8621"}],"version-history":[{"count":0,"href":"https:\/\/luggagehero.com\/de\/wp-json\/wp\/v2\/pages\/8621\/revisions"}],"wp:attachment":[{"href":"https:\/\/luggagehero.com\/de\/wp-json\/wp\/v2\/media?parent=8621"}],"curies":[{"name":"wp","href":"https:\/\/api.w.org\/{rel}","templated":true}]}}