{"id":8726,"date":"2019-08-08T21:10:46","date_gmt":"2019-08-08T21:10:46","guid":{"rendered":"https:\/\/luggagehero.com\/hamburg\/"},"modified":"2022-09-19T08:59:02","modified_gmt":"2022-09-19T08:59:02","slug":"hamburg","status":"publish","type":"page","link":"https:\/\/luggagehero.com\/de\/hamburg\/","title":{"rendered":"Hamburg"},"content":{"rendered":"<p>Sie brauchen nicht mehr nach Schlie\u00dff\u00e4chern zu suchen, in denen Sie Ihr Gep\u00e4ck aufbewahren k\u00f6nnen. Wenn Sie das n\u00e4chste Mal in Hamburg sind, denken Sie daran, dass LuggageHero die passende L\u00f6sung bietet!<\/p>\n<p>Geben Sie Ihr Gep\u00e4ck in einem der \u00fcber 30 lokalen Shops von LuggageHero ab, die sich in der N\u00e4he wichtiger Verkehrsknotenpunkte und beliebter Stadtteile befinden. Die Shops befinden sich unter anderem an den folgenden Standorten<a href=\"https:\/\/luggagehero.com\/hamburg\/hamburg-central-station\/\"> Hamburg Hauptbahnhof<\/a>, <a href=\"https:\/\/luggagehero.com\/hamburg\/zentral-omnibus-station-zob\/\">Zentraler Omnibusbahnhof &#8211; ZOB<\/a>, <a href=\"https:\/\/luggagehero.com\/hamburg\/feldstrase-station\/\">U-Bahnstation Feldstra\u00dfe<\/a>, <a href=\"https:\/\/luggagehero.com\/hamburg\/sternschanze\/\">Hamburg-Sternschanze<\/a>, <a href=\"https:\/\/luggagehero.com\/hamburg\/holstenstrase-station\/\">Bahnhof Hamburg Holstenstra\u00dfe<\/a>, <a href=\"https:\/\/luggagehero.com\/hamburg\/mesberg-station\/\">U-Bahnstation Me\u00dfberg<\/a>, und in der Innenstadt von Hamburg.<\/p>\n<p>Nehmen wir an, Sie kommen einige Stunden bevor Sie in Ihrer Unterkunft einchecken k\u00f6nnen am Flughafen Hamburg an und m\u00f6chten die Sehensw\u00fcrdigkeiten erkunden, ohne Ihr Gep\u00e4ck mitzunehmen. Vielleicht m\u00f6chten Sie das <a href=\"https:\/\/luggagehero.com\/hamburg\/panoptikum\/\">Panoptikum<\/a>, das <a href=\"https:\/\/luggagehero.com\/hamburg\/museum-of-hhistoric-modern-wax-figures\/\">Museum mit historischen und modernen Wachsfiguren <\/a>, oder die <a href=\"https:\/\/luggagehero.com\/hamburg\/kunsthalle-hamburg\/\">Kunsthalle Hamburg<\/a> besuchen oder die <a href=\"https:\/\/luggagehero.com\/hamburg\/reeperbahn\/\">Reeperbahn<\/a> entlang schlendern oder vielleicht ein Fu\u00dfballspiel im <a href=\"https:\/\/luggagehero.com\/hamburg\/millerntor-stadion\/\">Millerntor-Stadion<\/a> ansehen. Was auch immer Sie vorhaben, wir sind hier, um Sie von Ihrem Gep\u00e4ck zu befreien.<\/p>\n<p>Gehen Sie einfach zur <a href=\"https:\/\/app.luggagehero.com\/home;location=Hamborg;lat=53,5510846;lon=9,993681899999956\">LuggageHero Buchungsplattform<\/a>, um einen praktischen Gep\u00e4ckaufbewahrungsort in einem Gesch\u00e4ft oder an einem anderen Ort zu finden &#8211; alle Standorte sind <a href=\"https:\/\/luggagehero.com\/about\/certified-shops\/\">von uns verifiziert<\/a>. Mithilfe unserer Karte k\u00f6nnen Sie die Gesch\u00e4fte in der N\u00e4he der Bahnh\u00f6fe oder Sehensw\u00fcrdigkeiten finden, die Sie besuchen, und Ihr Gep\u00e4ck dort aufbewahren.<\/p>\n<p>&nbsp;<\/p>\n<p><img loading=\"lazy\" decoding=\"async\" class=\"aligncenter wp-image-2267\" title=\"Geben Sie Ihr Gep\u00e4ck in London bei einem LuggageHero ab\" src=\"https:\/\/luggagehero.com\/wp-content\/uploads\/2017\/06\/LuggageHero_figur_fod-paa-kufferter-1-720x907.png\" alt=\"Geben Sie Ihr Gep\u00e4ck in London bei einem LuggageHero ab\" width=\"333\" height=\"420\" \/><\/p>\n<p>&nbsp;<\/p>\n<p>&nbsp;<\/p>\n<p><strong>Sie zahlen pro Stunde &#8211; im Gegensatz zu anderen Gep\u00e4ckaufbewahrungsdiensten!<\/strong><\/p>\n<p>Wir bieten einen schnellen, bequemen und kosteng\u00fcnstigen Service.<\/p>\n<p>Im Gegensatz zu den meisten anderen Gep\u00e4ckaufbewahrungsdiensten, bei denen Sie f\u00fcr den kompletten Tag bezahlen m\u00fcssen, stellt LuggageHero nur die genutzten Stunden <pricing-component type=\"hourlyrate\"><\/pricing-component> in Rechnung. Wenn Sie Ihr Gep\u00e4ck den ganzen Tag oder l\u00e4nger aufbewahren m\u00f6chten, bieten wir Ihnen einen g\u00fcnstigen H\u00f6chstbetrag pro Tag in H\u00f6he von <pricing-component type=\"firstdaymax\"><\/pricing-component> an.<\/p>\n<p>&nbsp;<\/p>\n<p><strong>Wir freuen uns auf Sie <\/strong><\/p>\n<p>Ihre Sicherheit ist unsere Priorit\u00e4t. Aus diesem Grund werden alle unsere Shops in Hamburg von LuggageHero-Mitarbeitern \u00fcberpr\u00fcft und zertifiziert. Dar\u00fcber hinaus versiegeln wir jedes Gep\u00e4ckst\u00fcck, um die Manipulationssicherheit zu gew\u00e4hrleisten. Au\u00dferdem ist jedes Gep\u00e4ckst\u00fcck und dessen Inhalt bis zu <pricing-component type=\"insurancecoverage\"><\/pricing-component> versichert. Wenn Sie mit jemandn bei LuggageHero sprechen m\u00f6chten, sind wir \u00fcber unser Online-Chat-System rund um die Uhr f\u00fcr Sie da.<\/p>\n<p><strong>Sind Sie bereit, Ihr Gep\u00e4ck an einem unserer vielen Standorte in Hamburg abzugeben?<\/strong><\/p>\n<p>Finden Sie den perfekten Gep\u00e4ckaufbewahrungsort und w\u00e4hlen Sie aus mehr als <strong>3<\/strong><strong>0 Standorten in Hamburg!<\/strong><\/p>\n<h4><\/h4>\n<h4 style=\"text-align: left;\">Sicherheit<\/h4>\n<p>Wir <a href=\"https:\/\/luggagehero.com\/about\/certified-shops\/\">zertifizieren<\/a> und schulen die Betreiber aller unserer Luggage-Hero-Standorte in Hamburg in Bezug auf den sicheren Umgang mit Ihrem Gep\u00e4ck.<\/p>\n<p>Alle unsere Shops in Hamburg wurden von einem LuggageHero-Mitarbeiter \u00fcberpr\u00fcft. Dar\u00fcber hinaus werden regelm\u00e4\u00dfig Qualit\u00e4tskontrollen durchgef\u00fchrt, um sicherzustellen, dass das Gep\u00e4ck der Kunden auf sichere Weise aufbewahrt wird.<\/p>\n<p>Au\u00dferdem werden alle Gep\u00e4ckst\u00fccke mit <a href=\"https:\/\/luggagehero.com\/about\/security-seal\/\"><strong>Sicherheitssiegeln<\/strong><\/a> versehen. Diese werden Ihnen bei Ihrer Ankunft im Shop zur Verf\u00fcgung gestellt, damit niemand Zugriff auf Ihr Gep\u00e4ck hat.<\/p>\n<p>Au\u00dferdem ist jedes Gep\u00e4ckst\u00fcck und dessen Inhalt bis zu <pricing-component type=\"insurancecoverage\"><\/pricing-component>.<\/p>\n<p>versichert. Wenn Sie Hilfe ben\u00f6tigen, ist der Online-Chat-Support rund um die Uhr f\u00fcr Sie da.<\/p>\n<h4><\/h4>\n<h4 style=\"text-align: left;\">Buchen Sie risikofrei<\/h4>\n<p>Wir m\u00f6chten Ihre Reisen so reibungslos und einfach wie m\u00f6glich gestalten und deshalb legen wir Wert darauf, dass <strong>KEINE GEB\u00dcHREN erhoben werden<\/strong> bis Sie Ihr Gep\u00e4ck abgegeben haben.<\/p>\n<p>Nutzen Sie unseren Online-Buchungsservice, um ein Gep\u00e4ckaufbewahrungsort in Ihrer N\u00e4he in Hamburg auszuw\u00e4hlen, der am besten zu Ihrem Zeitplan passt. Sie k\u00f6nnen entweder bei der Ankunft im Gesch\u00e4ft oder online im Voraus buchen, um Ihren Platz zu sichern. Wenn Sie im Voraus buchen, ist Ihnen ein Platz f\u00fcr Ihr Gep\u00e4ck garantiert.<\/p>\n<p>Wir wissen jedoch, dass sich Pl\u00e4ne manchmal \u00e4ndern, insbesondere wenn man unterwegs ist. Es wird keine Geb\u00fchr berechnet, wenn Sie nicht erscheinen. Nada. Null. Nichts. Gar nichts. Niente. Und nein, Sie m\u00fcssen nicht einmal stornieren!<\/p>\n<h4>Wegweiser zur Gep\u00e4ckaufbewahrung in Hamburg<\/h4>\n<p>LuggageHero hat einen Wegweiser und eine Karte mit Gep\u00e4ckaufbewahrungsorten f\u00fcr die wundersch\u00f6ne Stadt Hamburg zusammengestellt &#8211; klicken Sie den folgenden Link an, um zu sehen, wo und wie Sie Ihr Gep\u00e4ck in Hamburg abgeben k\u00f6nnen: <a href=\"https:\/\/luggagehero.com\/find-luggage-storage-hamburg\/\">https:\/\/luggagehero.com\/find-luggage-storage-hamburg\/<\/a><\/p>\n<p>&nbsp;<\/p>\n","protected":false},"excerpt":{"rendered":"<p>Sie brauchen nicht mehr nach Schlie\u00dff\u00e4chern zu suchen, in denen Sie Ihr Gep\u00e4ck aufbewahren k\u00f6nnen. Wenn Sie das n\u00e4chste Mal in Hamburg sind, denken Sie daran, dass LuggageHero die passende L\u00f6sung bietet! Geben Sie Ihr Gep\u00e4ck in einem der \u00fcber 30 lokalen Shops von LuggageHero ab, die sich in der N\u00e4he wichtiger Verkehrsknotenpunkte und beliebter [&hellip;]<\/p>\n","protected":false},"author":9,"featured_media":9762,"parent":0,"menu_order":0,"comment_status":"closed","ping_status":"closed","template":"template-location.php","meta":{"_acf_changed":false,"footnotes":""},"class_list":["post-8726","page","type-page","status-publish","has-post-thumbnail","hentry"],"acf":[],"yoast_head":"<!-- This site is optimized with the Yoast SEO Premium plugin v27.0 (Yoast SEO v27.0) - https:\/\/yoast.com\/product\/yoast-seo-premium-wordpress\/ -->\n<title>Hamburg - LuggageHero<\/title>\n<meta name=\"robots\" content=\"index, follow, max-snippet:-1, max-image-preview:large, max-video-preview:-1\" \/>\n<link rel=\"canonical\" href=\"https:\/\/luggagehero.com\/de\/hamburg\/\" \/>\n<meta property=\"og:locale\" content=\"de_DE\" \/>\n<meta property=\"og:type\" content=\"article\" \/>\n<meta property=\"og:title\" content=\"Hamburg\" \/>\n<meta property=\"og:description\" content=\"Sie brauchen nicht mehr nach Schlie\u00dff\u00e4chern zu suchen, in denen Sie Ihr Gep\u00e4ck aufbewahren k\u00f6nnen. Wenn Sie das n\u00e4chste Mal in Hamburg sind, denken Sie daran, dass LuggageHero die passende L\u00f6sung bietet! Geben Sie Ihr Gep\u00e4ck in einem der \u00fcber 30 lokalen Shops von LuggageHero ab, die sich in der N\u00e4he wichtiger Verkehrsknotenpunkte und beliebter [&hellip;]\" \/>\n<meta property=\"og:url\" content=\"https:\/\/luggagehero.com\/de\/hamburg\/\" \/>\n<meta property=\"og:site_name\" content=\"LuggageHero\" \/>\n<meta property=\"article:publisher\" content=\"https:\/\/www.facebook.com\/luggagehero\" \/>\n<meta property=\"article:modified_time\" content=\"2022-09-19T08:59:02+00:00\" \/>\n<meta property=\"og:image\" content=\"https:\/\/luggagehero.com\/wp-content\/uploads\/2019\/09\/shutterstock_1181662084-800x533.jpg\" \/>\n\t<meta property=\"og:image:width\" content=\"800\" \/>\n\t<meta property=\"og:image:height\" content=\"533\" \/>\n\t<meta property=\"og:image:type\" content=\"image\/jpeg\" \/>\n<meta name=\"twitter:card\" content=\"summary_large_image\" \/>\n<meta name=\"twitter:site\" content=\"@luggagehero\" \/>\n<meta name=\"twitter:label1\" content=\"Est. reading time\" \/>\n\t<meta name=\"twitter:data1\" content=\"4 minutes\" \/>\n<script type=\"application\/ld+json\" class=\"yoast-schema-graph\">{\"@context\":\"https:\/\/schema.org\",\"@graph\":[{\"@type\":\"WebPage\",\"@id\":\"https:\/\/luggagehero.com\/de\/hamburg\/\",\"url\":\"https:\/\/luggagehero.com\/de\/hamburg\/\",\"name\":\"Hamburg - LuggageHero\",\"isPartOf\":{\"@id\":\"https:\/\/luggagehero.com\/de\/#website\"},\"primaryImageOfPage\":{\"@id\":\"https:\/\/luggagehero.com\/de\/hamburg\/#primaryimage\"},\"image\":{\"@id\":\"https:\/\/luggagehero.com\/de\/hamburg\/#primaryimage\"},\"thumbnailUrl\":\"https:\/\/luggagehero.com\/wp-content\/uploads\/2019\/09\/shutterstock_1181662084.jpg\",\"datePublished\":\"2019-08-08T21:10:46+00:00\",\"dateModified\":\"2022-09-19T08:59:02+00:00\",\"breadcrumb\":{\"@id\":\"https:\/\/luggagehero.com\/de\/hamburg\/#breadcrumb\"},\"inLanguage\":\"de-DE\",\"potentialAction\":[{\"@type\":\"ReadAction\",\"target\":[\"https:\/\/luggagehero.com\/de\/hamburg\/\"]}]},{\"@type\":\"ImageObject\",\"inLanguage\":\"de-DE\",\"@id\":\"https:\/\/luggagehero.com\/de\/hamburg\/#primaryimage\",\"url\":\"https:\/\/luggagehero.com\/wp-content\/uploads\/2019\/09\/shutterstock_1181662084.jpg\",\"contentUrl\":\"https:\/\/luggagehero.com\/wp-content\/uploads\/2019\/09\/shutterstock_1181662084.jpg\",\"width\":5472,\"height\":3648},{\"@type\":\"BreadcrumbList\",\"@id\":\"https:\/\/luggagehero.com\/de\/hamburg\/#breadcrumb\",\"itemListElement\":[{\"@type\":\"ListItem\",\"position\":1,\"name\":\"Home\",\"item\":\"https:\/\/luggagehero.com\/de\/\"},{\"@type\":\"ListItem\",\"position\":2,\"name\":\"Hamburg\"}]},{\"@type\":\"WebSite\",\"@id\":\"https:\/\/luggagehero.com\/de\/#website\",\"url\":\"https:\/\/luggagehero.com\/de\/\",\"name\":\"LuggageHero\",\"description\":\"Free yourself from luggage\",\"publisher\":{\"@id\":\"https:\/\/luggagehero.com\/de\/#organization\"},\"potentialAction\":[{\"@type\":\"SearchAction\",\"target\":{\"@type\":\"EntryPoint\",\"urlTemplate\":\"https:\/\/luggagehero.com\/de\/?s={search_term_string}\"},\"query-input\":{\"@type\":\"PropertyValueSpecification\",\"valueRequired\":true,\"valueName\":\"search_term_string\"}}],\"inLanguage\":\"de-DE\"},{\"@type\":\"Organization\",\"@id\":\"https:\/\/luggagehero.com\/de\/#organization\",\"name\":\"LuggageHero\",\"url\":\"https:\/\/luggagehero.com\/de\/\",\"logo\":{\"@type\":\"ImageObject\",\"inLanguage\":\"de-DE\",\"@id\":\"https:\/\/luggagehero.com\/de\/#\/schema\/logo\/image\/\",\"url\":\"https:\/\/luggagehero.com\/wp-content\/uploads\/2017\/04\/luggagehero_LOGO-RGB_kort_POS_200x200.png\",\"contentUrl\":\"https:\/\/luggagehero.com\/wp-content\/uploads\/2017\/04\/luggagehero_LOGO-RGB_kort_POS_200x200.png\",\"width\":200,\"height\":200,\"caption\":\"LuggageHero\"},\"image\":{\"@id\":\"https:\/\/luggagehero.com\/de\/#\/schema\/logo\/image\/\"},\"sameAs\":[\"https:\/\/www.facebook.com\/luggagehero\",\"https:\/\/x.com\/luggagehero\",\"https:\/\/www.instagram.com\/luggagehero\",\"https:\/\/www.linkedin.com\/company\/luggagehero\/\"]}]}<\/script>\n<!-- \/ Yoast SEO Premium plugin. -->","yoast_head_json":{"title":"Hamburg - LuggageHero","robots":{"index":"index","follow":"follow","max-snippet":"max-snippet:-1","max-image-preview":"max-image-preview:large","max-video-preview":"max-video-preview:-1"},"canonical":"https:\/\/luggagehero.com\/de\/hamburg\/","og_locale":"de_DE","og_type":"article","og_title":"Hamburg","og_description":"Sie brauchen nicht mehr nach Schlie\u00dff\u00e4chern zu suchen, in denen Sie Ihr Gep\u00e4ck aufbewahren k\u00f6nnen. Wenn Sie das n\u00e4chste Mal in Hamburg sind, denken Sie daran, dass LuggageHero die passende L\u00f6sung bietet! Geben Sie Ihr Gep\u00e4ck in einem der \u00fcber 30 lokalen Shops von LuggageHero ab, die sich in der N\u00e4he wichtiger Verkehrsknotenpunkte und beliebter [&hellip;]","og_url":"https:\/\/luggagehero.com\/de\/hamburg\/","og_site_name":"LuggageHero","article_publisher":"https:\/\/www.facebook.com\/luggagehero","article_modified_time":"2022-09-19T08:59:02+00:00","og_image":[{"width":800,"height":533,"url":"https:\/\/luggagehero.com\/wp-content\/uploads\/2019\/09\/shutterstock_1181662084-800x533.jpg","type":"image\/jpeg"}],"twitter_card":"summary_large_image","twitter_site":"@luggagehero","twitter_misc":{"Est. reading time":"4 minutes"},"schema":{"@context":"https:\/\/schema.org","@graph":[{"@type":"WebPage","@id":"https:\/\/luggagehero.com\/de\/hamburg\/","url":"https:\/\/luggagehero.com\/de\/hamburg\/","name":"Hamburg - LuggageHero","isPartOf":{"@id":"https:\/\/luggagehero.com\/de\/#website"},"primaryImageOfPage":{"@id":"https:\/\/luggagehero.com\/de\/hamburg\/#primaryimage"},"image":{"@id":"https:\/\/luggagehero.com\/de\/hamburg\/#primaryimage"},"thumbnailUrl":"https:\/\/luggagehero.com\/wp-content\/uploads\/2019\/09\/shutterstock_1181662084.jpg","datePublished":"2019-08-08T21:10:46+00:00","dateModified":"2022-09-19T08:59:02+00:00","breadcrumb":{"@id":"https:\/\/luggagehero.com\/de\/hamburg\/#breadcrumb"},"inLanguage":"de-DE","potentialAction":[{"@type":"ReadAction","target":["https:\/\/luggagehero.com\/de\/hamburg\/"]}]},{"@type":"ImageObject","inLanguage":"de-DE","@id":"https:\/\/luggagehero.com\/de\/hamburg\/#primaryimage","url":"https:\/\/luggagehero.com\/wp-content\/uploads\/2019\/09\/shutterstock_1181662084.jpg","contentUrl":"https:\/\/luggagehero.com\/wp-content\/uploads\/2019\/09\/shutterstock_1181662084.jpg","width":5472,"height":3648},{"@type":"BreadcrumbList","@id":"https:\/\/luggagehero.com\/de\/hamburg\/#breadcrumb","itemListElement":[{"@type":"ListItem","position":1,"name":"Home","item":"https:\/\/luggagehero.com\/de\/"},{"@type":"ListItem","position":2,"name":"Hamburg"}]},{"@type":"WebSite","@id":"https:\/\/luggagehero.com\/de\/#website","url":"https:\/\/luggagehero.com\/de\/","name":"LuggageHero","description":"Free yourself from luggage","publisher":{"@id":"https:\/\/luggagehero.com\/de\/#organization"},"potentialAction":[{"@type":"SearchAction","target":{"@type":"EntryPoint","urlTemplate":"https:\/\/luggagehero.com\/de\/?s={search_term_string}"},"query-input":{"@type":"PropertyValueSpecification","valueRequired":true,"valueName":"search_term_string"}}],"inLanguage":"de-DE"},{"@type":"Organization","@id":"https:\/\/luggagehero.com\/de\/#organization","name":"LuggageHero","url":"https:\/\/luggagehero.com\/de\/","logo":{"@type":"ImageObject","inLanguage":"de-DE","@id":"https:\/\/luggagehero.com\/de\/#\/schema\/logo\/image\/","url":"https:\/\/luggagehero.com\/wp-content\/uploads\/2017\/04\/luggagehero_LOGO-RGB_kort_POS_200x200.png","contentUrl":"https:\/\/luggagehero.com\/wp-content\/uploads\/2017\/04\/luggagehero_LOGO-RGB_kort_POS_200x200.png","width":200,"height":200,"caption":"LuggageHero"},"image":{"@id":"https:\/\/luggagehero.com\/de\/#\/schema\/logo\/image\/"},"sameAs":["https:\/\/www.facebook.com\/luggagehero","https:\/\/x.com\/luggagehero","https:\/\/www.instagram.com\/luggagehero","https:\/\/www.linkedin.com\/company\/luggagehero\/"]}]}},"place_id":"","place_latitude_longitude":"53.551086, 9.993682","place_name":"Hamburg Hbf","criteria_title":"Gep\u00e4ckaufbewahrung an +30 Standorten in der Umgebung von [location]","criteria_description":"Lagern Sie Ihr Gep\u00e4ck ab 1 \u20ac pro Stunde in einem lokalen Gesch\u00e4ft","meta_title":"Gep\u00e4ckaufbewahrung [location] - +30 Standorte - rund um die Uhr an sieben Tagen der Woche - Ab 1 \u20ac \/ Stunde","meta_description":"Nutzen Sie heute das gr\u00f6\u00dfte Gep\u00e4ckaufbewahrungsnetzwerk in [location]. +30 Shops verf\u00fcgbar in [location]. 7 Tage die Woche, rund um die Uhr. 2500 \u20ac - Versicherungsdeckung. Inklusive Sicherheitssiegel.","children_criteria_title":"Gep\u00e4ckaufbewahrung [location]","children_criteria_description":"Wir haben f\u00fcr + 1 Million Stunden Gep\u00e4ck aufbewahrt!","children_meta_title":"Gep\u00e4ckaufbewahrung [location] - 7 Tage die Woche  - ab 1 \u20ac pro Stunde","children_meta_description":"Praktischer und g\u00fcnstiger Gep\u00e4ckaufbewahrungsservice in der N\u00e4he von [location]. Ab 1 \u20ac pro Stunde. 2500 \u20ac - Versicherungsdeckung inkl. Sicherungssiegel f\u00fcr jedes Gep\u00e4ckst\u00fcck. Buchen Sie online.","_edit_last":"9","use_global_content":"","poi_type":"","content_raw":"Sie brauchen nicht mehr nach Schlie\u00dff\u00e4chern zu suchen, in denen Sie Ihr Gep\u00e4ck aufbewahren k\u00f6nnen. Wenn Sie das n\u00e4chste Mal in Hamburg sind, denken Sie daran, dass LuggageHero die passende L\u00f6sung bietet!\r\n\r\nGeben Sie Ihr Gep\u00e4ck in einem der \u00fcber 30 lokalen Shops von LuggageHero ab, die sich in der N\u00e4he wichtiger Verkehrsknotenpunkte und beliebter Stadtteile befinden. Die Shops befinden sich unter anderem an den folgenden Standorten<a href=\"https:\/\/luggagehero.com\/hamburg\/hamburg-central-station\/\"> Hamburg Hauptbahnhof<\/a>, <a href=\"https:\/\/luggagehero.com\/hamburg\/zentral-omnibus-station-zob\/\">Zentraler Omnibusbahnhof - ZOB<\/a>, <a href=\"https:\/\/luggagehero.com\/hamburg\/feldstrase-station\/\">U-Bahnstation Feldstra\u00dfe<\/a>, <a href=\"https:\/\/luggagehero.com\/hamburg\/sternschanze\/\">Hamburg-Sternschanze<\/a>, <a href=\"https:\/\/luggagehero.com\/hamburg\/holstenstrase-station\/\">Bahnhof Hamburg Holstenstra\u00dfe<\/a>, <a href=\"https:\/\/luggagehero.com\/hamburg\/mesberg-station\/\">U-Bahnstation Me\u00dfberg<\/a>, und in der Innenstadt von Hamburg.\r\n\r\nNehmen wir an, Sie kommen einige Stunden bevor Sie in Ihrer Unterkunft einchecken k\u00f6nnen am Flughafen Hamburg an und m\u00f6chten die Sehensw\u00fcrdigkeiten erkunden, ohne Ihr Gep\u00e4ck mitzunehmen. Vielleicht m\u00f6chten Sie das <a href=\"https:\/\/luggagehero.com\/hamburg\/panoptikum\/\">Panoptikum<\/a>, das <a href=\"https:\/\/luggagehero.com\/hamburg\/museum-of-hhistoric-modern-wax-figures\/\">Museum mit historischen und modernen Wachsfiguren <\/a>, oder die <a href=\"https:\/\/luggagehero.com\/hamburg\/kunsthalle-hamburg\/\">Kunsthalle Hamburg<\/a> besuchen oder die <a href=\"https:\/\/luggagehero.com\/hamburg\/reeperbahn\/\">Reeperbahn<\/a> entlang schlendern oder vielleicht ein Fu\u00dfballspiel im <a href=\"https:\/\/luggagehero.com\/hamburg\/millerntor-stadion\/\">Millerntor-Stadion<\/a> ansehen. Was auch immer Sie vorhaben, wir sind hier, um Sie von Ihrem Gep\u00e4ck zu befreien.\r\n\r\nGehen Sie einfach zur <a href=\"https:\/\/app.luggagehero.com\/home;location=Hamborg;lat=53,5510846;lon=9,993681899999956\">LuggageHero Buchungsplattform<\/a>, um einen praktischen Gep\u00e4ckaufbewahrungsort in einem Gesch\u00e4ft oder an einem anderen Ort zu finden - alle Standorte sind <a href=\"https:\/\/luggagehero.com\/about\/certified-shops\/\">von uns verifiziert<\/a>. Mithilfe unserer Karte k\u00f6nnen Sie die Gesch\u00e4fte in der N\u00e4he der Bahnh\u00f6fe oder Sehensw\u00fcrdigkeiten finden, die Sie besuchen, und Ihr Gep\u00e4ck dort aufbewahren.\r\n\r\n&nbsp;\r\n\r\n<img class=\"aligncenter wp-image-2267\" title=\"Geben Sie Ihr Gep\u00e4ck in London bei einem LuggageHero ab\" src=\"https:\/\/luggagehero.com\/wp-content\/uploads\/2017\/06\/LuggageHero_figur_fod-paa-kufferter-1-720x907.png\" alt=\"Geben Sie Ihr Gep\u00e4ck in London bei einem LuggageHero ab\" width=\"333\" height=\"420\" \/>\r\n\r\n&nbsp;\r\n\r\n&nbsp;\r\n\r\n<strong>Sie zahlen pro Stunde - im Gegensatz zu anderen Gep\u00e4ckaufbewahrungsdiensten!<\/strong>\r\n\r\nWir bieten einen schnellen, bequemen und kosteng\u00fcnstigen Service.\r\n\r\nIm Gegensatz zu den meisten anderen Gep\u00e4ckaufbewahrungsdiensten, bei denen Sie f\u00fcr den kompletten Tag bezahlen m\u00fcssen, stellt LuggageHero nur die genutzten Stunden [pricing hourlyrate] in Rechnung. Wenn Sie Ihr Gep\u00e4ck den ganzen Tag oder l\u00e4nger aufbewahren m\u00f6chten, bieten wir Ihnen einen g\u00fcnstigen H\u00f6chstbetrag pro Tag in H\u00f6he von [pricing firstdaymax] an.\r\n\r\n&nbsp;\r\n\r\n<strong>Wir freuen uns auf Sie <\/strong>\r\n\r\nIhre Sicherheit ist unsere Priorit\u00e4t. Aus diesem Grund werden alle unsere Shops in Hamburg von LuggageHero-Mitarbeitern \u00fcberpr\u00fcft und zertifiziert. Dar\u00fcber hinaus versiegeln wir jedes Gep\u00e4ckst\u00fcck, um die Manipulationssicherheit zu gew\u00e4hrleisten. Au\u00dferdem ist jedes Gep\u00e4ckst\u00fcck und dessen Inhalt bis zu [pricing insurancecoverage] versichert. Wenn Sie mit jemandn bei LuggageHero sprechen m\u00f6chten, sind wir \u00fcber unser Online-Chat-System rund um die Uhr f\u00fcr Sie da.\r\n\r\n<strong>Sind Sie bereit, Ihr Gep\u00e4ck an einem unserer vielen Standorte in Hamburg abzugeben?<\/strong>\r\n\r\nFinden Sie den perfekten Gep\u00e4ckaufbewahrungsort und w\u00e4hlen Sie aus mehr als <strong>3<\/strong><strong>0 Standorten in Hamburg!<\/strong>\r\n<h4><\/h4>\r\n<h4 style=\"text-align: left;\">Sicherheit<\/h4>\r\nWir <a href=\"https:\/\/luggagehero.com\/about\/certified-shops\/\">zertifizieren<\/a> und schulen die Betreiber aller unserer Luggage-Hero-Standorte in Hamburg in Bezug auf den sicheren Umgang mit Ihrem Gep\u00e4ck.\r\n\r\nAlle unsere Shops in Hamburg wurden von einem LuggageHero-Mitarbeiter \u00fcberpr\u00fcft. Dar\u00fcber hinaus werden regelm\u00e4\u00dfig Qualit\u00e4tskontrollen durchgef\u00fchrt, um sicherzustellen, dass das Gep\u00e4ck der Kunden auf sichere Weise aufbewahrt wird.\r\n\r\nAu\u00dferdem werden alle Gep\u00e4ckst\u00fccke mit <a href=\"https:\/\/luggagehero.com\/about\/security-seal\/\"><strong>Sicherheitssiegeln<\/strong><\/a> versehen. Diese werden Ihnen bei Ihrer Ankunft im Shop zur Verf\u00fcgung gestellt, damit niemand Zugriff auf Ihr Gep\u00e4ck hat.\r\n\r\nAu\u00dferdem ist jedes Gep\u00e4ckst\u00fcck und dessen Inhalt bis zu [pricing insurancecoverage].\r\n\r\nversichert. Wenn Sie Hilfe ben\u00f6tigen, ist der Online-Chat-Support rund um die Uhr f\u00fcr Sie da.\r\n<h4><\/h4>\r\n<h4 style=\"text-align: left;\">Buchen Sie risikofrei<\/h4>\r\nWir m\u00f6chten Ihre Reisen so reibungslos und einfach wie m\u00f6glich gestalten und deshalb legen wir Wert darauf, dass <strong>KEINE GEB\u00dcHREN erhoben werden<\/strong> bis Sie Ihr Gep\u00e4ck abgegeben haben.\r\n\r\nNutzen Sie unseren Online-Buchungsservice, um ein Gep\u00e4ckaufbewahrungsort in Ihrer N\u00e4he in Hamburg auszuw\u00e4hlen, der am besten zu Ihrem Zeitplan passt. Sie k\u00f6nnen entweder bei der Ankunft im Gesch\u00e4ft oder online im Voraus buchen, um Ihren Platz zu sichern. Wenn Sie im Voraus buchen, ist Ihnen ein Platz f\u00fcr Ihr Gep\u00e4ck garantiert.\r\n\r\nWir wissen jedoch, dass sich Pl\u00e4ne manchmal \u00e4ndern, insbesondere wenn man unterwegs ist. Es wird keine Geb\u00fchr berechnet, wenn Sie nicht erscheinen. Nada. Null. Nichts. Gar nichts. Niente. Und nein, Sie m\u00fcssen nicht einmal stornieren!\r\n<h4>Wegweiser zur Gep\u00e4ckaufbewahrung in Hamburg<\/h4>\r\nLuggageHero hat einen Wegweiser und eine Karte mit Gep\u00e4ckaufbewahrungsorten f\u00fcr die wundersch\u00f6ne Stadt Hamburg zusammengestellt - klicken Sie den folgenden Link an, um zu sehen, wo und wie Sie Ihr Gep\u00e4ck in Hamburg abgeben k\u00f6nnen: <a href=\"https:\/\/luggagehero.com\/find-luggage-storage-hamburg\/\">https:\/\/luggagehero.com\/find-luggage-storage-hamburg\/<\/a>\r\n\r\n&nbsp;","_links":{"self":[{"href":"https:\/\/luggagehero.com\/de\/wp-json\/wp\/v2\/pages\/8726","targetHints":{"allow":["GET"]}}],"collection":[{"href":"https:\/\/luggagehero.com\/de\/wp-json\/wp\/v2\/pages"}],"about":[{"href":"https:\/\/luggagehero.com\/de\/wp-json\/wp\/v2\/types\/page"}],"author":[{"embeddable":true,"href":"https:\/\/luggagehero.com\/de\/wp-json\/wp\/v2\/users\/9"}],"replies":[{"embeddable":true,"href":"https:\/\/luggagehero.com\/de\/wp-json\/wp\/v2\/comments?post=8726"}],"version-history":[{"count":0,"href":"https:\/\/luggagehero.com\/de\/wp-json\/wp\/v2\/pages\/8726\/revisions"}],"wp:featuredmedia":[{"embeddable":true,"href":"https:\/\/luggagehero.com\/de\/wp-json\/wp\/v2\/media\/9762"}],"wp:attachment":[{"href":"https:\/\/luggagehero.com\/de\/wp-json\/wp\/v2\/media?parent=8726"}],"curies":[{"name":"wp","href":"https:\/\/api.w.org\/{rel}","templated":true}]}}