{"id":11359,"date":"2019-11-05T12:09:55","date_gmt":"2019-11-05T12:09:55","guid":{"rendered":"https:\/\/luggagehero.com\/paris\/"},"modified":"2023-02-22T08:07:26","modified_gmt":"2023-02-22T08:07:26","slug":"paris","status":"publish","type":"page","link":"https:\/\/luggagehero.com\/es\/paris\/","title":{"rendered":"Par\u00eds"},"content":{"rendered":"<h3><b>Nuestro servicio es parecido a la consigna de equipaje de los hoteles<\/b><\/h3>\n<p><span style=\"font-weight: 400;\">Muchos viajeros, cuando se alojan en un hotel, piden al personal de la recepci\u00f3n que les guarden sus maletas unas horas hasta que se marchen de la ciudad. Nosotros te ofrecemos m\u00e1s o menos el mismo servicio, pero a todo el mundo: a aquellos que se hayan alojado en un hotel, en un Airbnb o en cualquier otra parte. Siempre estamos, y estaremos, a tu disposici\u00f3n.\u00a0 <\/span><\/p>\n<p><span style=\"font-weight: 400;\">Guarda tus maletas con la red de comercios de LuggageHero en\u00a0 Par\u00eds.<\/span><\/p>\n<youtube-embed class=\"youtube-embed\" yt-id=\"JQHjUFfd_TQ\"><\/youtube-embed>\n<p><span style=\"font-weight: 400;\">\u00a1Guardar tus maletas nunca hab\u00eda sido tan sencillo! Solo tienes que ir a la plataforma de reservas de LuggageHero para encontrar un sitio pr\u00e1ctico en el que dejar el equipaje en una tienda u otros negocios, todos ellos <\/span><a href=\"https:\/\/luggagehero.com\/about\/certified-shops\/\"><span style=\"font-weight: 400;\">comprobados previamente por nosotros<\/span><\/a><span style=\"font-weight: 400;\">. Gracias a nuestro mapa, podr\u00e1s localizar las tiendas m\u00e1s cercanas a los puntos de transporte y las principales atracciones tur\u00edsticas donde podr\u00e1s guardar tus maletas.<\/span><\/p>\n<p><img loading=\"lazy\" decoding=\"async\" class=\"aligncenter size-medium wp-image-10290\" src=\"https:\/\/luggagehero.com\/wp-content\/uploads\/2019\/10\/LuggageHero_figur_fod-paa-kufferter-1-720x907-1-300x378.png\" alt=\"LuggageHero resuelve tus dudas sobre la consigna de equipaje\" width=\"300\" height=\"378\" srcset=\"https:\/\/luggagehero.com\/wp-content\/uploads\/2019\/10\/LuggageHero_figur_fod-paa-kufferter-1-720x907-1-300x378.png 300w, https:\/\/luggagehero.com\/wp-content\/uploads\/2019\/10\/LuggageHero_figur_fod-paa-kufferter-1-720x907-1-600x756.png 600w, https:\/\/luggagehero.com\/wp-content\/uploads\/2019\/10\/LuggageHero_figur_fod-paa-kufferter-1-720x907-1.png 720w\" sizes=\"auto, (max-width: 300px) 100vw, 300px\" \/><\/p>\n<p>\u00a0<\/p>\n<p><b>Vales de descuento:<\/b>\u00a0<a href=\"https:\/\/luggagehero.com\/discount-code\/\"> <b>Haz clic aqu\u00ed<\/b><\/a><b> para ver si hay alguno disponible en estos momentos en <\/b><span style=\"font-weight: 400;\">Par\u00eds<\/span><b>.<\/b><\/p>\n<h3><strong>Descubre cu\u00e1les son algunas de nuestras ubicaciones en Par\u00eds:<\/strong><\/h3>\n<ul class=\"sub-menu\">\n<li><a href=\"https:\/\/luggagehero.com\/paris\/notre-dame-saint-michel\/?utm_source=luggagestorage.paris&amp;utm_medium=Microsite\">Notre-Dame \u2013 Saint Michel<\/a><\/li>\n<li><a href=\"https:\/\/luggagehero.com\/paris\/chatalet-les-halles\/?utm_source=luggagestorage.paris&amp;utm_medium=Microsite\">Ch\u00e2telet\u2013Les Halles<\/a><\/li>\n<li><a href=\"https:\/\/luggagehero.com\/paris\/gare-saint-lazare\/?utm_source=luggagestorage.paris&amp;utm_medium=Microsite\">Gare Saint-Lazare<\/a><\/li>\n<li><a href=\"https:\/\/luggagehero.com\/paris\/gare-montparnasse\/?utm_source=luggagestorage.paris&amp;utm_medium=Microsite\">Montparnasse<\/a><\/li>\n<li><a href=\"https:\/\/luggagehero.com\/paris\/gare-de-lyon\/?utm_source=luggagestorage.paris&amp;utm_medium=Microsite\">Gare de Lyon<\/a><\/li>\n<li><a href=\"https:\/\/luggagehero.com\/paris\/gare-de-lest\/?utm_source=luggagestorage.paris&amp;utm_medium=Microsite\">Gare de l\u2019Est<\/a><\/li>\n<li><a href=\"https:\/\/luggagehero.com\/paris\/eiffel-tower\/?utm_source=luggagestorage.paris&amp;utm_medium=Microsite\">La Torre Eiffel<\/a><\/li>\n<li><a href=\"https:\/\/luggagehero.com\/paris\/louvre\/?utm_source=luggagestorage.paris&amp;utm_medium=Microsite\">Museo del Louvre<\/a><\/li>\n<li><a href=\"https:\/\/luggagehero.com\/paris\/le-parc-des-princes\/\">Estadio Parc des Princes<\/a><\/li>\n<\/ul>\n<h3><strong><b data-stringify-type=\"bold\">2026<\/b> Gu\u00eda: Consigna de equipaje en Par\u00eds<\/strong><\/h3>\n<p>Las normas y los reglamentos pueden resultar confusos y hacerte dudar de d\u00f3nde puedes guardar tus maletas en la ciudad que visites. Puede que no sepas d\u00f3nde puedes almacenar tu equipaje en Par\u00eds. Por ello, desde LuggageHero, estaremos encantados de ayudarte y resolver cualquier duda que tengas. Tan solo tienes que hacer clic en la opci\u00f3n de <a href=\"https:\/\/luggagehero.com\/luggage-storage-guide\/paris\/\" target=\"_blank\" rel=\"noopener noreferrer\">b\u00fasqueda de consigna de equipaje y taquillas en Par\u00eds<\/a> y encontrar\u00e1s r\u00e1pidamente toda la informaci\u00f3n que necesitas para tu viaje. Adem\u00e1s, si necesitas ideas sobre qu\u00e9 puedes visitar en Par\u00eds, te recomendamos que eches un vistazo a los mejores blogs de viaje sobre Par\u00eds de 2020. Haz clic <a href=\"https:\/\/luggagehero.com\/2020-best-travel-blogs-paris-awards\/\">aqu\u00ed<\/a> para descubrir el blog ganador y leer una breve descripci\u00f3n sobre los mismos.<\/p>\n<p>Para los amantes de los viajes, recomendamos nuestra gu\u00eda con las rutas para conocer todo lo bueno que ofrece Par\u00eds\u00a0<a href=\"https:\/\/luggagestorage.paris\/\">aqu\u00ed<\/a>.<\/p>\n<p>Descubre por qu\u00e9\u00a0<a href=\"https:\/\/knockknock.city\/luggage-storage\/paris\/\">KnockKnock<\/a>\u00a0y\u00a0<a href=\"https:\/\/paris.luggagestorage.info\/\">Luggagestore.com<\/a>\u00a0recomiendan guardar tus maletas con LuggageHero.\u00a0\u00a0Tambi\u00e9n han hablado de nosotros en <a href=\"https:\/\/www.nytimes.com\/2018\/03\/02\/travel\/getaway-luggage-storage.html\">The New York Times<\/a>, <a href=\"https:\/\/www.lonelyplanet.com\/articles\/drop-your-luggage-off-to-be-minded\">Lonely Planet<\/a> y <a href=\"https:\/\/www.cnbc.com\/2019\/03\/31\/luggage-storage-apps-can-solve-the-where-do-i-stash-my-bags-problem.html\">CNBC<\/a>.<\/p>\n<p><img loading=\"lazy\" decoding=\"async\" class=\" wp-image-46649 aligncenter\" src=\"https:\/\/luggagehero.com\/wp-content\/uploads\/2022\/06\/Fascinerende-Udsigtspunkter-i-Paris-Trocadero-Pladsen-Rejs-Dig-Lykkelig-300x200.jpg\" alt=\"\" width=\"740\" height=\"494\" srcset=\"https:\/\/luggagehero.com\/wp-content\/uploads\/2022\/06\/Fascinerende-Udsigtspunkter-i-Paris-Trocadero-Pladsen-Rejs-Dig-Lykkelig-300x200.jpg 300w, https:\/\/luggagehero.com\/wp-content\/uploads\/2022\/06\/Fascinerende-Udsigtspunkter-i-Paris-Trocadero-Pladsen-Rejs-Dig-Lykkelig-800x533.jpg 800w, https:\/\/luggagehero.com\/wp-content\/uploads\/2022\/06\/Fascinerende-Udsigtspunkter-i-Paris-Trocadero-Pladsen-Rejs-Dig-Lykkelig-600x400.jpg 600w, https:\/\/luggagehero.com\/wp-content\/uploads\/2022\/06\/Fascinerende-Udsigtspunkter-i-Paris-Trocadero-Pladsen-Rejs-Dig-Lykkelig-1536x1024.jpg 1536w, https:\/\/luggagehero.com\/wp-content\/uploads\/2022\/06\/Fascinerende-Udsigtspunkter-i-Paris-Trocadero-Pladsen-Rejs-Dig-Lykkelig.jpg 1800w\" sizes=\"auto, (max-width: 740px) 100vw, 740px\" \/><\/p>\n","protected":false},"excerpt":{"rendered":"<p>Nuestro servicio es parecido a la consigna de equipaje de los hoteles Muchos viajeros, cuando se alojan en un hotel, piden al personal de la recepci\u00f3n que les guarden sus maletas unas horas hasta que se marchen de la ciudad. Nosotros te ofrecemos m\u00e1s o menos el mismo servicio, pero a todo el mundo: a [&hellip;]<\/p>\n","protected":false},"author":9,"featured_media":42576,"parent":0,"menu_order":0,"comment_status":"closed","ping_status":"closed","template":"template-location.php","meta":{"_acf_changed":false,"footnotes":""},"class_list":["post-11359","page","type-page","status-publish","has-post-thumbnail","hentry"],"acf":[],"yoast_head":"<!-- This site is optimized with the Yoast SEO Premium plugin v27.0 (Yoast SEO v27.0) - https:\/\/yoast.com\/product\/yoast-seo-premium-wordpress\/ -->\n<title>Consigna de equipaje en Par\u00eds | Tan solo 1\u00a0\u20ac\/hora<\/title>\n<meta name=\"description\" content=\"Consigna de equipaje barata y f\u00e1cil en Par\u00eds. M\u00e1s de 40\u00a0establecimientos disponibles en Par\u00eds. Abierto las 24\u00a0horas \u2013 7\u00a0d\u00edas a la semana. Seguro de 2500\u00a0\u20ac opcional. Para que tan solo tengas que disfrutar de la ciudad.\" \/>\n<meta name=\"robots\" content=\"index, follow, max-snippet:-1, max-image-preview:large, max-video-preview:-1\" \/>\n<link rel=\"canonical\" href=\"https:\/\/luggagehero.com\/es\/paris\/\" \/>\n<meta property=\"og:locale\" content=\"es_ES\" \/>\n<meta property=\"og:type\" content=\"article\" \/>\n<meta property=\"og:title\" content=\"Par\u00eds\" \/>\n<meta property=\"og:description\" content=\"Consigna de equipaje barata y f\u00e1cil en Par\u00eds. M\u00e1s de 40\u00a0establecimientos disponibles en Par\u00eds. Abierto las 24\u00a0horas \u2013 7\u00a0d\u00edas a la semana. Seguro de 2500\u00a0\u20ac opcional. Para que tan solo tengas que disfrutar de la ciudad.\" \/>\n<meta property=\"og:url\" content=\"https:\/\/luggagehero.com\/es\/paris\/\" \/>\n<meta property=\"og:site_name\" content=\"LuggageHero\" \/>\n<meta property=\"article:publisher\" content=\"https:\/\/www.facebook.com\/luggagehero\" \/>\n<meta property=\"article:modified_time\" content=\"2023-02-22T08:07:26+00:00\" \/>\n<meta property=\"og:image\" content=\"https:\/\/luggagehero.com\/wp-content\/uploads\/2022\/02\/1B96450A-6B76-4133-9917-4911459915C8.jpeg\" \/>\n\t<meta property=\"og:image:width\" content=\"1000\" \/>\n\t<meta property=\"og:image:height\" content=\"665\" \/>\n\t<meta property=\"og:image:type\" content=\"image\/jpeg\" \/>\n<meta name=\"twitter:card\" content=\"summary_large_image\" \/>\n<meta name=\"twitter:site\" content=\"@luggagehero\" \/>\n<meta name=\"twitter:label1\" content=\"Est. reading time\" \/>\n\t<meta name=\"twitter:data1\" content=\"8 minutes\" \/>\n<script type=\"application\/ld+json\" class=\"yoast-schema-graph\">{\"@context\":\"https:\/\/schema.org\",\"@graph\":[{\"@type\":\"WebPage\",\"@id\":\"https:\/\/luggagehero.com\/es\/paris\/\",\"url\":\"https:\/\/luggagehero.com\/es\/paris\/\",\"name\":\"Consigna de equipaje en Par\u00eds | Tan solo 1\u00a0\u20ac\/hora\",\"isPartOf\":{\"@id\":\"https:\/\/luggagehero.com\/es\/#website\"},\"primaryImageOfPage\":{\"@id\":\"https:\/\/luggagehero.com\/es\/paris\/#primaryimage\"},\"image\":{\"@id\":\"https:\/\/luggagehero.com\/es\/paris\/#primaryimage\"},\"thumbnailUrl\":\"https:\/\/luggagehero.com\/wp-content\/uploads\/2022\/02\/1B96450A-6B76-4133-9917-4911459915C8.jpeg\",\"datePublished\":\"2019-11-05T12:09:55+00:00\",\"dateModified\":\"2023-02-22T08:07:26+00:00\",\"description\":\"Consigna de equipaje barata y f\u00e1cil en Par\u00eds. M\u00e1s de 40\u00a0establecimientos disponibles en Par\u00eds. Abierto las 24\u00a0horas \u2013 7\u00a0d\u00edas a la semana. Seguro de 2500\u00a0\u20ac opcional. Para que tan solo tengas que disfrutar de la ciudad.\",\"breadcrumb\":{\"@id\":\"https:\/\/luggagehero.com\/es\/paris\/#breadcrumb\"},\"inLanguage\":\"es-ES\",\"potentialAction\":[{\"@type\":\"ReadAction\",\"target\":[\"https:\/\/luggagehero.com\/es\/paris\/\"]}]},{\"@type\":\"ImageObject\",\"inLanguage\":\"es-ES\",\"@id\":\"https:\/\/luggagehero.com\/es\/paris\/#primaryimage\",\"url\":\"https:\/\/luggagehero.com\/wp-content\/uploads\/2022\/02\/1B96450A-6B76-4133-9917-4911459915C8.jpeg\",\"contentUrl\":\"https:\/\/luggagehero.com\/wp-content\/uploads\/2022\/02\/1B96450A-6B76-4133-9917-4911459915C8.jpeg\",\"width\":1000,\"height\":665},{\"@type\":\"BreadcrumbList\",\"@id\":\"https:\/\/luggagehero.com\/es\/paris\/#breadcrumb\",\"itemListElement\":[{\"@type\":\"ListItem\",\"position\":1,\"name\":\"Home\",\"item\":\"https:\/\/luggagehero.com\/es\/\"},{\"@type\":\"ListItem\",\"position\":2,\"name\":\"Par\u00eds\"}]},{\"@type\":\"WebSite\",\"@id\":\"https:\/\/luggagehero.com\/es\/#website\",\"url\":\"https:\/\/luggagehero.com\/es\/\",\"name\":\"LuggageHero\",\"description\":\"Free yourself from luggage\",\"publisher\":{\"@id\":\"https:\/\/luggagehero.com\/es\/#organization\"},\"potentialAction\":[{\"@type\":\"SearchAction\",\"target\":{\"@type\":\"EntryPoint\",\"urlTemplate\":\"https:\/\/luggagehero.com\/es\/?s={search_term_string}\"},\"query-input\":{\"@type\":\"PropertyValueSpecification\",\"valueRequired\":true,\"valueName\":\"search_term_string\"}}],\"inLanguage\":\"es-ES\"},{\"@type\":\"Organization\",\"@id\":\"https:\/\/luggagehero.com\/es\/#organization\",\"name\":\"LuggageHero\",\"url\":\"https:\/\/luggagehero.com\/es\/\",\"logo\":{\"@type\":\"ImageObject\",\"inLanguage\":\"es-ES\",\"@id\":\"https:\/\/luggagehero.com\/es\/#\/schema\/logo\/image\/\",\"url\":\"https:\/\/luggagehero.com\/wp-content\/uploads\/2017\/04\/luggagehero_LOGO-RGB_kort_POS_200x200.png\",\"contentUrl\":\"https:\/\/luggagehero.com\/wp-content\/uploads\/2017\/04\/luggagehero_LOGO-RGB_kort_POS_200x200.png\",\"width\":200,\"height\":200,\"caption\":\"LuggageHero\"},\"image\":{\"@id\":\"https:\/\/luggagehero.com\/es\/#\/schema\/logo\/image\/\"},\"sameAs\":[\"https:\/\/www.facebook.com\/luggagehero\",\"https:\/\/x.com\/luggagehero\",\"https:\/\/www.instagram.com\/luggagehero\",\"https:\/\/www.linkedin.com\/company\/luggagehero\/\"]}]}<\/script>\n<!-- \/ Yoast SEO Premium plugin. -->","yoast_head_json":{"title":"Consigna de equipaje en Par\u00eds | Tan solo 1\u00a0\u20ac\/hora","description":"Consigna de equipaje barata y f\u00e1cil en Par\u00eds. M\u00e1s de 40\u00a0establecimientos disponibles en Par\u00eds. Abierto las 24\u00a0horas \u2013 7\u00a0d\u00edas a la semana. Seguro de 2500\u00a0\u20ac opcional. Para que tan solo tengas que disfrutar de la ciudad.","robots":{"index":"index","follow":"follow","max-snippet":"max-snippet:-1","max-image-preview":"max-image-preview:large","max-video-preview":"max-video-preview:-1"},"canonical":"https:\/\/luggagehero.com\/es\/paris\/","og_locale":"es_ES","og_type":"article","og_title":"Par\u00eds","og_description":"Consigna de equipaje barata y f\u00e1cil en Par\u00eds. M\u00e1s de 40\u00a0establecimientos disponibles en Par\u00eds. Abierto las 24\u00a0horas \u2013 7\u00a0d\u00edas a la semana. Seguro de 2500\u00a0\u20ac opcional. Para que tan solo tengas que disfrutar de la ciudad.","og_url":"https:\/\/luggagehero.com\/es\/paris\/","og_site_name":"LuggageHero","article_publisher":"https:\/\/www.facebook.com\/luggagehero","article_modified_time":"2023-02-22T08:07:26+00:00","og_image":[{"width":1000,"height":665,"url":"https:\/\/luggagehero.com\/wp-content\/uploads\/2022\/02\/1B96450A-6B76-4133-9917-4911459915C8.jpeg","type":"image\/jpeg"}],"twitter_card":"summary_large_image","twitter_site":"@luggagehero","twitter_misc":{"Est. reading time":"8 minutes"},"schema":{"@context":"https:\/\/schema.org","@graph":[{"@type":"WebPage","@id":"https:\/\/luggagehero.com\/es\/paris\/","url":"https:\/\/luggagehero.com\/es\/paris\/","name":"Consigna de equipaje en Par\u00eds | Tan solo 1\u00a0\u20ac\/hora","isPartOf":{"@id":"https:\/\/luggagehero.com\/es\/#website"},"primaryImageOfPage":{"@id":"https:\/\/luggagehero.com\/es\/paris\/#primaryimage"},"image":{"@id":"https:\/\/luggagehero.com\/es\/paris\/#primaryimage"},"thumbnailUrl":"https:\/\/luggagehero.com\/wp-content\/uploads\/2022\/02\/1B96450A-6B76-4133-9917-4911459915C8.jpeg","datePublished":"2019-11-05T12:09:55+00:00","dateModified":"2023-02-22T08:07:26+00:00","description":"Consigna de equipaje barata y f\u00e1cil en Par\u00eds. M\u00e1s de 40\u00a0establecimientos disponibles en Par\u00eds. Abierto las 24\u00a0horas \u2013 7\u00a0d\u00edas a la semana. Seguro de 2500\u00a0\u20ac opcional. Para que tan solo tengas que disfrutar de la ciudad.","breadcrumb":{"@id":"https:\/\/luggagehero.com\/es\/paris\/#breadcrumb"},"inLanguage":"es-ES","potentialAction":[{"@type":"ReadAction","target":["https:\/\/luggagehero.com\/es\/paris\/"]}]},{"@type":"ImageObject","inLanguage":"es-ES","@id":"https:\/\/luggagehero.com\/es\/paris\/#primaryimage","url":"https:\/\/luggagehero.com\/wp-content\/uploads\/2022\/02\/1B96450A-6B76-4133-9917-4911459915C8.jpeg","contentUrl":"https:\/\/luggagehero.com\/wp-content\/uploads\/2022\/02\/1B96450A-6B76-4133-9917-4911459915C8.jpeg","width":1000,"height":665},{"@type":"BreadcrumbList","@id":"https:\/\/luggagehero.com\/es\/paris\/#breadcrumb","itemListElement":[{"@type":"ListItem","position":1,"name":"Home","item":"https:\/\/luggagehero.com\/es\/"},{"@type":"ListItem","position":2,"name":"Par\u00eds"}]},{"@type":"WebSite","@id":"https:\/\/luggagehero.com\/es\/#website","url":"https:\/\/luggagehero.com\/es\/","name":"LuggageHero","description":"Free yourself from luggage","publisher":{"@id":"https:\/\/luggagehero.com\/es\/#organization"},"potentialAction":[{"@type":"SearchAction","target":{"@type":"EntryPoint","urlTemplate":"https:\/\/luggagehero.com\/es\/?s={search_term_string}"},"query-input":{"@type":"PropertyValueSpecification","valueRequired":true,"valueName":"search_term_string"}}],"inLanguage":"es-ES"},{"@type":"Organization","@id":"https:\/\/luggagehero.com\/es\/#organization","name":"LuggageHero","url":"https:\/\/luggagehero.com\/es\/","logo":{"@type":"ImageObject","inLanguage":"es-ES","@id":"https:\/\/luggagehero.com\/es\/#\/schema\/logo\/image\/","url":"https:\/\/luggagehero.com\/wp-content\/uploads\/2017\/04\/luggagehero_LOGO-RGB_kort_POS_200x200.png","contentUrl":"https:\/\/luggagehero.com\/wp-content\/uploads\/2017\/04\/luggagehero_LOGO-RGB_kort_POS_200x200.png","width":200,"height":200,"caption":"LuggageHero"},"image":{"@id":"https:\/\/luggagehero.com\/es\/#\/schema\/logo\/image\/"},"sameAs":["https:\/\/www.facebook.com\/luggagehero","https:\/\/x.com\/luggagehero","https:\/\/www.instagram.com\/luggagehero","https:\/\/www.linkedin.com\/company\/luggagehero\/"]}]}},"place_id":"","place_latitude_longitude":"48.8809,2.3552","place_name":"Par\u00eds","criteria_title":"Consigna de equipaje en m\u00e1s de 40\u00a0ubicaciones alrededor de [location]","criteria_description":"La \u00fanica consigna de equipaje con tarifas diarias y por hora en [location]\n","meta_title":"Consigna de equipaje [location] \u2013 M\u00e1s de 40\u00a0ubicaciones \u2013 Disponible las 24\u00a0horas, los 7\u00a0d\u00edas de la semana \u2013 A partir de [pricingfixed hourlyrate]\u00a0\u20ac\/hora o tarifas diarias","meta_description":"La \u00fanica consigna de equipaje con tarifas diarias y por hora en [location]. 40\u00a0establecimientos, abiertos todos los d\u00edas las 24\u00a0horas, con seguro y precinto de seguridad \n","children_criteria_title":"Consigna de equipaje en [location]","children_criteria_description":"La \u00fanica consigna de equipaje con tarifas diarias y por hora en [location] \n","children_meta_title":"Consigna de equipaje y taquillas en [location]: un servicio sencillo y pr\u00e1ctico","children_meta_description":"El \u00fanico servicio con tarifas diarias y por hora para mayor flexibilidad. Disponible en m\u00e1s de 40\u00a0establecimiento de Par\u00eds cerca de ti. Desde [pricingfixed hourlyrate]\/hora. Paga f\u00e1cilmente.","_edit_last":"9","use_global_content":"","poi_type":"","content_raw":"<h3><b>Nuestro servicio es parecido a la consigna de equipaje de los hoteles<\/b><\/h3>\n<span style=\"font-weight: 400;\">Muchos viajeros, cuando se alojan en un hotel, piden al personal de la recepci\u00f3n que les guarden sus maletas unas horas hasta que se marchen de la ciudad. Nosotros te ofrecemos m\u00e1s o menos el mismo servicio, pero a todo el mundo: a aquellos que se hayan alojado en un hotel, en un Airbnb o en cualquier otra parte. Siempre estamos, y estaremos, a tu disposici\u00f3n.\u00a0 <\/span>\n\n<span style=\"font-weight: 400;\">Guarda tus maletas con la red de comercios de LuggageHero en\u00a0 [location].<\/span>\n\n[youtube-embed id=JQHjUFfd_TQ]\n\n<span style=\"font-weight: 400;\">\u00a1Guardar tus maletas nunca hab\u00eda sido tan sencillo! Solo tienes que ir a la plataforma de reservas de LuggageHero para encontrar un sitio pr\u00e1ctico en el que dejar el equipaje en una tienda u otros negocios, todos ellos <\/span><a href=\"https:\/\/luggagehero.com\/about\/certified-shops\/\"><span style=\"font-weight: 400;\">comprobados previamente por nosotros<\/span><\/a><span style=\"font-weight: 400;\">. Gracias a nuestro mapa, podr\u00e1s localizar las tiendas m\u00e1s cercanas a los puntos de transporte y las principales atracciones tur\u00edsticas donde podr\u00e1s guardar tus maletas.<\/span>\n\n<img class=\"aligncenter size-medium wp-image-10290\" src=\"https:\/\/luggagehero.com\/wp-content\/uploads\/2019\/10\/LuggageHero_figur_fod-paa-kufferter-1-720x907-1-300x378.png\" alt=\"LuggageHero resuelve tus dudas sobre la consigna de equipaje\" width=\"300\" height=\"378\" \/>\n\n\u00a0\n\n<b>Vales de descuento:<\/b>\u00a0<a href=\"https:\/\/luggagehero.com\/discount-code\/\"> <b>Haz clic aqu\u00ed<\/b><\/a><b> para ver si hay alguno disponible en estos momentos en <\/b><span style=\"font-weight: 400;\">[location]<\/span><b>.<\/b>\n<h3><strong>Descubre cu\u00e1les son algunas de nuestras ubicaciones en Par\u00eds:<\/strong><\/h3>\n<ul class=\"sub-menu\">\n \t<li><a href=\"https:\/\/luggagehero.com\/paris\/notre-dame-saint-michel\/?utm_source=luggagestorage.paris&amp;utm_medium=Microsite\">Notre-Dame \u2013 Saint Michel<\/a><\/li>\n \t<li><a href=\"https:\/\/luggagehero.com\/paris\/chatalet-les-halles\/?utm_source=luggagestorage.paris&amp;utm_medium=Microsite\">Ch\u00e2telet\u2013Les Halles<\/a><\/li>\n \t<li><a href=\"https:\/\/luggagehero.com\/paris\/gare-saint-lazare\/?utm_source=luggagestorage.paris&amp;utm_medium=Microsite\">Gare Saint-Lazare<\/a><\/li>\n \t<li><a href=\"https:\/\/luggagehero.com\/paris\/gare-montparnasse\/?utm_source=luggagestorage.paris&amp;utm_medium=Microsite\">Montparnasse<\/a><\/li>\n \t<li><a href=\"https:\/\/luggagehero.com\/paris\/gare-de-lyon\/?utm_source=luggagestorage.paris&amp;utm_medium=Microsite\">Gare de Lyon<\/a><\/li>\n \t<li><a href=\"https:\/\/luggagehero.com\/paris\/gare-de-lest\/?utm_source=luggagestorage.paris&amp;utm_medium=Microsite\">Gare de l\u2019Est<\/a><\/li>\n \t<li><a href=\"https:\/\/luggagehero.com\/paris\/eiffel-tower\/?utm_source=luggagestorage.paris&amp;utm_medium=Microsite\">La Torre Eiffel<\/a><\/li>\n \t<li><a href=\"https:\/\/luggagehero.com\/paris\/louvre\/?utm_source=luggagestorage.paris&amp;utm_medium=Microsite\">Museo del Louvre<\/a><\/li>\n \t<li><a href=\"https:\/\/luggagehero.com\/paris\/le-parc-des-princes\/\">Estadio Parc des Princes<\/a><\/li>\n<\/ul>\n<h3><strong><b data-stringify-type=\"bold\">[year]<\/b> Gu\u00eda: Consigna de equipaje en Par\u00eds<\/strong><\/h3>\nLas normas y los reglamentos pueden resultar confusos y hacerte dudar de d\u00f3nde puedes guardar tus maletas en la ciudad que visites. Puede que no sepas d\u00f3nde puedes almacenar tu equipaje en Par\u00eds. Por ello, desde LuggageHero, estaremos encantados de ayudarte y resolver cualquier duda que tengas. Tan solo tienes que hacer clic en la opci\u00f3n de <a href=\"https:\/\/luggagehero.com\/luggage-storage-guide\/paris\/\" target=\"_blank\" rel=\"noopener noreferrer\">b\u00fasqueda de consigna de equipaje y taquillas en Par\u00eds<\/a> y encontrar\u00e1s r\u00e1pidamente toda la informaci\u00f3n que necesitas para tu viaje. Adem\u00e1s, si necesitas ideas sobre qu\u00e9 puedes visitar en Par\u00eds, te recomendamos que eches un vistazo a los mejores blogs de viaje sobre Par\u00eds de 2020. Haz clic <a href=\"https:\/\/luggagehero.com\/2020-best-travel-blogs-paris-awards\/\">aqu\u00ed<\/a> para descubrir el blog ganador y leer una breve descripci\u00f3n sobre los mismos.\n\nPara los amantes de los viajes, recomendamos nuestra gu\u00eda con las rutas para conocer todo lo bueno que ofrece Par\u00eds\u00a0<a href=\"https:\/\/luggagestorage.paris\/\">aqu\u00ed<\/a>.\n\nDescubre por qu\u00e9\u00a0<a href=\"https:\/\/knockknock.city\/luggage-storage\/paris\/\">KnockKnock<\/a>\u00a0y\u00a0<a href=\"https:\/\/paris.luggagestorage.info\/\">Luggagestore.com<\/a>\u00a0recomiendan guardar tus maletas con LuggageHero.\u00a0\u00a0Tambi\u00e9n han hablado de nosotros en <a href=\"https:\/\/www.nytimes.com\/2018\/03\/02\/travel\/getaway-luggage-storage.html\">The New York Times<\/a>, <a href=\"https:\/\/www.lonelyplanet.com\/articles\/drop-your-luggage-off-to-be-minded\">Lonely Planet<\/a> y <a href=\"https:\/\/www.cnbc.com\/2019\/03\/31\/luggage-storage-apps-can-solve-the-where-do-i-stash-my-bags-problem.html\">CNBC<\/a>.\n\n<img class=\" wp-image-46649 aligncenter\" src=\"https:\/\/luggagehero.com\/wp-content\/uploads\/2022\/06\/Fascinerende-Udsigtspunkter-i-Paris-Trocadero-Pladsen-Rejs-Dig-Lykkelig-300x200.jpg\" alt=\"\" width=\"740\" height=\"494\" \/>","_links":{"self":[{"href":"https:\/\/luggagehero.com\/es\/wp-json\/wp\/v2\/pages\/11359","targetHints":{"allow":["GET"]}}],"collection":[{"href":"https:\/\/luggagehero.com\/es\/wp-json\/wp\/v2\/pages"}],"about":[{"href":"https:\/\/luggagehero.com\/es\/wp-json\/wp\/v2\/types\/page"}],"author":[{"embeddable":true,"href":"https:\/\/luggagehero.com\/es\/wp-json\/wp\/v2\/users\/9"}],"replies":[{"embeddable":true,"href":"https:\/\/luggagehero.com\/es\/wp-json\/wp\/v2\/comments?post=11359"}],"version-history":[{"count":0,"href":"https:\/\/luggagehero.com\/es\/wp-json\/wp\/v2\/pages\/11359\/revisions"}],"wp:featuredmedia":[{"embeddable":true,"href":"https:\/\/luggagehero.com\/es\/wp-json\/wp\/v2\/media\/42576"}],"wp:attachment":[{"href":"https:\/\/luggagehero.com\/es\/wp-json\/wp\/v2\/media?parent=11359"}],"curies":[{"name":"wp","href":"https:\/\/api.w.org\/{rel}","templated":true}]}}