{"id":11360,"date":"2019-11-05T12:09:56","date_gmt":"2019-11-05T12:09:56","guid":{"rendered":"https:\/\/luggagehero.com\/copenhague\/"},"modified":"2023-09-04T11:29:04","modified_gmt":"2023-09-04T11:29:04","slug":"copenhague","status":"publish","type":"page","link":"https:\/\/luggagehero.com\/es\/copenhague\/","title":{"rendered":"Copenhague"},"content":{"rendered":"<h4 style=\"box-sizing: border-box; -webkit-font-smoothing: antialiased; text-rendering: optimizeLegibility; text-size-adjust: none; -webkit-user-drag: none; -webkit-tap-highlight-color: transparent; margin-top: 0px; margin-bottom: 20px; color: #384347; letter-spacing: -0.015rem; line-height: 1.4em; font-size: 20px; font-family: Eina, 'Helvetica Neue', Helvetica, Arial, 'Lucida Grande', sans-serif; text-align: center;\"><\/h4>\n<p>Olv\u00eddate de tener que buscar un lugar para dejar las maletas a \u00faltima hora. \u00a1LuggageHero te pone las cosas f\u00e1ciles en tu visita a Copenhague!<\/p>\n<p>Con nuestra red de m\u00e1s de 40 establecimientos locales y hoteles, situados c\u00f3modamente cerca de los n\u00facleos m\u00e1s transitados, ofrecemos a los viajeros la mejor opci\u00f3n para dejar el equipaje. Encontrar\u00e1s puntos con consigna de equipaje en la <a href=\"https:\/\/luggagehero.com\/copenhagen\/norreport-station\/\">estaci\u00f3n de N\u00f8rreport <\/a>, <a href=\"https:\/\/luggagehero.com\/copenhagen\/nyhavn\/\">Nyhavn<\/a>, o la <a href=\"https:\/\/luggagehero.com\/central-station-luggage-storage-copenhagen\/\">estaci\u00f3n central de Copenhague <\/a>, entre muchos otros.<\/p>\n<p>Por ejemplo, si llegas desde el <a href=\"https:\/\/luggagehero.com\/copenhagen\/copenhagen-airport\/\">aeropuerto internacional de Copenhague<\/a> o en tren antes de que tu alojamiento est\u00e9 disponible y quieres visitar alg\u00fan monumento sin tener que ir cargando el equipaje. A lo mejor te apetece visitar los <a href=\"https:\/\/luggagehero.com\/copenhagen\/tivoli\/\"><em>Jardines Tivoli<\/em><\/a>, <em>el Museo Nacional de Dinamarca<\/em>, <em>el Centro de Visitantes Carlsberg <\/em>, ir de compras por Frederiksberg o navegar por un canal. Sea cual sea tu elecci\u00f3n, estamos aqu\u00ed para quitarte un peso de encima.<\/p>\n<p>Solo tienes que entrar en el sitio de reservas de LuggageHero para encontrar un lugar pr\u00e1ctico y comprobado para dejar el equipaje en una tienda u otro tipo de establecimiento. Gracias al mapa online, puedes localizar f\u00e1cilmente los establecimientos cercanos a estaciones de metro o cualquier otro punto que te resulte c\u00f3modo.<\/p>\n<p><img loading=\"lazy\" decoding=\"async\" class=\"aligncenter wp-image-2268\" title=\"Deja el equipaje con un Hero\" src=\"https:\/\/luggagehero.com\/wp-content\/uploads\/2017\/06\/LuggageHero_figur_fod-paa-kufferter-2-720x1060.png\" alt=\"Deja el equipaje con un Hero\" width=\"333\" height=\"490\" \/><\/p>\n<p><strong>R\u00e1pido y barato<\/strong><\/p>\n<p>Nunca has visto un servicio de consigna de equipaje tan r\u00e1pido, f\u00e1cil y econ\u00f3mico.<\/p>\n<p>El motivo es que LuggageHero cobra a los usuarios por horas, mientras que la mayor\u00eda de servicios de consigna de equipaje cobran por todo el d\u00eda. Pero si prefieres dejar las maletas un d\u00eda o m\u00e1s, ofrecemos un m\u00e1ximo diario asequible de solo <pricing-component type=\"firstdaymax\"><\/pricing-component>\/d\u00eda!<\/p>\n<p><strong>Fiable y seguro<\/strong><\/p>\n<p>Todos nuestros establecimientos de Copenhague los ha comprobado un empleado de LuggageHero. Adem\u00e1s, colocamos un <a href=\"https:\/\/luggagehero.com\/about\/security-seal\/\">precinto especial a prueba de manipulaciones<\/a> en cada una de tus maletas que activa nuestro seguro hasta <pricing-component type=\"insurancecoverage\"><\/pricing-component> por maleta. Si tienes cualquier problema o pregunta, puedes ponerte en contacto con nuestro chat de asistencia online, que est\u00e1 disponible las 24 horas del d\u00eda.<\/p>\n<p><strong>No queremos tus monedas<\/strong><\/p>\n<p>Se acab\u00f3 tener que buscar coronas danesas o acabar con una taquilla que no funciona correctamente. Puedes conectarte con el dispositivo m\u00f3vil y encontrar la ubicaci\u00f3n m\u00e1s c\u00f3moda para tu equipaje.<\/p>\n<p><strong>\u00bfListo para reservar tu consigna de equipaje?<\/strong><\/p>\n<p>\u00bfListo para deshacerte de tus maletas y reservar la consigna de equipaje?<\/p>\n<p>Ofrecemos m\u00e1s de \u00a0<a href=\"https:\/\/app.luggagehero.com\/home;location=Copenhagen;lat=55,6760968;lon=12,568337199999974;bags=1;from=201802081200;to=201802081300;geolocate=false\">40 ubicaciones por toda Copenhague! Hacer clic aqu\u00ed<\/a><\/p>\n<h3>Por\u00a0<a style=\"box-sizing: border-box; -webkit-font-smoothing: antialiased; text-rendering: optimizeLegibility; text-size-adjust: none; -webkit-user-drag: none; -webkit-tap-highlight-color: transparent; background: 0px 0px; color: #23b8ea;\" href=\"https:\/\/www.lonelyplanet.com\/news\/2018\/05\/18\/drop-your-luggage-off-to-be-minded\/\" target=\"_blank\" rel=\"noopener noreferrer\">Lonely Planet<\/a>:<\/h3>\n<p style=\"box-sizing: border-box; -webkit-font-smoothing: antialiased; text-rendering: optimizeLegibility; text-size-adjust: none; -webkit-user-drag: none; -webkit-tap-highlight-color: transparent; line-height: 1.35em; color: #384347; font-family: Eina, 'Helvetica Neue', Helvetica, Arial, 'Lucida Grande', sans-serif; letter-spacing: -0.16px; text-align: center;\"><em style=\"box-sizing: border-box; -webkit-font-smoothing: antialiased; text-rendering: optimizeLegibility; text-size-adjust: none; -webkit-user-drag: none; -webkit-tap-highlight-color: transparent;\">\u201c<a style=\"box-sizing: border-box; -webkit-font-smoothing: antialiased; text-rendering: optimizeLegibility; text-size-adjust: none; -webkit-user-drag: none; -webkit-tap-highlight-color: transparent; background: 0px 0px; color: #23b8ea;\" href=\"https:\/\/luggagehero.com\/\">LuggageHero<\/a>\u00a0te permite dejar el equipaje en una tienda, cafeter\u00eda u hotel local, lo cual suele ser m\u00e1s pr\u00e1ctico que tener que desplazarse a la consigna de una estaci\u00f3n\u201d.<\/em><\/p>\n<h4 style=\"box-sizing: border-box; -webkit-font-smoothing: antialiased; text-rendering: optimizeLegibility; text-size-adjust: none; -webkit-user-drag: none; -webkit-tap-highlight-color: transparent; margin-top: 0px; margin-bottom: 20px; color: #384347; letter-spacing: -0.015rem; line-height: 1.4em; font-size: 20px; font-family: Eina, 'Helvetica Neue', Helvetica, Arial, 'Lucida Grande', sans-serif; text-align: center;\">\u00a0<a style=\"box-sizing: border-box; -webkit-font-smoothing: antialiased; text-rendering: optimizeLegibility; text-size-adjust: none; -webkit-user-drag: none; -webkit-tap-highlight-color: transparent; background: 0px 0px; color: #23b8ea;\" href=\"https:\/\/luggagehero.com\/newyork\/\">Nueva York<\/a>\u00a0|\u00a0<a style=\"box-sizing: border-box; -webkit-font-smoothing: antialiased; text-rendering: optimizeLegibility; text-size-adjust: none; -webkit-user-drag: none; -webkit-tap-highlight-color: transparent; background: 0px 0px; color: #23b8ea;\" href=\"https:\/\/luggagehero.com\/london\/\">Londres<\/a>\u00a0|\u00a0<a style=\"box-sizing: border-box; -webkit-font-smoothing: antialiased; text-rendering: optimizeLegibility; text-size-adjust: none; -webkit-user-drag: none; -webkit-tap-highlight-color: transparent; background: 0px 0px; color: #23b8ea;\" href=\"https:\/\/luggagehero.com\/copenhagen\/\">Copenhague<\/a><\/h4>\n<p style=\"text-align: center;\"><img loading=\"lazy\" decoding=\"async\" width=\"300\" height=\"263\" class=\"alignnone size-full wp-image-3214\" src=\"https:\/\/luggagehero.com\/wp-content\/uploads\/2018\/06\/LuggageHero-and-Lonely-Planet.png\" alt=\"\" \/><\/p>\n","protected":false},"excerpt":{"rendered":"<p>Olv\u00eddate de tener que buscar un lugar para dejar las maletas a \u00faltima hora. \u00a1LuggageHero te pone las cosas f\u00e1ciles en tu visita a Copenhague! Con nuestra red de m\u00e1s de 40 establecimientos locales y hoteles, situados c\u00f3modamente cerca de los n\u00facleos m\u00e1s transitados, ofrecemos a los viajeros la mejor opci\u00f3n para dejar el equipaje. [&hellip;]<\/p>\n","protected":false},"author":4,"featured_media":9745,"parent":0,"menu_order":0,"comment_status":"closed","ping_status":"closed","template":"template-location.php","meta":{"_acf_changed":false,"footnotes":""},"class_list":["post-11360","page","type-page","status-publish","has-post-thumbnail","hentry"],"acf":[],"yoast_head":"<!-- This site is optimized with the Yoast SEO Premium plugin v27.0 (Yoast SEO v27.0) - https:\/\/yoast.com\/product\/yoast-seo-premium-wordpress\/ -->\n<title>Consigna de equipaje Copenhague - 40 ubicaciones - \u00a1Solo 1 \u20ac\/hora!<\/title>\n<meta name=\"description\" content=\"Consigna de equipaje Copenhague \u00a1No busques m\u00e1s! La forma m\u00e1s pr\u00e1ctica de guardar el equipaje mientras visitas Copenhague. Guarda c\u00f3modamente el equipaje en establecimientos locales y olv\u00eddate de tener que cargarlo. M\u00e1s de 40 ubicaciones, solo 1 \u20ac\/hora\" \/>\n<meta name=\"robots\" content=\"index, follow, max-snippet:-1, max-image-preview:large, max-video-preview:-1\" \/>\n<link rel=\"canonical\" href=\"https:\/\/luggagehero.com\/es\/copenhague\/\" \/>\n<meta property=\"og:locale\" content=\"es_ES\" \/>\n<meta property=\"og:type\" content=\"article\" \/>\n<meta property=\"og:title\" content=\"Copenhague\" \/>\n<meta property=\"og:description\" content=\"Consigna de equipaje Copenhague \u00a1No busques m\u00e1s! La forma m\u00e1s pr\u00e1ctica de guardar el equipaje mientras visitas Copenhague. Guarda c\u00f3modamente el equipaje en establecimientos locales y olv\u00eddate de tener que cargarlo. M\u00e1s de 40 ubicaciones, solo 1 \u20ac\/hora\" \/>\n<meta property=\"og:url\" content=\"https:\/\/luggagehero.com\/es\/copenhague\/\" \/>\n<meta property=\"og:site_name\" content=\"LuggageHero\" \/>\n<meta property=\"article:publisher\" content=\"https:\/\/www.facebook.com\/luggagehero\" \/>\n<meta property=\"article:modified_time\" content=\"2023-09-04T11:29:04+00:00\" \/>\n<meta property=\"og:image\" content=\"https:\/\/luggagehero.com\/wp-content\/uploads\/2017\/06\/LuggageHero_figur_fod-paa-kufferter-2-720x1060.png\" \/>\n<meta name=\"twitter:card\" content=\"summary_large_image\" \/>\n<meta name=\"twitter:site\" content=\"@luggagehero\" \/>\n<meta name=\"twitter:label1\" content=\"Est. reading time\" \/>\n\t<meta name=\"twitter:data1\" content=\"3 minutes\" \/>\n<script type=\"application\/ld+json\" class=\"yoast-schema-graph\">{\"@context\":\"https:\/\/schema.org\",\"@graph\":[{\"@type\":\"WebPage\",\"@id\":\"https:\/\/luggagehero.com\/es\/copenhague\/\",\"url\":\"https:\/\/luggagehero.com\/es\/copenhague\/\",\"name\":\"Consigna de equipaje Copenhague - 40 ubicaciones - \u00a1Solo 1 \u20ac\/hora!\",\"isPartOf\":{\"@id\":\"https:\/\/luggagehero.com\/es\/#website\"},\"primaryImageOfPage\":{\"@id\":\"https:\/\/luggagehero.com\/es\/copenhague\/#primaryimage\"},\"image\":{\"@id\":\"https:\/\/luggagehero.com\/es\/copenhague\/#primaryimage\"},\"thumbnailUrl\":\"https:\/\/luggagehero.com\/wp-content\/uploads\/2019\/09\/shutterstock_134874083.jpg\",\"datePublished\":\"2019-11-05T12:09:56+00:00\",\"dateModified\":\"2023-09-04T11:29:04+00:00\",\"description\":\"Consigna de equipaje Copenhague \u00a1No busques m\u00e1s! La forma m\u00e1s pr\u00e1ctica de guardar el equipaje mientras visitas Copenhague. Guarda c\u00f3modamente el equipaje en establecimientos locales y olv\u00eddate de tener que cargarlo. M\u00e1s de 40 ubicaciones, solo 1 \u20ac\/hora\",\"breadcrumb\":{\"@id\":\"https:\/\/luggagehero.com\/es\/copenhague\/#breadcrumb\"},\"inLanguage\":\"es-ES\",\"potentialAction\":[{\"@type\":\"ReadAction\",\"target\":[\"https:\/\/luggagehero.com\/es\/copenhague\/\"]}]},{\"@type\":\"ImageObject\",\"inLanguage\":\"es-ES\",\"@id\":\"https:\/\/luggagehero.com\/es\/copenhague\/#primaryimage\",\"url\":\"https:\/\/luggagehero.com\/wp-content\/uploads\/2019\/09\/shutterstock_134874083.jpg\",\"contentUrl\":\"https:\/\/luggagehero.com\/wp-content\/uploads\/2019\/09\/shutterstock_134874083.jpg\",\"width\":5616,\"height\":3744},{\"@type\":\"BreadcrumbList\",\"@id\":\"https:\/\/luggagehero.com\/es\/copenhague\/#breadcrumb\",\"itemListElement\":[{\"@type\":\"ListItem\",\"position\":1,\"name\":\"Home\",\"item\":\"https:\/\/luggagehero.com\/es\/\"},{\"@type\":\"ListItem\",\"position\":2,\"name\":\"Copenhague\"}]},{\"@type\":\"WebSite\",\"@id\":\"https:\/\/luggagehero.com\/es\/#website\",\"url\":\"https:\/\/luggagehero.com\/es\/\",\"name\":\"LuggageHero\",\"description\":\"Free yourself from luggage\",\"publisher\":{\"@id\":\"https:\/\/luggagehero.com\/es\/#organization\"},\"potentialAction\":[{\"@type\":\"SearchAction\",\"target\":{\"@type\":\"EntryPoint\",\"urlTemplate\":\"https:\/\/luggagehero.com\/es\/?s={search_term_string}\"},\"query-input\":{\"@type\":\"PropertyValueSpecification\",\"valueRequired\":true,\"valueName\":\"search_term_string\"}}],\"inLanguage\":\"es-ES\"},{\"@type\":\"Organization\",\"@id\":\"https:\/\/luggagehero.com\/es\/#organization\",\"name\":\"LuggageHero\",\"url\":\"https:\/\/luggagehero.com\/es\/\",\"logo\":{\"@type\":\"ImageObject\",\"inLanguage\":\"es-ES\",\"@id\":\"https:\/\/luggagehero.com\/es\/#\/schema\/logo\/image\/\",\"url\":\"https:\/\/luggagehero.com\/wp-content\/uploads\/2017\/04\/luggagehero_LOGO-RGB_kort_POS_200x200.png\",\"contentUrl\":\"https:\/\/luggagehero.com\/wp-content\/uploads\/2017\/04\/luggagehero_LOGO-RGB_kort_POS_200x200.png\",\"width\":200,\"height\":200,\"caption\":\"LuggageHero\"},\"image\":{\"@id\":\"https:\/\/luggagehero.com\/es\/#\/schema\/logo\/image\/\"},\"sameAs\":[\"https:\/\/www.facebook.com\/luggagehero\",\"https:\/\/x.com\/luggagehero\",\"https:\/\/www.instagram.com\/luggagehero\",\"https:\/\/www.linkedin.com\/company\/luggagehero\/\"]}]}<\/script>\n<!-- \/ Yoast SEO Premium plugin. -->","yoast_head_json":{"title":"Consigna de equipaje Copenhague - 40 ubicaciones - \u00a1Solo 1 \u20ac\/hora!","description":"Consigna de equipaje Copenhague \u00a1No busques m\u00e1s! La forma m\u00e1s pr\u00e1ctica de guardar el equipaje mientras visitas Copenhague. Guarda c\u00f3modamente el equipaje en establecimientos locales y olv\u00eddate de tener que cargarlo. M\u00e1s de 40 ubicaciones, solo 1 \u20ac\/hora","robots":{"index":"index","follow":"follow","max-snippet":"max-snippet:-1","max-image-preview":"max-image-preview:large","max-video-preview":"max-video-preview:-1"},"canonical":"https:\/\/luggagehero.com\/es\/copenhague\/","og_locale":"es_ES","og_type":"article","og_title":"Copenhague","og_description":"Consigna de equipaje Copenhague \u00a1No busques m\u00e1s! La forma m\u00e1s pr\u00e1ctica de guardar el equipaje mientras visitas Copenhague. Guarda c\u00f3modamente el equipaje en establecimientos locales y olv\u00eddate de tener que cargarlo. M\u00e1s de 40 ubicaciones, solo 1 \u20ac\/hora","og_url":"https:\/\/luggagehero.com\/es\/copenhague\/","og_site_name":"LuggageHero","article_publisher":"https:\/\/www.facebook.com\/luggagehero","article_modified_time":"2023-09-04T11:29:04+00:00","og_image":[{"url":"https:\/\/luggagehero.com\/wp-content\/uploads\/2017\/06\/LuggageHero_figur_fod-paa-kufferter-2-720x1060.png","type":"","width":"","height":""}],"twitter_card":"summary_large_image","twitter_site":"@luggagehero","twitter_misc":{"Est. reading time":"3 minutes"},"schema":{"@context":"https:\/\/schema.org","@graph":[{"@type":"WebPage","@id":"https:\/\/luggagehero.com\/es\/copenhague\/","url":"https:\/\/luggagehero.com\/es\/copenhague\/","name":"Consigna de equipaje Copenhague - 40 ubicaciones - \u00a1Solo 1 \u20ac\/hora!","isPartOf":{"@id":"https:\/\/luggagehero.com\/es\/#website"},"primaryImageOfPage":{"@id":"https:\/\/luggagehero.com\/es\/copenhague\/#primaryimage"},"image":{"@id":"https:\/\/luggagehero.com\/es\/copenhague\/#primaryimage"},"thumbnailUrl":"https:\/\/luggagehero.com\/wp-content\/uploads\/2019\/09\/shutterstock_134874083.jpg","datePublished":"2019-11-05T12:09:56+00:00","dateModified":"2023-09-04T11:29:04+00:00","description":"Consigna de equipaje Copenhague \u00a1No busques m\u00e1s! La forma m\u00e1s pr\u00e1ctica de guardar el equipaje mientras visitas Copenhague. Guarda c\u00f3modamente el equipaje en establecimientos locales y olv\u00eddate de tener que cargarlo. M\u00e1s de 40 ubicaciones, solo 1 \u20ac\/hora","breadcrumb":{"@id":"https:\/\/luggagehero.com\/es\/copenhague\/#breadcrumb"},"inLanguage":"es-ES","potentialAction":[{"@type":"ReadAction","target":["https:\/\/luggagehero.com\/es\/copenhague\/"]}]},{"@type":"ImageObject","inLanguage":"es-ES","@id":"https:\/\/luggagehero.com\/es\/copenhague\/#primaryimage","url":"https:\/\/luggagehero.com\/wp-content\/uploads\/2019\/09\/shutterstock_134874083.jpg","contentUrl":"https:\/\/luggagehero.com\/wp-content\/uploads\/2019\/09\/shutterstock_134874083.jpg","width":5616,"height":3744},{"@type":"BreadcrumbList","@id":"https:\/\/luggagehero.com\/es\/copenhague\/#breadcrumb","itemListElement":[{"@type":"ListItem","position":1,"name":"Home","item":"https:\/\/luggagehero.com\/es\/"},{"@type":"ListItem","position":2,"name":"Copenhague"}]},{"@type":"WebSite","@id":"https:\/\/luggagehero.com\/es\/#website","url":"https:\/\/luggagehero.com\/es\/","name":"LuggageHero","description":"Free yourself from luggage","publisher":{"@id":"https:\/\/luggagehero.com\/es\/#organization"},"potentialAction":[{"@type":"SearchAction","target":{"@type":"EntryPoint","urlTemplate":"https:\/\/luggagehero.com\/es\/?s={search_term_string}"},"query-input":{"@type":"PropertyValueSpecification","valueRequired":true,"valueName":"search_term_string"}}],"inLanguage":"es-ES"},{"@type":"Organization","@id":"https:\/\/luggagehero.com\/es\/#organization","name":"LuggageHero","url":"https:\/\/luggagehero.com\/es\/","logo":{"@type":"ImageObject","inLanguage":"es-ES","@id":"https:\/\/luggagehero.com\/es\/#\/schema\/logo\/image\/","url":"https:\/\/luggagehero.com\/wp-content\/uploads\/2017\/04\/luggagehero_LOGO-RGB_kort_POS_200x200.png","contentUrl":"https:\/\/luggagehero.com\/wp-content\/uploads\/2017\/04\/luggagehero_LOGO-RGB_kort_POS_200x200.png","width":200,"height":200,"caption":"LuggageHero"},"image":{"@id":"https:\/\/luggagehero.com\/es\/#\/schema\/logo\/image\/"},"sameAs":["https:\/\/www.facebook.com\/luggagehero","https:\/\/x.com\/luggagehero","https:\/\/www.instagram.com\/luggagehero","https:\/\/www.linkedin.com\/company\/luggagehero\/"]}]}},"place_id":"","place_latitude_longitude":"55.6728,12.5648","place_name":"Copenhague","criteria_title":"Almacenamiento de equipaje en 40 establecimientos cerca de [location]","criteria_description":"Deja las maletas a partir de 1 \u20ac\/hora","meta_title":"Consigna de equipaje en Copenhague - 40 ubicaciones - las 24 horas, los 7 d\u00edas de la semana - a partir de 1 \u20ac\/hora","meta_description":"Utiliza la red de consignas de equipaje m\u00e1s grande de [location] hoy. 40 establecimientos disponibles en Copenhague. Abierto las 24 horas - 7 d\u00edas a la semana. Seguro de 2.500 \u20ac. Incluye precinto de seguridad.","children_criteria_title":"Consigna de equipaje [location]","children_criteria_description":"Convierte tus d\u00edas de viaje en vacaciones a partir de 1 \u20ac\/hora","children_meta_title":"Consigna de equipaje [location] - 7 d\u00edas a la semana - a partir de 1 \u20ac\/hora","children_meta_description":"Servicio de consigna de equipaje c\u00f3modo y econ\u00f3mico cerca de [location]. A partir de 1 \u20ac\/hora. Incluye un seguro de 2.500 \u20ac. Se coloca un precinto de seguridad en cada maleta. Reservar online.","_edit_last":"46","use_global_content":"","poi_type":"","content_raw":"<h4 style=\"box-sizing: border-box; -webkit-font-smoothing: antialiased; text-rendering: optimizeLegibility; text-size-adjust: none; -webkit-user-drag: none; -webkit-tap-highlight-color: transparent; margin-top: 0px; margin-bottom: 20px; color: #384347; letter-spacing: -0.015rem; line-height: 1.4em; font-size: 20px; font-family: Eina, 'Helvetica Neue', Helvetica, Arial, 'Lucida Grande', sans-serif; text-align: center;\"><\/h4>\r\nOlv\u00eddate de tener que buscar un lugar para dejar las maletas a \u00faltima hora. \u00a1LuggageHero te pone las cosas f\u00e1ciles en tu visita a Copenhague!\r\n\r\nCon nuestra red de m\u00e1s de 40 establecimientos locales y hoteles, situados c\u00f3modamente cerca de los n\u00facleos m\u00e1s transitados, ofrecemos a los viajeros la mejor opci\u00f3n para dejar el equipaje. Encontrar\u00e1s puntos con consigna de equipaje en la <a href=\"https:\/\/luggagehero.com\/copenhagen\/norreport-station\/\">estaci\u00f3n de N\u00f8rreport <\/a>, <a href=\"https:\/\/luggagehero.com\/copenhagen\/nyhavn\/\">Nyhavn<\/a>, o la <a href=\"https:\/\/luggagehero.com\/central-station-luggage-storage-copenhagen\/\">estaci\u00f3n central de Copenhague <\/a>, entre muchos otros.\r\n\r\nPor ejemplo, si llegas desde el <a href=\"https:\/\/luggagehero.com\/copenhagen\/copenhagen-airport\/\">aeropuerto internacional de Copenhague<\/a> o en tren antes de que tu alojamiento est\u00e9 disponible y quieres visitar alg\u00fan monumento sin tener que ir cargando el equipaje. A lo mejor te apetece visitar los <a href=\"https:\/\/luggagehero.com\/copenhagen\/tivoli\/\"><em>Jardines Tivoli<\/em><\/a>, <em>el Museo Nacional de Dinamarca<\/em>, <em>el Centro de Visitantes Carlsberg <\/em>, ir de compras por Frederiksberg o navegar por un canal. Sea cual sea tu elecci\u00f3n, estamos aqu\u00ed para quitarte un peso de encima.\r\n\r\nSolo tienes que entrar en el sitio de reservas de LuggageHero para encontrar un lugar pr\u00e1ctico y comprobado para dejar el equipaje en una tienda u otro tipo de establecimiento. Gracias al mapa online, puedes localizar f\u00e1cilmente los establecimientos cercanos a estaciones de metro o cualquier otro punto que te resulte c\u00f3modo.\r\n\r\n<img class=\"aligncenter wp-image-2268\" title=\"Deja el equipaje con un Hero\" src=\"https:\/\/luggagehero.com\/wp-content\/uploads\/2017\/06\/LuggageHero_figur_fod-paa-kufferter-2-720x1060.png\" alt=\"Deja el equipaje con un Hero\" width=\"333\" height=\"490\" \/>\r\n\r\n<strong>R\u00e1pido y barato<\/strong>\r\n\r\nNunca has visto un servicio de consigna de equipaje tan r\u00e1pido, f\u00e1cil y econ\u00f3mico.\r\n\r\nEl motivo es que LuggageHero cobra a los usuarios por horas, mientras que la mayor\u00eda de servicios de consigna de equipaje cobran por todo el d\u00eda. Pero si prefieres dejar las maletas un d\u00eda o m\u00e1s, ofrecemos un m\u00e1ximo diario asequible de solo [pricing firstdaymax]\/d\u00eda!\r\n\r\n<strong>Fiable y seguro<\/strong>\r\n\r\nTodos nuestros establecimientos de Copenhague los ha comprobado un empleado de LuggageHero. Adem\u00e1s, colocamos un <a href=\"https:\/\/luggagehero.com\/about\/security-seal\/\">precinto especial a prueba de manipulaciones<\/a> en cada una de tus maletas que activa nuestro seguro hasta [pricing insurancecoverage] por maleta. Si tienes cualquier problema o pregunta, puedes ponerte en contacto con nuestro chat de asistencia online, que est\u00e1 disponible las 24 horas del d\u00eda.\r\n\r\n<strong>No queremos tus monedas<\/strong>\r\n\r\nSe acab\u00f3 tener que buscar coronas danesas o acabar con una taquilla que no funciona correctamente. Puedes conectarte con el dispositivo m\u00f3vil y encontrar la ubicaci\u00f3n m\u00e1s c\u00f3moda para tu equipaje.\r\n\r\n<strong>\u00bfListo para reservar tu consigna de equipaje?<\/strong>\r\n\r\n\u00bfListo para deshacerte de tus maletas y reservar la consigna de equipaje?\r\n\r\nOfrecemos m\u00e1s de \u00a0<a href=\"https:\/\/app.luggagehero.com\/home;location=Copenhagen;lat=55,6760968;lon=12,568337199999974;bags=1;from=201802081200;to=201802081300;geolocate=false\">40 ubicaciones por toda Copenhague! Hacer clic aqu\u00ed<\/a>\r\n<h3>Por\u00a0<a style=\"box-sizing: border-box; -webkit-font-smoothing: antialiased; text-rendering: optimizeLegibility; text-size-adjust: none; -webkit-user-drag: none; -webkit-tap-highlight-color: transparent; background: 0px 0px; color: #23b8ea;\" href=\"https:\/\/www.lonelyplanet.com\/news\/2018\/05\/18\/drop-your-luggage-off-to-be-minded\/\" target=\"_blank\" rel=\"noopener noreferrer\">Lonely Planet<\/a>:<\/h3>\r\n<p style=\"box-sizing: border-box; -webkit-font-smoothing: antialiased; text-rendering: optimizeLegibility; text-size-adjust: none; -webkit-user-drag: none; -webkit-tap-highlight-color: transparent; line-height: 1.35em; color: #384347; font-family: Eina, 'Helvetica Neue', Helvetica, Arial, 'Lucida Grande', sans-serif; letter-spacing: -0.16px; text-align: center;\"><em style=\"box-sizing: border-box; -webkit-font-smoothing: antialiased; text-rendering: optimizeLegibility; text-size-adjust: none; -webkit-user-drag: none; -webkit-tap-highlight-color: transparent;\">\u201c<a style=\"box-sizing: border-box; -webkit-font-smoothing: antialiased; text-rendering: optimizeLegibility; text-size-adjust: none; -webkit-user-drag: none; -webkit-tap-highlight-color: transparent; background: 0px 0px; color: #23b8ea;\" href=\"https:\/\/luggagehero.com\/\">LuggageHero<\/a>\u00a0te permite dejar el equipaje en una tienda, cafeter\u00eda u hotel local, lo cual suele ser m\u00e1s pr\u00e1ctico que tener que desplazarse a la consigna de una estaci\u00f3n\u201d.<\/em><\/p>\r\n\r\n<h4 style=\"box-sizing: border-box; -webkit-font-smoothing: antialiased; text-rendering: optimizeLegibility; text-size-adjust: none; -webkit-user-drag: none; -webkit-tap-highlight-color: transparent; margin-top: 0px; margin-bottom: 20px; color: #384347; letter-spacing: -0.015rem; line-height: 1.4em; font-size: 20px; font-family: Eina, 'Helvetica Neue', Helvetica, Arial, 'Lucida Grande', sans-serif; text-align: center;\">\u00a0<a style=\"box-sizing: border-box; -webkit-font-smoothing: antialiased; text-rendering: optimizeLegibility; text-size-adjust: none; -webkit-user-drag: none; -webkit-tap-highlight-color: transparent; background: 0px 0px; color: #23b8ea;\" href=\"https:\/\/luggagehero.com\/newyork\/\">Nueva York<\/a>\u00a0|\u00a0<a style=\"box-sizing: border-box; -webkit-font-smoothing: antialiased; text-rendering: optimizeLegibility; text-size-adjust: none; -webkit-user-drag: none; -webkit-tap-highlight-color: transparent; background: 0px 0px; color: #23b8ea;\" href=\"https:\/\/luggagehero.com\/london\/\">Londres<\/a>\u00a0|\u00a0<a style=\"box-sizing: border-box; -webkit-font-smoothing: antialiased; text-rendering: optimizeLegibility; text-size-adjust: none; -webkit-user-drag: none; -webkit-tap-highlight-color: transparent; background: 0px 0px; color: #23b8ea;\" href=\"https:\/\/luggagehero.com\/copenhagen\/\">Copenhague<\/a><\/h4>\r\n<p style=\"text-align: center;\"><img class=\"alignnone size-full wp-image-3214\" src=\"https:\/\/luggagehero.com\/wp-content\/uploads\/2018\/06\/LuggageHero-and-Lonely-Planet.png\" alt=\"\" \/><\/p>","_links":{"self":[{"href":"https:\/\/luggagehero.com\/es\/wp-json\/wp\/v2\/pages\/11360","targetHints":{"allow":["GET"]}}],"collection":[{"href":"https:\/\/luggagehero.com\/es\/wp-json\/wp\/v2\/pages"}],"about":[{"href":"https:\/\/luggagehero.com\/es\/wp-json\/wp\/v2\/types\/page"}],"author":[{"embeddable":true,"href":"https:\/\/luggagehero.com\/es\/wp-json\/wp\/v2\/users\/4"}],"replies":[{"embeddable":true,"href":"https:\/\/luggagehero.com\/es\/wp-json\/wp\/v2\/comments?post=11360"}],"version-history":[{"count":0,"href":"https:\/\/luggagehero.com\/es\/wp-json\/wp\/v2\/pages\/11360\/revisions"}],"wp:featuredmedia":[{"embeddable":true,"href":"https:\/\/luggagehero.com\/es\/wp-json\/wp\/v2\/media\/9745"}],"wp:attachment":[{"href":"https:\/\/luggagehero.com\/es\/wp-json\/wp\/v2\/media?parent=11360"}],"curies":[{"name":"wp","href":"https:\/\/api.w.org\/{rel}","templated":true}]}}