{"id":11389,"date":"2019-11-05T12:09:58","date_gmt":"2019-11-05T12:09:58","guid":{"rendered":"https:\/\/luggagehero.com\/londres\/estacion-de-paddington\/"},"modified":"2023-08-22T11:12:30","modified_gmt":"2023-08-22T11:12:30","slug":"estacion-de-paddington","status":"publish","type":"page","link":"https:\/\/luggagehero.com\/es\/londres\/estacion-de-paddington\/","title":{"rendered":"Estaci\u00f3n de Paddington"},"content":{"rendered":"<h1><strong>Consignas en Paddington Station<\/strong><\/h1>\n<p>\u00bfNecesitas dejar el equipaje cerca de la estaci\u00f3n de Paddington? \u00a1Es facil\u00edsimo!<\/p>\n<p>Deja tus cosas en una de nuestras consignas de equipaje que hay en los alrededores. Cuando dejes el equipaje con LuggageHero, los establecimientos locales de los alrededores de la estaci\u00f3n de Paddington se ocupar\u00e1n de tus cosas. Todas las maletas se precintan con nuestro <a href=\"https:\/\/luggagehero.com\/about\/security-seal\/\">precinto de seguridad <\/a> a prueba de manipulaciones y <a href=\"https:\/\/luggagehero.com\/about\/insurance\/\">se aseguran<\/a> hasta un valor de <pricing-component type=\"insurancecoverage\"><\/pricing-component>. Nos encargamos f\u00e1cilmente de la consigna a lo largo de toda la noche gracias a nuestro tope diario de <pricing-component type=\"dailyrate\"><\/pricing-component> por maleta.<\/p>\n<p>&nbsp;<\/p>\n<p>LuggageHero ya ha permitido a los viajeros disfrutar de Londres sin ning\u00fan estorbo durante 600.000 horas. Encuentra y reserva la consigna de equipaje con uno de nuestros colaboradores <a href=\"https:\/\/luggagehero.com\/about\/certified-shops\/\">certificados<\/a> y convierte los d\u00edas de viaje en d\u00edas de vacaciones. Nuestro cron\u00f3metro garantiza que solo pagues por las horas que tu equipaje pase en la consigna.<\/p>\n<h2><\/h2>\n<h2 style=\"text-align: center;\"><img loading=\"lazy\" decoding=\"async\" class=\"alignnone wp-image-3592\" src=\"https:\/\/luggagehero.com\/wp-content\/uploads\/2018\/09\/Paddington_station_luggage_storage-720x406.jpg\" alt=\"Estaci\u00f3n de Paddington consigna de equipaje\" width=\"499\" height=\"282\" \/><\/h2>\n<h2 style=\"text-align: center;\">Estaci\u00f3n de Paddington<\/h2>\n<p>Con LuggageHero, ganar\u00e1s tiempo para tus vacaciones al evitar las colas de las consignas de toda la vida y tambi\u00e9n ahorrar\u00e1s dinero. Precintamos y cubrimos tu equipaje hasta <pricing-component type=\"insurancecoverage\"><\/pricing-component> con First Insurance. Te damos la soluci\u00f3n perfecta para descubrir <a href=\"https:\/\/luggagehero.com\/es\/londres\/\">Londres<\/a> sin tener que cargar el equipaje.<\/p>\n<p>La estaci\u00f3n de Paddington es una terminal de Londres con dos trenes que van al aeropuerto de Heathrow: El <a href=\"https:\/\/www.heathrowexpress.com\" rel=\"nofollow\">Heathrow Express<\/a> hace el trayecto sin paradas con una tarifa premium, mientras que el <a href=\"https:\/\/www.heathrowconnect.com\" rel=\"nofollow\">Heathrow Connect<\/a> realiza la misma ruta, pero para en la mayor\u00eda de estaciones. Desde la estaci\u00f3n de Paddington, tienes acceso directo a <a href=\"https:\/\/luggagehero.com\/es\/londres\/estacion-de-kings-cross\/\">la estaci\u00f3n de King\u2019s Cross <\/a>, <a href=\"https:\/\/luggagehero.com\/es\/londres\/victoria-station\/\">Victoria Station<\/a>, <a href=\"https:\/\/luggagehero.com\/es\/londres\/estacion-de-liverpool-street\/\">la estaci\u00f3n de Liverpool Street<\/a> y <a href=\"https:\/\/luggagehero.com\/es\/londres\/estacion-de-waterloo\/\">la estaci\u00f3n de Waterloo<\/a>.<\/p>\n<p>El Heathrow Express pasa por las v\u00edas 6 y 7. En la oficina de venta de billetes del Heathrow Express que hay cerca de estas v\u00edas, hay una pantalla con informaci\u00f3n de los vuelos para los pasajeros que tienen que coger un avi\u00f3n.<\/p>\n<p>Si buscas consigna de equipaje para varios d\u00edas, puedes dejarnos las cosas sin f\u00e1cilmente. Nunca pagar\u00e1s m\u00e1s de 10 \u00a3\/d\u00eda por maleta<\/p>\n<p>La oficina de venta de billetes de la estaci\u00f3n de Paddington abre las 24 horas y la gestiona Great Western Railway. En el vest\u00edbulo encontrar\u00e1s m\u00e1quinas expendedoras de billetes. La estaci\u00f3n tambi\u00e9n ofrece ba\u00f1os y cambiadores para beb\u00e9s por un precio de 30 peniques y se encuentran en la zona a la que se accede despu\u00e9s de validar el billete. Hay WiFi disponible con acceso a internet inal\u00e1mbrico de prepago a cargo de <a href=\"https:\/\/www.btwifi.co.uk\/\" rel=\"nofollow\">BT Wi-Fi<\/a><\/p>\n","protected":false},"excerpt":{"rendered":"<p>Consignas en Paddington Station \u00bfNecesitas dejar el equipaje cerca de la estaci\u00f3n de Paddington? \u00a1Es facil\u00edsimo! Deja tus cosas en una de nuestras consignas de equipaje que hay en los alrededores. Cuando dejes el equipaje con LuggageHero, los establecimientos locales de los alrededores de la estaci\u00f3n de Paddington se ocupar\u00e1n de tus cosas. Todas las [&hellip;]<\/p>\n","protected":false},"author":4,"featured_media":0,"parent":7287,"menu_order":0,"comment_status":"closed","ping_status":"closed","template":"template-location.php","meta":{"_acf_changed":false,"footnotes":""},"class_list":["post-11389","page","type-page","status-publish","hentry"],"acf":[],"yoast_head":"<!-- This site is optimized with the Yoast SEO Premium plugin v27.0 (Yoast SEO v27.0) - https:\/\/yoast.com\/product\/yoast-seo-premium-wordpress\/ -->\n<title>Consigna de equipaje estaci\u00f3n de Paddington - 7 d\u00edas a la semana - a partir de 1 \u00a3\/hora<\/title>\n<meta name=\"description\" content=\"Consigna de equipaje f\u00e1cil, c\u00f3moda y barata cerca de la estaci\u00f3n de Paddington. A partir de 1 \u00a3\/hora. Incluye seguro de 2.200 \u00a3. Se coloca un precinto de seguridad en cada maleta. \u00a1Reserva ahora!\" \/>\n<meta name=\"robots\" content=\"index, follow, max-snippet:-1, max-image-preview:large, max-video-preview:-1\" \/>\n<link rel=\"canonical\" href=\"https:\/\/luggagehero.com\/es\/londres\/estacion-de-paddington\/\" \/>\n<meta property=\"og:locale\" content=\"es_ES\" \/>\n<meta property=\"og:type\" content=\"article\" \/>\n<meta property=\"og:title\" content=\"Estaci\u00f3n de Paddington\" \/>\n<meta property=\"og:description\" content=\"Consigna de equipaje f\u00e1cil, c\u00f3moda y barata cerca de la estaci\u00f3n de Paddington. A partir de 1 \u00a3\/hora. Incluye seguro de 2.200 \u00a3. Se coloca un precinto de seguridad en cada maleta. \u00a1Reserva ahora!\" \/>\n<meta property=\"og:url\" content=\"https:\/\/luggagehero.com\/es\/londres\/estacion-de-paddington\/\" \/>\n<meta property=\"og:site_name\" content=\"LuggageHero\" \/>\n<meta property=\"article:publisher\" content=\"https:\/\/www.facebook.com\/luggagehero\" \/>\n<meta property=\"article:modified_time\" content=\"2023-08-22T11:12:30+00:00\" \/>\n<meta property=\"og:image\" content=\"https:\/\/luggagehero.com\/wp-content\/uploads\/2018\/09\/Paddington_station_luggage_storage-720x406.jpg\" \/>\n<meta name=\"twitter:card\" content=\"summary_large_image\" \/>\n<meta name=\"twitter:site\" content=\"@luggagehero\" \/>\n<meta name=\"twitter:label1\" content=\"Est. reading time\" \/>\n\t<meta name=\"twitter:data1\" content=\"3 minutes\" \/>\n<script type=\"application\/ld+json\" class=\"yoast-schema-graph\">{\"@context\":\"https:\/\/schema.org\",\"@graph\":[{\"@type\":\"WebPage\",\"@id\":\"https:\/\/luggagehero.com\/es\/londres\/estacion-de-paddington\/\",\"url\":\"https:\/\/luggagehero.com\/es\/londres\/estacion-de-paddington\/\",\"name\":\"Consigna de equipaje estaci\u00f3n de Paddington - 7 d\u00edas a la semana - a partir de 1 \u00a3\/hora\",\"isPartOf\":{\"@id\":\"https:\/\/luggagehero.com\/es\/#website\"},\"primaryImageOfPage\":{\"@id\":\"https:\/\/luggagehero.com\/es\/londres\/estacion-de-paddington\/#primaryimage\"},\"image\":{\"@id\":\"https:\/\/luggagehero.com\/es\/londres\/estacion-de-paddington\/#primaryimage\"},\"thumbnailUrl\":\"https:\/\/luggagehero.com\/wp-content\/uploads\/2018\/09\/Paddington_station_luggage_storage-720x406.jpg\",\"datePublished\":\"2019-11-05T12:09:58+00:00\",\"dateModified\":\"2023-08-22T11:12:30+00:00\",\"description\":\"Consigna de equipaje f\u00e1cil, c\u00f3moda y barata cerca de la estaci\u00f3n de Paddington. A partir de 1 \u00a3\/hora. Incluye seguro de 2.200 \u00a3. Se coloca un precinto de seguridad en cada maleta. \u00a1Reserva ahora!\",\"breadcrumb\":{\"@id\":\"https:\/\/luggagehero.com\/es\/londres\/estacion-de-paddington\/#breadcrumb\"},\"inLanguage\":\"es-ES\",\"potentialAction\":[{\"@type\":\"ReadAction\",\"target\":[\"https:\/\/luggagehero.com\/es\/londres\/estacion-de-paddington\/\"]}]},{\"@type\":\"ImageObject\",\"inLanguage\":\"es-ES\",\"@id\":\"https:\/\/luggagehero.com\/es\/londres\/estacion-de-paddington\/#primaryimage\",\"url\":\"https:\/\/luggagehero.com\/wp-content\/uploads\/2018\/09\/Paddington_station_luggage_storage-720x406.jpg\",\"contentUrl\":\"https:\/\/luggagehero.com\/wp-content\/uploads\/2018\/09\/Paddington_station_luggage_storage-720x406.jpg\"},{\"@type\":\"BreadcrumbList\",\"@id\":\"https:\/\/luggagehero.com\/es\/londres\/estacion-de-paddington\/#breadcrumb\",\"itemListElement\":[{\"@type\":\"ListItem\",\"position\":1,\"name\":\"Home\",\"item\":\"https:\/\/luggagehero.com\/es\/\"},{\"@type\":\"ListItem\",\"position\":2,\"name\":\"Londres\",\"item\":\"https:\/\/luggagehero.com\/es\/londres\/\"},{\"@type\":\"ListItem\",\"position\":3,\"name\":\"Estaci\u00f3n de Paddington\"}]},{\"@type\":\"WebSite\",\"@id\":\"https:\/\/luggagehero.com\/es\/#website\",\"url\":\"https:\/\/luggagehero.com\/es\/\",\"name\":\"LuggageHero\",\"description\":\"Free yourself from luggage\",\"publisher\":{\"@id\":\"https:\/\/luggagehero.com\/es\/#organization\"},\"potentialAction\":[{\"@type\":\"SearchAction\",\"target\":{\"@type\":\"EntryPoint\",\"urlTemplate\":\"https:\/\/luggagehero.com\/es\/?s={search_term_string}\"},\"query-input\":{\"@type\":\"PropertyValueSpecification\",\"valueRequired\":true,\"valueName\":\"search_term_string\"}}],\"inLanguage\":\"es-ES\"},{\"@type\":\"Organization\",\"@id\":\"https:\/\/luggagehero.com\/es\/#organization\",\"name\":\"LuggageHero\",\"url\":\"https:\/\/luggagehero.com\/es\/\",\"logo\":{\"@type\":\"ImageObject\",\"inLanguage\":\"es-ES\",\"@id\":\"https:\/\/luggagehero.com\/es\/#\/schema\/logo\/image\/\",\"url\":\"https:\/\/luggagehero.com\/wp-content\/uploads\/2017\/04\/luggagehero_LOGO-RGB_kort_POS_200x200.png\",\"contentUrl\":\"https:\/\/luggagehero.com\/wp-content\/uploads\/2017\/04\/luggagehero_LOGO-RGB_kort_POS_200x200.png\",\"width\":200,\"height\":200,\"caption\":\"LuggageHero\"},\"image\":{\"@id\":\"https:\/\/luggagehero.com\/es\/#\/schema\/logo\/image\/\"},\"sameAs\":[\"https:\/\/www.facebook.com\/luggagehero\",\"https:\/\/x.com\/luggagehero\",\"https:\/\/www.instagram.com\/luggagehero\",\"https:\/\/www.linkedin.com\/company\/luggagehero\/\"]}]}<\/script>\n<!-- \/ Yoast SEO Premium plugin. -->","yoast_head_json":{"title":"Consigna de equipaje estaci\u00f3n de Paddington - 7 d\u00edas a la semana - a partir de 1 \u00a3\/hora","description":"Consigna de equipaje f\u00e1cil, c\u00f3moda y barata cerca de la estaci\u00f3n de Paddington. A partir de 1 \u00a3\/hora. Incluye seguro de 2.200 \u00a3. Se coloca un precinto de seguridad en cada maleta. \u00a1Reserva ahora!","robots":{"index":"index","follow":"follow","max-snippet":"max-snippet:-1","max-image-preview":"max-image-preview:large","max-video-preview":"max-video-preview:-1"},"canonical":"https:\/\/luggagehero.com\/es\/londres\/estacion-de-paddington\/","og_locale":"es_ES","og_type":"article","og_title":"Estaci\u00f3n de Paddington","og_description":"Consigna de equipaje f\u00e1cil, c\u00f3moda y barata cerca de la estaci\u00f3n de Paddington. A partir de 1 \u00a3\/hora. Incluye seguro de 2.200 \u00a3. Se coloca un precinto de seguridad en cada maleta. \u00a1Reserva ahora!","og_url":"https:\/\/luggagehero.com\/es\/londres\/estacion-de-paddington\/","og_site_name":"LuggageHero","article_publisher":"https:\/\/www.facebook.com\/luggagehero","article_modified_time":"2023-08-22T11:12:30+00:00","og_image":[{"url":"https:\/\/luggagehero.com\/wp-content\/uploads\/2018\/09\/Paddington_station_luggage_storage-720x406.jpg","type":"","width":"","height":""}],"twitter_card":"summary_large_image","twitter_site":"@luggagehero","twitter_misc":{"Est. reading time":"3 minutes"},"schema":{"@context":"https:\/\/schema.org","@graph":[{"@type":"WebPage","@id":"https:\/\/luggagehero.com\/es\/londres\/estacion-de-paddington\/","url":"https:\/\/luggagehero.com\/es\/londres\/estacion-de-paddington\/","name":"Consigna de equipaje estaci\u00f3n de Paddington - 7 d\u00edas a la semana - a partir de 1 \u00a3\/hora","isPartOf":{"@id":"https:\/\/luggagehero.com\/es\/#website"},"primaryImageOfPage":{"@id":"https:\/\/luggagehero.com\/es\/londres\/estacion-de-paddington\/#primaryimage"},"image":{"@id":"https:\/\/luggagehero.com\/es\/londres\/estacion-de-paddington\/#primaryimage"},"thumbnailUrl":"https:\/\/luggagehero.com\/wp-content\/uploads\/2018\/09\/Paddington_station_luggage_storage-720x406.jpg","datePublished":"2019-11-05T12:09:58+00:00","dateModified":"2023-08-22T11:12:30+00:00","description":"Consigna de equipaje f\u00e1cil, c\u00f3moda y barata cerca de la estaci\u00f3n de Paddington. A partir de 1 \u00a3\/hora. Incluye seguro de 2.200 \u00a3. Se coloca un precinto de seguridad en cada maleta. \u00a1Reserva ahora!","breadcrumb":{"@id":"https:\/\/luggagehero.com\/es\/londres\/estacion-de-paddington\/#breadcrumb"},"inLanguage":"es-ES","potentialAction":[{"@type":"ReadAction","target":["https:\/\/luggagehero.com\/es\/londres\/estacion-de-paddington\/"]}]},{"@type":"ImageObject","inLanguage":"es-ES","@id":"https:\/\/luggagehero.com\/es\/londres\/estacion-de-paddington\/#primaryimage","url":"https:\/\/luggagehero.com\/wp-content\/uploads\/2018\/09\/Paddington_station_luggage_storage-720x406.jpg","contentUrl":"https:\/\/luggagehero.com\/wp-content\/uploads\/2018\/09\/Paddington_station_luggage_storage-720x406.jpg"},{"@type":"BreadcrumbList","@id":"https:\/\/luggagehero.com\/es\/londres\/estacion-de-paddington\/#breadcrumb","itemListElement":[{"@type":"ListItem","position":1,"name":"Home","item":"https:\/\/luggagehero.com\/es\/"},{"@type":"ListItem","position":2,"name":"Londres","item":"https:\/\/luggagehero.com\/es\/londres\/"},{"@type":"ListItem","position":3,"name":"Estaci\u00f3n de Paddington"}]},{"@type":"WebSite","@id":"https:\/\/luggagehero.com\/es\/#website","url":"https:\/\/luggagehero.com\/es\/","name":"LuggageHero","description":"Free yourself from luggage","publisher":{"@id":"https:\/\/luggagehero.com\/es\/#organization"},"potentialAction":[{"@type":"SearchAction","target":{"@type":"EntryPoint","urlTemplate":"https:\/\/luggagehero.com\/es\/?s={search_term_string}"},"query-input":{"@type":"PropertyValueSpecification","valueRequired":true,"valueName":"search_term_string"}}],"inLanguage":"es-ES"},{"@type":"Organization","@id":"https:\/\/luggagehero.com\/es\/#organization","name":"LuggageHero","url":"https:\/\/luggagehero.com\/es\/","logo":{"@type":"ImageObject","inLanguage":"es-ES","@id":"https:\/\/luggagehero.com\/es\/#\/schema\/logo\/image\/","url":"https:\/\/luggagehero.com\/wp-content\/uploads\/2017\/04\/luggagehero_LOGO-RGB_kort_POS_200x200.png","contentUrl":"https:\/\/luggagehero.com\/wp-content\/uploads\/2017\/04\/luggagehero_LOGO-RGB_kort_POS_200x200.png","width":200,"height":200,"caption":"LuggageHero"},"image":{"@id":"https:\/\/luggagehero.com\/es\/#\/schema\/logo\/image\/"},"sameAs":["https:\/\/www.facebook.com\/luggagehero","https:\/\/x.com\/luggagehero","https:\/\/www.instagram.com\/luggagehero","https:\/\/www.linkedin.com\/company\/luggagehero\/"]}]}},"place_id":"","place_latitude_longitude":"51.5167,-0.1769","place_name":"Estaci\u00f3n de Paddington","criteria_title":"","criteria_description":"","meta_title":"","meta_description":"","children_criteria_title":"","children_criteria_description":"","children_meta_title":"","children_meta_description":"","_edit_last":"46","use_global_content":"","poi_type":"PublicTransit","content_raw":"<h1><strong>Consignas en Paddington Station<\/strong><\/h1>\r\n\u00bfNecesitas dejar el equipaje cerca de la estaci\u00f3n de Paddington? \u00a1Es facil\u00edsimo!\r\n\r\nDeja tus cosas en una de nuestras consignas de equipaje que hay en los alrededores. Cuando dejes el equipaje con LuggageHero, los establecimientos locales de los alrededores de la estaci\u00f3n de Paddington se ocupar\u00e1n de tus cosas. Todas las maletas se precintan con nuestro <a href=\"https:\/\/luggagehero.com\/about\/security-seal\/\">precinto de seguridad <\/a> a prueba de manipulaciones y <a href=\"https:\/\/luggagehero.com\/about\/insurance\/\">se aseguran<\/a> hasta un valor de [pricing insurancecoverage]. Nos encargamos f\u00e1cilmente de la consigna a lo largo de toda la noche gracias a nuestro tope diario de [pricing dailyrate] por maleta.\r\n\r\n&nbsp;\r\n\r\nLuggageHero ya ha permitido a los viajeros disfrutar de Londres sin ning\u00fan estorbo durante 600.000 horas. Encuentra y reserva la consigna de equipaje con uno de nuestros colaboradores <a href=\"https:\/\/luggagehero.com\/about\/certified-shops\/\">certificados<\/a> y convierte los d\u00edas de viaje en d\u00edas de vacaciones. Nuestro cron\u00f3metro garantiza que solo pagues por las horas que tu equipaje pase en la consigna.\r\n<h2><\/h2>\r\n<h2 style=\"text-align: center;\"><img class=\"alignnone wp-image-3592\" src=\"https:\/\/luggagehero.com\/wp-content\/uploads\/2018\/09\/Paddington_station_luggage_storage-720x406.jpg\" alt=\"Estaci\u00f3n de Paddington consigna de equipaje\" width=\"499\" height=\"282\" \/><\/h2>\r\n<h2 style=\"text-align: center;\">Estaci\u00f3n de Paddington<\/h2>\r\nCon LuggageHero, ganar\u00e1s tiempo para tus vacaciones al evitar las colas de las consignas de toda la vida y tambi\u00e9n ahorrar\u00e1s dinero. Precintamos y cubrimos tu equipaje hasta [pricing insurancecoverage] con First Insurance. Te damos la soluci\u00f3n perfecta para descubrir <a href=\"https:\/\/luggagehero.com\/es\/londres\/\">Londres<\/a> sin tener que cargar el equipaje.\r\n\r\nLa estaci\u00f3n de Paddington es una terminal de Londres con dos trenes que van al aeropuerto de Heathrow: El <a href=\"https:\/\/www.heathrowexpress.com\" rel=\"nofollow\">Heathrow Express<\/a> hace el trayecto sin paradas con una tarifa premium, mientras que el <a href=\"https:\/\/www.heathrowconnect.com\" rel=\"nofollow\">Heathrow Connect<\/a> realiza la misma ruta, pero para en la mayor\u00eda de estaciones. Desde la estaci\u00f3n de Paddington, tienes acceso directo a <a href=\"https:\/\/luggagehero.com\/es\/londres\/estacion-de-kings-cross\/\">la estaci\u00f3n de King\u2019s Cross <\/a>, <a href=\"https:\/\/luggagehero.com\/es\/londres\/victoria-station\/\">Victoria Station<\/a>, <a href=\"https:\/\/luggagehero.com\/es\/londres\/estacion-de-liverpool-street\/\">la estaci\u00f3n de Liverpool Street<\/a> y <a href=\"https:\/\/luggagehero.com\/es\/londres\/estacion-de-waterloo\/\">la estaci\u00f3n de Waterloo<\/a>.\r\n\r\nEl Heathrow Express pasa por las v\u00edas 6 y 7. En la oficina de venta de billetes del Heathrow Express que hay cerca de estas v\u00edas, hay una pantalla con informaci\u00f3n de los vuelos para los pasajeros que tienen que coger un avi\u00f3n.\r\n\r\nSi buscas consigna de equipaje para varios d\u00edas, puedes dejarnos las cosas sin f\u00e1cilmente. Nunca pagar\u00e1s m\u00e1s de 10 \u00a3\/d\u00eda por maleta\r\n\r\nLa oficina de venta de billetes de la estaci\u00f3n de Paddington abre las 24 horas y la gestiona Great Western Railway. En el vest\u00edbulo encontrar\u00e1s m\u00e1quinas expendedoras de billetes. La estaci\u00f3n tambi\u00e9n ofrece ba\u00f1os y cambiadores para beb\u00e9s por un precio de 30 peniques y se encuentran en la zona a la que se accede despu\u00e9s de validar el billete. Hay WiFi disponible con acceso a internet inal\u00e1mbrico de prepago a cargo de <a href=\"https:\/\/www.btwifi.co.uk\/\" rel=\"nofollow\">BT Wi-Fi<\/a>","_links":{"self":[{"href":"https:\/\/luggagehero.com\/es\/wp-json\/wp\/v2\/pages\/11389","targetHints":{"allow":["GET"]}}],"collection":[{"href":"https:\/\/luggagehero.com\/es\/wp-json\/wp\/v2\/pages"}],"about":[{"href":"https:\/\/luggagehero.com\/es\/wp-json\/wp\/v2\/types\/page"}],"author":[{"embeddable":true,"href":"https:\/\/luggagehero.com\/es\/wp-json\/wp\/v2\/users\/4"}],"replies":[{"embeddable":true,"href":"https:\/\/luggagehero.com\/es\/wp-json\/wp\/v2\/comments?post=11389"}],"version-history":[{"count":0,"href":"https:\/\/luggagehero.com\/es\/wp-json\/wp\/v2\/pages\/11389\/revisions"}],"up":[{"embeddable":true,"href":"https:\/\/luggagehero.com\/es\/wp-json\/wp\/v2\/pages\/7287"}],"wp:attachment":[{"href":"https:\/\/luggagehero.com\/es\/wp-json\/wp\/v2\/media?parent=11389"}],"curies":[{"name":"wp","href":"https:\/\/api.w.org\/{rel}","templated":true}]}}