{"id":11392,"date":"2019-11-05T12:09:59","date_gmt":"2019-11-05T12:09:59","guid":{"rendered":"https:\/\/luggagehero.com\/londres\/estacion-de-kings-cross\/"},"modified":"2023-09-04T11:29:27","modified_gmt":"2023-09-04T11:29:27","slug":"estacion-de-kings-cross-2","status":"publish","type":"page","link":"https:\/\/luggagehero.com\/es\/londres\/estacion-de-kings-cross-2\/","title":{"rendered":"Estaci\u00f3n de King\u2019s Cross"},"content":{"rendered":"<p>\u00bfBuscas una consigna de equipaje en la estaci\u00f3n de King\u2019s Cross? En los alrededores de la estaci\u00f3n disponemos de diversas ubicaciones en las que puedes dejar el equipaje. Cuando dejes el equipaje con LuggageHero, los establecimientos locales de los alrededores de King\u2019s Cross se ocupar\u00e1n de tus cosas mientras visitas la zona.<\/p>\n<p>Las consignas de equipaje de LuggageHero son hoteles, cafeter\u00edas y tiendas\u00a0<a href=\"https:\/\/luggagehero.com\/about\/certified-shops\/\">certificados<\/a>. Las reservas anticipadas garantizan que tengas espacio para tus maletas. Sin embargo, las puedes cancelar sin ninguna penalizaci\u00f3n. La direcci\u00f3n y las indicaciones para llegar se facilitan en el momento de la reserva y se te env\u00edan por e-mail.<\/p>\n<p>LuggageHero utiliza un cron\u00f3metro para calcular las horas utilizadas. Cuando llegues a la consigna, pondr\u00e1s en marcha el cron\u00f3metro de tu p\u00e1gina de reserva y lo parar\u00e1s cuando recojas el equipaje. A continuaci\u00f3n, se proceder\u00e1 al procesamiento del pago. Todas las maletas se precintan con nuestro <a href=\"https:\/\/luggagehero.com\/about\/security-seal\/\">precinto de seguridad<\/a>\u00a0y se asegura cada bulto de equipaje hasta un importe de <pricing-component type=\"insurancecoverage\"><\/pricing-component>. Si tienes que dejar las maletas toda la noche, te lo ponemos f\u00e1cil.<\/p>\n<p><img loading=\"lazy\" decoding=\"async\" class=\"wp-image-5073 size-large aligncenter\" title=\"Estaci\u00f3n de King\u2019s Cross consigna de equipaje\" src=\"https:\/\/luggagehero.com\/wp-content\/uploads\/2019\/01\/Kings_cross_station_luggage_storage-800x450.jpg\" alt=\"Consigna de equipaje Estaci\u00f3n de King\u2019s cross\" width=\"800\" height=\"450\" srcset=\"https:\/\/luggagehero.com\/wp-content\/uploads\/2019\/01\/Kings_cross_station_luggage_storage-800x450.jpg 800w, https:\/\/luggagehero.com\/wp-content\/uploads\/2019\/01\/Kings_cross_station_luggage_storage-300x169.jpg 300w, https:\/\/luggagehero.com\/wp-content\/uploads\/2019\/01\/Kings_cross_station_luggage_storage-600x338.jpg 600w, https:\/\/luggagehero.com\/wp-content\/uploads\/2019\/01\/Kings_cross_station_luggage_storage.jpg 2000w\" sizes=\"auto, (max-width: 800px) 100vw, 800px\" \/><\/p>\n<h2 style=\"text-align: center;\">Estaci\u00f3n de King\u2019s Cross<\/h2>\n<p>\u00bfQuieres perder tiempo de tus vacaciones haciendo cola en una consigna de equipaje de toda la vida? \u00bfO conoces los problemas que da tener que meter todas tus cosas en una taquilla de la estaci\u00f3n? \u00a1Todo eso se acab\u00f3!<\/p>\n<p>Deja que <a href=\"https:\/\/luggagehero.com\">LuggageHero<\/a>\u00a0te ayude a que dejar el equipaje sea una experiencia sencilla y sin complicaciones. Descubre Londres f\u00e1cilmente sin tener que cargar las maletas.<\/p>\n<p>La estaci\u00f3n de King\u2019s Cross, tambi\u00e9n conocida como London King\u2019s Cross, es una estaci\u00f3n de tren del centro de Londres. Por ella pasan diversas l\u00edneas que conectan con la estaci\u00f3n de metro de King\u2019s Cross St Pancras; Circle, Hammersmith y City, Metropolitan, Northern (sucursal bancaria), <a href=\"https:\/\/luggagehero.com\/london\/piccadilly-circus\/\">Piccadilly<\/a> y <a href=\"https:\/\/luggagehero.com\/london\/victoria-station\/\">Victoria.<\/a>\u00a0Podr\u00e1s llegar f\u00e1cilmente a cualquier punto de <a href=\"https:\/\/luggagehero.com\/london\/\">Londres<\/a>. \u00a1Nos encargamos de tu maleta vayas donde vayas!<\/p>\n<p>Desde King\u2019s Cross, tambi\u00e9n tienes acceso directo al <a href=\"https:\/\/luggagehero.com\/london\/st-pancras-international\/\">Palacio de Buckingham<\/a>, el <a href=\"https:\/\/luggagehero.com\/london\/british-museum\/\">British Museum<\/a>, <a href=\"https:\/\/luggagehero.com\/london\/london-bridge\/\">London Bridge<\/a> y el <a href=\"https:\/\/luggagehero.com\/london\/wembley-stadium\/\">estadio de Wembley<\/a> en un trayecto de tan solo 33 minutos.<\/p>\n<p>La <a href=\"https:\/\/luggagehero.com\/london\/st-pancras-international\/\">estaci\u00f3n internacional de St Pancras<\/a>, por donde pasa el Eurostar, tambi\u00e9n est\u00e1 situada justo al lado de la estaci\u00f3n de King\u2019s Cross. Cerca de la estaci\u00f3n de King\u2019s Cross encontrar\u00e1s diversos lugares de inter\u00e9s como la British Library y Regent\u2019s Park.<\/p>\n<p>A continuaci\u00f3n, encontrar\u00e1s un poco de informaci\u00f3n sobre King\u2019s Cross:<\/p>\n<ul>\n<li>La oficina de venta de billetes de King\u2019s Cross abre de 5:00 a 1:30 de lunes a viernes y los domingos. El horario del s\u00e1bado es de 5:00 a 00:30.<\/li>\n<li>La estaci\u00f3n permanece abierta hasta que sale el \u00faltimo tren.<\/li>\n<li>En el vest\u00edbulo encontrar\u00e1s m\u00e1quinas expendedoras de billetes.<\/li>\n<li>Hay ba\u00f1os y cambiadores para beb\u00e9s y est\u00e1n situados antes de las puertas para validar el billete.<\/li>\n<li>Hay WiFi disponible con acceso a internet inal\u00e1mbrico de prepago a cargo de BT Wi-Fi<\/li>\n<li>La estaci\u00f3n tambi\u00e9n cuenta con una oficina de cambio de divisa y cajeros autom\u00e1ticos.<\/li>\n<li>En la estaci\u00f3n encontrar\u00e1s diversos establecimientos donde comer, beber y hacer compras.<\/li>\n<li>Consigna de equipaje con tarifa diaria<\/li>\n<\/ul>\n","protected":false},"excerpt":{"rendered":"<p>\u00bfBuscas una consigna de equipaje en la estaci\u00f3n de King\u2019s Cross? En los alrededores de la estaci\u00f3n disponemos de diversas ubicaciones en las que puedes dejar el equipaje. Cuando dejes el equipaje con LuggageHero, los establecimientos locales de los alrededores de King\u2019s Cross se ocupar\u00e1n de tus cosas mientras visitas la zona. Las consignas de [&hellip;]<\/p>\n","protected":false},"author":9,"featured_media":46443,"parent":7287,"menu_order":0,"comment_status":"closed","ping_status":"closed","template":"template-location.php","meta":{"_acf_changed":false,"footnotes":""},"class_list":["post-11392","page","type-page","status-publish","has-post-thumbnail","hentry"],"acf":[],"yoast_head":"<!-- This site is optimized with the Yoast SEO Premium plugin v27.0 (Yoast SEO v27.0) - https:\/\/yoast.com\/product\/yoast-seo-premium-wordpress\/ -->\n<title>Consigna de equipaje estaci\u00f3n de King\u2019s Cross - 7 d\u00edas a la semana - a partir de 1 \u00a3\/hora<\/title>\n<meta name=\"description\" content=\"Consigna de equipaje c\u00f3moda y segura cerca de la estaci\u00f3n de King\u2019s Cross. A partir de 1 \u00a3\/hora. Incluye un seguro de 2.200 \u00a3. Se coloca un precinto de seguridad en cada maleta.\" \/>\n<meta name=\"robots\" content=\"index, follow, max-snippet:-1, max-image-preview:large, max-video-preview:-1\" \/>\n<link rel=\"canonical\" href=\"https:\/\/luggagehero.com\/es\/londres\/estacion-de-kings-cross-2\/\" \/>\n<meta property=\"og:locale\" content=\"es_ES\" \/>\n<meta property=\"og:type\" content=\"article\" \/>\n<meta property=\"og:title\" content=\"Estaci\u00f3n de King\u2019s Cross\" \/>\n<meta property=\"og:description\" content=\"Consigna de equipaje c\u00f3moda y segura cerca de la estaci\u00f3n de King\u2019s Cross. A partir de 1 \u00a3\/hora. Incluye un seguro de 2.200 \u00a3. Se coloca un precinto de seguridad en cada maleta.\" \/>\n<meta property=\"og:url\" content=\"https:\/\/luggagehero.com\/es\/londres\/estacion-de-kings-cross-2\/\" \/>\n<meta property=\"og:site_name\" content=\"LuggageHero\" \/>\n<meta property=\"article:publisher\" content=\"https:\/\/www.facebook.com\/luggagehero\" \/>\n<meta property=\"article:modified_time\" content=\"2023-09-04T11:29:27+00:00\" \/>\n<meta property=\"og:image\" content=\"https:\/\/luggagehero.com\/wp-content\/uploads\/2022\/06\/b2fff25a-63ba-11ea-abcc-910c5b38d9ed.jpeg\" \/>\n\t<meta property=\"og:image:width\" content=\"2048\" \/>\n\t<meta property=\"og:image:height\" content=\"1152\" \/>\n\t<meta property=\"og:image:type\" content=\"image\/jpeg\" \/>\n<meta name=\"twitter:card\" content=\"summary_large_image\" \/>\n<meta name=\"twitter:site\" content=\"@luggagehero\" \/>\n<meta name=\"twitter:label1\" content=\"Est. reading time\" \/>\n\t<meta name=\"twitter:data1\" content=\"3 minutes\" \/>\n<script type=\"application\/ld+json\" class=\"yoast-schema-graph\">{\"@context\":\"https:\/\/schema.org\",\"@graph\":[{\"@type\":\"WebPage\",\"@id\":\"https:\/\/luggagehero.com\/es\/londres\/estacion-de-kings-cross-2\/\",\"url\":\"https:\/\/luggagehero.com\/es\/londres\/estacion-de-kings-cross-2\/\",\"name\":\"Consigna de equipaje estaci\u00f3n de King\u2019s Cross - 7 d\u00edas a la semana - a partir de 1 \u00a3\/hora\",\"isPartOf\":{\"@id\":\"https:\/\/luggagehero.com\/es\/#website\"},\"primaryImageOfPage\":{\"@id\":\"https:\/\/luggagehero.com\/es\/londres\/estacion-de-kings-cross-2\/#primaryimage\"},\"image\":{\"@id\":\"https:\/\/luggagehero.com\/es\/londres\/estacion-de-kings-cross-2\/#primaryimage\"},\"thumbnailUrl\":\"https:\/\/luggagehero.com\/wp-content\/uploads\/2022\/06\/b2fff25a-63ba-11ea-abcc-910c5b38d9ed.jpeg\",\"datePublished\":\"2019-11-05T12:09:59+00:00\",\"dateModified\":\"2023-09-04T11:29:27+00:00\",\"description\":\"Consigna de equipaje c\u00f3moda y segura cerca de la estaci\u00f3n de King\u2019s Cross. A partir de 1 \u00a3\/hora. Incluye un seguro de 2.200 \u00a3. Se coloca un precinto de seguridad en cada maleta.\",\"breadcrumb\":{\"@id\":\"https:\/\/luggagehero.com\/es\/londres\/estacion-de-kings-cross-2\/#breadcrumb\"},\"inLanguage\":\"es-ES\",\"potentialAction\":[{\"@type\":\"ReadAction\",\"target\":[\"https:\/\/luggagehero.com\/es\/londres\/estacion-de-kings-cross-2\/\"]}]},{\"@type\":\"ImageObject\",\"inLanguage\":\"es-ES\",\"@id\":\"https:\/\/luggagehero.com\/es\/londres\/estacion-de-kings-cross-2\/#primaryimage\",\"url\":\"https:\/\/luggagehero.com\/wp-content\/uploads\/2022\/06\/b2fff25a-63ba-11ea-abcc-910c5b38d9ed.jpeg\",\"contentUrl\":\"https:\/\/luggagehero.com\/wp-content\/uploads\/2022\/06\/b2fff25a-63ba-11ea-abcc-910c5b38d9ed.jpeg\",\"width\":2048,\"height\":1152,\"caption\":\"Coal Drops Yard, King's Cross\"},{\"@type\":\"BreadcrumbList\",\"@id\":\"https:\/\/luggagehero.com\/es\/londres\/estacion-de-kings-cross-2\/#breadcrumb\",\"itemListElement\":[{\"@type\":\"ListItem\",\"position\":1,\"name\":\"Home\",\"item\":\"https:\/\/luggagehero.com\/es\/\"},{\"@type\":\"ListItem\",\"position\":2,\"name\":\"Londres\",\"item\":\"https:\/\/luggagehero.com\/es\/londres\/\"},{\"@type\":\"ListItem\",\"position\":3,\"name\":\"Estaci\u00f3n de King\u2019s Cross\"}]},{\"@type\":\"WebSite\",\"@id\":\"https:\/\/luggagehero.com\/es\/#website\",\"url\":\"https:\/\/luggagehero.com\/es\/\",\"name\":\"LuggageHero\",\"description\":\"Free yourself from luggage\",\"publisher\":{\"@id\":\"https:\/\/luggagehero.com\/es\/#organization\"},\"potentialAction\":[{\"@type\":\"SearchAction\",\"target\":{\"@type\":\"EntryPoint\",\"urlTemplate\":\"https:\/\/luggagehero.com\/es\/?s={search_term_string}\"},\"query-input\":{\"@type\":\"PropertyValueSpecification\",\"valueRequired\":true,\"valueName\":\"search_term_string\"}}],\"inLanguage\":\"es-ES\"},{\"@type\":\"Organization\",\"@id\":\"https:\/\/luggagehero.com\/es\/#organization\",\"name\":\"LuggageHero\",\"url\":\"https:\/\/luggagehero.com\/es\/\",\"logo\":{\"@type\":\"ImageObject\",\"inLanguage\":\"es-ES\",\"@id\":\"https:\/\/luggagehero.com\/es\/#\/schema\/logo\/image\/\",\"url\":\"https:\/\/luggagehero.com\/wp-content\/uploads\/2017\/04\/luggagehero_LOGO-RGB_kort_POS_200x200.png\",\"contentUrl\":\"https:\/\/luggagehero.com\/wp-content\/uploads\/2017\/04\/luggagehero_LOGO-RGB_kort_POS_200x200.png\",\"width\":200,\"height\":200,\"caption\":\"LuggageHero\"},\"image\":{\"@id\":\"https:\/\/luggagehero.com\/es\/#\/schema\/logo\/image\/\"},\"sameAs\":[\"https:\/\/www.facebook.com\/luggagehero\",\"https:\/\/x.com\/luggagehero\",\"https:\/\/www.instagram.com\/luggagehero\",\"https:\/\/www.linkedin.com\/company\/luggagehero\/\"]}]}<\/script>\n<!-- \/ Yoast SEO Premium plugin. -->","yoast_head_json":{"title":"Consigna de equipaje estaci\u00f3n de King\u2019s Cross - 7 d\u00edas a la semana - a partir de 1 \u00a3\/hora","description":"Consigna de equipaje c\u00f3moda y segura cerca de la estaci\u00f3n de King\u2019s Cross. A partir de 1 \u00a3\/hora. Incluye un seguro de 2.200 \u00a3. Se coloca un precinto de seguridad en cada maleta.","robots":{"index":"index","follow":"follow","max-snippet":"max-snippet:-1","max-image-preview":"max-image-preview:large","max-video-preview":"max-video-preview:-1"},"canonical":"https:\/\/luggagehero.com\/es\/londres\/estacion-de-kings-cross-2\/","og_locale":"es_ES","og_type":"article","og_title":"Estaci\u00f3n de King\u2019s Cross","og_description":"Consigna de equipaje c\u00f3moda y segura cerca de la estaci\u00f3n de King\u2019s Cross. A partir de 1 \u00a3\/hora. Incluye un seguro de 2.200 \u00a3. Se coloca un precinto de seguridad en cada maleta.","og_url":"https:\/\/luggagehero.com\/es\/londres\/estacion-de-kings-cross-2\/","og_site_name":"LuggageHero","article_publisher":"https:\/\/www.facebook.com\/luggagehero","article_modified_time":"2023-09-04T11:29:27+00:00","og_image":[{"width":2048,"height":1152,"url":"https:\/\/luggagehero.com\/wp-content\/uploads\/2022\/06\/b2fff25a-63ba-11ea-abcc-910c5b38d9ed.jpeg","type":"image\/jpeg"}],"twitter_card":"summary_large_image","twitter_site":"@luggagehero","twitter_misc":{"Est. reading time":"3 minutes"},"schema":{"@context":"https:\/\/schema.org","@graph":[{"@type":"WebPage","@id":"https:\/\/luggagehero.com\/es\/londres\/estacion-de-kings-cross-2\/","url":"https:\/\/luggagehero.com\/es\/londres\/estacion-de-kings-cross-2\/","name":"Consigna de equipaje estaci\u00f3n de King\u2019s Cross - 7 d\u00edas a la semana - a partir de 1 \u00a3\/hora","isPartOf":{"@id":"https:\/\/luggagehero.com\/es\/#website"},"primaryImageOfPage":{"@id":"https:\/\/luggagehero.com\/es\/londres\/estacion-de-kings-cross-2\/#primaryimage"},"image":{"@id":"https:\/\/luggagehero.com\/es\/londres\/estacion-de-kings-cross-2\/#primaryimage"},"thumbnailUrl":"https:\/\/luggagehero.com\/wp-content\/uploads\/2022\/06\/b2fff25a-63ba-11ea-abcc-910c5b38d9ed.jpeg","datePublished":"2019-11-05T12:09:59+00:00","dateModified":"2023-09-04T11:29:27+00:00","description":"Consigna de equipaje c\u00f3moda y segura cerca de la estaci\u00f3n de King\u2019s Cross. A partir de 1 \u00a3\/hora. Incluye un seguro de 2.200 \u00a3. Se coloca un precinto de seguridad en cada maleta.","breadcrumb":{"@id":"https:\/\/luggagehero.com\/es\/londres\/estacion-de-kings-cross-2\/#breadcrumb"},"inLanguage":"es-ES","potentialAction":[{"@type":"ReadAction","target":["https:\/\/luggagehero.com\/es\/londres\/estacion-de-kings-cross-2\/"]}]},{"@type":"ImageObject","inLanguage":"es-ES","@id":"https:\/\/luggagehero.com\/es\/londres\/estacion-de-kings-cross-2\/#primaryimage","url":"https:\/\/luggagehero.com\/wp-content\/uploads\/2022\/06\/b2fff25a-63ba-11ea-abcc-910c5b38d9ed.jpeg","contentUrl":"https:\/\/luggagehero.com\/wp-content\/uploads\/2022\/06\/b2fff25a-63ba-11ea-abcc-910c5b38d9ed.jpeg","width":2048,"height":1152,"caption":"Coal Drops Yard, King's Cross"},{"@type":"BreadcrumbList","@id":"https:\/\/luggagehero.com\/es\/londres\/estacion-de-kings-cross-2\/#breadcrumb","itemListElement":[{"@type":"ListItem","position":1,"name":"Home","item":"https:\/\/luggagehero.com\/es\/"},{"@type":"ListItem","position":2,"name":"Londres","item":"https:\/\/luggagehero.com\/es\/londres\/"},{"@type":"ListItem","position":3,"name":"Estaci\u00f3n de King\u2019s Cross"}]},{"@type":"WebSite","@id":"https:\/\/luggagehero.com\/es\/#website","url":"https:\/\/luggagehero.com\/es\/","name":"LuggageHero","description":"Free yourself from luggage","publisher":{"@id":"https:\/\/luggagehero.com\/es\/#organization"},"potentialAction":[{"@type":"SearchAction","target":{"@type":"EntryPoint","urlTemplate":"https:\/\/luggagehero.com\/es\/?s={search_term_string}"},"query-input":{"@type":"PropertyValueSpecification","valueRequired":true,"valueName":"search_term_string"}}],"inLanguage":"es-ES"},{"@type":"Organization","@id":"https:\/\/luggagehero.com\/es\/#organization","name":"LuggageHero","url":"https:\/\/luggagehero.com\/es\/","logo":{"@type":"ImageObject","inLanguage":"es-ES","@id":"https:\/\/luggagehero.com\/es\/#\/schema\/logo\/image\/","url":"https:\/\/luggagehero.com\/wp-content\/uploads\/2017\/04\/luggagehero_LOGO-RGB_kort_POS_200x200.png","contentUrl":"https:\/\/luggagehero.com\/wp-content\/uploads\/2017\/04\/luggagehero_LOGO-RGB_kort_POS_200x200.png","width":200,"height":200,"caption":"LuggageHero"},"image":{"@id":"https:\/\/luggagehero.com\/es\/#\/schema\/logo\/image\/"},"sameAs":["https:\/\/www.facebook.com\/luggagehero","https:\/\/x.com\/luggagehero","https:\/\/www.instagram.com\/luggagehero","https:\/\/www.linkedin.com\/company\/luggagehero\/"]}]}},"place_id":"","place_latitude_longitude":"51.5311,-0.1245","place_name":"Estaci\u00f3n de King\u2019s Cross","criteria_title":"","criteria_description":"","meta_title":"","meta_description":"","children_criteria_title":"","children_criteria_description":"","children_meta_title":"","children_meta_description":"","_edit_last":"46","use_global_content":"","poi_type":"PublicTransit","content_raw":"\u00bfBuscas una consigna de equipaje en la estaci\u00f3n de King\u2019s Cross? En los alrededores de la estaci\u00f3n disponemos de diversas ubicaciones en las que puedes dejar el equipaje. Cuando dejes el equipaje con LuggageHero, los establecimientos locales de los alrededores de King\u2019s Cross se ocupar\u00e1n de tus cosas mientras visitas la zona.\r\n\r\nLas consignas de equipaje de LuggageHero son hoteles, cafeter\u00edas y tiendas\u00a0<a href=\"https:\/\/luggagehero.com\/about\/certified-shops\/\">certificados<\/a>. Las reservas anticipadas garantizan que tengas espacio para tus maletas. Sin embargo, las puedes cancelar sin ninguna penalizaci\u00f3n. La direcci\u00f3n y las indicaciones para llegar se facilitan en el momento de la reserva y se te env\u00edan por e-mail.\r\n\r\nLuggageHero utiliza un cron\u00f3metro para calcular las horas utilizadas. Cuando llegues a la consigna, pondr\u00e1s en marcha el cron\u00f3metro de tu p\u00e1gina de reserva y lo parar\u00e1s cuando recojas el equipaje. A continuaci\u00f3n, se proceder\u00e1 al procesamiento del pago. Todas las maletas se precintan con nuestro <a href=\"https:\/\/luggagehero.com\/about\/security-seal\/\">precinto de seguridad<\/a>\u00a0y se asegura cada bulto de equipaje hasta un importe de [pricing insurancecoverage]. Si tienes que dejar las maletas toda la noche, te lo ponemos f\u00e1cil.\r\n\r\n<img class=\"wp-image-5073 size-large aligncenter\" title=\"Estaci\u00f3n de King\u2019s Cross consigna de equipaje\" src=\"https:\/\/luggagehero.com\/wp-content\/uploads\/2019\/01\/Kings_cross_station_luggage_storage-800x450.jpg\" alt=\"Consigna de equipaje Estaci\u00f3n de King\u2019s cross\" width=\"800\" height=\"450\" \/>\r\n<h2 style=\"text-align: center;\">Estaci\u00f3n de King\u2019s Cross<\/h2>\r\n\u00bfQuieres perder tiempo de tus vacaciones haciendo cola en una consigna de equipaje de toda la vida? \u00bfO conoces los problemas que da tener que meter todas tus cosas en una taquilla de la estaci\u00f3n? \u00a1Todo eso se acab\u00f3!\r\n\r\nDeja que <a href=\"https:\/\/luggagehero.com\">LuggageHero<\/a>\u00a0te ayude a que dejar el equipaje sea una experiencia sencilla y sin complicaciones. Descubre Londres f\u00e1cilmente sin tener que cargar las maletas.\r\n\r\nLa estaci\u00f3n de King\u2019s Cross, tambi\u00e9n conocida como London King\u2019s Cross, es una estaci\u00f3n de tren del centro de Londres. Por ella pasan diversas l\u00edneas que conectan con la estaci\u00f3n de metro de King\u2019s Cross St Pancras; Circle, Hammersmith y City, Metropolitan, Northern (sucursal bancaria), <a href=\"https:\/\/luggagehero.com\/london\/piccadilly-circus\/\">Piccadilly<\/a> y <a href=\"https:\/\/luggagehero.com\/london\/victoria-station\/\">Victoria.<\/a>\u00a0Podr\u00e1s llegar f\u00e1cilmente a cualquier punto de <a href=\"https:\/\/luggagehero.com\/london\/\">Londres<\/a>. \u00a1Nos encargamos de tu maleta vayas donde vayas!\r\n\r\nDesde King\u2019s Cross, tambi\u00e9n tienes acceso directo al <a href=\"https:\/\/luggagehero.com\/london\/st-pancras-international\/\">Palacio de Buckingham<\/a>, el <a href=\"https:\/\/luggagehero.com\/london\/british-museum\/\">British Museum<\/a>, <a href=\"https:\/\/luggagehero.com\/london\/london-bridge\/\">London Bridge<\/a> y el <a href=\"https:\/\/luggagehero.com\/london\/wembley-stadium\/\">estadio de Wembley<\/a> en un trayecto de tan solo 33 minutos.\r\n\r\nLa <a href=\"https:\/\/luggagehero.com\/london\/st-pancras-international\/\">estaci\u00f3n internacional de St Pancras<\/a>, por donde pasa el Eurostar, tambi\u00e9n est\u00e1 situada justo al lado de la estaci\u00f3n de King\u2019s Cross. Cerca de la estaci\u00f3n de King\u2019s Cross encontrar\u00e1s diversos lugares de inter\u00e9s como la British Library y Regent\u2019s Park.\r\n\r\nA continuaci\u00f3n, encontrar\u00e1s un poco de informaci\u00f3n sobre King\u2019s Cross:\r\n<ul>\r\n \t<li>La oficina de venta de billetes de King\u2019s Cross abre de 5:00 a 1:30 de lunes a viernes y los domingos. El horario del s\u00e1bado es de 5:00 a 00:30.<\/li>\r\n \t<li>La estaci\u00f3n permanece abierta hasta que sale el \u00faltimo tren.<\/li>\r\n \t<li>En el vest\u00edbulo encontrar\u00e1s m\u00e1quinas expendedoras de billetes.<\/li>\r\n \t<li>Hay ba\u00f1os y cambiadores para beb\u00e9s y est\u00e1n situados antes de las puertas para validar el billete.<\/li>\r\n \t<li>Hay WiFi disponible con acceso a internet inal\u00e1mbrico de prepago a cargo de BT Wi-Fi<\/li>\r\n \t<li>La estaci\u00f3n tambi\u00e9n cuenta con una oficina de cambio de divisa y cajeros autom\u00e1ticos.<\/li>\r\n \t<li>En la estaci\u00f3n encontrar\u00e1s diversos establecimientos donde comer, beber y hacer compras.<\/li>\r\n \t<li>Consigna de equipaje con tarifa diaria<\/li>\r\n<\/ul>","_links":{"self":[{"href":"https:\/\/luggagehero.com\/es\/wp-json\/wp\/v2\/pages\/11392","targetHints":{"allow":["GET"]}}],"collection":[{"href":"https:\/\/luggagehero.com\/es\/wp-json\/wp\/v2\/pages"}],"about":[{"href":"https:\/\/luggagehero.com\/es\/wp-json\/wp\/v2\/types\/page"}],"author":[{"embeddable":true,"href":"https:\/\/luggagehero.com\/es\/wp-json\/wp\/v2\/users\/9"}],"replies":[{"embeddable":true,"href":"https:\/\/luggagehero.com\/es\/wp-json\/wp\/v2\/comments?post=11392"}],"version-history":[{"count":0,"href":"https:\/\/luggagehero.com\/es\/wp-json\/wp\/v2\/pages\/11392\/revisions"}],"up":[{"embeddable":true,"href":"https:\/\/luggagehero.com\/es\/wp-json\/wp\/v2\/pages\/7287"}],"wp:featuredmedia":[{"embeddable":true,"href":"https:\/\/luggagehero.com\/es\/wp-json\/wp\/v2\/media\/46443"}],"wp:attachment":[{"href":"https:\/\/luggagehero.com\/es\/wp-json\/wp\/v2\/media?parent=11392"}],"curies":[{"name":"wp","href":"https:\/\/api.w.org\/{rel}","templated":true}]}}