{"id":11411,"date":"2019-11-05T12:10:07","date_gmt":"2019-11-05T12:10:07","guid":{"rendered":"https:\/\/luggagehero.com\/paris\/gare-du-nord\/"},"modified":"2023-02-22T08:05:46","modified_gmt":"2023-02-22T08:05:46","slug":"gare-du-nord","status":"publish","type":"page","link":"https:\/\/luggagehero.com\/es\/paris\/gare-du-nord\/","title":{"rendered":"Gare du Nord"},"content":{"rendered":"<p><strong>\u00bfSin reserva? \u00a1Visita un establecimiento LuggageHero!<\/strong> Si no hab\u00edas previsto parar en Gare du Nord y no pudiste reservar tu consigna de equipaje en Par\u00eds con antelaci\u00f3n, no hay problema.<\/p>\n<p>Tienes la opci\u00f3n de guardar tus maletas <a href=\"https:\/\/luggagehero.com\/walk-in\/\"><strong>directamente<\/strong><\/a> en una consigna a unos 4\u00a0minutos de Gare du Nord. Por lo tanto, no es necesario que reserves con antelaci\u00f3n. Adem\u00e1s, la tarifa es la misma. <strong>Averigua d\u00f3nde puedes guardar tus maletas sin reserva previa en este mapa:<\/strong> <map-of-shops><\/map-of-shops><\/p>\n<p>Descubre <a href=\"https:\/\/luggagestorage.paris\/stations\/gare-du-nord-station\/\">aqu\u00ed por qu\u00e9 <a href=\"https:\/\/luggagestorage.paris\/stations\/gare-du-nord-station\/\">LuggageStorage<\/a> recomienda guardar tus maletas con LuggageHero.<\/p>\n<h2 style=\"text-align: center;\"><\/a>Puedes dejar tus maletas y explorar la ciudad c\u00f3modamente.<\/h2>\n<p><div style=\"width: 1920px;\" class=\"wp-video\"><video class=\"wp-video-shortcode\" id=\"video-11411-1\" width=\"1920\" height=\"1080\" poster=\"https:\/\/luggagehero.com\/wp-content\/uploads\/2020\/09\/gar-du-nord-thumbnail-copy.png\" preload=\"metadata\" controls=\"controls\"><source type=\"video\/mp4\" src=\"https:\/\/luggagehero.com\/wp-content\/uploads\/2020\/09\/Paris-Gar-du-Nord-station-storage-guide.mp4?_=1\" \/><a href=\"https:\/\/luggagehero.com\/wp-content\/uploads\/2020\/09\/Paris-Gar-du-Nord-station-storage-guide.mp4\">https:\/\/luggagehero.com\/wp-content\/uploads\/2020\/09\/Paris-Gar-du-Nord-station-storage-guide.mp4<\/a><\/video><\/div> Gare du Nord Tambi\u00e9n conocida como \u00abParis-Nord\u00bb, la estaci\u00f3n de tren Gare du Nord es una de las estaciones de tren principales m\u00e1s grandes de la red ferroviaria de la SNCF en <a href=\"https:\/\/luggagehero.com\/paris\/\">Par\u00eds<\/a>.<\/p>\n<p>En esta estaci\u00f3n, confluyen todas las l\u00edneas con destino a regiones al norte de <a href=\"https:\/\/luggagehero.com\/paris\/\">Par\u00eds<\/a>. Inaugurada en 1866, es la mayor estaci\u00f3n de <a href=\"https:\/\/luggagehero.com\/paris\/\">Par\u00eds<\/a>. El edificio actual naci\u00f3 del dise\u00f1o del arquitecto Jacques Hittorf en 1861. Su majestuosa fachada est\u00e1 decorada con 23\u00a0esculturas de renombrados artistas.<\/p>\n<p>Gare du Nord alberga tanto l\u00edneas de RER como de metro, as\u00ed como varias l\u00edneas de autob\u00fas.<\/p>\n<ul>\n<li>Los trenes que recorren cada d\u00eda el trayecto entre Paris-Gare du Nord y el aeropuerto Charles de Gaulle tienen una frecuencia de entre 6 y 15\u00a0minutos. De media, el trayecto entre la estaci\u00f3n y el aeropuerto dura 35\u00a0minutos.<\/li>\n<li><img loading=\"lazy\" decoding=\"async\" class=\"alignnone wp-image-43608 size-large\" src=\"https:\/\/luggagehero.com\/wp-content\/uploads\/2022\/03\/4C455AC9-0581-490F-9472-AEEAC3B37BFD-800x800.jpeg\" alt=\"\" width=\"800\" height=\"800\" srcset=\"https:\/\/luggagehero.com\/wp-content\/uploads\/2022\/03\/4C455AC9-0581-490F-9472-AEEAC3B37BFD-800x800.jpeg 800w, https:\/\/luggagehero.com\/wp-content\/uploads\/2022\/03\/4C455AC9-0581-490F-9472-AEEAC3B37BFD-300x300.jpeg 300w, https:\/\/luggagehero.com\/wp-content\/uploads\/2022\/03\/4C455AC9-0581-490F-9472-AEEAC3B37BFD-160x160.jpeg 160w, https:\/\/luggagehero.com\/wp-content\/uploads\/2022\/03\/4C455AC9-0581-490F-9472-AEEAC3B37BFD-600x600.jpeg 600w, https:\/\/luggagehero.com\/wp-content\/uploads\/2022\/03\/4C455AC9-0581-490F-9472-AEEAC3B37BFD-150x150.jpeg 150w, https:\/\/luggagehero.com\/wp-content\/uploads\/2022\/03\/4C455AC9-0581-490F-9472-AEEAC3B37BFD.jpeg 1000w\" sizes=\"auto, (max-width: 800px) 100vw, 800px\" \/><\/li>\n<li>Desde Gare du Nord tambi\u00e9n se puede viajar en tren a otros destinos, tanto de Francia como del resto de Europa:<\/li>\n<\/ul>\n<p><a href=\"https:\/\/luggagehero.com\/brussels\/\">Bruselas<\/a> <a href=\"https:\/\/luggagehero.com\/amsterdam\/\">\u00c1msterdam<\/a> <a href=\"https:\/\/luggagehero.com\/london\/\">Londres<\/a> La terminal de Eurostar para trenes con destino Londres est\u00e1 en la primera planta, justo encima y al lado del and\u00e9n\u00a03. Consigna de equipaje en Gare du Nord Encontrar un lugar para guardar tus maletas en Gare du Nord puede ser complicado, pero\u2026 \u00bfsab\u00edas que, con unos pocos clics, puedes encontrar f\u00e1cilmente un lugar para tus maletas cerca de la estaci\u00f3n? <strong>Consignas con tarifas por hora cerca de Gare du Nord\u00a0<\/strong> Consigna de equipaje por horas en Gare du Nord: nos gusta que nuestros clientes tengan varias opciones de pago. Por eso, a diferencia de otros servicios de consigna de equipaje, que cobran por todo un d\u00eda, <a href=\"https:\/\/luggagehero.com\/paris\/\">LuggageHero<\/a> aplica tarifas por hora. Sin embargo, si quieres guardar tus maletas cerca de Gare du Nord (o de cualquier otro sitio) durante todo un d\u00eda, o m\u00e1s tiempo, ofrecemos una econ\u00f3mica tarifa m\u00e1xima diaria. Creemos que pagar por guardar tus maletas deber\u00eda ser 2026 asequible y sencillo, todo el a\u00f1o. De esta forma, podr\u00e1s descubrir <a href=\"https:\/\/luggagehero.com\/paris\/\">Par\u00eds<\/a> c\u00f3modamente y disfrutar de la Ciudad de la Luz. Adem\u00e1s, en Gare du Nord, dispones de taquillas autom\u00e1ticas con pago por monedas donde podr\u00e1s guardar tu equipaje con total seguridad. Abre todos los d\u00edas de 6:15 a 23:15\u00a0h, incluidos los fines de semana. Los precios var\u00edan seg\u00fan el tama\u00f1o del equipaje. <youtube-embed class=\"youtube-embed\" yt-id=\"JQHjUFfd_TQ\"><\/youtube-embed> <b>Nuestro servicio es parecido a las consignas de los hoteles<\/b> <span style=\"font-weight: 400;\">Muchos viajeros, cuando se alojan en un hotel, piden al personal de la recepci\u00f3n que les guarden sus maletas unas horas hasta que se marchen de la ciudad. Nosotros te ofrecemos m\u00e1s o menos el mismo servicio, pero a todo el mundo: a aquellos que se hayan alojado en un hotel, en un Airbnb o en cualquier otra parte. Siempre estamos, y estaremos, a tu disposici\u00f3n.\u00a0\u00a0<\/span><\/p>\n","protected":false},"excerpt":{"rendered":"<p>\u00bfSin reserva? \u00a1Visita un establecimiento LuggageHero! Si no hab\u00edas previsto parar en Gare du Nord y no pudiste reservar tu consigna de equipaje en Par\u00eds con antelaci\u00f3n, no hay problema. Tienes la opci\u00f3n de guardar tus maletas directamente en una consigna a unos 4\u00a0minutos de Gare du Nord. Por lo tanto, no es necesario que [&hellip;]<\/p>\n","protected":false},"author":9,"featured_media":37179,"parent":11359,"menu_order":0,"comment_status":"closed","ping_status":"closed","template":"template-location.php","meta":{"_acf_changed":false,"footnotes":""},"class_list":["post-11411","page","type-page","status-publish","has-post-thumbnail","hentry"],"acf":[],"yoast_head":"<!-- This site is optimized with the Yoast SEO Premium plugin v27.0 (Yoast SEO v27.0) - https:\/\/yoast.com\/product\/yoast-seo-premium-wordpress\/ -->\n<title>Gare du Nord - LuggageHero<\/title>\n<meta name=\"description\" content=\"Consigna de equipaje barata y sencilla en Gare du Nord. Abierto las 24\u00a0horas \u2013 7\u00a0d\u00edas a la semana. Seguro de hasta 2500\u00a0\u20ac por bulto.\" \/>\n<meta name=\"robots\" content=\"index, follow, max-snippet:-1, max-image-preview:large, max-video-preview:-1\" \/>\n<link rel=\"canonical\" href=\"https:\/\/luggagehero.com\/es\/paris\/gare-du-nord\/\" \/>\n<meta property=\"og:locale\" content=\"es_ES\" \/>\n<meta property=\"og:type\" content=\"article\" \/>\n<meta property=\"og:title\" content=\"Gare du Nord\" \/>\n<meta property=\"og:description\" content=\"Consigna de equipaje barata y sencilla en Gare du Nord. Abierto las 24\u00a0horas \u2013 7\u00a0d\u00edas a la semana. Seguro de hasta 2500\u00a0\u20ac por bulto.\" \/>\n<meta property=\"og:url\" content=\"https:\/\/luggagehero.com\/es\/paris\/gare-du-nord\/\" \/>\n<meta property=\"og:site_name\" content=\"LuggageHero\" \/>\n<meta property=\"article:publisher\" content=\"https:\/\/www.facebook.com\/luggagehero\" \/>\n<meta property=\"article:modified_time\" content=\"2023-02-22T08:05:46+00:00\" \/>\n<meta property=\"og:image\" content=\"https:\/\/luggagehero.com\/wp-content\/uploads\/2021\/07\/Skaermbillede-2021-07-02-kl.-14.51.08.png\" \/>\n\t<meta property=\"og:image:width\" content=\"1508\" \/>\n\t<meta property=\"og:image:height\" content=\"524\" \/>\n\t<meta property=\"og:image:type\" content=\"image\/png\" \/>\n<meta name=\"twitter:card\" content=\"summary_large_image\" \/>\n<meta name=\"twitter:site\" content=\"@luggagehero\" \/>\n<meta name=\"twitter:label1\" content=\"Est. reading time\" \/>\n\t<meta name=\"twitter:data1\" content=\"3 minutes\" \/>\n<script type=\"application\/ld+json\" class=\"yoast-schema-graph\">{\"@context\":\"https:\/\/schema.org\",\"@graph\":[{\"@type\":\"WebPage\",\"@id\":\"https:\/\/luggagehero.com\/es\/paris\/gare-du-nord\/\",\"url\":\"https:\/\/luggagehero.com\/es\/paris\/gare-du-nord\/\",\"name\":\"Gare du Nord - LuggageHero\",\"isPartOf\":{\"@id\":\"https:\/\/luggagehero.com\/es\/#website\"},\"primaryImageOfPage\":{\"@id\":\"https:\/\/luggagehero.com\/es\/paris\/gare-du-nord\/#primaryimage\"},\"image\":{\"@id\":\"https:\/\/luggagehero.com\/es\/paris\/gare-du-nord\/#primaryimage\"},\"thumbnailUrl\":\"https:\/\/luggagehero.com\/wp-content\/uploads\/2021\/07\/Skaermbillede-2021-07-02-kl.-14.51.08.png\",\"datePublished\":\"2019-11-05T12:10:07+00:00\",\"dateModified\":\"2023-02-22T08:05:46+00:00\",\"description\":\"Consigna de equipaje barata y sencilla en Gare du Nord. Abierto las 24\u00a0horas \u2013 7\u00a0d\u00edas a la semana. Seguro de hasta 2500\u00a0\u20ac por bulto.\",\"breadcrumb\":{\"@id\":\"https:\/\/luggagehero.com\/es\/paris\/gare-du-nord\/#breadcrumb\"},\"inLanguage\":\"es-ES\",\"potentialAction\":[{\"@type\":\"ReadAction\",\"target\":[\"https:\/\/luggagehero.com\/es\/paris\/gare-du-nord\/\"]}]},{\"@type\":\"ImageObject\",\"inLanguage\":\"es-ES\",\"@id\":\"https:\/\/luggagehero.com\/es\/paris\/gare-du-nord\/#primaryimage\",\"url\":\"https:\/\/luggagehero.com\/wp-content\/uploads\/2021\/07\/Skaermbillede-2021-07-02-kl.-14.51.08.png\",\"contentUrl\":\"https:\/\/luggagehero.com\/wp-content\/uploads\/2021\/07\/Skaermbillede-2021-07-02-kl.-14.51.08.png\",\"width\":1508,\"height\":524,\"caption\":\"Gare de Nord Paris\"},{\"@type\":\"BreadcrumbList\",\"@id\":\"https:\/\/luggagehero.com\/es\/paris\/gare-du-nord\/#breadcrumb\",\"itemListElement\":[{\"@type\":\"ListItem\",\"position\":1,\"name\":\"Home\",\"item\":\"https:\/\/luggagehero.com\/es\/\"},{\"@type\":\"ListItem\",\"position\":2,\"name\":\"Par\u00eds\",\"item\":\"https:\/\/luggagehero.com\/es\/paris\/\"},{\"@type\":\"ListItem\",\"position\":3,\"name\":\"Gare du Nord\"}]},{\"@type\":\"WebSite\",\"@id\":\"https:\/\/luggagehero.com\/es\/#website\",\"url\":\"https:\/\/luggagehero.com\/es\/\",\"name\":\"LuggageHero\",\"description\":\"Free yourself from luggage\",\"publisher\":{\"@id\":\"https:\/\/luggagehero.com\/es\/#organization\"},\"potentialAction\":[{\"@type\":\"SearchAction\",\"target\":{\"@type\":\"EntryPoint\",\"urlTemplate\":\"https:\/\/luggagehero.com\/es\/?s={search_term_string}\"},\"query-input\":{\"@type\":\"PropertyValueSpecification\",\"valueRequired\":true,\"valueName\":\"search_term_string\"}}],\"inLanguage\":\"es-ES\"},{\"@type\":\"Organization\",\"@id\":\"https:\/\/luggagehero.com\/es\/#organization\",\"name\":\"LuggageHero\",\"url\":\"https:\/\/luggagehero.com\/es\/\",\"logo\":{\"@type\":\"ImageObject\",\"inLanguage\":\"es-ES\",\"@id\":\"https:\/\/luggagehero.com\/es\/#\/schema\/logo\/image\/\",\"url\":\"https:\/\/luggagehero.com\/wp-content\/uploads\/2017\/04\/luggagehero_LOGO-RGB_kort_POS_200x200.png\",\"contentUrl\":\"https:\/\/luggagehero.com\/wp-content\/uploads\/2017\/04\/luggagehero_LOGO-RGB_kort_POS_200x200.png\",\"width\":200,\"height\":200,\"caption\":\"LuggageHero\"},\"image\":{\"@id\":\"https:\/\/luggagehero.com\/es\/#\/schema\/logo\/image\/\"},\"sameAs\":[\"https:\/\/www.facebook.com\/luggagehero\",\"https:\/\/x.com\/luggagehero\",\"https:\/\/www.instagram.com\/luggagehero\",\"https:\/\/www.linkedin.com\/company\/luggagehero\/\"]}]}<\/script>\n<!-- \/ Yoast SEO Premium plugin. -->","yoast_head_json":{"title":"Gare du Nord - LuggageHero","description":"Consigna de equipaje barata y sencilla en Gare du Nord. Abierto las 24\u00a0horas \u2013 7\u00a0d\u00edas a la semana. Seguro de hasta 2500\u00a0\u20ac por bulto.","robots":{"index":"index","follow":"follow","max-snippet":"max-snippet:-1","max-image-preview":"max-image-preview:large","max-video-preview":"max-video-preview:-1"},"canonical":"https:\/\/luggagehero.com\/es\/paris\/gare-du-nord\/","og_locale":"es_ES","og_type":"article","og_title":"Gare du Nord","og_description":"Consigna de equipaje barata y sencilla en Gare du Nord. Abierto las 24\u00a0horas \u2013 7\u00a0d\u00edas a la semana. Seguro de hasta 2500\u00a0\u20ac por bulto.","og_url":"https:\/\/luggagehero.com\/es\/paris\/gare-du-nord\/","og_site_name":"LuggageHero","article_publisher":"https:\/\/www.facebook.com\/luggagehero","article_modified_time":"2023-02-22T08:05:46+00:00","og_image":[{"width":1508,"height":524,"url":"https:\/\/luggagehero.com\/wp-content\/uploads\/2021\/07\/Skaermbillede-2021-07-02-kl.-14.51.08.png","type":"image\/png"}],"twitter_card":"summary_large_image","twitter_site":"@luggagehero","twitter_misc":{"Est. reading time":"3 minutes"},"schema":{"@context":"https:\/\/schema.org","@graph":[{"@type":"WebPage","@id":"https:\/\/luggagehero.com\/es\/paris\/gare-du-nord\/","url":"https:\/\/luggagehero.com\/es\/paris\/gare-du-nord\/","name":"Gare du Nord - LuggageHero","isPartOf":{"@id":"https:\/\/luggagehero.com\/es\/#website"},"primaryImageOfPage":{"@id":"https:\/\/luggagehero.com\/es\/paris\/gare-du-nord\/#primaryimage"},"image":{"@id":"https:\/\/luggagehero.com\/es\/paris\/gare-du-nord\/#primaryimage"},"thumbnailUrl":"https:\/\/luggagehero.com\/wp-content\/uploads\/2021\/07\/Skaermbillede-2021-07-02-kl.-14.51.08.png","datePublished":"2019-11-05T12:10:07+00:00","dateModified":"2023-02-22T08:05:46+00:00","description":"Consigna de equipaje barata y sencilla en Gare du Nord. Abierto las 24\u00a0horas \u2013 7\u00a0d\u00edas a la semana. Seguro de hasta 2500\u00a0\u20ac por bulto.","breadcrumb":{"@id":"https:\/\/luggagehero.com\/es\/paris\/gare-du-nord\/#breadcrumb"},"inLanguage":"es-ES","potentialAction":[{"@type":"ReadAction","target":["https:\/\/luggagehero.com\/es\/paris\/gare-du-nord\/"]}]},{"@type":"ImageObject","inLanguage":"es-ES","@id":"https:\/\/luggagehero.com\/es\/paris\/gare-du-nord\/#primaryimage","url":"https:\/\/luggagehero.com\/wp-content\/uploads\/2021\/07\/Skaermbillede-2021-07-02-kl.-14.51.08.png","contentUrl":"https:\/\/luggagehero.com\/wp-content\/uploads\/2021\/07\/Skaermbillede-2021-07-02-kl.-14.51.08.png","width":1508,"height":524,"caption":"Gare de Nord Paris"},{"@type":"BreadcrumbList","@id":"https:\/\/luggagehero.com\/es\/paris\/gare-du-nord\/#breadcrumb","itemListElement":[{"@type":"ListItem","position":1,"name":"Home","item":"https:\/\/luggagehero.com\/es\/"},{"@type":"ListItem","position":2,"name":"Par\u00eds","item":"https:\/\/luggagehero.com\/es\/paris\/"},{"@type":"ListItem","position":3,"name":"Gare du Nord"}]},{"@type":"WebSite","@id":"https:\/\/luggagehero.com\/es\/#website","url":"https:\/\/luggagehero.com\/es\/","name":"LuggageHero","description":"Free yourself from luggage","publisher":{"@id":"https:\/\/luggagehero.com\/es\/#organization"},"potentialAction":[{"@type":"SearchAction","target":{"@type":"EntryPoint","urlTemplate":"https:\/\/luggagehero.com\/es\/?s={search_term_string}"},"query-input":{"@type":"PropertyValueSpecification","valueRequired":true,"valueName":"search_term_string"}}],"inLanguage":"es-ES"},{"@type":"Organization","@id":"https:\/\/luggagehero.com\/es\/#organization","name":"LuggageHero","url":"https:\/\/luggagehero.com\/es\/","logo":{"@type":"ImageObject","inLanguage":"es-ES","@id":"https:\/\/luggagehero.com\/es\/#\/schema\/logo\/image\/","url":"https:\/\/luggagehero.com\/wp-content\/uploads\/2017\/04\/luggagehero_LOGO-RGB_kort_POS_200x200.png","contentUrl":"https:\/\/luggagehero.com\/wp-content\/uploads\/2017\/04\/luggagehero_LOGO-RGB_kort_POS_200x200.png","width":200,"height":200,"caption":"LuggageHero"},"image":{"@id":"https:\/\/luggagehero.com\/es\/#\/schema\/logo\/image\/"},"sameAs":["https:\/\/www.facebook.com\/luggagehero","https:\/\/x.com\/luggagehero","https:\/\/www.instagram.com\/luggagehero","https:\/\/www.linkedin.com\/company\/luggagehero\/"]}]}},"place_id":"","place_latitude_longitude":"48.880112, 2.354851","place_name":"Gare du Nord","criteria_title":"","criteria_description":"","meta_title":"","meta_description":"","children_criteria_title":"","children_criteria_description":"","children_meta_title":"","children_meta_description":"","_edit_last":"42","use_global_content":"","poi_type":"PublicTransit","content_raw":"<strong>\u00bfSin reserva? \u00a1Visita un establecimiento LuggageHero!<\/strong> Si no hab\u00edas previsto parar en Gare du Nord y no pudiste reservar tu consigna de equipaje en Par\u00eds con antelaci\u00f3n, no hay problema.\n\nTienes la opci\u00f3n de guardar tus maletas <a href=\"https:\/\/luggagehero.com\/walk-in\/\"><strong>directamente<\/strong><\/a> en una consigna a unos 4\u00a0minutos de Gare du Nord. Por lo tanto, no es necesario que reserves con antelaci\u00f3n. Adem\u00e1s, la tarifa es la misma. <strong>Averigua d\u00f3nde puedes guardar tus maletas sin reserva previa en este mapa:<\/strong> [mapofshops]\n\nDescubre <a href=\"https:\/\/luggagestorage.paris\/stations\/gare-du-nord-station\/\">aqu\u00ed por qu\u00e9 <a href=\"https:\/\/luggagestorage.paris\/stations\/gare-du-nord-station\/\">LuggageStorage<\/a> recomienda guardar tus maletas con LuggageHero.\n<h2 style=\"text-align: center;\"><\/a>Puedes dejar tus maletas y explorar la ciudad c\u00f3modamente.<\/h2>\n[video poster=\"https:\/\/luggagehero.com\/wp-content\/uploads\/2020\/09\/gar-du-nord-thumbnail-copy.png\" width=\"1920\" height=\"1080\" mp4=\"https:\/\/luggagehero.com\/wp-content\/uploads\/2020\/09\/Paris-Gar-du-Nord-station-storage-guide.mp4\"][\/video] Gare du Nord Tambi\u00e9n conocida como \u00abParis-Nord\u00bb, la estaci\u00f3n de tren Gare du Nord es una de las estaciones de tren principales m\u00e1s grandes de la red ferroviaria de la SNCF en <a href=\"https:\/\/luggagehero.com\/paris\/\">Par\u00eds<\/a>.\n\nEn esta estaci\u00f3n, confluyen todas las l\u00edneas con destino a regiones al norte de <a href=\"https:\/\/luggagehero.com\/paris\/\">Par\u00eds<\/a>. Inaugurada en 1866, es la mayor estaci\u00f3n de <a href=\"https:\/\/luggagehero.com\/paris\/\">Par\u00eds<\/a>. El edificio actual naci\u00f3 del dise\u00f1o del arquitecto Jacques Hittorf en 1861. Su majestuosa fachada est\u00e1 decorada con 23\u00a0esculturas de renombrados artistas.\n\nGare du Nord alberga tanto l\u00edneas de RER como de metro, as\u00ed como varias l\u00edneas de autob\u00fas.\n<ul>\n \t<li>Los trenes que recorren cada d\u00eda el trayecto entre Paris-Gare du Nord y el aeropuerto Charles de Gaulle tienen una frecuencia de entre 6 y 15\u00a0minutos. De media, el trayecto entre la estaci\u00f3n y el aeropuerto dura 35\u00a0minutos.<\/li>\n \t<li><img class=\"alignnone wp-image-43608 size-large\" src=\"https:\/\/luggagehero.com\/wp-content\/uploads\/2022\/03\/4C455AC9-0581-490F-9472-AEEAC3B37BFD-800x800.jpeg\" alt=\"\" width=\"800\" height=\"800\" \/><\/li>\n \t<li>Desde Gare du Nord tambi\u00e9n se puede viajar en tren a otros destinos, tanto de Francia como del resto de Europa:<\/li>\n<\/ul>\n<a href=\"https:\/\/luggagehero.com\/brussels\/\">Bruselas<\/a> <a href=\"https:\/\/luggagehero.com\/amsterdam\/\">\u00c1msterdam<\/a> <a href=\"https:\/\/luggagehero.com\/london\/\">Londres<\/a> La terminal de Eurostar para trenes con destino Londres est\u00e1 en la primera planta, justo encima y al lado del and\u00e9n\u00a03. Consigna de equipaje en Gare du Nord Encontrar un lugar para guardar tus maletas en Gare du Nord puede ser complicado, pero\u2026 \u00bfsab\u00edas que, con unos pocos clics, puedes encontrar f\u00e1cilmente un lugar para tus maletas cerca de la estaci\u00f3n? <strong>Consignas con tarifas por hora cerca de Gare du Nord\u00a0<\/strong> Consigna de equipaje por horas en Gare du Nord: nos gusta que nuestros clientes tengan varias opciones de pago. Por eso, a diferencia de otros servicios de consigna de equipaje, que cobran por todo un d\u00eda, <a href=\"https:\/\/luggagehero.com\/paris\/\">LuggageHero<\/a> aplica tarifas por hora. Sin embargo, si quieres guardar tus maletas cerca de Gare du Nord (o de cualquier otro sitio) durante todo un d\u00eda, o m\u00e1s tiempo, ofrecemos una econ\u00f3mica tarifa m\u00e1xima diaria. Creemos que pagar por guardar tus maletas deber\u00eda ser [year] asequible y sencillo, todo el a\u00f1o. De esta forma, podr\u00e1s descubrir <a href=\"https:\/\/luggagehero.com\/paris\/\">Par\u00eds<\/a> c\u00f3modamente y disfrutar de la Ciudad de la Luz. Adem\u00e1s, en Gare du Nord, dispones de taquillas autom\u00e1ticas con pago por monedas donde podr\u00e1s guardar tu equipaje con total seguridad. Abre todos los d\u00edas de 6:15 a 23:15\u00a0h, incluidos los fines de semana. Los precios var\u00edan seg\u00fan el tama\u00f1o del equipaje. [youtube-embed id=JQHjUFfd_TQ] <b>Nuestro servicio es parecido a las consignas de los hoteles<\/b> <span style=\"font-weight: 400;\">Muchos viajeros, cuando se alojan en un hotel, piden al personal de la recepci\u00f3n que les guarden sus maletas unas horas hasta que se marchen de la ciudad. Nosotros te ofrecemos m\u00e1s o menos el mismo servicio, pero a todo el mundo: a aquellos que se hayan alojado en un hotel, en un Airbnb o en cualquier otra parte. Siempre estamos, y estaremos, a tu disposici\u00f3n.\u00a0\u00a0<\/span>","_links":{"self":[{"href":"https:\/\/luggagehero.com\/es\/wp-json\/wp\/v2\/pages\/11411","targetHints":{"allow":["GET"]}}],"collection":[{"href":"https:\/\/luggagehero.com\/es\/wp-json\/wp\/v2\/pages"}],"about":[{"href":"https:\/\/luggagehero.com\/es\/wp-json\/wp\/v2\/types\/page"}],"author":[{"embeddable":true,"href":"https:\/\/luggagehero.com\/es\/wp-json\/wp\/v2\/users\/9"}],"replies":[{"embeddable":true,"href":"https:\/\/luggagehero.com\/es\/wp-json\/wp\/v2\/comments?post=11411"}],"version-history":[{"count":0,"href":"https:\/\/luggagehero.com\/es\/wp-json\/wp\/v2\/pages\/11411\/revisions"}],"up":[{"embeddable":true,"href":"https:\/\/luggagehero.com\/es\/wp-json\/wp\/v2\/pages\/11359"}],"wp:featuredmedia":[{"embeddable":true,"href":"https:\/\/luggagehero.com\/es\/wp-json\/wp\/v2\/media\/37179"}],"wp:attachment":[{"href":"https:\/\/luggagehero.com\/es\/wp-json\/wp\/v2\/media?parent=11411"}],"curies":[{"name":"wp","href":"https:\/\/api.w.org\/{rel}","templated":true}]}}