{"id":11418,"date":"2019-11-05T12:10:11","date_gmt":"2019-11-05T12:10:11","guid":{"rendered":"https:\/\/luggagehero.com\/marsella\/"},"modified":"2023-09-04T11:31:03","modified_gmt":"2023-09-04T11:31:03","slug":"marsella","status":"publish","type":"page","link":"https:\/\/luggagehero.com\/es\/marsella\/","title":{"rendered":"Marsella"},"content":{"rendered":"<p>No hace falta que sigas buscando taquillas para dejar el equipaje. La pr\u00f3xima vez que est\u00e9s en Marsella, recuerda que LuggageHero te pone las cosas f\u00e1ciles.<\/p>\n<p>Deja las maletas a trav\u00e9s de la red de m\u00e1s de 20 establecimientos locales de LuggageHero. Est\u00e1n situados cerca de los puntos de transporte m\u00e1s concurridos y en los barrios m\u00e1s visitados en 2019. Por ejemplo, la <a href=\"https:\/\/luggagehero.com\/marseille\/gare-de-marseille-saint-charles-train-station\/\">estaci\u00f3n Gare de Marseille Saint Charles<\/a>, la <a href=\"https:\/\/luggagehero.com\/marseille\/reformes-canebiere-metro-station\/\">estaci\u00f3n de metro Reformes &#8211; Canebiere<\/a>, <a href=\"https:\/\/luggagehero.com\/marseille\/vieux-port-hotel-de-ville\/\">Vieux-Port Hotel de Ville<\/a> y alrededor de <a href=\"https:\/\/luggagehero.com\/marseille\/quai-du-port\/\"> Quai du Port<\/a>.<\/p>\n<p>Pongamos que llegas desde el aeropuerto internacional de Marsella Provenza horas antes de que tu alojamiento est\u00e9 disponible y quieres echar un vistazo a alg\u00fan monumento sin tener que ir cargando las maletas. A lo mejor te apetece visitar la <a href=\"https:\/\/luggagehero.com\/marseille\/cathedral-la-major\/\">catedral La Major<\/a>, el <a href=\"https:\/\/luggagehero.com\/marseille\/marseille-history-museum\/\">Museo de Historia de Marsella<\/a> o el famoso <a href=\"https:\/\/luggagehero.com\/marseille\/mucem\/\">MuCEM<\/a>, dar una vuelta por <a href=\"https:\/\/luggagehero.com\/marseille\/les-terrasses-du-port\/\">Les Terrasses Du Port<\/a> o simplemente explorar Marsella. Sea cual sea tu elecci\u00f3n, estamos aqu\u00ed para guardarte el equipaje.<\/p>\n<p>Solo tienes que ir a la <a href=\"https:\/\/app.luggagehero.com\/home;location=Barcelona;lat=41,3850639;lon=2,1734034999999494\">plataforma de reservas de LuggageHero<\/a> para encontrar un sitio pr\u00e1ctico en el que dejar el equipaje en una tienda u otros negocios, todos ellos <a href=\"https:\/\/luggagehero.com\/about\/certified-shops\/\">comprobados previamente por nosotros<\/a>. Gracias a nuestro mapa, podr\u00e1s localizar los establecimientos que est\u00e1n m\u00e1s cerca de las estaciones que vas a utilizar o de los sitios de inter\u00e9s que quieres visitar para que puedas guardar all\u00ed el equipaje.<\/p>\n<p><img loading=\"lazy\" decoding=\"async\" class=\"aligncenter wp-image-2267\" title=\"Deja el equipaje en Londres con un Hero\" src=\"https:\/\/luggagehero.com\/wp-content\/uploads\/2017\/06\/LuggageHero_figur_fod-paa-kufferter-1-720x907.png\" alt=\"Deja el equipaje en Londres con un Hero\" width=\"333\" height=\"420\" \/><\/p>\n<p><strong>A diferencia de otros servicios, se paga por horas.<\/strong><\/p>\n<p>Ofrecemos un servicio r\u00e1pido, c\u00f3modo y econ\u00f3mico.<\/p>\n<p>Creemos que es importante poder ofrecer a nuestros clientes muchas soluciones de pago distintas. Por ello, LuggageHero cobra a los usuarios \u00fanicamente 1 \u20ac por cada hora utilizada, a diferencia de la mayor\u00eda de servicios de consigna de equipaje, que te hacen pagar el d\u00eda entero. Si quieres dejar el equipaje todo el d\u00eda o m\u00e1s tiempo, te ofrecemos una tarifa diaria m\u00e1xima baja de 8 \u20ac. As\u00ed es como creemos que deber\u00eda ser el pago de una consigna de equipaje en 2019.<\/p>\n<h4><strong>Te cuidamos<\/strong><\/h4>\n<p>Tu seguridad y tu tranquilidad son nuestra prioridad. Por ello, los empleados de LuggageHero comprueban y certifican todos nuestros establecimientos de Marsella. Tambi\u00e9n precintamos todas las bolsas y maletas para garantizar que nadie las abre. Asimismo, aseguramos todas las maletas y su contenido hasta <pricing-component type=\"insurancecoverage\"><\/pricing-component>. Si necesitas hablar con alguien de LuggageHero, estamos a tu disposici\u00f3n las 24 horas del d\u00eda a trav\u00e9s de nuestro sistema de chat online.<\/p>\n<h4><strong>Gu\u00eda de consignas de equipaje Marsella 2019<\/strong><\/h4>\n<p>Te lo hemos puesto f\u00e1cil para que puedas comparar todas las empresas que ofrecen servicio de consigna de equipaje en Marsella. Puedes consultar la lisa en nuestra <a href=\"https:\/\/luggagehero.com\/luggage-storage-lockers-marseille-guide\">Gu\u00eda de consignas de equipaje Marsella<\/a>.<\/p>\n<p>Esta gu\u00eda incluye las principales empresas que ofrecen servicio de consigna de equipaje en Marsella junto con vales de descuento.<\/p>\n<h4><strong>\u00bfLo tienes todo listo para guardar las maletas en una de nuestras muchas consignas de Marsella?<\/strong><\/h4>\n<p>Encuentra tu lugar perfecto y elige entre m\u00e1s de <strong>20 ubicaciones por toda Marsella.<\/strong><\/p>\n<h4 style=\"text-align: left;\">Seguridad<\/h4>\n<p><a href=\"https:\/\/luggagehero.com\/about\/certified-shops\/\">Certificamos<\/a> cuidadosamente y formamos al personal de todas nuestras ubicaciones de LuggageHero en Marsella sobre c\u00f3mo manejar tus pertenencias de forma segura.<\/p>\n<p>Todos nuestros establecimientos de Marsella los ha comprobado un empleado de LuggageHero, que tambi\u00e9n realiza controles de calidad peri\u00f3dicos para garantizar que las pertenencias de los clientes se guardan de forma segura.<\/p>\n<p>Adem\u00e1s, proporcionamos <a href=\"https:\/\/luggagehero.com\/about\/security-seal\/\"><strong>precintos de seguridad<\/strong><\/a> para cada bulto del equipaje. Los precintos te los dar\u00e1n al llegar al establecimiento, lo que garantiza que nadie pueda acceder a tus maletas.<\/p>\n<p>Adem\u00e1s, cada bulto de equipaje y sus contenidos est\u00e1n asegurados hasta un valor de <pricing-component type=\"insurancecoverage\"><\/pricing-component>.<\/p>\n<p>Si necesitas ponerte en contacto con alguien, recuerda que el chat del servicio de asistencia al cliente online est\u00e1 disponible las 24 horas.<\/p>\n<h4 style=\"text-align: left;\">Reserva sin ning\u00fan riesgo<\/h4>\n<p>Nuestro objetivo es hacer que tus viajes sean tan c\u00f3modos y f\u00e1ciles como sea posible y, por ello, es muy importante para nosotros que <strong>NO SE TE COBRE NADA<\/strong> hasta que no hayas dejado el equipaje.<\/p>\n<p>Utiliza nuestro servicio de reserva online para elegir el punto con consigna de equipaje en Marsella que te resulte m\u00e1s c\u00f3modo en funci\u00f3n de tu ubicaci\u00f3n y tu horario. Puedes reservarlo al llegar al establecimiento o reservarlo online con antelaci\u00f3n para asegurarte la disponibilidad. Si reservas con antelaci\u00f3n te asegurar\u00e1s el espacio para tu equipaje.<\/p>\n<p>Pero todos sabemos que los planes a veces cambian, especialmente cuando est\u00e1s de viaje. As\u00ed que si no te presentas, no se cobra nada. Nada. Cero. Zip. Zilch. Nothing! Y no, ni siquiera hace falta que canceles.<\/p>\n<h4>Gu\u00eda de consignas de equipaje de Marsella<\/h4>\n<p>En LuggageHero hemos hecho una gu\u00eda y un mapa para que sepas d\u00f3nde guardar tu equipaje cuando visites la magn\u00edfica ciudad de Marsella. Haz clic en el enlace siguiente para saber d\u00f3nde y c\u00f3mo guardar tu equipaje en Marsella: <a href=\"https:\/\/luggagehero.com\/find-luggage-storage-marseille\/\">https:\/\/luggagehero.com\/find-luggage-storage-marseille\/<\/a><\/p>\n","protected":false},"excerpt":{"rendered":"<p>No hace falta que sigas buscando taquillas para dejar el equipaje. La pr\u00f3xima vez que est\u00e9s en Marsella, recuerda que LuggageHero te pone las cosas f\u00e1ciles. Deja las maletas a trav\u00e9s de la red de m\u00e1s de 20 establecimientos locales de LuggageHero. Est\u00e1n situados cerca de los puntos de transporte m\u00e1s concurridos y en los [&hellip;]<\/p>\n","protected":false},"author":9,"featured_media":8759,"parent":0,"menu_order":0,"comment_status":"closed","ping_status":"closed","template":"template-location.php","meta":{"_acf_changed":false,"footnotes":""},"class_list":["post-11418","page","type-page","status-publish","has-post-thumbnail","hentry"],"acf":[],"yoast_head":"<!-- This site is optimized with the Yoast SEO Premium plugin v27.0 (Yoast SEO v27.0) - https:\/\/yoast.com\/product\/yoast-seo-premium-wordpress\/ -->\n<title>Marsella - LuggageHero<\/title>\n<meta name=\"robots\" content=\"index, follow, max-snippet:-1, max-image-preview:large, max-video-preview:-1\" \/>\n<link rel=\"canonical\" href=\"https:\/\/luggagehero.com\/es\/marsella\/\" \/>\n<meta property=\"og:locale\" content=\"es_ES\" \/>\n<meta property=\"og:type\" content=\"article\" \/>\n<meta property=\"og:title\" content=\"Marsella\" \/>\n<meta property=\"og:description\" content=\"No hace falta que sigas buscando taquillas para dejar el equipaje. La pr\u00f3xima vez que est\u00e9s en Marsella, recuerda que LuggageHero te pone las cosas f\u00e1ciles. Deja las maletas a trav\u00e9s de la red de m\u00e1s de 20 establecimientos locales de LuggageHero. Est\u00e1n situados cerca de los puntos de transporte m\u00e1s concurridos y en los [&hellip;]\" \/>\n<meta property=\"og:url\" content=\"https:\/\/luggagehero.com\/es\/marsella\/\" \/>\n<meta property=\"og:site_name\" content=\"LuggageHero\" \/>\n<meta property=\"article:publisher\" content=\"https:\/\/www.facebook.com\/luggagehero\" \/>\n<meta property=\"article:modified_time\" content=\"2023-09-04T11:31:03+00:00\" \/>\n<meta property=\"og:image\" content=\"https:\/\/luggagehero.com\/wp-content\/uploads\/2019\/08\/shutterstock_436865629-800x534.jpg\" \/>\n\t<meta property=\"og:image:width\" content=\"800\" \/>\n\t<meta property=\"og:image:height\" content=\"534\" \/>\n\t<meta property=\"og:image:type\" content=\"image\/jpeg\" \/>\n<meta name=\"twitter:card\" content=\"summary_large_image\" \/>\n<meta name=\"twitter:site\" content=\"@luggagehero\" \/>\n<meta name=\"twitter:label1\" content=\"Est. reading time\" \/>\n\t<meta name=\"twitter:data1\" content=\"4 minutes\" \/>\n<script type=\"application\/ld+json\" class=\"yoast-schema-graph\">{\"@context\":\"https:\/\/schema.org\",\"@graph\":[{\"@type\":\"WebPage\",\"@id\":\"https:\/\/luggagehero.com\/es\/marsella\/\",\"url\":\"https:\/\/luggagehero.com\/es\/marsella\/\",\"name\":\"Marsella - LuggageHero\",\"isPartOf\":{\"@id\":\"https:\/\/luggagehero.com\/es\/#website\"},\"primaryImageOfPage\":{\"@id\":\"https:\/\/luggagehero.com\/es\/marsella\/#primaryimage\"},\"image\":{\"@id\":\"https:\/\/luggagehero.com\/es\/marsella\/#primaryimage\"},\"thumbnailUrl\":\"https:\/\/luggagehero.com\/wp-content\/uploads\/2019\/08\/shutterstock_436865629.jpg\",\"datePublished\":\"2019-11-05T12:10:11+00:00\",\"dateModified\":\"2023-09-04T11:31:03+00:00\",\"breadcrumb\":{\"@id\":\"https:\/\/luggagehero.com\/es\/marsella\/#breadcrumb\"},\"inLanguage\":\"es-ES\",\"potentialAction\":[{\"@type\":\"ReadAction\",\"target\":[\"https:\/\/luggagehero.com\/es\/marsella\/\"]}]},{\"@type\":\"ImageObject\",\"inLanguage\":\"es-ES\",\"@id\":\"https:\/\/luggagehero.com\/es\/marsella\/#primaryimage\",\"url\":\"https:\/\/luggagehero.com\/wp-content\/uploads\/2019\/08\/shutterstock_436865629.jpg\",\"contentUrl\":\"https:\/\/luggagehero.com\/wp-content\/uploads\/2019\/08\/shutterstock_436865629.jpg\",\"width\":6635,\"height\":4428,\"caption\":\"Luggage Storage Marseille LuggageHero\"},{\"@type\":\"BreadcrumbList\",\"@id\":\"https:\/\/luggagehero.com\/es\/marsella\/#breadcrumb\",\"itemListElement\":[{\"@type\":\"ListItem\",\"position\":1,\"name\":\"Home\",\"item\":\"https:\/\/luggagehero.com\/es\/\"},{\"@type\":\"ListItem\",\"position\":2,\"name\":\"Marsella\"}]},{\"@type\":\"WebSite\",\"@id\":\"https:\/\/luggagehero.com\/es\/#website\",\"url\":\"https:\/\/luggagehero.com\/es\/\",\"name\":\"LuggageHero\",\"description\":\"Free yourself from luggage\",\"publisher\":{\"@id\":\"https:\/\/luggagehero.com\/es\/#organization\"},\"potentialAction\":[{\"@type\":\"SearchAction\",\"target\":{\"@type\":\"EntryPoint\",\"urlTemplate\":\"https:\/\/luggagehero.com\/es\/?s={search_term_string}\"},\"query-input\":{\"@type\":\"PropertyValueSpecification\",\"valueRequired\":true,\"valueName\":\"search_term_string\"}}],\"inLanguage\":\"es-ES\"},{\"@type\":\"Organization\",\"@id\":\"https:\/\/luggagehero.com\/es\/#organization\",\"name\":\"LuggageHero\",\"url\":\"https:\/\/luggagehero.com\/es\/\",\"logo\":{\"@type\":\"ImageObject\",\"inLanguage\":\"es-ES\",\"@id\":\"https:\/\/luggagehero.com\/es\/#\/schema\/logo\/image\/\",\"url\":\"https:\/\/luggagehero.com\/wp-content\/uploads\/2017\/04\/luggagehero_LOGO-RGB_kort_POS_200x200.png\",\"contentUrl\":\"https:\/\/luggagehero.com\/wp-content\/uploads\/2017\/04\/luggagehero_LOGO-RGB_kort_POS_200x200.png\",\"width\":200,\"height\":200,\"caption\":\"LuggageHero\"},\"image\":{\"@id\":\"https:\/\/luggagehero.com\/es\/#\/schema\/logo\/image\/\"},\"sameAs\":[\"https:\/\/www.facebook.com\/luggagehero\",\"https:\/\/x.com\/luggagehero\",\"https:\/\/www.instagram.com\/luggagehero\",\"https:\/\/www.linkedin.com\/company\/luggagehero\/\"]}]}<\/script>\n<!-- \/ Yoast SEO Premium plugin. -->","yoast_head_json":{"title":"Marsella - LuggageHero","robots":{"index":"index","follow":"follow","max-snippet":"max-snippet:-1","max-image-preview":"max-image-preview:large","max-video-preview":"max-video-preview:-1"},"canonical":"https:\/\/luggagehero.com\/es\/marsella\/","og_locale":"es_ES","og_type":"article","og_title":"Marsella","og_description":"No hace falta que sigas buscando taquillas para dejar el equipaje. La pr\u00f3xima vez que est\u00e9s en Marsella, recuerda que LuggageHero te pone las cosas f\u00e1ciles. Deja las maletas a trav\u00e9s de la red de m\u00e1s de 20 establecimientos locales de LuggageHero. Est\u00e1n situados cerca de los puntos de transporte m\u00e1s concurridos y en los [&hellip;]","og_url":"https:\/\/luggagehero.com\/es\/marsella\/","og_site_name":"LuggageHero","article_publisher":"https:\/\/www.facebook.com\/luggagehero","article_modified_time":"2023-09-04T11:31:03+00:00","og_image":[{"width":800,"height":534,"url":"https:\/\/luggagehero.com\/wp-content\/uploads\/2019\/08\/shutterstock_436865629-800x534.jpg","type":"image\/jpeg"}],"twitter_card":"summary_large_image","twitter_site":"@luggagehero","twitter_misc":{"Est. reading time":"4 minutes"},"schema":{"@context":"https:\/\/schema.org","@graph":[{"@type":"WebPage","@id":"https:\/\/luggagehero.com\/es\/marsella\/","url":"https:\/\/luggagehero.com\/es\/marsella\/","name":"Marsella - LuggageHero","isPartOf":{"@id":"https:\/\/luggagehero.com\/es\/#website"},"primaryImageOfPage":{"@id":"https:\/\/luggagehero.com\/es\/marsella\/#primaryimage"},"image":{"@id":"https:\/\/luggagehero.com\/es\/marsella\/#primaryimage"},"thumbnailUrl":"https:\/\/luggagehero.com\/wp-content\/uploads\/2019\/08\/shutterstock_436865629.jpg","datePublished":"2019-11-05T12:10:11+00:00","dateModified":"2023-09-04T11:31:03+00:00","breadcrumb":{"@id":"https:\/\/luggagehero.com\/es\/marsella\/#breadcrumb"},"inLanguage":"es-ES","potentialAction":[{"@type":"ReadAction","target":["https:\/\/luggagehero.com\/es\/marsella\/"]}]},{"@type":"ImageObject","inLanguage":"es-ES","@id":"https:\/\/luggagehero.com\/es\/marsella\/#primaryimage","url":"https:\/\/luggagehero.com\/wp-content\/uploads\/2019\/08\/shutterstock_436865629.jpg","contentUrl":"https:\/\/luggagehero.com\/wp-content\/uploads\/2019\/08\/shutterstock_436865629.jpg","width":6635,"height":4428,"caption":"Luggage Storage Marseille LuggageHero"},{"@type":"BreadcrumbList","@id":"https:\/\/luggagehero.com\/es\/marsella\/#breadcrumb","itemListElement":[{"@type":"ListItem","position":1,"name":"Home","item":"https:\/\/luggagehero.com\/es\/"},{"@type":"ListItem","position":2,"name":"Marsella"}]},{"@type":"WebSite","@id":"https:\/\/luggagehero.com\/es\/#website","url":"https:\/\/luggagehero.com\/es\/","name":"LuggageHero","description":"Free yourself from luggage","publisher":{"@id":"https:\/\/luggagehero.com\/es\/#organization"},"potentialAction":[{"@type":"SearchAction","target":{"@type":"EntryPoint","urlTemplate":"https:\/\/luggagehero.com\/es\/?s={search_term_string}"},"query-input":{"@type":"PropertyValueSpecification","valueRequired":true,"valueName":"search_term_string"}}],"inLanguage":"es-ES"},{"@type":"Organization","@id":"https:\/\/luggagehero.com\/es\/#organization","name":"LuggageHero","url":"https:\/\/luggagehero.com\/es\/","logo":{"@type":"ImageObject","inLanguage":"es-ES","@id":"https:\/\/luggagehero.com\/es\/#\/schema\/logo\/image\/","url":"https:\/\/luggagehero.com\/wp-content\/uploads\/2017\/04\/luggagehero_LOGO-RGB_kort_POS_200x200.png","contentUrl":"https:\/\/luggagehero.com\/wp-content\/uploads\/2017\/04\/luggagehero_LOGO-RGB_kort_POS_200x200.png","width":200,"height":200,"caption":"LuggageHero"},"image":{"@id":"https:\/\/luggagehero.com\/es\/#\/schema\/logo\/image\/"},"sameAs":["https:\/\/www.facebook.com\/luggagehero","https:\/\/x.com\/luggagehero","https:\/\/www.instagram.com\/luggagehero","https:\/\/www.linkedin.com\/company\/luggagehero\/"]}]}},"place_id":"","place_latitude_longitude":"43.2974,5.3811","place_name":"Marsella","criteria_title":"Consigna en m\u00e1s de 20 ubicaciones alrededor de [location]","criteria_description":"Deja las maletas en un establecimiento local a partir de 1 \u20ac\/hora","meta_title":"Consigna de equipaje [location] - m\u00e1s de 20 ubicaciones - las 24 horas, los 7 d\u00edas de la semana - a partir de 1 \u20ac\/hora","meta_description":"Utiliza la red de consignas de equipaje m\u00e1s grande de [location] hoy. M\u00e1s de 20 establecimientos disponibles en [location]. Abierto las 24 horas - 7 d\u00edas a la semana. Seguro de 2.500 \u20ac. Incluye precinto de seguridad.","children_criteria_title":"Consigna de equipaje [location]","children_criteria_description":"Deja las maletas en un establecimiento local a partir de 1 \u20ac\/hora","children_meta_title":"Consigna de equipaje [location] - 7 d\u00edas a la semana - a partir de 1 \u20ac\/hora","children_meta_description":"Servicio de consigna de equipaje c\u00f3modo y econ\u00f3mico cerca de [location]. A partir de 1 \u20ac\/hora. Incluye un seguro de 2500 \u20ac. Se coloca un precinto de seguridad en cada maleta. Reservar online.","_edit_last":"46","use_global_content":"","poi_type":"","content_raw":"No hace falta que sigas buscando taquillas para dejar el equipaje. La pr\u00f3xima vez que est\u00e9s en Marsella, recuerda que LuggageHero te pone las cosas f\u00e1ciles.\r\n\r\nDeja las maletas a trav\u00e9s de la red de m\u00e1s de 20 establecimientos locales de LuggageHero. Est\u00e1n situados cerca de los puntos de transporte m\u00e1s concurridos y en los barrios m\u00e1s visitados en 2019. Por ejemplo, la <a href=\"https:\/\/luggagehero.com\/marseille\/gare-de-marseille-saint-charles-train-station\/\">estaci\u00f3n Gare de Marseille Saint Charles<\/a>, la <a href=\"https:\/\/luggagehero.com\/marseille\/reformes-canebiere-metro-station\/\">estaci\u00f3n de metro Reformes - Canebiere<\/a>, <a href=\"https:\/\/luggagehero.com\/marseille\/vieux-port-hotel-de-ville\/\">Vieux-Port Hotel de Ville<\/a> y alrededor de <a href=\"https:\/\/luggagehero.com\/marseille\/quai-du-port\/\"> Quai du Port<\/a>.\r\n\r\nPongamos que llegas desde el aeropuerto internacional de Marsella Provenza horas antes de que tu alojamiento est\u00e9 disponible y quieres echar un vistazo a alg\u00fan monumento sin tener que ir cargando las maletas. A lo mejor te apetece visitar la <a href=\"https:\/\/luggagehero.com\/marseille\/cathedral-la-major\/\">catedral La Major<\/a>, el <a href=\"https:\/\/luggagehero.com\/marseille\/marseille-history-museum\/\">Museo de Historia de Marsella<\/a> o el famoso <a href=\"https:\/\/luggagehero.com\/marseille\/mucem\/\">MuCEM<\/a>, dar una vuelta por <a href=\"https:\/\/luggagehero.com\/marseille\/les-terrasses-du-port\/\">Les Terrasses Du Port<\/a> o simplemente explorar Marsella. Sea cual sea tu elecci\u00f3n, estamos aqu\u00ed para guardarte el equipaje.\r\n\r\nSolo tienes que ir a la <a href=\"https:\/\/app.luggagehero.com\/home;location=Barcelona;lat=41,3850639;lon=2,1734034999999494\">plataforma de reservas de LuggageHero<\/a> para encontrar un sitio pr\u00e1ctico en el que dejar el equipaje en una tienda u otros negocios, todos ellos <a href=\"https:\/\/luggagehero.com\/about\/certified-shops\/\">comprobados previamente por nosotros<\/a>. Gracias a nuestro mapa, podr\u00e1s localizar los establecimientos que est\u00e1n m\u00e1s cerca de las estaciones que vas a utilizar o de los sitios de inter\u00e9s que quieres visitar para que puedas guardar all\u00ed el equipaje.\r\n\r\n<img class=\"aligncenter wp-image-2267\" title=\"Deja el equipaje en Londres con un Hero\" src=\"https:\/\/luggagehero.com\/wp-content\/uploads\/2017\/06\/LuggageHero_figur_fod-paa-kufferter-1-720x907.png\" alt=\"Deja el equipaje en Londres con un Hero\" width=\"333\" height=\"420\" \/>\r\n\r\n<strong>A diferencia de otros servicios, se paga por horas.<\/strong>\r\n\r\nOfrecemos un servicio r\u00e1pido, c\u00f3modo y econ\u00f3mico.\r\n\r\nCreemos que es importante poder ofrecer a nuestros clientes muchas soluciones de pago distintas. Por ello, LuggageHero cobra a los usuarios \u00fanicamente 1 \u20ac por cada hora utilizada, a diferencia de la mayor\u00eda de servicios de consigna de equipaje, que te hacen pagar el d\u00eda entero. Si quieres dejar el equipaje todo el d\u00eda o m\u00e1s tiempo, te ofrecemos una tarifa diaria m\u00e1xima baja de 8 \u20ac. As\u00ed es como creemos que deber\u00eda ser el pago de una consigna de equipaje en 2019.\r\n<h4><strong>Te cuidamos<\/strong><\/h4>\r\nTu seguridad y tu tranquilidad son nuestra prioridad. Por ello, los empleados de LuggageHero comprueban y certifican todos nuestros establecimientos de Marsella. Tambi\u00e9n precintamos todas las bolsas y maletas para garantizar que nadie las abre. Asimismo, aseguramos todas las maletas y su contenido hasta [pricing insurancecoverage]. Si necesitas hablar con alguien de LuggageHero, estamos a tu disposici\u00f3n las 24 horas del d\u00eda a trav\u00e9s de nuestro sistema de chat online.\r\n<h4><strong>Gu\u00eda de consignas de equipaje Marsella 2019<\/strong><\/h4>\r\nTe lo hemos puesto f\u00e1cil para que puedas comparar todas las empresas que ofrecen servicio de consigna de equipaje en Marsella. Puedes consultar la lisa en nuestra <a href=\"https:\/\/luggagehero.com\/luggage-storage-lockers-marseille-guide\">Gu\u00eda de consignas de equipaje Marsella<\/a>.\r\n\r\nEsta gu\u00eda incluye las principales empresas que ofrecen servicio de consigna de equipaje en Marsella junto con vales de descuento.\r\n<h4><strong>\u00bfLo tienes todo listo para guardar las maletas en una de nuestras muchas consignas de Marsella?<\/strong><\/h4>\r\nEncuentra tu lugar perfecto y elige entre m\u00e1s de <strong>20 ubicaciones por toda Marsella.<\/strong>\r\n<h4 style=\"text-align: left;\">Seguridad<\/h4>\r\n<a href=\"https:\/\/luggagehero.com\/about\/certified-shops\/\">Certificamos<\/a> cuidadosamente y formamos al personal de todas nuestras ubicaciones de LuggageHero en Marsella sobre c\u00f3mo manejar tus pertenencias de forma segura.\r\n\r\nTodos nuestros establecimientos de Marsella los ha comprobado un empleado de LuggageHero, que tambi\u00e9n realiza controles de calidad peri\u00f3dicos para garantizar que las pertenencias de los clientes se guardan de forma segura.\r\n\r\nAdem\u00e1s, proporcionamos <a href=\"https:\/\/luggagehero.com\/about\/security-seal\/\"><strong>precintos de seguridad<\/strong><\/a> para cada bulto del equipaje. Los precintos te los dar\u00e1n al llegar al establecimiento, lo que garantiza que nadie pueda acceder a tus maletas.\r\n\r\nAdem\u00e1s, cada bulto de equipaje y sus contenidos est\u00e1n asegurados hasta un valor de [pricing insurancecoverage].\r\n\r\nSi necesitas ponerte en contacto con alguien, recuerda que el chat del servicio de asistencia al cliente online est\u00e1 disponible las 24 horas.\r\n<h4 style=\"text-align: left;\">Reserva sin ning\u00fan riesgo<\/h4>\r\nNuestro objetivo es hacer que tus viajes sean tan c\u00f3modos y f\u00e1ciles como sea posible y, por ello, es muy importante para nosotros que <strong>NO SE TE COBRE NADA<\/strong> hasta que no hayas dejado el equipaje.\r\n\r\nUtiliza nuestro servicio de reserva online para elegir el punto con consigna de equipaje en Marsella que te resulte m\u00e1s c\u00f3modo en funci\u00f3n de tu ubicaci\u00f3n y tu horario. Puedes reservarlo al llegar al establecimiento o reservarlo online con antelaci\u00f3n para asegurarte la disponibilidad. Si reservas con antelaci\u00f3n te asegurar\u00e1s el espacio para tu equipaje.\r\n\r\nPero todos sabemos que los planes a veces cambian, especialmente cuando est\u00e1s de viaje. As\u00ed que si no te presentas, no se cobra nada. Nada. Cero. Zip. Zilch. Nothing! Y no, ni siquiera hace falta que canceles.\r\n<h4>Gu\u00eda de consignas de equipaje de Marsella<\/h4>\r\nEn LuggageHero hemos hecho una gu\u00eda y un mapa para que sepas d\u00f3nde guardar tu equipaje cuando visites la magn\u00edfica ciudad de Marsella. Haz clic en el enlace siguiente para saber d\u00f3nde y c\u00f3mo guardar tu equipaje en Marsella: <a href=\"https:\/\/luggagehero.com\/find-luggage-storage-marseille\/\">https:\/\/luggagehero.com\/find-luggage-storage-marseille\/<\/a>","_links":{"self":[{"href":"https:\/\/luggagehero.com\/es\/wp-json\/wp\/v2\/pages\/11418","targetHints":{"allow":["GET"]}}],"collection":[{"href":"https:\/\/luggagehero.com\/es\/wp-json\/wp\/v2\/pages"}],"about":[{"href":"https:\/\/luggagehero.com\/es\/wp-json\/wp\/v2\/types\/page"}],"author":[{"embeddable":true,"href":"https:\/\/luggagehero.com\/es\/wp-json\/wp\/v2\/users\/9"}],"replies":[{"embeddable":true,"href":"https:\/\/luggagehero.com\/es\/wp-json\/wp\/v2\/comments?post=11418"}],"version-history":[{"count":0,"href":"https:\/\/luggagehero.com\/es\/wp-json\/wp\/v2\/pages\/11418\/revisions"}],"wp:featuredmedia":[{"embeddable":true,"href":"https:\/\/luggagehero.com\/es\/wp-json\/wp\/v2\/media\/8759"}],"wp:attachment":[{"href":"https:\/\/luggagehero.com\/es\/wp-json\/wp\/v2\/media?parent=11418"}],"curies":[{"name":"wp","href":"https:\/\/api.w.org\/{rel}","templated":true}]}}