{"id":11419,"date":"2019-11-05T12:10:12","date_gmt":"2019-11-05T12:10:12","guid":{"rendered":"https:\/\/luggagehero.com\/copenhague\/copenhague-estacion-central\/"},"modified":"2023-09-04T11:31:55","modified_gmt":"2023-09-04T11:31:55","slug":"copenhague-estacion-central","status":"publish","type":"page","link":"https:\/\/luggagehero.com\/es\/copenhague\/copenhague-estacion-central\/","title":{"rendered":"Copenhague estaci\u00f3n Central"},"content":{"rendered":"<p>\u00bfNecesitas guardar el equipaje en la estaci\u00f3n central de Copenhague? Dejar el equipaje con LuggageHero es tan c\u00f3modo como siempre. Ofrecemos servicio de consigna de equipaje seguro y pr\u00e1ctico al lado de la salida de la estaci\u00f3n. Si dejas el equipaje cerca de la estaci\u00f3n Central de Copenhague, podr\u00e1s acceder f\u00e1cilmente al <a href=\"https:\/\/luggagehero.com\/copenhagen\/copenhagen-airport\/\">aeropuerto de Copenhague<\/a> con la l\u00ednea Metro de Copenhague y <a href=\"https:\/\/luggagehero.com\/copenhagen\/tivoli\/\">Tivoli<\/a>, que se encuentra justo al otro lado de la calle.<\/p>\n<p>Los establecimientos con consigna de equipaje de LuggageHero son hoteles, cafeter\u00edas y tiendas <a href=\"https:\/\/luggagehero.com\/about\/certified-shops\/\">certificados<\/a>. Si reservas con antelaci\u00f3n, te aseguras espacio para tus maletas. La direcci\u00f3n y las indicaciones para llegar hasta nuestros establecimientos asociados las podr\u00e1s consultar al hacer la reserva. Todas las maletas se precintan con nuestros <a href=\"https:\/\/luggagehero.com\/about\/security-seal\/\">precintos de seguridad<\/a> y aseguramos cada bulto de equipaje hasta un valor de <pricing-component type=\"insurancecoverage\"><\/pricing-component> una vez dejes las maletas y pongas en marcha el contador de la consigna en la p\u00e1gina de tu reserva.<\/p>\n<p><img loading=\"lazy\" decoding=\"async\" class=\"aligncenter size-large wp-image-10297\" src=\"https:\/\/luggagehero.com\/wp-content\/uploads\/2019\/10\/shutterstock_1199662321-800x534.jpg\" alt=\"\" width=\"800\" height=\"534\" \/><\/p>\n<h2 style=\"text-align: center;\">Copenhague estaci\u00f3n Central<\/h2>\n<p>La estaci\u00f3n de ferrocarril principal de Copenhague es la mayor estaci\u00f3n de tren de Dinamarca, aunque pasan m\u00e1s pasajeros por la <a href=\"https:\/\/luggagehero.com\/copenhagen\/norreport-station\/\">estaci\u00f3n de N\u00f8rreport<\/a>, si incluimos los servicios del tren suburbano y del metro. La estaci\u00f3n central est\u00e1 situada entre los distritos del centro, Vesterbro y al lado de los famosos <a href=\"https:\/\/luggagehero.com\/copenhagen\/tivoli\/\">Jardines Tivoli<\/a>.<\/p>\n<p>Desde la estaci\u00f3n central de Copenhague te podr\u00e1s desplazar c\u00f3modamente a la mayor\u00eda de zonas de Copenhague en tren suburbano y metro. Si decides dejar las maletas, tambi\u00e9n te dar\u00e1s cuenta de que muchos lugares de inter\u00e9s se encuentran a poca distancia a pie. Detr\u00e1s de la estaci\u00f3n Central, encontrar\u00e1s la estaci\u00f3n DGI-byen, donde muchos buses internacionales tienen su zona de llegada y salida a lo largo de una calle llamada Ingerslevsgade. All\u00ed podr\u00e1s coger autobuses de Nettbus, Flixbus, Neptun bus y el Kambardo express.<\/p>\n","protected":false},"excerpt":{"rendered":"<p>\u00bfNecesitas guardar el equipaje en la estaci\u00f3n central de Copenhague? Dejar el equipaje con LuggageHero es tan c\u00f3modo como siempre. Ofrecemos servicio de consigna de equipaje seguro y pr\u00e1ctico al lado de la salida de la estaci\u00f3n. Si dejas el equipaje cerca de la estaci\u00f3n Central de Copenhague, podr\u00e1s acceder f\u00e1cilmente al aeropuerto de Copenhague [&hellip;]<\/p>\n","protected":false},"author":9,"featured_media":39413,"parent":11360,"menu_order":0,"comment_status":"closed","ping_status":"closed","template":"template-location.php","meta":{"_acf_changed":false,"footnotes":""},"class_list":["post-11419","page","type-page","status-publish","has-post-thumbnail","hentry"],"acf":[],"yoast_head":"<!-- This site is optimized with the Yoast SEO Premium plugin v27.0 (Yoast SEO v27.0) - https:\/\/yoast.com\/product\/yoast-seo-premium-wordpress\/ -->\n<title>Copenhague estaci\u00f3n Central - LuggageHero<\/title>\n<meta name=\"robots\" content=\"index, follow, max-snippet:-1, max-image-preview:large, max-video-preview:-1\" \/>\n<link rel=\"canonical\" href=\"https:\/\/luggagehero.com\/es\/copenhague\/copenhague-estacion-central\/\" \/>\n<meta property=\"og:locale\" content=\"es_ES\" \/>\n<meta property=\"og:type\" content=\"article\" \/>\n<meta property=\"og:title\" content=\"Copenhague estaci\u00f3n Central\" \/>\n<meta property=\"og:description\" content=\"\u00bfNecesitas guardar el equipaje en la estaci\u00f3n central de Copenhague? Dejar el equipaje con LuggageHero es tan c\u00f3modo como siempre. Ofrecemos servicio de consigna de equipaje seguro y pr\u00e1ctico al lado de la salida de la estaci\u00f3n. Si dejas el equipaje cerca de la estaci\u00f3n Central de Copenhague, podr\u00e1s acceder f\u00e1cilmente al aeropuerto de Copenhague [&hellip;]\" \/>\n<meta property=\"og:url\" content=\"https:\/\/luggagehero.com\/es\/copenhague\/copenhague-estacion-central\/\" \/>\n<meta property=\"og:site_name\" content=\"LuggageHero\" \/>\n<meta property=\"article:publisher\" content=\"https:\/\/www.facebook.com\/luggagehero\" \/>\n<meta property=\"article:modified_time\" content=\"2023-09-04T11:31:55+00:00\" \/>\n<meta property=\"og:image\" content=\"https:\/\/luggagehero.com\/wp-content\/uploads\/2021\/10\/copenhagen-station3.jpg\" \/>\n\t<meta property=\"og:image:width\" content=\"774\" \/>\n\t<meta property=\"og:image:height\" content=\"330\" \/>\n\t<meta property=\"og:image:type\" content=\"image\/jpeg\" \/>\n<meta name=\"twitter:card\" content=\"summary_large_image\" \/>\n<meta name=\"twitter:site\" content=\"@luggagehero\" \/>\n<meta name=\"twitter:label1\" content=\"Est. reading time\" \/>\n\t<meta name=\"twitter:data1\" content=\"2 minutes\" \/>\n<script type=\"application\/ld+json\" class=\"yoast-schema-graph\">{\"@context\":\"https:\/\/schema.org\",\"@graph\":[{\"@type\":\"WebPage\",\"@id\":\"https:\/\/luggagehero.com\/es\/copenhague\/copenhague-estacion-central\/\",\"url\":\"https:\/\/luggagehero.com\/es\/copenhague\/copenhague-estacion-central\/\",\"name\":\"Copenhague estaci\u00f3n Central - LuggageHero\",\"isPartOf\":{\"@id\":\"https:\/\/luggagehero.com\/es\/#website\"},\"primaryImageOfPage\":{\"@id\":\"https:\/\/luggagehero.com\/es\/copenhague\/copenhague-estacion-central\/#primaryimage\"},\"image\":{\"@id\":\"https:\/\/luggagehero.com\/es\/copenhague\/copenhague-estacion-central\/#primaryimage\"},\"thumbnailUrl\":\"https:\/\/luggagehero.com\/wp-content\/uploads\/2021\/10\/copenhagen-station3.jpg\",\"datePublished\":\"2019-11-05T12:10:12+00:00\",\"dateModified\":\"2023-09-04T11:31:55+00:00\",\"breadcrumb\":{\"@id\":\"https:\/\/luggagehero.com\/es\/copenhague\/copenhague-estacion-central\/#breadcrumb\"},\"inLanguage\":\"es-ES\",\"potentialAction\":[{\"@type\":\"ReadAction\",\"target\":[\"https:\/\/luggagehero.com\/es\/copenhague\/copenhague-estacion-central\/\"]}]},{\"@type\":\"ImageObject\",\"inLanguage\":\"es-ES\",\"@id\":\"https:\/\/luggagehero.com\/es\/copenhague\/copenhague-estacion-central\/#primaryimage\",\"url\":\"https:\/\/luggagehero.com\/wp-content\/uploads\/2021\/10\/copenhagen-station3.jpg\",\"contentUrl\":\"https:\/\/luggagehero.com\/wp-content\/uploads\/2021\/10\/copenhagen-station3.jpg\",\"width\":774,\"height\":330,\"caption\":\"Luggage storage Copenhagen LuggageHero\"},{\"@type\":\"BreadcrumbList\",\"@id\":\"https:\/\/luggagehero.com\/es\/copenhague\/copenhague-estacion-central\/#breadcrumb\",\"itemListElement\":[{\"@type\":\"ListItem\",\"position\":1,\"name\":\"Home\",\"item\":\"https:\/\/luggagehero.com\/es\/\"},{\"@type\":\"ListItem\",\"position\":2,\"name\":\"Copenhague\",\"item\":\"https:\/\/luggagehero.com\/es\/copenhague\/\"},{\"@type\":\"ListItem\",\"position\":3,\"name\":\"Copenhague estaci\u00f3n Central\"}]},{\"@type\":\"WebSite\",\"@id\":\"https:\/\/luggagehero.com\/es\/#website\",\"url\":\"https:\/\/luggagehero.com\/es\/\",\"name\":\"LuggageHero\",\"description\":\"Free yourself from luggage\",\"publisher\":{\"@id\":\"https:\/\/luggagehero.com\/es\/#organization\"},\"potentialAction\":[{\"@type\":\"SearchAction\",\"target\":{\"@type\":\"EntryPoint\",\"urlTemplate\":\"https:\/\/luggagehero.com\/es\/?s={search_term_string}\"},\"query-input\":{\"@type\":\"PropertyValueSpecification\",\"valueRequired\":true,\"valueName\":\"search_term_string\"}}],\"inLanguage\":\"es-ES\"},{\"@type\":\"Organization\",\"@id\":\"https:\/\/luggagehero.com\/es\/#organization\",\"name\":\"LuggageHero\",\"url\":\"https:\/\/luggagehero.com\/es\/\",\"logo\":{\"@type\":\"ImageObject\",\"inLanguage\":\"es-ES\",\"@id\":\"https:\/\/luggagehero.com\/es\/#\/schema\/logo\/image\/\",\"url\":\"https:\/\/luggagehero.com\/wp-content\/uploads\/2017\/04\/luggagehero_LOGO-RGB_kort_POS_200x200.png\",\"contentUrl\":\"https:\/\/luggagehero.com\/wp-content\/uploads\/2017\/04\/luggagehero_LOGO-RGB_kort_POS_200x200.png\",\"width\":200,\"height\":200,\"caption\":\"LuggageHero\"},\"image\":{\"@id\":\"https:\/\/luggagehero.com\/es\/#\/schema\/logo\/image\/\"},\"sameAs\":[\"https:\/\/www.facebook.com\/luggagehero\",\"https:\/\/x.com\/luggagehero\",\"https:\/\/www.instagram.com\/luggagehero\",\"https:\/\/www.linkedin.com\/company\/luggagehero\/\"]}]}<\/script>\n<!-- \/ Yoast SEO Premium plugin. -->","yoast_head_json":{"title":"Copenhague estaci\u00f3n Central - LuggageHero","robots":{"index":"index","follow":"follow","max-snippet":"max-snippet:-1","max-image-preview":"max-image-preview:large","max-video-preview":"max-video-preview:-1"},"canonical":"https:\/\/luggagehero.com\/es\/copenhague\/copenhague-estacion-central\/","og_locale":"es_ES","og_type":"article","og_title":"Copenhague estaci\u00f3n Central","og_description":"\u00bfNecesitas guardar el equipaje en la estaci\u00f3n central de Copenhague? Dejar el equipaje con LuggageHero es tan c\u00f3modo como siempre. Ofrecemos servicio de consigna de equipaje seguro y pr\u00e1ctico al lado de la salida de la estaci\u00f3n. Si dejas el equipaje cerca de la estaci\u00f3n Central de Copenhague, podr\u00e1s acceder f\u00e1cilmente al aeropuerto de Copenhague [&hellip;]","og_url":"https:\/\/luggagehero.com\/es\/copenhague\/copenhague-estacion-central\/","og_site_name":"LuggageHero","article_publisher":"https:\/\/www.facebook.com\/luggagehero","article_modified_time":"2023-09-04T11:31:55+00:00","og_image":[{"width":774,"height":330,"url":"https:\/\/luggagehero.com\/wp-content\/uploads\/2021\/10\/copenhagen-station3.jpg","type":"image\/jpeg"}],"twitter_card":"summary_large_image","twitter_site":"@luggagehero","twitter_misc":{"Est. reading time":"2 minutes"},"schema":{"@context":"https:\/\/schema.org","@graph":[{"@type":"WebPage","@id":"https:\/\/luggagehero.com\/es\/copenhague\/copenhague-estacion-central\/","url":"https:\/\/luggagehero.com\/es\/copenhague\/copenhague-estacion-central\/","name":"Copenhague estaci\u00f3n Central - LuggageHero","isPartOf":{"@id":"https:\/\/luggagehero.com\/es\/#website"},"primaryImageOfPage":{"@id":"https:\/\/luggagehero.com\/es\/copenhague\/copenhague-estacion-central\/#primaryimage"},"image":{"@id":"https:\/\/luggagehero.com\/es\/copenhague\/copenhague-estacion-central\/#primaryimage"},"thumbnailUrl":"https:\/\/luggagehero.com\/wp-content\/uploads\/2021\/10\/copenhagen-station3.jpg","datePublished":"2019-11-05T12:10:12+00:00","dateModified":"2023-09-04T11:31:55+00:00","breadcrumb":{"@id":"https:\/\/luggagehero.com\/es\/copenhague\/copenhague-estacion-central\/#breadcrumb"},"inLanguage":"es-ES","potentialAction":[{"@type":"ReadAction","target":["https:\/\/luggagehero.com\/es\/copenhague\/copenhague-estacion-central\/"]}]},{"@type":"ImageObject","inLanguage":"es-ES","@id":"https:\/\/luggagehero.com\/es\/copenhague\/copenhague-estacion-central\/#primaryimage","url":"https:\/\/luggagehero.com\/wp-content\/uploads\/2021\/10\/copenhagen-station3.jpg","contentUrl":"https:\/\/luggagehero.com\/wp-content\/uploads\/2021\/10\/copenhagen-station3.jpg","width":774,"height":330,"caption":"Luggage storage Copenhagen LuggageHero"},{"@type":"BreadcrumbList","@id":"https:\/\/luggagehero.com\/es\/copenhague\/copenhague-estacion-central\/#breadcrumb","itemListElement":[{"@type":"ListItem","position":1,"name":"Home","item":"https:\/\/luggagehero.com\/es\/"},{"@type":"ListItem","position":2,"name":"Copenhague","item":"https:\/\/luggagehero.com\/es\/copenhague\/"},{"@type":"ListItem","position":3,"name":"Copenhague estaci\u00f3n Central"}]},{"@type":"WebSite","@id":"https:\/\/luggagehero.com\/es\/#website","url":"https:\/\/luggagehero.com\/es\/","name":"LuggageHero","description":"Free yourself from luggage","publisher":{"@id":"https:\/\/luggagehero.com\/es\/#organization"},"potentialAction":[{"@type":"SearchAction","target":{"@type":"EntryPoint","urlTemplate":"https:\/\/luggagehero.com\/es\/?s={search_term_string}"},"query-input":{"@type":"PropertyValueSpecification","valueRequired":true,"valueName":"search_term_string"}}],"inLanguage":"es-ES"},{"@type":"Organization","@id":"https:\/\/luggagehero.com\/es\/#organization","name":"LuggageHero","url":"https:\/\/luggagehero.com\/es\/","logo":{"@type":"ImageObject","inLanguage":"es-ES","@id":"https:\/\/luggagehero.com\/es\/#\/schema\/logo\/image\/","url":"https:\/\/luggagehero.com\/wp-content\/uploads\/2017\/04\/luggagehero_LOGO-RGB_kort_POS_200x200.png","contentUrl":"https:\/\/luggagehero.com\/wp-content\/uploads\/2017\/04\/luggagehero_LOGO-RGB_kort_POS_200x200.png","width":200,"height":200,"caption":"LuggageHero"},"image":{"@id":"https:\/\/luggagehero.com\/es\/#\/schema\/logo\/image\/"},"sameAs":["https:\/\/www.facebook.com\/luggagehero","https:\/\/x.com\/luggagehero","https:\/\/www.instagram.com\/luggagehero","https:\/\/www.linkedin.com\/company\/luggagehero\/"]}]}},"place_id":"","place_latitude_longitude":"55.6730,12.5766","place_name":"Copenhague estaci\u00f3n Central","criteria_title":"","criteria_description":"","meta_title":"","meta_description":"","children_criteria_title":"","children_criteria_description":"","children_meta_title":"","children_meta_description":"","_edit_last":"46","use_global_content":"","poi_type":"","content_raw":"\u00bfNecesitas guardar el equipaje en la estaci\u00f3n central de Copenhague? Dejar el equipaje con LuggageHero es tan c\u00f3modo como siempre. Ofrecemos servicio de consigna de equipaje seguro y pr\u00e1ctico al lado de la salida de la estaci\u00f3n. Si dejas el equipaje cerca de la estaci\u00f3n Central de Copenhague, podr\u00e1s acceder f\u00e1cilmente al <a href=\"https:\/\/luggagehero.com\/copenhagen\/copenhagen-airport\/\">aeropuerto de Copenhague<\/a> con la l\u00ednea Metro de Copenhague y <a href=\"https:\/\/luggagehero.com\/copenhagen\/tivoli\/\">Tivoli<\/a>, que se encuentra justo al otro lado de la calle.\r\n\r\nLos establecimientos con consigna de equipaje de LuggageHero son hoteles, cafeter\u00edas y tiendas <a href=\"https:\/\/luggagehero.com\/about\/certified-shops\/\">certificados<\/a>. Si reservas con antelaci\u00f3n, te aseguras espacio para tus maletas. La direcci\u00f3n y las indicaciones para llegar hasta nuestros establecimientos asociados las podr\u00e1s consultar al hacer la reserva. Todas las maletas se precintan con nuestros <a href=\"https:\/\/luggagehero.com\/about\/security-seal\/\">precintos de seguridad<\/a> y aseguramos cada bulto de equipaje hasta un valor de [pricing insurancecoverage] una vez dejes las maletas y pongas en marcha el contador de la consigna en la p\u00e1gina de tu reserva.\r\n\r\n<img class=\"aligncenter size-large wp-image-10297\" src=\"https:\/\/luggagehero.com\/wp-content\/uploads\/2019\/10\/shutterstock_1199662321-800x534.jpg\" alt=\"\" width=\"800\" height=\"534\" \/>\r\n<h2 style=\"text-align: center;\">Copenhague estaci\u00f3n Central<\/h2>\r\nLa estaci\u00f3n de ferrocarril principal de Copenhague es la mayor estaci\u00f3n de tren de Dinamarca, aunque pasan m\u00e1s pasajeros por la <a href=\"https:\/\/luggagehero.com\/copenhagen\/norreport-station\/\">estaci\u00f3n de N\u00f8rreport<\/a>, si incluimos los servicios del tren suburbano y del metro. La estaci\u00f3n central est\u00e1 situada entre los distritos del centro, Vesterbro y al lado de los famosos <a href=\"https:\/\/luggagehero.com\/copenhagen\/tivoli\/\">Jardines Tivoli<\/a>.\r\n\r\nDesde la estaci\u00f3n central de Copenhague te podr\u00e1s desplazar c\u00f3modamente a la mayor\u00eda de zonas de Copenhague en tren suburbano y metro. Si decides dejar las maletas, tambi\u00e9n te dar\u00e1s cuenta de que muchos lugares de inter\u00e9s se encuentran a poca distancia a pie. Detr\u00e1s de la estaci\u00f3n Central, encontrar\u00e1s la estaci\u00f3n DGI-byen, donde muchos buses internacionales tienen su zona de llegada y salida a lo largo de una calle llamada Ingerslevsgade. All\u00ed podr\u00e1s coger autobuses de Nettbus, Flixbus, Neptun bus y el Kambardo express.","_links":{"self":[{"href":"https:\/\/luggagehero.com\/es\/wp-json\/wp\/v2\/pages\/11419","targetHints":{"allow":["GET"]}}],"collection":[{"href":"https:\/\/luggagehero.com\/es\/wp-json\/wp\/v2\/pages"}],"about":[{"href":"https:\/\/luggagehero.com\/es\/wp-json\/wp\/v2\/types\/page"}],"author":[{"embeddable":true,"href":"https:\/\/luggagehero.com\/es\/wp-json\/wp\/v2\/users\/9"}],"replies":[{"embeddable":true,"href":"https:\/\/luggagehero.com\/es\/wp-json\/wp\/v2\/comments?post=11419"}],"version-history":[{"count":0,"href":"https:\/\/luggagehero.com\/es\/wp-json\/wp\/v2\/pages\/11419\/revisions"}],"up":[{"embeddable":true,"href":"https:\/\/luggagehero.com\/es\/wp-json\/wp\/v2\/pages\/11360"}],"wp:featuredmedia":[{"embeddable":true,"href":"https:\/\/luggagehero.com\/es\/wp-json\/wp\/v2\/media\/39413"}],"wp:attachment":[{"href":"https:\/\/luggagehero.com\/es\/wp-json\/wp\/v2\/media?parent=11419"}],"curies":[{"name":"wp","href":"https:\/\/api.w.org\/{rel}","templated":true}]}}