{"id":12178,"date":"2019-11-27T13:20:49","date_gmt":"2019-11-27T13:20:49","guid":{"rendered":"https:\/\/luggagehero.com\/londres\/estacion-de-euston\/"},"modified":"2023-08-22T12:10:48","modified_gmt":"2023-08-22T12:10:48","slug":"estacion-de-euston-2","status":"publish","type":"page","link":"https:\/\/luggagehero.com\/es\/londres\/estacion-de-euston-2\/","title":{"rendered":"Estaci\u00f3n de Euston"},"content":{"rendered":"<p>\u00bfNecesitas dejar el equipaje cerca de la estaci\u00f3n de Euston? Deja las cosas en uno de nuestros puntos con consigna de equipaje que hay en los alrededores. Cuando dejes el equipaje con LuggageHero, un establecimiento local <a href=\"https:\/\/luggagehero.com\/about\/certified-shops\/\">certificado<\/a> de los alrededores de la estaci\u00f3n de Euston se ocupar\u00e1 de tus maletas. Se coloca un <a href=\"https:\/\/luggagehero.com\/about\/security-seal\/\">precinto de seguridad<\/a> a prueba de manipulaciones en todas las maletas y se aseguran hasta un importe de <pricing-component type=\"insurancecoverage\"><\/pricing-component>.<\/p>\n<p>LuggageHero es el servicio de consigna de equipaje m\u00e1s barato, f\u00e1cil y pr\u00e1ctico. Te ayudar\u00e1 a convertir los d\u00edas de viaje en d\u00edas de vacaciones. Nuestra comunidad de LuggageHeroes en <a href=\"https:\/\/luggagehero.com\/london\/\">Londres<\/a> cuidar\u00e1 de tu equipaje mientras visitas la zona.<\/p>\n<p>Para adaptarnos a tus planes y a sus posibles cambios, tenemos una pol\u00edtica de reserva sin ning\u00fan riesgo: tan solo pagas si te presentas. Deja el equipaje y rec\u00f3gelo cuando te convenga sin que se te cobre de m\u00e1s. Pon en marcha nuestro cron\u00f3metro cuando llegues a un LuggageHero y p\u00e1ralo cuando vengas a recoger tus cosas.<\/p>\n<h2 style=\"text-align: center;\"><\/h2>\n<p><img loading=\"lazy\" decoding=\"async\" class=\"aligncenter wp-image-1964 size-full\" src=\"https:\/\/luggagehero.com\/wp-content\/uploads\/2018\/02\/luggage_storage_euston_station.jpg\" alt=\"Estaci\u00f3n de Euston Londres\" width=\"640\" height=\"360\" srcset=\"https:\/\/luggagehero.com\/wp-content\/uploads\/2018\/02\/luggage_storage_euston_station.jpg 640w, https:\/\/luggagehero.com\/wp-content\/uploads\/2018\/02\/luggage_storage_euston_station-300x169.jpg 300w, https:\/\/luggagehero.com\/wp-content\/uploads\/2018\/02\/luggage_storage_euston_station-600x338.jpg 600w\" sizes=\"auto, (max-width: 640px) 100vw, 640px\" \/><\/p>\n<h2 style=\"text-align: center;\">Estaci\u00f3n de Euston<\/h2>\n<p>La estaci\u00f3n de Euston es una importante estaci\u00f3n de tren y metro de Londres. La estaci\u00f3n se encuentra en el centro de Londres y est\u00e1 cerca de <a href=\"https:\/\/luggagehero.com\/london\/kings-cross-station\/\">Kings Cross<\/a>, Regent&#8217;s Park, Somers Town y Bloomsbury. La estaci\u00f3n no ofrece ning\u00fan servicio de consigna de equipaje ni taquillas. Desde la estaci\u00f3n de Euston, podr\u00e1s desplazarte directamente a <a href=\"https:\/\/luggagehero.com\/london\/victoria-station\/\">Victoria Station<\/a>, <a href=\"https:\/\/luggagehero.com\/london\/liverpool-street-station\/\">Liverpool Street Station<\/a>, <a href=\"https:\/\/luggagehero.com\/london\/paddington-station\/\">Paddington Station<\/a> y <a href=\"https:\/\/luggagehero.com\/london\/kings-cross-station\/\">King&#8217;s Cross Station<\/a>.<\/p>\n<p>Adem\u00e1s, en los alrededores de la estaci\u00f3n de Euston encontrar\u00e1s diversos lugares de inter\u00e9s tur\u00edstico, como la Biblioteca Brit\u00e1nica y Regent&#8217;s Park. <a href=\"https:\/\/luggagehero.com\/london\/british-museum\/\">El Museo Brit\u00e1nico<\/a> se encuentra a tan solo 15 minutos a pie<\/p>\n<p>&nbsp;<\/p>\n","protected":false},"excerpt":{"rendered":"<p>\u00bfNecesitas dejar el equipaje cerca de la estaci\u00f3n de Euston? Deja las cosas en uno de nuestros puntos con consigna de equipaje que hay en los alrededores. Cuando dejes el equipaje con LuggageHero, un establecimiento local certificado de los alrededores de la estaci\u00f3n de Euston se ocupar\u00e1 de tus maletas. Se coloca un precinto de [&hellip;]<\/p>\n","protected":false},"author":9,"featured_media":0,"parent":7287,"menu_order":0,"comment_status":"closed","ping_status":"closed","template":"template-location.php","meta":{"_acf_changed":false,"footnotes":""},"class_list":["post-12178","page","type-page","status-publish","hentry"],"acf":[],"yoast_head":"<!-- This site is optimized with the Yoast SEO Premium plugin v27.0 (Yoast SEO v27.0) - https:\/\/yoast.com\/product\/yoast-seo-premium-wordpress\/ -->\n<title>Consigna de equipaje en la estaci\u00f3n de Euston 7 d\u00edas a la semana - A partir de 1 \u00a3\/hora<\/title>\n<meta name=\"description\" content=\"El servicio m\u00b4\u00e1s f\u00e1cil, barato y pr\u00e1ctico cerca de la estaci\u00f3n de Euston a partir de 1 \u00a3\/hora. Incluye un seguro de 2.200 \u00a3. Se coloca un precinto de seguridad en cada maleta.\" \/>\n<meta name=\"robots\" content=\"index, follow, max-snippet:-1, max-image-preview:large, max-video-preview:-1\" \/>\n<link rel=\"canonical\" href=\"https:\/\/luggagehero.com\/es\/londres\/estacion-de-euston-2\/\" \/>\n<meta property=\"og:locale\" content=\"es_ES\" \/>\n<meta property=\"og:type\" content=\"article\" \/>\n<meta property=\"og:title\" content=\"Estaci\u00f3n de Euston\" \/>\n<meta property=\"og:description\" content=\"El servicio m\u00b4\u00e1s f\u00e1cil, barato y pr\u00e1ctico cerca de la estaci\u00f3n de Euston a partir de 1 \u00a3\/hora. Incluye un seguro de 2.200 \u00a3. Se coloca un precinto de seguridad en cada maleta.\" \/>\n<meta property=\"og:url\" content=\"https:\/\/luggagehero.com\/es\/londres\/estacion-de-euston-2\/\" \/>\n<meta property=\"og:site_name\" content=\"LuggageHero\" \/>\n<meta property=\"article:publisher\" content=\"https:\/\/www.facebook.com\/luggagehero\" \/>\n<meta property=\"article:modified_time\" content=\"2023-08-22T12:10:48+00:00\" \/>\n<meta property=\"og:image\" content=\"https:\/\/luggagehero.com\/wp-content\/uploads\/2018\/02\/luggage_storage_euston_station.jpg\" \/>\n<meta name=\"twitter:card\" content=\"summary_large_image\" \/>\n<meta name=\"twitter:site\" content=\"@luggagehero\" \/>\n<meta name=\"twitter:label1\" content=\"Est. reading time\" \/>\n\t<meta name=\"twitter:data1\" content=\"2 minutes\" \/>\n<script type=\"application\/ld+json\" class=\"yoast-schema-graph\">{\"@context\":\"https:\/\/schema.org\",\"@graph\":[{\"@type\":\"WebPage\",\"@id\":\"https:\/\/luggagehero.com\/es\/londres\/estacion-de-euston-2\/\",\"url\":\"https:\/\/luggagehero.com\/es\/londres\/estacion-de-euston-2\/\",\"name\":\"Consigna de equipaje en la estaci\u00f3n de Euston 7 d\u00edas a la semana - A partir de 1 \u00a3\/hora\",\"isPartOf\":{\"@id\":\"https:\/\/luggagehero.com\/es\/#website\"},\"primaryImageOfPage\":{\"@id\":\"https:\/\/luggagehero.com\/es\/londres\/estacion-de-euston-2\/#primaryimage\"},\"image\":{\"@id\":\"https:\/\/luggagehero.com\/es\/londres\/estacion-de-euston-2\/#primaryimage\"},\"thumbnailUrl\":\"https:\/\/luggagehero.com\/wp-content\/uploads\/2018\/02\/luggage_storage_euston_station.jpg\",\"datePublished\":\"2019-11-27T13:20:49+00:00\",\"dateModified\":\"2023-08-22T12:10:48+00:00\",\"description\":\"El servicio m\u00b4\u00e1s f\u00e1cil, barato y pr\u00e1ctico cerca de la estaci\u00f3n de Euston a partir de 1 \u00a3\/hora. Incluye un seguro de 2.200 \u00a3. Se coloca un precinto de seguridad en cada maleta.\",\"breadcrumb\":{\"@id\":\"https:\/\/luggagehero.com\/es\/londres\/estacion-de-euston-2\/#breadcrumb\"},\"inLanguage\":\"es-ES\",\"potentialAction\":[{\"@type\":\"ReadAction\",\"target\":[\"https:\/\/luggagehero.com\/es\/londres\/estacion-de-euston-2\/\"]}]},{\"@type\":\"ImageObject\",\"inLanguage\":\"es-ES\",\"@id\":\"https:\/\/luggagehero.com\/es\/londres\/estacion-de-euston-2\/#primaryimage\",\"url\":\"https:\/\/luggagehero.com\/wp-content\/uploads\/2018\/02\/luggage_storage_euston_station.jpg\",\"contentUrl\":\"https:\/\/luggagehero.com\/wp-content\/uploads\/2018\/02\/luggage_storage_euston_station.jpg\"},{\"@type\":\"BreadcrumbList\",\"@id\":\"https:\/\/luggagehero.com\/es\/londres\/estacion-de-euston-2\/#breadcrumb\",\"itemListElement\":[{\"@type\":\"ListItem\",\"position\":1,\"name\":\"Home\",\"item\":\"https:\/\/luggagehero.com\/es\/\"},{\"@type\":\"ListItem\",\"position\":2,\"name\":\"Londres\",\"item\":\"https:\/\/luggagehero.com\/es\/londres\/\"},{\"@type\":\"ListItem\",\"position\":3,\"name\":\"Estaci\u00f3n de Euston\"}]},{\"@type\":\"WebSite\",\"@id\":\"https:\/\/luggagehero.com\/es\/#website\",\"url\":\"https:\/\/luggagehero.com\/es\/\",\"name\":\"LuggageHero\",\"description\":\"Free yourself from luggage\",\"publisher\":{\"@id\":\"https:\/\/luggagehero.com\/es\/#organization\"},\"potentialAction\":[{\"@type\":\"SearchAction\",\"target\":{\"@type\":\"EntryPoint\",\"urlTemplate\":\"https:\/\/luggagehero.com\/es\/?s={search_term_string}\"},\"query-input\":{\"@type\":\"PropertyValueSpecification\",\"valueRequired\":true,\"valueName\":\"search_term_string\"}}],\"inLanguage\":\"es-ES\"},{\"@type\":\"Organization\",\"@id\":\"https:\/\/luggagehero.com\/es\/#organization\",\"name\":\"LuggageHero\",\"url\":\"https:\/\/luggagehero.com\/es\/\",\"logo\":{\"@type\":\"ImageObject\",\"inLanguage\":\"es-ES\",\"@id\":\"https:\/\/luggagehero.com\/es\/#\/schema\/logo\/image\/\",\"url\":\"https:\/\/luggagehero.com\/wp-content\/uploads\/2017\/04\/luggagehero_LOGO-RGB_kort_POS_200x200.png\",\"contentUrl\":\"https:\/\/luggagehero.com\/wp-content\/uploads\/2017\/04\/luggagehero_LOGO-RGB_kort_POS_200x200.png\",\"width\":200,\"height\":200,\"caption\":\"LuggageHero\"},\"image\":{\"@id\":\"https:\/\/luggagehero.com\/es\/#\/schema\/logo\/image\/\"},\"sameAs\":[\"https:\/\/www.facebook.com\/luggagehero\",\"https:\/\/x.com\/luggagehero\",\"https:\/\/www.instagram.com\/luggagehero\",\"https:\/\/www.linkedin.com\/company\/luggagehero\/\"]}]}<\/script>\n<!-- \/ Yoast SEO Premium plugin. -->","yoast_head_json":{"title":"Consigna de equipaje en la estaci\u00f3n de Euston 7 d\u00edas a la semana - A partir de 1 \u00a3\/hora","description":"El servicio m\u00b4\u00e1s f\u00e1cil, barato y pr\u00e1ctico cerca de la estaci\u00f3n de Euston a partir de 1 \u00a3\/hora. Incluye un seguro de 2.200 \u00a3. Se coloca un precinto de seguridad en cada maleta.","robots":{"index":"index","follow":"follow","max-snippet":"max-snippet:-1","max-image-preview":"max-image-preview:large","max-video-preview":"max-video-preview:-1"},"canonical":"https:\/\/luggagehero.com\/es\/londres\/estacion-de-euston-2\/","og_locale":"es_ES","og_type":"article","og_title":"Estaci\u00f3n de Euston","og_description":"El servicio m\u00b4\u00e1s f\u00e1cil, barato y pr\u00e1ctico cerca de la estaci\u00f3n de Euston a partir de 1 \u00a3\/hora. Incluye un seguro de 2.200 \u00a3. Se coloca un precinto de seguridad en cada maleta.","og_url":"https:\/\/luggagehero.com\/es\/londres\/estacion-de-euston-2\/","og_site_name":"LuggageHero","article_publisher":"https:\/\/www.facebook.com\/luggagehero","article_modified_time":"2023-08-22T12:10:48+00:00","og_image":[{"url":"https:\/\/luggagehero.com\/wp-content\/uploads\/2018\/02\/luggage_storage_euston_station.jpg","type":"","width":"","height":""}],"twitter_card":"summary_large_image","twitter_site":"@luggagehero","twitter_misc":{"Est. reading time":"2 minutes"},"schema":{"@context":"https:\/\/schema.org","@graph":[{"@type":"WebPage","@id":"https:\/\/luggagehero.com\/es\/londres\/estacion-de-euston-2\/","url":"https:\/\/luggagehero.com\/es\/londres\/estacion-de-euston-2\/","name":"Consigna de equipaje en la estaci\u00f3n de Euston 7 d\u00edas a la semana - A partir de 1 \u00a3\/hora","isPartOf":{"@id":"https:\/\/luggagehero.com\/es\/#website"},"primaryImageOfPage":{"@id":"https:\/\/luggagehero.com\/es\/londres\/estacion-de-euston-2\/#primaryimage"},"image":{"@id":"https:\/\/luggagehero.com\/es\/londres\/estacion-de-euston-2\/#primaryimage"},"thumbnailUrl":"https:\/\/luggagehero.com\/wp-content\/uploads\/2018\/02\/luggage_storage_euston_station.jpg","datePublished":"2019-11-27T13:20:49+00:00","dateModified":"2023-08-22T12:10:48+00:00","description":"El servicio m\u00b4\u00e1s f\u00e1cil, barato y pr\u00e1ctico cerca de la estaci\u00f3n de Euston a partir de 1 \u00a3\/hora. Incluye un seguro de 2.200 \u00a3. Se coloca un precinto de seguridad en cada maleta.","breadcrumb":{"@id":"https:\/\/luggagehero.com\/es\/londres\/estacion-de-euston-2\/#breadcrumb"},"inLanguage":"es-ES","potentialAction":[{"@type":"ReadAction","target":["https:\/\/luggagehero.com\/es\/londres\/estacion-de-euston-2\/"]}]},{"@type":"ImageObject","inLanguage":"es-ES","@id":"https:\/\/luggagehero.com\/es\/londres\/estacion-de-euston-2\/#primaryimage","url":"https:\/\/luggagehero.com\/wp-content\/uploads\/2018\/02\/luggage_storage_euston_station.jpg","contentUrl":"https:\/\/luggagehero.com\/wp-content\/uploads\/2018\/02\/luggage_storage_euston_station.jpg"},{"@type":"BreadcrumbList","@id":"https:\/\/luggagehero.com\/es\/londres\/estacion-de-euston-2\/#breadcrumb","itemListElement":[{"@type":"ListItem","position":1,"name":"Home","item":"https:\/\/luggagehero.com\/es\/"},{"@type":"ListItem","position":2,"name":"Londres","item":"https:\/\/luggagehero.com\/es\/londres\/"},{"@type":"ListItem","position":3,"name":"Estaci\u00f3n de Euston"}]},{"@type":"WebSite","@id":"https:\/\/luggagehero.com\/es\/#website","url":"https:\/\/luggagehero.com\/es\/","name":"LuggageHero","description":"Free yourself from luggage","publisher":{"@id":"https:\/\/luggagehero.com\/es\/#organization"},"potentialAction":[{"@type":"SearchAction","target":{"@type":"EntryPoint","urlTemplate":"https:\/\/luggagehero.com\/es\/?s={search_term_string}"},"query-input":{"@type":"PropertyValueSpecification","valueRequired":true,"valueName":"search_term_string"}}],"inLanguage":"es-ES"},{"@type":"Organization","@id":"https:\/\/luggagehero.com\/es\/#organization","name":"LuggageHero","url":"https:\/\/luggagehero.com\/es\/","logo":{"@type":"ImageObject","inLanguage":"es-ES","@id":"https:\/\/luggagehero.com\/es\/#\/schema\/logo\/image\/","url":"https:\/\/luggagehero.com\/wp-content\/uploads\/2017\/04\/luggagehero_LOGO-RGB_kort_POS_200x200.png","contentUrl":"https:\/\/luggagehero.com\/wp-content\/uploads\/2017\/04\/luggagehero_LOGO-RGB_kort_POS_200x200.png","width":200,"height":200,"caption":"LuggageHero"},"image":{"@id":"https:\/\/luggagehero.com\/es\/#\/schema\/logo\/image\/"},"sameAs":["https:\/\/www.facebook.com\/luggagehero","https:\/\/x.com\/luggagehero","https:\/\/www.instagram.com\/luggagehero","https:\/\/www.linkedin.com\/company\/luggagehero\/"]}]}},"place_id":"","place_latitude_longitude":"51.5281,-0.1332","place_name":"Estaci\u00f3n de Euston","criteria_title":"","criteria_description":"","meta_title":"","meta_description":"","children_criteria_title":"","children_criteria_description":"","children_meta_title":"","children_meta_description":"","_edit_last":"46","use_global_content":"","poi_type":"PublicTransit","content_raw":"\u00bfNecesitas dejar el equipaje cerca de la estaci\u00f3n de Euston? Deja las cosas en uno de nuestros puntos con consigna de equipaje que hay en los alrededores. Cuando dejes el equipaje con LuggageHero, un establecimiento local <a href=\"https:\/\/luggagehero.com\/about\/certified-shops\/\">certificado<\/a> de los alrededores de la estaci\u00f3n de Euston se ocupar\u00e1 de tus maletas. Se coloca un <a href=\"https:\/\/luggagehero.com\/about\/security-seal\/\">precinto de seguridad<\/a> a prueba de manipulaciones en todas las maletas y se aseguran hasta un importe de [pricing insurancecoverage].\r\n\r\nLuggageHero es el servicio de consigna de equipaje m\u00e1s barato, f\u00e1cil y pr\u00e1ctico. Te ayudar\u00e1 a convertir los d\u00edas de viaje en d\u00edas de vacaciones. Nuestra comunidad de LuggageHeroes en <a href=\"https:\/\/luggagehero.com\/london\/\">Londres<\/a> cuidar\u00e1 de tu equipaje mientras visitas la zona.\r\n\r\nPara adaptarnos a tus planes y a sus posibles cambios, tenemos una pol\u00edtica de reserva sin ning\u00fan riesgo: tan solo pagas si te presentas. Deja el equipaje y rec\u00f3gelo cuando te convenga sin que se te cobre de m\u00e1s. Pon en marcha nuestro cron\u00f3metro cuando llegues a un LuggageHero y p\u00e1ralo cuando vengas a recoger tus cosas.\r\n<h2 style=\"text-align: center;\"><\/h2>\r\n<img class=\"aligncenter wp-image-1964 size-full\" src=\"https:\/\/luggagehero.com\/wp-content\/uploads\/2018\/02\/luggage_storage_euston_station.jpg\" alt=\"Estaci\u00f3n de Euston Londres\" width=\"640\" height=\"360\" \/>\r\n<h2 style=\"text-align: center;\">Estaci\u00f3n de Euston<\/h2>\r\nLa estaci\u00f3n de Euston es una importante estaci\u00f3n de tren y metro de Londres. La estaci\u00f3n se encuentra en el centro de Londres y est\u00e1 cerca de <a href=\"https:\/\/luggagehero.com\/london\/kings-cross-station\/\">Kings Cross<\/a>, Regent's Park, Somers Town y Bloomsbury. La estaci\u00f3n no ofrece ning\u00fan servicio de consigna de equipaje ni taquillas. Desde la estaci\u00f3n de Euston, podr\u00e1s desplazarte directamente a <a href=\"https:\/\/luggagehero.com\/london\/victoria-station\/\">Victoria Station<\/a>, <a href=\"https:\/\/luggagehero.com\/london\/liverpool-street-station\/\">Liverpool Street Station<\/a>, <a href=\"https:\/\/luggagehero.com\/london\/paddington-station\/\">Paddington Station<\/a> y <a href=\"https:\/\/luggagehero.com\/london\/kings-cross-station\/\">King's Cross Station<\/a>.\r\n\r\nAdem\u00e1s, en los alrededores de la estaci\u00f3n de Euston encontrar\u00e1s diversos lugares de inter\u00e9s tur\u00edstico, como la Biblioteca Brit\u00e1nica y Regent's Park. <a href=\"https:\/\/luggagehero.com\/london\/british-museum\/\">El Museo Brit\u00e1nico<\/a> se encuentra a tan solo 15 minutos a pie\r\n\r\n&nbsp;","_links":{"self":[{"href":"https:\/\/luggagehero.com\/es\/wp-json\/wp\/v2\/pages\/12178","targetHints":{"allow":["GET"]}}],"collection":[{"href":"https:\/\/luggagehero.com\/es\/wp-json\/wp\/v2\/pages"}],"about":[{"href":"https:\/\/luggagehero.com\/es\/wp-json\/wp\/v2\/types\/page"}],"author":[{"embeddable":true,"href":"https:\/\/luggagehero.com\/es\/wp-json\/wp\/v2\/users\/9"}],"replies":[{"embeddable":true,"href":"https:\/\/luggagehero.com\/es\/wp-json\/wp\/v2\/comments?post=12178"}],"version-history":[{"count":0,"href":"https:\/\/luggagehero.com\/es\/wp-json\/wp\/v2\/pages\/12178\/revisions"}],"up":[{"embeddable":true,"href":"https:\/\/luggagehero.com\/es\/wp-json\/wp\/v2\/pages\/7287"}],"wp:attachment":[{"href":"https:\/\/luggagehero.com\/es\/wp-json\/wp\/v2\/media?parent=12178"}],"curies":[{"name":"wp","href":"https:\/\/api.w.org\/{rel}","templated":true}]}}