{"id":12180,"date":"2019-11-27T13:20:50","date_gmt":"2019-11-27T13:20:50","guid":{"rendered":"https:\/\/luggagehero.com\/londres\/st-pancras-international\/"},"modified":"2023-08-22T12:08:25","modified_gmt":"2023-08-22T12:08:25","slug":"st-pancras-international","status":"publish","type":"page","link":"https:\/\/luggagehero.com\/es\/londres\/st-pancras-international\/","title":{"rendered":"St Pancras International"},"content":{"rendered":"<p>\u00bfNecesitas dejar el equipaje cerca de la estaci\u00f3n de St Pancras International? Deja las cosas en uno de nuestros puntos con consigna de equipaje que hay en los alrededores. Cuando dejes el equipaje con LuggageHero, establecimientos locales de los alrededores de St Pancras International cuidar\u00e1n de tus maletas.<\/p>\n<p>LuggageHero te ofrece una soluci\u00f3n de consigna de equipaje f\u00e1cil y pr\u00e1ctica que te ayudar\u00e1 a convertir tus d\u00edas de viaje en d\u00edas de vacaciones.<\/p>\n<p>Para adaptarnos a tus planes y a sus posibles cambios, tenemos una pol\u00edtica de reserva sin ning\u00fan riesgo: tan solo pagas si te presentas. Deja el equipaje y rec\u00f3gelo cuando m\u00e1s te convenga, nuestro cron\u00f3metro asegurar\u00e1 que solo pagas las horas que las maletas est\u00e9n en la consigna.<\/p>\n<p>Todos nuestros establecimientos son certificados por LuggageHero y en todas las maletas se coloca un precinto de seguridad que asegura cada bulto hasta un importe de <pricing-component type=\"insurancecoverage\"><\/pricing-component>.<\/p>\n<p>&nbsp;<\/p>\n<p><img loading=\"lazy\" decoding=\"async\" class=\"aligncenter wp-image-1966 size-full\" src=\"https:\/\/luggagehero.com\/wp-content\/uploads\/2018\/02\/St_pancras_international_Luggage_storage.jpg\" alt=\"St Pancras International Londres\" width=\"640\" height=\"360\" srcset=\"https:\/\/luggagehero.com\/wp-content\/uploads\/2018\/02\/St_pancras_international_Luggage_storage.jpg 640w, https:\/\/luggagehero.com\/wp-content\/uploads\/2018\/02\/St_pancras_international_Luggage_storage-300x169.jpg 300w, https:\/\/luggagehero.com\/wp-content\/uploads\/2018\/02\/St_pancras_international_Luggage_storage-600x338.jpg 600w\" sizes=\"auto, (max-width: 640px) 100vw, 640px\" \/><\/p>\n<p>&nbsp;<\/p>\n<h2 style=\"text-align: center;\">St Pancras International<\/h2>\n<p>La estaci\u00f3n de tren de St Pancras International ofrece el servicio Eurostar con trenes con destino <a href=\"https:\/\/luggagehero.com\/brussels\/\">Bruselas<\/a> y <a href=\"https:\/\/luggagehero.com\/paris\/\">Par\u00eds<\/a>. La estaci\u00f3n incluye tiendas, bares, restaurantes y ba\u00f1os p\u00fablicos y tambi\u00e9n acoge la barra de champ\u00e1n m\u00e1s larga de Europa.<\/p>\n<p>Sin embargo, si no tienes ning\u00fan inter\u00e9s en quedarte en la estaci\u00f3n ni tener que arrastrar el equipaje, deber\u00edas dejarlo con un LuggageHero. La tarifa baja por horas tiene por objeto adaptarse a tus planes de viaje y te da la opci\u00f3n de dejar las maletas durante un par de horas o m\u00e1s. Un d\u00eda entero de consigna no cuesta m\u00e1s de 10 \u00a3 por maleta.<\/p>\n<p>St Pancras International tiene una ubicaci\u00f3n muy buena para moverse por toda <a href=\"https:\/\/luggagehero.com\/london\/\">Londres<\/a>, ya que por la estaci\u00f3n pasan seis l\u00edneas de metro y el tren Thameslink. Si quieres tener el equipaje cerca, echa un vistazo a nuestros puntos con consigna que est\u00e1n cerca de la estaci\u00f3n o especifica una zona en nuestro <a href=\"https:\/\/app.luggagehero.com\/home;location=London;lat=51,5073509;lon=-0,12775829999998223\">motor de reservas<\/a>.<\/p>\n<p>Para viajar a otros destinos del Reino Unido tendr\u00e1s que ir a la estaci\u00f3n de <a href=\"https:\/\/luggagehero.com\/london\/kings-cross-station\/\">King&#8217;s Cross<\/a>, que est\u00e1 situada al lado de St Pancras International.<\/p>\n<p>&nbsp;<\/p>\n","protected":false},"excerpt":{"rendered":"<p>\u00bfNecesitas dejar el equipaje cerca de la estaci\u00f3n de St Pancras International? Deja las cosas en uno de nuestros puntos con consigna de equipaje que hay en los alrededores. Cuando dejes el equipaje con LuggageHero, establecimientos locales de los alrededores de St Pancras International cuidar\u00e1n de tus maletas. LuggageHero te ofrece una soluci\u00f3n de consigna [&hellip;]<\/p>\n","protected":false},"author":9,"featured_media":0,"parent":7287,"menu_order":0,"comment_status":"closed","ping_status":"closed","template":"template-location.php","meta":{"_acf_changed":false,"footnotes":""},"class_list":["post-12180","page","type-page","status-publish","hentry"],"acf":[],"yoast_head":"<!-- This site is optimized with the Yoast SEO Premium plugin v27.0 (Yoast SEO v27.0) - https:\/\/yoast.com\/product\/yoast-seo-premium-wordpress\/ -->\n<title>Consigna de equipaje en St Pancras International - 7 d\u00edas a la semana - A partir de 1 \u00a3\/hora<\/title>\n<meta name=\"description\" content=\"El servicio m\u00b4\u00e1s pr\u00e1ctico y barato cerca de la estaci\u00f3n de St Pancras International a partir de 1 \u00a3\/hora. Incluye un seguro de 2.200 \u00a3. Reservar online.\" \/>\n<meta name=\"robots\" content=\"index, follow, max-snippet:-1, max-image-preview:large, max-video-preview:-1\" \/>\n<link rel=\"canonical\" href=\"https:\/\/luggagehero.com\/es\/londres\/st-pancras-international\/\" \/>\n<meta property=\"og:locale\" content=\"es_ES\" \/>\n<meta property=\"og:type\" content=\"article\" \/>\n<meta property=\"og:title\" content=\"St Pancras International\" \/>\n<meta property=\"og:description\" content=\"El servicio m\u00b4\u00e1s pr\u00e1ctico y barato cerca de la estaci\u00f3n de St Pancras International a partir de 1 \u00a3\/hora. Incluye un seguro de 2.200 \u00a3. Reservar online.\" \/>\n<meta property=\"og:url\" content=\"https:\/\/luggagehero.com\/es\/londres\/st-pancras-international\/\" \/>\n<meta property=\"og:site_name\" content=\"LuggageHero\" \/>\n<meta property=\"article:publisher\" content=\"https:\/\/www.facebook.com\/luggagehero\" \/>\n<meta property=\"article:modified_time\" content=\"2023-08-22T12:08:25+00:00\" \/>\n<meta property=\"og:image\" content=\"https:\/\/luggagehero.com\/wp-content\/uploads\/2018\/02\/St_pancras_international_Luggage_storage.jpg\" \/>\n<meta name=\"twitter:card\" content=\"summary_large_image\" \/>\n<meta name=\"twitter:site\" content=\"@luggagehero\" \/>\n<meta name=\"twitter:label1\" content=\"Est. reading time\" \/>\n\t<meta name=\"twitter:data1\" content=\"2 minutes\" \/>\n<script type=\"application\/ld+json\" class=\"yoast-schema-graph\">{\"@context\":\"https:\/\/schema.org\",\"@graph\":[{\"@type\":\"WebPage\",\"@id\":\"https:\/\/luggagehero.com\/es\/londres\/st-pancras-international\/\",\"url\":\"https:\/\/luggagehero.com\/es\/londres\/st-pancras-international\/\",\"name\":\"Consigna de equipaje en St Pancras International - 7 d\u00edas a la semana - A partir de 1 \u00a3\/hora\",\"isPartOf\":{\"@id\":\"https:\/\/luggagehero.com\/es\/#website\"},\"primaryImageOfPage\":{\"@id\":\"https:\/\/luggagehero.com\/es\/londres\/st-pancras-international\/#primaryimage\"},\"image\":{\"@id\":\"https:\/\/luggagehero.com\/es\/londres\/st-pancras-international\/#primaryimage\"},\"thumbnailUrl\":\"https:\/\/luggagehero.com\/wp-content\/uploads\/2018\/02\/St_pancras_international_Luggage_storage.jpg\",\"datePublished\":\"2019-11-27T13:20:50+00:00\",\"dateModified\":\"2023-08-22T12:08:25+00:00\",\"description\":\"El servicio m\u00b4\u00e1s pr\u00e1ctico y barato cerca de la estaci\u00f3n de St Pancras International a partir de 1 \u00a3\/hora. Incluye un seguro de 2.200 \u00a3. Reservar online.\",\"breadcrumb\":{\"@id\":\"https:\/\/luggagehero.com\/es\/londres\/st-pancras-international\/#breadcrumb\"},\"inLanguage\":\"es-ES\",\"potentialAction\":[{\"@type\":\"ReadAction\",\"target\":[\"https:\/\/luggagehero.com\/es\/londres\/st-pancras-international\/\"]}]},{\"@type\":\"ImageObject\",\"inLanguage\":\"es-ES\",\"@id\":\"https:\/\/luggagehero.com\/es\/londres\/st-pancras-international\/#primaryimage\",\"url\":\"https:\/\/luggagehero.com\/wp-content\/uploads\/2018\/02\/St_pancras_international_Luggage_storage.jpg\",\"contentUrl\":\"https:\/\/luggagehero.com\/wp-content\/uploads\/2018\/02\/St_pancras_international_Luggage_storage.jpg\"},{\"@type\":\"BreadcrumbList\",\"@id\":\"https:\/\/luggagehero.com\/es\/londres\/st-pancras-international\/#breadcrumb\",\"itemListElement\":[{\"@type\":\"ListItem\",\"position\":1,\"name\":\"Home\",\"item\":\"https:\/\/luggagehero.com\/es\/\"},{\"@type\":\"ListItem\",\"position\":2,\"name\":\"Londres\",\"item\":\"https:\/\/luggagehero.com\/es\/londres\/\"},{\"@type\":\"ListItem\",\"position\":3,\"name\":\"St Pancras International\"}]},{\"@type\":\"WebSite\",\"@id\":\"https:\/\/luggagehero.com\/es\/#website\",\"url\":\"https:\/\/luggagehero.com\/es\/\",\"name\":\"LuggageHero\",\"description\":\"Free yourself from luggage\",\"publisher\":{\"@id\":\"https:\/\/luggagehero.com\/es\/#organization\"},\"potentialAction\":[{\"@type\":\"SearchAction\",\"target\":{\"@type\":\"EntryPoint\",\"urlTemplate\":\"https:\/\/luggagehero.com\/es\/?s={search_term_string}\"},\"query-input\":{\"@type\":\"PropertyValueSpecification\",\"valueRequired\":true,\"valueName\":\"search_term_string\"}}],\"inLanguage\":\"es-ES\"},{\"@type\":\"Organization\",\"@id\":\"https:\/\/luggagehero.com\/es\/#organization\",\"name\":\"LuggageHero\",\"url\":\"https:\/\/luggagehero.com\/es\/\",\"logo\":{\"@type\":\"ImageObject\",\"inLanguage\":\"es-ES\",\"@id\":\"https:\/\/luggagehero.com\/es\/#\/schema\/logo\/image\/\",\"url\":\"https:\/\/luggagehero.com\/wp-content\/uploads\/2017\/04\/luggagehero_LOGO-RGB_kort_POS_200x200.png\",\"contentUrl\":\"https:\/\/luggagehero.com\/wp-content\/uploads\/2017\/04\/luggagehero_LOGO-RGB_kort_POS_200x200.png\",\"width\":200,\"height\":200,\"caption\":\"LuggageHero\"},\"image\":{\"@id\":\"https:\/\/luggagehero.com\/es\/#\/schema\/logo\/image\/\"},\"sameAs\":[\"https:\/\/www.facebook.com\/luggagehero\",\"https:\/\/x.com\/luggagehero\",\"https:\/\/www.instagram.com\/luggagehero\",\"https:\/\/www.linkedin.com\/company\/luggagehero\/\"]}]}<\/script>\n<!-- \/ Yoast SEO Premium plugin. -->","yoast_head_json":{"title":"Consigna de equipaje en St Pancras International - 7 d\u00edas a la semana - A partir de 1 \u00a3\/hora","description":"El servicio m\u00b4\u00e1s pr\u00e1ctico y barato cerca de la estaci\u00f3n de St Pancras International a partir de 1 \u00a3\/hora. Incluye un seguro de 2.200 \u00a3. Reservar online.","robots":{"index":"index","follow":"follow","max-snippet":"max-snippet:-1","max-image-preview":"max-image-preview:large","max-video-preview":"max-video-preview:-1"},"canonical":"https:\/\/luggagehero.com\/es\/londres\/st-pancras-international\/","og_locale":"es_ES","og_type":"article","og_title":"St Pancras International","og_description":"El servicio m\u00b4\u00e1s pr\u00e1ctico y barato cerca de la estaci\u00f3n de St Pancras International a partir de 1 \u00a3\/hora. Incluye un seguro de 2.200 \u00a3. Reservar online.","og_url":"https:\/\/luggagehero.com\/es\/londres\/st-pancras-international\/","og_site_name":"LuggageHero","article_publisher":"https:\/\/www.facebook.com\/luggagehero","article_modified_time":"2023-08-22T12:08:25+00:00","og_image":[{"url":"https:\/\/luggagehero.com\/wp-content\/uploads\/2018\/02\/St_pancras_international_Luggage_storage.jpg","type":"","width":"","height":""}],"twitter_card":"summary_large_image","twitter_site":"@luggagehero","twitter_misc":{"Est. reading time":"2 minutes"},"schema":{"@context":"https:\/\/schema.org","@graph":[{"@type":"WebPage","@id":"https:\/\/luggagehero.com\/es\/londres\/st-pancras-international\/","url":"https:\/\/luggagehero.com\/es\/londres\/st-pancras-international\/","name":"Consigna de equipaje en St Pancras International - 7 d\u00edas a la semana - A partir de 1 \u00a3\/hora","isPartOf":{"@id":"https:\/\/luggagehero.com\/es\/#website"},"primaryImageOfPage":{"@id":"https:\/\/luggagehero.com\/es\/londres\/st-pancras-international\/#primaryimage"},"image":{"@id":"https:\/\/luggagehero.com\/es\/londres\/st-pancras-international\/#primaryimage"},"thumbnailUrl":"https:\/\/luggagehero.com\/wp-content\/uploads\/2018\/02\/St_pancras_international_Luggage_storage.jpg","datePublished":"2019-11-27T13:20:50+00:00","dateModified":"2023-08-22T12:08:25+00:00","description":"El servicio m\u00b4\u00e1s pr\u00e1ctico y barato cerca de la estaci\u00f3n de St Pancras International a partir de 1 \u00a3\/hora. Incluye un seguro de 2.200 \u00a3. Reservar online.","breadcrumb":{"@id":"https:\/\/luggagehero.com\/es\/londres\/st-pancras-international\/#breadcrumb"},"inLanguage":"es-ES","potentialAction":[{"@type":"ReadAction","target":["https:\/\/luggagehero.com\/es\/londres\/st-pancras-international\/"]}]},{"@type":"ImageObject","inLanguage":"es-ES","@id":"https:\/\/luggagehero.com\/es\/londres\/st-pancras-international\/#primaryimage","url":"https:\/\/luggagehero.com\/wp-content\/uploads\/2018\/02\/St_pancras_international_Luggage_storage.jpg","contentUrl":"https:\/\/luggagehero.com\/wp-content\/uploads\/2018\/02\/St_pancras_international_Luggage_storage.jpg"},{"@type":"BreadcrumbList","@id":"https:\/\/luggagehero.com\/es\/londres\/st-pancras-international\/#breadcrumb","itemListElement":[{"@type":"ListItem","position":1,"name":"Home","item":"https:\/\/luggagehero.com\/es\/"},{"@type":"ListItem","position":2,"name":"Londres","item":"https:\/\/luggagehero.com\/es\/londres\/"},{"@type":"ListItem","position":3,"name":"St Pancras International"}]},{"@type":"WebSite","@id":"https:\/\/luggagehero.com\/es\/#website","url":"https:\/\/luggagehero.com\/es\/","name":"LuggageHero","description":"Free yourself from luggage","publisher":{"@id":"https:\/\/luggagehero.com\/es\/#organization"},"potentialAction":[{"@type":"SearchAction","target":{"@type":"EntryPoint","urlTemplate":"https:\/\/luggagehero.com\/es\/?s={search_term_string}"},"query-input":{"@type":"PropertyValueSpecification","valueRequired":true,"valueName":"search_term_string"}}],"inLanguage":"es-ES"},{"@type":"Organization","@id":"https:\/\/luggagehero.com\/es\/#organization","name":"LuggageHero","url":"https:\/\/luggagehero.com\/es\/","logo":{"@type":"ImageObject","inLanguage":"es-ES","@id":"https:\/\/luggagehero.com\/es\/#\/schema\/logo\/image\/","url":"https:\/\/luggagehero.com\/wp-content\/uploads\/2017\/04\/luggagehero_LOGO-RGB_kort_POS_200x200.png","contentUrl":"https:\/\/luggagehero.com\/wp-content\/uploads\/2017\/04\/luggagehero_LOGO-RGB_kort_POS_200x200.png","width":200,"height":200,"caption":"LuggageHero"},"image":{"@id":"https:\/\/luggagehero.com\/es\/#\/schema\/logo\/image\/"},"sameAs":["https:\/\/www.facebook.com\/luggagehero","https:\/\/x.com\/luggagehero","https:\/\/www.instagram.com\/luggagehero","https:\/\/www.linkedin.com\/company\/luggagehero\/"]}]}},"place_id":"","place_latitude_longitude":"51.5314,-0.1261","place_name":"St Pancras International","criteria_title":"","criteria_description":"","meta_title":"","meta_description":"","children_criteria_title":"","children_criteria_description":"","children_meta_title":"","children_meta_description":"","_edit_last":"46","use_global_content":"","poi_type":"PublicTransit","content_raw":"\u00bfNecesitas dejar el equipaje cerca de la estaci\u00f3n de St Pancras International? Deja las cosas en uno de nuestros puntos con consigna de equipaje que hay en los alrededores. Cuando dejes el equipaje con LuggageHero, establecimientos locales de los alrededores de St Pancras International cuidar\u00e1n de tus maletas.\r\n\r\nLuggageHero te ofrece una soluci\u00f3n de consigna de equipaje f\u00e1cil y pr\u00e1ctica que te ayudar\u00e1 a convertir tus d\u00edas de viaje en d\u00edas de vacaciones.\r\n\r\nPara adaptarnos a tus planes y a sus posibles cambios, tenemos una pol\u00edtica de reserva sin ning\u00fan riesgo: tan solo pagas si te presentas. Deja el equipaje y rec\u00f3gelo cuando m\u00e1s te convenga, nuestro cron\u00f3metro asegurar\u00e1 que solo pagas las horas que las maletas est\u00e9n en la consigna.\r\n\r\nTodos nuestros establecimientos son certificados por LuggageHero y en todas las maletas se coloca un precinto de seguridad que asegura cada bulto hasta un importe de [pricing insurancecoverage].\r\n\r\n&nbsp;\r\n\r\n<img class=\"aligncenter wp-image-1966 size-full\" src=\"https:\/\/luggagehero.com\/wp-content\/uploads\/2018\/02\/St_pancras_international_Luggage_storage.jpg\" alt=\"St Pancras International Londres\" width=\"640\" height=\"360\" \/>\r\n\r\n&nbsp;\r\n<h2 style=\"text-align: center;\">St Pancras International<\/h2>\r\nLa estaci\u00f3n de tren de St Pancras International ofrece el servicio Eurostar con trenes con destino <a href=\"https:\/\/luggagehero.com\/brussels\/\">Bruselas<\/a> y <a href=\"https:\/\/luggagehero.com\/paris\/\">Par\u00eds<\/a>. La estaci\u00f3n incluye tiendas, bares, restaurantes y ba\u00f1os p\u00fablicos y tambi\u00e9n acoge la barra de champ\u00e1n m\u00e1s larga de Europa.\r\n\r\nSin embargo, si no tienes ning\u00fan inter\u00e9s en quedarte en la estaci\u00f3n ni tener que arrastrar el equipaje, deber\u00edas dejarlo con un LuggageHero. La tarifa baja por horas tiene por objeto adaptarse a tus planes de viaje y te da la opci\u00f3n de dejar las maletas durante un par de horas o m\u00e1s. Un d\u00eda entero de consigna no cuesta m\u00e1s de 10 \u00a3 por maleta.\r\n\r\nSt Pancras International tiene una ubicaci\u00f3n muy buena para moverse por toda <a href=\"https:\/\/luggagehero.com\/london\/\">Londres<\/a>, ya que por la estaci\u00f3n pasan seis l\u00edneas de metro y el tren Thameslink. Si quieres tener el equipaje cerca, echa un vistazo a nuestros puntos con consigna que est\u00e1n cerca de la estaci\u00f3n o especifica una zona en nuestro <a href=\"https:\/\/app.luggagehero.com\/home;location=London;lat=51,5073509;lon=-0,12775829999998223\">motor de reservas<\/a>.\r\n\r\nPara viajar a otros destinos del Reino Unido tendr\u00e1s que ir a la estaci\u00f3n de <a href=\"https:\/\/luggagehero.com\/london\/kings-cross-station\/\">King's Cross<\/a>, que est\u00e1 situada al lado de St Pancras International.\r\n\r\n&nbsp;","_links":{"self":[{"href":"https:\/\/luggagehero.com\/es\/wp-json\/wp\/v2\/pages\/12180","targetHints":{"allow":["GET"]}}],"collection":[{"href":"https:\/\/luggagehero.com\/es\/wp-json\/wp\/v2\/pages"}],"about":[{"href":"https:\/\/luggagehero.com\/es\/wp-json\/wp\/v2\/types\/page"}],"author":[{"embeddable":true,"href":"https:\/\/luggagehero.com\/es\/wp-json\/wp\/v2\/users\/9"}],"replies":[{"embeddable":true,"href":"https:\/\/luggagehero.com\/es\/wp-json\/wp\/v2\/comments?post=12180"}],"version-history":[{"count":0,"href":"https:\/\/luggagehero.com\/es\/wp-json\/wp\/v2\/pages\/12180\/revisions"}],"up":[{"embeddable":true,"href":"https:\/\/luggagehero.com\/es\/wp-json\/wp\/v2\/pages\/7287"}],"wp:attachment":[{"href":"https:\/\/luggagehero.com\/es\/wp-json\/wp\/v2\/media?parent=12180"}],"curies":[{"name":"wp","href":"https:\/\/api.w.org\/{rel}","templated":true}]}}