{"id":12181,"date":"2019-11-27T13:20:50","date_gmt":"2019-11-27T13:20:50","guid":{"rendered":"https:\/\/luggagehero.com\/nueva-york\/estacion-de-autobuses-de-port-authority\/"},"modified":"2023-08-22T11:47:19","modified_gmt":"2023-08-22T11:47:19","slug":"estacion-de-autobuses-de-port-authority","status":"publish","type":"page","link":"https:\/\/luggagehero.com\/es\/nueva-york\/estacion-de-autobuses-de-port-authority\/","title":{"rendered":"Estaci\u00f3n de autobuses de Port Authority"},"content":{"rendered":"<p style=\"text-align: left;\">\u00bfNecesitas dejar las maletas cerca de la estaci\u00f3n de autobuses de Port Authority? Deja las cosas en una de nuestras consignas de equipaje de los alrededores. Dejar las maletas toda la noche es muy f\u00e1cil. La estaci\u00f3n de autobuses de Port Authority <strong>NO<\/strong>\u00a0ofrece servicio de consigna de equipaje.<\/p>\n<p style=\"text-align: left;\">La estaci\u00f3n de autobuses de Port Authority es el hub central de autobuses interestatales de Nueva York. Tiene tres plantas e incluye una gran variedad de tiendas, restaurantes y servicios. La estaci\u00f3n tambi\u00e9n ofrece acceso directo al metro de Nueva York y un servicio de enlace con Grand Central.<\/p>\n<p>Si llegas del aeropuerto JFK o te diriges hacia all\u00ed, Port Authority podr\u00eda ser tu lugar de llegada o salida. En los alrededores tienes diversos LuggageHeroes, por lo que podr\u00e1s desplazarte f\u00e1cilmente a <a href=\"https:\/\/luggagehero.com\/newyork\/times-square\/\">Times Square<\/a>, Bryant Park, la Biblioteca P\u00fablica de Nueva York, el <a href=\"https:\/\/luggagehero.com\/newyork\/rockefeller-plaza\/\">Rockefeller Center<\/a> o St. Patrick&#8217;s sin tu equipaje.<\/p>\n<p>Todos nuestros establecimientos est\u00e1n <a href=\"https:\/\/luggagehero.com\/about\/certified-shops\/\">certificados por LuggageHero<\/a> y se coloca nuestro <a href=\"https:\/\/luggagehero.com\/about\/security-seal\/\">precinto de seguridad<\/a> en todas las maletas. De este modo, se asegura cada bulto hasta un importe de <pricing-component type=\"insurancecoverage\"><\/pricing-component>.<\/p>\n<p>&nbsp;<\/p>\n<p><img loading=\"lazy\" decoding=\"async\" class=\" wp-image-1930 aligncenter\" src=\"https:\/\/luggagehero.com\/wp-content\/uploads\/2018\/02\/Luggage_storage_port_authority_bus_terminal-720x540.jpg\" alt=\"Estaci\u00f3n de autobuses de Port Authority\" width=\"405\" height=\"304\" \/><\/p>\n<h2><\/h2>\n<h2 style=\"text-align: center;\">Estaci\u00f3n de autobuses de Port Authority<\/h2>\n<p>La estaci\u00f3n de autobuses de Port Authority est\u00e1 situada en la calle 42 con la 8a avenida. Es imposible no reparar en ella gracias al enorme cartel que ilumina la intersecci`\u00b4\u00f3n entre la calle 42 y la 8a avenida.<\/p>\n<p>Tanto si llegas a la ciudad en autob\u00fas como si vas conduciendo y aparcas en el parking de la \u00faltima planta, te encontrar\u00e1s a pocas calles del meollo. Hay taxis en frente de la estaci\u00f3n de autobuses de Port Authority, en la 8a avenida. La estaci\u00f3n cuenta con pasadizos subterr\u00e1neos que la comunican con la red de metro de NY, con las l\u00edneas A, C, E, N, Q, R, W, 1, 2, 3, y 7, y tambi\u00e9n tiene un servicio de enlace con <a href=\"https:\/\/luggagehero.com\/newyork\/grand-central-terminal\/\">Grand Central Terminal<\/a>.<\/p>\n<p>Los teatros de Broadway y el Carnegie Hall est\u00e1n muy cerca de la estaci\u00f3n de autobuses de Port Authority. Si quieres visitar los lugares de inter\u00e9s de Nueva York, <a href=\"https:\/\/luggagehero.com\/newyork\/times-square\/\">Times Square<\/a>, el <a href=\"https:\/\/luggagehero.com\/newyork\/empire-state-building\/\">Empire State Building<\/a>, <a href=\"https:\/\/luggagehero.com\/newyork\/grand-central-terminal\/\">Grand Central Terminal<\/a> y el Madison Square Garden, se encuentran a poca distancia a pie.<\/p>\n<p>Al estar conectada con el aeropuerto JFK, la estaci\u00f3n de autobuses de Port Authority es un punto de partida o un punto final excelente para tus viajes. Deja el equipaje en uno de nuestros LuggageHeroes que hay en los alrededores y explora la zona sin tener que ir cargando maletas.<\/p>\n<p>&nbsp;<\/p>\n","protected":false},"excerpt":{"rendered":"<p>\u00bfNecesitas dejar las maletas cerca de la estaci\u00f3n de autobuses de Port Authority? Deja las cosas en una de nuestras consignas de equipaje de los alrededores. Dejar las maletas toda la noche es muy f\u00e1cil. La estaci\u00f3n de autobuses de Port Authority NO\u00a0ofrece servicio de consigna de equipaje. La estaci\u00f3n de autobuses de Port Authority [&hellip;]<\/p>\n","protected":false},"author":9,"featured_media":0,"parent":11396,"menu_order":0,"comment_status":"closed","ping_status":"closed","template":"template-location.php","meta":{"_acf_changed":false,"footnotes":""},"class_list":["post-12181","page","type-page","status-publish","hentry"],"acf":[],"yoast_head":"<!-- This site is optimized with the Yoast SEO Premium plugin v27.0 (Yoast SEO v27.0) - https:\/\/yoast.com\/product\/yoast-seo-premium-wordpress\/ -->\n<title>Consigna de equipaje en la estaci\u00f3n de autobuses de Port Authority - A partir de 1 $\/hora<\/title>\n<meta name=\"description\" content=\"Servicio de consigna de equipaje f\u00e1cil, pr\u00e1ctico y barato cerca de la estaci\u00f3n de autobuses de Port Authority. A partir de 1\u00a0$\/hora. Incluye un seguro de 3.000 $. Se coloca un precinto de seguridad en la maleta.\" \/>\n<meta name=\"robots\" content=\"index, follow, max-snippet:-1, max-image-preview:large, max-video-preview:-1\" \/>\n<link rel=\"canonical\" href=\"https:\/\/luggagehero.com\/es\/nueva-york\/estacion-de-autobuses-de-port-authority\/\" \/>\n<meta property=\"og:locale\" content=\"es_ES\" \/>\n<meta property=\"og:type\" content=\"article\" \/>\n<meta property=\"og:title\" content=\"Estaci\u00f3n de autobuses de Port Authority\" \/>\n<meta property=\"og:description\" content=\"Servicio de consigna de equipaje f\u00e1cil, pr\u00e1ctico y barato cerca de la estaci\u00f3n de autobuses de Port Authority. A partir de 1\u00a0$\/hora. Incluye un seguro de 3.000 $. Se coloca un precinto de seguridad en la maleta.\" \/>\n<meta property=\"og:url\" content=\"https:\/\/luggagehero.com\/es\/nueva-york\/estacion-de-autobuses-de-port-authority\/\" \/>\n<meta property=\"og:site_name\" content=\"LuggageHero\" \/>\n<meta property=\"article:publisher\" content=\"https:\/\/www.facebook.com\/luggagehero\" \/>\n<meta property=\"article:modified_time\" content=\"2023-08-22T11:47:19+00:00\" \/>\n<meta property=\"og:image\" content=\"https:\/\/luggagehero.com\/wp-content\/uploads\/2018\/02\/Luggage_storage_port_authority_bus_terminal-720x540.jpg\" \/>\n<meta name=\"twitter:card\" content=\"summary_large_image\" \/>\n<meta name=\"twitter:site\" content=\"@luggagehero\" \/>\n<meta name=\"twitter:label1\" content=\"Est. reading time\" \/>\n\t<meta name=\"twitter:data1\" content=\"3 minutes\" \/>\n<script type=\"application\/ld+json\" class=\"yoast-schema-graph\">{\"@context\":\"https:\/\/schema.org\",\"@graph\":[{\"@type\":\"WebPage\",\"@id\":\"https:\/\/luggagehero.com\/es\/nueva-york\/estacion-de-autobuses-de-port-authority\/\",\"url\":\"https:\/\/luggagehero.com\/es\/nueva-york\/estacion-de-autobuses-de-port-authority\/\",\"name\":\"Consigna de equipaje en la estaci\u00f3n de autobuses de Port Authority - A partir de 1 $\/hora\",\"isPartOf\":{\"@id\":\"https:\/\/luggagehero.com\/es\/#website\"},\"primaryImageOfPage\":{\"@id\":\"https:\/\/luggagehero.com\/es\/nueva-york\/estacion-de-autobuses-de-port-authority\/#primaryimage\"},\"image\":{\"@id\":\"https:\/\/luggagehero.com\/es\/nueva-york\/estacion-de-autobuses-de-port-authority\/#primaryimage\"},\"thumbnailUrl\":\"https:\/\/luggagehero.com\/wp-content\/uploads\/2018\/02\/Luggage_storage_port_authority_bus_terminal-720x540.jpg\",\"datePublished\":\"2019-11-27T13:20:50+00:00\",\"dateModified\":\"2023-08-22T11:47:19+00:00\",\"description\":\"Servicio de consigna de equipaje f\u00e1cil, pr\u00e1ctico y barato cerca de la estaci\u00f3n de autobuses de Port Authority. A partir de 1\u00a0$\/hora. Incluye un seguro de 3.000 $. Se coloca un precinto de seguridad en la maleta.\",\"breadcrumb\":{\"@id\":\"https:\/\/luggagehero.com\/es\/nueva-york\/estacion-de-autobuses-de-port-authority\/#breadcrumb\"},\"inLanguage\":\"es-ES\",\"potentialAction\":[{\"@type\":\"ReadAction\",\"target\":[\"https:\/\/luggagehero.com\/es\/nueva-york\/estacion-de-autobuses-de-port-authority\/\"]}]},{\"@type\":\"ImageObject\",\"inLanguage\":\"es-ES\",\"@id\":\"https:\/\/luggagehero.com\/es\/nueva-york\/estacion-de-autobuses-de-port-authority\/#primaryimage\",\"url\":\"https:\/\/luggagehero.com\/wp-content\/uploads\/2018\/02\/Luggage_storage_port_authority_bus_terminal-720x540.jpg\",\"contentUrl\":\"https:\/\/luggagehero.com\/wp-content\/uploads\/2018\/02\/Luggage_storage_port_authority_bus_terminal-720x540.jpg\"},{\"@type\":\"BreadcrumbList\",\"@id\":\"https:\/\/luggagehero.com\/es\/nueva-york\/estacion-de-autobuses-de-port-authority\/#breadcrumb\",\"itemListElement\":[{\"@type\":\"ListItem\",\"position\":1,\"name\":\"Home\",\"item\":\"https:\/\/luggagehero.com\/es\/\"},{\"@type\":\"ListItem\",\"position\":2,\"name\":\"Nueva York\",\"item\":\"https:\/\/luggagehero.com\/es\/nueva-york\/\"},{\"@type\":\"ListItem\",\"position\":3,\"name\":\"Estaci\u00f3n de autobuses de Port Authority\"}]},{\"@type\":\"WebSite\",\"@id\":\"https:\/\/luggagehero.com\/es\/#website\",\"url\":\"https:\/\/luggagehero.com\/es\/\",\"name\":\"LuggageHero\",\"description\":\"Free yourself from luggage\",\"publisher\":{\"@id\":\"https:\/\/luggagehero.com\/es\/#organization\"},\"potentialAction\":[{\"@type\":\"SearchAction\",\"target\":{\"@type\":\"EntryPoint\",\"urlTemplate\":\"https:\/\/luggagehero.com\/es\/?s={search_term_string}\"},\"query-input\":{\"@type\":\"PropertyValueSpecification\",\"valueRequired\":true,\"valueName\":\"search_term_string\"}}],\"inLanguage\":\"es-ES\"},{\"@type\":\"Organization\",\"@id\":\"https:\/\/luggagehero.com\/es\/#organization\",\"name\":\"LuggageHero\",\"url\":\"https:\/\/luggagehero.com\/es\/\",\"logo\":{\"@type\":\"ImageObject\",\"inLanguage\":\"es-ES\",\"@id\":\"https:\/\/luggagehero.com\/es\/#\/schema\/logo\/image\/\",\"url\":\"https:\/\/luggagehero.com\/wp-content\/uploads\/2017\/04\/luggagehero_LOGO-RGB_kort_POS_200x200.png\",\"contentUrl\":\"https:\/\/luggagehero.com\/wp-content\/uploads\/2017\/04\/luggagehero_LOGO-RGB_kort_POS_200x200.png\",\"width\":200,\"height\":200,\"caption\":\"LuggageHero\"},\"image\":{\"@id\":\"https:\/\/luggagehero.com\/es\/#\/schema\/logo\/image\/\"},\"sameAs\":[\"https:\/\/www.facebook.com\/luggagehero\",\"https:\/\/x.com\/luggagehero\",\"https:\/\/www.instagram.com\/luggagehero\",\"https:\/\/www.linkedin.com\/company\/luggagehero\/\"]}]}<\/script>\n<!-- \/ Yoast SEO Premium plugin. -->","yoast_head_json":{"title":"Consigna de equipaje en la estaci\u00f3n de autobuses de Port Authority - A partir de 1 $\/hora","description":"Servicio de consigna de equipaje f\u00e1cil, pr\u00e1ctico y barato cerca de la estaci\u00f3n de autobuses de Port Authority. A partir de 1\u00a0$\/hora. Incluye un seguro de 3.000 $. Se coloca un precinto de seguridad en la maleta.","robots":{"index":"index","follow":"follow","max-snippet":"max-snippet:-1","max-image-preview":"max-image-preview:large","max-video-preview":"max-video-preview:-1"},"canonical":"https:\/\/luggagehero.com\/es\/nueva-york\/estacion-de-autobuses-de-port-authority\/","og_locale":"es_ES","og_type":"article","og_title":"Estaci\u00f3n de autobuses de Port Authority","og_description":"Servicio de consigna de equipaje f\u00e1cil, pr\u00e1ctico y barato cerca de la estaci\u00f3n de autobuses de Port Authority. A partir de 1\u00a0$\/hora. Incluye un seguro de 3.000 $. Se coloca un precinto de seguridad en la maleta.","og_url":"https:\/\/luggagehero.com\/es\/nueva-york\/estacion-de-autobuses-de-port-authority\/","og_site_name":"LuggageHero","article_publisher":"https:\/\/www.facebook.com\/luggagehero","article_modified_time":"2023-08-22T11:47:19+00:00","og_image":[{"url":"https:\/\/luggagehero.com\/wp-content\/uploads\/2018\/02\/Luggage_storage_port_authority_bus_terminal-720x540.jpg","type":"","width":"","height":""}],"twitter_card":"summary_large_image","twitter_site":"@luggagehero","twitter_misc":{"Est. reading time":"3 minutes"},"schema":{"@context":"https:\/\/schema.org","@graph":[{"@type":"WebPage","@id":"https:\/\/luggagehero.com\/es\/nueva-york\/estacion-de-autobuses-de-port-authority\/","url":"https:\/\/luggagehero.com\/es\/nueva-york\/estacion-de-autobuses-de-port-authority\/","name":"Consigna de equipaje en la estaci\u00f3n de autobuses de Port Authority - A partir de 1 $\/hora","isPartOf":{"@id":"https:\/\/luggagehero.com\/es\/#website"},"primaryImageOfPage":{"@id":"https:\/\/luggagehero.com\/es\/nueva-york\/estacion-de-autobuses-de-port-authority\/#primaryimage"},"image":{"@id":"https:\/\/luggagehero.com\/es\/nueva-york\/estacion-de-autobuses-de-port-authority\/#primaryimage"},"thumbnailUrl":"https:\/\/luggagehero.com\/wp-content\/uploads\/2018\/02\/Luggage_storage_port_authority_bus_terminal-720x540.jpg","datePublished":"2019-11-27T13:20:50+00:00","dateModified":"2023-08-22T11:47:19+00:00","description":"Servicio de consigna de equipaje f\u00e1cil, pr\u00e1ctico y barato cerca de la estaci\u00f3n de autobuses de Port Authority. A partir de 1\u00a0$\/hora. Incluye un seguro de 3.000 $. Se coloca un precinto de seguridad en la maleta.","breadcrumb":{"@id":"https:\/\/luggagehero.com\/es\/nueva-york\/estacion-de-autobuses-de-port-authority\/#breadcrumb"},"inLanguage":"es-ES","potentialAction":[{"@type":"ReadAction","target":["https:\/\/luggagehero.com\/es\/nueva-york\/estacion-de-autobuses-de-port-authority\/"]}]},{"@type":"ImageObject","inLanguage":"es-ES","@id":"https:\/\/luggagehero.com\/es\/nueva-york\/estacion-de-autobuses-de-port-authority\/#primaryimage","url":"https:\/\/luggagehero.com\/wp-content\/uploads\/2018\/02\/Luggage_storage_port_authority_bus_terminal-720x540.jpg","contentUrl":"https:\/\/luggagehero.com\/wp-content\/uploads\/2018\/02\/Luggage_storage_port_authority_bus_terminal-720x540.jpg"},{"@type":"BreadcrumbList","@id":"https:\/\/luggagehero.com\/es\/nueva-york\/estacion-de-autobuses-de-port-authority\/#breadcrumb","itemListElement":[{"@type":"ListItem","position":1,"name":"Home","item":"https:\/\/luggagehero.com\/es\/"},{"@type":"ListItem","position":2,"name":"Nueva York","item":"https:\/\/luggagehero.com\/es\/nueva-york\/"},{"@type":"ListItem","position":3,"name":"Estaci\u00f3n de autobuses de Port Authority"}]},{"@type":"WebSite","@id":"https:\/\/luggagehero.com\/es\/#website","url":"https:\/\/luggagehero.com\/es\/","name":"LuggageHero","description":"Free yourself from luggage","publisher":{"@id":"https:\/\/luggagehero.com\/es\/#organization"},"potentialAction":[{"@type":"SearchAction","target":{"@type":"EntryPoint","urlTemplate":"https:\/\/luggagehero.com\/es\/?s={search_term_string}"},"query-input":{"@type":"PropertyValueSpecification","valueRequired":true,"valueName":"search_term_string"}}],"inLanguage":"es-ES"},{"@type":"Organization","@id":"https:\/\/luggagehero.com\/es\/#organization","name":"LuggageHero","url":"https:\/\/luggagehero.com\/es\/","logo":{"@type":"ImageObject","inLanguage":"es-ES","@id":"https:\/\/luggagehero.com\/es\/#\/schema\/logo\/image\/","url":"https:\/\/luggagehero.com\/wp-content\/uploads\/2017\/04\/luggagehero_LOGO-RGB_kort_POS_200x200.png","contentUrl":"https:\/\/luggagehero.com\/wp-content\/uploads\/2017\/04\/luggagehero_LOGO-RGB_kort_POS_200x200.png","width":200,"height":200,"caption":"LuggageHero"},"image":{"@id":"https:\/\/luggagehero.com\/es\/#\/schema\/logo\/image\/"},"sameAs":["https:\/\/www.facebook.com\/luggagehero","https:\/\/x.com\/luggagehero","https:\/\/www.instagram.com\/luggagehero","https:\/\/www.linkedin.com\/company\/luggagehero\/"]}]}},"place_id":"","place_latitude_longitude":"40.7575,-73.9895","place_name":"Estaci\u00f3n de autobuses de Port Authority","criteria_title":"","criteria_description":"","meta_title":"","meta_description":"","children_criteria_title":"","children_criteria_description":"","children_meta_title":"","children_meta_description":"","_edit_last":"46","use_global_content":"","poi_type":"PublicTransit","content_raw":"<p style=\"text-align: left;\">\u00bfNecesitas dejar las maletas cerca de la estaci\u00f3n de autobuses de Port Authority? Deja las cosas en una de nuestras consignas de equipaje de los alrededores. Dejar las maletas toda la noche es muy f\u00e1cil. La estaci\u00f3n de autobuses de Port Authority <strong>NO<\/strong>\u00a0ofrece servicio de consigna de equipaje.<\/p>\r\n<p style=\"text-align: left;\">La estaci\u00f3n de autobuses de Port Authority es el hub central de autobuses interestatales de Nueva York. Tiene tres plantas e incluye una gran variedad de tiendas, restaurantes y servicios. La estaci\u00f3n tambi\u00e9n ofrece acceso directo al metro de Nueva York y un servicio de enlace con Grand Central.<\/p>\r\nSi llegas del aeropuerto JFK o te diriges hacia all\u00ed, Port Authority podr\u00eda ser tu lugar de llegada o salida. En los alrededores tienes diversos LuggageHeroes, por lo que podr\u00e1s desplazarte f\u00e1cilmente a <a href=\"https:\/\/luggagehero.com\/newyork\/times-square\/\">Times Square<\/a>, Bryant Park, la Biblioteca P\u00fablica de Nueva York, el <a href=\"https:\/\/luggagehero.com\/newyork\/rockefeller-plaza\/\">Rockefeller Center<\/a> o St. Patrick's sin tu equipaje.\r\n\r\nTodos nuestros establecimientos est\u00e1n <a href=\"https:\/\/luggagehero.com\/about\/certified-shops\/\">certificados por LuggageHero<\/a> y se coloca nuestro <a href=\"https:\/\/luggagehero.com\/about\/security-seal\/\">precinto de seguridad<\/a> en todas las maletas. De este modo, se asegura cada bulto hasta un importe de [pricing insurancecoverage].\r\n\r\n&nbsp;\r\n\r\n<img class=\" wp-image-1930 aligncenter\" src=\"https:\/\/luggagehero.com\/wp-content\/uploads\/2018\/02\/Luggage_storage_port_authority_bus_terminal-720x540.jpg\" alt=\"Estaci\u00f3n de autobuses de Port Authority\" width=\"405\" height=\"304\" \/>\r\n<h2><\/h2>\r\n<h2 style=\"text-align: center;\">Estaci\u00f3n de autobuses de Port Authority<\/h2>\r\nLa estaci\u00f3n de autobuses de Port Authority est\u00e1 situada en la calle 42 con la 8a avenida. Es imposible no reparar en ella gracias al enorme cartel que ilumina la intersecci`\u00b4\u00f3n entre la calle 42 y la 8a avenida.\r\n\r\nTanto si llegas a la ciudad en autob\u00fas como si vas conduciendo y aparcas en el parking de la \u00faltima planta, te encontrar\u00e1s a pocas calles del meollo. Hay taxis en frente de la estaci\u00f3n de autobuses de Port Authority, en la 8a avenida. La estaci\u00f3n cuenta con pasadizos subterr\u00e1neos que la comunican con la red de metro de NY, con las l\u00edneas A, C, E, N, Q, R, W, 1, 2, 3, y 7, y tambi\u00e9n tiene un servicio de enlace con <a href=\"https:\/\/luggagehero.com\/newyork\/grand-central-terminal\/\">Grand Central Terminal<\/a>.\r\n\r\nLos teatros de Broadway y el Carnegie Hall est\u00e1n muy cerca de la estaci\u00f3n de autobuses de Port Authority. Si quieres visitar los lugares de inter\u00e9s de Nueva York, <a href=\"https:\/\/luggagehero.com\/newyork\/times-square\/\">Times Square<\/a>, el <a href=\"https:\/\/luggagehero.com\/newyork\/empire-state-building\/\">Empire State Building<\/a>, <a href=\"https:\/\/luggagehero.com\/newyork\/grand-central-terminal\/\">Grand Central Terminal<\/a> y el Madison Square Garden, se encuentran a poca distancia a pie.\r\n\r\nAl estar conectada con el aeropuerto JFK, la estaci\u00f3n de autobuses de Port Authority es un punto de partida o un punto final excelente para tus viajes. Deja el equipaje en uno de nuestros LuggageHeroes que hay en los alrededores y explora la zona sin tener que ir cargando maletas.\r\n\r\n&nbsp;","_links":{"self":[{"href":"https:\/\/luggagehero.com\/es\/wp-json\/wp\/v2\/pages\/12181","targetHints":{"allow":["GET"]}}],"collection":[{"href":"https:\/\/luggagehero.com\/es\/wp-json\/wp\/v2\/pages"}],"about":[{"href":"https:\/\/luggagehero.com\/es\/wp-json\/wp\/v2\/types\/page"}],"author":[{"embeddable":true,"href":"https:\/\/luggagehero.com\/es\/wp-json\/wp\/v2\/users\/9"}],"replies":[{"embeddable":true,"href":"https:\/\/luggagehero.com\/es\/wp-json\/wp\/v2\/comments?post=12181"}],"version-history":[{"count":0,"href":"https:\/\/luggagehero.com\/es\/wp-json\/wp\/v2\/pages\/12181\/revisions"}],"up":[{"embeddable":true,"href":"https:\/\/luggagehero.com\/es\/wp-json\/wp\/v2\/pages\/11396"}],"wp:attachment":[{"href":"https:\/\/luggagehero.com\/es\/wp-json\/wp\/v2\/media?parent=12181"}],"curies":[{"name":"wp","href":"https:\/\/api.w.org\/{rel}","templated":true}]}}