{"id":12182,"date":"2019-11-27T13:20:51","date_gmt":"2019-11-27T13:20:51","guid":{"rendered":"https:\/\/luggagehero.com\/londres\/estacion-de-waterloo\/"},"modified":"2023-09-05T07:41:10","modified_gmt":"2023-09-05T07:41:10","slug":"estacion-de-waterloo","status":"publish","type":"page","link":"https:\/\/luggagehero.com\/es\/londres\/estacion-de-waterloo\/","title":{"rendered":"Estaci\u00f3n de Waterloo"},"content":{"rendered":"<p>\u00bfBuscas una consigna de equipaje cerca de la estaci\u00f3n de Waterloo? Puedes dejar las maletas en uno de nuestros puntos con consigna de equipaje que hay al lado de la estaci\u00f3n. Nuestros establecimientos asociados se ocupar\u00e1n de tu equipaje mientras visitas <a href=\"https:\/\/luggagehero.com\/london\/\">Londres<\/a>.<\/p>\n<p>Los establecimientos con consigna de equipaje de LuggageHero son hoteles, cafeter\u00edas y tiendas<a href=\"https:\/\/luggagehero.com\/about\/certified-shops\/\"> certificados.<\/a> Si reservas con antelaci\u00f3n, te asegurar\u00e1s de que tienes espacio para las maletas. Si cambias de planes, puedes cancelar la reserva f\u00e1cilmente en cualquier momento. La direcci\u00f3n y las indicaciones para llegar se facilitan en el momento de la reserva y se te env\u00edan por e-mail.<\/p>\n<p>LuggageHero utiliza un cron\u00f3metro para calcular las horas utilizadas. Cuando llegues al punto con la consigna de equipaje, pondr\u00e1s en marcha el cron\u00f3metro en la p\u00e1gina de reserva. Cuando recojas el equipaje y detengas el cron\u00f3metro, se procesar\u00e1 el pago de forma autom\u00e1tica. Todas las maletas se precintan con nuestro \u00a0<a href=\"https:\/\/luggagehero.com\/about\/security-seal\/\">precinto de seguridad<\/a>\u00a0y se asegura cada bulto de equipaje hasta un importe de <pricing-component type=\"insurancecoverage\"><\/pricing-component>.<\/p>\n<p>&nbsp;<\/p>\n<h2 style=\"text-align: center;\"><img loading=\"lazy\" decoding=\"async\" class=\"aligncenter wp-image-1980 size-large\" src=\"https:\/\/luggagehero.com\/wp-content\/uploads\/2018\/02\/luggage_storage_waterloo_station-800x533.jpg\" alt=\"Estaci\u00f3n de Waterloo Londres\" width=\"800\" height=\"533\" srcset=\"https:\/\/luggagehero.com\/wp-content\/uploads\/2018\/02\/luggage_storage_waterloo_station-800x533.jpg 800w, https:\/\/luggagehero.com\/wp-content\/uploads\/2018\/02\/luggage_storage_waterloo_station-300x200.jpg 300w, https:\/\/luggagehero.com\/wp-content\/uploads\/2018\/02\/luggage_storage_waterloo_station-600x400.jpg 600w\" sizes=\"auto, (max-width: 800px) 100vw, 800px\" \/><\/h2>\n<p>&nbsp;<\/p>\n<h2 style=\"text-align: center;\">Estaci\u00f3n de Waterloo<\/h2>\n<p>La estaci\u00f3n de Waterloo es una impotante estaci\u00f3n de tren y metro de <a href=\"https:\/\/luggagehero.com\/london\/\">Londres<\/a>. La estaci\u00f3n est\u00e1 cerca de muchos lugares de inter\u00e9s tur\u00edstico, como el <a href=\"https:\/\/luggagehero.com\/london\/london-eye\/\">London Eye<\/a>, South Bank y County Hall. La estaci\u00f3n est\u00e1 en el centro de Londres y cerca de Lambeth y Southwark. Por la estaci\u00f3n de Waterloo pasan las l\u00edneas Jubilee, Bakerloo y Northern.<\/p>\n<p>Dejar el equipaje con LuggageHero cerca de la estaci\u00f3n de Waterloo, es la soluci\u00f3n de consigna de equipaje m\u00e1s f\u00e1cil, pr\u00e1ctica y barata. Deja que LuggageHero te ayude a convertir tus d\u00edas de viaje en d\u00edas de vacaciones. Solo tienes que buscar el establecimiento que mejor se adapte a tus planes de viaje y hacer la reserva online. Deja las maletas en el establecimiento durante un par de horas o m\u00e1s. Dejar el equipaje toda la noche es muy f\u00e1cil.<\/p>\n<p>&nbsp;<\/p>\n<p>&nbsp;<\/p>\n","protected":false},"excerpt":{"rendered":"<p>\u00bfBuscas una consigna de equipaje cerca de la estaci\u00f3n de Waterloo? Puedes dejar las maletas en uno de nuestros puntos con consigna de equipaje que hay al lado de la estaci\u00f3n. Nuestros establecimientos asociados se ocupar\u00e1n de tu equipaje mientras visitas Londres. Los establecimientos con consigna de equipaje de LuggageHero son hoteles, cafeter\u00edas y tiendas [&hellip;]<\/p>\n","protected":false},"author":9,"featured_media":54569,"parent":7287,"menu_order":0,"comment_status":"closed","ping_status":"closed","template":"template-location.php","meta":{"_acf_changed":false,"footnotes":""},"class_list":["post-12182","page","type-page","status-publish","has-post-thumbnail","hentry"],"acf":[],"yoast_head":"<!-- This site is optimized with the Yoast SEO Premium plugin v27.0 (Yoast SEO v27.0) - https:\/\/yoast.com\/product\/yoast-seo-premium-wordpress\/ -->\n<title>Consigna de equipaje en la estaci\u00f3n de Waterloo 7 d\u00edas a la semana - A partir de 1 \u00a3\/hora<\/title>\n<meta name=\"description\" content=\"Servicio de consigna de equipaje pr\u00e1ctico y barato cerca de la estaci\u00f3n de Waterloo. A partir de 1 \u00a3\/hora. Incluye un seguro de 2.200 \u00a3. Se coloca un precinto de seguridad en cada maleta. Reservar online.\" \/>\n<meta name=\"robots\" content=\"index, follow, max-snippet:-1, max-image-preview:large, max-video-preview:-1\" \/>\n<link rel=\"canonical\" href=\"https:\/\/luggagehero.com\/es\/londres\/estacion-de-waterloo\/\" \/>\n<meta property=\"og:locale\" content=\"es_ES\" \/>\n<meta property=\"og:type\" content=\"article\" \/>\n<meta property=\"og:title\" content=\"Estaci\u00f3n de Waterloo\" \/>\n<meta property=\"og:description\" content=\"Servicio de consigna de equipaje pr\u00e1ctico y barato cerca de la estaci\u00f3n de Waterloo. A partir de 1 \u00a3\/hora. Incluye un seguro de 2.200 \u00a3. Se coloca un precinto de seguridad en cada maleta. Reservar online.\" \/>\n<meta property=\"og:url\" content=\"https:\/\/luggagehero.com\/es\/londres\/estacion-de-waterloo\/\" \/>\n<meta property=\"og:site_name\" content=\"LuggageHero\" \/>\n<meta property=\"article:publisher\" content=\"https:\/\/www.facebook.com\/luggagehero\" \/>\n<meta property=\"article:modified_time\" content=\"2023-09-05T07:41:10+00:00\" \/>\n<meta property=\"og:image\" content=\"https:\/\/luggagehero.com\/wp-content\/uploads\/2018\/02\/luggage_storage_waterloo_station-800x533.jpg\" \/>\n<meta name=\"twitter:card\" content=\"summary_large_image\" \/>\n<meta name=\"twitter:site\" content=\"@luggagehero\" \/>\n<meta name=\"twitter:label1\" content=\"Est. reading time\" \/>\n\t<meta name=\"twitter:data1\" content=\"2 minutes\" \/>\n<script type=\"application\/ld+json\" class=\"yoast-schema-graph\">{\"@context\":\"https:\/\/schema.org\",\"@graph\":[{\"@type\":\"WebPage\",\"@id\":\"https:\/\/luggagehero.com\/es\/londres\/estacion-de-waterloo\/\",\"url\":\"https:\/\/luggagehero.com\/es\/londres\/estacion-de-waterloo\/\",\"name\":\"Consigna de equipaje en la estaci\u00f3n de Waterloo 7 d\u00edas a la semana - A partir de 1 \u00a3\/hora\",\"isPartOf\":{\"@id\":\"https:\/\/luggagehero.com\/es\/#website\"},\"primaryImageOfPage\":{\"@id\":\"https:\/\/luggagehero.com\/es\/londres\/estacion-de-waterloo\/#primaryimage\"},\"image\":{\"@id\":\"https:\/\/luggagehero.com\/es\/londres\/estacion-de-waterloo\/#primaryimage\"},\"thumbnailUrl\":\"https:\/\/luggagehero.com\/wp-content\/uploads\/2023\/01\/grimshaw-develops-the-new-waterloo-station-masterplan-in-london_3.jpg\",\"datePublished\":\"2019-11-27T13:20:51+00:00\",\"dateModified\":\"2023-09-05T07:41:10+00:00\",\"description\":\"Servicio de consigna de equipaje pr\u00e1ctico y barato cerca de la estaci\u00f3n de Waterloo. A partir de 1 \u00a3\/hora. Incluye un seguro de 2.200 \u00a3. Se coloca un precinto de seguridad en cada maleta. Reservar online.\",\"breadcrumb\":{\"@id\":\"https:\/\/luggagehero.com\/es\/londres\/estacion-de-waterloo\/#breadcrumb\"},\"inLanguage\":\"es-ES\",\"potentialAction\":[{\"@type\":\"ReadAction\",\"target\":[\"https:\/\/luggagehero.com\/es\/londres\/estacion-de-waterloo\/\"]}]},{\"@type\":\"ImageObject\",\"inLanguage\":\"es-ES\",\"@id\":\"https:\/\/luggagehero.com\/es\/londres\/estacion-de-waterloo\/#primaryimage\",\"url\":\"https:\/\/luggagehero.com\/wp-content\/uploads\/2023\/01\/grimshaw-develops-the-new-waterloo-station-masterplan-in-london_3.jpg\",\"contentUrl\":\"https:\/\/luggagehero.com\/wp-content\/uploads\/2023\/01\/grimshaw-develops-the-new-waterloo-station-masterplan-in-london_3.jpg\",\"width\":2000,\"height\":1188,\"caption\":\"Waterloo Station\"},{\"@type\":\"BreadcrumbList\",\"@id\":\"https:\/\/luggagehero.com\/es\/londres\/estacion-de-waterloo\/#breadcrumb\",\"itemListElement\":[{\"@type\":\"ListItem\",\"position\":1,\"name\":\"Home\",\"item\":\"https:\/\/luggagehero.com\/es\/\"},{\"@type\":\"ListItem\",\"position\":2,\"name\":\"Londres\",\"item\":\"https:\/\/luggagehero.com\/es\/londres\/\"},{\"@type\":\"ListItem\",\"position\":3,\"name\":\"Estaci\u00f3n de Waterloo\"}]},{\"@type\":\"WebSite\",\"@id\":\"https:\/\/luggagehero.com\/es\/#website\",\"url\":\"https:\/\/luggagehero.com\/es\/\",\"name\":\"LuggageHero\",\"description\":\"Free yourself from luggage\",\"publisher\":{\"@id\":\"https:\/\/luggagehero.com\/es\/#organization\"},\"potentialAction\":[{\"@type\":\"SearchAction\",\"target\":{\"@type\":\"EntryPoint\",\"urlTemplate\":\"https:\/\/luggagehero.com\/es\/?s={search_term_string}\"},\"query-input\":{\"@type\":\"PropertyValueSpecification\",\"valueRequired\":true,\"valueName\":\"search_term_string\"}}],\"inLanguage\":\"es-ES\"},{\"@type\":\"Organization\",\"@id\":\"https:\/\/luggagehero.com\/es\/#organization\",\"name\":\"LuggageHero\",\"url\":\"https:\/\/luggagehero.com\/es\/\",\"logo\":{\"@type\":\"ImageObject\",\"inLanguage\":\"es-ES\",\"@id\":\"https:\/\/luggagehero.com\/es\/#\/schema\/logo\/image\/\",\"url\":\"https:\/\/luggagehero.com\/wp-content\/uploads\/2017\/04\/luggagehero_LOGO-RGB_kort_POS_200x200.png\",\"contentUrl\":\"https:\/\/luggagehero.com\/wp-content\/uploads\/2017\/04\/luggagehero_LOGO-RGB_kort_POS_200x200.png\",\"width\":200,\"height\":200,\"caption\":\"LuggageHero\"},\"image\":{\"@id\":\"https:\/\/luggagehero.com\/es\/#\/schema\/logo\/image\/\"},\"sameAs\":[\"https:\/\/www.facebook.com\/luggagehero\",\"https:\/\/x.com\/luggagehero\",\"https:\/\/www.instagram.com\/luggagehero\",\"https:\/\/www.linkedin.com\/company\/luggagehero\/\"]}]}<\/script>\n<!-- \/ Yoast SEO Premium plugin. -->","yoast_head_json":{"title":"Consigna de equipaje en la estaci\u00f3n de Waterloo 7 d\u00edas a la semana - A partir de 1 \u00a3\/hora","description":"Servicio de consigna de equipaje pr\u00e1ctico y barato cerca de la estaci\u00f3n de Waterloo. A partir de 1 \u00a3\/hora. Incluye un seguro de 2.200 \u00a3. Se coloca un precinto de seguridad en cada maleta. Reservar online.","robots":{"index":"index","follow":"follow","max-snippet":"max-snippet:-1","max-image-preview":"max-image-preview:large","max-video-preview":"max-video-preview:-1"},"canonical":"https:\/\/luggagehero.com\/es\/londres\/estacion-de-waterloo\/","og_locale":"es_ES","og_type":"article","og_title":"Estaci\u00f3n de Waterloo","og_description":"Servicio de consigna de equipaje pr\u00e1ctico y barato cerca de la estaci\u00f3n de Waterloo. A partir de 1 \u00a3\/hora. Incluye un seguro de 2.200 \u00a3. Se coloca un precinto de seguridad en cada maleta. Reservar online.","og_url":"https:\/\/luggagehero.com\/es\/londres\/estacion-de-waterloo\/","og_site_name":"LuggageHero","article_publisher":"https:\/\/www.facebook.com\/luggagehero","article_modified_time":"2023-09-05T07:41:10+00:00","og_image":[{"url":"https:\/\/luggagehero.com\/wp-content\/uploads\/2018\/02\/luggage_storage_waterloo_station-800x533.jpg","type":"","width":"","height":""}],"twitter_card":"summary_large_image","twitter_site":"@luggagehero","twitter_misc":{"Est. reading time":"2 minutes"},"schema":{"@context":"https:\/\/schema.org","@graph":[{"@type":"WebPage","@id":"https:\/\/luggagehero.com\/es\/londres\/estacion-de-waterloo\/","url":"https:\/\/luggagehero.com\/es\/londres\/estacion-de-waterloo\/","name":"Consigna de equipaje en la estaci\u00f3n de Waterloo 7 d\u00edas a la semana - A partir de 1 \u00a3\/hora","isPartOf":{"@id":"https:\/\/luggagehero.com\/es\/#website"},"primaryImageOfPage":{"@id":"https:\/\/luggagehero.com\/es\/londres\/estacion-de-waterloo\/#primaryimage"},"image":{"@id":"https:\/\/luggagehero.com\/es\/londres\/estacion-de-waterloo\/#primaryimage"},"thumbnailUrl":"https:\/\/luggagehero.com\/wp-content\/uploads\/2023\/01\/grimshaw-develops-the-new-waterloo-station-masterplan-in-london_3.jpg","datePublished":"2019-11-27T13:20:51+00:00","dateModified":"2023-09-05T07:41:10+00:00","description":"Servicio de consigna de equipaje pr\u00e1ctico y barato cerca de la estaci\u00f3n de Waterloo. A partir de 1 \u00a3\/hora. Incluye un seguro de 2.200 \u00a3. Se coloca un precinto de seguridad en cada maleta. Reservar online.","breadcrumb":{"@id":"https:\/\/luggagehero.com\/es\/londres\/estacion-de-waterloo\/#breadcrumb"},"inLanguage":"es-ES","potentialAction":[{"@type":"ReadAction","target":["https:\/\/luggagehero.com\/es\/londres\/estacion-de-waterloo\/"]}]},{"@type":"ImageObject","inLanguage":"es-ES","@id":"https:\/\/luggagehero.com\/es\/londres\/estacion-de-waterloo\/#primaryimage","url":"https:\/\/luggagehero.com\/wp-content\/uploads\/2023\/01\/grimshaw-develops-the-new-waterloo-station-masterplan-in-london_3.jpg","contentUrl":"https:\/\/luggagehero.com\/wp-content\/uploads\/2023\/01\/grimshaw-develops-the-new-waterloo-station-masterplan-in-london_3.jpg","width":2000,"height":1188,"caption":"Waterloo Station"},{"@type":"BreadcrumbList","@id":"https:\/\/luggagehero.com\/es\/londres\/estacion-de-waterloo\/#breadcrumb","itemListElement":[{"@type":"ListItem","position":1,"name":"Home","item":"https:\/\/luggagehero.com\/es\/"},{"@type":"ListItem","position":2,"name":"Londres","item":"https:\/\/luggagehero.com\/es\/londres\/"},{"@type":"ListItem","position":3,"name":"Estaci\u00f3n de Waterloo"}]},{"@type":"WebSite","@id":"https:\/\/luggagehero.com\/es\/#website","url":"https:\/\/luggagehero.com\/es\/","name":"LuggageHero","description":"Free yourself from luggage","publisher":{"@id":"https:\/\/luggagehero.com\/es\/#organization"},"potentialAction":[{"@type":"SearchAction","target":{"@type":"EntryPoint","urlTemplate":"https:\/\/luggagehero.com\/es\/?s={search_term_string}"},"query-input":{"@type":"PropertyValueSpecification","valueRequired":true,"valueName":"search_term_string"}}],"inLanguage":"es-ES"},{"@type":"Organization","@id":"https:\/\/luggagehero.com\/es\/#organization","name":"LuggageHero","url":"https:\/\/luggagehero.com\/es\/","logo":{"@type":"ImageObject","inLanguage":"es-ES","@id":"https:\/\/luggagehero.com\/es\/#\/schema\/logo\/image\/","url":"https:\/\/luggagehero.com\/wp-content\/uploads\/2017\/04\/luggagehero_LOGO-RGB_kort_POS_200x200.png","contentUrl":"https:\/\/luggagehero.com\/wp-content\/uploads\/2017\/04\/luggagehero_LOGO-RGB_kort_POS_200x200.png","width":200,"height":200,"caption":"LuggageHero"},"image":{"@id":"https:\/\/luggagehero.com\/es\/#\/schema\/logo\/image\/"},"sameAs":["https:\/\/www.facebook.com\/luggagehero","https:\/\/x.com\/luggagehero","https:\/\/www.instagram.com\/luggagehero","https:\/\/www.linkedin.com\/company\/luggagehero\/"]}]}},"place_id":"","place_latitude_longitude":"51.503165, -0.112305","place_name":"Estaci\u00f3n de Waterloo","criteria_title":"","criteria_description":"","meta_title":"","meta_description":"","children_criteria_title":"","children_criteria_description":"","children_meta_title":"","children_meta_description":"","_edit_last":"46","use_global_content":"","poi_type":"PublicTransit","content_raw":"\u00bfBuscas una consigna de equipaje cerca de la estaci\u00f3n de Waterloo? Puedes dejar las maletas en uno de nuestros puntos con consigna de equipaje que hay al lado de la estaci\u00f3n. Nuestros establecimientos asociados se ocupar\u00e1n de tu equipaje mientras visitas <a href=\"https:\/\/luggagehero.com\/london\/\">Londres<\/a>.\r\n\r\nLos establecimientos con consigna de equipaje de LuggageHero son hoteles, cafeter\u00edas y tiendas<a href=\"https:\/\/luggagehero.com\/about\/certified-shops\/\"> certificados.<\/a> Si reservas con antelaci\u00f3n, te asegurar\u00e1s de que tienes espacio para las maletas. Si cambias de planes, puedes cancelar la reserva f\u00e1cilmente en cualquier momento. La direcci\u00f3n y las indicaciones para llegar se facilitan en el momento de la reserva y se te env\u00edan por e-mail.\r\n\r\nLuggageHero utiliza un cron\u00f3metro para calcular las horas utilizadas. Cuando llegues al punto con la consigna de equipaje, pondr\u00e1s en marcha el cron\u00f3metro en la p\u00e1gina de reserva. Cuando recojas el equipaje y detengas el cron\u00f3metro, se procesar\u00e1 el pago de forma autom\u00e1tica. Todas las maletas se precintan con nuestro \u00a0<a href=\"https:\/\/luggagehero.com\/about\/security-seal\/\">precinto de seguridad<\/a>\u00a0y se asegura cada bulto de equipaje hasta un importe de [pricing insurancecoverage].\r\n\r\n&nbsp;\r\n<h2 style=\"text-align: center;\"><img class=\"aligncenter wp-image-1980 size-large\" src=\"https:\/\/luggagehero.com\/wp-content\/uploads\/2018\/02\/luggage_storage_waterloo_station-800x533.jpg\" alt=\"Estaci\u00f3n de Waterloo Londres\" width=\"800\" height=\"533\" \/><\/h2>\r\n&nbsp;\r\n<h2 style=\"text-align: center;\">Estaci\u00f3n de Waterloo<\/h2>\r\nLa estaci\u00f3n de Waterloo es una impotante estaci\u00f3n de tren y metro de <a href=\"https:\/\/luggagehero.com\/london\/\">Londres<\/a>. La estaci\u00f3n est\u00e1 cerca de muchos lugares de inter\u00e9s tur\u00edstico, como el <a href=\"https:\/\/luggagehero.com\/london\/london-eye\/\">London Eye<\/a>, South Bank y County Hall. La estaci\u00f3n est\u00e1 en el centro de Londres y cerca de Lambeth y Southwark. Por la estaci\u00f3n de Waterloo pasan las l\u00edneas Jubilee, Bakerloo y Northern.\r\n\r\nDejar el equipaje con LuggageHero cerca de la estaci\u00f3n de Waterloo, es la soluci\u00f3n de consigna de equipaje m\u00e1s f\u00e1cil, pr\u00e1ctica y barata. Deja que LuggageHero te ayude a convertir tus d\u00edas de viaje en d\u00edas de vacaciones. Solo tienes que buscar el establecimiento que mejor se adapte a tus planes de viaje y hacer la reserva online. Deja las maletas en el establecimiento durante un par de horas o m\u00e1s. Dejar el equipaje toda la noche es muy f\u00e1cil.\r\n\r\n&nbsp;\r\n\r\n&nbsp;","_links":{"self":[{"href":"https:\/\/luggagehero.com\/es\/wp-json\/wp\/v2\/pages\/12182","targetHints":{"allow":["GET"]}}],"collection":[{"href":"https:\/\/luggagehero.com\/es\/wp-json\/wp\/v2\/pages"}],"about":[{"href":"https:\/\/luggagehero.com\/es\/wp-json\/wp\/v2\/types\/page"}],"author":[{"embeddable":true,"href":"https:\/\/luggagehero.com\/es\/wp-json\/wp\/v2\/users\/9"}],"replies":[{"embeddable":true,"href":"https:\/\/luggagehero.com\/es\/wp-json\/wp\/v2\/comments?post=12182"}],"version-history":[{"count":0,"href":"https:\/\/luggagehero.com\/es\/wp-json\/wp\/v2\/pages\/12182\/revisions"}],"up":[{"embeddable":true,"href":"https:\/\/luggagehero.com\/es\/wp-json\/wp\/v2\/pages\/7287"}],"wp:featuredmedia":[{"embeddable":true,"href":"https:\/\/luggagehero.com\/es\/wp-json\/wp\/v2\/media\/54569"}],"wp:attachment":[{"href":"https:\/\/luggagehero.com\/es\/wp-json\/wp\/v2\/media?parent=12182"}],"curies":[{"name":"wp","href":"https:\/\/api.w.org\/{rel}","templated":true}]}}