{"id":12183,"date":"2019-11-27T13:20:51","date_gmt":"2019-11-27T13:20:51","guid":{"rendered":"https:\/\/luggagehero.com\/nueva-york\/penn-station\/"},"modified":"2023-08-22T11:54:40","modified_gmt":"2023-08-22T11:54:40","slug":"penn-station","status":"publish","type":"page","link":"https:\/\/luggagehero.com\/es\/nueva-york\/penn-station\/","title":{"rendered":"Penn Station"},"content":{"rendered":"<p style=\"text-align: left;\">En los alrededores de Penn Station encontrar\u00e1s puntos con consigna de equipaje, ya que la estaci\u00f3n no ofrece este servicio. Debes tener en cuenta que Penn Station es famosa por ser una de las estaciones de tren m\u00e1s concurridas del mundo, por lo que se recomienda reservar espacio para las maletas con antelaci\u00f3n.<\/p>\n<p style=\"text-align: left;\">Penn Station est\u00e1 situada en Midtown West, entre las calles 30 y 34 y entre las avenidas 7a y 8a. La mejor manera de llegar a Penn Station es en metro o autob\u00fas.<\/p>\n<p>Poder dejar el equipaje en establecimientos locales te permitir\u00e1 explorar Nueva York c\u00f3modamente sin tener que ir cargando las maletas. Podr\u00e1s dejar de planificar los d\u00edas de viaje en funci\u00f3n del equipaje que llevas y convertir los d\u00edas de viaje en d\u00edas de vacaciones.<\/p>\n<p>Con m\u00e1s de 140 LuggageHeroes en <a href=\"https:\/\/luggagehero.com\/newyork\/\">Nueva York<\/a>, tienes motivos m\u00e1s que suficientes para dejar el equipaje y dedicarte a vivir aventuras. Dejar las maletas toda una noche es muy f\u00e1cil.<\/p>\n<p>Todos nuestros establecimientos los <a href=\"https:\/\/luggagehero.com\/about\/certified-shops\/\">certifica LuggageHero<\/a> y todas las maletas se precintan con nuestro <a href=\"https:\/\/luggagehero.com\/about\/security-seal\/\">precinto de seguridad.<\/a> De este modo, se asegura cada bulto hasta un importe de <pricing-component type=\"insurancecoverage\"><\/pricing-component>.<\/p>\n<p>&nbsp;<\/p>\n<p><img loading=\"lazy\" decoding=\"async\" class=\"aligncenter wp-image-3374 size-full\" src=\"https:\/\/luggagehero.com\/wp-content\/uploads\/2018\/07\/Penn-Station-luggage-storage.jpg\" alt=\"Consigna de equipaje Penn Station\" width=\"764\" height=\"352\" \/><\/p>\n<h2><\/h2>\n<h2 style=\"text-align: center;\">Penn Station<\/h2>\n<ul>\n<li>Abierto las 24 horas &#8211; 7 d\u00edas a la semana.<\/li>\n<li>No hay consigna de equipaje dentro de la estaci\u00f3n. Encuentra tu punto con consigna de equipaje muy cerca haciendo clic <a href=\"https:\/\/app.luggagehero.com\/home;location=Pennsylvania%20Station;lat=40,750568;lon=-73,99351899999999;bags=1;geolocate=false\">aqu\u00ed.<\/a><\/li>\n<\/ul>\n<p>New York Penn Station, tambi\u00e9n conocida como Penn Station, tiene un tren directo al aeropuerto de Newark y est\u00e1 situada justo al lado del Madison Square Garden, en la zona de Midtown de <a href=\"https:\/\/luggagehero.com\/newyork\/manhattan\/\">Manhattan,<\/a> lo que la convierte en una ubicaci\u00f3n excelente para dejar el equipaje cuando llegas o te vas de Nueva York.<\/p>\n<p>Sin embargo, la estaci\u00f3n no ofrece ning\u00b4\u00fan servicio de consigna de equipaje. Por suerte, nos hemos asociado con diiversos negocios de los alrededores de Penn Station para ofrecer a los viajeros un servicio de consigna de equipaje pr\u00e1ctico y barato a partir de tan solo <pricing-component type=\"hourlyrate\"><\/pricing-component>. Reciben el nombre de LuggageHeroes y tu equipaje queda <a href=\"https:\/\/luggagehero.com\/about\/security-seal\/\">precintado<\/a> y <a href=\"https:\/\/luggagehero.com\/about\/insurance\/\">asegurado<\/a> a partir de <pricing-component type=\"insurancecoverage\"><\/pricing-component> cuando se deja en uno de ellos.<\/p>\n<p>D\u00e9janos ayudarte a sacar el m\u00e1ximo partido a tus d\u00edas en <a href=\"https:\/\/luggagehero.com\/newyork\/\">Nueva York<\/a>: nos ocuparemos de tu equipaje cerca de Penn Station mientras t\u00fa disfrutas de tus aventuras.<\/p>\n<p>&nbsp;<\/p>\n","protected":false},"excerpt":{"rendered":"<p>En los alrededores de Penn Station encontrar\u00e1s puntos con consigna de equipaje, ya que la estaci\u00f3n no ofrece este servicio. Debes tener en cuenta que Penn Station es famosa por ser una de las estaciones de tren m\u00e1s concurridas del mundo, por lo que se recomienda reservar espacio para las maletas con antelaci\u00f3n. Penn Station [&hellip;]<\/p>\n","protected":false},"author":9,"featured_media":37128,"parent":11396,"menu_order":0,"comment_status":"closed","ping_status":"closed","template":"template-location.php","meta":{"_acf_changed":false,"footnotes":""},"class_list":["post-12183","page","type-page","status-publish","has-post-thumbnail","hentry"],"acf":[],"yoast_head":"<!-- This site is optimized with the Yoast SEO Premium plugin v27.0 (Yoast SEO v27.0) - https:\/\/yoast.com\/product\/yoast-seo-premium-wordpress\/ -->\n<title>Consigna de equipaje en Penn Station 7 d\u00edas a la semana - A partir de 1 $\/hora<\/title>\n<meta name=\"description\" content=\"Servicio de consigna de equipaje f\u00e1cil, pr\u00e1ctico y barato cerca de Penn Station. A partir de 1\u00a0$\/hora. Incluye un seguro de 3.000 $. Se coloca un precinto de seguridad en cada maleta. Reservar online.\" \/>\n<meta name=\"robots\" content=\"index, follow, max-snippet:-1, max-image-preview:large, max-video-preview:-1\" \/>\n<link rel=\"canonical\" href=\"https:\/\/luggagehero.com\/es\/nueva-york\/penn-station\/\" \/>\n<meta property=\"og:locale\" content=\"es_ES\" \/>\n<meta property=\"og:type\" content=\"article\" \/>\n<meta property=\"og:title\" content=\"Penn Station\" \/>\n<meta property=\"og:description\" content=\"Servicio de consigna de equipaje f\u00e1cil, pr\u00e1ctico y barato cerca de Penn Station. A partir de 1\u00a0$\/hora. Incluye un seguro de 3.000 $. Se coloca un precinto de seguridad en cada maleta. Reservar online.\" \/>\n<meta property=\"og:url\" content=\"https:\/\/luggagehero.com\/es\/nueva-york\/penn-station\/\" \/>\n<meta property=\"og:site_name\" content=\"LuggageHero\" \/>\n<meta property=\"article:publisher\" content=\"https:\/\/www.facebook.com\/luggagehero\" \/>\n<meta property=\"article:modified_time\" content=\"2023-08-22T11:54:40+00:00\" \/>\n<meta property=\"og:image\" content=\"https:\/\/luggagehero.com\/wp-content\/uploads\/2018\/07\/Penn-Station-luggage-storage.jpg\" \/>\n<meta name=\"twitter:card\" content=\"summary_large_image\" \/>\n<meta name=\"twitter:site\" content=\"@luggagehero\" \/>\n<meta name=\"twitter:label1\" content=\"Est. reading time\" \/>\n\t<meta name=\"twitter:data1\" content=\"2 minutes\" \/>\n<script type=\"application\/ld+json\" class=\"yoast-schema-graph\">{\"@context\":\"https:\/\/schema.org\",\"@graph\":[{\"@type\":\"WebPage\",\"@id\":\"https:\/\/luggagehero.com\/es\/nueva-york\/penn-station\/\",\"url\":\"https:\/\/luggagehero.com\/es\/nueva-york\/penn-station\/\",\"name\":\"Consigna de equipaje en Penn Station 7 d\u00edas a la semana - A partir de 1 $\/hora\",\"isPartOf\":{\"@id\":\"https:\/\/luggagehero.com\/es\/#website\"},\"primaryImageOfPage\":{\"@id\":\"https:\/\/luggagehero.com\/es\/nueva-york\/penn-station\/#primaryimage\"},\"image\":{\"@id\":\"https:\/\/luggagehero.com\/es\/nueva-york\/penn-station\/#primaryimage\"},\"thumbnailUrl\":\"https:\/\/luggagehero.com\/wp-content\/uploads\/2021\/07\/Skaermbillede-2021-07-02-kl.-14.24.58.png\",\"datePublished\":\"2019-11-27T13:20:51+00:00\",\"dateModified\":\"2023-08-22T11:54:40+00:00\",\"description\":\"Servicio de consigna de equipaje f\u00e1cil, pr\u00e1ctico y barato cerca de Penn Station. A partir de 1\u00a0$\/hora. Incluye un seguro de 3.000 $. Se coloca un precinto de seguridad en cada maleta. Reservar online.\",\"breadcrumb\":{\"@id\":\"https:\/\/luggagehero.com\/es\/nueva-york\/penn-station\/#breadcrumb\"},\"inLanguage\":\"es-ES\",\"potentialAction\":[{\"@type\":\"ReadAction\",\"target\":[\"https:\/\/luggagehero.com\/es\/nueva-york\/penn-station\/\"]}]},{\"@type\":\"ImageObject\",\"inLanguage\":\"es-ES\",\"@id\":\"https:\/\/luggagehero.com\/es\/nueva-york\/penn-station\/#primaryimage\",\"url\":\"https:\/\/luggagehero.com\/wp-content\/uploads\/2021\/07\/Skaermbillede-2021-07-02-kl.-14.24.58.png\",\"contentUrl\":\"https:\/\/luggagehero.com\/wp-content\/uploads\/2021\/07\/Skaermbillede-2021-07-02-kl.-14.24.58.png\",\"width\":1170,\"height\":661,\"caption\":\"Penn Station NYC\"},{\"@type\":\"BreadcrumbList\",\"@id\":\"https:\/\/luggagehero.com\/es\/nueva-york\/penn-station\/#breadcrumb\",\"itemListElement\":[{\"@type\":\"ListItem\",\"position\":1,\"name\":\"Home\",\"item\":\"https:\/\/luggagehero.com\/es\/\"},{\"@type\":\"ListItem\",\"position\":2,\"name\":\"Nueva York\",\"item\":\"https:\/\/luggagehero.com\/es\/nueva-york\/\"},{\"@type\":\"ListItem\",\"position\":3,\"name\":\"Penn Station\"}]},{\"@type\":\"WebSite\",\"@id\":\"https:\/\/luggagehero.com\/es\/#website\",\"url\":\"https:\/\/luggagehero.com\/es\/\",\"name\":\"LuggageHero\",\"description\":\"Free yourself from luggage\",\"publisher\":{\"@id\":\"https:\/\/luggagehero.com\/es\/#organization\"},\"potentialAction\":[{\"@type\":\"SearchAction\",\"target\":{\"@type\":\"EntryPoint\",\"urlTemplate\":\"https:\/\/luggagehero.com\/es\/?s={search_term_string}\"},\"query-input\":{\"@type\":\"PropertyValueSpecification\",\"valueRequired\":true,\"valueName\":\"search_term_string\"}}],\"inLanguage\":\"es-ES\"},{\"@type\":\"Organization\",\"@id\":\"https:\/\/luggagehero.com\/es\/#organization\",\"name\":\"LuggageHero\",\"url\":\"https:\/\/luggagehero.com\/es\/\",\"logo\":{\"@type\":\"ImageObject\",\"inLanguage\":\"es-ES\",\"@id\":\"https:\/\/luggagehero.com\/es\/#\/schema\/logo\/image\/\",\"url\":\"https:\/\/luggagehero.com\/wp-content\/uploads\/2017\/04\/luggagehero_LOGO-RGB_kort_POS_200x200.png\",\"contentUrl\":\"https:\/\/luggagehero.com\/wp-content\/uploads\/2017\/04\/luggagehero_LOGO-RGB_kort_POS_200x200.png\",\"width\":200,\"height\":200,\"caption\":\"LuggageHero\"},\"image\":{\"@id\":\"https:\/\/luggagehero.com\/es\/#\/schema\/logo\/image\/\"},\"sameAs\":[\"https:\/\/www.facebook.com\/luggagehero\",\"https:\/\/x.com\/luggagehero\",\"https:\/\/www.instagram.com\/luggagehero\",\"https:\/\/www.linkedin.com\/company\/luggagehero\/\"]}]}<\/script>\n<!-- \/ Yoast SEO Premium plugin. -->","yoast_head_json":{"title":"Consigna de equipaje en Penn Station 7 d\u00edas a la semana - A partir de 1 $\/hora","description":"Servicio de consigna de equipaje f\u00e1cil, pr\u00e1ctico y barato cerca de Penn Station. A partir de 1\u00a0$\/hora. Incluye un seguro de 3.000 $. Se coloca un precinto de seguridad en cada maleta. Reservar online.","robots":{"index":"index","follow":"follow","max-snippet":"max-snippet:-1","max-image-preview":"max-image-preview:large","max-video-preview":"max-video-preview:-1"},"canonical":"https:\/\/luggagehero.com\/es\/nueva-york\/penn-station\/","og_locale":"es_ES","og_type":"article","og_title":"Penn Station","og_description":"Servicio de consigna de equipaje f\u00e1cil, pr\u00e1ctico y barato cerca de Penn Station. A partir de 1\u00a0$\/hora. Incluye un seguro de 3.000 $. Se coloca un precinto de seguridad en cada maleta. Reservar online.","og_url":"https:\/\/luggagehero.com\/es\/nueva-york\/penn-station\/","og_site_name":"LuggageHero","article_publisher":"https:\/\/www.facebook.com\/luggagehero","article_modified_time":"2023-08-22T11:54:40+00:00","og_image":[{"url":"https:\/\/luggagehero.com\/wp-content\/uploads\/2018\/07\/Penn-Station-luggage-storage.jpg","type":"","width":"","height":""}],"twitter_card":"summary_large_image","twitter_site":"@luggagehero","twitter_misc":{"Est. reading time":"2 minutes"},"schema":{"@context":"https:\/\/schema.org","@graph":[{"@type":"WebPage","@id":"https:\/\/luggagehero.com\/es\/nueva-york\/penn-station\/","url":"https:\/\/luggagehero.com\/es\/nueva-york\/penn-station\/","name":"Consigna de equipaje en Penn Station 7 d\u00edas a la semana - A partir de 1 $\/hora","isPartOf":{"@id":"https:\/\/luggagehero.com\/es\/#website"},"primaryImageOfPage":{"@id":"https:\/\/luggagehero.com\/es\/nueva-york\/penn-station\/#primaryimage"},"image":{"@id":"https:\/\/luggagehero.com\/es\/nueva-york\/penn-station\/#primaryimage"},"thumbnailUrl":"https:\/\/luggagehero.com\/wp-content\/uploads\/2021\/07\/Skaermbillede-2021-07-02-kl.-14.24.58.png","datePublished":"2019-11-27T13:20:51+00:00","dateModified":"2023-08-22T11:54:40+00:00","description":"Servicio de consigna de equipaje f\u00e1cil, pr\u00e1ctico y barato cerca de Penn Station. A partir de 1\u00a0$\/hora. Incluye un seguro de 3.000 $. Se coloca un precinto de seguridad en cada maleta. Reservar online.","breadcrumb":{"@id":"https:\/\/luggagehero.com\/es\/nueva-york\/penn-station\/#breadcrumb"},"inLanguage":"es-ES","potentialAction":[{"@type":"ReadAction","target":["https:\/\/luggagehero.com\/es\/nueva-york\/penn-station\/"]}]},{"@type":"ImageObject","inLanguage":"es-ES","@id":"https:\/\/luggagehero.com\/es\/nueva-york\/penn-station\/#primaryimage","url":"https:\/\/luggagehero.com\/wp-content\/uploads\/2021\/07\/Skaermbillede-2021-07-02-kl.-14.24.58.png","contentUrl":"https:\/\/luggagehero.com\/wp-content\/uploads\/2021\/07\/Skaermbillede-2021-07-02-kl.-14.24.58.png","width":1170,"height":661,"caption":"Penn Station NYC"},{"@type":"BreadcrumbList","@id":"https:\/\/luggagehero.com\/es\/nueva-york\/penn-station\/#breadcrumb","itemListElement":[{"@type":"ListItem","position":1,"name":"Home","item":"https:\/\/luggagehero.com\/es\/"},{"@type":"ListItem","position":2,"name":"Nueva York","item":"https:\/\/luggagehero.com\/es\/nueva-york\/"},{"@type":"ListItem","position":3,"name":"Penn Station"}]},{"@type":"WebSite","@id":"https:\/\/luggagehero.com\/es\/#website","url":"https:\/\/luggagehero.com\/es\/","name":"LuggageHero","description":"Free yourself from luggage","publisher":{"@id":"https:\/\/luggagehero.com\/es\/#organization"},"potentialAction":[{"@type":"SearchAction","target":{"@type":"EntryPoint","urlTemplate":"https:\/\/luggagehero.com\/es\/?s={search_term_string}"},"query-input":{"@type":"PropertyValueSpecification","valueRequired":true,"valueName":"search_term_string"}}],"inLanguage":"es-ES"},{"@type":"Organization","@id":"https:\/\/luggagehero.com\/es\/#organization","name":"LuggageHero","url":"https:\/\/luggagehero.com\/es\/","logo":{"@type":"ImageObject","inLanguage":"es-ES","@id":"https:\/\/luggagehero.com\/es\/#\/schema\/logo\/image\/","url":"https:\/\/luggagehero.com\/wp-content\/uploads\/2017\/04\/luggagehero_LOGO-RGB_kort_POS_200x200.png","contentUrl":"https:\/\/luggagehero.com\/wp-content\/uploads\/2017\/04\/luggagehero_LOGO-RGB_kort_POS_200x200.png","width":200,"height":200,"caption":"LuggageHero"},"image":{"@id":"https:\/\/luggagehero.com\/es\/#\/schema\/logo\/image\/"},"sameAs":["https:\/\/www.facebook.com\/luggagehero","https:\/\/x.com\/luggagehero","https:\/\/www.instagram.com\/luggagehero","https:\/\/www.linkedin.com\/company\/luggagehero\/"]}]}},"place_id":"","place_latitude_longitude":"40.749958788117475,-73.99156879954266","place_name":"Penn Station","criteria_title":"","criteria_description":"","meta_title":"","meta_description":"","children_criteria_title":"","children_criteria_description":"","children_meta_title":"","children_meta_description":"","_edit_last":"46","use_global_content":"","poi_type":"PublicTransit","content_raw":"<p style=\"text-align: left;\">En los alrededores de Penn Station encontrar\u00e1s puntos con consigna de equipaje, ya que la estaci\u00f3n no ofrece este servicio. Debes tener en cuenta que Penn Station es famosa por ser una de las estaciones de tren m\u00e1s concurridas del mundo, por lo que se recomienda reservar espacio para las maletas con antelaci\u00f3n.<\/p>\r\n<p style=\"text-align: left;\">Penn Station est\u00e1 situada en Midtown West, entre las calles 30 y 34 y entre las avenidas 7a y 8a. La mejor manera de llegar a Penn Station es en metro o autob\u00fas.<\/p>\r\nPoder dejar el equipaje en establecimientos locales te permitir\u00e1 explorar Nueva York c\u00f3modamente sin tener que ir cargando las maletas. Podr\u00e1s dejar de planificar los d\u00edas de viaje en funci\u00f3n del equipaje que llevas y convertir los d\u00edas de viaje en d\u00edas de vacaciones.\r\n\r\nCon m\u00e1s de 140 LuggageHeroes en <a href=\"https:\/\/luggagehero.com\/newyork\/\">Nueva York<\/a>, tienes motivos m\u00e1s que suficientes para dejar el equipaje y dedicarte a vivir aventuras. Dejar las maletas toda una noche es muy f\u00e1cil.\r\n\r\nTodos nuestros establecimientos los <a href=\"https:\/\/luggagehero.com\/about\/certified-shops\/\">certifica LuggageHero<\/a> y todas las maletas se precintan con nuestro <a href=\"https:\/\/luggagehero.com\/about\/security-seal\/\">precinto de seguridad.<\/a> De este modo, se asegura cada bulto hasta un importe de [pricing insurancecoverage].\r\n\r\n&nbsp;\r\n\r\n<img class=\"aligncenter wp-image-3374 size-full\" src=\"https:\/\/luggagehero.com\/wp-content\/uploads\/2018\/07\/Penn-Station-luggage-storage.jpg\" alt=\"Consigna de equipaje Penn Station\" width=\"764\" height=\"352\" \/>\r\n<h2><\/h2>\r\n<h2 style=\"text-align: center;\">Penn Station<\/h2>\r\n<ul>\r\n \t<li>Abierto las 24 horas - 7 d\u00edas a la semana.<\/li>\r\n \t<li>No hay consigna de equipaje dentro de la estaci\u00f3n. Encuentra tu punto con consigna de equipaje muy cerca haciendo clic <a href=\"https:\/\/app.luggagehero.com\/home;location=Pennsylvania%20Station;lat=40,750568;lon=-73,99351899999999;bags=1;geolocate=false\">aqu\u00ed.<\/a><\/li>\r\n<\/ul>\r\nNew York Penn Station, tambi\u00e9n conocida como Penn Station, tiene un tren directo al aeropuerto de Newark y est\u00e1 situada justo al lado del Madison Square Garden, en la zona de Midtown de <a href=\"https:\/\/luggagehero.com\/newyork\/manhattan\/\">Manhattan,<\/a> lo que la convierte en una ubicaci\u00f3n excelente para dejar el equipaje cuando llegas o te vas de Nueva York.\r\n\r\nSin embargo, la estaci\u00f3n no ofrece ning\u00b4\u00fan servicio de consigna de equipaje. Por suerte, nos hemos asociado con diiversos negocios de los alrededores de Penn Station para ofrecer a los viajeros un servicio de consigna de equipaje pr\u00e1ctico y barato a partir de tan solo [pricing hourlyrate]. Reciben el nombre de LuggageHeroes y tu equipaje queda <a href=\"https:\/\/luggagehero.com\/about\/security-seal\/\">precintado<\/a> y <a href=\"https:\/\/luggagehero.com\/about\/insurance\/\">asegurado<\/a> a partir de [pricing insurancecoverage] cuando se deja en uno de ellos.\r\n\r\nD\u00e9janos ayudarte a sacar el m\u00e1ximo partido a tus d\u00edas en <a href=\"https:\/\/luggagehero.com\/newyork\/\">Nueva York<\/a>: nos ocuparemos de tu equipaje cerca de Penn Station mientras t\u00fa disfrutas de tus aventuras.\r\n\r\n&nbsp;","_links":{"self":[{"href":"https:\/\/luggagehero.com\/es\/wp-json\/wp\/v2\/pages\/12183","targetHints":{"allow":["GET"]}}],"collection":[{"href":"https:\/\/luggagehero.com\/es\/wp-json\/wp\/v2\/pages"}],"about":[{"href":"https:\/\/luggagehero.com\/es\/wp-json\/wp\/v2\/types\/page"}],"author":[{"embeddable":true,"href":"https:\/\/luggagehero.com\/es\/wp-json\/wp\/v2\/users\/9"}],"replies":[{"embeddable":true,"href":"https:\/\/luggagehero.com\/es\/wp-json\/wp\/v2\/comments?post=12183"}],"version-history":[{"count":0,"href":"https:\/\/luggagehero.com\/es\/wp-json\/wp\/v2\/pages\/12183\/revisions"}],"up":[{"embeddable":true,"href":"https:\/\/luggagehero.com\/es\/wp-json\/wp\/v2\/pages\/11396"}],"wp:featuredmedia":[{"embeddable":true,"href":"https:\/\/luggagehero.com\/es\/wp-json\/wp\/v2\/media\/37128"}],"wp:attachment":[{"href":"https:\/\/luggagehero.com\/es\/wp-json\/wp\/v2\/media?parent=12183"}],"curies":[{"name":"wp","href":"https:\/\/api.w.org\/{rel}","templated":true}]}}