{"id":12184,"date":"2019-11-27T13:20:52","date_gmt":"2019-11-27T13:20:52","guid":{"rendered":"https:\/\/luggagehero.com\/niza\/gare-de-nice-ville\/"},"modified":"2023-09-05T11:21:36","modified_gmt":"2023-09-05T11:21:36","slug":"gare-de-nice-ville","status":"publish","type":"page","link":"https:\/\/luggagehero.com\/es\/niza\/gare-de-nice-ville\/","title":{"rendered":"Gare de Nice Ville"},"content":{"rendered":"<p>\u00bfBuscas una consigna de equipaje cerca de la Gare de Nice? Puedes dejar las maletas en uno de nuestros puntos con consigna de equipaje que hay en la zona y visitar Niza c\u00f3modamente.<\/p>\n<p>Los establecimientos con consigna de equipaje de LuggageHero son <a href=\"https:\/\/luggagehero.com\/about\/certified-shops\/\">hoteles, cafeter\u00edas y tiendas certificados.<\/a> Si reservas con antelaci\u00f3n, te aseguras espacio para tus maletas. La direcci\u00f3n y las indicaciones para llegar a nuestras consignas de equipaje las podr\u00e1s consultar al hacer la reserva. Todas las maletas se precintan con nuestros <a href=\"https:\/\/luggagehero.com\/about\/security-seal\/\">precintos de seguridad<\/a> y aseguramos cada bulto de equipaje hasta un valor de <pricing-component type=\"insurancecoverage\"><\/pricing-component> una vez dejes las maletas y pongas en marcha el contador de la consigna en la p\u00e1gina de tu reserva. Con LuggageHero encontrar\u00e1s m\u00e1s de 20 establecimientos con consigna de equipaje alrededor de <a href=\"https:\/\/luggagehero.com\/nice\">Niza<\/a>.<\/p>\n<p>&nbsp;<\/p>\n<p><img loading=\"lazy\" decoding=\"async\" class=\"aligncenter size-large wp-image-7114\" src=\"https:\/\/luggagehero.com\/wp-content\/uploads\/2019\/05\/shutterstock_326073581-800x450.jpg\" alt=\"\" width=\"800\" height=\"450\" srcset=\"https:\/\/luggagehero.com\/wp-content\/uploads\/2019\/05\/shutterstock_326073581-800x450.jpg 800w, https:\/\/luggagehero.com\/wp-content\/uploads\/2019\/05\/shutterstock_326073581-300x169.jpg 300w, https:\/\/luggagehero.com\/wp-content\/uploads\/2019\/05\/shutterstock_326073581-600x338.jpg 600w, https:\/\/luggagehero.com\/wp-content\/uploads\/2019\/05\/shutterstock_326073581.jpg 1000w\" sizes=\"auto, (max-width: 800px) 100vw, 800px\" \/><\/p>\n<p>&nbsp;<\/p>\n<h2 style=\"text-align: center;\">Gare de Nice Ville<\/h2>\n<p>Nice-Ville es la estaci\u00f3n de tren principal de Niza. En un principio, la estaci\u00f3n se construy\u00f3 fuera del centro de la ciudad, pero a medida que la ciudad fue creciendo, la estaci\u00f3n ahora forma parte del centro. La estaci\u00f3n de Nice-Ville est\u00e1 situada en la Avenue Thiers y se encuentra a unos 20 minutos a pie de la playa y del famoso Promenade des Anglais, al final de la avenida Jean Medecin, que est\u00e1 al lado y se convierte en Quai des \u00c9tats-Unis. Puedes utilizar el autob\u00fas 99, que conecta la estaci\u00f3n de tren de Nice Ville con el aeropuerto de Niza C\u00f4te d\u2019Azur.<\/p>\n<p>&nbsp;<\/p>\n","protected":false},"excerpt":{"rendered":"<p>\u00bfBuscas una consigna de equipaje cerca de la Gare de Nice? Puedes dejar las maletas en uno de nuestros puntos con consigna de equipaje que hay en la zona y visitar Niza c\u00f3modamente. Los establecimientos con consigna de equipaje de LuggageHero son hoteles, cafeter\u00edas y tiendas certificados. Si reservas con antelaci\u00f3n, te aseguras espacio para [&hellip;]<\/p>\n","protected":false},"author":9,"featured_media":40500,"parent":11408,"menu_order":0,"comment_status":"closed","ping_status":"closed","template":"template-location.php","meta":{"_acf_changed":false,"footnotes":""},"class_list":["post-12184","page","type-page","status-publish","has-post-thumbnail","hentry"],"acf":[],"yoast_head":"<!-- This site is optimized with the Yoast SEO Premium plugin v27.0 (Yoast SEO v27.0) - https:\/\/yoast.com\/product\/yoast-seo-premium-wordpress\/ -->\n<title>Gare de Nice Ville - LuggageHero<\/title>\n<meta name=\"robots\" content=\"index, follow, max-snippet:-1, max-image-preview:large, max-video-preview:-1\" \/>\n<link rel=\"canonical\" href=\"https:\/\/luggagehero.com\/es\/niza\/gare-de-nice-ville\/\" \/>\n<meta property=\"og:locale\" content=\"es_ES\" \/>\n<meta property=\"og:type\" content=\"article\" \/>\n<meta property=\"og:title\" content=\"Gare de Nice Ville\" \/>\n<meta property=\"og:description\" content=\"\u00bfBuscas una consigna de equipaje cerca de la Gare de Nice? Puedes dejar las maletas en uno de nuestros puntos con consigna de equipaje que hay en la zona y visitar Niza c\u00f3modamente. Los establecimientos con consigna de equipaje de LuggageHero son hoteles, cafeter\u00edas y tiendas certificados. Si reservas con antelaci\u00f3n, te aseguras espacio para [&hellip;]\" \/>\n<meta property=\"og:url\" content=\"https:\/\/luggagehero.com\/es\/niza\/gare-de-nice-ville\/\" \/>\n<meta property=\"og:site_name\" content=\"LuggageHero\" \/>\n<meta property=\"article:publisher\" content=\"https:\/\/www.facebook.com\/luggagehero\" \/>\n<meta property=\"article:modified_time\" content=\"2023-09-05T11:21:36+00:00\" \/>\n<meta property=\"og:image\" content=\"https:\/\/luggagehero.com\/wp-content\/uploads\/2021\/11\/gare-de-n.jpg\" \/>\n\t<meta property=\"og:image:width\" content=\"550\" \/>\n\t<meta property=\"og:image:height\" content=\"413\" \/>\n\t<meta property=\"og:image:type\" content=\"image\/jpeg\" \/>\n<meta name=\"twitter:card\" content=\"summary_large_image\" \/>\n<meta name=\"twitter:site\" content=\"@luggagehero\" \/>\n<meta name=\"twitter:label1\" content=\"Est. reading time\" \/>\n\t<meta name=\"twitter:data1\" content=\"2 minutes\" \/>\n<script type=\"application\/ld+json\" class=\"yoast-schema-graph\">{\"@context\":\"https:\/\/schema.org\",\"@graph\":[{\"@type\":\"WebPage\",\"@id\":\"https:\/\/luggagehero.com\/es\/niza\/gare-de-nice-ville\/\",\"url\":\"https:\/\/luggagehero.com\/es\/niza\/gare-de-nice-ville\/\",\"name\":\"Gare de Nice Ville - LuggageHero\",\"isPartOf\":{\"@id\":\"https:\/\/luggagehero.com\/es\/#website\"},\"primaryImageOfPage\":{\"@id\":\"https:\/\/luggagehero.com\/es\/niza\/gare-de-nice-ville\/#primaryimage\"},\"image\":{\"@id\":\"https:\/\/luggagehero.com\/es\/niza\/gare-de-nice-ville\/#primaryimage\"},\"thumbnailUrl\":\"https:\/\/luggagehero.com\/wp-content\/uploads\/2021\/11\/gare-de-n.jpg\",\"datePublished\":\"2019-11-27T13:20:52+00:00\",\"dateModified\":\"2023-09-05T11:21:36+00:00\",\"breadcrumb\":{\"@id\":\"https:\/\/luggagehero.com\/es\/niza\/gare-de-nice-ville\/#breadcrumb\"},\"inLanguage\":\"es-ES\",\"potentialAction\":[{\"@type\":\"ReadAction\",\"target\":[\"https:\/\/luggagehero.com\/es\/niza\/gare-de-nice-ville\/\"]}]},{\"@type\":\"ImageObject\",\"inLanguage\":\"es-ES\",\"@id\":\"https:\/\/luggagehero.com\/es\/niza\/gare-de-nice-ville\/#primaryimage\",\"url\":\"https:\/\/luggagehero.com\/wp-content\/uploads\/2021\/11\/gare-de-n.jpg\",\"contentUrl\":\"https:\/\/luggagehero.com\/wp-content\/uploads\/2021\/11\/gare-de-n.jpg\",\"width\":550,\"height\":413},{\"@type\":\"BreadcrumbList\",\"@id\":\"https:\/\/luggagehero.com\/es\/niza\/gare-de-nice-ville\/#breadcrumb\",\"itemListElement\":[{\"@type\":\"ListItem\",\"position\":1,\"name\":\"Home\",\"item\":\"https:\/\/luggagehero.com\/es\/\"},{\"@type\":\"ListItem\",\"position\":2,\"name\":\"Niza\",\"item\":\"https:\/\/luggagehero.com\/es\/niza\/\"},{\"@type\":\"ListItem\",\"position\":3,\"name\":\"Gare de Nice Ville\"}]},{\"@type\":\"WebSite\",\"@id\":\"https:\/\/luggagehero.com\/es\/#website\",\"url\":\"https:\/\/luggagehero.com\/es\/\",\"name\":\"LuggageHero\",\"description\":\"Free yourself from luggage\",\"publisher\":{\"@id\":\"https:\/\/luggagehero.com\/es\/#organization\"},\"potentialAction\":[{\"@type\":\"SearchAction\",\"target\":{\"@type\":\"EntryPoint\",\"urlTemplate\":\"https:\/\/luggagehero.com\/es\/?s={search_term_string}\"},\"query-input\":{\"@type\":\"PropertyValueSpecification\",\"valueRequired\":true,\"valueName\":\"search_term_string\"}}],\"inLanguage\":\"es-ES\"},{\"@type\":\"Organization\",\"@id\":\"https:\/\/luggagehero.com\/es\/#organization\",\"name\":\"LuggageHero\",\"url\":\"https:\/\/luggagehero.com\/es\/\",\"logo\":{\"@type\":\"ImageObject\",\"inLanguage\":\"es-ES\",\"@id\":\"https:\/\/luggagehero.com\/es\/#\/schema\/logo\/image\/\",\"url\":\"https:\/\/luggagehero.com\/wp-content\/uploads\/2017\/04\/luggagehero_LOGO-RGB_kort_POS_200x200.png\",\"contentUrl\":\"https:\/\/luggagehero.com\/wp-content\/uploads\/2017\/04\/luggagehero_LOGO-RGB_kort_POS_200x200.png\",\"width\":200,\"height\":200,\"caption\":\"LuggageHero\"},\"image\":{\"@id\":\"https:\/\/luggagehero.com\/es\/#\/schema\/logo\/image\/\"},\"sameAs\":[\"https:\/\/www.facebook.com\/luggagehero\",\"https:\/\/x.com\/luggagehero\",\"https:\/\/www.instagram.com\/luggagehero\",\"https:\/\/www.linkedin.com\/company\/luggagehero\/\"]}]}<\/script>\n<!-- \/ Yoast SEO Premium plugin. -->","yoast_head_json":{"title":"Gare de Nice Ville - LuggageHero","robots":{"index":"index","follow":"follow","max-snippet":"max-snippet:-1","max-image-preview":"max-image-preview:large","max-video-preview":"max-video-preview:-1"},"canonical":"https:\/\/luggagehero.com\/es\/niza\/gare-de-nice-ville\/","og_locale":"es_ES","og_type":"article","og_title":"Gare de Nice Ville","og_description":"\u00bfBuscas una consigna de equipaje cerca de la Gare de Nice? Puedes dejar las maletas en uno de nuestros puntos con consigna de equipaje que hay en la zona y visitar Niza c\u00f3modamente. Los establecimientos con consigna de equipaje de LuggageHero son hoteles, cafeter\u00edas y tiendas certificados. Si reservas con antelaci\u00f3n, te aseguras espacio para [&hellip;]","og_url":"https:\/\/luggagehero.com\/es\/niza\/gare-de-nice-ville\/","og_site_name":"LuggageHero","article_publisher":"https:\/\/www.facebook.com\/luggagehero","article_modified_time":"2023-09-05T11:21:36+00:00","og_image":[{"width":550,"height":413,"url":"https:\/\/luggagehero.com\/wp-content\/uploads\/2021\/11\/gare-de-n.jpg","type":"image\/jpeg"}],"twitter_card":"summary_large_image","twitter_site":"@luggagehero","twitter_misc":{"Est. reading time":"2 minutes"},"schema":{"@context":"https:\/\/schema.org","@graph":[{"@type":"WebPage","@id":"https:\/\/luggagehero.com\/es\/niza\/gare-de-nice-ville\/","url":"https:\/\/luggagehero.com\/es\/niza\/gare-de-nice-ville\/","name":"Gare de Nice Ville - LuggageHero","isPartOf":{"@id":"https:\/\/luggagehero.com\/es\/#website"},"primaryImageOfPage":{"@id":"https:\/\/luggagehero.com\/es\/niza\/gare-de-nice-ville\/#primaryimage"},"image":{"@id":"https:\/\/luggagehero.com\/es\/niza\/gare-de-nice-ville\/#primaryimage"},"thumbnailUrl":"https:\/\/luggagehero.com\/wp-content\/uploads\/2021\/11\/gare-de-n.jpg","datePublished":"2019-11-27T13:20:52+00:00","dateModified":"2023-09-05T11:21:36+00:00","breadcrumb":{"@id":"https:\/\/luggagehero.com\/es\/niza\/gare-de-nice-ville\/#breadcrumb"},"inLanguage":"es-ES","potentialAction":[{"@type":"ReadAction","target":["https:\/\/luggagehero.com\/es\/niza\/gare-de-nice-ville\/"]}]},{"@type":"ImageObject","inLanguage":"es-ES","@id":"https:\/\/luggagehero.com\/es\/niza\/gare-de-nice-ville\/#primaryimage","url":"https:\/\/luggagehero.com\/wp-content\/uploads\/2021\/11\/gare-de-n.jpg","contentUrl":"https:\/\/luggagehero.com\/wp-content\/uploads\/2021\/11\/gare-de-n.jpg","width":550,"height":413},{"@type":"BreadcrumbList","@id":"https:\/\/luggagehero.com\/es\/niza\/gare-de-nice-ville\/#breadcrumb","itemListElement":[{"@type":"ListItem","position":1,"name":"Home","item":"https:\/\/luggagehero.com\/es\/"},{"@type":"ListItem","position":2,"name":"Niza","item":"https:\/\/luggagehero.com\/es\/niza\/"},{"@type":"ListItem","position":3,"name":"Gare de Nice Ville"}]},{"@type":"WebSite","@id":"https:\/\/luggagehero.com\/es\/#website","url":"https:\/\/luggagehero.com\/es\/","name":"LuggageHero","description":"Free yourself from luggage","publisher":{"@id":"https:\/\/luggagehero.com\/es\/#organization"},"potentialAction":[{"@type":"SearchAction","target":{"@type":"EntryPoint","urlTemplate":"https:\/\/luggagehero.com\/es\/?s={search_term_string}"},"query-input":{"@type":"PropertyValueSpecification","valueRequired":true,"valueName":"search_term_string"}}],"inLanguage":"es-ES"},{"@type":"Organization","@id":"https:\/\/luggagehero.com\/es\/#organization","name":"LuggageHero","url":"https:\/\/luggagehero.com\/es\/","logo":{"@type":"ImageObject","inLanguage":"es-ES","@id":"https:\/\/luggagehero.com\/es\/#\/schema\/logo\/image\/","url":"https:\/\/luggagehero.com\/wp-content\/uploads\/2017\/04\/luggagehero_LOGO-RGB_kort_POS_200x200.png","contentUrl":"https:\/\/luggagehero.com\/wp-content\/uploads\/2017\/04\/luggagehero_LOGO-RGB_kort_POS_200x200.png","width":200,"height":200,"caption":"LuggageHero"},"image":{"@id":"https:\/\/luggagehero.com\/es\/#\/schema\/logo\/image\/"},"sameAs":["https:\/\/www.facebook.com\/luggagehero","https:\/\/x.com\/luggagehero","https:\/\/www.instagram.com\/luggagehero","https:\/\/www.linkedin.com\/company\/luggagehero\/"]}]}},"place_id":"","place_latitude_longitude":"43.7019,7.2569","place_name":"Gare de Nice Ville","criteria_title":"","criteria_description":"","meta_title":"","meta_description":"","children_criteria_title":"","children_criteria_description":"","children_meta_title":"","children_meta_description":"","_edit_last":"46","use_global_content":"","poi_type":"PublicTransit","content_raw":"\u00bfBuscas una consigna de equipaje cerca de la Gare de Nice? Puedes dejar las maletas en uno de nuestros puntos con consigna de equipaje que hay en la zona y visitar Niza c\u00f3modamente.\r\n\r\nLos establecimientos con consigna de equipaje de LuggageHero son <a href=\"https:\/\/luggagehero.com\/about\/certified-shops\/\">hoteles, cafeter\u00edas y tiendas certificados.<\/a> Si reservas con antelaci\u00f3n, te aseguras espacio para tus maletas. La direcci\u00f3n y las indicaciones para llegar a nuestras consignas de equipaje las podr\u00e1s consultar al hacer la reserva. Todas las maletas se precintan con nuestros <a href=\"https:\/\/luggagehero.com\/about\/security-seal\/\">precintos de seguridad<\/a> y aseguramos cada bulto de equipaje hasta un valor de [pricing insurancecoverage] una vez dejes las maletas y pongas en marcha el contador de la consigna en la p\u00e1gina de tu reserva. Con LuggageHero encontrar\u00e1s m\u00e1s de 20 establecimientos con consigna de equipaje alrededor de <a href=\"https:\/\/luggagehero.com\/nice\">Niza<\/a>.\r\n\r\n&nbsp;\r\n\r\n<img class=\"aligncenter size-large wp-image-7114\" src=\"https:\/\/luggagehero.com\/wp-content\/uploads\/2019\/05\/shutterstock_326073581-800x450.jpg\" alt=\"\" width=\"800\" height=\"450\" \/>\r\n\r\n&nbsp;\r\n<h2 style=\"text-align: center;\">Gare de Nice Ville<\/h2>\r\nNice-Ville es la estaci\u00f3n de tren principal de Niza. En un principio, la estaci\u00f3n se construy\u00f3 fuera del centro de la ciudad, pero a medida que la ciudad fue creciendo, la estaci\u00f3n ahora forma parte del centro. La estaci\u00f3n de Nice-Ville est\u00e1 situada en la Avenue Thiers y se encuentra a unos 20 minutos a pie de la playa y del famoso Promenade des Anglais, al final de la avenida Jean Medecin, que est\u00e1 al lado y se convierte en Quai des \u00c9tats-Unis. Puedes utilizar el autob\u00fas 99, que conecta la estaci\u00f3n de tren de Nice Ville con el aeropuerto de Niza C\u00f4te d\u2019Azur.\r\n\r\n&nbsp;","_links":{"self":[{"href":"https:\/\/luggagehero.com\/es\/wp-json\/wp\/v2\/pages\/12184","targetHints":{"allow":["GET"]}}],"collection":[{"href":"https:\/\/luggagehero.com\/es\/wp-json\/wp\/v2\/pages"}],"about":[{"href":"https:\/\/luggagehero.com\/es\/wp-json\/wp\/v2\/types\/page"}],"author":[{"embeddable":true,"href":"https:\/\/luggagehero.com\/es\/wp-json\/wp\/v2\/users\/9"}],"replies":[{"embeddable":true,"href":"https:\/\/luggagehero.com\/es\/wp-json\/wp\/v2\/comments?post=12184"}],"version-history":[{"count":0,"href":"https:\/\/luggagehero.com\/es\/wp-json\/wp\/v2\/pages\/12184\/revisions"}],"up":[{"embeddable":true,"href":"https:\/\/luggagehero.com\/es\/wp-json\/wp\/v2\/pages\/11408"}],"wp:featuredmedia":[{"embeddable":true,"href":"https:\/\/luggagehero.com\/es\/wp-json\/wp\/v2\/media\/40500"}],"wp:attachment":[{"href":"https:\/\/luggagehero.com\/es\/wp-json\/wp\/v2\/media?parent=12184"}],"curies":[{"name":"wp","href":"https:\/\/api.w.org\/{rel}","templated":true}]}}