{"id":12185,"date":"2019-11-27T13:20:52","date_gmt":"2019-11-27T13:20:52","guid":{"rendered":"https:\/\/luggagehero.com\/paris\/louvre\/"},"modified":"2023-08-22T11:52:23","modified_gmt":"2023-08-22T11:52:23","slug":"louvre","status":"publish","type":"page","link":"https:\/\/luggagehero.com\/es\/paris\/louvre\/","title":{"rendered":"Louvre"},"content":{"rendered":"<p>\u00bfBuscas una consigna de equipaje antes de visitar el Louvre? Puedes dejar las maletas en uno de nuestros puntos con consigna de equipaje que hay al lado de Louvre y disfrutar de tu d\u00eda en el Louvre o en <a href=\"https:\/\/luggagehero.com\/paris\/\">Par\u00eds<\/a> c\u00f3modamente.<\/p>\n<p>Los establecimientos con consigna de equipaje de LuggageHero son hoteles, cafeter\u00edas y tiendas <a href=\"https:\/\/luggagehero.com\/about\/certified-shops\/\">certificados.<\/a> Si reservas con antelaci\u00f3n, te aseguras espacio para tus maletas. La direcci\u00f3n y las indicaciones para llegar a nuestras consignas de equipaje las podr\u00e1s consultar al hacer la reserva. Todas las maletas se precintan con nuestros <a href=\"https:\/\/luggagehero.com\/about\/security-seal\/\">precintos de seguridad<\/a> y aseguramos cada bulto de equipaje hasta un valor de <pricing-component type=\"insurancecoverage\"><\/pricing-component> una vez dejes las maletas y pongas en marcha el contador de la consigna en la p\u00e1gina de tu reserva.<\/p>\n<p>&nbsp;<\/p>\n<p><img loading=\"lazy\" decoding=\"async\" class=\"aligncenter size-large wp-image-7177\" src=\"https:\/\/luggagehero.com\/wp-content\/uploads\/2019\/05\/yeo-khee-612822-unsplash-800x450.jpg\" alt=\"\" width=\"800\" height=\"450\" srcset=\"https:\/\/luggagehero.com\/wp-content\/uploads\/2019\/05\/yeo-khee-612822-unsplash-800x450.jpg 800w, https:\/\/luggagehero.com\/wp-content\/uploads\/2019\/05\/yeo-khee-612822-unsplash-300x169.jpg 300w, https:\/\/luggagehero.com\/wp-content\/uploads\/2019\/05\/yeo-khee-612822-unsplash-600x338.jpg 600w\" sizes=\"auto, (max-width: 800px) 100vw, 800px\" \/><\/p>\n<p>&nbsp;<\/p>\n<h2 style=\"text-align: center;\">Museo del Louvre<\/h2>\n<p>El Louvre, o Museo del Louvre, es el museo de arte m\u00e1s grande del mundo y un monumento hist\u00f3rico de Par\u00eds. Est\u00e1 situado en la Rue de Rivoli, al lado de la estaci\u00f3n de metro de Louvre Rivoli. La colecci\u00f3n de pintura del Louvre es una de las mejores del mundo e incluye obras de todos los per\u00edodos del arte europeo hasta las revoluciones de 1848. Posee muchas obras maestras de los pintores del Renacimiento italiano, como la Mona Lisa de Leonardo da Vinci y obras de pintores flamencos y holandeses del Barroco.<\/p>\n<p>Muchos turistas consideran que la visita al Museo del Louvre es obligada. Sus 10,2 millones de visitantes al a\u00f1o, lo convierten en uno de los destinos tur\u00edsticos m\u00e1s visitados de Par\u00eds. Las horas de mayor afluencia de visitantes al Louvre son entre las 12:00 y las 17:00 y las entradas se pueden comprar al llegar. Si compras las entradas online para una hora determinada, te garantizar\u00e1 el acceso en 30 minutos.<\/p>\n<h3 style=\"text-align: center;\">Pol\u00edtica sobre maletas en el Louvre<\/h3>\n<p>Los visitantes con entrada o pase pueden utilizar el guardarropa del museo de forma gratuita. Por motivos de seguridad y comodidad, no se permite acceder a las galer\u00edas del museo con bolsas voluminosas. Por ello, se recomienda a los visitantes que no lleven bolsas o maletas grandes al Louvre. Los guardarropas situados debajo de la Pir\u00e1mide cierran los lunes y los martes<\/p>\n<p>Atenci\u00f3n: No se permiten objetos con unas medidas superiores a 55 x 30 x 20 cm dentro del museo.<\/p>\n<p>&nbsp;<\/p>\n<p>&nbsp;<\/p>\n","protected":false},"excerpt":{"rendered":"<p>\u00bfBuscas una consigna de equipaje antes de visitar el Louvre? Puedes dejar las maletas en uno de nuestros puntos con consigna de equipaje que hay al lado de Louvre y disfrutar de tu d\u00eda en el Louvre o en Par\u00eds c\u00f3modamente. Los establecimientos con consigna de equipaje de LuggageHero son hoteles, cafeter\u00edas y tiendas certificados. [&hellip;]<\/p>\n","protected":false},"author":9,"featured_media":42586,"parent":11359,"menu_order":0,"comment_status":"closed","ping_status":"closed","template":"template-location.php","meta":{"_acf_changed":false,"footnotes":""},"class_list":["post-12185","page","type-page","status-publish","has-post-thumbnail","hentry"],"acf":[],"yoast_head":"<!-- This site is optimized with the Yoast SEO Premium plugin v27.0 (Yoast SEO v27.0) - https:\/\/yoast.com\/product\/yoast-seo-premium-wordpress\/ -->\n<title>Louvre - LuggageHero<\/title>\n<meta name=\"robots\" content=\"index, follow, max-snippet:-1, max-image-preview:large, max-video-preview:-1\" \/>\n<link rel=\"canonical\" href=\"https:\/\/luggagehero.com\/es\/paris\/louvre\/\" \/>\n<meta property=\"og:locale\" content=\"es_ES\" \/>\n<meta property=\"og:type\" content=\"article\" \/>\n<meta property=\"og:title\" content=\"Louvre\" \/>\n<meta property=\"og:description\" content=\"\u00bfBuscas una consigna de equipaje antes de visitar el Louvre? Puedes dejar las maletas en uno de nuestros puntos con consigna de equipaje que hay al lado de Louvre y disfrutar de tu d\u00eda en el Louvre o en Par\u00eds c\u00f3modamente. Los establecimientos con consigna de equipaje de LuggageHero son hoteles, cafeter\u00edas y tiendas certificados. [&hellip;]\" \/>\n<meta property=\"og:url\" content=\"https:\/\/luggagehero.com\/es\/paris\/louvre\/\" \/>\n<meta property=\"og:site_name\" content=\"LuggageHero\" \/>\n<meta property=\"article:publisher\" content=\"https:\/\/www.facebook.com\/luggagehero\" \/>\n<meta property=\"article:modified_time\" content=\"2023-08-22T11:52:23+00:00\" \/>\n<meta property=\"og:image\" content=\"https:\/\/luggagehero.com\/wp-content\/uploads\/2022\/02\/BFCC0932-99FC-439B-8A3F-183388F23749.jpeg\" \/>\n\t<meta property=\"og:image:width\" content=\"1000\" \/>\n\t<meta property=\"og:image:height\" content=\"563\" \/>\n\t<meta property=\"og:image:type\" content=\"image\/jpeg\" \/>\n<meta name=\"twitter:card\" content=\"summary_large_image\" \/>\n<meta name=\"twitter:site\" content=\"@luggagehero\" \/>\n<meta name=\"twitter:label1\" content=\"Est. reading time\" \/>\n\t<meta name=\"twitter:data1\" content=\"2 minutes\" \/>\n<script type=\"application\/ld+json\" class=\"yoast-schema-graph\">{\"@context\":\"https:\/\/schema.org\",\"@graph\":[{\"@type\":\"WebPage\",\"@id\":\"https:\/\/luggagehero.com\/es\/paris\/louvre\/\",\"url\":\"https:\/\/luggagehero.com\/es\/paris\/louvre\/\",\"name\":\"Louvre - LuggageHero\",\"isPartOf\":{\"@id\":\"https:\/\/luggagehero.com\/es\/#website\"},\"primaryImageOfPage\":{\"@id\":\"https:\/\/luggagehero.com\/es\/paris\/louvre\/#primaryimage\"},\"image\":{\"@id\":\"https:\/\/luggagehero.com\/es\/paris\/louvre\/#primaryimage\"},\"thumbnailUrl\":\"https:\/\/luggagehero.com\/wp-content\/uploads\/2022\/02\/BFCC0932-99FC-439B-8A3F-183388F23749.jpeg\",\"datePublished\":\"2019-11-27T13:20:52+00:00\",\"dateModified\":\"2023-08-22T11:52:23+00:00\",\"breadcrumb\":{\"@id\":\"https:\/\/luggagehero.com\/es\/paris\/louvre\/#breadcrumb\"},\"inLanguage\":\"es-ES\",\"potentialAction\":[{\"@type\":\"ReadAction\",\"target\":[\"https:\/\/luggagehero.com\/es\/paris\/louvre\/\"]}]},{\"@type\":\"ImageObject\",\"inLanguage\":\"es-ES\",\"@id\":\"https:\/\/luggagehero.com\/es\/paris\/louvre\/#primaryimage\",\"url\":\"https:\/\/luggagehero.com\/wp-content\/uploads\/2022\/02\/BFCC0932-99FC-439B-8A3F-183388F23749.jpeg\",\"contentUrl\":\"https:\/\/luggagehero.com\/wp-content\/uploads\/2022\/02\/BFCC0932-99FC-439B-8A3F-183388F23749.jpeg\",\"width\":1000,\"height\":563},{\"@type\":\"BreadcrumbList\",\"@id\":\"https:\/\/luggagehero.com\/es\/paris\/louvre\/#breadcrumb\",\"itemListElement\":[{\"@type\":\"ListItem\",\"position\":1,\"name\":\"Home\",\"item\":\"https:\/\/luggagehero.com\/es\/\"},{\"@type\":\"ListItem\",\"position\":2,\"name\":\"Par\u00eds\",\"item\":\"https:\/\/luggagehero.com\/es\/paris\/\"},{\"@type\":\"ListItem\",\"position\":3,\"name\":\"Louvre\"}]},{\"@type\":\"WebSite\",\"@id\":\"https:\/\/luggagehero.com\/es\/#website\",\"url\":\"https:\/\/luggagehero.com\/es\/\",\"name\":\"LuggageHero\",\"description\":\"Free yourself from luggage\",\"publisher\":{\"@id\":\"https:\/\/luggagehero.com\/es\/#organization\"},\"potentialAction\":[{\"@type\":\"SearchAction\",\"target\":{\"@type\":\"EntryPoint\",\"urlTemplate\":\"https:\/\/luggagehero.com\/es\/?s={search_term_string}\"},\"query-input\":{\"@type\":\"PropertyValueSpecification\",\"valueRequired\":true,\"valueName\":\"search_term_string\"}}],\"inLanguage\":\"es-ES\"},{\"@type\":\"Organization\",\"@id\":\"https:\/\/luggagehero.com\/es\/#organization\",\"name\":\"LuggageHero\",\"url\":\"https:\/\/luggagehero.com\/es\/\",\"logo\":{\"@type\":\"ImageObject\",\"inLanguage\":\"es-ES\",\"@id\":\"https:\/\/luggagehero.com\/es\/#\/schema\/logo\/image\/\",\"url\":\"https:\/\/luggagehero.com\/wp-content\/uploads\/2017\/04\/luggagehero_LOGO-RGB_kort_POS_200x200.png\",\"contentUrl\":\"https:\/\/luggagehero.com\/wp-content\/uploads\/2017\/04\/luggagehero_LOGO-RGB_kort_POS_200x200.png\",\"width\":200,\"height\":200,\"caption\":\"LuggageHero\"},\"image\":{\"@id\":\"https:\/\/luggagehero.com\/es\/#\/schema\/logo\/image\/\"},\"sameAs\":[\"https:\/\/www.facebook.com\/luggagehero\",\"https:\/\/x.com\/luggagehero\",\"https:\/\/www.instagram.com\/luggagehero\",\"https:\/\/www.linkedin.com\/company\/luggagehero\/\"]}]}<\/script>\n<!-- \/ Yoast SEO Premium plugin. -->","yoast_head_json":{"title":"Louvre - LuggageHero","robots":{"index":"index","follow":"follow","max-snippet":"max-snippet:-1","max-image-preview":"max-image-preview:large","max-video-preview":"max-video-preview:-1"},"canonical":"https:\/\/luggagehero.com\/es\/paris\/louvre\/","og_locale":"es_ES","og_type":"article","og_title":"Louvre","og_description":"\u00bfBuscas una consigna de equipaje antes de visitar el Louvre? Puedes dejar las maletas en uno de nuestros puntos con consigna de equipaje que hay al lado de Louvre y disfrutar de tu d\u00eda en el Louvre o en Par\u00eds c\u00f3modamente. Los establecimientos con consigna de equipaje de LuggageHero son hoteles, cafeter\u00edas y tiendas certificados. [&hellip;]","og_url":"https:\/\/luggagehero.com\/es\/paris\/louvre\/","og_site_name":"LuggageHero","article_publisher":"https:\/\/www.facebook.com\/luggagehero","article_modified_time":"2023-08-22T11:52:23+00:00","og_image":[{"width":1000,"height":563,"url":"https:\/\/luggagehero.com\/wp-content\/uploads\/2022\/02\/BFCC0932-99FC-439B-8A3F-183388F23749.jpeg","type":"image\/jpeg"}],"twitter_card":"summary_large_image","twitter_site":"@luggagehero","twitter_misc":{"Est. reading time":"2 minutes"},"schema":{"@context":"https:\/\/schema.org","@graph":[{"@type":"WebPage","@id":"https:\/\/luggagehero.com\/es\/paris\/louvre\/","url":"https:\/\/luggagehero.com\/es\/paris\/louvre\/","name":"Louvre - LuggageHero","isPartOf":{"@id":"https:\/\/luggagehero.com\/es\/#website"},"primaryImageOfPage":{"@id":"https:\/\/luggagehero.com\/es\/paris\/louvre\/#primaryimage"},"image":{"@id":"https:\/\/luggagehero.com\/es\/paris\/louvre\/#primaryimage"},"thumbnailUrl":"https:\/\/luggagehero.com\/wp-content\/uploads\/2022\/02\/BFCC0932-99FC-439B-8A3F-183388F23749.jpeg","datePublished":"2019-11-27T13:20:52+00:00","dateModified":"2023-08-22T11:52:23+00:00","breadcrumb":{"@id":"https:\/\/luggagehero.com\/es\/paris\/louvre\/#breadcrumb"},"inLanguage":"es-ES","potentialAction":[{"@type":"ReadAction","target":["https:\/\/luggagehero.com\/es\/paris\/louvre\/"]}]},{"@type":"ImageObject","inLanguage":"es-ES","@id":"https:\/\/luggagehero.com\/es\/paris\/louvre\/#primaryimage","url":"https:\/\/luggagehero.com\/wp-content\/uploads\/2022\/02\/BFCC0932-99FC-439B-8A3F-183388F23749.jpeg","contentUrl":"https:\/\/luggagehero.com\/wp-content\/uploads\/2022\/02\/BFCC0932-99FC-439B-8A3F-183388F23749.jpeg","width":1000,"height":563},{"@type":"BreadcrumbList","@id":"https:\/\/luggagehero.com\/es\/paris\/louvre\/#breadcrumb","itemListElement":[{"@type":"ListItem","position":1,"name":"Home","item":"https:\/\/luggagehero.com\/es\/"},{"@type":"ListItem","position":2,"name":"Par\u00eds","item":"https:\/\/luggagehero.com\/es\/paris\/"},{"@type":"ListItem","position":3,"name":"Louvre"}]},{"@type":"WebSite","@id":"https:\/\/luggagehero.com\/es\/#website","url":"https:\/\/luggagehero.com\/es\/","name":"LuggageHero","description":"Free yourself from luggage","publisher":{"@id":"https:\/\/luggagehero.com\/es\/#organization"},"potentialAction":[{"@type":"SearchAction","target":{"@type":"EntryPoint","urlTemplate":"https:\/\/luggagehero.com\/es\/?s={search_term_string}"},"query-input":{"@type":"PropertyValueSpecification","valueRequired":true,"valueName":"search_term_string"}}],"inLanguage":"es-ES"},{"@type":"Organization","@id":"https:\/\/luggagehero.com\/es\/#organization","name":"LuggageHero","url":"https:\/\/luggagehero.com\/es\/","logo":{"@type":"ImageObject","inLanguage":"es-ES","@id":"https:\/\/luggagehero.com\/es\/#\/schema\/logo\/image\/","url":"https:\/\/luggagehero.com\/wp-content\/uploads\/2017\/04\/luggagehero_LOGO-RGB_kort_POS_200x200.png","contentUrl":"https:\/\/luggagehero.com\/wp-content\/uploads\/2017\/04\/luggagehero_LOGO-RGB_kort_POS_200x200.png","width":200,"height":200,"caption":"LuggageHero"},"image":{"@id":"https:\/\/luggagehero.com\/es\/#\/schema\/logo\/image\/"},"sameAs":["https:\/\/www.facebook.com\/luggagehero","https:\/\/x.com\/luggagehero","https:\/\/www.instagram.com\/luggagehero","https:\/\/www.linkedin.com\/company\/luggagehero\/"]}]}},"place_id":"","place_latitude_longitude":"48.860606, 2.337667","place_name":"Louvre","criteria_title":"","criteria_description":"","meta_title":"","meta_description":"","children_criteria_title":"","children_criteria_description":"","children_meta_title":"","children_meta_description":"","_edit_last":"46","use_global_content":"","poi_type":"","content_raw":"\u00bfBuscas una consigna de equipaje antes de visitar el Louvre? Puedes dejar las maletas en uno de nuestros puntos con consigna de equipaje que hay al lado de Louvre y disfrutar de tu d\u00eda en el Louvre o en <a href=\"https:\/\/luggagehero.com\/paris\/\">Par\u00eds<\/a> c\u00f3modamente.\r\n\r\nLos establecimientos con consigna de equipaje de LuggageHero son hoteles, cafeter\u00edas y tiendas <a href=\"https:\/\/luggagehero.com\/about\/certified-shops\/\">certificados.<\/a> Si reservas con antelaci\u00f3n, te aseguras espacio para tus maletas. La direcci\u00f3n y las indicaciones para llegar a nuestras consignas de equipaje las podr\u00e1s consultar al hacer la reserva. Todas las maletas se precintan con nuestros <a href=\"https:\/\/luggagehero.com\/about\/security-seal\/\">precintos de seguridad<\/a> y aseguramos cada bulto de equipaje hasta un valor de [pricing insurancecoverage] una vez dejes las maletas y pongas en marcha el contador de la consigna en la p\u00e1gina de tu reserva.\r\n\r\n&nbsp;\r\n\r\n<img class=\"aligncenter size-large wp-image-7177\" src=\"https:\/\/luggagehero.com\/wp-content\/uploads\/2019\/05\/yeo-khee-612822-unsplash-800x450.jpg\" alt=\"\" width=\"800\" height=\"450\" \/>\r\n\r\n&nbsp;\r\n<h2 style=\"text-align: center;\">Museo del Louvre<\/h2>\r\nEl Louvre, o Museo del Louvre, es el museo de arte m\u00e1s grande del mundo y un monumento hist\u00f3rico de Par\u00eds. Est\u00e1 situado en la Rue de Rivoli, al lado de la estaci\u00f3n de metro de Louvre Rivoli. La colecci\u00f3n de pintura del Louvre es una de las mejores del mundo e incluye obras de todos los per\u00edodos del arte europeo hasta las revoluciones de 1848. Posee muchas obras maestras de los pintores del Renacimiento italiano, como la Mona Lisa de Leonardo da Vinci y obras de pintores flamencos y holandeses del Barroco.\r\n\r\nMuchos turistas consideran que la visita al Museo del Louvre es obligada. Sus 10,2 millones de visitantes al a\u00f1o, lo convierten en uno de los destinos tur\u00edsticos m\u00e1s visitados de Par\u00eds. Las horas de mayor afluencia de visitantes al Louvre son entre las 12:00 y las 17:00 y las entradas se pueden comprar al llegar. Si compras las entradas online para una hora determinada, te garantizar\u00e1 el acceso en 30 minutos.\r\n<h3 style=\"text-align: center;\">Pol\u00edtica sobre maletas en el Louvre<\/h3>\r\nLos visitantes con entrada o pase pueden utilizar el guardarropa del museo de forma gratuita. Por motivos de seguridad y comodidad, no se permite acceder a las galer\u00edas del museo con bolsas voluminosas. Por ello, se recomienda a los visitantes que no lleven bolsas o maletas grandes al Louvre. Los guardarropas situados debajo de la Pir\u00e1mide cierran los lunes y los martes\r\n\r\nAtenci\u00f3n: No se permiten objetos con unas medidas superiores a 55 x 30 x 20 cm dentro del museo.\r\n\r\n&nbsp;\r\n\r\n&nbsp;","_links":{"self":[{"href":"https:\/\/luggagehero.com\/es\/wp-json\/wp\/v2\/pages\/12185","targetHints":{"allow":["GET"]}}],"collection":[{"href":"https:\/\/luggagehero.com\/es\/wp-json\/wp\/v2\/pages"}],"about":[{"href":"https:\/\/luggagehero.com\/es\/wp-json\/wp\/v2\/types\/page"}],"author":[{"embeddable":true,"href":"https:\/\/luggagehero.com\/es\/wp-json\/wp\/v2\/users\/9"}],"replies":[{"embeddable":true,"href":"https:\/\/luggagehero.com\/es\/wp-json\/wp\/v2\/comments?post=12185"}],"version-history":[{"count":0,"href":"https:\/\/luggagehero.com\/es\/wp-json\/wp\/v2\/pages\/12185\/revisions"}],"up":[{"embeddable":true,"href":"https:\/\/luggagehero.com\/es\/wp-json\/wp\/v2\/pages\/11359"}],"wp:featuredmedia":[{"embeddable":true,"href":"https:\/\/luggagehero.com\/es\/wp-json\/wp\/v2\/media\/42586"}],"wp:attachment":[{"href":"https:\/\/luggagehero.com\/es\/wp-json\/wp\/v2\/media?parent=12185"}],"curies":[{"name":"wp","href":"https:\/\/api.w.org\/{rel}","templated":true}]}}