{"id":12186,"date":"2019-11-27T13:20:52","date_gmt":"2019-11-27T13:20:52","guid":{"rendered":"https:\/\/luggagehero.com\/amsterdam\/estacion-centraal\/"},"modified":"2023-09-05T11:22:02","modified_gmt":"2023-09-05T11:22:02","slug":"estacion-centraal","status":"publish","type":"page","link":"https:\/\/luggagehero.com\/es\/amsterdam\/estacion-centraal\/","title":{"rendered":"Estaci\u00f3n Centraal"},"content":{"rendered":"<p><span style=\"font-weight: 400;\">\u00bfBuscas una consigna de equipaje cerca de la estaci\u00f3n de Amsterdam Centraal? Puedes dejar las maletas en uno de nuestros puntos con consigna de equipaje que hay en los alrededores y visitar <a href=\"https:\/\/luggagehero.com\/amsterdam\/\">Amsterdam<\/a> c\u00f3modamente.<br \/>\n<\/span><\/p>\n<p><span style=\"font-weight: 400;\">Los establecimientos con consigna de equipaje de LuggageHero son<\/span> <span style=\"font-weight: 400;\">hoteles, cafeter\u00edas y tiendas certificados.Si reservas con antelaci\u00f3n, te aseguras espacio para tus maletas.La direcci\u00f3n y las indicaciones para llegar hasta nuestros establecimientos asociados las podr\u00e1s consultar al hacer la reserva. Todas las maletas se precintan con nuestros <\/span><a href=\"https:\/\/luggagehero.com\/about\/security-seal\/\"><span style=\"font-weight: 400;\">precintos de seguridad<\/span><\/a><span style=\"font-weight: 400;\"> y aseguramos cada bulto de equipaje hasta un valor de <pricing-component type=\"insurancecoverage\"><\/pricing-component> una vez dejes las maletas y pongas en marcha el contador de la consigna en la p\u00e1gina de tu reserva.<\/span><\/p>\n<h2><img loading=\"lazy\" decoding=\"async\" class=\"aligncenter wp-image-11233 size-large\" src=\"https:\/\/luggagehero.com\/wp-content\/uploads\/2019\/11\/bruno-van-der-kraan-VXBzsO2KB8o-unsplash-1-800x1036.jpg\" alt=\"\" width=\"791\" height=\"1024\" srcset=\"https:\/\/luggagehero.com\/wp-content\/uploads\/2019\/11\/bruno-van-der-kraan-VXBzsO2KB8o-unsplash-1-800x1036.jpg 800w, https:\/\/luggagehero.com\/wp-content\/uploads\/2019\/11\/bruno-van-der-kraan-VXBzsO2KB8o-unsplash-1-300x389.jpg 300w, https:\/\/luggagehero.com\/wp-content\/uploads\/2019\/11\/bruno-van-der-kraan-VXBzsO2KB8o-unsplash-1-600x777.jpg 600w\" sizes=\"auto, (max-width: 791px) 100vw, 791px\" \/><\/h2>\n<h2 style=\"text-align: center;\">Estaci\u00f3n Centraal<\/h2>\n<p><span style=\"font-weight: 400;\">La estaci\u00f3n Centraal es la estaci\u00f3n de tren m\u00e1s grande de <a href=\"https:\/\/luggagehero.com\/amsterdam\/\" target=\"_blank\" rel=\"noopener noreferrer\">Amsterdam<\/a>. <\/span><span style=\"font-weight: 400;\">Ofrece servicios de trenes nacionales e internacionales y la utilizan 162.000 pasajeros a diario. <\/span><span style=\"font-weight: 400;\"><br \/>\n<\/span><span style=\"font-weight: 400;\"><br \/>\n<\/span><span style=\"font-weight: 400;\">Visualmente, la estaci\u00f3n parece una catedral medieval. <\/span><span style=\"font-weight: 400;\">La dise\u00f1\u00f3 Pierre Cuypers con un estilo g\u00f3tico y una fachada que recupera elementos renacentistas, mientras que la construcci\u00f3n corri\u00f3 a cargo del contratista Phillipp Holzmann. <\/span><span style=\"font-weight: 400;\"><br \/>\n<\/span><span style=\"font-weight: 400;\"><br \/>\n<\/span><span style=\"font-weight: 400;\">Desde 1997, se han llevado a cabo importantes obras para incluir la l\u00ednea Norte-Sur. <\/span><span style=\"font-weight: 400;\">A partir de 2017 se han realizado m\u00e1s reformas, como la ampliaci\u00f3n del ancho de los andenes y la sustituci\u00f3n de puentes antiguos. <\/span><span style=\"font-weight: 400;\"><br \/>\n<\/span><span style=\"font-weight: 400;\"><br \/>\n<\/span><span style=\"font-weight: 400;\">En la actualidad, la estaci\u00f3n Centraal est\u00e1 llena de tiendas, cafeter\u00edas y supermercados. <\/span><span style=\"font-weight: 400;\">Si te encuentras en la estaci\u00f3n con horas muertas entre trenes y quieres salir del edificio para hacer un poco de turismo, \u00bfpor qu\u00e9 no aprovechar la oportunidad? <\/span><span style=\"font-weight: 400;\">Esta oportunidad es incluso mejor cuando tienes la opci\u00f3n de dejar el equipaje en uno de nuestros puntos con consigna de equipaje que est\u00e1n situados en los alrededores de la estaci\u00f3n. <\/span><span style=\"font-weight: 400;\"><br \/>\n<\/span><span style=\"font-weight: 400;\"><br \/>\n<\/span><span style=\"font-weight: 400;\">Si nos dejas ocuparnos de tu equipaje, podr\u00e1s pasear por Amsterdam c\u00f3modamente y visitar diversas atracciones tur\u00edsticas como el <a href=\"https:\/\/luggagehero.com\/amsterdam\/Van-Gogh-Museum\/\" target=\"_blank\" rel=\"noopener noreferrer\">Museo Van Gogh, <\/a>el <a href=\"https:\/\/luggagehero.com\/amsterdam\/Rijksmuseum\/\" target=\"_blank\" rel=\"noopener noreferrer\">Rijksmuseum<\/a>, <a href=\"https:\/\/luggagehero.com\/amsterdam\/De-Wallen\/\" target=\"_blank\" rel=\"noopener noreferrer\">De Wallen<\/a> y la <a href=\"https:\/\/luggagehero.com\/amsterdam\/dam\/\" target=\"_blank\" rel=\"noopener noreferrer\">plaza Dam<\/a>. <\/span><span style=\"font-weight: 400;\"><br \/>\n<\/span><span style=\"font-weight: 400;\"><br \/>\n<\/span><span style=\"font-weight: 400;\">Viajar sin complicaciones te permite aprovechar mejor el tiempo y la energ\u00eda que gastas en las cosas que quieres ver y hacer. No dudes en utilizar nuestro servicio y perm\u00edtenos cuidar de tu equipaje para que puedas aprovechar al m\u00e1ximo tu experiencia en Amsterdam.\u00a0<\/span><\/p>\n","protected":false},"excerpt":{"rendered":"<p>\u00bfBuscas una consigna de equipaje cerca de la estaci\u00f3n de Amsterdam Centraal? Puedes dejar las maletas en uno de nuestros puntos con consigna de equipaje que hay en los alrededores y visitar Amsterdam c\u00f3modamente. Los establecimientos con consigna de equipaje de LuggageHero son hoteles, cafeter\u00edas y tiendas certificados.Si reservas con antelaci\u00f3n, te aseguras espacio para [&hellip;]<\/p>\n","protected":false},"author":9,"featured_media":39182,"parent":11410,"menu_order":0,"comment_status":"closed","ping_status":"closed","template":"template-location.php","meta":{"_acf_changed":false,"footnotes":""},"class_list":["post-12186","page","type-page","status-publish","has-post-thumbnail","hentry"],"acf":[],"yoast_head":"<!-- This site is optimized with the Yoast SEO Premium plugin v27.0 (Yoast SEO v27.0) - https:\/\/yoast.com\/product\/yoast-seo-premium-wordpress\/ -->\n<title>Estaci\u00f3n Centraal - LuggageHero<\/title>\n<meta name=\"robots\" content=\"index, follow, max-snippet:-1, max-image-preview:large, max-video-preview:-1\" \/>\n<link rel=\"canonical\" href=\"https:\/\/luggagehero.com\/es\/amsterdam\/estacion-centraal\/\" \/>\n<meta property=\"og:locale\" content=\"es_ES\" \/>\n<meta property=\"og:type\" content=\"article\" \/>\n<meta property=\"og:title\" content=\"Estaci\u00f3n Centraal\" \/>\n<meta property=\"og:description\" content=\"\u00bfBuscas una consigna de equipaje cerca de la estaci\u00f3n de Amsterdam Centraal? Puedes dejar las maletas en uno de nuestros puntos con consigna de equipaje que hay en los alrededores y visitar Amsterdam c\u00f3modamente. Los establecimientos con consigna de equipaje de LuggageHero son hoteles, cafeter\u00edas y tiendas certificados.Si reservas con antelaci\u00f3n, te aseguras espacio para [&hellip;]\" \/>\n<meta property=\"og:url\" content=\"https:\/\/luggagehero.com\/es\/amsterdam\/estacion-centraal\/\" \/>\n<meta property=\"og:site_name\" content=\"LuggageHero\" \/>\n<meta property=\"article:publisher\" content=\"https:\/\/www.facebook.com\/luggagehero\" \/>\n<meta property=\"article:modified_time\" content=\"2023-09-05T11:22:02+00:00\" \/>\n<meta property=\"og:image\" content=\"https:\/\/luggagehero.com\/wp-content\/uploads\/2021\/10\/central-station-amsterdam.jpg\" \/>\n\t<meta property=\"og:image:width\" content=\"1360\" \/>\n\t<meta property=\"og:image:height\" content=\"430\" \/>\n\t<meta property=\"og:image:type\" content=\"image\/jpeg\" \/>\n<meta name=\"twitter:card\" content=\"summary_large_image\" \/>\n<meta name=\"twitter:site\" content=\"@luggagehero\" \/>\n<meta name=\"twitter:label1\" content=\"Est. reading time\" \/>\n\t<meta name=\"twitter:data1\" content=\"2 minutes\" \/>\n<script type=\"application\/ld+json\" class=\"yoast-schema-graph\">{\"@context\":\"https:\/\/schema.org\",\"@graph\":[{\"@type\":\"WebPage\",\"@id\":\"https:\/\/luggagehero.com\/es\/amsterdam\/estacion-centraal\/\",\"url\":\"https:\/\/luggagehero.com\/es\/amsterdam\/estacion-centraal\/\",\"name\":\"Estaci\u00f3n Centraal - LuggageHero\",\"isPartOf\":{\"@id\":\"https:\/\/luggagehero.com\/es\/#website\"},\"primaryImageOfPage\":{\"@id\":\"https:\/\/luggagehero.com\/es\/amsterdam\/estacion-centraal\/#primaryimage\"},\"image\":{\"@id\":\"https:\/\/luggagehero.com\/es\/amsterdam\/estacion-centraal\/#primaryimage\"},\"thumbnailUrl\":\"https:\/\/luggagehero.com\/wp-content\/uploads\/2021\/10\/central-station-amsterdam.jpg\",\"datePublished\":\"2019-11-27T13:20:52+00:00\",\"dateModified\":\"2023-09-05T11:22:02+00:00\",\"breadcrumb\":{\"@id\":\"https:\/\/luggagehero.com\/es\/amsterdam\/estacion-centraal\/#breadcrumb\"},\"inLanguage\":\"es-ES\",\"potentialAction\":[{\"@type\":\"ReadAction\",\"target\":[\"https:\/\/luggagehero.com\/es\/amsterdam\/estacion-centraal\/\"]}]},{\"@type\":\"ImageObject\",\"inLanguage\":\"es-ES\",\"@id\":\"https:\/\/luggagehero.com\/es\/amsterdam\/estacion-centraal\/#primaryimage\",\"url\":\"https:\/\/luggagehero.com\/wp-content\/uploads\/2021\/10\/central-station-amsterdam.jpg\",\"contentUrl\":\"https:\/\/luggagehero.com\/wp-content\/uploads\/2021\/10\/central-station-amsterdam.jpg\",\"width\":1360,\"height\":430},{\"@type\":\"BreadcrumbList\",\"@id\":\"https:\/\/luggagehero.com\/es\/amsterdam\/estacion-centraal\/#breadcrumb\",\"itemListElement\":[{\"@type\":\"ListItem\",\"position\":1,\"name\":\"Home\",\"item\":\"https:\/\/luggagehero.com\/es\/\"},{\"@type\":\"ListItem\",\"position\":2,\"name\":\"\u00c1msterdam\",\"item\":\"https:\/\/luggagehero.com\/es\/amsterdam\/\"},{\"@type\":\"ListItem\",\"position\":3,\"name\":\"Estaci\u00f3n Centraal\"}]},{\"@type\":\"WebSite\",\"@id\":\"https:\/\/luggagehero.com\/es\/#website\",\"url\":\"https:\/\/luggagehero.com\/es\/\",\"name\":\"LuggageHero\",\"description\":\"Free yourself from luggage\",\"publisher\":{\"@id\":\"https:\/\/luggagehero.com\/es\/#organization\"},\"potentialAction\":[{\"@type\":\"SearchAction\",\"target\":{\"@type\":\"EntryPoint\",\"urlTemplate\":\"https:\/\/luggagehero.com\/es\/?s={search_term_string}\"},\"query-input\":{\"@type\":\"PropertyValueSpecification\",\"valueRequired\":true,\"valueName\":\"search_term_string\"}}],\"inLanguage\":\"es-ES\"},{\"@type\":\"Organization\",\"@id\":\"https:\/\/luggagehero.com\/es\/#organization\",\"name\":\"LuggageHero\",\"url\":\"https:\/\/luggagehero.com\/es\/\",\"logo\":{\"@type\":\"ImageObject\",\"inLanguage\":\"es-ES\",\"@id\":\"https:\/\/luggagehero.com\/es\/#\/schema\/logo\/image\/\",\"url\":\"https:\/\/luggagehero.com\/wp-content\/uploads\/2017\/04\/luggagehero_LOGO-RGB_kort_POS_200x200.png\",\"contentUrl\":\"https:\/\/luggagehero.com\/wp-content\/uploads\/2017\/04\/luggagehero_LOGO-RGB_kort_POS_200x200.png\",\"width\":200,\"height\":200,\"caption\":\"LuggageHero\"},\"image\":{\"@id\":\"https:\/\/luggagehero.com\/es\/#\/schema\/logo\/image\/\"},\"sameAs\":[\"https:\/\/www.facebook.com\/luggagehero\",\"https:\/\/x.com\/luggagehero\",\"https:\/\/www.instagram.com\/luggagehero\",\"https:\/\/www.linkedin.com\/company\/luggagehero\/\"]}]}<\/script>\n<!-- \/ Yoast SEO Premium plugin. -->","yoast_head_json":{"title":"Estaci\u00f3n Centraal - LuggageHero","robots":{"index":"index","follow":"follow","max-snippet":"max-snippet:-1","max-image-preview":"max-image-preview:large","max-video-preview":"max-video-preview:-1"},"canonical":"https:\/\/luggagehero.com\/es\/amsterdam\/estacion-centraal\/","og_locale":"es_ES","og_type":"article","og_title":"Estaci\u00f3n Centraal","og_description":"\u00bfBuscas una consigna de equipaje cerca de la estaci\u00f3n de Amsterdam Centraal? Puedes dejar las maletas en uno de nuestros puntos con consigna de equipaje que hay en los alrededores y visitar Amsterdam c\u00f3modamente. Los establecimientos con consigna de equipaje de LuggageHero son hoteles, cafeter\u00edas y tiendas certificados.Si reservas con antelaci\u00f3n, te aseguras espacio para [&hellip;]","og_url":"https:\/\/luggagehero.com\/es\/amsterdam\/estacion-centraal\/","og_site_name":"LuggageHero","article_publisher":"https:\/\/www.facebook.com\/luggagehero","article_modified_time":"2023-09-05T11:22:02+00:00","og_image":[{"width":1360,"height":430,"url":"https:\/\/luggagehero.com\/wp-content\/uploads\/2021\/10\/central-station-amsterdam.jpg","type":"image\/jpeg"}],"twitter_card":"summary_large_image","twitter_site":"@luggagehero","twitter_misc":{"Est. reading time":"2 minutes"},"schema":{"@context":"https:\/\/schema.org","@graph":[{"@type":"WebPage","@id":"https:\/\/luggagehero.com\/es\/amsterdam\/estacion-centraal\/","url":"https:\/\/luggagehero.com\/es\/amsterdam\/estacion-centraal\/","name":"Estaci\u00f3n Centraal - LuggageHero","isPartOf":{"@id":"https:\/\/luggagehero.com\/es\/#website"},"primaryImageOfPage":{"@id":"https:\/\/luggagehero.com\/es\/amsterdam\/estacion-centraal\/#primaryimage"},"image":{"@id":"https:\/\/luggagehero.com\/es\/amsterdam\/estacion-centraal\/#primaryimage"},"thumbnailUrl":"https:\/\/luggagehero.com\/wp-content\/uploads\/2021\/10\/central-station-amsterdam.jpg","datePublished":"2019-11-27T13:20:52+00:00","dateModified":"2023-09-05T11:22:02+00:00","breadcrumb":{"@id":"https:\/\/luggagehero.com\/es\/amsterdam\/estacion-centraal\/#breadcrumb"},"inLanguage":"es-ES","potentialAction":[{"@type":"ReadAction","target":["https:\/\/luggagehero.com\/es\/amsterdam\/estacion-centraal\/"]}]},{"@type":"ImageObject","inLanguage":"es-ES","@id":"https:\/\/luggagehero.com\/es\/amsterdam\/estacion-centraal\/#primaryimage","url":"https:\/\/luggagehero.com\/wp-content\/uploads\/2021\/10\/central-station-amsterdam.jpg","contentUrl":"https:\/\/luggagehero.com\/wp-content\/uploads\/2021\/10\/central-station-amsterdam.jpg","width":1360,"height":430},{"@type":"BreadcrumbList","@id":"https:\/\/luggagehero.com\/es\/amsterdam\/estacion-centraal\/#breadcrumb","itemListElement":[{"@type":"ListItem","position":1,"name":"Home","item":"https:\/\/luggagehero.com\/es\/"},{"@type":"ListItem","position":2,"name":"\u00c1msterdam","item":"https:\/\/luggagehero.com\/es\/amsterdam\/"},{"@type":"ListItem","position":3,"name":"Estaci\u00f3n Centraal"}]},{"@type":"WebSite","@id":"https:\/\/luggagehero.com\/es\/#website","url":"https:\/\/luggagehero.com\/es\/","name":"LuggageHero","description":"Free yourself from luggage","publisher":{"@id":"https:\/\/luggagehero.com\/es\/#organization"},"potentialAction":[{"@type":"SearchAction","target":{"@type":"EntryPoint","urlTemplate":"https:\/\/luggagehero.com\/es\/?s={search_term_string}"},"query-input":{"@type":"PropertyValueSpecification","valueRequired":true,"valueName":"search_term_string"}}],"inLanguage":"es-ES"},{"@type":"Organization","@id":"https:\/\/luggagehero.com\/es\/#organization","name":"LuggageHero","url":"https:\/\/luggagehero.com\/es\/","logo":{"@type":"ImageObject","inLanguage":"es-ES","@id":"https:\/\/luggagehero.com\/es\/#\/schema\/logo\/image\/","url":"https:\/\/luggagehero.com\/wp-content\/uploads\/2017\/04\/luggagehero_LOGO-RGB_kort_POS_200x200.png","contentUrl":"https:\/\/luggagehero.com\/wp-content\/uploads\/2017\/04\/luggagehero_LOGO-RGB_kort_POS_200x200.png","width":200,"height":200,"caption":"LuggageHero"},"image":{"@id":"https:\/\/luggagehero.com\/es\/#\/schema\/logo\/image\/"},"sameAs":["https:\/\/www.facebook.com\/luggagehero","https:\/\/x.com\/luggagehero","https:\/\/www.instagram.com\/luggagehero","https:\/\/www.linkedin.com\/company\/luggagehero\/"]}]}},"place_id":"","place_latitude_longitude":"52.3791,4.9003","place_name":"Estaci\u00f3n Centraal","criteria_title":"","criteria_description":"","meta_title":"","meta_description":"","children_criteria_title":"","children_criteria_description":"","children_meta_title":"","children_meta_description":"","_edit_last":"46","use_global_content":"","poi_type":"PublicTransit","content_raw":"<span style=\"font-weight: 400;\">\u00bfBuscas una consigna de equipaje cerca de la estaci\u00f3n de Amsterdam Centraal? Puedes dejar las maletas en uno de nuestros puntos con consigna de equipaje que hay en los alrededores y visitar <a href=\"https:\/\/luggagehero.com\/amsterdam\/\">Amsterdam<\/a> c\u00f3modamente.\r\n<\/span>\r\n\r\n<span style=\"font-weight: 400;\">Los establecimientos con consigna de equipaje de LuggageHero son<\/span> <span style=\"font-weight: 400;\">hoteles, cafeter\u00edas y tiendas certificados.Si reservas con antelaci\u00f3n, te aseguras espacio para tus maletas.La direcci\u00f3n y las indicaciones para llegar hasta nuestros establecimientos asociados las podr\u00e1s consultar al hacer la reserva. Todas las maletas se precintan con nuestros <\/span><a href=\"https:\/\/luggagehero.com\/about\/security-seal\/\"><span style=\"font-weight: 400;\">precintos de seguridad<\/span><\/a><span style=\"font-weight: 400;\"> y aseguramos cada bulto de equipaje hasta un valor de [pricing insurancecoverage] una vez dejes las maletas y pongas en marcha el contador de la consigna en la p\u00e1gina de tu reserva.<\/span>\r\n<h2><img class=\"aligncenter wp-image-11233 size-large\" src=\"https:\/\/luggagehero.com\/wp-content\/uploads\/2019\/11\/bruno-van-der-kraan-VXBzsO2KB8o-unsplash-1-800x1036.jpg\" alt=\"\" width=\"791\" height=\"1024\" \/><\/h2>\r\n<h2 style=\"text-align: center;\">Estaci\u00f3n Centraal<\/h2>\r\n<span style=\"font-weight: 400;\">La estaci\u00f3n Centraal es la estaci\u00f3n de tren m\u00e1s grande de <a href=\"https:\/\/luggagehero.com\/amsterdam\/\" target=\"_blank\" rel=\"noopener noreferrer\">Amsterdam<\/a>. <\/span><span style=\"font-weight: 400;\">Ofrece servicios de trenes nacionales e internacionales y la utilizan 162.000 pasajeros a diario. <\/span><span style=\"font-weight: 400;\">\r\n<\/span><span style=\"font-weight: 400;\">\r\n<\/span><span style=\"font-weight: 400;\">Visualmente, la estaci\u00f3n parece una catedral medieval. <\/span><span style=\"font-weight: 400;\">La dise\u00f1\u00f3 Pierre Cuypers con un estilo g\u00f3tico y una fachada que recupera elementos renacentistas, mientras que la construcci\u00f3n corri\u00f3 a cargo del contratista Phillipp Holzmann. <\/span><span style=\"font-weight: 400;\">\r\n<\/span><span style=\"font-weight: 400;\">\r\n<\/span><span style=\"font-weight: 400;\">Desde 1997, se han llevado a cabo importantes obras para incluir la l\u00ednea Norte-Sur. <\/span><span style=\"font-weight: 400;\">A partir de 2017 se han realizado m\u00e1s reformas, como la ampliaci\u00f3n del ancho de los andenes y la sustituci\u00f3n de puentes antiguos. <\/span><span style=\"font-weight: 400;\">\r\n<\/span><span style=\"font-weight: 400;\">\r\n<\/span><span style=\"font-weight: 400;\">En la actualidad, la estaci\u00f3n Centraal est\u00e1 llena de tiendas, cafeter\u00edas y supermercados. <\/span><span style=\"font-weight: 400;\">Si te encuentras en la estaci\u00f3n con horas muertas entre trenes y quieres salir del edificio para hacer un poco de turismo, \u00bfpor qu\u00e9 no aprovechar la oportunidad? <\/span><span style=\"font-weight: 400;\">Esta oportunidad es incluso mejor cuando tienes la opci\u00f3n de dejar el equipaje en uno de nuestros puntos con consigna de equipaje que est\u00e1n situados en los alrededores de la estaci\u00f3n. <\/span><span style=\"font-weight: 400;\">\r\n<\/span><span style=\"font-weight: 400;\">\r\n<\/span><span style=\"font-weight: 400;\">Si nos dejas ocuparnos de tu equipaje, podr\u00e1s pasear por Amsterdam c\u00f3modamente y visitar diversas atracciones tur\u00edsticas como el <a href=\"https:\/\/luggagehero.com\/amsterdam\/Van-Gogh-Museum\/\" target=\"_blank\" rel=\"noopener noreferrer\">Museo Van Gogh, <\/a>el <a href=\"https:\/\/luggagehero.com\/amsterdam\/Rijksmuseum\/\" target=\"_blank\" rel=\"noopener noreferrer\">Rijksmuseum<\/a>, <a href=\"https:\/\/luggagehero.com\/amsterdam\/De-Wallen\/\" target=\"_blank\" rel=\"noopener noreferrer\">De Wallen<\/a> y la <a href=\"https:\/\/luggagehero.com\/amsterdam\/dam\/\" target=\"_blank\" rel=\"noopener noreferrer\">plaza Dam<\/a>. <\/span><span style=\"font-weight: 400;\">\r\n<\/span><span style=\"font-weight: 400;\">\r\n<\/span><span style=\"font-weight: 400;\">Viajar sin complicaciones te permite aprovechar mejor el tiempo y la energ\u00eda que gastas en las cosas que quieres ver y hacer. No dudes en utilizar nuestro servicio y perm\u00edtenos cuidar de tu equipaje para que puedas aprovechar al m\u00e1ximo tu experiencia en Amsterdam.\u00a0<\/span>","_links":{"self":[{"href":"https:\/\/luggagehero.com\/es\/wp-json\/wp\/v2\/pages\/12186","targetHints":{"allow":["GET"]}}],"collection":[{"href":"https:\/\/luggagehero.com\/es\/wp-json\/wp\/v2\/pages"}],"about":[{"href":"https:\/\/luggagehero.com\/es\/wp-json\/wp\/v2\/types\/page"}],"author":[{"embeddable":true,"href":"https:\/\/luggagehero.com\/es\/wp-json\/wp\/v2\/users\/9"}],"replies":[{"embeddable":true,"href":"https:\/\/luggagehero.com\/es\/wp-json\/wp\/v2\/comments?post=12186"}],"version-history":[{"count":0,"href":"https:\/\/luggagehero.com\/es\/wp-json\/wp\/v2\/pages\/12186\/revisions"}],"up":[{"embeddable":true,"href":"https:\/\/luggagehero.com\/es\/wp-json\/wp\/v2\/pages\/11410"}],"wp:featuredmedia":[{"embeddable":true,"href":"https:\/\/luggagehero.com\/es\/wp-json\/wp\/v2\/media\/39182"}],"wp:attachment":[{"href":"https:\/\/luggagehero.com\/es\/wp-json\/wp\/v2\/media?parent=12186"}],"curies":[{"name":"wp","href":"https:\/\/api.w.org\/{rel}","templated":true}]}}