{"id":12187,"date":"2019-11-27T13:20:52","date_gmt":"2019-11-27T13:20:52","guid":{"rendered":"https:\/\/luggagehero.com\/florencia\/"},"modified":"2021-05-04T08:45:43","modified_gmt":"2021-05-04T08:45:43","slug":"florencia","status":"publish","type":"page","link":"https:\/\/luggagehero.com\/es\/florencia\/","title":{"rendered":"Florencia"},"content":{"rendered":"<p>No hace falta que sigas buscando taquillas para dejar el equipaje. La pr\u00f3xima vez que est\u00e9s en Florencia, recuerda que LuggageHero te pone las cosas f\u00e1ciles.<\/p>\n<p>Deja las maletas a trav\u00e9s de la red de m\u00e1s de 30 establecimientos locales de LuggageHero. Est\u00e1n situados cerca de los puntos de transporte m\u00e1s concurridos y en los barrios m\u00e1s visitados. Por ejemplo, la estaci\u00f3n de <a href=\"https:\/\/luggagehero.com\/florence\/santa-maria-novella-station\/\">Firenze Santa Maria Novella<\/a>, la estaci\u00f3n de <a href=\"https:\/\/luggagehero.com\/florence\/campo-de-marte-station\/\">Firenze Campo de Marte<\/a> y <a href=\"https:\/\/luggagehero.com\/florence\/san-marco\/\">San Marco,<\/a> o lo que vendr\u00eda a ser el centro de Florencia.<\/p>\n<p>Pongamos que llegas desde el aeropuerto de Florencia Peretola horas antes de que tu alojamiento est\u00e9 disponible y quieres echar un vistazo a alg\u00fan monumento sin tener que ir cargando las maletas. A lo mejor quieres visitar <a href=\"https:\/\/luggagehero.com\/florence\/cathedral-santa-maria-del-fiore\/\">la Catedral de Santa Maria dei Fiore<\/a>\u00a0o la <a href=\"https:\/\/luggagehero.com\/florence\/basilica-di-santo-spirito\/\">Bas\u00edlica de Santo Spirito<\/a>, o quiz\u00e1s simplemente quieres dar un paseo por el<a href=\"https:\/\/luggagehero.com\/florence\/mercato-centrale\/\">Mercato Centrale<\/a> y disfrutar de los productos elaborados en la regi\u00f3n. Sea cual sea tu elecci\u00f3n, estamos aqu\u00ed para quitarte un peso de encima.Solo tienes que ir a la plataforma de reservas de LuggageHero para encontrar un sitio pr\u00e1ctico en el que dejar el equipaje en una tienda u otros negocios, todos ellos comprobados previamente por nosotros.<\/p>\n<p><a href=\"https:\/\/luggagehero.com\/about\/certified-shops\/\"><\/a> A trav\u00e9s de nuestro mapa, puedes localizar los establecimientos que est\u00e1n m\u00e1s cerca de las estaciones que vas a utilizar para dejar all\u00ed las maletas.Se paga por horas, a diferencia de otros servicios.Ofrecemos un servicio r\u00e1pido, c\u00f3modo y econ\u00f3mico.LuggageHero cobra a los usuarios por cada hora utilizada <pricing-component type=\"hourlyrate\"><\/pricing-component>, a diferencia de la mayor\u00eda de servicios de consigna, que cobran por todo el d\u00eda.<\/p>\n<p>&nbsp;<\/p>\n<p><img loading=\"lazy\" decoding=\"async\" class=\"aligncenter wp-image-2267\" title=\"Deja el equipaje en Londres con un Hero\" src=\"https:\/\/luggagehero.com\/wp-content\/uploads\/2017\/06\/LuggageHero_figur_fod-paa-kufferter-1-720x907.png\" alt=\"Deja el equipaje en Londres con un Hero\" width=\"333\" height=\"420\" \/><\/p>\n<p>&nbsp;<\/p>\n<p>&nbsp;<\/p>\n<p><strong><\/strong><\/p>\n<p> Si quieres guardar el equipaje todo el d\u00eda o m\u00e1s tiempo, te ofrecemos una tarifa m\u00e1xima diaria baja de <pricing-component type=\"firstdaymax\"><\/pricing-component>.Nos ocupamos de ti. Tu seguridad y tu tranquilidad son nuestra prioridad.<\/p>\n<p>&nbsp;<\/p>\n<p><strong><\/strong><\/p>\n<p> Por ello, los empleados de LuggageHero comprueban y certifican todos nuestros establecimientos de Florencia. Tambi\u00e9n precintamos todas las bolsas y maletas para garantizar que nadie las abre. Asimismo, aseguramos todas las maletas y su contenido hasta <pricing-component type=\"insurancecoverage\"><\/pricing-component>. Si necesitas hablar con alguien de LuggageHero, estamos aqu\u00ed para ti las 24 horas a trav\u00e9s de nuestro sistema de chat online.<\/p>\n<p><strong>\u00bfListo para dejar las maletas?<\/strong><\/p>\n<p>\u00a1Encuentra el lugar perfecto y elige entre m\u00e1s de <strong>30 ubicaciones en toda Florencia!<\/strong><\/p>\n<h4><\/h4>\n<h4 style=\"text-align: left;\">Seguridad<\/h4>\n<p><a href=\"https:\/\/luggagehero.com\/about\/certified-shops\/\">Certificamos<\/a> cuidadosamente y formamos al personal de todas nuestras ubicaciones de LuggageHero en Florencia sobre c\u00f3mo manejar tus pertenencias de forma segura.<\/p>\n<p>Todos nuestros establecimientos de Florencia los ha comprobado un empleado de LuggageHero, que tambi\u00e9n realiza controles de calidad peri\u00f3dicos para garantizar que las pertenencias de los clientes se guardan de forma segura.<\/p>\n<p>Adem\u00e1s, proporcionamos <a href=\"https:\/\/luggagehero.com\/about\/security-seal\/\"><strong>precintos de seguridad<\/strong><\/a> para cada bulto del equipaje. Los precintos te los dar\u00e1n al llegar al establecimiento, lo que garantiza que nadie pueda acceder a tus maletas.<\/p>\n<p>Adem\u00e1s, cada bulto de equipaje y sus contenidos est\u00e1n asegurados hasta un valor de <pricing-component type=\"insurancecoverage\"><\/pricing-component>.<\/p>\n<p>Si necesitas ponerte en contacto con alguien, recuerda que el chat del servicio de asistencia al cliente est\u00e1 disponible las 24 horas.<\/p>\n<h4>Gu\u00eda de consignas de equipaje de Florencia<\/h4>\n<p>En LuggageHero hemos hecho una gu\u00eda y un mapa sobre d\u00f3nde guardar tu equipaje cuando visites la gran ciudad de Florencia. Pincha en el enlace siguiente para saber d\u00f3nde y c\u00f3mo guardar tu equipaje en Florencia: <a href=\"https:\/\/luggagehero.com\/find-luggage-storage-florence\/\">Gu\u00eda 2019: <\/a><a href=\"https:\/\/luggagehero.com\/find-luggage-storage-florence\/\">Encuentra una consigna de equipaje y taquillas en Florencia<\/a><\/p>\n<h4><\/h4>\n<h4 style=\"text-align: left;\">Reserva sin ning\u00fan riesgo<\/h4>\n<p>Nuestro objetivo es hacer que tus viajes sean tan c\u00f3modos y f\u00e1ciles como sea posible y, por ello, es muy importante para nosotros que <strong>NO SE TE COBRE NADA<\/strong> hasta que no hayas dejado el equipaje.<\/p>\n<p>Utiliza nuestro servicio de reserva online para elegir el punto con consigna de equipaje en Florencia que te resulte m\u00e1s c\u00f3modo en funci\u00f3n de tu ubicaci\u00f3n y tu horario. Puedes reservarlo al llegar al establecimiento o reservarlo online con antelaci\u00f3n para asegurarte la disponibilidad. Si reservas con antelaci\u00f3n te asegurar\u00e1s el espacio para tu equipaje.<\/p>\n<p>Pero todos sabemos que los planes a veces cambian, especialmente cuando est\u00e1s de viaje. As\u00ed que si no te presentas, no se cobra nada. Nada. Cero. Zip. Zilch. Nothing! Y no, ni siquiera hace falta que canceles.<\/p>\n","protected":false},"excerpt":{"rendered":"<p>No hace falta que sigas buscando taquillas para dejar el equipaje. La pr\u00f3xima vez que est\u00e9s en Florencia, recuerda que LuggageHero te pone las cosas f\u00e1ciles. Deja las maletas a trav\u00e9s de la red de m\u00e1s de 30 establecimientos locales de LuggageHero. Est\u00e1n situados cerca de los puntos de transporte m\u00e1s concurridos y en los [&hellip;]<\/p>\n","protected":false},"author":9,"featured_media":9757,"parent":0,"menu_order":0,"comment_status":"closed","ping_status":"closed","template":"template-location.php","meta":{"_acf_changed":false,"footnotes":""},"class_list":["post-12187","page","type-page","status-publish","has-post-thumbnail","hentry"],"acf":[],"yoast_head":"<!-- This site is optimized with the Yoast SEO Premium plugin v27.0 (Yoast SEO v27.0) - https:\/\/yoast.com\/product\/yoast-seo-premium-wordpress\/ -->\n<title>Florencia - LuggageHero<\/title>\n<meta name=\"description\" content=\"Encuentra consigna de equipaje en Florencia con LuggageHero. Guarde su equipaje por toda la ciudad con solo unos clics, f\u00e1cil y asequible.\" \/>\n<meta name=\"robots\" content=\"index, follow, max-snippet:-1, max-image-preview:large, max-video-preview:-1\" \/>\n<link rel=\"canonical\" href=\"https:\/\/luggagehero.com\/es\/florencia\/\" \/>\n<meta property=\"og:locale\" content=\"es_ES\" \/>\n<meta property=\"og:type\" content=\"article\" \/>\n<meta property=\"og:title\" content=\"Florencia\" \/>\n<meta property=\"og:description\" content=\"Encuentra consigna de equipaje en Florencia con LuggageHero. Guarde su equipaje por toda la ciudad con solo unos clics, f\u00e1cil y asequible.\" \/>\n<meta property=\"og:url\" content=\"https:\/\/luggagehero.com\/es\/florencia\/\" \/>\n<meta property=\"og:site_name\" content=\"LuggageHero\" \/>\n<meta property=\"article:publisher\" content=\"https:\/\/www.facebook.com\/luggagehero\" \/>\n<meta property=\"article:modified_time\" content=\"2021-05-04T08:45:43+00:00\" \/>\n<meta property=\"og:image\" content=\"https:\/\/luggagehero.com\/wp-content\/uploads\/2019\/09\/shutterstock_763412554-800x537.jpg\" \/>\n\t<meta property=\"og:image:width\" content=\"800\" \/>\n\t<meta property=\"og:image:height\" content=\"537\" \/>\n\t<meta property=\"og:image:type\" content=\"image\/jpeg\" \/>\n<meta name=\"twitter:card\" content=\"summary_large_image\" \/>\n<meta name=\"twitter:site\" content=\"@luggagehero\" \/>\n<meta name=\"twitter:label1\" content=\"Est. reading time\" \/>\n\t<meta name=\"twitter:data1\" content=\"4 minutes\" \/>\n<script type=\"application\/ld+json\" class=\"yoast-schema-graph\">{\"@context\":\"https:\/\/schema.org\",\"@graph\":[{\"@type\":\"WebPage\",\"@id\":\"https:\/\/luggagehero.com\/es\/florencia\/\",\"url\":\"https:\/\/luggagehero.com\/es\/florencia\/\",\"name\":\"Florencia - LuggageHero\",\"isPartOf\":{\"@id\":\"https:\/\/luggagehero.com\/es\/#website\"},\"primaryImageOfPage\":{\"@id\":\"https:\/\/luggagehero.com\/es\/florencia\/#primaryimage\"},\"image\":{\"@id\":\"https:\/\/luggagehero.com\/es\/florencia\/#primaryimage\"},\"thumbnailUrl\":\"https:\/\/luggagehero.com\/wp-content\/uploads\/2019\/09\/shutterstock_763412554.jpg\",\"datePublished\":\"2019-11-27T13:20:52+00:00\",\"dateModified\":\"2021-05-04T08:45:43+00:00\",\"description\":\"Encuentra consigna de equipaje en Florencia con LuggageHero. Guarde su equipaje por toda la ciudad con solo unos clics, f\u00e1cil y asequible.\",\"breadcrumb\":{\"@id\":\"https:\/\/luggagehero.com\/es\/florencia\/#breadcrumb\"},\"inLanguage\":\"es-ES\",\"potentialAction\":[{\"@type\":\"ReadAction\",\"target\":[\"https:\/\/luggagehero.com\/es\/florencia\/\"]}]},{\"@type\":\"ImageObject\",\"inLanguage\":\"es-ES\",\"@id\":\"https:\/\/luggagehero.com\/es\/florencia\/#primaryimage\",\"url\":\"https:\/\/luggagehero.com\/wp-content\/uploads\/2019\/09\/shutterstock_763412554.jpg\",\"contentUrl\":\"https:\/\/luggagehero.com\/wp-content\/uploads\/2019\/09\/shutterstock_763412554.jpg\",\"width\":5720,\"height\":3840,\"caption\":\"florence luggage storage\"},{\"@type\":\"BreadcrumbList\",\"@id\":\"https:\/\/luggagehero.com\/es\/florencia\/#breadcrumb\",\"itemListElement\":[{\"@type\":\"ListItem\",\"position\":1,\"name\":\"Home\",\"item\":\"https:\/\/luggagehero.com\/es\/\"},{\"@type\":\"ListItem\",\"position\":2,\"name\":\"Florencia\"}]},{\"@type\":\"WebSite\",\"@id\":\"https:\/\/luggagehero.com\/es\/#website\",\"url\":\"https:\/\/luggagehero.com\/es\/\",\"name\":\"LuggageHero\",\"description\":\"Free yourself from luggage\",\"publisher\":{\"@id\":\"https:\/\/luggagehero.com\/es\/#organization\"},\"potentialAction\":[{\"@type\":\"SearchAction\",\"target\":{\"@type\":\"EntryPoint\",\"urlTemplate\":\"https:\/\/luggagehero.com\/es\/?s={search_term_string}\"},\"query-input\":{\"@type\":\"PropertyValueSpecification\",\"valueRequired\":true,\"valueName\":\"search_term_string\"}}],\"inLanguage\":\"es-ES\"},{\"@type\":\"Organization\",\"@id\":\"https:\/\/luggagehero.com\/es\/#organization\",\"name\":\"LuggageHero\",\"url\":\"https:\/\/luggagehero.com\/es\/\",\"logo\":{\"@type\":\"ImageObject\",\"inLanguage\":\"es-ES\",\"@id\":\"https:\/\/luggagehero.com\/es\/#\/schema\/logo\/image\/\",\"url\":\"https:\/\/luggagehero.com\/wp-content\/uploads\/2017\/04\/luggagehero_LOGO-RGB_kort_POS_200x200.png\",\"contentUrl\":\"https:\/\/luggagehero.com\/wp-content\/uploads\/2017\/04\/luggagehero_LOGO-RGB_kort_POS_200x200.png\",\"width\":200,\"height\":200,\"caption\":\"LuggageHero\"},\"image\":{\"@id\":\"https:\/\/luggagehero.com\/es\/#\/schema\/logo\/image\/\"},\"sameAs\":[\"https:\/\/www.facebook.com\/luggagehero\",\"https:\/\/x.com\/luggagehero\",\"https:\/\/www.instagram.com\/luggagehero\",\"https:\/\/www.linkedin.com\/company\/luggagehero\/\"]}]}<\/script>\n<!-- \/ Yoast SEO Premium plugin. -->","yoast_head_json":{"title":"Florencia - LuggageHero","description":"Encuentra consigna de equipaje en Florencia con LuggageHero. Guarde su equipaje por toda la ciudad con solo unos clics, f\u00e1cil y asequible.","robots":{"index":"index","follow":"follow","max-snippet":"max-snippet:-1","max-image-preview":"max-image-preview:large","max-video-preview":"max-video-preview:-1"},"canonical":"https:\/\/luggagehero.com\/es\/florencia\/","og_locale":"es_ES","og_type":"article","og_title":"Florencia","og_description":"Encuentra consigna de equipaje en Florencia con LuggageHero. Guarde su equipaje por toda la ciudad con solo unos clics, f\u00e1cil y asequible.","og_url":"https:\/\/luggagehero.com\/es\/florencia\/","og_site_name":"LuggageHero","article_publisher":"https:\/\/www.facebook.com\/luggagehero","article_modified_time":"2021-05-04T08:45:43+00:00","og_image":[{"width":800,"height":537,"url":"https:\/\/luggagehero.com\/wp-content\/uploads\/2019\/09\/shutterstock_763412554-800x537.jpg","type":"image\/jpeg"}],"twitter_card":"summary_large_image","twitter_site":"@luggagehero","twitter_misc":{"Est. reading time":"4 minutes"},"schema":{"@context":"https:\/\/schema.org","@graph":[{"@type":"WebPage","@id":"https:\/\/luggagehero.com\/es\/florencia\/","url":"https:\/\/luggagehero.com\/es\/florencia\/","name":"Florencia - LuggageHero","isPartOf":{"@id":"https:\/\/luggagehero.com\/es\/#website"},"primaryImageOfPage":{"@id":"https:\/\/luggagehero.com\/es\/florencia\/#primaryimage"},"image":{"@id":"https:\/\/luggagehero.com\/es\/florencia\/#primaryimage"},"thumbnailUrl":"https:\/\/luggagehero.com\/wp-content\/uploads\/2019\/09\/shutterstock_763412554.jpg","datePublished":"2019-11-27T13:20:52+00:00","dateModified":"2021-05-04T08:45:43+00:00","description":"Encuentra consigna de equipaje en Florencia con LuggageHero. Guarde su equipaje por toda la ciudad con solo unos clics, f\u00e1cil y asequible.","breadcrumb":{"@id":"https:\/\/luggagehero.com\/es\/florencia\/#breadcrumb"},"inLanguage":"es-ES","potentialAction":[{"@type":"ReadAction","target":["https:\/\/luggagehero.com\/es\/florencia\/"]}]},{"@type":"ImageObject","inLanguage":"es-ES","@id":"https:\/\/luggagehero.com\/es\/florencia\/#primaryimage","url":"https:\/\/luggagehero.com\/wp-content\/uploads\/2019\/09\/shutterstock_763412554.jpg","contentUrl":"https:\/\/luggagehero.com\/wp-content\/uploads\/2019\/09\/shutterstock_763412554.jpg","width":5720,"height":3840,"caption":"florence luggage storage"},{"@type":"BreadcrumbList","@id":"https:\/\/luggagehero.com\/es\/florencia\/#breadcrumb","itemListElement":[{"@type":"ListItem","position":1,"name":"Home","item":"https:\/\/luggagehero.com\/es\/"},{"@type":"ListItem","position":2,"name":"Florencia"}]},{"@type":"WebSite","@id":"https:\/\/luggagehero.com\/es\/#website","url":"https:\/\/luggagehero.com\/es\/","name":"LuggageHero","description":"Free yourself from luggage","publisher":{"@id":"https:\/\/luggagehero.com\/es\/#organization"},"potentialAction":[{"@type":"SearchAction","target":{"@type":"EntryPoint","urlTemplate":"https:\/\/luggagehero.com\/es\/?s={search_term_string}"},"query-input":{"@type":"PropertyValueSpecification","valueRequired":true,"valueName":"search_term_string"}}],"inLanguage":"es-ES"},{"@type":"Organization","@id":"https:\/\/luggagehero.com\/es\/#organization","name":"LuggageHero","url":"https:\/\/luggagehero.com\/es\/","logo":{"@type":"ImageObject","inLanguage":"es-ES","@id":"https:\/\/luggagehero.com\/es\/#\/schema\/logo\/image\/","url":"https:\/\/luggagehero.com\/wp-content\/uploads\/2017\/04\/luggagehero_LOGO-RGB_kort_POS_200x200.png","contentUrl":"https:\/\/luggagehero.com\/wp-content\/uploads\/2017\/04\/luggagehero_LOGO-RGB_kort_POS_200x200.png","width":200,"height":200,"caption":"LuggageHero"},"image":{"@id":"https:\/\/luggagehero.com\/es\/#\/schema\/logo\/image\/"},"sameAs":["https:\/\/www.facebook.com\/luggagehero","https:\/\/x.com\/luggagehero","https:\/\/www.instagram.com\/luggagehero","https:\/\/www.linkedin.com\/company\/luggagehero\/"]}]}},"place_id":"","place_latitude_longitude":"43.7767,11.2479","place_name":"","criteria_title":"Consigna en m\u00e1s de 30 ubicaciones alrededor de [location]","criteria_description":"Deja las maletas en un establecimiento local certificado a partir de 1\u00a0\u20ac\/hora","meta_title":"Consigna de equipaje [location] - m\u00e1s de +30 ubicaciones - las 24 horas, los 7 d\u00edas de la semana - a partir de 1\u20ac\/hora","meta_description":"Utiliza la red de consignas de equipaje m\u00e1s grande de [location] hoy. M\u00e1s de 30 establecimientos disponibles en [location]. Abierto las 24 horas - 7 d\u00edas a la semana. Seguro de 2.500 \u20ac. Incluye precinto de seguridad.","children_criteria_title":"Consigna de equipaje [location]","children_criteria_description":"Deja las maletas en un establecimiento local certificado a partir de 1\u00a0\u20ac\/hora","children_meta_title":"Consigna de equipaje [location] - 7 d\u00edas a la semana - a partir de 1\u20ac\/hora","children_meta_description":"Servicio de consigna de equipaje pr\u00e1ctico y barato cerca de [location]. A partir de 1\u00a0\u20ac\/hora. Incluye un seguro de 2.500 \u20ac. Se coloca un precinto de seguridad en cada maleta. Reservar online.","_edit_last":"","use_global_content":"","poi_type":"","content_raw":"No hace falta que sigas buscando taquillas para dejar el equipaje. La pr\u00f3xima vez que est\u00e9s en Florencia, recuerda que LuggageHero te pone las cosas f\u00e1ciles.\r\n\r\nDeja las maletas a trav\u00e9s de la red de m\u00e1s de 30 establecimientos locales de LuggageHero. Est\u00e1n situados cerca de los puntos de transporte m\u00e1s concurridos y en los barrios m\u00e1s visitados. Por ejemplo, la estaci\u00f3n de <a href=\"https:\/\/luggagehero.com\/florence\/santa-maria-novella-station\/\">Firenze Santa Maria Novella<\/a>, la estaci\u00f3n de <a href=\"https:\/\/luggagehero.com\/florence\/campo-de-marte-station\/\">Firenze Campo de Marte<\/a> y <a href=\"https:\/\/luggagehero.com\/florence\/san-marco\/\">San Marco,<\/a> o lo que vendr\u00eda a ser el centro de Florencia.\r\n\r\nPongamos que llegas desde el aeropuerto de Florencia Peretola horas antes de que tu alojamiento est\u00e9 disponible y quieres echar un vistazo a alg\u00fan monumento sin tener que ir cargando las maletas. A lo mejor quieres visitar <a href=\"https:\/\/luggagehero.com\/florence\/cathedral-santa-maria-del-fiore\/\">la Catedral de Santa Maria dei Fiore<\/a>\u00a0o la <a href=\"https:\/\/luggagehero.com\/florence\/basilica-di-santo-spirito\/\">Bas\u00edlica de Santo Spirito<\/a>, o quiz\u00e1s simplemente quieres dar un paseo por el<a href=\"https:\/\/luggagehero.com\/florence\/mercato-centrale\/\">Mercato Centrale<\/a> y disfrutar de los productos elaborados en la regi\u00f3n. Sea cual sea tu elecci\u00f3n, estamos aqu\u00ed para quitarte un peso de encima.Solo tienes que ir a la plataforma de reservas de LuggageHero para encontrar un sitio pr\u00e1ctico en el que dejar el equipaje en una tienda u otros negocios, todos ellos comprobados previamente por nosotros.\r\n\r\n<a href=\"https:\/\/luggagehero.com\/about\/certified-shops\/\"><\/a> A trav\u00e9s de nuestro mapa, puedes localizar los establecimientos que est\u00e1n m\u00e1s cerca de las estaciones que vas a utilizar para dejar all\u00ed las maletas.Se paga por horas, a diferencia de otros servicios.Ofrecemos un servicio r\u00e1pido, c\u00f3modo y econ\u00f3mico.LuggageHero cobra a los usuarios por cada hora utilizada [pricing hourlyrate], a diferencia de la mayor\u00eda de servicios de consigna, que cobran por todo el d\u00eda.\r\n\r\n&nbsp;\r\n\r\n<img class=\"aligncenter wp-image-2267\" title=\"Deja el equipaje en Londres con un Hero\" src=\"https:\/\/luggagehero.com\/wp-content\/uploads\/2017\/06\/LuggageHero_figur_fod-paa-kufferter-1-720x907.png\" alt=\"Deja el equipaje en Londres con un Hero\" width=\"333\" height=\"420\" \/>\r\n\r\n&nbsp;\r\n\r\n&nbsp;\r\n\r\n<strong><\/strong>\r\n\r\n\r\n\r\n Si quieres guardar el equipaje todo el d\u00eda o m\u00e1s tiempo, te ofrecemos una tarifa m\u00e1xima diaria baja de [pricing firstdaymax].Nos ocupamos de ti. Tu seguridad y tu tranquilidad son nuestra prioridad.\r\n\r\n&nbsp;\r\n\r\n<strong><\/strong>\r\n\r\n Por ello, los empleados de LuggageHero comprueban y certifican todos nuestros establecimientos de Florencia. Tambi\u00e9n precintamos todas las bolsas y maletas para garantizar que nadie las abre. Asimismo, aseguramos todas las maletas y su contenido hasta [pricing insurancecoverage]. Si necesitas hablar con alguien de LuggageHero, estamos aqu\u00ed para ti las 24 horas a trav\u00e9s de nuestro sistema de chat online.\r\n\r\n<strong>\u00bfListo para dejar las maletas?<\/strong>\r\n\r\n\u00a1Encuentra el lugar perfecto y elige entre m\u00e1s de <strong>30 ubicaciones en toda Florencia!<\/strong>\r\n<h4><\/h4>\r\n<h4 style=\"text-align: left;\">Seguridad<\/h4>\r\n<a href=\"https:\/\/luggagehero.com\/about\/certified-shops\/\">Certificamos<\/a> cuidadosamente y formamos al personal de todas nuestras ubicaciones de LuggageHero en Florencia sobre c\u00f3mo manejar tus pertenencias de forma segura.\r\n\r\nTodos nuestros establecimientos de Florencia los ha comprobado un empleado de LuggageHero, que tambi\u00e9n realiza controles de calidad peri\u00f3dicos para garantizar que las pertenencias de los clientes se guardan de forma segura.\r\n\r\nAdem\u00e1s, proporcionamos <a href=\"https:\/\/luggagehero.com\/about\/security-seal\/\"><strong>precintos de seguridad<\/strong><\/a> para cada bulto del equipaje. Los precintos te los dar\u00e1n al llegar al establecimiento, lo que garantiza que nadie pueda acceder a tus maletas.\r\n\r\nAdem\u00e1s, cada bulto de equipaje y sus contenidos est\u00e1n asegurados hasta un valor de [pricing insurancecoverage].\r\n\r\nSi necesitas ponerte en contacto con alguien, recuerda que el chat del servicio de asistencia al cliente est\u00e1 disponible las 24 horas.\r\n\r\n<h4>Gu\u00eda de consignas de equipaje de Florencia<\/h4>\r\nEn LuggageHero hemos hecho una gu\u00eda y un mapa sobre d\u00f3nde guardar tu equipaje cuando visites la gran ciudad de Florencia. Pincha en el enlace siguiente para saber d\u00f3nde y c\u00f3mo guardar tu equipaje en Florencia: <a href=\"https:\/\/luggagehero.com\/find-luggage-storage-florence\/\">Gu\u00eda 2019: <\/a><a href=\"https:\/\/luggagehero.com\/find-luggage-storage-florence\/\">Encuentra una consigna de equipaje y taquillas en Florencia<\/a>\r\n\r\n<h4><\/h4>\r\n<h4 style=\"text-align: left;\">Reserva sin ning\u00fan riesgo<\/h4>\r\nNuestro objetivo es hacer que tus viajes sean tan c\u00f3modos y f\u00e1ciles como sea posible y, por ello, es muy importante para nosotros que <strong>NO SE TE COBRE NADA<\/strong> hasta que no hayas dejado el equipaje.\r\n\r\nUtiliza nuestro servicio de reserva online para elegir el punto con consigna de equipaje en Florencia que te resulte m\u00e1s c\u00f3modo en funci\u00f3n de tu ubicaci\u00f3n y tu horario. Puedes reservarlo al llegar al establecimiento o reservarlo online con antelaci\u00f3n para asegurarte la disponibilidad. Si reservas con antelaci\u00f3n te asegurar\u00e1s el espacio para tu equipaje.\r\n\r\nPero todos sabemos que los planes a veces cambian, especialmente cuando est\u00e1s de viaje. As\u00ed que si no te presentas, no se cobra nada. Nada. Cero. Zip. Zilch. Nothing! Y no, ni siquiera hace falta que canceles.","_links":{"self":[{"href":"https:\/\/luggagehero.com\/es\/wp-json\/wp\/v2\/pages\/12187","targetHints":{"allow":["GET"]}}],"collection":[{"href":"https:\/\/luggagehero.com\/es\/wp-json\/wp\/v2\/pages"}],"about":[{"href":"https:\/\/luggagehero.com\/es\/wp-json\/wp\/v2\/types\/page"}],"author":[{"embeddable":true,"href":"https:\/\/luggagehero.com\/es\/wp-json\/wp\/v2\/users\/9"}],"replies":[{"embeddable":true,"href":"https:\/\/luggagehero.com\/es\/wp-json\/wp\/v2\/comments?post=12187"}],"version-history":[{"count":0,"href":"https:\/\/luggagehero.com\/es\/wp-json\/wp\/v2\/pages\/12187\/revisions"}],"wp:featuredmedia":[{"embeddable":true,"href":"https:\/\/luggagehero.com\/es\/wp-json\/wp\/v2\/media\/9757"}],"wp:attachment":[{"href":"https:\/\/luggagehero.com\/es\/wp-json\/wp\/v2\/media?parent=12187"}],"curies":[{"name":"wp","href":"https:\/\/api.w.org\/{rel}","templated":true}]}}