{"id":12188,"date":"2019-11-27T13:20:53","date_gmt":"2019-11-27T13:20:53","guid":{"rendered":"https:\/\/luggagehero.com\/manchester\/"},"modified":"2023-09-05T11:23:05","modified_gmt":"2023-09-05T11:23:05","slug":"manchester","status":"publish","type":"page","link":"https:\/\/luggagehero.com\/es\/manchester\/","title":{"rendered":"Manchester"},"content":{"rendered":"<p>No hace falta que sigas buscando taquillas para dejar el equipaje. La pr\u00f3xima vez que visites Manchester, recuerda que LuggageHero te pone las cosas f\u00e1ciles para que dejes las maletas con total seguridad.<\/p>\n<p>Puedes dejar las maletas a trav\u00e9s de la red de m\u00e1s de 20 establecimientos locales de LuggageHero. Est\u00e1n situados cerca de las zonas de transporte m\u00e1s concurridas en 2019. Por ejemplo, <a href=\"https:\/\/luggagehero.com\/manchester\/manchester-piccadilly\/\">Manchester Piccadilly<\/a>,<a href=\"https:\/\/luggagehero.com\/manchester\/salford-central\/\">Salford Central<\/a> y <a href=\"https:\/\/luggagehero.com\/manchester\/manchester-victoria\/\">Manchester Victoria<\/a>.<\/p>\n<p>Pongamos que llegas desde el aeropuerto de Manchester horas antes de que tu alojamiento est\u00e9 disponible y quieres echar un vistazo a alg\u00fan monumento sin tener que ir cargando las maletas. A lo mejor quieres visitar el <a href=\"https:\/\/luggagehero.com\/manchester\/science-and-industry-museum\/\">Museo de la Ciencia y la Industria<\/a> o la <a href=\"https:\/\/luggagehero.com\/manchester\/manchester-art-gallery\/\">Galer\u00eda de Arte de Manchester<\/a> o incluso ver un partido en el <a href=\"https:\/\/luggagehero.com\/manchester\/etihad-stadium\/\">Etihad Stadium<\/a> o en <a href=\"https:\/\/luggagehero.com\/manchester\/old-trafford\/\">Old Trafford<\/a>. Sea cual sea tu elecci\u00f3n, estamos aqu\u00ed para quitarte un peso de encima.<\/p>\n<p>Solo tienes que ir a la <a href=\"https:\/\/app.luggagehero.com\/home;location=Manchester;lat=53,4807593;lon=-2,2426305000000184\">plataforma de reservas de LuggageHero<\/a> para encontrar un sitio pr\u00e1ctico en el que dejar el equipaje en una tienda u otros establecimientos, todos ellos comprobados <a href=\"https:\/\/luggagehero.com\/about\/certified-shops\/\">previamente por nosotros<\/a>. Gracias a nuestro mapa actualizado, podr\u00e1s localizar los establecimientos que est\u00e1n m\u00e1s cerca de las paradas de metro que vas a utilizar para que puedas guardar all\u00ed el equipaje.<\/p>\n<p><img loading=\"lazy\" decoding=\"async\" class=\"aligncenter wp-image-2267\" title=\"Deja el equipaje en Londres con un Hero\" src=\"https:\/\/luggagehero.com\/wp-content\/uploads\/2017\/06\/LuggageHero_figur_fod-paa-kufferter-1-720x907.png\" alt=\"Deja el equipaje en Londres con un Hero\" width=\"333\" height=\"420\" \/><\/p>\n<h4><strong>Se paga por horas, a diferencia de otros servicios.<\/strong><\/h4>\n<p>Ofrecemos un servicio r\u00e1pido, pr\u00b4\u00e1ctico y barato.<\/p>\n<p>Creemos que es importante ofrecer muchas soluciones de pago a nuestros clientes. Por ello, LuggageHero solo cobra 1 \u00a3 a los usuarios por cada hora utilizada, a diferencia de la mayor\u00eda de servicios de consigna de equipaje, en los que tienes que pagar por todo el d\u00eda. Sin embargo, si quieres dejar el equipaje todo el d\u00eda o m\u00e1s tiempo, te ofrecemos una tarifa diaria m\u00e1xima baja de 8 \u00a3. As\u00ed es como creemos que deber\u00eda ser el pago de una consigna de equipaje en el a\u00f1o 2019.<\/p>\n<h4><strong>Nos ocupamos de ti<\/strong><\/h4>\n<p>Tu seguridad y tu tranquilidad son nuestra prioridad. Por ello, los empleados de LuggageHero comprueban y certifican todos nuestros establecimientos de Manchester. Tambi\u00e9n precintamos todas las bolsas y maletas para garantizar que nadie las abre. Asimismo, aseguramos todas las maletas y su contenido hasta <pricing-component type=\"insurancecoverage\"><\/pricing-component>. Si necesitas hablar con alguien de LuggageHero, estamos aqu\u00ed para ti las 24 horas a trav\u00e9s de nuestro sistema de chat online.<\/p>\n<h4>Gu\u00eda de consignas de equipaje en Manchester 2019<\/h4>\n<p>Puedes leer nuestra <a href=\"https:\/\/luggagehero.com\/find-luggage-storage-manchester\/\">gu\u00eda sobre consignas de equipaje en Manchester 2019<\/a>.<\/p>\n<h3><strong>\u00bfLo tienes todo listo para dejar las maletas?<\/strong><\/h3>\n<p>Encuentra el lugar ideal para dejar el equipaje y elige entre m\u00e1s de <a href=\"https:\/\/app.luggagehero.com\/home;location=Manchester;lat=53,4807593;lon=-2,2426305000000184\"><strong>20 ubicaciones en Manchester.<\/strong><\/a><\/p>\n<p><img loading=\"lazy\" decoding=\"async\" class=\"aligncenter wp-image-2271\" title=\"Consigna de equipaje Londres\" src=\"https:\/\/luggagehero.com\/wp-content\/uploads\/2017\/06\/LuggageHero_figur_point-2_300x277.png\" alt=\"Consigna de equipaje Londres\" width=\"233\" height=\"215\" \/><\/p>\n<h4><\/h4>\n<h4 style=\"text-align: center;\">Seguridad<\/h4>\n<p><a href=\"https:\/\/luggagehero.com\/about\/certified-shops\/\">Certificamos<\/a> cuidadosamente y formamos al personal de todas nuestras ubicaciones de LuggageHero en Manchester sobre c\u00f3mo manejar tus pertenencias de forma segura.<\/p>\n<p>Todos nuestros establecimientos de Manchester los ha comprobado un empleado de LuggageHero, que tambi\u00e9n realiza controles de calidad peri\u00f3dicos para garantizar que las pertenencias de los clientes se guardan de forma segura.<\/p>\n<p>Adem\u00e1s, proporcionamos <a href=\"https:\/\/luggagehero.com\/about\/security-seal\/\"><strong>precintos de seguridad<\/strong><\/a> para cada bulto del equipaje. Los precintos te los dar\u00e1n al llegar al establecimiento, lo que garantiza que nadie pueda acceder a tus maletas.<\/p>\n<p>Adem\u00e1s, cada bulto de equipaje y sus contenidos est\u00e1n asegurados hasta un valor de <pricing-component type=\"insurancecoverage\"><\/pricing-component>.<\/p>\n<p>Si necesitas ponerte en contacto con alguien, recuerda que el chat del servicio de asistencia al cliente est\u00e1 disponible las 24 horas.<\/p>\n<h4><\/h4>\n<h4 style=\"text-align: center;\">Reserva sin ning\u00fan riesgo<\/h4>\n<p>Nuestro objetivo es hacer que tus viajes sean tan c\u00f3modos y f\u00e1ciles como sea posible y, por ello, es muy importante para nosotros que NO SE TE COBRE NADA hasta que no hayas dejado el equipaje.<\/p>\n<p>Utiliza nuestro servicio de reserva online para elegir el punto con consigna de equipaje en Manchester que te resulte m\u00e1s c\u00f3modo en funci\u00f3n de tu ubicaci\u00f3n y tu horario. Puedes reservarlo al llegar al establecimiento o reservarlo online con antelaci\u00f3n para asegurarte la disponibilidad. Si reservas con antelaci\u00f3n te asegurar\u00e1s el espacio para tu equipaje.<\/p>\n<p>Pero todos sabemos que los planes a veces cambian, especialmente cuando est\u00e1s de viaje. As\u00ed que si no te presentas, no se cobra nada. Nada. Cero. Zip. Zilch. Nothing! Y no, ni siquiera hace falta que canceles.<\/p>\n","protected":false},"excerpt":{"rendered":"<p>No hace falta que sigas buscando taquillas para dejar el equipaje. La pr\u00f3xima vez que visites Manchester, recuerda que LuggageHero te pone las cosas f\u00e1ciles para que dejes las maletas con total seguridad. Puedes dejar las maletas a trav\u00e9s de la red de m\u00e1s de 20 establecimientos locales de LuggageHero. Est\u00e1n situados cerca de las [&hellip;]<\/p>\n","protected":false},"author":9,"featured_media":19475,"parent":0,"menu_order":0,"comment_status":"closed","ping_status":"closed","template":"template-location.php","meta":{"_acf_changed":false,"footnotes":""},"class_list":["post-12188","page","type-page","status-publish","has-post-thumbnail","hentry"],"acf":[],"yoast_head":"<!-- This site is optimized with the Yoast SEO Premium plugin v27.0 (Yoast SEO v27.0) - https:\/\/yoast.com\/product\/yoast-seo-premium-wordpress\/ -->\n<title>Manchester - LuggageHero<\/title>\n<meta name=\"robots\" content=\"index, follow, max-snippet:-1, max-image-preview:large, max-video-preview:-1\" \/>\n<link rel=\"canonical\" href=\"https:\/\/luggagehero.com\/es\/manchester\/\" \/>\n<meta property=\"og:locale\" content=\"es_ES\" \/>\n<meta property=\"og:type\" content=\"article\" \/>\n<meta property=\"og:title\" content=\"Manchester\" \/>\n<meta property=\"og:description\" content=\"No hace falta que sigas buscando taquillas para dejar el equipaje. La pr\u00f3xima vez que visites Manchester, recuerda que LuggageHero te pone las cosas f\u00e1ciles para que dejes las maletas con total seguridad. Puedes dejar las maletas a trav\u00e9s de la red de m\u00e1s de 20 establecimientos locales de LuggageHero. Est\u00e1n situados cerca de las [&hellip;]\" \/>\n<meta property=\"og:url\" content=\"https:\/\/luggagehero.com\/es\/manchester\/\" \/>\n<meta property=\"og:site_name\" content=\"LuggageHero\" \/>\n<meta property=\"article:publisher\" content=\"https:\/\/www.facebook.com\/luggagehero\" \/>\n<meta property=\"article:modified_time\" content=\"2023-09-05T11:23:05+00:00\" \/>\n<meta property=\"og:image\" content=\"https:\/\/luggagehero.com\/wp-content\/uploads\/2020\/03\/shutterstock_709710901-1-800x534.jpg\" \/>\n\t<meta property=\"og:image:width\" content=\"800\" \/>\n\t<meta property=\"og:image:height\" content=\"534\" \/>\n\t<meta property=\"og:image:type\" content=\"image\/jpeg\" \/>\n<meta name=\"twitter:card\" content=\"summary_large_image\" \/>\n<meta name=\"twitter:site\" content=\"@luggagehero\" \/>\n<meta name=\"twitter:label1\" content=\"Est. reading time\" \/>\n\t<meta name=\"twitter:data1\" content=\"4 minutes\" \/>\n<script type=\"application\/ld+json\" class=\"yoast-schema-graph\">{\"@context\":\"https:\/\/schema.org\",\"@graph\":[{\"@type\":\"WebPage\",\"@id\":\"https:\/\/luggagehero.com\/es\/manchester\/\",\"url\":\"https:\/\/luggagehero.com\/es\/manchester\/\",\"name\":\"Manchester - LuggageHero\",\"isPartOf\":{\"@id\":\"https:\/\/luggagehero.com\/es\/#website\"},\"primaryImageOfPage\":{\"@id\":\"https:\/\/luggagehero.com\/es\/manchester\/#primaryimage\"},\"image\":{\"@id\":\"https:\/\/luggagehero.com\/es\/manchester\/#primaryimage\"},\"thumbnailUrl\":\"https:\/\/luggagehero.com\/wp-content\/uploads\/2020\/03\/shutterstock_709710901-1.jpg\",\"datePublished\":\"2019-11-27T13:20:53+00:00\",\"dateModified\":\"2023-09-05T11:23:05+00:00\",\"breadcrumb\":{\"@id\":\"https:\/\/luggagehero.com\/es\/manchester\/#breadcrumb\"},\"inLanguage\":\"es-ES\",\"potentialAction\":[{\"@type\":\"ReadAction\",\"target\":[\"https:\/\/luggagehero.com\/es\/manchester\/\"]}]},{\"@type\":\"ImageObject\",\"inLanguage\":\"es-ES\",\"@id\":\"https:\/\/luggagehero.com\/es\/manchester\/#primaryimage\",\"url\":\"https:\/\/luggagehero.com\/wp-content\/uploads\/2020\/03\/shutterstock_709710901-1.jpg\",\"contentUrl\":\"https:\/\/luggagehero.com\/wp-content\/uploads\/2020\/03\/shutterstock_709710901-1.jpg\",\"width\":2560,\"height\":1709},{\"@type\":\"BreadcrumbList\",\"@id\":\"https:\/\/luggagehero.com\/es\/manchester\/#breadcrumb\",\"itemListElement\":[{\"@type\":\"ListItem\",\"position\":1,\"name\":\"Home\",\"item\":\"https:\/\/luggagehero.com\/es\/\"},{\"@type\":\"ListItem\",\"position\":2,\"name\":\"Manchester\"}]},{\"@type\":\"WebSite\",\"@id\":\"https:\/\/luggagehero.com\/es\/#website\",\"url\":\"https:\/\/luggagehero.com\/es\/\",\"name\":\"LuggageHero\",\"description\":\"Free yourself from luggage\",\"publisher\":{\"@id\":\"https:\/\/luggagehero.com\/es\/#organization\"},\"potentialAction\":[{\"@type\":\"SearchAction\",\"target\":{\"@type\":\"EntryPoint\",\"urlTemplate\":\"https:\/\/luggagehero.com\/es\/?s={search_term_string}\"},\"query-input\":{\"@type\":\"PropertyValueSpecification\",\"valueRequired\":true,\"valueName\":\"search_term_string\"}}],\"inLanguage\":\"es-ES\"},{\"@type\":\"Organization\",\"@id\":\"https:\/\/luggagehero.com\/es\/#organization\",\"name\":\"LuggageHero\",\"url\":\"https:\/\/luggagehero.com\/es\/\",\"logo\":{\"@type\":\"ImageObject\",\"inLanguage\":\"es-ES\",\"@id\":\"https:\/\/luggagehero.com\/es\/#\/schema\/logo\/image\/\",\"url\":\"https:\/\/luggagehero.com\/wp-content\/uploads\/2017\/04\/luggagehero_LOGO-RGB_kort_POS_200x200.png\",\"contentUrl\":\"https:\/\/luggagehero.com\/wp-content\/uploads\/2017\/04\/luggagehero_LOGO-RGB_kort_POS_200x200.png\",\"width\":200,\"height\":200,\"caption\":\"LuggageHero\"},\"image\":{\"@id\":\"https:\/\/luggagehero.com\/es\/#\/schema\/logo\/image\/\"},\"sameAs\":[\"https:\/\/www.facebook.com\/luggagehero\",\"https:\/\/x.com\/luggagehero\",\"https:\/\/www.instagram.com\/luggagehero\",\"https:\/\/www.linkedin.com\/company\/luggagehero\/\"]}]}<\/script>\n<!-- \/ Yoast SEO Premium plugin. -->","yoast_head_json":{"title":"Manchester - LuggageHero","robots":{"index":"index","follow":"follow","max-snippet":"max-snippet:-1","max-image-preview":"max-image-preview:large","max-video-preview":"max-video-preview:-1"},"canonical":"https:\/\/luggagehero.com\/es\/manchester\/","og_locale":"es_ES","og_type":"article","og_title":"Manchester","og_description":"No hace falta que sigas buscando taquillas para dejar el equipaje. La pr\u00f3xima vez que visites Manchester, recuerda que LuggageHero te pone las cosas f\u00e1ciles para que dejes las maletas con total seguridad. Puedes dejar las maletas a trav\u00e9s de la red de m\u00e1s de 20 establecimientos locales de LuggageHero. Est\u00e1n situados cerca de las [&hellip;]","og_url":"https:\/\/luggagehero.com\/es\/manchester\/","og_site_name":"LuggageHero","article_publisher":"https:\/\/www.facebook.com\/luggagehero","article_modified_time":"2023-09-05T11:23:05+00:00","og_image":[{"width":800,"height":534,"url":"https:\/\/luggagehero.com\/wp-content\/uploads\/2020\/03\/shutterstock_709710901-1-800x534.jpg","type":"image\/jpeg"}],"twitter_card":"summary_large_image","twitter_site":"@luggagehero","twitter_misc":{"Est. reading time":"4 minutes"},"schema":{"@context":"https:\/\/schema.org","@graph":[{"@type":"WebPage","@id":"https:\/\/luggagehero.com\/es\/manchester\/","url":"https:\/\/luggagehero.com\/es\/manchester\/","name":"Manchester - LuggageHero","isPartOf":{"@id":"https:\/\/luggagehero.com\/es\/#website"},"primaryImageOfPage":{"@id":"https:\/\/luggagehero.com\/es\/manchester\/#primaryimage"},"image":{"@id":"https:\/\/luggagehero.com\/es\/manchester\/#primaryimage"},"thumbnailUrl":"https:\/\/luggagehero.com\/wp-content\/uploads\/2020\/03\/shutterstock_709710901-1.jpg","datePublished":"2019-11-27T13:20:53+00:00","dateModified":"2023-09-05T11:23:05+00:00","breadcrumb":{"@id":"https:\/\/luggagehero.com\/es\/manchester\/#breadcrumb"},"inLanguage":"es-ES","potentialAction":[{"@type":"ReadAction","target":["https:\/\/luggagehero.com\/es\/manchester\/"]}]},{"@type":"ImageObject","inLanguage":"es-ES","@id":"https:\/\/luggagehero.com\/es\/manchester\/#primaryimage","url":"https:\/\/luggagehero.com\/wp-content\/uploads\/2020\/03\/shutterstock_709710901-1.jpg","contentUrl":"https:\/\/luggagehero.com\/wp-content\/uploads\/2020\/03\/shutterstock_709710901-1.jpg","width":2560,"height":1709},{"@type":"BreadcrumbList","@id":"https:\/\/luggagehero.com\/es\/manchester\/#breadcrumb","itemListElement":[{"@type":"ListItem","position":1,"name":"Home","item":"https:\/\/luggagehero.com\/es\/"},{"@type":"ListItem","position":2,"name":"Manchester"}]},{"@type":"WebSite","@id":"https:\/\/luggagehero.com\/es\/#website","url":"https:\/\/luggagehero.com\/es\/","name":"LuggageHero","description":"Free yourself from luggage","publisher":{"@id":"https:\/\/luggagehero.com\/es\/#organization"},"potentialAction":[{"@type":"SearchAction","target":{"@type":"EntryPoint","urlTemplate":"https:\/\/luggagehero.com\/es\/?s={search_term_string}"},"query-input":{"@type":"PropertyValueSpecification","valueRequired":true,"valueName":"search_term_string"}}],"inLanguage":"es-ES"},{"@type":"Organization","@id":"https:\/\/luggagehero.com\/es\/#organization","name":"LuggageHero","url":"https:\/\/luggagehero.com\/es\/","logo":{"@type":"ImageObject","inLanguage":"es-ES","@id":"https:\/\/luggagehero.com\/es\/#\/schema\/logo\/image\/","url":"https:\/\/luggagehero.com\/wp-content\/uploads\/2017\/04\/luggagehero_LOGO-RGB_kort_POS_200x200.png","contentUrl":"https:\/\/luggagehero.com\/wp-content\/uploads\/2017\/04\/luggagehero_LOGO-RGB_kort_POS_200x200.png","width":200,"height":200,"caption":"LuggageHero"},"image":{"@id":"https:\/\/luggagehero.com\/es\/#\/schema\/logo\/image\/"},"sameAs":["https:\/\/www.facebook.com\/luggagehero","https:\/\/x.com\/luggagehero","https:\/\/www.instagram.com\/luggagehero","https:\/\/www.linkedin.com\/company\/luggagehero\/"]}]}},"place_id":"","place_latitude_longitude":"53.48083684880882, -2.2419049145399326","place_name":"Manchester","criteria_title":"Almacenamiento de equipaje en + de 20 establecimientos cerca de [location]","criteria_description":"Deja las maletas a partir de 1 \u00a3\/hora","meta_title":"Consigna de equipaje [location] - m\u00e1s de 20 ubicaciones - las 24 horas, los 7 d\u00edas de la semana - a partir de 1 \u00a3\/hora","meta_description":"Utiliza la red de consignas de equipaje m\u00e1s grande de [location] hoy. M\u00e1s de 20 establecimientos disponibles en [location]. Abierto las 24 horas - 7 d\u00edas a la semana. Seguro de 2.200 \u00a3. Incluye precinto de seguridad.","children_criteria_title":"Consigna de equipaje [location]","children_criteria_description":"Deja las maletas a partir de 1 \u00a3\/hora","children_meta_title":"Consigna de equipaje [location] - 7 d\u00edas a la semana - a partir de 1 \u00a3\/hora","children_meta_description":"Servicio de consigna de equipaje pr\u00b4\u00e1ctico y barato cerca de [location]. A partir de 1\u00a3\/hora. Incluye un seguro de 2200\u00a3. Se coloca un precinto de seguridad en cada maleta. Reservar online.","_edit_last":"46","use_global_content":"","poi_type":"","content_raw":"No hace falta que sigas buscando taquillas para dejar el equipaje. La pr\u00f3xima vez que visites Manchester, recuerda que LuggageHero te pone las cosas f\u00e1ciles para que dejes las maletas con total seguridad.\r\n\r\nPuedes dejar las maletas a trav\u00e9s de la red de m\u00e1s de 20 establecimientos locales de LuggageHero. Est\u00e1n situados cerca de las zonas de transporte m\u00e1s concurridas en 2019. Por ejemplo, <a href=\"https:\/\/luggagehero.com\/manchester\/manchester-piccadilly\/\">Manchester Piccadilly<\/a>,<a href=\"https:\/\/luggagehero.com\/manchester\/salford-central\/\">Salford Central<\/a> y <a href=\"https:\/\/luggagehero.com\/manchester\/manchester-victoria\/\">Manchester Victoria<\/a>.\r\n\r\nPongamos que llegas desde el aeropuerto de Manchester horas antes de que tu alojamiento est\u00e9 disponible y quieres echar un vistazo a alg\u00fan monumento sin tener que ir cargando las maletas. A lo mejor quieres visitar el <a href=\"https:\/\/luggagehero.com\/manchester\/science-and-industry-museum\/\">Museo de la Ciencia y la Industria<\/a> o la <a href=\"https:\/\/luggagehero.com\/manchester\/manchester-art-gallery\/\">Galer\u00eda de Arte de Manchester<\/a> o incluso ver un partido en el <a href=\"https:\/\/luggagehero.com\/manchester\/etihad-stadium\/\">Etihad Stadium<\/a> o en <a href=\"https:\/\/luggagehero.com\/manchester\/old-trafford\/\">Old Trafford<\/a>. Sea cual sea tu elecci\u00f3n, estamos aqu\u00ed para quitarte un peso de encima.\r\n\r\nSolo tienes que ir a la <a href=\"https:\/\/app.luggagehero.com\/home;location=Manchester;lat=53,4807593;lon=-2,2426305000000184\">plataforma de reservas de LuggageHero<\/a> para encontrar un sitio pr\u00e1ctico en el que dejar el equipaje en una tienda u otros establecimientos, todos ellos comprobados <a href=\"https:\/\/luggagehero.com\/about\/certified-shops\/\">previamente por nosotros<\/a>. Gracias a nuestro mapa actualizado, podr\u00e1s localizar los establecimientos que est\u00e1n m\u00e1s cerca de las paradas de metro que vas a utilizar para que puedas guardar all\u00ed el equipaje.\r\n\r\n<img class=\"aligncenter wp-image-2267\" title=\"Deja el equipaje en Londres con un Hero\" src=\"https:\/\/luggagehero.com\/wp-content\/uploads\/2017\/06\/LuggageHero_figur_fod-paa-kufferter-1-720x907.png\" alt=\"Deja el equipaje en Londres con un Hero\" width=\"333\" height=\"420\" \/>\r\n<h4><strong>Se paga por horas, a diferencia de otros servicios.<\/strong><\/h4>\r\nOfrecemos un servicio r\u00e1pido, pr\u00b4\u00e1ctico y barato.\r\n\r\nCreemos que es importante ofrecer muchas soluciones de pago a nuestros clientes. Por ello, LuggageHero solo cobra 1 \u00a3 a los usuarios por cada hora utilizada, a diferencia de la mayor\u00eda de servicios de consigna de equipaje, en los que tienes que pagar por todo el d\u00eda. Sin embargo, si quieres dejar el equipaje todo el d\u00eda o m\u00e1s tiempo, te ofrecemos una tarifa diaria m\u00e1xima baja de 8 \u00a3. As\u00ed es como creemos que deber\u00eda ser el pago de una consigna de equipaje en el a\u00f1o 2019.\r\n<h4><strong>Nos ocupamos de ti<\/strong><\/h4>\r\nTu seguridad y tu tranquilidad son nuestra prioridad. Por ello, los empleados de LuggageHero comprueban y certifican todos nuestros establecimientos de Manchester. Tambi\u00e9n precintamos todas las bolsas y maletas para garantizar que nadie las abre. Asimismo, aseguramos todas las maletas y su contenido hasta [pricing insurancecoverage]. Si necesitas hablar con alguien de LuggageHero, estamos aqu\u00ed para ti las 24 horas a trav\u00e9s de nuestro sistema de chat online.\r\n<h4>Gu\u00eda de consignas de equipaje en Manchester 2019<\/h4>\r\nPuedes leer nuestra <a href=\"https:\/\/luggagehero.com\/find-luggage-storage-manchester\/\">gu\u00eda sobre consignas de equipaje en Manchester 2019<\/a>.\r\n<h3><strong>\u00bfLo tienes todo listo para dejar las maletas?<\/strong><\/h3>\r\nEncuentra el lugar ideal para dejar el equipaje y elige entre m\u00e1s de <a href=\"https:\/\/app.luggagehero.com\/home;location=Manchester;lat=53,4807593;lon=-2,2426305000000184\"><strong>20 ubicaciones en Manchester.<\/strong><\/a>\r\n\r\n<img class=\"aligncenter wp-image-2271\" title=\"Consigna de equipaje Londres\" src=\"https:\/\/luggagehero.com\/wp-content\/uploads\/2017\/06\/LuggageHero_figur_point-2_300x277.png\" alt=\"Consigna de equipaje Londres\" width=\"233\" height=\"215\" \/>\r\n<h4><\/h4>\r\n<h4 style=\"text-align: center;\">Seguridad<\/h4>\r\n<a href=\"https:\/\/luggagehero.com\/about\/certified-shops\/\">Certificamos<\/a> cuidadosamente y formamos al personal de todas nuestras ubicaciones de LuggageHero en Manchester sobre c\u00f3mo manejar tus pertenencias de forma segura.\r\n\r\nTodos nuestros establecimientos de Manchester los ha comprobado un empleado de LuggageHero, que tambi\u00e9n realiza controles de calidad peri\u00f3dicos para garantizar que las pertenencias de los clientes se guardan de forma segura.\r\n\r\nAdem\u00e1s, proporcionamos <a href=\"https:\/\/luggagehero.com\/about\/security-seal\/\"><strong>precintos de seguridad<\/strong><\/a> para cada bulto del equipaje. Los precintos te los dar\u00e1n al llegar al establecimiento, lo que garantiza que nadie pueda acceder a tus maletas.\r\n\r\nAdem\u00e1s, cada bulto de equipaje y sus contenidos est\u00e1n asegurados hasta un valor de [pricing insurancecoverage].\r\n\r\nSi necesitas ponerte en contacto con alguien, recuerda que el chat del servicio de asistencia al cliente est\u00e1 disponible las 24 horas.\r\n<h4><\/h4>\r\n<h4 style=\"text-align: center;\">Reserva sin ning\u00fan riesgo<\/h4>\r\nNuestro objetivo es hacer que tus viajes sean tan c\u00f3modos y f\u00e1ciles como sea posible y, por ello, es muy importante para nosotros que NO SE TE COBRE NADA hasta que no hayas dejado el equipaje.\r\n\r\nUtiliza nuestro servicio de reserva online para elegir el punto con consigna de equipaje en Manchester que te resulte m\u00e1s c\u00f3modo en funci\u00f3n de tu ubicaci\u00f3n y tu horario. Puedes reservarlo al llegar al establecimiento o reservarlo online con antelaci\u00f3n para asegurarte la disponibilidad. Si reservas con antelaci\u00f3n te asegurar\u00e1s el espacio para tu equipaje.\r\n\r\nPero todos sabemos que los planes a veces cambian, especialmente cuando est\u00e1s de viaje. As\u00ed que si no te presentas, no se cobra nada. Nada. Cero. Zip. Zilch. Nothing! Y no, ni siquiera hace falta que canceles.","_links":{"self":[{"href":"https:\/\/luggagehero.com\/es\/wp-json\/wp\/v2\/pages\/12188","targetHints":{"allow":["GET"]}}],"collection":[{"href":"https:\/\/luggagehero.com\/es\/wp-json\/wp\/v2\/pages"}],"about":[{"href":"https:\/\/luggagehero.com\/es\/wp-json\/wp\/v2\/types\/page"}],"author":[{"embeddable":true,"href":"https:\/\/luggagehero.com\/es\/wp-json\/wp\/v2\/users\/9"}],"replies":[{"embeddable":true,"href":"https:\/\/luggagehero.com\/es\/wp-json\/wp\/v2\/comments?post=12188"}],"version-history":[{"count":0,"href":"https:\/\/luggagehero.com\/es\/wp-json\/wp\/v2\/pages\/12188\/revisions"}],"wp:featuredmedia":[{"embeddable":true,"href":"https:\/\/luggagehero.com\/es\/wp-json\/wp\/v2\/media\/19475"}],"wp:attachment":[{"href":"https:\/\/luggagehero.com\/es\/wp-json\/wp\/v2\/media?parent=12188"}],"curies":[{"name":"wp","href":"https:\/\/api.w.org\/{rel}","templated":true}]}}