{"id":34552,"date":"2023-09-05T11:42:30","date_gmt":"2023-09-05T11:42:30","guid":{"rendered":"https:\/\/luggagehero.com\/?page_id=34552"},"modified":"2023-09-05T11:42:30","modified_gmt":"2023-09-05T11:42:30","slug":"grand-central-terminal","status":"publish","type":"page","link":"https:\/\/luggagehero.com\/es\/nueva-york\/grand-central-terminal\/","title":{"rendered":"Grand Central Terminal"},"content":{"rendered":"<p style=\"text-align: left;\">\u00bfNecesitas dejar el equipaje cerca de Grand Central Terminal? Deja las cosas en uno de nuestros puntos con consigna de equipaje que hay en los alrededores.<\/p>\n<p style=\"text-align: left;\">Grand Central Terminal, tambi\u00e9n conocida como Grand Central Station o simplemente Grand Central, es una gran estaci\u00f3n de enlace y de trenes interurbanos situada en la calle 42 con Park Avenue en Midtown, <a href=\"https:\/\/luggagehero.com\/newyork\/manhattan\/\">Manhattan,<\/a> Nueva York. La estaci\u00f3n permite enlazar con el metro de Nueva York en Grand Central-42nd Street. Grand Central Terminal no ofrece servicio de consigna de equipaje.<\/p>\n<p>Poder dejar las maletas en establecimientos locales te permitir\u00e1 explorar <a href=\"https:\/\/luggagehero.com\/newyork\/\">Nueva York<\/a> c\u00f3modamente sin tener que ir cargando las maletas. Podr\u00e1s dejar de planificar los d\u00edas de viaje en funci\u00f3n del equipaje que llevas y convertir los d\u00edas de viaje en d\u00edas de vacaciones.<\/p>\n<p>Con m\u00b4\u00e1s de 140 LuggageHeroes en Nueva York, tienes motivos m\u00e1s que suficientes para dejar el equipaje y dedicarte a vivir aventuras. Dejar las maletas toda una noche es muy f\u00e1cil.<\/p>\n<p>Todos nuestros establecimientos los <a href=\"https:\/\/luggagehero.com\/about\/certified-shops\/\">certifica LuggageHero<\/a> y todas las maletas se precintan con nuestro <a href=\"https:\/\/luggagehero.com\/about\/security-seal\/\">precinto de seguridad,<\/a> se asegura cada bulto hasta un importe de <pricing-component type=\"insurancecoverage\"><\/pricing-component>.<\/p>\n<p>&nbsp;<\/p>\n<p><img loading=\"lazy\" decoding=\"async\" class=\" wp-image-1925 aligncenter\" src=\"https:\/\/luggagehero.com\/wp-content\/uploads\/2018\/02\/Luggage_storage_Grand_Central_terminal-720x480.jpg\" alt=\"Grand Central Terminal Nueva York\" width=\"449\" height=\"300\" \/><\/p>\n<h2><\/h2>\n<h2 style=\"text-align: center;\">Grand Central Terminal<\/h2>\n<p>Grand Central Terminal est\u00e1 situada en 89 E 42nd Street, Nueva York. Se trata de un lugar de inter\u00e9s de Midtown, <a href=\"https:\/\/luggagehero.com\/newyork\/manhattan\/\">Manhattan,<\/a> famoso en todo el mundo. Y no es solo un hub de transporte, tambi\u00e9n es un destino comercial, gastron\u00f3mico y cultural con 60 tiendas, 35 lugares para comer y un calendario repleto de eventos, todo ello bajo un mismo techo espectacular.<\/p>\n<p>Si est\u00e1s dispuesto a pasar el d\u00eda en Grand Central Terminal, no es el peor lugar para quedar atrapado con el equipaje.<\/p>\n<p>Sin embargo, teniendo en cuenta que hay m\u00e1s de 140 LuggageHeroes en <a href=\"https:\/\/luggagehero.com\/newyork\/\">Nueva York<\/a>, lo tienes f\u00e1cil para encontrar una ubicaci\u00f3n que se ajuste a tus planes de viaje. Nuestros colaboradores de confianza son establecimientos locales que quieren ayudar a los viajeros y ocuparse de su equipaje mientras salen en busca de aventuras. El equipaje se <a href=\"https:\/\/luggagehero.com\/about\/security-seal\/\">precinta<\/a> y <a href=\"https:\/\/luggagehero.com\/about\/insurance\/\">se asegura<\/a> hasta un importe de <pricing-component type=\"insurancecoverage\"><\/pricing-component>. No dudes en sacarle el m\u00e1ximo partido al d\u00eda.<\/p>\n<p>&nbsp;<\/p>\n<p><img loading=\"lazy\" decoding=\"async\" width=\"300\" height=\"263\" class=\"size-full wp-image-3214 aligncenter\" src=\"https:\/\/luggagehero.com\/wp-content\/uploads\/2018\/06\/LuggageHero-and-Lonely-Planet.png\" alt=\"\" \/><\/p>\n<h4 style=\"text-align: center;\">Por\u00a0<a href=\"https:\/\/www.lonelyplanet.com\/news\/2018\/05\/18\/drop-your-luggage-off-to-be-minded\/\" target=\"_blank\" rel=\"noopener noreferrer\">Lonely Planet<\/a>:<\/h4>\n<h3 class=\"rmq-3610c77e rmq-c03c1ac Heading\" data-radium=\"true\" data-reactid=\"43\">Ahora puedes dejar el equipaje para que te lo guarden en tiendas, bares y cafeter\u00edas en toda Nueva York &#8211; 140 ubicaciones<\/h3>\n<p style=\"text-align: center;\"><em>\u00ab<a href=\"https:\/\/luggagehero.com\/\">LuggageHero<\/a>\u00a0te permite dejar el equipaje en una tienda, cafeter\u00eda u hotel local, lo que a menudo es m\u00e1s pr\u00e1ctico que tener que ir a la consigna de una estaci\u00f3n de tren\u00bb.<\/em><\/p>\n<p>&nbsp;<\/p>\n","protected":false},"excerpt":{"rendered":"<p>\u00bfNecesitas dejar el equipaje cerca de Grand Central Terminal? Deja las cosas en uno de nuestros puntos con consigna de equipaje que hay en los alrededores. Grand Central Terminal, tambi\u00e9n conocida como Grand Central Station o simplemente Grand Central, es una gran estaci\u00f3n de enlace y de trenes interurbanos situada en la calle 42 con [&hellip;]<\/p>\n","protected":false},"author":22,"featured_media":0,"parent":11396,"menu_order":0,"comment_status":"closed","ping_status":"closed","template":"template-location.php","meta":{"_acf_changed":false,"footnotes":""},"class_list":["post-34552","page","type-page","status-publish","hentry"],"acf":[],"yoast_head":"<!-- This site is optimized with the Yoast SEO Premium plugin v27.0 (Yoast SEO v27.0) - https:\/\/yoast.com\/product\/yoast-seo-premium-wordpress\/ -->\n<title>Consigna de equipaje en Grand Central Terminal 7 d\u00edas a la semana - a partir de 1 $\/hora<\/title>\n<meta name=\"description\" content=\"Servicio de consigna de equipaje f\u00e1cil, pr\u00e1ctico y econ\u00f3mico cerca de Grand Central Terminal. A partir de 1\u00a0$\/hora. Incluye un seguro de 3.000 $. Se coloca un precinto de seguridad en cada maleta.\" \/>\n<meta name=\"robots\" content=\"index, follow, max-snippet:-1, max-image-preview:large, max-video-preview:-1\" \/>\n<link rel=\"canonical\" href=\"https:\/\/luggagehero.com\/es\/nueva-york\/grand-central-terminal\/\" \/>\n<meta property=\"og:locale\" content=\"es_ES\" \/>\n<meta property=\"og:type\" content=\"article\" \/>\n<meta property=\"og:title\" content=\"Grand Central Terminal\" \/>\n<meta property=\"og:description\" content=\"Servicio de consigna de equipaje f\u00e1cil, pr\u00e1ctico y econ\u00f3mico cerca de Grand Central Terminal. A partir de 1\u00a0$\/hora. Incluye un seguro de 3.000 $. Se coloca un precinto de seguridad en cada maleta.\" \/>\n<meta property=\"og:url\" content=\"https:\/\/luggagehero.com\/es\/nueva-york\/grand-central-terminal\/\" \/>\n<meta property=\"og:site_name\" content=\"LuggageHero\" \/>\n<meta property=\"article:publisher\" content=\"https:\/\/www.facebook.com\/luggagehero\" \/>\n<meta property=\"og:image\" content=\"https:\/\/luggagehero.com\/wp-content\/uploads\/2018\/02\/Luggage_storage_Grand_Central_terminal-720x480.jpg\" \/>\n<meta name=\"twitter:card\" content=\"summary_large_image\" \/>\n<meta name=\"twitter:site\" content=\"@luggagehero\" \/>\n<meta name=\"twitter:label1\" content=\"Est. reading time\" \/>\n\t<meta name=\"twitter:data1\" content=\"3 minutes\" \/>\n<script type=\"application\/ld+json\" class=\"yoast-schema-graph\">{\"@context\":\"https:\/\/schema.org\",\"@graph\":[{\"@type\":\"WebPage\",\"@id\":\"https:\/\/luggagehero.com\/es\/nueva-york\/grand-central-terminal\/\",\"url\":\"https:\/\/luggagehero.com\/es\/nueva-york\/grand-central-terminal\/\",\"name\":\"Consigna de equipaje en Grand Central Terminal 7 d\u00edas a la semana - a partir de 1 $\/hora\",\"isPartOf\":{\"@id\":\"https:\/\/luggagehero.com\/es\/#website\"},\"primaryImageOfPage\":{\"@id\":\"https:\/\/luggagehero.com\/es\/nueva-york\/grand-central-terminal\/#primaryimage\"},\"image\":{\"@id\":\"https:\/\/luggagehero.com\/es\/nueva-york\/grand-central-terminal\/#primaryimage\"},\"thumbnailUrl\":\"https:\/\/luggagehero.com\/wp-content\/uploads\/2018\/02\/Luggage_storage_Grand_Central_terminal-720x480.jpg\",\"datePublished\":\"2023-09-05T11:42:30+00:00\",\"description\":\"Servicio de consigna de equipaje f\u00e1cil, pr\u00e1ctico y econ\u00f3mico cerca de Grand Central Terminal. A partir de 1\u00a0$\/hora. Incluye un seguro de 3.000 $. Se coloca un precinto de seguridad en cada maleta.\",\"breadcrumb\":{\"@id\":\"https:\/\/luggagehero.com\/es\/nueva-york\/grand-central-terminal\/#breadcrumb\"},\"inLanguage\":\"es-ES\",\"potentialAction\":[{\"@type\":\"ReadAction\",\"target\":[\"https:\/\/luggagehero.com\/es\/nueva-york\/grand-central-terminal\/\"]}]},{\"@type\":\"ImageObject\",\"inLanguage\":\"es-ES\",\"@id\":\"https:\/\/luggagehero.com\/es\/nueva-york\/grand-central-terminal\/#primaryimage\",\"url\":\"https:\/\/luggagehero.com\/wp-content\/uploads\/2018\/02\/Luggage_storage_Grand_Central_terminal-720x480.jpg\",\"contentUrl\":\"https:\/\/luggagehero.com\/wp-content\/uploads\/2018\/02\/Luggage_storage_Grand_Central_terminal-720x480.jpg\"},{\"@type\":\"BreadcrumbList\",\"@id\":\"https:\/\/luggagehero.com\/es\/nueva-york\/grand-central-terminal\/#breadcrumb\",\"itemListElement\":[{\"@type\":\"ListItem\",\"position\":1,\"name\":\"Home\",\"item\":\"https:\/\/luggagehero.com\/es\/\"},{\"@type\":\"ListItem\",\"position\":2,\"name\":\"Nueva York\",\"item\":\"https:\/\/luggagehero.com\/es\/nueva-york\/\"},{\"@type\":\"ListItem\",\"position\":3,\"name\":\"Grand Central Terminal\"}]},{\"@type\":\"WebSite\",\"@id\":\"https:\/\/luggagehero.com\/es\/#website\",\"url\":\"https:\/\/luggagehero.com\/es\/\",\"name\":\"LuggageHero\",\"description\":\"Free yourself from luggage\",\"publisher\":{\"@id\":\"https:\/\/luggagehero.com\/es\/#organization\"},\"potentialAction\":[{\"@type\":\"SearchAction\",\"target\":{\"@type\":\"EntryPoint\",\"urlTemplate\":\"https:\/\/luggagehero.com\/es\/?s={search_term_string}\"},\"query-input\":{\"@type\":\"PropertyValueSpecification\",\"valueRequired\":true,\"valueName\":\"search_term_string\"}}],\"inLanguage\":\"es-ES\"},{\"@type\":\"Organization\",\"@id\":\"https:\/\/luggagehero.com\/es\/#organization\",\"name\":\"LuggageHero\",\"url\":\"https:\/\/luggagehero.com\/es\/\",\"logo\":{\"@type\":\"ImageObject\",\"inLanguage\":\"es-ES\",\"@id\":\"https:\/\/luggagehero.com\/es\/#\/schema\/logo\/image\/\",\"url\":\"https:\/\/luggagehero.com\/wp-content\/uploads\/2017\/04\/luggagehero_LOGO-RGB_kort_POS_200x200.png\",\"contentUrl\":\"https:\/\/luggagehero.com\/wp-content\/uploads\/2017\/04\/luggagehero_LOGO-RGB_kort_POS_200x200.png\",\"width\":200,\"height\":200,\"caption\":\"LuggageHero\"},\"image\":{\"@id\":\"https:\/\/luggagehero.com\/es\/#\/schema\/logo\/image\/\"},\"sameAs\":[\"https:\/\/www.facebook.com\/luggagehero\",\"https:\/\/x.com\/luggagehero\",\"https:\/\/www.instagram.com\/luggagehero\",\"https:\/\/www.linkedin.com\/company\/luggagehero\/\"]}]}<\/script>\n<!-- \/ Yoast SEO Premium plugin. -->","yoast_head_json":{"title":"Consigna de equipaje en Grand Central Terminal 7 d\u00edas a la semana - a partir de 1 $\/hora","description":"Servicio de consigna de equipaje f\u00e1cil, pr\u00e1ctico y econ\u00f3mico cerca de Grand Central Terminal. A partir de 1\u00a0$\/hora. Incluye un seguro de 3.000 $. Se coloca un precinto de seguridad en cada maleta.","robots":{"index":"index","follow":"follow","max-snippet":"max-snippet:-1","max-image-preview":"max-image-preview:large","max-video-preview":"max-video-preview:-1"},"canonical":"https:\/\/luggagehero.com\/es\/nueva-york\/grand-central-terminal\/","og_locale":"es_ES","og_type":"article","og_title":"Grand Central Terminal","og_description":"Servicio de consigna de equipaje f\u00e1cil, pr\u00e1ctico y econ\u00f3mico cerca de Grand Central Terminal. A partir de 1\u00a0$\/hora. Incluye un seguro de 3.000 $. Se coloca un precinto de seguridad en cada maleta.","og_url":"https:\/\/luggagehero.com\/es\/nueva-york\/grand-central-terminal\/","og_site_name":"LuggageHero","article_publisher":"https:\/\/www.facebook.com\/luggagehero","og_image":[{"url":"https:\/\/luggagehero.com\/wp-content\/uploads\/2018\/02\/Luggage_storage_Grand_Central_terminal-720x480.jpg","type":"","width":"","height":""}],"twitter_card":"summary_large_image","twitter_site":"@luggagehero","twitter_misc":{"Est. reading time":"3 minutes"},"schema":{"@context":"https:\/\/schema.org","@graph":[{"@type":"WebPage","@id":"https:\/\/luggagehero.com\/es\/nueva-york\/grand-central-terminal\/","url":"https:\/\/luggagehero.com\/es\/nueva-york\/grand-central-terminal\/","name":"Consigna de equipaje en Grand Central Terminal 7 d\u00edas a la semana - a partir de 1 $\/hora","isPartOf":{"@id":"https:\/\/luggagehero.com\/es\/#website"},"primaryImageOfPage":{"@id":"https:\/\/luggagehero.com\/es\/nueva-york\/grand-central-terminal\/#primaryimage"},"image":{"@id":"https:\/\/luggagehero.com\/es\/nueva-york\/grand-central-terminal\/#primaryimage"},"thumbnailUrl":"https:\/\/luggagehero.com\/wp-content\/uploads\/2018\/02\/Luggage_storage_Grand_Central_terminal-720x480.jpg","datePublished":"2023-09-05T11:42:30+00:00","description":"Servicio de consigna de equipaje f\u00e1cil, pr\u00e1ctico y econ\u00f3mico cerca de Grand Central Terminal. A partir de 1\u00a0$\/hora. Incluye un seguro de 3.000 $. Se coloca un precinto de seguridad en cada maleta.","breadcrumb":{"@id":"https:\/\/luggagehero.com\/es\/nueva-york\/grand-central-terminal\/#breadcrumb"},"inLanguage":"es-ES","potentialAction":[{"@type":"ReadAction","target":["https:\/\/luggagehero.com\/es\/nueva-york\/grand-central-terminal\/"]}]},{"@type":"ImageObject","inLanguage":"es-ES","@id":"https:\/\/luggagehero.com\/es\/nueva-york\/grand-central-terminal\/#primaryimage","url":"https:\/\/luggagehero.com\/wp-content\/uploads\/2018\/02\/Luggage_storage_Grand_Central_terminal-720x480.jpg","contentUrl":"https:\/\/luggagehero.com\/wp-content\/uploads\/2018\/02\/Luggage_storage_Grand_Central_terminal-720x480.jpg"},{"@type":"BreadcrumbList","@id":"https:\/\/luggagehero.com\/es\/nueva-york\/grand-central-terminal\/#breadcrumb","itemListElement":[{"@type":"ListItem","position":1,"name":"Home","item":"https:\/\/luggagehero.com\/es\/"},{"@type":"ListItem","position":2,"name":"Nueva York","item":"https:\/\/luggagehero.com\/es\/nueva-york\/"},{"@type":"ListItem","position":3,"name":"Grand Central Terminal"}]},{"@type":"WebSite","@id":"https:\/\/luggagehero.com\/es\/#website","url":"https:\/\/luggagehero.com\/es\/","name":"LuggageHero","description":"Free yourself from luggage","publisher":{"@id":"https:\/\/luggagehero.com\/es\/#organization"},"potentialAction":[{"@type":"SearchAction","target":{"@type":"EntryPoint","urlTemplate":"https:\/\/luggagehero.com\/es\/?s={search_term_string}"},"query-input":{"@type":"PropertyValueSpecification","valueRequired":true,"valueName":"search_term_string"}}],"inLanguage":"es-ES"},{"@type":"Organization","@id":"https:\/\/luggagehero.com\/es\/#organization","name":"LuggageHero","url":"https:\/\/luggagehero.com\/es\/","logo":{"@type":"ImageObject","inLanguage":"es-ES","@id":"https:\/\/luggagehero.com\/es\/#\/schema\/logo\/image\/","url":"https:\/\/luggagehero.com\/wp-content\/uploads\/2017\/04\/luggagehero_LOGO-RGB_kort_POS_200x200.png","contentUrl":"https:\/\/luggagehero.com\/wp-content\/uploads\/2017\/04\/luggagehero_LOGO-RGB_kort_POS_200x200.png","width":200,"height":200,"caption":"LuggageHero"},"image":{"@id":"https:\/\/luggagehero.com\/es\/#\/schema\/logo\/image\/"},"sameAs":["https:\/\/www.facebook.com\/luggagehero","https:\/\/x.com\/luggagehero","https:\/\/www.instagram.com\/luggagehero","https:\/\/www.linkedin.com\/company\/luggagehero\/"]}]}},"place_id":"","place_latitude_longitude":"40.7527,-73.9772","place_name":"Grand Central Terminal","criteria_title":"","criteria_description":"","meta_title":"","meta_description":"","children_criteria_title":"","children_criteria_description":"","children_meta_title":"","children_meta_description":"","_edit_last":"46","use_global_content":"","poi_type":"","content_raw":"<p style=\"text-align: left;\">\u00bfNecesitas dejar el equipaje cerca de Grand Central Terminal? Deja las cosas en uno de nuestros puntos con consigna de equipaje que hay en los alrededores.<\/p>\r\n<p style=\"text-align: left;\">Grand Central Terminal, tambi\u00e9n conocida como Grand Central Station o simplemente Grand Central, es una gran estaci\u00f3n de enlace y de trenes interurbanos situada en la calle 42 con Park Avenue en Midtown, <a href=\"https:\/\/luggagehero.com\/newyork\/manhattan\/\">Manhattan,<\/a> Nueva York. La estaci\u00f3n permite enlazar con el metro de Nueva York en Grand Central-42nd Street. Grand Central Terminal no ofrece servicio de consigna de equipaje.<\/p>\r\nPoder dejar las maletas en establecimientos locales te permitir\u00e1 explorar <a href=\"https:\/\/luggagehero.com\/newyork\/\">Nueva York<\/a> c\u00f3modamente sin tener que ir cargando las maletas. Podr\u00e1s dejar de planificar los d\u00edas de viaje en funci\u00f3n del equipaje que llevas y convertir los d\u00edas de viaje en d\u00edas de vacaciones.\r\n\r\nCon m\u00b4\u00e1s de 140 LuggageHeroes en Nueva York, tienes motivos m\u00e1s que suficientes para dejar el equipaje y dedicarte a vivir aventuras. Dejar las maletas toda una noche es muy f\u00e1cil.\r\n\r\nTodos nuestros establecimientos los <a href=\"https:\/\/luggagehero.com\/about\/certified-shops\/\">certifica LuggageHero<\/a> y todas las maletas se precintan con nuestro <a href=\"https:\/\/luggagehero.com\/about\/security-seal\/\">precinto de seguridad,<\/a> se asegura cada bulto hasta un importe de [pricing insurancecoverage].\r\n\r\n&nbsp;\r\n\r\n<img class=\" wp-image-1925 aligncenter\" src=\"https:\/\/luggagehero.com\/wp-content\/uploads\/2018\/02\/Luggage_storage_Grand_Central_terminal-720x480.jpg\" alt=\"Grand Central Terminal Nueva York\" width=\"449\" height=\"300\" \/>\r\n<h2><\/h2>\r\n<h2 style=\"text-align: center;\">Grand Central Terminal<\/h2>\r\nGrand Central Terminal est\u00e1 situada en 89 E 42nd Street, Nueva York. Se trata de un lugar de inter\u00e9s de Midtown, <a href=\"https:\/\/luggagehero.com\/newyork\/manhattan\/\">Manhattan,<\/a> famoso en todo el mundo. Y no es solo un hub de transporte, tambi\u00e9n es un destino comercial, gastron\u00f3mico y cultural con 60 tiendas, 35 lugares para comer y un calendario repleto de eventos, todo ello bajo un mismo techo espectacular.\r\n\r\nSi est\u00e1s dispuesto a pasar el d\u00eda en Grand Central Terminal, no es el peor lugar para quedar atrapado con el equipaje.\r\n\r\nSin embargo, teniendo en cuenta que hay m\u00e1s de 140 LuggageHeroes en <a href=\"https:\/\/luggagehero.com\/newyork\/\">Nueva York<\/a>, lo tienes f\u00e1cil para encontrar una ubicaci\u00f3n que se ajuste a tus planes de viaje. Nuestros colaboradores de confianza son establecimientos locales que quieren ayudar a los viajeros y ocuparse de su equipaje mientras salen en busca de aventuras. El equipaje se <a href=\"https:\/\/luggagehero.com\/about\/security-seal\/\">precinta<\/a> y <a href=\"https:\/\/luggagehero.com\/about\/insurance\/\">se asegura<\/a> hasta un importe de [pricing insurancecoverage]. No dudes en sacarle el m\u00e1ximo partido al d\u00eda.\r\n\r\n&nbsp;\r\n\r\n<img class=\"size-full wp-image-3214 aligncenter\" src=\"https:\/\/luggagehero.com\/wp-content\/uploads\/2018\/06\/LuggageHero-and-Lonely-Planet.png\" alt=\"\" \/>\r\n<h4 style=\"text-align: center;\">Por\u00a0<a href=\"https:\/\/www.lonelyplanet.com\/news\/2018\/05\/18\/drop-your-luggage-off-to-be-minded\/\" target=\"_blank\" rel=\"noopener noreferrer\">Lonely Planet<\/a>:<\/h4>\r\n<h3 class=\"rmq-3610c77e rmq-c03c1ac Heading\" data-radium=\"true\" data-reactid=\"43\">Ahora puedes dejar el equipaje para que te lo guarden en tiendas, bares y cafeter\u00edas en toda Nueva York - 140 ubicaciones<\/h3>\r\n<p style=\"text-align: center;\"><em>\u00ab<a href=\"https:\/\/luggagehero.com\/\">LuggageHero<\/a>\u00a0te permite dejar el equipaje en una tienda, cafeter\u00eda u hotel local, lo que a menudo es m\u00e1s pr\u00e1ctico que tener que ir a la consigna de una estaci\u00f3n de tren\u00bb.<\/em><\/p>\r\n&nbsp;","_links":{"self":[{"href":"https:\/\/luggagehero.com\/es\/wp-json\/wp\/v2\/pages\/34552","targetHints":{"allow":["GET"]}}],"collection":[{"href":"https:\/\/luggagehero.com\/es\/wp-json\/wp\/v2\/pages"}],"about":[{"href":"https:\/\/luggagehero.com\/es\/wp-json\/wp\/v2\/types\/page"}],"author":[{"embeddable":true,"href":"https:\/\/luggagehero.com\/es\/wp-json\/wp\/v2\/users\/22"}],"replies":[{"embeddable":true,"href":"https:\/\/luggagehero.com\/es\/wp-json\/wp\/v2\/comments?post=34552"}],"version-history":[{"count":0,"href":"https:\/\/luggagehero.com\/es\/wp-json\/wp\/v2\/pages\/34552\/revisions"}],"up":[{"embeddable":true,"href":"https:\/\/luggagehero.com\/es\/wp-json\/wp\/v2\/pages\/11396"}],"wp:attachment":[{"href":"https:\/\/luggagehero.com\/es\/wp-json\/wp\/v2\/media?parent=34552"}],"curies":[{"name":"wp","href":"https:\/\/api.w.org\/{rel}","templated":true}]}}